{"id":14720,"date":"2025-03-19T15:52:50","date_gmt":"2025-03-19T15:52:50","guid":{"rendered":"https:\/\/osaka.ma\/?post_type=product&#038;p=14720"},"modified":"2026-03-11T13:17:46","modified_gmt":"2026-03-11T12:17:46","slug":"logitech-m170-wireless-mouse-gris","status":"publish","type":"product","link":"https:\/\/osaka.ma\/fr\/product\/logitech-m170-wireless-mouse-gris\/","title":{"rendered":"Logitech M170 Wireless Mouse (Gris)"},"content":{"rendered":"<div class=\"header flex gap justify-between items-center svelte-9k6nhn\">\n<h2 class=\"heading2 brand-title-case svelte-9k6nhn\">Fonctionnalit\u00e9s principales<\/h2>\n<\/div>\n<div class=\"content overflow-y-auto flex-shrink me-1 md:me-3 svelte-9k6nhn\">\n<div class=\"max-width-padding grid gap\">\n<article class=\"w-full flex relative pt-6 grid gap grid-cols-12\">\n<div class=\"details col-span-12 md:col-span-6 flex flex-col gap align-center justify-center\">\n<h3 class=\"heading3 text-20 md:text-28 text-black font-normal\">SANS FIL PR\u00caTE \u00c0 L&#8217;EMPLOI<\/h3>\n<p><img fetchpriority=\"high\" decoding=\"async\" class=\"object-cover col-span-12 md:col-span-6 alignright\" src=\"https:\/\/resource.logitech.com\/w_776,h_437,ar_16:9,c_fill,q_auto,f_auto,dpr_1.0\/d_transparent.gif\/content\/dam\/logitech\/en\/products\/mice\/m171\/m171-feature-2-new.jpg\" srcset=\"https:\/\/resource.logitech.com\/w_776,h_437,ar_16:9,c_fill,q_auto,f_auto,dpr_1.0\/d_transparent.gif\/content\/dam\/logitech\/en\/products\/mice\/m171\/m171-feature-2-new.jpg, https:\/\/resource.logitech.com\/w_776,h_437,ar_16:9,c_fill,q_auto,f_auto,dpr_2.0\/d_transparent.gif\/content\/dam\/logitech\/en\/products\/mice\/m171\/m171-feature-2-new.jpg 2x\" alt=\"\" width=\"506\" height=\"285\" \/><\/p>\n<p class=\"text-14 md:text-18 text-gray-360\">Jusqu&#8217;\u00e0 10 m\u00e8tres de libert\u00e9 sans fil avec un r\u00e9cepteur USB puissant et fiable. finis les d\u00e9lais et les interf\u00e9rences. La souris M170 est compatible avec Windows, macOS, Chrome OS et Linux et fonctionne instantan\u00e9ment lorsque vous branchez le r\u00e9cepteur USB sur votre ordinateur ou ordinateur portable.<\/p>\n<\/div>\n<\/article>\n<\/div>\n<p>&nbsp;<\/p>\n<div class=\"max-width-padding grid gap\">\n<article class=\"w-full flex relative pt-6 grid gap grid-cols-12\">\n<div class=\"details col-span-12 md:col-span-6 flex flex-col gap align-center justify-center\">\n<h3 class=\"heading3 text-20 md:text-28 text-black font-normal\">NAVIGATION FACILE, CONTR\u00d4LE FLUIDE<\/h3>\n<p class=\"text-14 md:text-18 text-gray-360\">Navigation facile gr\u00e2ce au d\u00e9filement par paliers contr\u00f4l\u00e9 et au suivi optique. Le capteur optique vous conf\u00e8re un contr\u00f4le du curseur fluide et pr\u00e9cis sur quasiment n&#8217;importe quelle surface. Cela garantit des mouvements pr\u00e9cis de la souris sans erreurs de clic ennuyeuses.<\/p>\n<\/div>\n<\/article>\n<article class=\"w-full flex relative pt-6 grid gap grid-cols-12\">\n<div class=\"details col-span-12 md:col-span-6 flex flex-col gap align-center justify-center\">\n<h3><\/h3>\n<h3 class=\"heading3 text-20 md:text-28 text-black font-normal\">UNE QUALIT\u00c9 FIABLE<\/h3>\n<p class=\"text-14 md:text-18 text-gray-360\">La souris est con\u00e7ue selon les m\u00eames normes de qualit\u00e9 \u00e9lev\u00e9es qui ont fait de Logitech le leader mondial des souris et des claviers. Durable et fiable, la souris M170 peut fonctionner jusqu\u2019\u00e0 12 mois sans changer les piles gr\u00e2ce \u00e0 un bouton Marche\/Arr\u00eat et un mode d&#8217;\u00e9conomie d&#8217;\u00e9nergie de mise en veille automatique.<\/p>\n<\/div>\n<p><img decoding=\"async\" class=\"object-cover col-span-12 md:col-span-6\" src=\"https:\/\/resource.logitech.com\/w_776,h_437,ar_16:9,c_fill,q_auto,f_auto,dpr_1.0\/d_transparent.gif\/content\/dam\/logitech\/en\/products\/mice\/m171\/m170-black-grey-feature-04.jpg\" srcset=\"https:\/\/resource.logitech.com\/w_776,h_437,ar_16:9,c_fill,q_auto,f_auto,dpr_1.0\/d_transparent.gif\/content\/dam\/logitech\/en\/products\/mice\/m171\/m170-black-grey-feature-04.jpg, https:\/\/resource.logitech.com\/w_776,h_437,ar_16:9,c_fill,q_auto,f_auto,dpr_2.0\/d_transparent.gif\/content\/dam\/logitech\/en\/products\/mice\/m171\/m170-black-grey-feature-04.jpg 2x\" alt=\"\" width=\"519\" height=\"292\" \/><\/article>\n<article class=\"w-full flex relative pt-6 grid gap grid-cols-12\">\n<div class=\"details col-span-12 md:col-span-6 flex flex-col gap align-center justify-center\">\n<h3 class=\"heading3 text-20 md:text-28 text-black font-normal\">MIEUX QU&#8217;UN PAV\u00c9 TACTILE<\/h3>\n<p class=\"text-14 md:text-18 text-gray-360\">L\u2019utilisation d\u2019une souris est plus ergonomique qu\u2019un pav\u00e9 tactile. La forme compacte et la fonctionnalit\u00e9 sans fil vous permettent de travailler confortablement, \u00e0 la maison, au bureau, n\u2019importe o\u00f9.<\/p>\n<\/div>\n<\/article>\n<article class=\"w-full flex relative pt-6 grid gap grid-cols-12\">\n<div class=\"details col-span-12 md:col-span-6 flex flex-col gap align-center justify-center\">\n<h3><\/h3>\n<h3 class=\"heading3 text-20 md:text-28 text-black font-normal\">Des d\u00e9cennies d\u2019excellence en design<\/h3>\n<h3 class=\"heading3 text-20 md:text-28 text-black font-normal\"><img decoding=\"async\" class=\"object-cover col-span-12 md:col-span-6 alignright\" style=\"font-size: 16px;\" src=\"https:\/\/resource.logitech.com\/w_776,h_437,ar_16:9,c_fill,q_auto,f_auto,dpr_1.0\/d_transparent.gif\/content\/dam\/logitech\/en\/products\/mice\/m171\/m170-feature-05.jpg\" srcset=\"https:\/\/resource.logitech.com\/w_776,h_437,ar_16:9,c_fill,q_auto,f_auto,dpr_1.0\/d_transparent.gif\/content\/dam\/logitech\/en\/products\/mice\/m171\/m170-feature-05.jpg, https:\/\/resource.logitech.com\/w_776,h_437,ar_16:9,c_fill,q_auto,f_auto,dpr_2.0\/d_transparent.gif\/content\/dam\/logitech\/en\/products\/mice\/m171\/m170-feature-05.jpg 2x\" alt=\"\" width=\"559\" height=\"315\" \/><\/h3>\n<p class=\"text-14 md:text-18 text-gray-360\">Nous nous appuyons sur plus de 25 ans d&#8217;expertise et d&#8217;innovation en cr\u00e9ant des souris de tailles et de formes diverses qui offrent un confort sup\u00e9rieur. Nos solutions sont con\u00e7ues avec m\u00e9ticulosit\u00e9 pour s&#8217;adapter aux utilisateurs droitiers ou gauchers, ce qui facilite la recherche du produit qui vous convient le mieux.<\/p>\n<\/div>\n<\/article>\n<\/div>\n<\/div>\n","protected":false},"excerpt":{"rendered":"<p>La Logitech M170 Wireless Mouse (Gris) offre la fiabilit\u00e9 d&#8217;une souris filaire avec la libert\u00e9 d&#8217;une connexion sans fil jusqu&#8217;\u00e0 10 m\u00e8tres gr\u00e2ce \u00e0 la technologie 2,4 GHz de Logitech. Simple \u00e0 utiliser, il suffit de brancher le nano-r\u00e9cepteur USB pour l&#8217;utiliser. Avec une autonomie de pile allant jusqu&#8217;\u00e0 12 mois, cette souris garantit une connexion fiable sans temps de latence ni perte de connexion. Sa forme ergonomique s&#8217;adapte confortablement \u00e0 votre main, avec des boutons ambidextres pouvant \u00eatre r\u00e9assign\u00e9s. Fabriqu\u00e9e en plastique recycl\u00e9, elle contribue \u00e0 r\u00e9duire l&#8217;empreinte carbone avec une certification neutre en carbone. Caract\u00e9ristiques principales : connexion sans fil 2,4 GHz, port\u00e9e de 10 m\u00e8tres, autonomie d&#8217;un an, dimensions de 98 x 61 x 35 mm et poids de 75 grammes.<\/p>\n","protected":false},"featured_media":1014721,"template":"","meta":{"_acf_changed":false},"pwb-brand":[],"product_brand":[],"product_cat":[31,32],"product_tag":[],"pcb_component_type":[],"class_list":{"0":"post-14720","1":"product","2":"type-product","3":"status-publish","4":"has-post-thumbnail","6":"product_cat-accessoires","7":"product_cat-souris","9":"first","10":"instock","11":"sale","12":"shipping-taxable","13":"purchasable","14":"product-type-simple"},"translation":{"provider":"WPGlobus","version":"3.0.2","language":"fr","enabled_languages":["en","es","de","fr","ru"],"languages":{"en":{"title":true,"content":true,"excerpt":true},"es":{"title":false,"content":false,"excerpt":false},"de":{"title":false,"content":false,"excerpt":false},"fr":{"title":false,"content":false,"excerpt":false},"ru":{"title":false,"content":false,"excerpt":false}}},"acf":[],"yoast_head":"<!-- This site is optimized with the Yoast SEO plugin v27.2 - https:\/\/yoast.com\/product\/yoast-seo-wordpress\/ -->\n<title>Logitech M170 Wireless Mouse (Gris) - Osaka<\/title>\n<meta name=\"robots\" content=\"index, follow, max-snippet:-1, max-image-preview:large, max-video-preview:-1\" \/>\n<link rel=\"canonical\" href=\"https:\/\/osaka.ma\/fr\/product\/logitech-m170-wireless-mouse-gris\/\" \/>\n<meta property=\"og:locale\" content=\"fr_FR\" \/>\n<meta property=\"og:type\" content=\"article\" \/>\n<meta property=\"og:title\" content=\"Logitech M170 Wireless Mouse (Gris) - Osaka\" \/>\n<meta property=\"og:url\" content=\"https:\/\/osaka.ma\/fr\/product\/logitech-m170-wireless-mouse-gris\/\" \/>\n<meta property=\"og:site_name\" content=\"Osaka\" \/>\n<meta property=\"article:modified_time\" content=\"2026-03-11T12:17:46+00:00\" \/>\n<meta property=\"og:image\" content=\"https:\/\/osaka.ma\/wp-content\/uploads\/2025\/03\/logitech-m170-wireless-mouse-gris.jpg\" \/>\n\t<meta property=\"og:image:width\" content=\"600\" \/>\n\t<meta property=\"og:image:height\" content=\"600\" \/>\n\t<meta property=\"og:image:type\" content=\"image\/jpeg\" \/>\n<meta name=\"twitter:card\" content=\"summary_large_image\" \/>\n<meta name=\"twitter:label1\" content=\"Dur\u00e9e de lecture estim\u00e9e\" \/>\n\t<meta name=\"twitter:data1\" content=\"2 minutes\" \/>\n<script type=\"application\/ld+json\" class=\"yoast-schema-graph\">{\"@context\":\"https:\/\/schema.org\",\"@graph\":[{\"@type\":\"WebPage\",\"@id\":\"https:\/\/osaka.ma\/fr\/product\/logitech-m170-wireless-mouse-gris\/\",\"url\":\"https:\/\/osaka.ma\/fr\/product\/logitech-m170-wireless-mouse-gris\/\",\"name\":\"Logitech M170 Wireless Mouse (Gris) - Osaka\",\"isPartOf\":{\"@id\":\"https:\/\/osaka.ma\/#website\"},\"primaryImageOfPage\":{\"@id\":\"https:\/\/osaka.ma\/fr\/product\/logitech-m170-wireless-mouse-gris\/#primaryimage\"},\"image\":{\"@id\":\"https:\/\/osaka.ma\/fr\/product\/logitech-m170-wireless-mouse-gris\/#primaryimage\"},\"thumbnailUrl\":\"https:\/\/osaka.ma\/wp-content\/uploads\/2025\/03\/logitech-m170-wireless-mouse-gris.jpg\",\"datePublished\":\"2025-03-19T15:52:50+00:00\",\"dateModified\":\"2026-03-11T12:17:46+00:00\",\"breadcrumb\":{\"@id\":\"https:\/\/osaka.ma\/fr\/product\/logitech-m170-wireless-mouse-gris\/#breadcrumb\"},\"inLanguage\":\"fr-FR\",\"potentialAction\":[{\"@type\":\"ReadAction\",\"target\":[\"https:\/\/osaka.ma\/fr\/product\/logitech-m170-wireless-mouse-gris\/\"]}]},{\"@type\":\"ImageObject\",\"inLanguage\":\"fr-FR\",\"@id\":\"https:\/\/osaka.ma\/fr\/product\/logitech-m170-wireless-mouse-gris\/#primaryimage\",\"url\":\"https:\/\/osaka.ma\/wp-content\/uploads\/2025\/03\/logitech-m170-wireless-mouse-gris.jpg\",\"contentUrl\":\"https:\/\/osaka.ma\/wp-content\/uploads\/2025\/03\/logitech-m170-wireless-mouse-gris.jpg\",\"width\":600,\"height\":600},{\"@type\":\"BreadcrumbList\",\"@id\":\"https:\/\/osaka.ma\/fr\/product\/logitech-m170-wireless-mouse-gris\/#breadcrumb\",\"itemListElement\":[{\"@type\":\"ListItem\",\"position\":1,\"name\":\"Home\",\"item\":\"https:\/\/osaka.ma\/\"},{\"@type\":\"ListItem\",\"position\":2,\"name\":\"Shop\",\"item\":\"https:\/\/osaka.ma\/shop-2\/\"},{\"@type\":\"ListItem\",\"position\":3,\"name\":\"Logitech M170 Wireless Mouse (Gris)\"}]},{\"@type\":\"WebSite\",\"@id\":\"https:\/\/osaka.ma\/#website\",\"url\":\"https:\/\/osaka.ma\/\",\"name\":\"Osaka\",\"description\":\"\",\"publisher\":{\"@id\":\"https:\/\/osaka.ma\/#organization\"},\"potentialAction\":[{\"@type\":\"SearchAction\",\"target\":{\"@type\":\"EntryPoint\",\"urlTemplate\":\"https:\/\/osaka.ma\/?s={search_term_string}\"},\"query-input\":{\"@type\":\"PropertyValueSpecification\",\"valueRequired\":true,\"valueName\":\"search_term_string\"}}],\"inLanguage\":\"fr-FR\"},{\"@type\":\"Organization\",\"@id\":\"https:\/\/osaka.ma\/#organization\",\"name\":\"Osaka\",\"url\":\"https:\/\/osaka.ma\/\",\"logo\":{\"@type\":\"ImageObject\",\"inLanguage\":\"fr-FR\",\"@id\":\"https:\/\/osaka.ma\/#\/schema\/logo\/image\/\",\"url\":\"https:\/\/osaka.ma\/wp-content\/uploads\/2026\/01\/model-slogan-logo-2Plan-de-travail-1dksl-plus-finnn.png\",\"contentUrl\":\"https:\/\/osaka.ma\/wp-content\/uploads\/2026\/01\/model-slogan-logo-2Plan-de-travail-1dksl-plus-finnn.png\",\"width\":842,\"height\":226,\"caption\":\"Osaka\"},\"image\":{\"@id\":\"https:\/\/osaka.ma\/#\/schema\/logo\/image\/\"}}]}<\/script>\n<!-- \/ Yoast SEO plugin. -->","yoast_head_json":{"title":"Logitech M170 Wireless Mouse (Gris) - Osaka","robots":{"index":"index","follow":"follow","max-snippet":"max-snippet:-1","max-image-preview":"max-image-preview:large","max-video-preview":"max-video-preview:-1"},"canonical":"https:\/\/osaka.ma\/fr\/product\/logitech-m170-wireless-mouse-gris\/","og_locale":"fr_FR","og_type":"article","og_title":"Logitech M170 Wireless Mouse (Gris) - Osaka","og_url":"https:\/\/osaka.ma\/fr\/product\/logitech-m170-wireless-mouse-gris\/","og_site_name":"Osaka","article_modified_time":"2026-03-11T12:17:46+00:00","og_image":[{"width":600,"height":600,"url":"https:\/\/osaka.ma\/wp-content\/uploads\/2025\/03\/logitech-m170-wireless-mouse-gris.jpg","type":"image\/jpeg"}],"twitter_card":"summary_large_image","twitter_misc":{"Dur\u00e9e de lecture estim\u00e9e":"2 minutes"},"schema":{"@context":"https:\/\/schema.org","@graph":[{"@type":"WebPage","@id":"https:\/\/osaka.ma\/fr\/product\/logitech-m170-wireless-mouse-gris\/","url":"https:\/\/osaka.ma\/fr\/product\/logitech-m170-wireless-mouse-gris\/","name":"Logitech M170 Wireless Mouse (Gris) - Osaka","isPartOf":{"@id":"https:\/\/osaka.ma\/#website"},"primaryImageOfPage":{"@id":"https:\/\/osaka.ma\/fr\/product\/logitech-m170-wireless-mouse-gris\/#primaryimage"},"image":{"@id":"https:\/\/osaka.ma\/fr\/product\/logitech-m170-wireless-mouse-gris\/#primaryimage"},"thumbnailUrl":"https:\/\/osaka.ma\/wp-content\/uploads\/2025\/03\/logitech-m170-wireless-mouse-gris.jpg","datePublished":"2025-03-19T15:52:50+00:00","dateModified":"2026-03-11T12:17:46+00:00","breadcrumb":{"@id":"https:\/\/osaka.ma\/fr\/product\/logitech-m170-wireless-mouse-gris\/#breadcrumb"},"inLanguage":"fr-FR","potentialAction":[{"@type":"ReadAction","target":["https:\/\/osaka.ma\/fr\/product\/logitech-m170-wireless-mouse-gris\/"]}]},{"@type":"ImageObject","inLanguage":"fr-FR","@id":"https:\/\/osaka.ma\/fr\/product\/logitech-m170-wireless-mouse-gris\/#primaryimage","url":"https:\/\/osaka.ma\/wp-content\/uploads\/2025\/03\/logitech-m170-wireless-mouse-gris.jpg","contentUrl":"https:\/\/osaka.ma\/wp-content\/uploads\/2025\/03\/logitech-m170-wireless-mouse-gris.jpg","width":600,"height":600},{"@type":"BreadcrumbList","@id":"https:\/\/osaka.ma\/fr\/product\/logitech-m170-wireless-mouse-gris\/#breadcrumb","itemListElement":[{"@type":"ListItem","position":1,"name":"Home","item":"https:\/\/osaka.ma\/"},{"@type":"ListItem","position":2,"name":"Shop","item":"https:\/\/osaka.ma\/shop-2\/"},{"@type":"ListItem","position":3,"name":"Logitech M170 Wireless Mouse (Gris)"}]},{"@type":"WebSite","@id":"https:\/\/osaka.ma\/#website","url":"https:\/\/osaka.ma\/","name":"Osaka","description":"","publisher":{"@id":"https:\/\/osaka.ma\/#organization"},"potentialAction":[{"@type":"SearchAction","target":{"@type":"EntryPoint","urlTemplate":"https:\/\/osaka.ma\/?s={search_term_string}"},"query-input":{"@type":"PropertyValueSpecification","valueRequired":true,"valueName":"search_term_string"}}],"inLanguage":"fr-FR"},{"@type":"Organization","@id":"https:\/\/osaka.ma\/#organization","name":"Osaka","url":"https:\/\/osaka.ma\/","logo":{"@type":"ImageObject","inLanguage":"fr-FR","@id":"https:\/\/osaka.ma\/#\/schema\/logo\/image\/","url":"https:\/\/osaka.ma\/wp-content\/uploads\/2026\/01\/model-slogan-logo-2Plan-de-travail-1dksl-plus-finnn.png","contentUrl":"https:\/\/osaka.ma\/wp-content\/uploads\/2026\/01\/model-slogan-logo-2Plan-de-travail-1dksl-plus-finnn.png","width":842,"height":226,"caption":"Osaka"},"image":{"@id":"https:\/\/osaka.ma\/#\/schema\/logo\/image\/"}}]}},"jetpack_sharing_enabled":true,"brands":[],"_links":{"self":[{"href":"https:\/\/osaka.ma\/fr\/wp-json\/wp\/v2\/product\/14720","targetHints":{"allow":["GET"]}}],"collection":[{"href":"https:\/\/osaka.ma\/fr\/wp-json\/wp\/v2\/product"}],"about":[{"href":"https:\/\/osaka.ma\/fr\/wp-json\/wp\/v2\/types\/product"}],"version-history":[{"count":0,"href":"https:\/\/osaka.ma\/fr\/wp-json\/wp\/v2\/product\/14720\/revisions"}],"wp:featuredmedia":[{"embeddable":true,"href":"https:\/\/osaka.ma\/fr\/wp-json\/wp\/v2\/media\/1014721"}],"wp:attachment":[{"href":"https:\/\/osaka.ma\/fr\/wp-json\/wp\/v2\/media?parent=14720"}],"wp:term":[{"taxonomy":"pwb-brand","embeddable":true,"href":"https:\/\/osaka.ma\/fr\/wp-json\/wp\/v2\/pwb-brand?post=14720"},{"taxonomy":"product_brand","embeddable":true,"href":"https:\/\/osaka.ma\/fr\/wp-json\/wp\/v2\/product_brand?post=14720"},{"taxonomy":"product_cat","embeddable":true,"href":"https:\/\/osaka.ma\/fr\/wp-json\/wp\/v2\/product_cat?post=14720"},{"taxonomy":"product_tag","embeddable":true,"href":"https:\/\/osaka.ma\/fr\/wp-json\/wp\/v2\/product_tag?post=14720"},{"taxonomy":"pcb_component_type","embeddable":true,"href":"https:\/\/osaka.ma\/fr\/wp-json\/wp\/v2\/pcb_component_type?post=14720"}],"curies":[{"name":"wp","href":"https:\/\/api.w.org\/{rel}","templated":true}]}}