{"id":14965,"date":"2025-03-24T12:09:02","date_gmt":"2025-03-24T12:09:02","guid":{"rendered":"https:\/\/osaka.ma\/?post_type=product&#038;p=14965"},"modified":"2025-10-08T00:29:01","modified_gmt":"2025-10-07T23:29:01","slug":"western-digital-1-to-disque-dur-2-5","status":"publish","type":"product","link":"https:\/\/osaka.ma\/fr\/product\/western-digital-1-to-disque-dur-2-5\/","title":{"rendered":"Western Digital 1 To Disque dur 2.5&#8243;"},"content":{"rendered":"<div class=\"logo\"><a href=\"https:\/\/www.ldlc.com\/western-digital\/bint000001076\/\" rel=\"nofollow noopener\" target=\"_blank\"><img decoding=\"async\" class=\"aligncenter\" src=\"https:\/\/media.ldlc.com\/v3\/marque\/bo\/00\/05\/25\/30\/V30005253055_2.jpg\" alt=\"Western Digital\" \/><\/a><\/div>\n<div id=\"description\" class=\"description\">\n<div class=\"details-pdt-desc\">\n<h2 class=\"h2-master\">Grande capacit\u00e9 de stockage pour PC portable<\/h2>\n<section>Conformes aux plus hauts standards de qualit\u00e9 et de fiabilit\u00e9 de WD, les disques durs mobiles<strong>\u00a0WD\u00a0Blue<\/strong>\u00a0offrent les fonctionnalit\u00e9s id\u00e9ales pour vos besoins quotidiens.\u00a0Con\u00e7u et fabriqu\u00e9 avec des technologies exclusives aux disques durs mobiles et de bureau WD, prim\u00e9s pour leurs performances.\u00a0Disponible dans un large choix de capacit\u00e9s, de tailles de cache, de formats et d&#8217;interfaces d&#8217;entr\u00e9e de gamme.Nous avons test\u00e9 des centaines de syst\u00e8mes, de configurations ainsi qu&#8217;une multitude de plateformes pour prouver \u00e0 nos clients qu&#8217;ils peuvent avoir confiance en nos disques.<\/section>\n<section>\n<div class=\"desc-image\"><img decoding=\"async\" src=\"https:\/\/media.ldlc.com\/bo\/images\/fiches\/Disque_dur_interne\/WD\/blue%20ssdh\/stockage.jpg\" alt=\"\" \/><\/div>\n<div class=\"desc-text\">\n<h2>Capacit\u00e9 id\u00e9ale pour PC portable<\/h2>\n<p>En int\u00e9grant la capacit\u00e9 la plus \u00e9lev\u00e9e possible dans l&#8217;espace le plus r\u00e9duit, les disques durs mobiles WD\u00a0Blue procurent une capacit\u00e9 optimale \u00e0 votre ordinateur portable.\u00a0Le stockage WD Blue est test\u00e9 et recommand\u00e9 pour une utilisation avec des ordinateurs portables, des bo\u00eetiers externes et certaines applications industrielles.<\/p>\n<\/div>\n<\/section>\n<section>\n<div class=\"desc-text\">\n<h2>Conception de pointe<\/h2>\n<p>Con\u00e7u avec des mat\u00e9riaux aluminium r\u00e9sistants et un axe de moteur s\u00e9curis\u00e9 performant qui accro\u00eet de 30\u00a0% la robustesse du lecteur. Ces fonctionnalit\u00e9s permettent de compter sur une structure plus rigide, sans diminuer les performances ni augmenter la consommation \u00e9lectrique.\u00a0WD teste intensivement ses produits avec les protocoles F.I.T. (Functional Integrity Testing) avant de les lancer sur le march\u00e9.<\/p>\n<\/div>\n<\/section>\n<\/div>\n<\/div>\n","protected":false},"excerpt":{"rendered":"<p class=\"desc\">Conformes aux plus hauts standards de qualit\u00e9 et de fiabilit\u00e9 de WD, les disques durs mobiles WD\u00a0Blue offrent les fonctionnalit\u00e9s id\u00e9ales pour vos besoins quotidiens.\u00a0Con\u00e7u et fabriqu\u00e9 avec des technologies exclusives aux disques durs mobiles et de bureau WD, prim\u00e9s pour leurs performances.<\/p>\n<ul>\n<li>Disque dur 2.5&#8243; 1 To 7 mm 5400 RPM 128 Mo Serial ATA III 6 Gb\/s<\/li>\n<li>OCCASION<\/li>\n<li>\u00a0ETAT\u00a0 \u00a0100%<\/li>\n<\/ul>\n<div class=\"bloc-variants\">\n<div class=\"variant\"><\/div>\n<\/div>\n","protected":false},"featured_media":1014974,"template":"","meta":{"_acf_changed":false},"pwb-brand":[],"product_brand":[],"product_cat":[17,103],"product_tag":[],"pcb_component_type":[],"class_list":{"0":"post-14965","1":"product","2":"type-product","3":"status-publish","4":"has-post-thumbnail","6":"product_cat-composants-gaming","7":"product_cat-disque-dur-hdd","9":"first","10":"outofstock","11":"shipping-taxable","12":"product-type-simple"},"translation":{"provider":"WPGlobus","version":"3.0.2","language":"fr","enabled_languages":["en","es","de","fr","ru"],"languages":{"en":{"title":true,"content":true,"excerpt":true},"es":{"title":false,"content":false,"excerpt":false},"de":{"title":false,"content":false,"excerpt":false},"fr":{"title":false,"content":false,"excerpt":false},"ru":{"title":false,"content":false,"excerpt":false}}},"acf":[],"yoast_head":"<!-- This site is optimized with the Yoast SEO plugin v27.2 - https:\/\/yoast.com\/product\/yoast-seo-wordpress\/ -->\n<title>Western Digital 1 To Disque dur 2.5&quot; - Osaka<\/title>\n<meta name=\"robots\" content=\"index, follow, max-snippet:-1, max-image-preview:large, max-video-preview:-1\" \/>\n<link rel=\"canonical\" href=\"https:\/\/osaka.ma\/product\/western-digital-1-to-disque-dur-2-5\/\" \/>\n<meta property=\"og:locale\" content=\"fr_FR\" \/>\n<meta property=\"og:type\" content=\"article\" \/>\n<meta property=\"og:title\" content=\"Western Digital 1 To Disque dur 2.5&quot; - Osaka\" \/>\n<meta property=\"og:url\" content=\"https:\/\/osaka.ma\/product\/western-digital-1-to-disque-dur-2-5\/\" \/>\n<meta property=\"og:site_name\" content=\"Osaka\" \/>\n<meta property=\"article:modified_time\" content=\"2025-10-07T23:29:01+00:00\" \/>\n<meta property=\"og:image\" content=\"https:\/\/osaka.ma\/wp-content\/uploads\/2025\/03\/s-l400.jpg\" \/>\n\t<meta property=\"og:image:width\" content=\"400\" \/>\n\t<meta property=\"og:image:height\" content=\"400\" \/>\n\t<meta property=\"og:image:type\" content=\"image\/jpeg\" \/>\n<meta name=\"twitter:card\" content=\"summary_large_image\" \/>\n<meta name=\"twitter:label1\" content=\"Dur\u00e9e de lecture estim\u00e9e\" \/>\n\t<meta name=\"twitter:data1\" content=\"2 minutes\" \/>\n<script type=\"application\/ld+json\" class=\"yoast-schema-graph\">{\"@context\":\"https:\/\/schema.org\",\"@graph\":[{\"@type\":\"WebPage\",\"@id\":\"https:\/\/osaka.ma\/product\/western-digital-1-to-disque-dur-2-5\/\",\"url\":\"https:\/\/osaka.ma\/product\/western-digital-1-to-disque-dur-2-5\/\",\"name\":\"Western Digital 1 To Disque dur 2.5\\\" - Osaka\",\"isPartOf\":{\"@id\":\"https:\/\/osaka.ma\/#website\"},\"primaryImageOfPage\":{\"@id\":\"https:\/\/osaka.ma\/product\/western-digital-1-to-disque-dur-2-5\/#primaryimage\"},\"image\":{\"@id\":\"https:\/\/osaka.ma\/product\/western-digital-1-to-disque-dur-2-5\/#primaryimage\"},\"thumbnailUrl\":\"https:\/\/osaka.ma\/wp-content\/uploads\/2025\/03\/s-l400.jpg\",\"datePublished\":\"2025-03-24T12:09:02+00:00\",\"dateModified\":\"2025-10-07T23:29:01+00:00\",\"breadcrumb\":{\"@id\":\"https:\/\/osaka.ma\/product\/western-digital-1-to-disque-dur-2-5\/#breadcrumb\"},\"inLanguage\":\"fr-FR\",\"potentialAction\":[{\"@type\":\"ReadAction\",\"target\":[\"https:\/\/osaka.ma\/product\/western-digital-1-to-disque-dur-2-5\/\"]}]},{\"@type\":\"ImageObject\",\"inLanguage\":\"fr-FR\",\"@id\":\"https:\/\/osaka.ma\/product\/western-digital-1-to-disque-dur-2-5\/#primaryimage\",\"url\":\"https:\/\/osaka.ma\/wp-content\/uploads\/2025\/03\/s-l400.jpg\",\"contentUrl\":\"https:\/\/osaka.ma\/wp-content\/uploads\/2025\/03\/s-l400.jpg\",\"width\":400,\"height\":400},{\"@type\":\"BreadcrumbList\",\"@id\":\"https:\/\/osaka.ma\/product\/western-digital-1-to-disque-dur-2-5\/#breadcrumb\",\"itemListElement\":[{\"@type\":\"ListItem\",\"position\":1,\"name\":\"Home\",\"item\":\"https:\/\/osaka.ma\/\"},{\"@type\":\"ListItem\",\"position\":2,\"name\":\"Shop\",\"item\":\"https:\/\/osaka.ma\/shop-2\/\"},{\"@type\":\"ListItem\",\"position\":3,\"name\":\"Western Digital 1 To Disque dur 2.5&#8243;\"}]},{\"@type\":\"WebSite\",\"@id\":\"https:\/\/osaka.ma\/#website\",\"url\":\"https:\/\/osaka.ma\/\",\"name\":\"Osaka\",\"description\":\"\",\"publisher\":{\"@id\":\"https:\/\/osaka.ma\/#organization\"},\"potentialAction\":[{\"@type\":\"SearchAction\",\"target\":{\"@type\":\"EntryPoint\",\"urlTemplate\":\"https:\/\/osaka.ma\/?s={search_term_string}\"},\"query-input\":{\"@type\":\"PropertyValueSpecification\",\"valueRequired\":true,\"valueName\":\"search_term_string\"}}],\"inLanguage\":\"fr-FR\"},{\"@type\":\"Organization\",\"@id\":\"https:\/\/osaka.ma\/#organization\",\"name\":\"Osaka\",\"url\":\"https:\/\/osaka.ma\/\",\"logo\":{\"@type\":\"ImageObject\",\"inLanguage\":\"fr-FR\",\"@id\":\"https:\/\/osaka.ma\/#\/schema\/logo\/image\/\",\"url\":\"https:\/\/osaka.ma\/wp-content\/uploads\/2026\/01\/model-slogan-logo-2Plan-de-travail-1dksl-plus-finnn.png\",\"contentUrl\":\"https:\/\/osaka.ma\/wp-content\/uploads\/2026\/01\/model-slogan-logo-2Plan-de-travail-1dksl-plus-finnn.png\",\"width\":842,\"height\":226,\"caption\":\"Osaka\"},\"image\":{\"@id\":\"https:\/\/osaka.ma\/#\/schema\/logo\/image\/\"}}]}<\/script>\n<!-- \/ Yoast SEO plugin. -->","yoast_head_json":{"title":"Western Digital 1 To Disque dur 2.5\" - Osaka","robots":{"index":"index","follow":"follow","max-snippet":"max-snippet:-1","max-image-preview":"max-image-preview:large","max-video-preview":"max-video-preview:-1"},"canonical":"https:\/\/osaka.ma\/product\/western-digital-1-to-disque-dur-2-5\/","og_locale":"fr_FR","og_type":"article","og_title":"Western Digital 1 To Disque dur 2.5\" - Osaka","og_url":"https:\/\/osaka.ma\/product\/western-digital-1-to-disque-dur-2-5\/","og_site_name":"Osaka","article_modified_time":"2025-10-07T23:29:01+00:00","og_image":[{"width":400,"height":400,"url":"https:\/\/osaka.ma\/wp-content\/uploads\/2025\/03\/s-l400.jpg","type":"image\/jpeg"}],"twitter_card":"summary_large_image","twitter_misc":{"Dur\u00e9e de lecture estim\u00e9e":"2 minutes"},"schema":{"@context":"https:\/\/schema.org","@graph":[{"@type":"WebPage","@id":"https:\/\/osaka.ma\/product\/western-digital-1-to-disque-dur-2-5\/","url":"https:\/\/osaka.ma\/product\/western-digital-1-to-disque-dur-2-5\/","name":"Western Digital 1 To Disque dur 2.5\" - Osaka","isPartOf":{"@id":"https:\/\/osaka.ma\/#website"},"primaryImageOfPage":{"@id":"https:\/\/osaka.ma\/product\/western-digital-1-to-disque-dur-2-5\/#primaryimage"},"image":{"@id":"https:\/\/osaka.ma\/product\/western-digital-1-to-disque-dur-2-5\/#primaryimage"},"thumbnailUrl":"https:\/\/osaka.ma\/wp-content\/uploads\/2025\/03\/s-l400.jpg","datePublished":"2025-03-24T12:09:02+00:00","dateModified":"2025-10-07T23:29:01+00:00","breadcrumb":{"@id":"https:\/\/osaka.ma\/product\/western-digital-1-to-disque-dur-2-5\/#breadcrumb"},"inLanguage":"fr-FR","potentialAction":[{"@type":"ReadAction","target":["https:\/\/osaka.ma\/product\/western-digital-1-to-disque-dur-2-5\/"]}]},{"@type":"ImageObject","inLanguage":"fr-FR","@id":"https:\/\/osaka.ma\/product\/western-digital-1-to-disque-dur-2-5\/#primaryimage","url":"https:\/\/osaka.ma\/wp-content\/uploads\/2025\/03\/s-l400.jpg","contentUrl":"https:\/\/osaka.ma\/wp-content\/uploads\/2025\/03\/s-l400.jpg","width":400,"height":400},{"@type":"BreadcrumbList","@id":"https:\/\/osaka.ma\/product\/western-digital-1-to-disque-dur-2-5\/#breadcrumb","itemListElement":[{"@type":"ListItem","position":1,"name":"Home","item":"https:\/\/osaka.ma\/"},{"@type":"ListItem","position":2,"name":"Shop","item":"https:\/\/osaka.ma\/shop-2\/"},{"@type":"ListItem","position":3,"name":"Western Digital 1 To Disque dur 2.5&#8243;"}]},{"@type":"WebSite","@id":"https:\/\/osaka.ma\/#website","url":"https:\/\/osaka.ma\/","name":"Osaka","description":"","publisher":{"@id":"https:\/\/osaka.ma\/#organization"},"potentialAction":[{"@type":"SearchAction","target":{"@type":"EntryPoint","urlTemplate":"https:\/\/osaka.ma\/?s={search_term_string}"},"query-input":{"@type":"PropertyValueSpecification","valueRequired":true,"valueName":"search_term_string"}}],"inLanguage":"fr-FR"},{"@type":"Organization","@id":"https:\/\/osaka.ma\/#organization","name":"Osaka","url":"https:\/\/osaka.ma\/","logo":{"@type":"ImageObject","inLanguage":"fr-FR","@id":"https:\/\/osaka.ma\/#\/schema\/logo\/image\/","url":"https:\/\/osaka.ma\/wp-content\/uploads\/2026\/01\/model-slogan-logo-2Plan-de-travail-1dksl-plus-finnn.png","contentUrl":"https:\/\/osaka.ma\/wp-content\/uploads\/2026\/01\/model-slogan-logo-2Plan-de-travail-1dksl-plus-finnn.png","width":842,"height":226,"caption":"Osaka"},"image":{"@id":"https:\/\/osaka.ma\/#\/schema\/logo\/image\/"}}]}},"jetpack_sharing_enabled":true,"brands":[],"_links":{"self":[{"href":"https:\/\/osaka.ma\/fr\/wp-json\/wp\/v2\/product\/14965","targetHints":{"allow":["GET"]}}],"collection":[{"href":"https:\/\/osaka.ma\/fr\/wp-json\/wp\/v2\/product"}],"about":[{"href":"https:\/\/osaka.ma\/fr\/wp-json\/wp\/v2\/types\/product"}],"version-history":[{"count":0,"href":"https:\/\/osaka.ma\/fr\/wp-json\/wp\/v2\/product\/14965\/revisions"}],"wp:featuredmedia":[{"embeddable":true,"href":"https:\/\/osaka.ma\/fr\/wp-json\/wp\/v2\/media\/1014974"}],"wp:attachment":[{"href":"https:\/\/osaka.ma\/fr\/wp-json\/wp\/v2\/media?parent=14965"}],"wp:term":[{"taxonomy":"pwb-brand","embeddable":true,"href":"https:\/\/osaka.ma\/fr\/wp-json\/wp\/v2\/pwb-brand?post=14965"},{"taxonomy":"product_brand","embeddable":true,"href":"https:\/\/osaka.ma\/fr\/wp-json\/wp\/v2\/product_brand?post=14965"},{"taxonomy":"product_cat","embeddable":true,"href":"https:\/\/osaka.ma\/fr\/wp-json\/wp\/v2\/product_cat?post=14965"},{"taxonomy":"product_tag","embeddable":true,"href":"https:\/\/osaka.ma\/fr\/wp-json\/wp\/v2\/product_tag?post=14965"},{"taxonomy":"pcb_component_type","embeddable":true,"href":"https:\/\/osaka.ma\/fr\/wp-json\/wp\/v2\/pcb_component_type?post=14965"}],"curies":[{"name":"wp","href":"https:\/\/api.w.org\/{rel}","templated":true}]}}