{"id":16372,"date":"2025-06-02T13:20:18","date_gmt":"2025-06-02T13:20:18","guid":{"rendered":"https:\/\/osaka.ma\/?post_type=product&#038;p=16372"},"modified":"2026-03-25T15:59:38","modified_gmt":"2026-03-25T14:59:38","slug":"powercolor-radeon-rx-9070-xt-16gb-gddr6","status":"publish","type":"product","link":"https:\/\/osaka.ma\/fr\/product\/powercolor-radeon-rx-9070-xt-16gb-gddr6\/","title":{"rendered":"PowerColor Radeon RX 9070 XT \u2013 16GB GDDR6"},"content":{"rendered":"<div class=\"logo\"><a href=\"https:\/\/www.ldlc.com\/informatique\/pieces-informatique\/carte-graphique-interne\/c4684\/+fb-C000001149.html\" rel=\"nofollow noopener\" target=\"_blank\"><img decoding=\"async\" src=\"https:\/\/media.ldlc.com\/v3\/marque\/bo\/00\/05\/97\/05\/V30005970535.jpg\" alt=\"PowerColor\" \/><\/a><\/div>\n<div id=\"description\" class=\"description\">\n<div class=\"details-pdt-desc\">\n<h2 class=\"h2-master\">Vitesse. Performances. Fluidit\u00e9.<\/h2>\n<section>Jouez chaque coup \u00e0 fond et prenez un avantage d\u00e9terminant sur vos adversaires avec la\u00a0<strong>carte graphique PowerColor Reaper AMD Radeon RX 9070 XT 16GB<\/strong>. Bas\u00e9es sur la\u00a0<strong>nouvelle architecture AMD RDNA 4<\/strong>\u00a0qui<strong>\u00a0int\u00e8gre l&#8217;IA<\/strong>\u00a0et par\u00e9es des<strong>\u00a0technologies de pointe<\/strong>, les\u00a0<strong>cartes graphiques gaming AMD Radeon S\u00e9ries 9000<\/strong>\u00a0vous offrent<strong>\u00a0la vitesse et les performances\u00a0<\/strong>dont vous avez besoin pour\u00a0<strong>jouer en haute r\u00e9solution de mani\u00e8re ultra-fluide<\/strong>.<\/section>\n<section>\n<div class=\"desc-image\"><img decoding=\"async\" src=\"https:\/\/media.ldlc.com\/bo\/images\/fiches\/Carte_graphique\/Powercolor\/powercolor_rx_9000_reaper_001.jpg\" alt=\"\" \/><\/div>\n<div class=\"desc-text\">\n<h2>PowerColor Reaper AMD Radeon RX 9070 XT 16GB<\/h2>\n<ul>\n<li>Architecture\u00a0<strong>AMD RDNA 4\u00a0<\/strong>avec\u00a0<strong>ray tracing<\/strong>\u00a0mat\u00e9riel de 3\u00e8me g\u00e9n\u00e9ration et\u00a0<strong>IA\u00a0<\/strong>de 2nd g\u00e9n\u00e9ration<\/li>\n<li>Technologie\u00a0<strong>AMD Radeon\u00a0Anti-Lag 2<\/strong>\u00a0pour des jeux fluides et sans latences<\/li>\n<li><strong>3 ventilateurs 90 mm Ring-Fan<\/strong>\u00a0(Dual Ball Bearings)<\/li>\n<li><strong>Fonctionnement silencieux avec coupure des ventilateurs<\/strong>\u00a0lorsque la temp\u00e9rature du GPU est inf\u00e9rieure \u00e0 50\u00b0C<\/li>\n<li><strong>Backplate m\u00e9tal<\/strong>\u00a0pour rigidifier la carte et \u00e9viter les torsions<\/li>\n<\/ul>\n<\/div>\n<\/section>\n<section>\n<div class=\"desc-text\">\n<h2>Gaming Ultra-rapide<\/h2>\n<p>Les cartes graphiques\u00a0<strong>AMD Radeon RX 9000\u00a0<\/strong>combinent rapidit\u00e9, performances et graphismes exceptionnels pour garantir des jeux fluides et une exp\u00e9rience gaming immersive.\u00a0Les\u00a0<strong>cartes graphiques ultra-rapides Radeon RX S\u00e9rie 9000\u00a0<\/strong>sont bas\u00e9es sur des\u00a0<strong>unit\u00e9s de calcul AMD RDNA 4 unifi\u00e9es<\/strong>, dot\u00e9es de\u00a0<strong>capacit\u00e9s de raytracing am\u00e9lior\u00e9es<\/strong>, qui offrent une exp\u00e9rience ultra-immersive pour toutes les r\u00e9solutions de jeu principales. Activez\u00a0<strong>AMD HYPR-RX\u00a0<\/strong>pour profiter instantan\u00e9ment de toutes les technologies prises en charge pour l&#8217;optimisation des performances et la r\u00e9duction de la latence sur des milliers de jeux que vous adorez. Profitez d&#8217;un\u00a0<strong>upscaling de haute qualit\u00e9 et bas\u00e9 sur l&#8217;IA\u00a0<\/strong>avec\u00a0<strong>AMD FidelityFX Super Resolution 4<\/strong>, pour un gaming immersif aujourd&#8217;hui et pendant longtemps.<\/p>\n<\/div>\n<div class=\"desc-image\"><img decoding=\"async\" src=\"https:\/\/media.ldlc.com\/bo\/images\/fiches\/Carte_graphique\/amd\/amd_radeon_rx_9000_0001.jpg\" alt=\"\" \/><\/div>\n<\/section>\n<section>\n<div class=\"desc-image\"><img decoding=\"async\" src=\"https:\/\/media.ldlc.com\/bo\/images\/fiches\/Carte_graphique\/amd\/amd_radeon_rx_9000_0002.jpg\" alt=\"\" \/><\/div>\n<div class=\"desc-text\">\n<h2>Des graphismes sublimes<\/h2>\n<p>Plongez au c\u0153ur de l&#8217;action en profitant des graphismes r\u00e9alistes qu&#8217;offre le\u00a0<strong>raytracing de nouvelle g\u00e9n\u00e9ration<\/strong>. Jouez avec une clart\u00e9 parfaite en b\u00e9n\u00e9ficiant de l&#8217;<strong>upscaling de qualit\u00e9 sup\u00e9rieure<\/strong>\u00a0et bas\u00e9 sur l&#8217;IA qu&#8217;offre AMD FidelityFX\u00a0Super Resolution 4, ainsi que de la g\u00e9n\u00e9ration d&#8217;images avanc\u00e9e pour les jeux pris en charge. Exprimez votre talent en haute r\u00e9solution avec les nouvelles fonctionnalit\u00e9s multim\u00e9dias et de streaming fournies par la technologie AMD Radiance Display\u00a0Engine.<\/p>\n<\/div>\n<\/section>\n<section>\n<div class=\"desc-text\">\n<h2>Performances instantan\u00e9es<\/h2>\n<p>Boostez encore davantage les performances instantan\u00e9es de la carte graphique AMD Radeon avec la puissance exceptionnelle d&#8217;<strong>AMD Software<\/strong>. Activez\u00a0<strong>AMD HYPR-RX<\/strong>\u00a0en un seul clic pour exploiter tout le potentiel de votre GPU Radeon, en tirant parti des avantages multiples des technologies\u00a0<strong>AMD Radeon Super Resolution<\/strong>,\u00a0<strong>AMD Fluid Motion Frames<\/strong>,\u00a0<strong>AMD Radeon Anti-Lag<\/strong>\u00a0et\u00a0<strong>AMD Radeon Boost<\/strong>. Gr\u00e2ce \u00e0 des pilotes fiables et \u00e0 la prise en charge des jeux d\u00e8s leur sortie, les optimisations in-game vous offrent imm\u00e9diatement des taux de rafra\u00eechissement d&#8217;image \u00e9lev\u00e9s, des graphismes plus nets et une faible latence pour des exp\u00e9riences de jeu par milliers qui n&#8217;attendent que vous.<\/p>\n<\/div>\n<div class=\"desc-image\"><img decoding=\"async\" src=\"https:\/\/media.ldlc.com\/bo\/images\/fiches\/Carte_graphique\/amd\/amd_radeon_rx_9000_0003.jpg\" alt=\"\" \/><\/div>\n<\/section>\n<section>\n<div class=\"desc-image\"><img decoding=\"async\" src=\"https:\/\/media.ldlc.com\/bo\/images\/fiches\/Carte_graphique\/amd\/amd_radeon_rx_9000_0004.jpg\" alt=\"\" \/><\/div>\n<div class=\"desc-text\">\n<h2>Pr\u00eat pour l&#8217;avenir<\/h2>\n<p>AMD Radeon vous offre tout ce dont vous avez besoin pour que votre syst\u00e8me reste rapide pendant des ann\u00e9es. En l&#8217;associant \u00e0 des processeurs AMD Ryzen S\u00e9rie 9000 qui prennent en charge PCI Express Gen 5, et en ajoutant la toute derni\u00e8re technologie AMD Smart Access Memory, vous pourrez exploiter toutes les performances de votre plateforme AM5. Exploitez \u00e0 la fois les technologies Radeon et Ryzen AI, et passez \u00e0 la nouvelle g\u00e9n\u00e9ration d&#8217;\u00e9crans avec la prise en charge de DisplayPort 2.1 et jusqu&#8217;\u00e0 16 Go de m\u00e9moire vid\u00e9o pour profiter des jeux AAA dans toute leur splendeur visuelle aujourd&#8217;hui et pour longtemps.<\/p>\n<\/div>\n<\/section>\n<\/div>\n<\/div>\n","protected":false},"excerpt":{"rendered":"<p class=\"desc\">Jouez chaque coup \u00e0 fond et prenez un avantage d\u00e9terminant sur vos adversaires avec la carte graphique PowerColor AMD Radeon RX 9070 XT 16GB Reaper bas\u00e9e sur la nouvelle architecture AMD RDNA 4 qui int\u00e8gre l&#8217;IA pour des performances de pointe.<\/p>\n<div class=\"buttons\"><\/div>\n","protected":false},"featured_media":1016374,"template":"","meta":{"_acf_changed":false},"pwb-brand":[],"product_brand":[],"product_cat":[106,24,17],"product_tag":[],"pcb_component_type":[],"class_list":{"0":"post-16372","1":"product","2":"type-product","3":"status-publish","4":"has-post-thumbnail","6":"product_cat-amd-cartes-graphiques","7":"product_cat-cartes-graphiques","8":"product_cat-composants-gaming","10":"first","11":"instock","12":"sale","13":"shipping-taxable","14":"purchasable","15":"product-type-simple"},"translation":{"provider":"WPGlobus","version":"3.0.2","language":"fr","enabled_languages":["en","es","de","fr","ru"],"languages":{"en":{"title":true,"content":true,"excerpt":true},"es":{"title":false,"content":false,"excerpt":false},"de":{"title":false,"content":false,"excerpt":false},"fr":{"title":false,"content":false,"excerpt":false},"ru":{"title":false,"content":false,"excerpt":false}}},"acf":[],"yoast_head":"<!-- This site is optimized with the Yoast SEO plugin v27.2 - https:\/\/yoast.com\/product\/yoast-seo-wordpress\/ -->\n<title>PowerColor Radeon RX 9070 XT \u2013 16GB GDDR6 - Osaka<\/title>\n<meta name=\"robots\" content=\"index, follow, max-snippet:-1, max-image-preview:large, max-video-preview:-1\" \/>\n<link rel=\"canonical\" href=\"https:\/\/osaka.ma\/product\/powercolor-radeon-rx-9070-xt-16gb-gddr6\/\" \/>\n<meta property=\"og:locale\" content=\"fr_FR\" \/>\n<meta property=\"og:type\" content=\"article\" \/>\n<meta property=\"og:title\" content=\"PowerColor Radeon RX 9070 XT \u2013 16GB GDDR6 - Osaka\" \/>\n<meta property=\"og:url\" content=\"https:\/\/osaka.ma\/product\/powercolor-radeon-rx-9070-xt-16gb-gddr6\/\" \/>\n<meta property=\"og:site_name\" content=\"Osaka\" \/>\n<meta property=\"article:modified_time\" content=\"2026-03-25T14:59:38+00:00\" \/>\n<meta property=\"og:image\" content=\"https:\/\/osaka.ma\/wp-content\/uploads\/2025\/06\/PowerColor-Radeon-RX-9070-XT-\u2013-16GB-GDDR6-1.jpg\" \/>\n\t<meta property=\"og:image:width\" content=\"1600\" \/>\n\t<meta property=\"og:image:height\" content=\"1600\" \/>\n\t<meta property=\"og:image:type\" content=\"image\/jpeg\" \/>\n<meta name=\"twitter:card\" content=\"summary_large_image\" \/>\n<meta name=\"twitter:label1\" content=\"Dur\u00e9e de lecture estim\u00e9e\" \/>\n\t<meta name=\"twitter:data1\" content=\"6 minutes\" \/>\n<script type=\"application\/ld+json\" class=\"yoast-schema-graph\">{\"@context\":\"https:\/\/schema.org\",\"@graph\":[{\"@type\":\"WebPage\",\"@id\":\"https:\/\/osaka.ma\/product\/powercolor-radeon-rx-9070-xt-16gb-gddr6\/\",\"url\":\"https:\/\/osaka.ma\/product\/powercolor-radeon-rx-9070-xt-16gb-gddr6\/\",\"name\":\"PowerColor Radeon RX 9070 XT \u2013 16GB GDDR6 - Osaka\",\"isPartOf\":{\"@id\":\"https:\/\/osaka.ma\/#website\"},\"primaryImageOfPage\":{\"@id\":\"https:\/\/osaka.ma\/product\/powercolor-radeon-rx-9070-xt-16gb-gddr6\/#primaryimage\"},\"image\":{\"@id\":\"https:\/\/osaka.ma\/product\/powercolor-radeon-rx-9070-xt-16gb-gddr6\/#primaryimage\"},\"thumbnailUrl\":\"https:\/\/osaka.ma\/wp-content\/uploads\/2025\/06\/PowerColor-Radeon-RX-9070-XT-\u2013-16GB-GDDR6-1.jpg\",\"datePublished\":\"2025-06-02T13:20:18+00:00\",\"dateModified\":\"2026-03-25T14:59:38+00:00\",\"breadcrumb\":{\"@id\":\"https:\/\/osaka.ma\/product\/powercolor-radeon-rx-9070-xt-16gb-gddr6\/#breadcrumb\"},\"inLanguage\":\"fr-FR\",\"potentialAction\":[{\"@type\":\"ReadAction\",\"target\":[\"https:\/\/osaka.ma\/product\/powercolor-radeon-rx-9070-xt-16gb-gddr6\/\"]}]},{\"@type\":\"ImageObject\",\"inLanguage\":\"fr-FR\",\"@id\":\"https:\/\/osaka.ma\/product\/powercolor-radeon-rx-9070-xt-16gb-gddr6\/#primaryimage\",\"url\":\"https:\/\/osaka.ma\/wp-content\/uploads\/2025\/06\/PowerColor-Radeon-RX-9070-XT-\u2013-16GB-GDDR6-1.jpg\",\"contentUrl\":\"https:\/\/osaka.ma\/wp-content\/uploads\/2025\/06\/PowerColor-Radeon-RX-9070-XT-\u2013-16GB-GDDR6-1.jpg\",\"width\":1600,\"height\":1600},{\"@type\":\"BreadcrumbList\",\"@id\":\"https:\/\/osaka.ma\/product\/powercolor-radeon-rx-9070-xt-16gb-gddr6\/#breadcrumb\",\"itemListElement\":[{\"@type\":\"ListItem\",\"position\":1,\"name\":\"Home\",\"item\":\"https:\/\/osaka.ma\/\"},{\"@type\":\"ListItem\",\"position\":2,\"name\":\"Shop\",\"item\":\"https:\/\/osaka.ma\/shop-2\/\"},{\"@type\":\"ListItem\",\"position\":3,\"name\":\"PowerColor Radeon RX 9070 XT \u2013 16GB GDDR6\"}]},{\"@type\":\"WebSite\",\"@id\":\"https:\/\/osaka.ma\/#website\",\"url\":\"https:\/\/osaka.ma\/\",\"name\":\"Osaka\",\"description\":\"\",\"publisher\":{\"@id\":\"https:\/\/osaka.ma\/#organization\"},\"potentialAction\":[{\"@type\":\"SearchAction\",\"target\":{\"@type\":\"EntryPoint\",\"urlTemplate\":\"https:\/\/osaka.ma\/?s={search_term_string}\"},\"query-input\":{\"@type\":\"PropertyValueSpecification\",\"valueRequired\":true,\"valueName\":\"search_term_string\"}}],\"inLanguage\":\"fr-FR\"},{\"@type\":\"Organization\",\"@id\":\"https:\/\/osaka.ma\/#organization\",\"name\":\"Osaka\",\"url\":\"https:\/\/osaka.ma\/\",\"logo\":{\"@type\":\"ImageObject\",\"inLanguage\":\"fr-FR\",\"@id\":\"https:\/\/osaka.ma\/#\/schema\/logo\/image\/\",\"url\":\"https:\/\/osaka.ma\/wp-content\/uploads\/2026\/01\/model-slogan-logo-2Plan-de-travail-1dksl-plus-finnn.png\",\"contentUrl\":\"https:\/\/osaka.ma\/wp-content\/uploads\/2026\/01\/model-slogan-logo-2Plan-de-travail-1dksl-plus-finnn.png\",\"width\":842,\"height\":226,\"caption\":\"Osaka\"},\"image\":{\"@id\":\"https:\/\/osaka.ma\/#\/schema\/logo\/image\/\"}}]}<\/script>\n<!-- \/ Yoast SEO plugin. -->","yoast_head_json":{"title":"PowerColor Radeon RX 9070 XT \u2013 16GB GDDR6 - Osaka","robots":{"index":"index","follow":"follow","max-snippet":"max-snippet:-1","max-image-preview":"max-image-preview:large","max-video-preview":"max-video-preview:-1"},"canonical":"https:\/\/osaka.ma\/product\/powercolor-radeon-rx-9070-xt-16gb-gddr6\/","og_locale":"fr_FR","og_type":"article","og_title":"PowerColor Radeon RX 9070 XT \u2013 16GB GDDR6 - Osaka","og_url":"https:\/\/osaka.ma\/product\/powercolor-radeon-rx-9070-xt-16gb-gddr6\/","og_site_name":"Osaka","article_modified_time":"2026-03-25T14:59:38+00:00","og_image":[{"width":1600,"height":1600,"url":"https:\/\/osaka.ma\/wp-content\/uploads\/2025\/06\/PowerColor-Radeon-RX-9070-XT-\u2013-16GB-GDDR6-1.jpg","type":"image\/jpeg"}],"twitter_card":"summary_large_image","twitter_misc":{"Dur\u00e9e de lecture estim\u00e9e":"6 minutes"},"schema":{"@context":"https:\/\/schema.org","@graph":[{"@type":"WebPage","@id":"https:\/\/osaka.ma\/product\/powercolor-radeon-rx-9070-xt-16gb-gddr6\/","url":"https:\/\/osaka.ma\/product\/powercolor-radeon-rx-9070-xt-16gb-gddr6\/","name":"PowerColor Radeon RX 9070 XT \u2013 16GB GDDR6 - Osaka","isPartOf":{"@id":"https:\/\/osaka.ma\/#website"},"primaryImageOfPage":{"@id":"https:\/\/osaka.ma\/product\/powercolor-radeon-rx-9070-xt-16gb-gddr6\/#primaryimage"},"image":{"@id":"https:\/\/osaka.ma\/product\/powercolor-radeon-rx-9070-xt-16gb-gddr6\/#primaryimage"},"thumbnailUrl":"https:\/\/osaka.ma\/wp-content\/uploads\/2025\/06\/PowerColor-Radeon-RX-9070-XT-\u2013-16GB-GDDR6-1.jpg","datePublished":"2025-06-02T13:20:18+00:00","dateModified":"2026-03-25T14:59:38+00:00","breadcrumb":{"@id":"https:\/\/osaka.ma\/product\/powercolor-radeon-rx-9070-xt-16gb-gddr6\/#breadcrumb"},"inLanguage":"fr-FR","potentialAction":[{"@type":"ReadAction","target":["https:\/\/osaka.ma\/product\/powercolor-radeon-rx-9070-xt-16gb-gddr6\/"]}]},{"@type":"ImageObject","inLanguage":"fr-FR","@id":"https:\/\/osaka.ma\/product\/powercolor-radeon-rx-9070-xt-16gb-gddr6\/#primaryimage","url":"https:\/\/osaka.ma\/wp-content\/uploads\/2025\/06\/PowerColor-Radeon-RX-9070-XT-\u2013-16GB-GDDR6-1.jpg","contentUrl":"https:\/\/osaka.ma\/wp-content\/uploads\/2025\/06\/PowerColor-Radeon-RX-9070-XT-\u2013-16GB-GDDR6-1.jpg","width":1600,"height":1600},{"@type":"BreadcrumbList","@id":"https:\/\/osaka.ma\/product\/powercolor-radeon-rx-9070-xt-16gb-gddr6\/#breadcrumb","itemListElement":[{"@type":"ListItem","position":1,"name":"Home","item":"https:\/\/osaka.ma\/"},{"@type":"ListItem","position":2,"name":"Shop","item":"https:\/\/osaka.ma\/shop-2\/"},{"@type":"ListItem","position":3,"name":"PowerColor Radeon RX 9070 XT \u2013 16GB GDDR6"}]},{"@type":"WebSite","@id":"https:\/\/osaka.ma\/#website","url":"https:\/\/osaka.ma\/","name":"Osaka","description":"","publisher":{"@id":"https:\/\/osaka.ma\/#organization"},"potentialAction":[{"@type":"SearchAction","target":{"@type":"EntryPoint","urlTemplate":"https:\/\/osaka.ma\/?s={search_term_string}"},"query-input":{"@type":"PropertyValueSpecification","valueRequired":true,"valueName":"search_term_string"}}],"inLanguage":"fr-FR"},{"@type":"Organization","@id":"https:\/\/osaka.ma\/#organization","name":"Osaka","url":"https:\/\/osaka.ma\/","logo":{"@type":"ImageObject","inLanguage":"fr-FR","@id":"https:\/\/osaka.ma\/#\/schema\/logo\/image\/","url":"https:\/\/osaka.ma\/wp-content\/uploads\/2026\/01\/model-slogan-logo-2Plan-de-travail-1dksl-plus-finnn.png","contentUrl":"https:\/\/osaka.ma\/wp-content\/uploads\/2026\/01\/model-slogan-logo-2Plan-de-travail-1dksl-plus-finnn.png","width":842,"height":226,"caption":"Osaka"},"image":{"@id":"https:\/\/osaka.ma\/#\/schema\/logo\/image\/"}}]}},"jetpack_sharing_enabled":true,"brands":[],"_links":{"self":[{"href":"https:\/\/osaka.ma\/fr\/wp-json\/wp\/v2\/product\/16372","targetHints":{"allow":["GET"]}}],"collection":[{"href":"https:\/\/osaka.ma\/fr\/wp-json\/wp\/v2\/product"}],"about":[{"href":"https:\/\/osaka.ma\/fr\/wp-json\/wp\/v2\/types\/product"}],"version-history":[{"count":0,"href":"https:\/\/osaka.ma\/fr\/wp-json\/wp\/v2\/product\/16372\/revisions"}],"wp:featuredmedia":[{"embeddable":true,"href":"https:\/\/osaka.ma\/fr\/wp-json\/wp\/v2\/media\/1016374"}],"wp:attachment":[{"href":"https:\/\/osaka.ma\/fr\/wp-json\/wp\/v2\/media?parent=16372"}],"wp:term":[{"taxonomy":"pwb-brand","embeddable":true,"href":"https:\/\/osaka.ma\/fr\/wp-json\/wp\/v2\/pwb-brand?post=16372"},{"taxonomy":"product_brand","embeddable":true,"href":"https:\/\/osaka.ma\/fr\/wp-json\/wp\/v2\/product_brand?post=16372"},{"taxonomy":"product_cat","embeddable":true,"href":"https:\/\/osaka.ma\/fr\/wp-json\/wp\/v2\/product_cat?post=16372"},{"taxonomy":"product_tag","embeddable":true,"href":"https:\/\/osaka.ma\/fr\/wp-json\/wp\/v2\/product_tag?post=16372"},{"taxonomy":"pcb_component_type","embeddable":true,"href":"https:\/\/osaka.ma\/fr\/wp-json\/wp\/v2\/pcb_component_type?post=16372"}],"curies":[{"name":"wp","href":"https:\/\/api.w.org\/{rel}","templated":true}]}}