{"id":16783,"date":"2025-07-07T17:32:23","date_gmt":"2025-07-07T17:32:23","guid":{"rendered":"https:\/\/osaka.ma\/?post_type=product&#038;p=16783"},"modified":"2026-04-01T14:00:00","modified_gmt":"2026-04-01T13:00:00","slug":"asus-dual-rtx-5060-ti-16gb-tray","status":"publish","type":"product","link":"https:\/\/osaka.ma\/fr\/product\/asus-dual-rtx-5060-ti-16gb-tray\/","title":{"rendered":"ASUS DUAL RTX 5060 Ti 16GB TRAY"},"content":{"rendered":"<div class=\"logo\"><img decoding=\"async\" class=\"aligncenter\" src=\"https:\/\/media.ldlc.com\/v3\/marque\/bo\/00\/05\/62\/42\/V30005624251_2.jpg\" alt=\"ASUS\" \/><\/div>\n<div id=\"description\" class=\"description\">\n<div class=\"details-pdt-desc\">\n<h3 data-start=\"185\" data-end=\"236\">Hautes performances graphiques jusqu\u2019en 1440p<\/h3>\n<p data-start=\"237\" data-end=\"638\">La carte <strong data-start=\"246\" data-end=\"295\">ASUS Dual GeForce RTX 5060 Ti OC Edition 16GB<\/strong> offre une puissance graphique nouvelle g\u00e9n\u00e9ration. Gr\u00e2ce \u00e0 <strong data-start=\"355\" data-end=\"365\">DLSS 4<\/strong>, au <strong data-start=\"370\" data-end=\"385\">ray tracing<\/strong> mat\u00e9riel et \u00e0 l\u2019<strong data-start=\"402\" data-end=\"416\">IA avanc\u00e9e<\/strong>, elle garantit fluidit\u00e9 et r\u00e9alisme. Avec ses <strong data-start=\"463\" data-end=\"482\">4608 c\u0153urs CUDA<\/strong> et l\u2019architecture <strong data-start=\"501\" data-end=\"521\">NVIDIA Blackwell<\/strong>, elle allie performances et efficacit\u00e9. Id\u00e9ale pour le jeu, la cr\u00e9ation 3D, le streaming et le <strong data-start=\"617\" data-end=\"637\">machine learning<\/strong>.<\/p>\n<section>\n<div class=\"desc-image\"><img decoding=\"async\" src=\"https:\/\/media.ldlc.com\/bo\/images\/fiches\/Carte_graphique\/NVIDIA\/asus_rtx_5060-ti_0001.jpg\" alt=\"\" \/><\/div>\n<div class=\"desc-text\">\n<div class=\"desc-text\">\n<div class=\"desc-text\">\n<h3 data-start=\"645\" data-end=\"678\">Caract\u00e9ristiques techniques<\/h3>\n<ul data-start=\"679\" data-end=\"966\">\n<li data-start=\"679\" data-end=\"712\">\n<p data-start=\"681\" data-end=\"712\">GPU : <strong data-start=\"687\" data-end=\"710\">GeForce RTX 5060 Ti<\/strong><\/p>\n<\/li>\n<li data-start=\"713\" data-end=\"753\">\n<p data-start=\"715\" data-end=\"753\">Version OC : <strong data-start=\"728\" data-end=\"751\">Overclock\u00e9e d\u2019usine<\/strong><\/p>\n<\/li>\n<li data-start=\"754\" data-end=\"807\">\n<p data-start=\"756\" data-end=\"807\">M\u00e9moire : <strong data-start=\"766\" data-end=\"781\">16 Go GDDR7<\/strong>, interface <strong data-start=\"793\" data-end=\"805\">128 bits<\/strong><\/p>\n<\/li>\n<li data-start=\"808\" data-end=\"876\">\n<p data-start=\"810\" data-end=\"876\">Refroidissement : <strong data-start=\"828\" data-end=\"874\">2 ventilateurs \u00e0 double roulement \u00e0 billes<\/strong><\/p>\n<\/li>\n<li data-start=\"877\" data-end=\"928\">\n<p data-start=\"879\" data-end=\"928\">Logiciel : <strong data-start=\"890\" data-end=\"907\">GPU Tweak III<\/strong> pour le monitoring<\/p>\n<\/li>\n<li data-start=\"929\" data-end=\"966\">\n<p data-start=\"931\" data-end=\"966\">Architecture : <strong data-start=\"946\" data-end=\"966\">NVIDIA Blackwell<\/strong><\/p>\n<\/li>\n<\/ul>\n<\/div>\n<\/div>\n<\/div>\n<\/section>\n<section>\n<div class=\"desc-text\">\n<h3 data-start=\"973\" data-end=\"1008\">Architecture NVIDIA Blackwell<\/h3>\n<p data-start=\"1009\" data-end=\"1362\">Les GPU RTX s\u00e9rie 50, avec l\u2019architecture <strong data-start=\"1051\" data-end=\"1064\">Blackwell<\/strong>, ouvrent de nouvelles possibilit\u00e9s. Gr\u00e2ce \u00e0 la puissance de l\u2019<strong data-start=\"1127\" data-end=\"1133\">IA<\/strong>, l\u2019immersion graphique atteint un niveau in\u00e9dit. <strong data-start=\"1183\" data-end=\"1193\">DLSS 4<\/strong> augmente la fluidit\u00e9, tandis que <strong data-start=\"1227\" data-end=\"1244\">NVIDIA Studio<\/strong> lib\u00e8re la cr\u00e9ativit\u00e9. Les vitesses de rendu sont exceptionnelles, id\u00e9ales pour les gamers et les cr\u00e9ateurs exigeants.<\/p>\n<p>&nbsp;<\/p>\n<\/div>\n<div class=\"desc-image\"><img decoding=\"async\" src=\"https:\/\/media.ldlc.com\/bo\/images\/fiches\/Carte_graphique\/NVIDIA\/nvidia_rtx_50_games_0002.jpg\" alt=\"\" \/><\/div>\n<\/section>\n<section>\n<div class=\"desc-image\"><img decoding=\"async\" src=\"https:\/\/media.ldlc.com\/bo\/images\/fiches\/Carte_graphique\/NVIDIA\/nvidia_rtx_50_games_0001.jpg\" alt=\"\" \/><\/div>\n<div class=\"desc-text\">\n<h3 data-start=\"1369\" data-end=\"1402\">Graphismes pouss\u00e9s par l\u2019IA<\/h3>\n<ul data-start=\"1403\" data-end=\"1759\">\n<li data-start=\"1403\" data-end=\"1459\">\n<p data-start=\"1405\" data-end=\"1459\">DLSS 4 : g\u00e9n\u00e9ration multi-images et super r\u00e9solution<\/p>\n<\/li>\n<li data-start=\"1460\" data-end=\"1510\">\n<p data-start=\"1462\" data-end=\"1510\">Reflex 2 : latence r\u00e9duite avec <strong data-start=\"1494\" data-end=\"1508\">Frame Warp<\/strong><\/p>\n<\/li>\n<li data-start=\"1511\" data-end=\"1554\">\n<p data-start=\"1513\" data-end=\"1554\">Ray tracing complet avec rendu neuronal<\/p>\n<\/li>\n<li data-start=\"1555\" data-end=\"1599\">\n<p data-start=\"1557\" data-end=\"1599\">Outils IA NVIDIA Studio pour la cr\u00e9ation<\/p>\n<\/li>\n<li data-start=\"1600\" data-end=\"1669\">\n<p data-start=\"1602\" data-end=\"1669\">Vid\u00e9o optimis\u00e9e avec <strong data-start=\"1623\" data-end=\"1636\">Broadcast<\/strong> et l\u2019encodeur de 9e g\u00e9n\u00e9ration<\/p>\n<\/li>\n<li data-start=\"1670\" data-end=\"1725\">\n<p data-start=\"1672\" data-end=\"1725\">Pilotes <strong data-start=\"1680\" data-end=\"1694\">Game Ready<\/strong> et <strong data-start=\"1698\" data-end=\"1708\">Studio<\/strong> via NVIDIA App<\/p>\n<\/li>\n<li data-start=\"1726\" data-end=\"1759\">\n<p data-start=\"1728\" data-end=\"1759\">Compatibilit\u00e9 <strong data-start=\"1742\" data-end=\"1759\">NVIDIA G-SYNC<\/strong><\/p>\n<\/li>\n<\/ul>\n<\/div>\n<\/section>\n<section>\n<div class=\"desc-text\">\n<h3 data-start=\"1766\" data-end=\"1805\">DLSS 4 : une r\u00e9volution graphique<\/h3>\n<p data-start=\"1806\" data-end=\"2162\"><strong data-start=\"1806\" data-end=\"1816\">DLSS 4<\/strong> utilise l\u2019<strong data-start=\"1827\" data-end=\"1833\">IA<\/strong> pour am\u00e9liorer la qualit\u00e9 et la vitesse d\u2019affichage. Il int\u00e8gre <strong data-start=\"1898\" data-end=\"1932\">des c\u0153urs Tensor 5e g\u00e9n\u00e9ration<\/strong>. Ces derniers assurent une <strong data-start=\"1960\" data-end=\"1987\">g\u00e9n\u00e9ration multi-images<\/strong>, une <strong data-start=\"1993\" data-end=\"2021\">reconstruction de rayons<\/strong>, et une <strong data-start=\"2030\" data-end=\"2053\">super r\u00e9solution IA<\/strong>. Le DLSS transforme votre PC en supercalculateur IA connect\u00e9 au cloud NVIDIA pour une am\u00e9lioration continue.<\/p>\n<\/div>\n<div class=\"desc-image\"><img decoding=\"async\" src=\"https:\/\/media.ldlc.com\/bo\/images\/fiches\/Carte_graphique\/NVIDIA\/nvidia_rtx_50_games_0003.jpg\" alt=\"\" \/><\/div>\n<\/section>\n<section>\n<div class=\"desc-image\"><img decoding=\"async\" src=\"https:\/\/media.ldlc.com\/bo\/images\/fiches\/Carte_graphique\/NVIDIA\/nvidia_rtx_50_games_0005.jpg\" alt=\"\" \/><\/div>\n<div class=\"desc-text\">\n<h3 data-start=\"2169\" data-end=\"2190\">NVIDIA Reflex 2<\/h3>\n<p data-start=\"2191\" data-end=\"2402\"><strong data-start=\"2191\" data-end=\"2201\">Reflex<\/strong> optimise la r\u00e9activit\u00e9 dans les jeux comp\u00e9titifs. <strong data-start=\"2252\" data-end=\"2266\">Frame Warp<\/strong> r\u00e9duit la latence au moment du clic. Vous visez plus vite, tirez plus juste. Cela donne un avantage d\u00e9cisif, surtout dans les jeux FPS.<\/p>\n<\/div>\n<\/section>\n<section>\n<div class=\"desc-text\">\n<h3 data-start=\"2409\" data-end=\"2447\">NVIDIA Studio pour les cr\u00e9ateurs<\/h3>\n<p data-start=\"2448\" data-end=\"2758\">Avec <strong data-start=\"2453\" data-end=\"2470\">NVIDIA Studio<\/strong>, les GPU RTX 50 acc\u00e9l\u00e8rent la cr\u00e9ation 3D, le montage vid\u00e9o et le design graphique. Les outils RTX offrent des performances fluides et stables. Les pilotes sont mis \u00e0 jour pour une compatibilit\u00e9 maximale. Vous travaillez mieux, plus vite, et avec des rendus visuellement impressionnants.<\/p>\n<\/div>\n<div class=\"desc-image\"><img decoding=\"async\" src=\"https:\/\/media.ldlc.com\/bo\/images\/fiches\/Carte_graphique\/NVIDIA\/nvidia_rtx_50_ia_0004.jpg\" alt=\"\" \/><\/div>\n<\/section>\n<\/div>\n<\/div>\n","protected":false},"excerpt":{"rendered":"<h4>16 Go GDDR7 &#8211; HDMI\/Tri DisplayPort &#8211; DLSS 4 &#8211; PCI Express (NVIDIA GeForce RTX 5060 Ti)<\/h4>\n","protected":false},"featured_media":1016784,"template":"","meta":{"_acf_changed":false},"pwb-brand":[],"product_brand":[],"product_cat":[24,17,26],"product_tag":[],"pcb_component_type":[],"class_list":{"0":"post-16783","1":"product","2":"type-product","3":"status-publish","4":"has-post-thumbnail","6":"product_cat-cartes-graphiques","7":"product_cat-composants-gaming","8":"product_cat-nvidia","10":"first","11":"outofstock","12":"shipping-taxable","13":"product-type-simple"},"translation":{"provider":"WPGlobus","version":"3.0.2","language":"fr","enabled_languages":["en","es","de","fr","ru"],"languages":{"en":{"title":true,"content":true,"excerpt":true},"es":{"title":false,"content":false,"excerpt":false},"de":{"title":false,"content":false,"excerpt":false},"fr":{"title":false,"content":false,"excerpt":false},"ru":{"title":false,"content":false,"excerpt":false}}},"acf":[],"yoast_head":"<!-- This site is optimized with the Yoast SEO plugin v27.2 - https:\/\/yoast.com\/product\/yoast-seo-wordpress\/ -->\n<title>ASUS DUAL RTX 5060 Ti 16GB TRAY - Osaka<\/title>\n<meta name=\"robots\" content=\"index, follow, max-snippet:-1, max-image-preview:large, max-video-preview:-1\" \/>\n<link rel=\"canonical\" href=\"https:\/\/osaka.ma\/product\/asus-dual-rtx-5060-ti-16gb-tray\/\" \/>\n<meta property=\"og:locale\" content=\"fr_FR\" \/>\n<meta property=\"og:type\" content=\"article\" \/>\n<meta property=\"og:title\" content=\"ASUS DUAL RTX 5060 Ti 16GB TRAY - Osaka\" \/>\n<meta property=\"og:url\" content=\"https:\/\/osaka.ma\/product\/asus-dual-rtx-5060-ti-16gb-tray\/\" \/>\n<meta property=\"og:site_name\" content=\"Osaka\" \/>\n<meta property=\"article:modified_time\" content=\"2026-04-01T13:00:00+00:00\" \/>\n<meta property=\"og:image\" content=\"https:\/\/osaka.ma\/wp-content\/uploads\/2025\/07\/LD0006236169.jpg\" \/>\n\t<meta property=\"og:image:width\" content=\"1600\" \/>\n\t<meta property=\"og:image:height\" content=\"1600\" \/>\n\t<meta property=\"og:image:type\" content=\"image\/jpeg\" \/>\n<meta name=\"twitter:card\" content=\"summary_large_image\" \/>\n<meta name=\"twitter:label1\" content=\"Dur\u00e9e de lecture estim\u00e9e\" \/>\n\t<meta name=\"twitter:data1\" content=\"4 minutes\" \/>\n<script type=\"application\/ld+json\" class=\"yoast-schema-graph\">{\"@context\":\"https:\/\/schema.org\",\"@graph\":[{\"@type\":\"WebPage\",\"@id\":\"https:\/\/osaka.ma\/product\/asus-dual-rtx-5060-ti-16gb-tray\/\",\"url\":\"https:\/\/osaka.ma\/product\/asus-dual-rtx-5060-ti-16gb-tray\/\",\"name\":\"ASUS DUAL RTX 5060 Ti 16GB TRAY - Osaka\",\"isPartOf\":{\"@id\":\"https:\/\/osaka.ma\/#website\"},\"primaryImageOfPage\":{\"@id\":\"https:\/\/osaka.ma\/product\/asus-dual-rtx-5060-ti-16gb-tray\/#primaryimage\"},\"image\":{\"@id\":\"https:\/\/osaka.ma\/product\/asus-dual-rtx-5060-ti-16gb-tray\/#primaryimage\"},\"thumbnailUrl\":\"https:\/\/osaka.ma\/wp-content\/uploads\/2025\/07\/LD0006236169.jpg\",\"datePublished\":\"2025-07-07T17:32:23+00:00\",\"dateModified\":\"2026-04-01T13:00:00+00:00\",\"breadcrumb\":{\"@id\":\"https:\/\/osaka.ma\/product\/asus-dual-rtx-5060-ti-16gb-tray\/#breadcrumb\"},\"inLanguage\":\"fr-FR\",\"potentialAction\":[{\"@type\":\"ReadAction\",\"target\":[\"https:\/\/osaka.ma\/product\/asus-dual-rtx-5060-ti-16gb-tray\/\"]}]},{\"@type\":\"ImageObject\",\"inLanguage\":\"fr-FR\",\"@id\":\"https:\/\/osaka.ma\/product\/asus-dual-rtx-5060-ti-16gb-tray\/#primaryimage\",\"url\":\"https:\/\/osaka.ma\/wp-content\/uploads\/2025\/07\/LD0006236169.jpg\",\"contentUrl\":\"https:\/\/osaka.ma\/wp-content\/uploads\/2025\/07\/LD0006236169.jpg\",\"width\":1600,\"height\":1600},{\"@type\":\"BreadcrumbList\",\"@id\":\"https:\/\/osaka.ma\/product\/asus-dual-rtx-5060-ti-16gb-tray\/#breadcrumb\",\"itemListElement\":[{\"@type\":\"ListItem\",\"position\":1,\"name\":\"Home\",\"item\":\"https:\/\/osaka.ma\/\"},{\"@type\":\"ListItem\",\"position\":2,\"name\":\"Shop\",\"item\":\"https:\/\/osaka.ma\/shop-2\/\"},{\"@type\":\"ListItem\",\"position\":3,\"name\":\"ASUS DUAL RTX 5060 Ti 16GB TRAY\"}]},{\"@type\":\"WebSite\",\"@id\":\"https:\/\/osaka.ma\/#website\",\"url\":\"https:\/\/osaka.ma\/\",\"name\":\"Osaka\",\"description\":\"\",\"publisher\":{\"@id\":\"https:\/\/osaka.ma\/#organization\"},\"potentialAction\":[{\"@type\":\"SearchAction\",\"target\":{\"@type\":\"EntryPoint\",\"urlTemplate\":\"https:\/\/osaka.ma\/?s={search_term_string}\"},\"query-input\":{\"@type\":\"PropertyValueSpecification\",\"valueRequired\":true,\"valueName\":\"search_term_string\"}}],\"inLanguage\":\"fr-FR\"},{\"@type\":\"Organization\",\"@id\":\"https:\/\/osaka.ma\/#organization\",\"name\":\"Osaka\",\"url\":\"https:\/\/osaka.ma\/\",\"logo\":{\"@type\":\"ImageObject\",\"inLanguage\":\"fr-FR\",\"@id\":\"https:\/\/osaka.ma\/#\/schema\/logo\/image\/\",\"url\":\"https:\/\/osaka.ma\/wp-content\/uploads\/2026\/01\/model-slogan-logo-2Plan-de-travail-1dksl-plus-finnn.png\",\"contentUrl\":\"https:\/\/osaka.ma\/wp-content\/uploads\/2026\/01\/model-slogan-logo-2Plan-de-travail-1dksl-plus-finnn.png\",\"width\":842,\"height\":226,\"caption\":\"Osaka\"},\"image\":{\"@id\":\"https:\/\/osaka.ma\/#\/schema\/logo\/image\/\"}}]}<\/script>\n<!-- \/ Yoast SEO plugin. -->","yoast_head_json":{"title":"ASUS DUAL RTX 5060 Ti 16GB TRAY - Osaka","robots":{"index":"index","follow":"follow","max-snippet":"max-snippet:-1","max-image-preview":"max-image-preview:large","max-video-preview":"max-video-preview:-1"},"canonical":"https:\/\/osaka.ma\/product\/asus-dual-rtx-5060-ti-16gb-tray\/","og_locale":"fr_FR","og_type":"article","og_title":"ASUS DUAL RTX 5060 Ti 16GB TRAY - Osaka","og_url":"https:\/\/osaka.ma\/product\/asus-dual-rtx-5060-ti-16gb-tray\/","og_site_name":"Osaka","article_modified_time":"2026-04-01T13:00:00+00:00","og_image":[{"width":1600,"height":1600,"url":"https:\/\/osaka.ma\/wp-content\/uploads\/2025\/07\/LD0006236169.jpg","type":"image\/jpeg"}],"twitter_card":"summary_large_image","twitter_misc":{"Dur\u00e9e de lecture estim\u00e9e":"4 minutes"},"schema":{"@context":"https:\/\/schema.org","@graph":[{"@type":"WebPage","@id":"https:\/\/osaka.ma\/product\/asus-dual-rtx-5060-ti-16gb-tray\/","url":"https:\/\/osaka.ma\/product\/asus-dual-rtx-5060-ti-16gb-tray\/","name":"ASUS DUAL RTX 5060 Ti 16GB TRAY - Osaka","isPartOf":{"@id":"https:\/\/osaka.ma\/#website"},"primaryImageOfPage":{"@id":"https:\/\/osaka.ma\/product\/asus-dual-rtx-5060-ti-16gb-tray\/#primaryimage"},"image":{"@id":"https:\/\/osaka.ma\/product\/asus-dual-rtx-5060-ti-16gb-tray\/#primaryimage"},"thumbnailUrl":"https:\/\/osaka.ma\/wp-content\/uploads\/2025\/07\/LD0006236169.jpg","datePublished":"2025-07-07T17:32:23+00:00","dateModified":"2026-04-01T13:00:00+00:00","breadcrumb":{"@id":"https:\/\/osaka.ma\/product\/asus-dual-rtx-5060-ti-16gb-tray\/#breadcrumb"},"inLanguage":"fr-FR","potentialAction":[{"@type":"ReadAction","target":["https:\/\/osaka.ma\/product\/asus-dual-rtx-5060-ti-16gb-tray\/"]}]},{"@type":"ImageObject","inLanguage":"fr-FR","@id":"https:\/\/osaka.ma\/product\/asus-dual-rtx-5060-ti-16gb-tray\/#primaryimage","url":"https:\/\/osaka.ma\/wp-content\/uploads\/2025\/07\/LD0006236169.jpg","contentUrl":"https:\/\/osaka.ma\/wp-content\/uploads\/2025\/07\/LD0006236169.jpg","width":1600,"height":1600},{"@type":"BreadcrumbList","@id":"https:\/\/osaka.ma\/product\/asus-dual-rtx-5060-ti-16gb-tray\/#breadcrumb","itemListElement":[{"@type":"ListItem","position":1,"name":"Home","item":"https:\/\/osaka.ma\/"},{"@type":"ListItem","position":2,"name":"Shop","item":"https:\/\/osaka.ma\/shop-2\/"},{"@type":"ListItem","position":3,"name":"ASUS DUAL RTX 5060 Ti 16GB TRAY"}]},{"@type":"WebSite","@id":"https:\/\/osaka.ma\/#website","url":"https:\/\/osaka.ma\/","name":"Osaka","description":"","publisher":{"@id":"https:\/\/osaka.ma\/#organization"},"potentialAction":[{"@type":"SearchAction","target":{"@type":"EntryPoint","urlTemplate":"https:\/\/osaka.ma\/?s={search_term_string}"},"query-input":{"@type":"PropertyValueSpecification","valueRequired":true,"valueName":"search_term_string"}}],"inLanguage":"fr-FR"},{"@type":"Organization","@id":"https:\/\/osaka.ma\/#organization","name":"Osaka","url":"https:\/\/osaka.ma\/","logo":{"@type":"ImageObject","inLanguage":"fr-FR","@id":"https:\/\/osaka.ma\/#\/schema\/logo\/image\/","url":"https:\/\/osaka.ma\/wp-content\/uploads\/2026\/01\/model-slogan-logo-2Plan-de-travail-1dksl-plus-finnn.png","contentUrl":"https:\/\/osaka.ma\/wp-content\/uploads\/2026\/01\/model-slogan-logo-2Plan-de-travail-1dksl-plus-finnn.png","width":842,"height":226,"caption":"Osaka"},"image":{"@id":"https:\/\/osaka.ma\/#\/schema\/logo\/image\/"}}]}},"jetpack_sharing_enabled":true,"brands":[],"_links":{"self":[{"href":"https:\/\/osaka.ma\/fr\/wp-json\/wp\/v2\/product\/16783","targetHints":{"allow":["GET"]}}],"collection":[{"href":"https:\/\/osaka.ma\/fr\/wp-json\/wp\/v2\/product"}],"about":[{"href":"https:\/\/osaka.ma\/fr\/wp-json\/wp\/v2\/types\/product"}],"version-history":[{"count":0,"href":"https:\/\/osaka.ma\/fr\/wp-json\/wp\/v2\/product\/16783\/revisions"}],"wp:featuredmedia":[{"embeddable":true,"href":"https:\/\/osaka.ma\/fr\/wp-json\/wp\/v2\/media\/1016784"}],"wp:attachment":[{"href":"https:\/\/osaka.ma\/fr\/wp-json\/wp\/v2\/media?parent=16783"}],"wp:term":[{"taxonomy":"pwb-brand","embeddable":true,"href":"https:\/\/osaka.ma\/fr\/wp-json\/wp\/v2\/pwb-brand?post=16783"},{"taxonomy":"product_brand","embeddable":true,"href":"https:\/\/osaka.ma\/fr\/wp-json\/wp\/v2\/product_brand?post=16783"},{"taxonomy":"product_cat","embeddable":true,"href":"https:\/\/osaka.ma\/fr\/wp-json\/wp\/v2\/product_cat?post=16783"},{"taxonomy":"product_tag","embeddable":true,"href":"https:\/\/osaka.ma\/fr\/wp-json\/wp\/v2\/product_tag?post=16783"},{"taxonomy":"pcb_component_type","embeddable":true,"href":"https:\/\/osaka.ma\/fr\/wp-json\/wp\/v2\/pcb_component_type?post=16783"}],"curies":[{"name":"wp","href":"https:\/\/api.w.org\/{rel}","templated":true}]}}