{"id":17126,"date":"2025-07-30T17:14:27","date_gmt":"2025-07-30T16:14:27","guid":{"rendered":"https:\/\/osaka.ma\/?post_type=product&#038;p=17126"},"modified":"2025-08-08T12:25:08","modified_gmt":"2025-08-08T11:25:08","slug":"hp-omen-gaming-max-16-ah0008nf-ultra-9-275hx-rtx-5090-24gb-64gb-1tb-nvme-wqxga-oled-240hz-neuf-box","status":"publish","type":"product","link":"https:\/\/osaka.ma\/fr\/product\/hp-omen-gaming-max-16-ah0008nf-ultra-9-275hx-rtx-5090-24gb-64gb-1tb-nvme-wqxga-oled-240hz-neuf-box\/","title":{"rendered":"HP OMEN GAMING MAX 16-ah0008nf Ultra 9 275HX | RTX 5090 24GB | 64GB | 1TB NVMe | WQXGA OLED 240Hz | NEUF BOX"},"content":{"rendered":"<h3 data-start=\"209\" data-end=\"307\">\ud83d\udcbb <strong data-start=\"216\" data-end=\"307\">HP OMEN GAMING MAX 16-ah0008nf \u2013 Puissance extr\u00eame, design raffin\u00e9, \u00e9cran spectaculaire<\/strong><\/h3>\n<article class=\"text-token-text-primary w-full focus:outline-none scroll-mt-[calc(var(--header-height)+min(200px,max(70px,20svh)))]\" dir=\"auto\" tabindex=\"-1\" data-testid=\"conversation-turn-98\" data-scroll-anchor=\"true\" data-turn=\"assistant\">\n<div class=\"text-base my-auto mx-auto pb-10 [--thread-content-margin:--spacing(4)] @[37rem]:[--thread-content-margin:--spacing(6)] @[72rem]:[--thread-content-margin:--spacing(16)] px-(--thread-content-margin)\">\n<div class=\"[--thread-content-max-width:32rem] @[34rem]:[--thread-content-max-width:40rem] @[64rem]:[--thread-content-max-width:48rem] mx-auto max-w-(--thread-content-max-width) flex-1 group\/turn-messages focus-visible:outline-hidden relative flex w-full min-w-0 flex-col agent-turn\" tabindex=\"-1\">\n<div class=\"flex max-w-full flex-col grow\">\n<div class=\"min-h-8 text-message relative flex w-full flex-col items-end gap-2 text-start break-words whitespace-normal [.text-message+&amp;]:mt-5\" dir=\"auto\" data-message-author-role=\"assistant\" data-message-id=\"07de6d55-d772-4734-9cf5-558072d36ff0\" data-message-model-slug=\"gpt-4-1-mini\">\n<div class=\"flex w-full flex-col gap-1 empty:hidden first:pt-[3px]\">\n<div class=\"markdown prose dark:prose-invert w-full break-words dark\">\n<p data-start=\"69\" data-end=\"275\" data-is-last-node=\"\" data-is-only-node=\"\">Le <strong>HP OMEN GAMING MAX 16-ah0008nf<\/strong> est un PC portable puissant con\u00e7u pour les joueurs exigeants et les cr\u00e9ateurs. Il combine vitesse, graphismes fluides et multit\u00e2che performant pour une exp\u00e9rience optimale.<\/p>\n<\/div>\n<\/div>\n<\/div>\n<\/div>\n<\/div>\n<\/div>\n<\/article>\n<div class=\"pointer-events-none h-px w-px\" aria-hidden=\"true\" data-edge=\"true\"><\/div>\n<h3 data-start=\"682\" data-end=\"747\">\ud83d\udd25 <strong data-start=\"689\" data-end=\"747\">Performances in\u00e9gal\u00e9es avec l&#8217;AMD Ryzen\u2122 Ultra 9 275HX<\/strong><\/h3>\n<p data-start=\"749\" data-end=\"1118\">Le processeur AMD Ryzen\u2122 Ultra 9 275HX, avec ses 16 c\u0153urs et 32 threads, offre une puissance exceptionnelle. Id\u00e9al pour le jeu AAA, le montage 4K ou le d\u00e9veloppement 3D, il assure une r\u00e9activit\u00e9 ultra-rapide gr\u00e2ce \u00e0 son architecture Zen 4 et ses fr\u00e9quences \u00e9lev\u00e9es.<\/p>\n<h3 data-start=\"1125\" data-end=\"1203\">\ud83c\udfae <strong data-start=\"1132\" data-end=\"1203\">Carte graphique NVIDIA GeForce RTX 5090 24 Go \u2013 Le sommet du gaming<\/strong><\/h3>\n<p data-start=\"1205\" data-end=\"1603\">La RTX 5090 Laptop GPU (24 Go GDDR6) offre des performances exceptionnelles. Avec l\u2019architecture NVIDIA Blackwell, le DLSS 4, le Ray Tracing et Reflex, profitez de graphismes ultra-r\u00e9alistes, d\u2019une fluidit\u00e9 parfaite en 4K et d\u2019une latence minimale pour un vrai avantage en jeu.<\/p>\n<h3 data-start=\"1610\" data-end=\"1653\">\ud83e\udde0 <strong data-start=\"1617\" data-end=\"1653\">M\u00e9moire vive et stockage massifs<\/strong><\/h3>\n<p data-start=\"1655\" data-end=\"1935\">Avec 64 Go de RAM DDR5 ultra-rapide, profitez d\u2019un multit\u00e2che fluide, m\u00eame avec les applis lourdes. Le SSD NVMe de 1 To garantit des lancements instantan\u00e9s et une r\u00e9activit\u00e9 maximale.<\/p>\n<h3 data-start=\"1942\" data-end=\"2009\">\ud83c\udf08 <strong data-start=\"1949\" data-end=\"2009\">\u00c9cran OLED 240 Hz \u2013 Une exp\u00e9rience visuelle incomparable<\/strong><\/h3>\n<p data-start=\"2011\" data-end=\"2381\">L\u2019\u00e9cran WQXGA OLED 240 Hz de 16&#8243; offre des couleurs ultra-pr\u00e9cises, des noirs profonds et une fluidit\u00e9 remarquable. Parfait pour le gaming comp\u00e9titif comme pour la cr\u00e9ation visuelle.<\/p>\n<h3 data-start=\"2388\" data-end=\"2443\">\ud83d\udd0a <strong data-start=\"2395\" data-end=\"2443\">Conception sonore et thermique haut de gamme<\/strong><\/h3>\n<p data-start=\"2445\" data-end=\"2705\">Le syst\u00e8me de refroidissement intelligent maintient de hautes performances, m\u00eame en usage intensif. Le son, clair et immersif, convient aussi bien au jeu qu\u2019\u00e0 la cr\u00e9ation.<\/p>\n<h3 data-start=\"2712\" data-end=\"2760\">\u26a1 <strong data-start=\"2718\" data-end=\"2760\">Connectique compl\u00e8te et design premium<\/strong><\/h3>\n<p data-start=\"2762\" data-end=\"3044\">Le HP OMEN MAX 16 offre une connectivit\u00e9 compl\u00e8te : USB-C, USB-A, HDMI 2.1, Wi-Fi 6E et Bluetooth 5.3. Son ch\u00e2ssis \u00e9l\u00e9gant et solide allie style et robustesse. Le clavier RGB personnalisable garantit un confort de frappe, m\u00eame dans le noir.<\/p>\n<h3 data-start=\"3051\" data-end=\"3102\">\u2705 <strong data-start=\"3057\" data-end=\"3100\">Caract\u00e9ristiques techniques principales<\/strong> :<\/h3>\n<ul data-start=\"3104\" data-end=\"3531\">\n<li data-start=\"3104\" data-end=\"3173\">\n<p data-start=\"3106\" data-end=\"3173\"><strong data-start=\"3106\" data-end=\"3120\">Processeur<\/strong> : AMD Ryzen\u2122 Ultra 9 275HX \u2013 16 c\u0153urs \/ 32 threads<\/p>\n<\/li>\n<li data-start=\"3174\" data-end=\"3237\">\n<p data-start=\"3176\" data-end=\"3237\"><strong data-start=\"3176\" data-end=\"3195\">Carte graphique<\/strong> : NVIDIA GeForce RTX 5090 \u2013 24 Go GDDR6<\/p>\n<\/li>\n<li data-start=\"3238\" data-end=\"3271\">\n<p data-start=\"3240\" data-end=\"3271\"><strong data-start=\"3240\" data-end=\"3256\">M\u00e9moire vive<\/strong> : 64 Go DDR5<\/p>\n<\/li>\n<li data-start=\"3272\" data-end=\"3309\">\n<p data-start=\"3274\" data-end=\"3309\"><strong data-start=\"3274\" data-end=\"3286\">Stockage<\/strong> : SSD NVMe PCIe 1 To<\/p>\n<\/li>\n<li data-start=\"3310\" data-end=\"3378\">\n<p data-start=\"3312\" data-end=\"3378\"><strong data-start=\"3312\" data-end=\"3321\">\u00c9cran<\/strong> : 16&#8243; OLED WQXGA (2560 x 1600) \u2013 240 Hz \u2013 Format 16:10<\/p>\n<\/li>\n<li data-start=\"3379\" data-end=\"3442\">\n<p data-start=\"3381\" data-end=\"3442\"><strong data-start=\"3381\" data-end=\"3397\">Connectivit\u00e9<\/strong> : Wi-Fi 6E, Bluetooth 5.3, USB-C, HDMI 2.1<\/p>\n<\/li>\n<li data-start=\"3443\" data-end=\"3484\">\n<p data-start=\"3445\" data-end=\"3484\"><strong data-start=\"3445\" data-end=\"3456\">Clavier<\/strong> : HyperX &#8211; SPANISH &#8211; r\u00e9tro\u00e9clair\u00e9 RGB<\/p>\n<\/li>\n<li data-start=\"3485\" data-end=\"3531\">\n<p data-start=\"3487\" data-end=\"3531\"><strong data-start=\"3487\" data-end=\"3513\">Syst\u00e8me d\u2019exploitation<\/strong> : Windows 11 Home<\/p>\n<\/li>\n<\/ul>\n","protected":false},"excerpt":{"rendered":"<p>Plongez dans une nouvelle \u00e8re de gaming et de cr\u00e9ation avec le <strong>HP OMEN GAMING MAX 16<\/strong>. Alliant puissance brute, design haut de gamme et \u00e9cran immersif, ce PC portable repousse toutes les limites. Que vous jouiez, cr\u00e9iez ou diffusiez du contenu, il vous offre une exp\u00e9rience ultra fluide, rapide et visuellement spectaculaire.<\/p>\n<h5><strong data-start=\"3057\" data-end=\"3100\">Caract\u00e9ristiques principales<\/strong> :<\/h5>\n<ul>\n<li data-start=\"\"><strong data-start=\"3106\" data-end=\"3120\">Processeur<\/strong> : AMD Ryzen\u2122 Ultra 9 275HX \u2013 16 c\u0153urs \/ 32 threads<\/li>\n<li data-start=\"3106\" data-end=\"3173\"><strong data-start=\"3176\" data-end=\"3195\">Carte graphique<\/strong> : NVIDIA GeForce RTX 5090 \u2013 24 Go GDDR6<\/li>\n<li data-start=\"3240\" data-end=\"3271\"><strong data-start=\"3240\" data-end=\"3256\">M\u00e9moire vive<\/strong> : 64 Go DDR5<\/li>\n<li class=\"yoast-text-mark\" data-start=\"3274\" data-end=\"&lt;strong data-start=\"><strong>Stockage :<\/strong> SSD NVMe PCIe 1 To<\/li>\n<li data-start=\"3312\" data-end=\"3378\"><strong data-start=\"3312\" data-end=\"3321\">\u00c9cran<\/strong> : 16&#8243; OLED WQXGA (2560 x 1600) \u2013 240 Hz \u2013 Format 16:10<\/li>\n<li data-start=\"3445\" data-end=\"3484\"><strong data-start=\"3445\" data-end=\"3456\">Clavier<\/strong> : HyperX &#8211; SPANISH &#8211; r\u00e9tro\u00e9clair\u00e9 RGB<\/li>\n<li data-start=\"3487\" data-end=\"3531\"><strong data-start=\"3487\" data-end=\"3513\">Syst\u00e8me d\u2019exploitation<\/strong> : Windows 11 Home<\/li>\n<li data-start=\"3487\" data-end=\"3531\"><strong>NEUF<\/strong> &#8211; AVEC EMBALLAGE<\/li>\n<\/ul>\n","protected":false},"featured_media":1017129,"template":"","meta":{"_acf_changed":false},"pwb-brand":[],"product_brand":[],"product_cat":[122,121,126],"product_tag":[],"pcb_component_type":[],"class_list":{"0":"post-17126","1":"product","2":"type-product","3":"status-publish","4":"has-post-thumbnail","6":"product_cat-gaming","7":"product_cat-pc-portable","8":"product_cat-professional","10":"first","11":"outofstock","12":"shipping-taxable","13":"product-type-simple"},"translation":{"provider":"WPGlobus","version":"3.0.2","language":"fr","enabled_languages":["en","es","de","fr","ru"],"languages":{"en":{"title":true,"content":true,"excerpt":true},"es":{"title":false,"content":false,"excerpt":false},"de":{"title":false,"content":false,"excerpt":false},"fr":{"title":false,"content":false,"excerpt":false},"ru":{"title":false,"content":false,"excerpt":false}}},"acf":[],"yoast_head":"<!-- This site is optimized with the Yoast SEO plugin v27.2 - https:\/\/yoast.com\/product\/yoast-seo-wordpress\/ -->\n<title>HP OMEN MAX 16: Performance de Jeu In\u00e9gal\u00e9e - Osaka<\/title>\n<meta name=\"robots\" content=\"index, follow, max-snippet:-1, max-image-preview:large, max-video-preview:-1\" \/>\n<link rel=\"canonical\" href=\"https:\/\/osaka.ma\/es\/product\/hp-omen-gaming-max-16-ah0008nf-ultra-9-275hx-rtx-5090-24gb-64gb-1tb-nvme-wqxga-oled-240hz-neuf-box\/\" \/>\n<meta property=\"og:locale\" content=\"fr_FR\" \/>\n<meta property=\"og:type\" content=\"article\" \/>\n<meta property=\"og:title\" content=\"HP OMEN GAMING MAX 16-ah0008nf Ultra 9 275HX | RTX 5090 24GB | 64GB | 1TB NVMe | WQXGA OLED 240Hz | NEUF BOX - Osaka\" \/>\n<meta property=\"og:url\" content=\"https:\/\/osaka.ma\/es\/product\/hp-omen-gaming-max-16-ah0008nf-ultra-9-275hx-rtx-5090-24gb-64gb-1tb-nvme-wqxga-oled-240hz-neuf-box\/\" \/>\n<meta property=\"og:site_name\" content=\"Osaka\" \/>\n<meta property=\"article:modified_time\" content=\"2025-08-08T11:25:08+00:00\" \/>\n<meta property=\"og:image\" content=\"https:\/\/osaka.ma\/wp-content\/uploads\/2025\/07\/HP-OMEN-GAMING-MAX-16.webp\" \/>\n\t<meta property=\"og:image:width\" content=\"1600\" \/>\n\t<meta property=\"og:image:height\" content=\"1360\" \/>\n\t<meta property=\"og:image:type\" content=\"image\/webp\" \/>\n<meta name=\"twitter:card\" content=\"summary_large_image\" \/>\n<meta name=\"twitter:label1\" content=\"Dur\u00e9e de lecture estim\u00e9e\" \/>\n\t<meta name=\"twitter:data1\" content=\"4 minutes\" \/>\n<script type=\"application\/ld+json\" class=\"yoast-schema-graph\">{\"@context\":\"https:\/\/schema.org\",\"@graph\":[{\"@type\":\"WebPage\",\"@id\":\"https:\/\/osaka.ma\/es\/product\/hp-omen-gaming-max-16-ah0008nf-ultra-9-275hx-rtx-5090-24gb-64gb-1tb-nvme-wqxga-oled-240hz-neuf-box\/\",\"url\":\"https:\/\/osaka.ma\/es\/product\/hp-omen-gaming-max-16-ah0008nf-ultra-9-275hx-rtx-5090-24gb-64gb-1tb-nvme-wqxga-oled-240hz-neuf-box\/\",\"name\":\"HP OMEN MAX 16: Performance de Jeu In\u00e9gal\u00e9e - Osaka\",\"isPartOf\":{\"@id\":\"https:\/\/osaka.ma\/#website\"},\"primaryImageOfPage\":{\"@id\":\"https:\/\/osaka.ma\/es\/product\/hp-omen-gaming-max-16-ah0008nf-ultra-9-275hx-rtx-5090-24gb-64gb-1tb-nvme-wqxga-oled-240hz-neuf-box\/#primaryimage\"},\"image\":{\"@id\":\"https:\/\/osaka.ma\/es\/product\/hp-omen-gaming-max-16-ah0008nf-ultra-9-275hx-rtx-5090-24gb-64gb-1tb-nvme-wqxga-oled-240hz-neuf-box\/#primaryimage\"},\"thumbnailUrl\":\"https:\/\/osaka.ma\/wp-content\/uploads\/2025\/07\/HP-OMEN-GAMING-MAX-16.webp\",\"datePublished\":\"2025-07-30T16:14:27+00:00\",\"dateModified\":\"2025-08-08T11:25:08+00:00\",\"description\":\"D\u00e9couvrez la puissance du HP OMEN MAX 16, parfait pour les gamers et cr\u00e9ateurs. Sa vitesse et ses graphismes fluides vous impressionneront !\",\"breadcrumb\":{\"@id\":\"https:\/\/osaka.ma\/es\/product\/hp-omen-gaming-max-16-ah0008nf-ultra-9-275hx-rtx-5090-24gb-64gb-1tb-nvme-wqxga-oled-240hz-neuf-box\/#breadcrumb\"},\"inLanguage\":\"fr-FR\",\"potentialAction\":[{\"@type\":\"ReadAction\",\"target\":[\"https:\/\/osaka.ma\/es\/product\/hp-omen-gaming-max-16-ah0008nf-ultra-9-275hx-rtx-5090-24gb-64gb-1tb-nvme-wqxga-oled-240hz-neuf-box\/\"]}]},{\"@type\":\"ImageObject\",\"inLanguage\":\"fr-FR\",\"@id\":\"https:\/\/osaka.ma\/es\/product\/hp-omen-gaming-max-16-ah0008nf-ultra-9-275hx-rtx-5090-24gb-64gb-1tb-nvme-wqxga-oled-240hz-neuf-box\/#primaryimage\",\"url\":\"https:\/\/osaka.ma\/wp-content\/uploads\/2025\/07\/HP-OMEN-GAMING-MAX-16.webp\",\"contentUrl\":\"https:\/\/osaka.ma\/wp-content\/uploads\/2025\/07\/HP-OMEN-GAMING-MAX-16.webp\",\"width\":1600,\"height\":1360,\"caption\":\"HP OMEN GAMING MAX 16\"},{\"@type\":\"BreadcrumbList\",\"@id\":\"https:\/\/osaka.ma\/es\/product\/hp-omen-gaming-max-16-ah0008nf-ultra-9-275hx-rtx-5090-24gb-64gb-1tb-nvme-wqxga-oled-240hz-neuf-box\/#breadcrumb\",\"itemListElement\":[{\"@type\":\"ListItem\",\"position\":1,\"name\":\"Home\",\"item\":\"https:\/\/osaka.ma\/\"},{\"@type\":\"ListItem\",\"position\":2,\"name\":\"Shop\",\"item\":\"https:\/\/osaka.ma\/shop-2\/\"},{\"@type\":\"ListItem\",\"position\":3,\"name\":\"HP OMEN GAMING MAX 16-ah0008nf Ultra 9 275HX | RTX 5090 24GB | 64GB | 1TB NVMe | WQXGA OLED 240Hz | NEUF BOX\"}]},{\"@type\":\"WebSite\",\"@id\":\"https:\/\/osaka.ma\/#website\",\"url\":\"https:\/\/osaka.ma\/\",\"name\":\"Osaka\",\"description\":\"\",\"publisher\":{\"@id\":\"https:\/\/osaka.ma\/#organization\"},\"potentialAction\":[{\"@type\":\"SearchAction\",\"target\":{\"@type\":\"EntryPoint\",\"urlTemplate\":\"https:\/\/osaka.ma\/?s={search_term_string}\"},\"query-input\":{\"@type\":\"PropertyValueSpecification\",\"valueRequired\":true,\"valueName\":\"search_term_string\"}}],\"inLanguage\":\"fr-FR\"},{\"@type\":\"Organization\",\"@id\":\"https:\/\/osaka.ma\/#organization\",\"name\":\"Osaka\",\"url\":\"https:\/\/osaka.ma\/\",\"logo\":{\"@type\":\"ImageObject\",\"inLanguage\":\"fr-FR\",\"@id\":\"https:\/\/osaka.ma\/#\/schema\/logo\/image\/\",\"url\":\"https:\/\/osaka.ma\/wp-content\/uploads\/2026\/01\/model-slogan-logo-2Plan-de-travail-1dksl-plus-finnn.png\",\"contentUrl\":\"https:\/\/osaka.ma\/wp-content\/uploads\/2026\/01\/model-slogan-logo-2Plan-de-travail-1dksl-plus-finnn.png\",\"width\":842,\"height\":226,\"caption\":\"Osaka\"},\"image\":{\"@id\":\"https:\/\/osaka.ma\/#\/schema\/logo\/image\/\"}}]}<\/script>\n<!-- \/ Yoast SEO plugin. -->","yoast_head_json":{"title":"HP OMEN MAX 16: Performance de Jeu In\u00e9gal\u00e9e - Osaka","robots":{"index":"index","follow":"follow","max-snippet":"max-snippet:-1","max-image-preview":"max-image-preview:large","max-video-preview":"max-video-preview:-1"},"canonical":"https:\/\/osaka.ma\/es\/product\/hp-omen-gaming-max-16-ah0008nf-ultra-9-275hx-rtx-5090-24gb-64gb-1tb-nvme-wqxga-oled-240hz-neuf-box\/","og_locale":"fr_FR","og_type":"article","og_title":"HP OMEN GAMING MAX 16-ah0008nf Ultra 9 275HX | RTX 5090 24GB | 64GB | 1TB NVMe | WQXGA OLED 240Hz | NEUF BOX - Osaka","og_url":"https:\/\/osaka.ma\/es\/product\/hp-omen-gaming-max-16-ah0008nf-ultra-9-275hx-rtx-5090-24gb-64gb-1tb-nvme-wqxga-oled-240hz-neuf-box\/","og_site_name":"Osaka","article_modified_time":"2025-08-08T11:25:08+00:00","og_image":[{"width":1600,"height":1360,"url":"https:\/\/osaka.ma\/wp-content\/uploads\/2025\/07\/HP-OMEN-GAMING-MAX-16.webp","type":"image\/webp"}],"twitter_card":"summary_large_image","twitter_misc":{"Dur\u00e9e de lecture estim\u00e9e":"4 minutes"},"schema":{"@context":"https:\/\/schema.org","@graph":[{"@type":"WebPage","@id":"https:\/\/osaka.ma\/es\/product\/hp-omen-gaming-max-16-ah0008nf-ultra-9-275hx-rtx-5090-24gb-64gb-1tb-nvme-wqxga-oled-240hz-neuf-box\/","url":"https:\/\/osaka.ma\/es\/product\/hp-omen-gaming-max-16-ah0008nf-ultra-9-275hx-rtx-5090-24gb-64gb-1tb-nvme-wqxga-oled-240hz-neuf-box\/","name":"HP OMEN MAX 16: Performance de Jeu In\u00e9gal\u00e9e - Osaka","isPartOf":{"@id":"https:\/\/osaka.ma\/#website"},"primaryImageOfPage":{"@id":"https:\/\/osaka.ma\/es\/product\/hp-omen-gaming-max-16-ah0008nf-ultra-9-275hx-rtx-5090-24gb-64gb-1tb-nvme-wqxga-oled-240hz-neuf-box\/#primaryimage"},"image":{"@id":"https:\/\/osaka.ma\/es\/product\/hp-omen-gaming-max-16-ah0008nf-ultra-9-275hx-rtx-5090-24gb-64gb-1tb-nvme-wqxga-oled-240hz-neuf-box\/#primaryimage"},"thumbnailUrl":"https:\/\/osaka.ma\/wp-content\/uploads\/2025\/07\/HP-OMEN-GAMING-MAX-16.webp","datePublished":"2025-07-30T16:14:27+00:00","dateModified":"2025-08-08T11:25:08+00:00","description":"D\u00e9couvrez la puissance du HP OMEN MAX 16, parfait pour les gamers et cr\u00e9ateurs. Sa vitesse et ses graphismes fluides vous impressionneront !","breadcrumb":{"@id":"https:\/\/osaka.ma\/es\/product\/hp-omen-gaming-max-16-ah0008nf-ultra-9-275hx-rtx-5090-24gb-64gb-1tb-nvme-wqxga-oled-240hz-neuf-box\/#breadcrumb"},"inLanguage":"fr-FR","potentialAction":[{"@type":"ReadAction","target":["https:\/\/osaka.ma\/es\/product\/hp-omen-gaming-max-16-ah0008nf-ultra-9-275hx-rtx-5090-24gb-64gb-1tb-nvme-wqxga-oled-240hz-neuf-box\/"]}]},{"@type":"ImageObject","inLanguage":"fr-FR","@id":"https:\/\/osaka.ma\/es\/product\/hp-omen-gaming-max-16-ah0008nf-ultra-9-275hx-rtx-5090-24gb-64gb-1tb-nvme-wqxga-oled-240hz-neuf-box\/#primaryimage","url":"https:\/\/osaka.ma\/wp-content\/uploads\/2025\/07\/HP-OMEN-GAMING-MAX-16.webp","contentUrl":"https:\/\/osaka.ma\/wp-content\/uploads\/2025\/07\/HP-OMEN-GAMING-MAX-16.webp","width":1600,"height":1360,"caption":"HP OMEN GAMING MAX 16"},{"@type":"BreadcrumbList","@id":"https:\/\/osaka.ma\/es\/product\/hp-omen-gaming-max-16-ah0008nf-ultra-9-275hx-rtx-5090-24gb-64gb-1tb-nvme-wqxga-oled-240hz-neuf-box\/#breadcrumb","itemListElement":[{"@type":"ListItem","position":1,"name":"Home","item":"https:\/\/osaka.ma\/"},{"@type":"ListItem","position":2,"name":"Shop","item":"https:\/\/osaka.ma\/shop-2\/"},{"@type":"ListItem","position":3,"name":"HP OMEN GAMING MAX 16-ah0008nf Ultra 9 275HX | RTX 5090 24GB | 64GB | 1TB NVMe | WQXGA OLED 240Hz | NEUF BOX"}]},{"@type":"WebSite","@id":"https:\/\/osaka.ma\/#website","url":"https:\/\/osaka.ma\/","name":"Osaka","description":"","publisher":{"@id":"https:\/\/osaka.ma\/#organization"},"potentialAction":[{"@type":"SearchAction","target":{"@type":"EntryPoint","urlTemplate":"https:\/\/osaka.ma\/?s={search_term_string}"},"query-input":{"@type":"PropertyValueSpecification","valueRequired":true,"valueName":"search_term_string"}}],"inLanguage":"fr-FR"},{"@type":"Organization","@id":"https:\/\/osaka.ma\/#organization","name":"Osaka","url":"https:\/\/osaka.ma\/","logo":{"@type":"ImageObject","inLanguage":"fr-FR","@id":"https:\/\/osaka.ma\/#\/schema\/logo\/image\/","url":"https:\/\/osaka.ma\/wp-content\/uploads\/2026\/01\/model-slogan-logo-2Plan-de-travail-1dksl-plus-finnn.png","contentUrl":"https:\/\/osaka.ma\/wp-content\/uploads\/2026\/01\/model-slogan-logo-2Plan-de-travail-1dksl-plus-finnn.png","width":842,"height":226,"caption":"Osaka"},"image":{"@id":"https:\/\/osaka.ma\/#\/schema\/logo\/image\/"}}]}},"jetpack_sharing_enabled":true,"brands":[],"_links":{"self":[{"href":"https:\/\/osaka.ma\/fr\/wp-json\/wp\/v2\/product\/17126","targetHints":{"allow":["GET"]}}],"collection":[{"href":"https:\/\/osaka.ma\/fr\/wp-json\/wp\/v2\/product"}],"about":[{"href":"https:\/\/osaka.ma\/fr\/wp-json\/wp\/v2\/types\/product"}],"version-history":[{"count":0,"href":"https:\/\/osaka.ma\/fr\/wp-json\/wp\/v2\/product\/17126\/revisions"}],"wp:featuredmedia":[{"embeddable":true,"href":"https:\/\/osaka.ma\/fr\/wp-json\/wp\/v2\/media\/1017129"}],"wp:attachment":[{"href":"https:\/\/osaka.ma\/fr\/wp-json\/wp\/v2\/media?parent=17126"}],"wp:term":[{"taxonomy":"pwb-brand","embeddable":true,"href":"https:\/\/osaka.ma\/fr\/wp-json\/wp\/v2\/pwb-brand?post=17126"},{"taxonomy":"product_brand","embeddable":true,"href":"https:\/\/osaka.ma\/fr\/wp-json\/wp\/v2\/product_brand?post=17126"},{"taxonomy":"product_cat","embeddable":true,"href":"https:\/\/osaka.ma\/fr\/wp-json\/wp\/v2\/product_cat?post=17126"},{"taxonomy":"product_tag","embeddable":true,"href":"https:\/\/osaka.ma\/fr\/wp-json\/wp\/v2\/product_tag?post=17126"},{"taxonomy":"pcb_component_type","embeddable":true,"href":"https:\/\/osaka.ma\/fr\/wp-json\/wp\/v2\/pcb_component_type?post=17126"}],"curies":[{"name":"wp","href":"https:\/\/api.w.org\/{rel}","templated":true}]}}