{"id":17188,"date":"2025-08-09T12:32:00","date_gmt":"2025-08-09T11:32:00","guid":{"rendered":"https:\/\/osaka.ma\/?post_type=product&#038;p=17188"},"modified":"2026-02-28T16:49:43","modified_gmt":"2026-02-28T15:49:43","slug":"corsair-hydro-x-series-xc7-rgb-pro","status":"publish","type":"product","link":"https:\/\/osaka.ma\/fr\/product\/corsair-hydro-x-series-xc7-rgb-pro\/","title":{"rendered":"CORSAIR HYDRO X SERIES XC7 RGB PRO"},"content":{"rendered":"<div class=\"logo\"><img decoding=\"async\" class=\"aligncenter\" src=\"https:\/\/media.ldlc.com\/v3\/marque\/bo\/00\/05\/72\/97\/V30005729722_2.jpg\" alt=\"Corsair\" \/><\/div>\n<div id=\"description\" class=\"description\">\n<div class=\"details-pdt-desc\">\n<h2 class=\"h2-master\">Waterblock aux LED personnalisables<\/h2>\n<section>\n<article class=\"text-token-text-primary w-full focus:outline-none scroll-mt-[calc(var(--header-height)+min(200px,max(70px,20svh)))]\" dir=\"auto\" tabindex=\"-1\" data-turn-id=\"request-689621f0-7cd8-8330-ad97-de0c8724dfc0-5\" data-testid=\"conversation-turn-22\" data-scroll-anchor=\"true\" data-turn=\"assistant\">\n<div class=\"text-base my-auto mx-auto pb-10 [--thread-content-margin:--spacing(4)] @[37rem]:[--thread-content-margin:--spacing(6)] @[72rem]:[--thread-content-margin:--spacing(16)] px-(--thread-content-margin)\">\n<div class=\"[--thread-content-max-width:32rem] @[34rem]:[--thread-content-max-width:40rem] @[64rem]:[--thread-content-max-width:48rem] mx-auto max-w-(--thread-content-max-width) flex-1 group\/turn-messages focus-visible:outline-hidden relative flex w-full min-w-0 flex-col agent-turn\" tabindex=\"-1\">\n<div class=\"flex max-w-full flex-col grow\">\n<div class=\"min-h-8 text-message relative flex w-full flex-col items-end gap-2 text-start break-words whitespace-normal [.text-message+&amp;]:mt-5\" dir=\"auto\" data-message-author-role=\"assistant\" data-message-id=\"634db3a8-4d45-497b-82d4-26298c1ab628\" data-message-model-slug=\"gpt-5\">\n<div class=\"flex w-full flex-col gap-1 empty:hidden first:pt-[3px]\">\n<div class=\"markdown prose dark:prose-invert w-full break-words dark markdown-new-styling\">\n<p data-start=\"0\" data-end=\"318\" data-is-last-node=\"\" data-is-only-node=\"\">Le <strong data-start=\"3\" data-end=\"41\">Corsair Hydro X Series XC7 RGB Pro<\/strong>, compatible Intel LGA 115X\/1200\/1700 et AMD AM4\/AM5, poss\u00e8de une base en nickel pour une dissipation optimale et un r\u00e9servoir transparent pour mettre en valeur le flux du liquide. Ses 16 LED RGB adressables se contr\u00f4lent via iCUE avec le Commander Pro ou le Lighting Node Pro.<\/p>\n<\/div>\n<\/div>\n<\/div>\n<\/div>\n<\/div>\n<\/div>\n<\/article>\n<\/section>\n<section>\n<h2>Caract\u00e9ristiques principales :<\/h2>\n<ul>\n<li><strong>Waterblock 16 LED RGB adressables<\/strong><\/li>\n<li>Sockets compatibles :\u00a0<strong>Intel LGA 1150\/1151\/1155\/1156\/1200\/1700 et AMD AM4\/AM5<\/strong><\/li>\n<li>Base en nickel<\/li>\n<li><strong>Support iCUE<\/strong>\u00a0avec le Corsair Commander Pro ou Corsair\u00a0Lighting Node Pro<\/li>\n<li>Filetage G 1\/4&#8243;<\/li>\n<\/ul>\n<\/section>\n<\/div>\n<\/div>\n","protected":false},"excerpt":{"rendered":"<h5>Waterblock RGB pour processeur pour socket Intel et AMD<\/h5>\n<p>Le <strong data-start=\"3\" data-end=\"41\">Corsair Hydro X Series XC7 RGB Pro<\/strong> est un waterblock CPU hautes performances, con\u00e7u pour un refroidissement optimal et un \u00e9clairage RGB personnalisable pour sublimer votre configuration.<\/p>\n<p>&nbsp;<\/p>\n","protected":false},"featured_media":1017189,"template":"","meta":{"_acf_changed":false},"pwb-brand":[],"product_brand":[],"product_cat":[17,82,196],"product_tag":[],"pcb_component_type":[],"class_list":{"0":"post-17188","1":"product","2":"type-product","3":"status-publish","4":"has-post-thumbnail","6":"product_cat-composants-gaming","7":"product_cat-refroidissement","8":"product_cat-watercooling-custom","10":"first","11":"instock","12":"sale","13":"shipping-taxable","14":"purchasable","15":"product-type-simple"},"translation":{"provider":"WPGlobus","version":"3.0.2","language":"fr","enabled_languages":["en","es","de","fr","ru"],"languages":{"en":{"title":true,"content":true,"excerpt":true},"es":{"title":false,"content":false,"excerpt":false},"de":{"title":false,"content":false,"excerpt":false},"fr":{"title":false,"content":false,"excerpt":false},"ru":{"title":false,"content":false,"excerpt":false}}},"acf":[],"yoast_head":"<!-- This site is optimized with the Yoast SEO plugin v27.2 - https:\/\/yoast.com\/product\/yoast-seo-wordpress\/ -->\n<title>CORSAIR HYDRO X SERIES XC7: Refroidissement Efficace - Osaka<\/title>\n<meta name=\"robots\" content=\"index, follow, max-snippet:-1, max-image-preview:large, max-video-preview:-1\" \/>\n<link rel=\"canonical\" href=\"https:\/\/osaka.ma\/product\/corsair-hydro-x-series-xc7-rgb-pro\/\" \/>\n<meta property=\"og:locale\" content=\"fr_FR\" \/>\n<meta property=\"og:type\" content=\"article\" \/>\n<meta property=\"og:title\" content=\"CORSAIR HYDRO X SERIES XC7 RGB PRO - Osaka\" \/>\n<meta property=\"og:url\" content=\"https:\/\/osaka.ma\/product\/corsair-hydro-x-series-xc7-rgb-pro\/\" \/>\n<meta property=\"og:site_name\" content=\"Osaka\" \/>\n<meta property=\"article:modified_time\" content=\"2026-02-28T15:49:43+00:00\" \/>\n<meta property=\"og:image\" content=\"https:\/\/osaka.ma\/wp-content\/uploads\/2025\/08\/CORSAIR-HYDRO-X-SERIES-XC7-RGB-PRO.jpg\" \/>\n\t<meta property=\"og:image:width\" content=\"1600\" \/>\n\t<meta property=\"og:image:height\" content=\"1600\" \/>\n\t<meta property=\"og:image:type\" content=\"image\/jpeg\" \/>\n<meta name=\"twitter:card\" content=\"summary_large_image\" \/>\n<meta name=\"twitter:label1\" content=\"Dur\u00e9e de lecture estim\u00e9e\" \/>\n\t<meta name=\"twitter:data1\" content=\"2 minutes\" \/>\n<script type=\"application\/ld+json\" class=\"yoast-schema-graph\">{\"@context\":\"https:\/\/schema.org\",\"@graph\":[{\"@type\":\"WebPage\",\"@id\":\"https:\/\/osaka.ma\/product\/corsair-hydro-x-series-xc7-rgb-pro\/\",\"url\":\"https:\/\/osaka.ma\/product\/corsair-hydro-x-series-xc7-rgb-pro\/\",\"name\":\"CORSAIR HYDRO X SERIES XC7: Refroidissement Efficace - Osaka\",\"isPartOf\":{\"@id\":\"https:\/\/osaka.ma\/#website\"},\"primaryImageOfPage\":{\"@id\":\"https:\/\/osaka.ma\/product\/corsair-hydro-x-series-xc7-rgb-pro\/#primaryimage\"},\"image\":{\"@id\":\"https:\/\/osaka.ma\/product\/corsair-hydro-x-series-xc7-rgb-pro\/#primaryimage\"},\"thumbnailUrl\":\"https:\/\/osaka.ma\/wp-content\/uploads\/2025\/08\/CORSAIR-HYDRO-X-SERIES-XC7-RGB-PRO.jpg\",\"datePublished\":\"2025-08-09T11:32:00+00:00\",\"dateModified\":\"2026-02-28T15:49:43+00:00\",\"description\":\"Optimisez votre refroidissement avec le waterblock Corsair Hydro X Series XC7. Profitez d'une circulation de liquide parfaite et d'effets lumineux !\",\"breadcrumb\":{\"@id\":\"https:\/\/osaka.ma\/product\/corsair-hydro-x-series-xc7-rgb-pro\/#breadcrumb\"},\"inLanguage\":\"fr-FR\",\"potentialAction\":[{\"@type\":\"ReadAction\",\"target\":[\"https:\/\/osaka.ma\/product\/corsair-hydro-x-series-xc7-rgb-pro\/\"]}]},{\"@type\":\"ImageObject\",\"inLanguage\":\"fr-FR\",\"@id\":\"https:\/\/osaka.ma\/product\/corsair-hydro-x-series-xc7-rgb-pro\/#primaryimage\",\"url\":\"https:\/\/osaka.ma\/wp-content\/uploads\/2025\/08\/CORSAIR-HYDRO-X-SERIES-XC7-RGB-PRO.jpg\",\"contentUrl\":\"https:\/\/osaka.ma\/wp-content\/uploads\/2025\/08\/CORSAIR-HYDRO-X-SERIES-XC7-RGB-PRO.jpg\",\"width\":1600,\"height\":1600,\"caption\":\"CORSAIR HYDRO X SERIES XC7 RGB PRO\"},{\"@type\":\"BreadcrumbList\",\"@id\":\"https:\/\/osaka.ma\/product\/corsair-hydro-x-series-xc7-rgb-pro\/#breadcrumb\",\"itemListElement\":[{\"@type\":\"ListItem\",\"position\":1,\"name\":\"Home\",\"item\":\"https:\/\/osaka.ma\/\"},{\"@type\":\"ListItem\",\"position\":2,\"name\":\"Shop\",\"item\":\"https:\/\/osaka.ma\/shop-2\/\"},{\"@type\":\"ListItem\",\"position\":3,\"name\":\"CORSAIR HYDRO X SERIES XC7 RGB PRO\"}]},{\"@type\":\"WebSite\",\"@id\":\"https:\/\/osaka.ma\/#website\",\"url\":\"https:\/\/osaka.ma\/\",\"name\":\"Osaka\",\"description\":\"\",\"publisher\":{\"@id\":\"https:\/\/osaka.ma\/#organization\"},\"potentialAction\":[{\"@type\":\"SearchAction\",\"target\":{\"@type\":\"EntryPoint\",\"urlTemplate\":\"https:\/\/osaka.ma\/?s={search_term_string}\"},\"query-input\":{\"@type\":\"PropertyValueSpecification\",\"valueRequired\":true,\"valueName\":\"search_term_string\"}}],\"inLanguage\":\"fr-FR\"},{\"@type\":\"Organization\",\"@id\":\"https:\/\/osaka.ma\/#organization\",\"name\":\"Osaka\",\"url\":\"https:\/\/osaka.ma\/\",\"logo\":{\"@type\":\"ImageObject\",\"inLanguage\":\"fr-FR\",\"@id\":\"https:\/\/osaka.ma\/#\/schema\/logo\/image\/\",\"url\":\"https:\/\/osaka.ma\/wp-content\/uploads\/2026\/01\/model-slogan-logo-2Plan-de-travail-1dksl-plus-finnn.png\",\"contentUrl\":\"https:\/\/osaka.ma\/wp-content\/uploads\/2026\/01\/model-slogan-logo-2Plan-de-travail-1dksl-plus-finnn.png\",\"width\":842,\"height\":226,\"caption\":\"Osaka\"},\"image\":{\"@id\":\"https:\/\/osaka.ma\/#\/schema\/logo\/image\/\"}}]}<\/script>\n<!-- \/ Yoast SEO plugin. -->","yoast_head_json":{"title":"CORSAIR HYDRO X SERIES XC7: Refroidissement Efficace - Osaka","robots":{"index":"index","follow":"follow","max-snippet":"max-snippet:-1","max-image-preview":"max-image-preview:large","max-video-preview":"max-video-preview:-1"},"canonical":"https:\/\/osaka.ma\/product\/corsair-hydro-x-series-xc7-rgb-pro\/","og_locale":"fr_FR","og_type":"article","og_title":"CORSAIR HYDRO X SERIES XC7 RGB PRO - Osaka","og_url":"https:\/\/osaka.ma\/product\/corsair-hydro-x-series-xc7-rgb-pro\/","og_site_name":"Osaka","article_modified_time":"2026-02-28T15:49:43+00:00","og_image":[{"width":1600,"height":1600,"url":"https:\/\/osaka.ma\/wp-content\/uploads\/2025\/08\/CORSAIR-HYDRO-X-SERIES-XC7-RGB-PRO.jpg","type":"image\/jpeg"}],"twitter_card":"summary_large_image","twitter_misc":{"Dur\u00e9e de lecture estim\u00e9e":"2 minutes"},"schema":{"@context":"https:\/\/schema.org","@graph":[{"@type":"WebPage","@id":"https:\/\/osaka.ma\/product\/corsair-hydro-x-series-xc7-rgb-pro\/","url":"https:\/\/osaka.ma\/product\/corsair-hydro-x-series-xc7-rgb-pro\/","name":"CORSAIR HYDRO X SERIES XC7: Refroidissement Efficace - Osaka","isPartOf":{"@id":"https:\/\/osaka.ma\/#website"},"primaryImageOfPage":{"@id":"https:\/\/osaka.ma\/product\/corsair-hydro-x-series-xc7-rgb-pro\/#primaryimage"},"image":{"@id":"https:\/\/osaka.ma\/product\/corsair-hydro-x-series-xc7-rgb-pro\/#primaryimage"},"thumbnailUrl":"https:\/\/osaka.ma\/wp-content\/uploads\/2025\/08\/CORSAIR-HYDRO-X-SERIES-XC7-RGB-PRO.jpg","datePublished":"2025-08-09T11:32:00+00:00","dateModified":"2026-02-28T15:49:43+00:00","description":"Optimisez votre refroidissement avec le waterblock Corsair Hydro X Series XC7. Profitez d'une circulation de liquide parfaite et d'effets lumineux !","breadcrumb":{"@id":"https:\/\/osaka.ma\/product\/corsair-hydro-x-series-xc7-rgb-pro\/#breadcrumb"},"inLanguage":"fr-FR","potentialAction":[{"@type":"ReadAction","target":["https:\/\/osaka.ma\/product\/corsair-hydro-x-series-xc7-rgb-pro\/"]}]},{"@type":"ImageObject","inLanguage":"fr-FR","@id":"https:\/\/osaka.ma\/product\/corsair-hydro-x-series-xc7-rgb-pro\/#primaryimage","url":"https:\/\/osaka.ma\/wp-content\/uploads\/2025\/08\/CORSAIR-HYDRO-X-SERIES-XC7-RGB-PRO.jpg","contentUrl":"https:\/\/osaka.ma\/wp-content\/uploads\/2025\/08\/CORSAIR-HYDRO-X-SERIES-XC7-RGB-PRO.jpg","width":1600,"height":1600,"caption":"CORSAIR HYDRO X SERIES XC7 RGB PRO"},{"@type":"BreadcrumbList","@id":"https:\/\/osaka.ma\/product\/corsair-hydro-x-series-xc7-rgb-pro\/#breadcrumb","itemListElement":[{"@type":"ListItem","position":1,"name":"Home","item":"https:\/\/osaka.ma\/"},{"@type":"ListItem","position":2,"name":"Shop","item":"https:\/\/osaka.ma\/shop-2\/"},{"@type":"ListItem","position":3,"name":"CORSAIR HYDRO X SERIES XC7 RGB PRO"}]},{"@type":"WebSite","@id":"https:\/\/osaka.ma\/#website","url":"https:\/\/osaka.ma\/","name":"Osaka","description":"","publisher":{"@id":"https:\/\/osaka.ma\/#organization"},"potentialAction":[{"@type":"SearchAction","target":{"@type":"EntryPoint","urlTemplate":"https:\/\/osaka.ma\/?s={search_term_string}"},"query-input":{"@type":"PropertyValueSpecification","valueRequired":true,"valueName":"search_term_string"}}],"inLanguage":"fr-FR"},{"@type":"Organization","@id":"https:\/\/osaka.ma\/#organization","name":"Osaka","url":"https:\/\/osaka.ma\/","logo":{"@type":"ImageObject","inLanguage":"fr-FR","@id":"https:\/\/osaka.ma\/#\/schema\/logo\/image\/","url":"https:\/\/osaka.ma\/wp-content\/uploads\/2026\/01\/model-slogan-logo-2Plan-de-travail-1dksl-plus-finnn.png","contentUrl":"https:\/\/osaka.ma\/wp-content\/uploads\/2026\/01\/model-slogan-logo-2Plan-de-travail-1dksl-plus-finnn.png","width":842,"height":226,"caption":"Osaka"},"image":{"@id":"https:\/\/osaka.ma\/#\/schema\/logo\/image\/"}}]}},"jetpack_sharing_enabled":true,"brands":[],"_links":{"self":[{"href":"https:\/\/osaka.ma\/fr\/wp-json\/wp\/v2\/product\/17188","targetHints":{"allow":["GET"]}}],"collection":[{"href":"https:\/\/osaka.ma\/fr\/wp-json\/wp\/v2\/product"}],"about":[{"href":"https:\/\/osaka.ma\/fr\/wp-json\/wp\/v2\/types\/product"}],"version-history":[{"count":0,"href":"https:\/\/osaka.ma\/fr\/wp-json\/wp\/v2\/product\/17188\/revisions"}],"wp:featuredmedia":[{"embeddable":true,"href":"https:\/\/osaka.ma\/fr\/wp-json\/wp\/v2\/media\/1017189"}],"wp:attachment":[{"href":"https:\/\/osaka.ma\/fr\/wp-json\/wp\/v2\/media?parent=17188"}],"wp:term":[{"taxonomy":"pwb-brand","embeddable":true,"href":"https:\/\/osaka.ma\/fr\/wp-json\/wp\/v2\/pwb-brand?post=17188"},{"taxonomy":"product_brand","embeddable":true,"href":"https:\/\/osaka.ma\/fr\/wp-json\/wp\/v2\/product_brand?post=17188"},{"taxonomy":"product_cat","embeddable":true,"href":"https:\/\/osaka.ma\/fr\/wp-json\/wp\/v2\/product_cat?post=17188"},{"taxonomy":"product_tag","embeddable":true,"href":"https:\/\/osaka.ma\/fr\/wp-json\/wp\/v2\/product_tag?post=17188"},{"taxonomy":"pcb_component_type","embeddable":true,"href":"https:\/\/osaka.ma\/fr\/wp-json\/wp\/v2\/pcb_component_type?post=17188"}],"curies":[{"name":"wp","href":"https:\/\/api.w.org\/{rel}","templated":true}]}}