{"id":17201,"date":"2025-08-09T13:44:22","date_gmt":"2025-08-09T12:44:22","guid":{"rendered":"https:\/\/osaka.ma\/?post_type=product&#038;p=17201"},"modified":"2025-10-12T13:08:50","modified_gmt":"2025-10-12T12:08:50","slug":"gigabyte-ud1000gm-pg5","status":"publish","type":"product","link":"https:\/\/osaka.ma\/fr\/product\/gigabyte-ud1000gm-pg5\/","title":{"rendered":"Gigabyte UD1000GM PG5"},"content":{"rendered":"<p><img decoding=\"async\" class=\"aligncenter\" src=\"https:\/\/media.ldlc.com\/v3\/marque\/190\/C000000990.gif\" alt=\"Gigaoctet\" \/><\/p>\n<div id=\"description\" class=\"description\">\n<div class=\"details-pdt-desc\">\n<h2 class=\"h2-master\"><span>Alimentation enti\u00e8rement modulaire 1000 W 80+ Gold<\/span><\/h2>\n<section><span>L&#8217;\u00a0alimentation PC\u00a0<\/span><strong><span>Gigabyte UD1000GM PG5 d\u00e9livre 1000 watts de puissance \u00e0 votre PC gaming et est certifi\u00e9e\u00a0<\/span><\/strong><strong><span>80+ Gold<\/span><\/strong><span>\u00a0. Sa\u00a0<\/span><strong><span>conception 100 % modulaire<\/span><\/strong><span>\u00a0vous permet d&#8217;installer uniquement les c\u00e2bles n\u00e9cessaires \u00e0 vos applications, r\u00e9duisant ainsi l&#8217;encombrement et optimisant la circulation de l&#8217;air pour une meilleure dissipation thermique.<\/span><\/p>\n<\/section>\n<section>\n<div class=\"desc-image\"><img decoding=\"async\" src=\"https:\/\/media.ldlc.com\/bo\/images\/fiches\/Alimentation\/gigabyte\/UD1000GM_PG5\/801.jpg\" alt=\"\" \/><\/div>\n<div class=\"desc-text\">\n<h2><span>Certification 80PLUS Gold et c\u00e2blage semi-modulaire<\/span><\/h2>\n<p><span>La certification 80 Plus Gold r\u00e9duit les pertes \u00e9lectriques, les \u00e9missions de chaleur et le bruit. Son\u00a0<\/span><strong><span>ventilateur de 120 mm \u00e0 roulements hydrauliques<\/span><\/strong><span>\u00a0r\u00e9duit le bruit tout en offrant d&#8217;excellentes performances.<\/span><\/p>\n<ul>\n<li><strong><span>Alimentation 1000 W 80PLUS Gold<\/span><\/strong><\/li>\n<li><strong><span>C\u00e2blage 100% modulaire<\/span><\/strong><\/li>\n<li><span>Condensateurs japonais de haute qualit\u00e9<\/span><\/li>\n<li><span>ventilateur de 120 mm<\/span><\/li>\n<\/ul>\n<\/div>\n<\/section>\n<\/div>\n<\/div>\n","protected":false},"excerpt":{"rendered":"<h5><strong>Alimentation 100 % modulaire 1000 W ATX 12 V, ventilateur 120 mm &#8211; 80PLUS Gold<\/strong><\/h5>\n<article class=\"text-token-text-primary w-full focus:outline-none scroll-mt-[calc(var(--header-height)+min(200px,max(70px,20svh)))]\" dir=\"auto\" tabindex=\"-1\" data-turn-id=\"request-689621f0-7cd8-8330-ad97-de0c8724dfc0-14\" data-testid=\"conversation-turn-40\" data-scroll-anchor=\"true\" data-turn=\"assistant\">\n<div class=\"text-base my-auto mx-auto pb-10 [--thread-content-margin:--spacing(4)] @[37rem]:[--thread-content-margin:--spacing(6)] @[72rem]:[--thread-content-margin:--spacing(16)] px-(--thread-content-margin)\">\n<div class=\"[--thread-content-max-width:32rem] @[34rem]:[--thread-content-max-width:40rem] @[64rem]:[--thread-content-max-width:48rem] mx-auto max-w-(--thread-content-max-width) flex-1 group\/turn-messages focus-visible:outline-hidden relative flex w-full min-w-0 flex-col agent-turn\" tabindex=\"-1\">\n<div class=\"flex max-w-full flex-col grow\">\n<div class=\"min-h-8 text-message relative flex w-full flex-col items-end gap-2 text-start break-words whitespace-normal [.text-message+&amp;]:mt-5\" dir=\"auto\" data-message-author-role=\"assistant\" data-message-id=\"4d5129b8-b36e-439d-bfd5-44d2b8da7299\" data-message-model-slug=\"gpt-4-1-mini\">\n<div class=\"flex w-full flex-col gap-1 empty:hidden first:pt-[3px]\">\n<div class=\"markdown prose dark:prose-invert w-full break-words dark markdown-new-styling\">\n<p data-start=\"0\" data-end=\"194\" data-is-last-node=\"\" data-is-only-node=\"\">La <strong data-start=\"3\" data-end=\"28\">Gigabyte UD1000GM PG5<\/strong> est une alimentation fiable de 1000 W, certifi\u00e9e 80 PLUS Gold, con\u00e7ue pour offrir une puissance stable et une efficacit\u00e9 optimale \u00e0 vos configurations PC exigeantes.<\/p>\n<\/div>\n<\/div>\n<\/div>\n<\/div>\n<\/div>\n<\/div>\n<\/article>\n","protected":false},"featured_media":1017202,"template":"","meta":{"_acf_changed":false},"pwb-brand":[],"product_brand":[],"product_cat":[29,17],"product_tag":[],"pcb_component_type":[],"class_list":{"0":"post-17201","1":"product","2":"type-product","3":"status-publish","4":"has-post-thumbnail","6":"product_cat-blocs-dalimentation","7":"product_cat-composants-gaming","9":"first","10":"outofstock","11":"shipping-taxable","12":"product-type-simple"},"translation":{"provider":"WPGlobus","version":"3.0.2","language":"fr","enabled_languages":["en","es","de","fr","ru"],"languages":{"en":{"title":true,"content":true,"excerpt":true},"es":{"title":false,"content":false,"excerpt":false},"de":{"title":false,"content":false,"excerpt":false},"fr":{"title":false,"content":false,"excerpt":false},"ru":{"title":false,"content":false,"excerpt":false}}},"acf":[],"yoast_head":"<!-- This site is optimized with the Yoast SEO plugin v27.2 - https:\/\/yoast.com\/product\/yoast-seo-wordpress\/ -->\n<title>Gigabyte UD1000GM PG5: Alimentation 1000W Gold - Osaka<\/title>\n<meta name=\"robots\" content=\"index, follow, max-snippet:-1, max-image-preview:large, max-video-preview:-1\" \/>\n<link rel=\"canonical\" href=\"https:\/\/osaka.ma\/product\/gigabyte-ud1000gm-pg5\/\" \/>\n<meta property=\"og:locale\" content=\"fr_FR\" \/>\n<meta property=\"og:type\" content=\"article\" \/>\n<meta property=\"og:title\" content=\"Gigabyte UD1000GM PG5 - Osaka\" \/>\n<meta property=\"og:url\" content=\"https:\/\/osaka.ma\/product\/gigabyte-ud1000gm-pg5\/\" \/>\n<meta property=\"og:site_name\" content=\"Osaka\" \/>\n<meta property=\"article:modified_time\" content=\"2025-10-12T12:08:50+00:00\" \/>\n<meta property=\"og:image\" content=\"https:\/\/osaka.ma\/wp-content\/uploads\/2025\/08\/Gigabyte-UD1000GM-PG5.jpg\" \/>\n\t<meta property=\"og:image:width\" content=\"1600\" \/>\n\t<meta property=\"og:image:height\" content=\"1600\" \/>\n\t<meta property=\"og:image:type\" content=\"image\/jpeg\" \/>\n<meta name=\"twitter:card\" content=\"summary_large_image\" \/>\n<meta name=\"twitter:label1\" content=\"Dur\u00e9e de lecture estim\u00e9e\" \/>\n\t<meta name=\"twitter:data1\" content=\"3 minutes\" \/>\n<script type=\"application\/ld+json\" class=\"yoast-schema-graph\">{\"@context\":\"https:\/\/schema.org\",\"@graph\":[{\"@type\":\"WebPage\",\"@id\":\"https:\/\/osaka.ma\/product\/gigabyte-ud1000gm-pg5\/\",\"url\":\"https:\/\/osaka.ma\/product\/gigabyte-ud1000gm-pg5\/\",\"name\":\"Gigabyte UD1000GM PG5: Alimentation 1000W Gold - Osaka\",\"isPartOf\":{\"@id\":\"https:\/\/osaka.ma\/#website\"},\"primaryImageOfPage\":{\"@id\":\"https:\/\/osaka.ma\/product\/gigabyte-ud1000gm-pg5\/#primaryimage\"},\"image\":{\"@id\":\"https:\/\/osaka.ma\/product\/gigabyte-ud1000gm-pg5\/#primaryimage\"},\"thumbnailUrl\":\"https:\/\/osaka.ma\/wp-content\/uploads\/2025\/08\/Gigabyte-UD1000GM-PG5.jpg\",\"datePublished\":\"2025-08-09T12:44:22+00:00\",\"dateModified\":\"2025-10-12T12:08:50+00:00\",\"description\":\"Offrez \u00e0 votre PC gaming la puissance incroyable de 1000 watts avec l'alimentation Gigabyte UD1000GM PG5, certifi\u00e9e 80+ Gold. Commandez d\u00e8s maintenant !\",\"breadcrumb\":{\"@id\":\"https:\/\/osaka.ma\/product\/gigabyte-ud1000gm-pg5\/#breadcrumb\"},\"inLanguage\":\"fr-FR\",\"potentialAction\":[{\"@type\":\"ReadAction\",\"target\":[\"https:\/\/osaka.ma\/product\/gigabyte-ud1000gm-pg5\/\"]}]},{\"@type\":\"ImageObject\",\"inLanguage\":\"fr-FR\",\"@id\":\"https:\/\/osaka.ma\/product\/gigabyte-ud1000gm-pg5\/#primaryimage\",\"url\":\"https:\/\/osaka.ma\/wp-content\/uploads\/2025\/08\/Gigabyte-UD1000GM-PG5.jpg\",\"contentUrl\":\"https:\/\/osaka.ma\/wp-content\/uploads\/2025\/08\/Gigabyte-UD1000GM-PG5.jpg\",\"width\":1600,\"height\":1600,\"caption\":\"Gigabyte UD1000GM PG5\"},{\"@type\":\"BreadcrumbList\",\"@id\":\"https:\/\/osaka.ma\/product\/gigabyte-ud1000gm-pg5\/#breadcrumb\",\"itemListElement\":[{\"@type\":\"ListItem\",\"position\":1,\"name\":\"Home\",\"item\":\"https:\/\/osaka.ma\/\"},{\"@type\":\"ListItem\",\"position\":2,\"name\":\"Shop\",\"item\":\"https:\/\/osaka.ma\/shop-2\/\"},{\"@type\":\"ListItem\",\"position\":3,\"name\":\"Gigabyte UD1000GM PG5\"}]},{\"@type\":\"WebSite\",\"@id\":\"https:\/\/osaka.ma\/#website\",\"url\":\"https:\/\/osaka.ma\/\",\"name\":\"Osaka\",\"description\":\"\",\"publisher\":{\"@id\":\"https:\/\/osaka.ma\/#organization\"},\"potentialAction\":[{\"@type\":\"SearchAction\",\"target\":{\"@type\":\"EntryPoint\",\"urlTemplate\":\"https:\/\/osaka.ma\/?s={search_term_string}\"},\"query-input\":{\"@type\":\"PropertyValueSpecification\",\"valueRequired\":true,\"valueName\":\"search_term_string\"}}],\"inLanguage\":\"fr-FR\"},{\"@type\":\"Organization\",\"@id\":\"https:\/\/osaka.ma\/#organization\",\"name\":\"Osaka\",\"url\":\"https:\/\/osaka.ma\/\",\"logo\":{\"@type\":\"ImageObject\",\"inLanguage\":\"fr-FR\",\"@id\":\"https:\/\/osaka.ma\/#\/schema\/logo\/image\/\",\"url\":\"https:\/\/osaka.ma\/wp-content\/uploads\/2026\/01\/model-slogan-logo-2Plan-de-travail-1dksl-plus-finnn.png\",\"contentUrl\":\"https:\/\/osaka.ma\/wp-content\/uploads\/2026\/01\/model-slogan-logo-2Plan-de-travail-1dksl-plus-finnn.png\",\"width\":842,\"height\":226,\"caption\":\"Osaka\"},\"image\":{\"@id\":\"https:\/\/osaka.ma\/#\/schema\/logo\/image\/\"}}]}<\/script>\n<!-- \/ Yoast SEO plugin. -->","yoast_head_json":{"title":"Gigabyte UD1000GM PG5: Alimentation 1000W Gold - Osaka","robots":{"index":"index","follow":"follow","max-snippet":"max-snippet:-1","max-image-preview":"max-image-preview:large","max-video-preview":"max-video-preview:-1"},"canonical":"https:\/\/osaka.ma\/product\/gigabyte-ud1000gm-pg5\/","og_locale":"fr_FR","og_type":"article","og_title":"Gigabyte UD1000GM PG5 - Osaka","og_url":"https:\/\/osaka.ma\/product\/gigabyte-ud1000gm-pg5\/","og_site_name":"Osaka","article_modified_time":"2025-10-12T12:08:50+00:00","og_image":[{"width":1600,"height":1600,"url":"https:\/\/osaka.ma\/wp-content\/uploads\/2025\/08\/Gigabyte-UD1000GM-PG5.jpg","type":"image\/jpeg"}],"twitter_card":"summary_large_image","twitter_misc":{"Dur\u00e9e de lecture estim\u00e9e":"3 minutes"},"schema":{"@context":"https:\/\/schema.org","@graph":[{"@type":"WebPage","@id":"https:\/\/osaka.ma\/product\/gigabyte-ud1000gm-pg5\/","url":"https:\/\/osaka.ma\/product\/gigabyte-ud1000gm-pg5\/","name":"Gigabyte UD1000GM PG5: Alimentation 1000W Gold - Osaka","isPartOf":{"@id":"https:\/\/osaka.ma\/#website"},"primaryImageOfPage":{"@id":"https:\/\/osaka.ma\/product\/gigabyte-ud1000gm-pg5\/#primaryimage"},"image":{"@id":"https:\/\/osaka.ma\/product\/gigabyte-ud1000gm-pg5\/#primaryimage"},"thumbnailUrl":"https:\/\/osaka.ma\/wp-content\/uploads\/2025\/08\/Gigabyte-UD1000GM-PG5.jpg","datePublished":"2025-08-09T12:44:22+00:00","dateModified":"2025-10-12T12:08:50+00:00","description":"Offrez \u00e0 votre PC gaming la puissance incroyable de 1000 watts avec l'alimentation Gigabyte UD1000GM PG5, certifi\u00e9e 80+ Gold. Commandez d\u00e8s maintenant !","breadcrumb":{"@id":"https:\/\/osaka.ma\/product\/gigabyte-ud1000gm-pg5\/#breadcrumb"},"inLanguage":"fr-FR","potentialAction":[{"@type":"ReadAction","target":["https:\/\/osaka.ma\/product\/gigabyte-ud1000gm-pg5\/"]}]},{"@type":"ImageObject","inLanguage":"fr-FR","@id":"https:\/\/osaka.ma\/product\/gigabyte-ud1000gm-pg5\/#primaryimage","url":"https:\/\/osaka.ma\/wp-content\/uploads\/2025\/08\/Gigabyte-UD1000GM-PG5.jpg","contentUrl":"https:\/\/osaka.ma\/wp-content\/uploads\/2025\/08\/Gigabyte-UD1000GM-PG5.jpg","width":1600,"height":1600,"caption":"Gigabyte UD1000GM PG5"},{"@type":"BreadcrumbList","@id":"https:\/\/osaka.ma\/product\/gigabyte-ud1000gm-pg5\/#breadcrumb","itemListElement":[{"@type":"ListItem","position":1,"name":"Home","item":"https:\/\/osaka.ma\/"},{"@type":"ListItem","position":2,"name":"Shop","item":"https:\/\/osaka.ma\/shop-2\/"},{"@type":"ListItem","position":3,"name":"Gigabyte UD1000GM PG5"}]},{"@type":"WebSite","@id":"https:\/\/osaka.ma\/#website","url":"https:\/\/osaka.ma\/","name":"Osaka","description":"","publisher":{"@id":"https:\/\/osaka.ma\/#organization"},"potentialAction":[{"@type":"SearchAction","target":{"@type":"EntryPoint","urlTemplate":"https:\/\/osaka.ma\/?s={search_term_string}"},"query-input":{"@type":"PropertyValueSpecification","valueRequired":true,"valueName":"search_term_string"}}],"inLanguage":"fr-FR"},{"@type":"Organization","@id":"https:\/\/osaka.ma\/#organization","name":"Osaka","url":"https:\/\/osaka.ma\/","logo":{"@type":"ImageObject","inLanguage":"fr-FR","@id":"https:\/\/osaka.ma\/#\/schema\/logo\/image\/","url":"https:\/\/osaka.ma\/wp-content\/uploads\/2026\/01\/model-slogan-logo-2Plan-de-travail-1dksl-plus-finnn.png","contentUrl":"https:\/\/osaka.ma\/wp-content\/uploads\/2026\/01\/model-slogan-logo-2Plan-de-travail-1dksl-plus-finnn.png","width":842,"height":226,"caption":"Osaka"},"image":{"@id":"https:\/\/osaka.ma\/#\/schema\/logo\/image\/"}}]}},"jetpack_sharing_enabled":true,"brands":[],"_links":{"self":[{"href":"https:\/\/osaka.ma\/fr\/wp-json\/wp\/v2\/product\/17201","targetHints":{"allow":["GET"]}}],"collection":[{"href":"https:\/\/osaka.ma\/fr\/wp-json\/wp\/v2\/product"}],"about":[{"href":"https:\/\/osaka.ma\/fr\/wp-json\/wp\/v2\/types\/product"}],"version-history":[{"count":0,"href":"https:\/\/osaka.ma\/fr\/wp-json\/wp\/v2\/product\/17201\/revisions"}],"wp:featuredmedia":[{"embeddable":true,"href":"https:\/\/osaka.ma\/fr\/wp-json\/wp\/v2\/media\/1017202"}],"wp:attachment":[{"href":"https:\/\/osaka.ma\/fr\/wp-json\/wp\/v2\/media?parent=17201"}],"wp:term":[{"taxonomy":"pwb-brand","embeddable":true,"href":"https:\/\/osaka.ma\/fr\/wp-json\/wp\/v2\/pwb-brand?post=17201"},{"taxonomy":"product_brand","embeddable":true,"href":"https:\/\/osaka.ma\/fr\/wp-json\/wp\/v2\/product_brand?post=17201"},{"taxonomy":"product_cat","embeddable":true,"href":"https:\/\/osaka.ma\/fr\/wp-json\/wp\/v2\/product_cat?post=17201"},{"taxonomy":"product_tag","embeddable":true,"href":"https:\/\/osaka.ma\/fr\/wp-json\/wp\/v2\/product_tag?post=17201"},{"taxonomy":"pcb_component_type","embeddable":true,"href":"https:\/\/osaka.ma\/fr\/wp-json\/wp\/v2\/pcb_component_type?post=17201"}],"curies":[{"name":"wp","href":"https:\/\/api.w.org\/{rel}","templated":true}]}}