{"id":17410,"date":"2025-08-19T18:55:17","date_gmt":"2025-08-19T17:55:17","guid":{"rendered":"https:\/\/osaka.ma\/?post_type=product&#038;p=17410"},"modified":"2026-01-10T16:32:55","modified_gmt":"2026-01-10T15:32:55","slug":"gigabyte-x870e-aorus-pro","status":"publish","type":"product","link":"https:\/\/osaka.ma\/fr\/product\/gigabyte-x870e-aorus-pro\/","title":{"rendered":"Gigabyte X870E AORUS PRO"},"content":{"rendered":"<div class=\"logo\"><img decoding=\"async\" class=\"aligncenter\" src=\"https:\/\/media.ldlc.com\/v3\/marque\/190\/C000000990.gif\" alt=\"Gigabyte\" \/><\/div>\n<div id=\"description\" class=\"description\">\n<div class=\"details-pdt-desc\">\n<h2 class=\"h2-master\">Carte m\u00e8re\u00a0Gaming socket AM5, DDR5 et PCI-Express 5.0<\/h2>\n<section>La carte m\u00e8re<strong>\u00a0Gigabyte X870E AORUS PRO\u00a0<\/strong>embarque le\u00a0<strong>chipset AMD X870E\u00a0<\/strong>ce qui la rend id\u00e9ale pour poser les bases d&#8217;une configuration gaming hautes performances. Son\u00a0<strong>socket AMD AM5<\/strong>\u00a0lui permet de prendre en charge un processeur\u00a0<strong>AMD Ryzen 7000\/8000\/9000<\/strong>. Elle est dot\u00e9e de 4 emplacements<strong>\u00a0DDR5<\/strong>, peut exploiter les\u00a0<strong>cartes graphiques et les SSD M.2 NVMe<\/strong>\u00a0\u00e0 la norme\u00a0<strong>PCI Express 5.0\u00a0<\/strong>pour des performances d\u00e9coiffantes. Elle est dot\u00e9e d&#8217;une connectivit\u00e9 compl\u00e8te avec du r\u00e9seau<strong>\u00a0LAN 2.5 GbE<\/strong>,\u00a0<strong>Wi-Fi 7<\/strong>\u00a0et du\u00a0<strong>Bluetooth 5.3<\/strong>\u00a0ainsi que de l&#8217;USB 3.2 et 4.0.<\/section>\n<section>\n<div class=\"desc-image\"><img decoding=\"async\" src=\"https:\/\/media.ldlc.com\/bo\/images\/fiches\/carte-mere\/Gigabyte\/x870\/gigabyte_x870e_aorus_pro.jpg\" alt=\"\" \/><\/div>\n<div class=\"desc-text\">\n<h2>Les plus de la Gigabyte X870E AORUS PRO<\/h2>\n<ul>\n<li><strong>Socket AMD AM5<\/strong>\u00a0pour processeur\u00a0<strong>AMD Ryzen 7000\/8000\/9000<\/strong><\/li>\n<li><strong>4 Slots m\u00e9moire DDR5\u00a0<\/strong>8200 MHz (OC) Dual-Channel avec support EXPO et XMP<\/li>\n<li>Stockage nouvelle g\u00e9n\u00e9ration :\u00a0<strong>3 x M.2 PCIe 5.0<\/strong>\u00a0+ 1 x M.2 PCIe 4.0<\/li>\n<li>EZ-Latch PLus : Verrouillage\/D\u00e9verrouillage rapide du PCIe 5.0 x16 et des M.2 (pas besoin de vis)<\/li>\n<li>Dissipation efficace avec radiateurs sur les VRM (VRM Thermal Armor) et pour les SSD M.2 avec Thermal Guard L<\/li>\n<li><strong>Wi-Fi 7 et Bluetooth 5.3 + LAN 2.5 GbE<\/strong><\/li>\n<li>Partie audio soign\u00e9e avec chipset Realtek ALC1220<\/li>\n<li><strong>2 ports USB4 Type C<\/strong>\u00a0compatibles DP-Alt mode<\/li>\n<li>Q-Flash Plus : Mise \u00e0 jour du BIOS sans Installer de Processeur, de M\u00e9moire ou de Carte Graphique<\/li>\n<\/ul>\n<\/div>\n<\/section>\n<section>\n<div class=\"desc-text\">\n<h2>Jouer dans les meilleures conditions<\/h2>\n<p>Les fr\u00e9quences \u00e9lev\u00e9es des processeurs\u00a0<strong>AMD Ryzen Zen 5<\/strong>\u00a0sont une v\u00e9ritable aubaine pour les joueurs. Choisissez les bons composants et concevez un PC Gaming surpuissant, sans latences et pr\u00eat \u00e0 servir quand il faut. Prenez l&#8217;avantage sur vos adversaires et atteignez des sommets gr\u00e2ce aux processeurs\u00a0<strong>AMD Ryzen 9000<\/strong>\u00a0et aux cartes m\u00e8res\u00a0<strong>AMD AM5<\/strong>.<\/p>\n<\/div>\n<div class=\"desc-image\"><img decoding=\"async\" src=\"https:\/\/media.ldlc.com\/bo\/images\/fiches\/Processeur\/AMD\/amd_ryzen_9000_002.jpg\" alt=\"\" \/><\/div>\n<\/section>\n<\/div>\n<h3>Caract\u00e9ritiques Principales :<\/h3>\n<ul>\n<li><strong>Socket :<\/strong>\u00a0AM5 (AMD Ryzen\u2122 7000\/8000\/9000 Series)<\/li>\n<li><strong>Chipset :<\/strong>\u00a0AMD X870E<\/li>\n<li><strong>Slots RAM :<\/strong>\u00a04 x DDR5 DIMM (Support EXPO\/XMP)\u00a0510<\/li>\n<li><strong>M\u00e9moire max. :<\/strong>\u00a0256 Go (DDR5)<\/li>\n<li><strong>Slots PCI Express :<\/strong>\n<ul>\n<li>1 x PCIe 5.0 x16 (Renforc\u00e9)<\/li>\n<li>1 x PCIe 4.0 x16 (Mode x4)<\/li>\n<li>1 x PCIe 3.0 x16 (Mode x2)<\/li>\n<\/ul>\n<\/li>\n<li><strong>Format :<\/strong>\u00a0ATX (30.5 x 24.4 cm)<\/li>\n<li><strong>Connecteurs RGB :<\/strong>\n<ul>\n<li>3 headers ARGB (adressables)<\/li>\n<li>1 header RGB (standard)<\/li>\n<\/ul>\n<\/li>\n<\/ul>\n<\/div>\n","protected":false},"excerpt":{"rendered":"<h6>Carte m\u00e8re ATX Socket AM5 AMD X870E &#8211; 4x DDR5 &#8211; M.2 PCIe 5.0 &#8211; USB4 &#8211; PCI-Express 5.0 16x &#8211; Wi-Fi 7\/Bluetooth 5.3 &#8211; LAN 2.5 GbE<\/h6>\n<p><strong>Gigabyte X870E AORUS PRO<\/strong>\u00a0\u2013 La carte m\u00e8re ultime pour AMD Ryzen. Alimentation VRM 16+2+2 phases, PCIe 5.0, USB4\u00ae et Wi-Fi 7. Con\u00e7ue pour la performance pure et l\u2019esth\u00e9tique. Parfaite pour gaming et cr\u00e9ation.<\/p>\n","protected":false},"featured_media":1017411,"template":"","meta":{"_acf_changed":false},"pwb-brand":[],"product_brand":[],"product_cat":[94,84,17],"product_tag":[],"pcb_component_type":[],"class_list":{"0":"post-17410","1":"product","2":"type-product","3":"status-publish","4":"has-post-thumbnail","6":"product_cat-amd-carte-mere","7":"product_cat-carte-mere","8":"product_cat-composants-gaming","10":"first","11":"outofstock","12":"shipping-taxable","13":"product-type-simple"},"translation":{"provider":"WPGlobus","version":"3.0.2","language":"fr","enabled_languages":["en","es","de","fr","ru"],"languages":{"en":{"title":true,"content":true,"excerpt":true},"es":{"title":false,"content":false,"excerpt":false},"de":{"title":false,"content":false,"excerpt":false},"fr":{"title":false,"content":false,"excerpt":false},"ru":{"title":false,"content":false,"excerpt":false}}},"acf":[],"yoast_head":"<!-- This site is optimized with the Yoast SEO plugin v27.2 - https:\/\/yoast.com\/product\/yoast-seo-wordpress\/ -->\n<title>Gigabyte X870E AORUS PRO: Carte m\u00e8re Performante - Osaka<\/title>\n<meta name=\"robots\" content=\"index, follow, max-snippet:-1, max-image-preview:large, max-video-preview:-1\" \/>\n<link rel=\"canonical\" href=\"https:\/\/osaka.ma\/product\/gigabyte-x870e-aorus-pro\/\" \/>\n<meta property=\"og:locale\" content=\"fr_FR\" \/>\n<meta property=\"og:type\" content=\"article\" \/>\n<meta property=\"og:title\" content=\"Gigabyte X870E AORUS PRO - Osaka\" \/>\n<meta property=\"og:url\" content=\"https:\/\/osaka.ma\/product\/gigabyte-x870e-aorus-pro\/\" \/>\n<meta property=\"og:site_name\" content=\"Osaka\" \/>\n<meta property=\"article:modified_time\" content=\"2026-01-10T15:32:55+00:00\" \/>\n<meta property=\"og:image\" content=\"https:\/\/osaka.ma\/wp-content\/uploads\/2025\/08\/GIGABYTE-AORUS-PRO-X870E.jpg\" \/>\n\t<meta property=\"og:image:width\" content=\"600\" \/>\n\t<meta property=\"og:image:height\" content=\"600\" \/>\n\t<meta property=\"og:image:type\" content=\"image\/jpeg\" \/>\n<meta name=\"twitter:card\" content=\"summary_large_image\" \/>\n<meta name=\"twitter:label1\" content=\"Dur\u00e9e de lecture estim\u00e9e\" \/>\n\t<meta name=\"twitter:data1\" content=\"4 minutes\" \/>\n<script type=\"application\/ld+json\" class=\"yoast-schema-graph\">{\"@context\":\"https:\/\/schema.org\",\"@graph\":[{\"@type\":\"WebPage\",\"@id\":\"https:\/\/osaka.ma\/product\/gigabyte-x870e-aorus-pro\/\",\"url\":\"https:\/\/osaka.ma\/product\/gigabyte-x870e-aorus-pro\/\",\"name\":\"Gigabyte X870E AORUS PRO: Carte m\u00e8re Performante - Osaka\",\"isPartOf\":{\"@id\":\"https:\/\/osaka.ma\/#website\"},\"primaryImageOfPage\":{\"@id\":\"https:\/\/osaka.ma\/product\/gigabyte-x870e-aorus-pro\/#primaryimage\"},\"image\":{\"@id\":\"https:\/\/osaka.ma\/product\/gigabyte-x870e-aorus-pro\/#primaryimage\"},\"thumbnailUrl\":\"https:\/\/osaka.ma\/wp-content\/uploads\/2025\/08\/GIGABYTE-AORUS-PRO-X870E.jpg\",\"datePublished\":\"2025-08-19T17:55:17+00:00\",\"dateModified\":\"2026-01-10T15:32:55+00:00\",\"description\":\"Maximisez vos performances de jeu avec la carte m\u00e8re Gigabyte X870E AORUS PRO. Compatible avec les processeurs AMD Ryzen - Osaka PC Gamer - Maroc\",\"breadcrumb\":{\"@id\":\"https:\/\/osaka.ma\/product\/gigabyte-x870e-aorus-pro\/#breadcrumb\"},\"inLanguage\":\"fr-FR\",\"potentialAction\":[{\"@type\":\"ReadAction\",\"target\":[\"https:\/\/osaka.ma\/product\/gigabyte-x870e-aorus-pro\/\"]}]},{\"@type\":\"ImageObject\",\"inLanguage\":\"fr-FR\",\"@id\":\"https:\/\/osaka.ma\/product\/gigabyte-x870e-aorus-pro\/#primaryimage\",\"url\":\"https:\/\/osaka.ma\/wp-content\/uploads\/2025\/08\/GIGABYTE-AORUS-PRO-X870E.jpg\",\"contentUrl\":\"https:\/\/osaka.ma\/wp-content\/uploads\/2025\/08\/GIGABYTE-AORUS-PRO-X870E.jpg\",\"width\":600,\"height\":600,\"caption\":\"Gigabyte X870E AORUS PRO - OSAKA PC GAMER - MAROC\"},{\"@type\":\"BreadcrumbList\",\"@id\":\"https:\/\/osaka.ma\/product\/gigabyte-x870e-aorus-pro\/#breadcrumb\",\"itemListElement\":[{\"@type\":\"ListItem\",\"position\":1,\"name\":\"Home\",\"item\":\"https:\/\/osaka.ma\/\"},{\"@type\":\"ListItem\",\"position\":2,\"name\":\"Shop\",\"item\":\"https:\/\/osaka.ma\/shop-2\/\"},{\"@type\":\"ListItem\",\"position\":3,\"name\":\"Gigabyte X870E AORUS PRO\"}]},{\"@type\":\"WebSite\",\"@id\":\"https:\/\/osaka.ma\/#website\",\"url\":\"https:\/\/osaka.ma\/\",\"name\":\"Osaka\",\"description\":\"\",\"publisher\":{\"@id\":\"https:\/\/osaka.ma\/#organization\"},\"potentialAction\":[{\"@type\":\"SearchAction\",\"target\":{\"@type\":\"EntryPoint\",\"urlTemplate\":\"https:\/\/osaka.ma\/?s={search_term_string}\"},\"query-input\":{\"@type\":\"PropertyValueSpecification\",\"valueRequired\":true,\"valueName\":\"search_term_string\"}}],\"inLanguage\":\"fr-FR\"},{\"@type\":\"Organization\",\"@id\":\"https:\/\/osaka.ma\/#organization\",\"name\":\"Osaka\",\"url\":\"https:\/\/osaka.ma\/\",\"logo\":{\"@type\":\"ImageObject\",\"inLanguage\":\"fr-FR\",\"@id\":\"https:\/\/osaka.ma\/#\/schema\/logo\/image\/\",\"url\":\"https:\/\/osaka.ma\/wp-content\/uploads\/2026\/01\/model-slogan-logo-2Plan-de-travail-1dksl-plus-finnn.png\",\"contentUrl\":\"https:\/\/osaka.ma\/wp-content\/uploads\/2026\/01\/model-slogan-logo-2Plan-de-travail-1dksl-plus-finnn.png\",\"width\":842,\"height\":226,\"caption\":\"Osaka\"},\"image\":{\"@id\":\"https:\/\/osaka.ma\/#\/schema\/logo\/image\/\"}}]}<\/script>\n<!-- \/ Yoast SEO plugin. -->","yoast_head_json":{"title":"Gigabyte X870E AORUS PRO: Carte m\u00e8re Performante - Osaka","robots":{"index":"index","follow":"follow","max-snippet":"max-snippet:-1","max-image-preview":"max-image-preview:large","max-video-preview":"max-video-preview:-1"},"canonical":"https:\/\/osaka.ma\/product\/gigabyte-x870e-aorus-pro\/","og_locale":"fr_FR","og_type":"article","og_title":"Gigabyte X870E AORUS PRO - Osaka","og_url":"https:\/\/osaka.ma\/product\/gigabyte-x870e-aorus-pro\/","og_site_name":"Osaka","article_modified_time":"2026-01-10T15:32:55+00:00","og_image":[{"width":600,"height":600,"url":"https:\/\/osaka.ma\/wp-content\/uploads\/2025\/08\/GIGABYTE-AORUS-PRO-X870E.jpg","type":"image\/jpeg"}],"twitter_card":"summary_large_image","twitter_misc":{"Dur\u00e9e de lecture estim\u00e9e":"4 minutes"},"schema":{"@context":"https:\/\/schema.org","@graph":[{"@type":"WebPage","@id":"https:\/\/osaka.ma\/product\/gigabyte-x870e-aorus-pro\/","url":"https:\/\/osaka.ma\/product\/gigabyte-x870e-aorus-pro\/","name":"Gigabyte X870E AORUS PRO: Carte m\u00e8re Performante - Osaka","isPartOf":{"@id":"https:\/\/osaka.ma\/#website"},"primaryImageOfPage":{"@id":"https:\/\/osaka.ma\/product\/gigabyte-x870e-aorus-pro\/#primaryimage"},"image":{"@id":"https:\/\/osaka.ma\/product\/gigabyte-x870e-aorus-pro\/#primaryimage"},"thumbnailUrl":"https:\/\/osaka.ma\/wp-content\/uploads\/2025\/08\/GIGABYTE-AORUS-PRO-X870E.jpg","datePublished":"2025-08-19T17:55:17+00:00","dateModified":"2026-01-10T15:32:55+00:00","description":"Maximisez vos performances de jeu avec la carte m\u00e8re Gigabyte X870E AORUS PRO. Compatible avec les processeurs AMD Ryzen - Osaka PC Gamer - Maroc","breadcrumb":{"@id":"https:\/\/osaka.ma\/product\/gigabyte-x870e-aorus-pro\/#breadcrumb"},"inLanguage":"fr-FR","potentialAction":[{"@type":"ReadAction","target":["https:\/\/osaka.ma\/product\/gigabyte-x870e-aorus-pro\/"]}]},{"@type":"ImageObject","inLanguage":"fr-FR","@id":"https:\/\/osaka.ma\/product\/gigabyte-x870e-aorus-pro\/#primaryimage","url":"https:\/\/osaka.ma\/wp-content\/uploads\/2025\/08\/GIGABYTE-AORUS-PRO-X870E.jpg","contentUrl":"https:\/\/osaka.ma\/wp-content\/uploads\/2025\/08\/GIGABYTE-AORUS-PRO-X870E.jpg","width":600,"height":600,"caption":"Gigabyte X870E AORUS PRO - OSAKA PC GAMER - MAROC"},{"@type":"BreadcrumbList","@id":"https:\/\/osaka.ma\/product\/gigabyte-x870e-aorus-pro\/#breadcrumb","itemListElement":[{"@type":"ListItem","position":1,"name":"Home","item":"https:\/\/osaka.ma\/"},{"@type":"ListItem","position":2,"name":"Shop","item":"https:\/\/osaka.ma\/shop-2\/"},{"@type":"ListItem","position":3,"name":"Gigabyte X870E AORUS PRO"}]},{"@type":"WebSite","@id":"https:\/\/osaka.ma\/#website","url":"https:\/\/osaka.ma\/","name":"Osaka","description":"","publisher":{"@id":"https:\/\/osaka.ma\/#organization"},"potentialAction":[{"@type":"SearchAction","target":{"@type":"EntryPoint","urlTemplate":"https:\/\/osaka.ma\/?s={search_term_string}"},"query-input":{"@type":"PropertyValueSpecification","valueRequired":true,"valueName":"search_term_string"}}],"inLanguage":"fr-FR"},{"@type":"Organization","@id":"https:\/\/osaka.ma\/#organization","name":"Osaka","url":"https:\/\/osaka.ma\/","logo":{"@type":"ImageObject","inLanguage":"fr-FR","@id":"https:\/\/osaka.ma\/#\/schema\/logo\/image\/","url":"https:\/\/osaka.ma\/wp-content\/uploads\/2026\/01\/model-slogan-logo-2Plan-de-travail-1dksl-plus-finnn.png","contentUrl":"https:\/\/osaka.ma\/wp-content\/uploads\/2026\/01\/model-slogan-logo-2Plan-de-travail-1dksl-plus-finnn.png","width":842,"height":226,"caption":"Osaka"},"image":{"@id":"https:\/\/osaka.ma\/#\/schema\/logo\/image\/"}}]}},"jetpack_sharing_enabled":true,"brands":[],"_links":{"self":[{"href":"https:\/\/osaka.ma\/fr\/wp-json\/wp\/v2\/product\/17410","targetHints":{"allow":["GET"]}}],"collection":[{"href":"https:\/\/osaka.ma\/fr\/wp-json\/wp\/v2\/product"}],"about":[{"href":"https:\/\/osaka.ma\/fr\/wp-json\/wp\/v2\/types\/product"}],"version-history":[{"count":0,"href":"https:\/\/osaka.ma\/fr\/wp-json\/wp\/v2\/product\/17410\/revisions"}],"wp:featuredmedia":[{"embeddable":true,"href":"https:\/\/osaka.ma\/fr\/wp-json\/wp\/v2\/media\/1017411"}],"wp:attachment":[{"href":"https:\/\/osaka.ma\/fr\/wp-json\/wp\/v2\/media?parent=17410"}],"wp:term":[{"taxonomy":"pwb-brand","embeddable":true,"href":"https:\/\/osaka.ma\/fr\/wp-json\/wp\/v2\/pwb-brand?post=17410"},{"taxonomy":"product_brand","embeddable":true,"href":"https:\/\/osaka.ma\/fr\/wp-json\/wp\/v2\/product_brand?post=17410"},{"taxonomy":"product_cat","embeddable":true,"href":"https:\/\/osaka.ma\/fr\/wp-json\/wp\/v2\/product_cat?post=17410"},{"taxonomy":"product_tag","embeddable":true,"href":"https:\/\/osaka.ma\/fr\/wp-json\/wp\/v2\/product_tag?post=17410"},{"taxonomy":"pcb_component_type","embeddable":true,"href":"https:\/\/osaka.ma\/fr\/wp-json\/wp\/v2\/pcb_component_type?post=17410"}],"curies":[{"name":"wp","href":"https:\/\/api.w.org\/{rel}","templated":true}]}}