{"id":17453,"date":"2025-08-25T11:19:15","date_gmt":"2025-08-25T10:19:15","guid":{"rendered":"https:\/\/osaka.ma\/?post_type=product&#038;p=17453"},"modified":"2025-08-31T22:56:20","modified_gmt":"2025-08-31T21:56:20","slug":"gigabyte-aorus-16x-x6lag-i9-14900hx-rtx-4070-8gb-32gb-2tb-qhd-165hz-azerty-rgb-comme-neuf","status":"publish","type":"product","link":"https:\/\/osaka.ma\/fr\/product\/gigabyte-aorus-16x-x6lag-i9-14900hx-rtx-4070-8gb-32gb-2tb-qhd-165hz-azerty-rgb-comme-neuf\/","title":{"rendered":"GIGABYTE AORUS 16X X6LAG | i9-14900HX | RTX 4070 8GB | 32GB | 2TB | QHD+ 165Hz | AZERTY RGB | Comme Neuf"},"content":{"rendered":"<div class=\"logo\"><img decoding=\"async\" class=\"aligncenter\" src=\"https:\/\/media.ldlc.com\/v3\/marque\/190\/C000000990.gif\" alt=\"Gigaoctet\" \/><\/div>\n<div id=\"description\" class=\"description\">\n<div class=\"details-pdt-desc\">\n<h2 class=\"h2-master\"><span dir=\"auto\">Hautes performances et confort de jeu parfait<\/span><\/h2>\n<section><span dir=\"auto\">L&#8217;\u00a0<\/span><strong><span dir=\"auto\">ordinateur portable gamer AORUS 16X<\/span><\/strong><span dir=\"auto\">\u00a0offre des performances \u00e9lev\u00e9es et un \u00e9cran confortable. Gr\u00e2ce \u00e0 l&#8217;intelligence artificielle g\u00e9n\u00e9rative, il offre une efficacit\u00e9 accrue. Ai Nexus, une exp\u00e9rience d&#8217;IA fluide pour les joueurs et les cr\u00e9ateurs, propulse la gestion de l&#8217;\u00e9nergie, les performances de jeu et les logiciels d&#8217;IA g\u00e9n\u00e9rative \u00e0 un niveau sup\u00e9rieur.<\/span><\/section>\n<section>\n<div class=\"desc-image\"><img decoding=\"async\" src=\"https:\/\/media.ldlc.com\/bo\/images\/fiches\/pc_portables\/gigabyte\/aorus_16x\/801.jpg\" alt=\"\" \/><\/div>\n<div class=\"desc-text\">\n<h2><span dir=\"auto\">Processeur Intel Core i9-14900HX<\/span><\/h2>\n<p><span dir=\"auto\">Les processeurs Intel Core HX de 14e g\u00e9n\u00e9ration offrent une exp\u00e9rience immersive exceptionnelle pour les jeux et la cr\u00e9ation intensifs, gr\u00e2ce \u00e0 une technologie de c\u0153ur \u00e9tendue, des exp\u00e9riences immersives et une nouvelle g\u00e9n\u00e9ration de processeurs Intel Core HX. Ces processeurs offrent des performances am\u00e9lior\u00e9es con\u00e7ues pour offrir des exp\u00e9riences immersives. Ils utilisent une architecture hybride hautes performances combinant deux microarchitectures de c\u0153urs sur une seule puce.<\/span><\/p>\n<\/div>\n<\/section>\n<section>\n<div class=\"desc-text\">\n<h2><span dir=\"auto\">NVIDIA GeForce RTX 4070<\/span><\/h2>\n<p><span dir=\"auto\">Les puces graphiques pour ordinateurs portables NVIDIA GeForce RTX s\u00e9rie 40 sont id\u00e9ales pour les joueurs et les cr\u00e9ateurs. Bas\u00e9es sur l&#8217;architecture NVIDIA Ada Lovelace ultra-performante, elles offrent des performances exceptionnelles gr\u00e2ce au DLSS 3 optimis\u00e9 par l&#8217;IA et permettent de cr\u00e9er des mondes virtuels r\u00e9alistes gr\u00e2ce au ray tracing complet. De plus, la suite de technologies Max-Q optimise les performances du syst\u00e8me, la consommation d&#8217;\u00e9nergie, l&#8217;autonomie et l&#8217;acoustique pour une efficacit\u00e9 maximale.<\/span><\/p>\n<\/div>\n<div class=\"desc-image\"><img decoding=\"async\" src=\"https:\/\/media.ldlc.com\/bo\/images\/fiches\/pc_portables\/gigabyte\/aorus_16x\/802.jpg\" alt=\"\" \/><\/div>\n<\/section>\n<section>\n<div class=\"desc-image\"><img decoding=\"async\" src=\"https:\/\/media.ldlc.com\/bo\/images\/fiches\/pc_portables\/gigabyte\/aorus_16x\/803.jpg\" alt=\"\" \/><\/div>\n<div class=\"desc-text\">\n<h2><span dir=\"auto\">\u00c9cran Gamer QHD+ avec fr\u00e9quence d&#8217;images de 165 Hz<\/span><\/h2>\n<p><span dir=\"auto\">Avec une fr\u00e9quence d&#8217;image de 165 Hz, l&#8217;\u00e9cran du PC portable AORUS 15 offre un affichage d&#8217;une grande fluidit\u00e9. Associant des composants hautes performances \u00e0 un affichage ultra-fluide, ce PC portable gamer vous offrira l&#8217;exp\u00e9rience de jeu que vous recherchez, avec des mouvements rapides et d\u00e9taill\u00e9s et des performances am\u00e9lior\u00e9es. Avec en prime un cadre fin de 3 mm, l&#8217;immersion est totale\u00a0!<\/span><\/p>\n<\/div>\n<\/section>\n<section class=\"list\">\n<h2><span dir=\"auto\">Caract\u00e9ristiques principales :<\/span><\/h2>\n<ul>\n<li><span dir=\"auto\">Couleur gris nuit<\/span><\/li>\n<li><strong><span dir=\"auto\">Processeur Intel Core i9-14900HX<\/span><\/strong><span dir=\"auto\">\u00a0(8 c\u0153urs performants 2,2 GHz \/ 5,8 GHz Turbo + 16 c\u0153urs efficaces 1,6 GHz \/ 4,1 GHz Turbo &#8211; 32 threads &#8211; 36 Mo de cache)<\/span><\/li>\n<li><span dir=\"auto\">M\u00e9moire DDR5 5600 MHz SO-DIMM 32 Go (2 emplacements pour un maximum de 64 Go)<\/span><\/li>\n<li><span dir=\"auto\">\u00c9cran 16&#8243; au format 16\/10 avec r\u00e9solution QHD+ et\u00a0<\/span><strong><span dir=\"auto\">fr\u00e9quence d&#8217;affichage de 165 Hz<\/span><\/strong><\/li>\n<li><strong><span dir=\"auto\">Puce graphique NVIDIA GeForce RTX 4070<\/span><\/strong><span dir=\"auto\">\u00a0avec 8 Go de m\u00e9moire GDDR6 (2175 MHz &#8211; 140 W)<\/span><\/li>\n<li><strong><span dir=\"auto\">SSD PCIe M.2 2 To (2 x 1 To)<\/span><\/strong><\/li>\n<li><span dir=\"auto\">Clavier <strong>AZERTY<\/strong> gamer avec r\u00e9tro\u00e9clairage RVB \u00e0 3 zones<\/span><\/li>\n<li><span dir=\"auto\">Communication sans fil hautes performances Wi-Fi 7 + Bluetooth 5.4<\/span><\/li>\n<li><span dir=\"auto\">Syst\u00e8me de dissipation thermique haute performance WINDFORCE Infinity<\/span><\/li>\n<li><span dir=\"auto\">Adaptateur secteur de 240 watts (puissance d\u00e9livr\u00e9e de 100 watts)<\/span><\/li>\n<li><strong><span dir=\"auto\">Windows 11 Famille<\/span><\/strong><\/li>\n<li><strong>Comme Neuf<\/strong> &#8211; Sans bo\u00eete ( Utilis\u00e9 57 Jours )<\/li>\n<\/ul>\n<\/section>\n<\/div>\n<\/div>\n","protected":false},"excerpt":{"rendered":"<h5><span dir=\"auto\">Caract\u00e9ristiques principales :<\/span><\/h5>\n<ul>\n<li><strong><span dir=\"auto\">Processeur Intel Core i9-14900HX<\/span><\/strong><span dir=\"auto\"> (8 c\u0153urs 5,8 GHz Turbo + 16 c\u0153urs 4,1 GHz Turbo )<\/span><\/li>\n<li><span dir=\"auto\"><strong> 32 Go<\/strong> de M\u00e9moire <strong>DDR5 5600 MHz<\/strong><\/span><\/li>\n<li><span dir=\"auto\">\u00c9cran <strong>16&#8243;<\/strong> au format 16\/10 avec r\u00e9solution QHD+ et\u00a0<\/span><strong><span dir=\"auto\">fr\u00e9quence d&#8217;affichage de 165 Hz<\/span><\/strong><\/li>\n<li><strong><span dir=\"auto\">Puce graphique NVIDIA GeForce RTX 4070<\/span><\/strong><span dir=\"auto\"> 8 Go GDDR6<\/span><\/li>\n<li><strong><span dir=\"auto\"> 2 To\u00a0SSD PCIe M.2<\/span><\/strong><\/li>\n<li>Clavier <strong>AZERTY<\/strong> R\u00e9tro-\u00e9clair\u00e9 <strong>RVB<\/strong><\/li>\n<li><strong><span dir=\"auto\">Windows 11 Famille<\/span><\/strong><\/li>\n<li><strong>Comme Neuf<\/strong> &#8211; Sans bo\u00eete<\/li>\n<\/ul>\n","protected":false},"featured_media":1017458,"template":"","meta":{"_acf_changed":false},"pwb-brand":[],"product_brand":[],"product_cat":[122,121],"product_tag":[],"pcb_component_type":[],"class_list":{"0":"post-17453","1":"product","2":"type-product","3":"status-publish","4":"has-post-thumbnail","6":"product_cat-gaming","7":"product_cat-pc-portable","9":"first","10":"outofstock","11":"shipping-taxable","12":"product-type-simple"},"translation":{"provider":"WPGlobus","version":"3.0.2","language":"fr","enabled_languages":["en","es","de","fr","ru"],"languages":{"en":{"title":true,"content":true,"excerpt":true},"es":{"title":false,"content":false,"excerpt":false},"de":{"title":false,"content":false,"excerpt":false},"fr":{"title":false,"content":false,"excerpt":false},"ru":{"title":false,"content":false,"excerpt":false}}},"acf":[],"yoast_head":"<!-- This site is optimized with the Yoast SEO plugin v27.2 - https:\/\/yoast.com\/product\/yoast-seo-wordpress\/ -->\n<title>GIGABYTE AORUS 16X X6LAG: Efficacit\u00e9 et Performance - Osaka<\/title>\n<meta name=\"robots\" content=\"index, follow, max-snippet:-1, max-image-preview:large, max-video-preview:-1\" \/>\n<link rel=\"canonical\" href=\"https:\/\/osaka.ma\/product\/gigabyte-aorus-16x-x6lag-i9-14900hx-rtx-4070-8gb-32gb-2tb-qhd-165hz-azerty-rgb-comme-neuf\/\" \/>\n<meta property=\"og:locale\" content=\"fr_FR\" \/>\n<meta property=\"og:type\" content=\"article\" \/>\n<meta property=\"og:title\" content=\"GIGABYTE AORUS 16X X6LAG | i9-14900HX | RTX 4070 8GB | 32GB | 2TB | QHD+ 165Hz | AZERTY RGB | Comme Neuf - Osaka\" \/>\n<meta property=\"og:url\" content=\"https:\/\/osaka.ma\/product\/gigabyte-aorus-16x-x6lag-i9-14900hx-rtx-4070-8gb-32gb-2tb-qhd-165hz-azerty-rgb-comme-neuf\/\" \/>\n<meta property=\"og:site_name\" content=\"Osaka\" \/>\n<meta property=\"article:modified_time\" content=\"2025-08-31T21:56:20+00:00\" \/>\n<meta property=\"og:image\" content=\"https:\/\/osaka.ma\/wp-content\/uploads\/2025\/08\/AORUS-16X.jpg\" \/>\n\t<meta property=\"og:image:width\" content=\"1600\" \/>\n\t<meta property=\"og:image:height\" content=\"1600\" \/>\n\t<meta property=\"og:image:type\" content=\"image\/jpeg\" \/>\n<meta name=\"twitter:card\" content=\"summary_large_image\" \/>\n<meta name=\"twitter:label1\" content=\"Dur\u00e9e de lecture estim\u00e9e\" \/>\n\t<meta name=\"twitter:data1\" content=\"5 minutes\" \/>\n<script type=\"application\/ld+json\" class=\"yoast-schema-graph\">{\"@context\":\"https:\/\/schema.org\",\"@graph\":[{\"@type\":\"WebPage\",\"@id\":\"https:\/\/osaka.ma\/product\/gigabyte-aorus-16x-x6lag-i9-14900hx-rtx-4070-8gb-32gb-2tb-qhd-165hz-azerty-rgb-comme-neuf\/\",\"url\":\"https:\/\/osaka.ma\/product\/gigabyte-aorus-16x-x6lag-i9-14900hx-rtx-4070-8gb-32gb-2tb-qhd-165hz-azerty-rgb-comme-neuf\/\",\"name\":\"GIGABYTE AORUS 16X X6LAG: Efficacit\u00e9 et Performance - Osaka\",\"isPartOf\":{\"@id\":\"https:\/\/osaka.ma\/#website\"},\"primaryImageOfPage\":{\"@id\":\"https:\/\/osaka.ma\/product\/gigabyte-aorus-16x-x6lag-i9-14900hx-rtx-4070-8gb-32gb-2tb-qhd-165hz-azerty-rgb-comme-neuf\/#primaryimage\"},\"image\":{\"@id\":\"https:\/\/osaka.ma\/product\/gigabyte-aorus-16x-x6lag-i9-14900hx-rtx-4070-8gb-32gb-2tb-qhd-165hz-azerty-rgb-comme-neuf\/#primaryimage\"},\"thumbnailUrl\":\"https:\/\/osaka.ma\/wp-content\/uploads\/2025\/08\/AORUS-16X.jpg\",\"datePublished\":\"2025-08-25T10:19:15+00:00\",\"dateModified\":\"2025-08-31T21:56:20+00:00\",\"description\":\"D\u00e9couvrez des performances in\u00e9gal\u00e9es avec le GIGABYTE AORUS 16X X6LAG | i9-14900HX | RTX 4070 8GB | 32GB | 2TB | QHD+ 165Hz | Osaka PC Gamer | Maroc\",\"breadcrumb\":{\"@id\":\"https:\/\/osaka.ma\/product\/gigabyte-aorus-16x-x6lag-i9-14900hx-rtx-4070-8gb-32gb-2tb-qhd-165hz-azerty-rgb-comme-neuf\/#breadcrumb\"},\"inLanguage\":\"fr-FR\",\"potentialAction\":[{\"@type\":\"ReadAction\",\"target\":[\"https:\/\/osaka.ma\/product\/gigabyte-aorus-16x-x6lag-i9-14900hx-rtx-4070-8gb-32gb-2tb-qhd-165hz-azerty-rgb-comme-neuf\/\"]}]},{\"@type\":\"ImageObject\",\"inLanguage\":\"fr-FR\",\"@id\":\"https:\/\/osaka.ma\/product\/gigabyte-aorus-16x-x6lag-i9-14900hx-rtx-4070-8gb-32gb-2tb-qhd-165hz-azerty-rgb-comme-neuf\/#primaryimage\",\"url\":\"https:\/\/osaka.ma\/wp-content\/uploads\/2025\/08\/AORUS-16X.jpg\",\"contentUrl\":\"https:\/\/osaka.ma\/wp-content\/uploads\/2025\/08\/AORUS-16X.jpg\",\"width\":1600,\"height\":1600,\"caption\":\"GIGABYTE AORUS 16X X6LAG | i9-14900HX | RTX 4070 8GB | 32GB | 2TB | QHD+ 165Hz | Comme Neuf | Osaka PC Gamer | Maroc |\"},{\"@type\":\"BreadcrumbList\",\"@id\":\"https:\/\/osaka.ma\/product\/gigabyte-aorus-16x-x6lag-i9-14900hx-rtx-4070-8gb-32gb-2tb-qhd-165hz-azerty-rgb-comme-neuf\/#breadcrumb\",\"itemListElement\":[{\"@type\":\"ListItem\",\"position\":1,\"name\":\"Home\",\"item\":\"https:\/\/osaka.ma\/\"},{\"@type\":\"ListItem\",\"position\":2,\"name\":\"Shop\",\"item\":\"https:\/\/osaka.ma\/shop-2\/\"},{\"@type\":\"ListItem\",\"position\":3,\"name\":\"GIGABYTE AORUS 16X X6LAG | i9-14900HX | RTX 4070 8GB | 32GB | 2TB | QHD+ 165Hz | AZERTY RGB | Comme Neuf\"}]},{\"@type\":\"WebSite\",\"@id\":\"https:\/\/osaka.ma\/#website\",\"url\":\"https:\/\/osaka.ma\/\",\"name\":\"Osaka\",\"description\":\"\",\"publisher\":{\"@id\":\"https:\/\/osaka.ma\/#organization\"},\"potentialAction\":[{\"@type\":\"SearchAction\",\"target\":{\"@type\":\"EntryPoint\",\"urlTemplate\":\"https:\/\/osaka.ma\/?s={search_term_string}\"},\"query-input\":{\"@type\":\"PropertyValueSpecification\",\"valueRequired\":true,\"valueName\":\"search_term_string\"}}],\"inLanguage\":\"fr-FR\"},{\"@type\":\"Organization\",\"@id\":\"https:\/\/osaka.ma\/#organization\",\"name\":\"Osaka\",\"url\":\"https:\/\/osaka.ma\/\",\"logo\":{\"@type\":\"ImageObject\",\"inLanguage\":\"fr-FR\",\"@id\":\"https:\/\/osaka.ma\/#\/schema\/logo\/image\/\",\"url\":\"https:\/\/osaka.ma\/wp-content\/uploads\/2026\/01\/model-slogan-logo-2Plan-de-travail-1dksl-plus-finnn.png\",\"contentUrl\":\"https:\/\/osaka.ma\/wp-content\/uploads\/2026\/01\/model-slogan-logo-2Plan-de-travail-1dksl-plus-finnn.png\",\"width\":842,\"height\":226,\"caption\":\"Osaka\"},\"image\":{\"@id\":\"https:\/\/osaka.ma\/#\/schema\/logo\/image\/\"}}]}<\/script>\n<!-- \/ Yoast SEO plugin. -->","yoast_head_json":{"title":"GIGABYTE AORUS 16X X6LAG: Efficacit\u00e9 et Performance - Osaka","robots":{"index":"index","follow":"follow","max-snippet":"max-snippet:-1","max-image-preview":"max-image-preview:large","max-video-preview":"max-video-preview:-1"},"canonical":"https:\/\/osaka.ma\/product\/gigabyte-aorus-16x-x6lag-i9-14900hx-rtx-4070-8gb-32gb-2tb-qhd-165hz-azerty-rgb-comme-neuf\/","og_locale":"fr_FR","og_type":"article","og_title":"GIGABYTE AORUS 16X X6LAG | i9-14900HX | RTX 4070 8GB | 32GB | 2TB | QHD+ 165Hz | AZERTY RGB | Comme Neuf - Osaka","og_url":"https:\/\/osaka.ma\/product\/gigabyte-aorus-16x-x6lag-i9-14900hx-rtx-4070-8gb-32gb-2tb-qhd-165hz-azerty-rgb-comme-neuf\/","og_site_name":"Osaka","article_modified_time":"2025-08-31T21:56:20+00:00","og_image":[{"width":1600,"height":1600,"url":"https:\/\/osaka.ma\/wp-content\/uploads\/2025\/08\/AORUS-16X.jpg","type":"image\/jpeg"}],"twitter_card":"summary_large_image","twitter_misc":{"Dur\u00e9e de lecture estim\u00e9e":"5 minutes"},"schema":{"@context":"https:\/\/schema.org","@graph":[{"@type":"WebPage","@id":"https:\/\/osaka.ma\/product\/gigabyte-aorus-16x-x6lag-i9-14900hx-rtx-4070-8gb-32gb-2tb-qhd-165hz-azerty-rgb-comme-neuf\/","url":"https:\/\/osaka.ma\/product\/gigabyte-aorus-16x-x6lag-i9-14900hx-rtx-4070-8gb-32gb-2tb-qhd-165hz-azerty-rgb-comme-neuf\/","name":"GIGABYTE AORUS 16X X6LAG: Efficacit\u00e9 et Performance - Osaka","isPartOf":{"@id":"https:\/\/osaka.ma\/#website"},"primaryImageOfPage":{"@id":"https:\/\/osaka.ma\/product\/gigabyte-aorus-16x-x6lag-i9-14900hx-rtx-4070-8gb-32gb-2tb-qhd-165hz-azerty-rgb-comme-neuf\/#primaryimage"},"image":{"@id":"https:\/\/osaka.ma\/product\/gigabyte-aorus-16x-x6lag-i9-14900hx-rtx-4070-8gb-32gb-2tb-qhd-165hz-azerty-rgb-comme-neuf\/#primaryimage"},"thumbnailUrl":"https:\/\/osaka.ma\/wp-content\/uploads\/2025\/08\/AORUS-16X.jpg","datePublished":"2025-08-25T10:19:15+00:00","dateModified":"2025-08-31T21:56:20+00:00","description":"D\u00e9couvrez des performances in\u00e9gal\u00e9es avec le GIGABYTE AORUS 16X X6LAG | i9-14900HX | RTX 4070 8GB | 32GB | 2TB | QHD+ 165Hz | Osaka PC Gamer | Maroc","breadcrumb":{"@id":"https:\/\/osaka.ma\/product\/gigabyte-aorus-16x-x6lag-i9-14900hx-rtx-4070-8gb-32gb-2tb-qhd-165hz-azerty-rgb-comme-neuf\/#breadcrumb"},"inLanguage":"fr-FR","potentialAction":[{"@type":"ReadAction","target":["https:\/\/osaka.ma\/product\/gigabyte-aorus-16x-x6lag-i9-14900hx-rtx-4070-8gb-32gb-2tb-qhd-165hz-azerty-rgb-comme-neuf\/"]}]},{"@type":"ImageObject","inLanguage":"fr-FR","@id":"https:\/\/osaka.ma\/product\/gigabyte-aorus-16x-x6lag-i9-14900hx-rtx-4070-8gb-32gb-2tb-qhd-165hz-azerty-rgb-comme-neuf\/#primaryimage","url":"https:\/\/osaka.ma\/wp-content\/uploads\/2025\/08\/AORUS-16X.jpg","contentUrl":"https:\/\/osaka.ma\/wp-content\/uploads\/2025\/08\/AORUS-16X.jpg","width":1600,"height":1600,"caption":"GIGABYTE AORUS 16X X6LAG | i9-14900HX | RTX 4070 8GB | 32GB | 2TB | QHD+ 165Hz | Comme Neuf | Osaka PC Gamer | Maroc |"},{"@type":"BreadcrumbList","@id":"https:\/\/osaka.ma\/product\/gigabyte-aorus-16x-x6lag-i9-14900hx-rtx-4070-8gb-32gb-2tb-qhd-165hz-azerty-rgb-comme-neuf\/#breadcrumb","itemListElement":[{"@type":"ListItem","position":1,"name":"Home","item":"https:\/\/osaka.ma\/"},{"@type":"ListItem","position":2,"name":"Shop","item":"https:\/\/osaka.ma\/shop-2\/"},{"@type":"ListItem","position":3,"name":"GIGABYTE AORUS 16X X6LAG | i9-14900HX | RTX 4070 8GB | 32GB | 2TB | QHD+ 165Hz | AZERTY RGB | Comme Neuf"}]},{"@type":"WebSite","@id":"https:\/\/osaka.ma\/#website","url":"https:\/\/osaka.ma\/","name":"Osaka","description":"","publisher":{"@id":"https:\/\/osaka.ma\/#organization"},"potentialAction":[{"@type":"SearchAction","target":{"@type":"EntryPoint","urlTemplate":"https:\/\/osaka.ma\/?s={search_term_string}"},"query-input":{"@type":"PropertyValueSpecification","valueRequired":true,"valueName":"search_term_string"}}],"inLanguage":"fr-FR"},{"@type":"Organization","@id":"https:\/\/osaka.ma\/#organization","name":"Osaka","url":"https:\/\/osaka.ma\/","logo":{"@type":"ImageObject","inLanguage":"fr-FR","@id":"https:\/\/osaka.ma\/#\/schema\/logo\/image\/","url":"https:\/\/osaka.ma\/wp-content\/uploads\/2026\/01\/model-slogan-logo-2Plan-de-travail-1dksl-plus-finnn.png","contentUrl":"https:\/\/osaka.ma\/wp-content\/uploads\/2026\/01\/model-slogan-logo-2Plan-de-travail-1dksl-plus-finnn.png","width":842,"height":226,"caption":"Osaka"},"image":{"@id":"https:\/\/osaka.ma\/#\/schema\/logo\/image\/"}}]}},"jetpack_sharing_enabled":true,"brands":[],"_links":{"self":[{"href":"https:\/\/osaka.ma\/fr\/wp-json\/wp\/v2\/product\/17453","targetHints":{"allow":["GET"]}}],"collection":[{"href":"https:\/\/osaka.ma\/fr\/wp-json\/wp\/v2\/product"}],"about":[{"href":"https:\/\/osaka.ma\/fr\/wp-json\/wp\/v2\/types\/product"}],"version-history":[{"count":0,"href":"https:\/\/osaka.ma\/fr\/wp-json\/wp\/v2\/product\/17453\/revisions"}],"wp:featuredmedia":[{"embeddable":true,"href":"https:\/\/osaka.ma\/fr\/wp-json\/wp\/v2\/media\/1017458"}],"wp:attachment":[{"href":"https:\/\/osaka.ma\/fr\/wp-json\/wp\/v2\/media?parent=17453"}],"wp:term":[{"taxonomy":"pwb-brand","embeddable":true,"href":"https:\/\/osaka.ma\/fr\/wp-json\/wp\/v2\/pwb-brand?post=17453"},{"taxonomy":"product_brand","embeddable":true,"href":"https:\/\/osaka.ma\/fr\/wp-json\/wp\/v2\/product_brand?post=17453"},{"taxonomy":"product_cat","embeddable":true,"href":"https:\/\/osaka.ma\/fr\/wp-json\/wp\/v2\/product_cat?post=17453"},{"taxonomy":"product_tag","embeddable":true,"href":"https:\/\/osaka.ma\/fr\/wp-json\/wp\/v2\/product_tag?post=17453"},{"taxonomy":"pcb_component_type","embeddable":true,"href":"https:\/\/osaka.ma\/fr\/wp-json\/wp\/v2\/pcb_component_type?post=17453"}],"curies":[{"name":"wp","href":"https:\/\/api.w.org\/{rel}","templated":true}]}}