{"id":17816,"date":"2025-09-23T01:58:09","date_gmt":"2025-09-23T00:58:09","guid":{"rendered":"https:\/\/osaka.ma\/?post_type=product&#038;p=17816"},"modified":"2026-01-31T14:58:11","modified_gmt":"2026-01-31T13:58:11","slug":"lenovo-legion-5-ryzen-5-5600h-16gb-512gb-rtx-3060-6gb","status":"publish","type":"product","link":"https:\/\/osaka.ma\/fr\/product\/lenovo-legion-5-ryzen-5-5600h-16gb-512gb-rtx-3060-6gb\/","title":{"rendered":"LENOVO LEGION 5 RYZEN 5 5600H\/16GB\/512GB\/RTX 3060 6GB \tUSED SANS EMBALLAGE"},"content":{"rendered":"<div class=\"logo\"><a href=\"https:\/\/www.ldlc.com\/lenovo\/bint000033945\/\" rel=\"nofollow noopener\" target=\"_blank\"><img decoding=\"async\" src=\"https:\/\/media.ldlc.com\/v3\/marque\/bo\/00\/03\/12\/03\/V30003120395_2.jpg\" alt=\"Lenovo\" \/><\/a><\/div>\n<div id=\"description\" class=\"description\">\n<div class=\"details-pdt-desc\">\n<h2 class=\"h2-master\">Hautes performances de jeu avec un \u00e9cran FHD 120 Hz<\/h2>\n<section>Le<strong>\u00a0PC portable gaming Lenovo Legion 5<\/strong>\u00a0est une v\u00e9ritable b\u00eate de comp\u00e9tition con\u00e7ue pour les joueurs exigeants. Il embarque un puissant\u00a0<strong>processeur AMD Ryzen 5 5600H<\/strong>, 16 Go de m\u00e9moire DDR4, un SSD PCI-E NVMe de 512 Go et une\u00a0<strong>puce graphique NVIDIA GeForce RTX 3060<\/strong>. Son \u00e9cran 16&#8243; FHD 144Hz et son clavier gamer r\u00e9tro\u00e9clair\u00e9 sont des atouts suppl\u00e9mentaires pour vous permettre de prendre l&#8217;avantage sur vos adversaires.<\/section>\n<section>\n<div class=\"desc-image\"><img decoding=\"async\" src=\"https:\/\/media.ldlc.com\/bo\/images\/fiches\/pc_portables\/lenovo\/legion_5_pro\/lenovo_legion_5_pro_001.jpg\" alt=\"\" \/><\/div>\n<div class=\"desc-text\">\n<h2>PERFORMANCES GAMING<\/h2>\n<p>Con\u00e7u pour faire des ravages dans l\u2019ar\u00e8ne et en dehors, le Legion\u00a05 d\u00e9ploie une puissance de traitement AMD Ryzen\u00a0et est dot\u00e9 d\u2019une carte graphique NVIDIA\u00a0GeForce RTX, pour offrir une exp\u00e9rience de jeu haute r\u00e9solution.<\/p>\n<\/div>\n<\/section>\n<section>\n<div class=\"desc-text\">\n<h2>CLAVIER GAMER R\u00c9TRO\u00c9CLAIR\u00c9 RGB<\/h2>\n<p>Le clavier Legion TrueStrike est dot\u00e9 de boutons innovants pour une saisie souple et pr\u00e9cise, permettant d\u2019ass\u00e9ner des coups plus violents avec une force \u00e9gale \u00e0 chaque frappe. Cela vous permet de frapper les ennemis avec une pr\u00e9cision extr\u00eame, de mani\u00e8re ultra-r\u00e9active et avec une efficacit\u00e9 implacable.<\/p>\n<\/div>\n<div class=\"desc-image\"><img decoding=\"async\" src=\"https:\/\/media.ldlc.com\/bo\/images\/fiches\/pc_portables\/lenovo\/legion_5_pro\/lenovo_legion_5_pro_003.jpg\" alt=\"\" \/><\/div>\n<\/section>\n<section class=\"list\">\n<h2>CARACT\u00c9RISTIQUES PRINCIPALES :<\/h2>\n<ul>\n<li><strong>Processeur AMD Ryzen 5 5600H<\/strong><\/li>\n<li>16 Go de m\u00e9moire DDR4 3200 MHz (2x 8 Go &#8211; 2 slots &#8211; maximum 32 Go)<\/li>\n<li>Ecran IPS anti-reflets de 16&#8243; avec r\u00e9solution FHD et <strong>fr\u00e9quence de 120 Hz<\/strong><\/li>\n<li>Puce graphique<strong>\u00a0<\/strong><strong>NVIDIA GeForce RTX 3060\u00a0<\/strong>avec 6 Go de m\u00e9moire d\u00e9di\u00e9e<\/li>\n<li><strong>SSD M.2 PCIe de 512 Go\u00a0<\/strong>+ emplacement M.2 PCIe 3.0 x4 libre<\/li>\n<li><strong>Clavier r\u00e9tro\u00e9clair\u00e9 (RGB 4 Zones)<\/strong><\/li>\n<li>Connexion Gigabit Ethernet + communication sans fil Wi-Fi AX + Bluetooth 5.1<\/li>\n<li>Comme neuf<\/li>\n<\/ul>\n<\/section>\n<\/div>\n<\/div>\n","protected":false},"excerpt":{"rendered":"<p>LENOVO LEGION 5 RYZEN 5 5600H\/16GB\/512GB\/RTX 3060 6GB<\/p>\n<h2>CARACT\u00c9RISTIQUES PRINCIPALES :<\/h2>\n<ul>\n<li><strong>Processeur AMD Ryzen 5 5600H<\/strong><\/li>\n<li>16 Go de m\u00e9moire DDR4 3200 MHz (2x 8 Go &#8211; 2 slots &#8211; maximum 32 Go)<\/li>\n<li>Ecran IPS anti-reflets de 16&#8243; avec r\u00e9solution FHD et <strong>fr\u00e9quence de 120 Hz<\/strong><\/li>\n<li>Puce graphique<strong>\u00a0<\/strong><strong>NVIDIA GeForce RTX 3060\u00a0<\/strong>avec 6 Go de m\u00e9moire d\u00e9di\u00e9e<\/li>\n<li><strong>SSD M.2 PCIe de 512 Go\u00a0<\/strong>+ emplacement M.2 PCIe 3.0 x4 libre<\/li>\n<li><strong>Clavier r\u00e9tro\u00e9clair\u00e9 (RGB 4 Zones)<\/strong><\/li>\n<li>Connexion Gigabit Ethernet + communication sans fil Wi-Fi AX + Bluetooth 5.1<\/li>\n<li>Comme neuf<\/li>\n<\/ul>\n","protected":false},"featured_media":1017819,"template":"","meta":{"_acf_changed":false},"pwb-brand":[],"product_brand":[],"product_cat":[122,121,126],"product_tag":[],"pcb_component_type":[],"class_list":{"0":"post-17816","1":"product","2":"type-product","3":"status-publish","4":"has-post-thumbnail","6":"product_cat-gaming","7":"product_cat-pc-portable","8":"product_cat-professional","10":"first","11":"outofstock","12":"shipping-taxable","13":"product-type-simple"},"translation":{"provider":"WPGlobus","version":"3.0.2","language":"fr","enabled_languages":["en","es","de","fr","ru"],"languages":{"en":{"title":true,"content":true,"excerpt":true},"es":{"title":false,"content":false,"excerpt":false},"de":{"title":false,"content":false,"excerpt":false},"fr":{"title":false,"content":false,"excerpt":false},"ru":{"title":false,"content":false,"excerpt":false}}},"acf":[],"yoast_head":"<!-- This site is optimized with the Yoast SEO plugin v27.2 - https:\/\/yoast.com\/product\/yoast-seo-wordpress\/ -->\n<title>LENOVO LEGION PRO 5: PC Gamer \u00c9nergique et Puissant - Osaka<\/title>\n<meta name=\"robots\" content=\"index, follow, max-snippet:-1, max-image-preview:large, max-video-preview:-1\" \/>\n<link rel=\"canonical\" href=\"https:\/\/osaka.ma\/de\/product\/lenovo-legion-5-ryzen-5-5600h-16gb-512gb-rtx-3060-6gb\/\" \/>\n<meta property=\"og:locale\" content=\"fr_FR\" \/>\n<meta property=\"og:type\" content=\"article\" \/>\n<meta property=\"og:title\" content=\"LENOVO LEGION 5 RYZEN 5 5600H\/16GB\/512GB\/RTX 3060 6GB USED SANS EMBALLAGE - Osaka\" \/>\n<meta property=\"og:url\" content=\"https:\/\/osaka.ma\/de\/product\/lenovo-legion-5-ryzen-5-5600h-16gb-512gb-rtx-3060-6gb\/\" \/>\n<meta property=\"og:site_name\" content=\"Osaka\" \/>\n<meta property=\"article:modified_time\" content=\"2026-01-31T13:58:11+00:00\" \/>\n<meta property=\"og:image\" content=\"https:\/\/osaka.ma\/wp-content\/uploads\/2025\/09\/lenovo-legion-5-a.jpg\" \/>\n\t<meta property=\"og:image:width\" content=\"1600\" \/>\n\t<meta property=\"og:image:height\" content=\"1600\" \/>\n\t<meta property=\"og:image:type\" content=\"image\/jpeg\" \/>\n<meta name=\"twitter:card\" content=\"summary_large_image\" \/>\n<meta name=\"twitter:label1\" content=\"Dur\u00e9e de lecture estim\u00e9e\" \/>\n\t<meta name=\"twitter:data1\" content=\"4 minutes\" \/>\n<script type=\"application\/ld+json\" class=\"yoast-schema-graph\">{\"@context\":\"https:\/\/schema.org\",\"@graph\":[{\"@type\":\"WebPage\",\"@id\":\"https:\/\/osaka.ma\/de\/product\/lenovo-legion-5-ryzen-5-5600h-16gb-512gb-rtx-3060-6gb\/\",\"url\":\"https:\/\/osaka.ma\/de\/product\/lenovo-legion-5-ryzen-5-5600h-16gb-512gb-rtx-3060-6gb\/\",\"name\":\"LENOVO LEGION PRO 5: PC Gamer \u00c9nergique et Puissant - Osaka\",\"isPartOf\":{\"@id\":\"https:\/\/osaka.ma\/#website\"},\"primaryImageOfPage\":{\"@id\":\"https:\/\/osaka.ma\/de\/product\/lenovo-legion-5-ryzen-5-5600h-16gb-512gb-rtx-3060-6gb\/#primaryimage\"},\"image\":{\"@id\":\"https:\/\/osaka.ma\/de\/product\/lenovo-legion-5-ryzen-5-5600h-16gb-512gb-rtx-3060-6gb\/#primaryimage\"},\"thumbnailUrl\":\"https:\/\/osaka.ma\/wp-content\/uploads\/2025\/09\/lenovo-legion-5-a.jpg\",\"datePublished\":\"2025-09-23T00:58:09+00:00\",\"dateModified\":\"2026-01-31T13:58:11+00:00\",\"description\":\"D\u00e9couvrez la puissance du LENOVO LEGION PRO 5 avec son processeur AMD et son \u00e9cran FHD 144Hz. Am\u00e9liorez votre exp\u00e9rience de jeu d\u00e8s maintenant !\",\"breadcrumb\":{\"@id\":\"https:\/\/osaka.ma\/de\/product\/lenovo-legion-5-ryzen-5-5600h-16gb-512gb-rtx-3060-6gb\/#breadcrumb\"},\"inLanguage\":\"fr-FR\",\"potentialAction\":[{\"@type\":\"ReadAction\",\"target\":[\"https:\/\/osaka.ma\/de\/product\/lenovo-legion-5-ryzen-5-5600h-16gb-512gb-rtx-3060-6gb\/\"]}]},{\"@type\":\"ImageObject\",\"inLanguage\":\"fr-FR\",\"@id\":\"https:\/\/osaka.ma\/de\/product\/lenovo-legion-5-ryzen-5-5600h-16gb-512gb-rtx-3060-6gb\/#primaryimage\",\"url\":\"https:\/\/osaka.ma\/wp-content\/uploads\/2025\/09\/lenovo-legion-5-a.jpg\",\"contentUrl\":\"https:\/\/osaka.ma\/wp-content\/uploads\/2025\/09\/lenovo-legion-5-a.jpg\",\"width\":1600,\"height\":1600,\"caption\":\"LENOVO LEGION 5 RYZEN 5 5600H\/16GB\/512GB\/RTX 3060 6GB Used\"},{\"@type\":\"BreadcrumbList\",\"@id\":\"https:\/\/osaka.ma\/de\/product\/lenovo-legion-5-ryzen-5-5600h-16gb-512gb-rtx-3060-6gb\/#breadcrumb\",\"itemListElement\":[{\"@type\":\"ListItem\",\"position\":1,\"name\":\"Home\",\"item\":\"https:\/\/osaka.ma\/\"},{\"@type\":\"ListItem\",\"position\":2,\"name\":\"Shop\",\"item\":\"https:\/\/osaka.ma\/shop-2\/\"},{\"@type\":\"ListItem\",\"position\":3,\"name\":\"LENOVO LEGION 5 RYZEN 5 5600H\/16GB\/512GB\/RTX 3060 6GB USED SANS EMBALLAGE\"}]},{\"@type\":\"WebSite\",\"@id\":\"https:\/\/osaka.ma\/#website\",\"url\":\"https:\/\/osaka.ma\/\",\"name\":\"Osaka\",\"description\":\"\",\"publisher\":{\"@id\":\"https:\/\/osaka.ma\/#organization\"},\"potentialAction\":[{\"@type\":\"SearchAction\",\"target\":{\"@type\":\"EntryPoint\",\"urlTemplate\":\"https:\/\/osaka.ma\/?s={search_term_string}\"},\"query-input\":{\"@type\":\"PropertyValueSpecification\",\"valueRequired\":true,\"valueName\":\"search_term_string\"}}],\"inLanguage\":\"fr-FR\"},{\"@type\":\"Organization\",\"@id\":\"https:\/\/osaka.ma\/#organization\",\"name\":\"Osaka\",\"url\":\"https:\/\/osaka.ma\/\",\"logo\":{\"@type\":\"ImageObject\",\"inLanguage\":\"fr-FR\",\"@id\":\"https:\/\/osaka.ma\/#\/schema\/logo\/image\/\",\"url\":\"https:\/\/osaka.ma\/wp-content\/uploads\/2026\/01\/model-slogan-logo-2Plan-de-travail-1dksl-plus-finnn.png\",\"contentUrl\":\"https:\/\/osaka.ma\/wp-content\/uploads\/2026\/01\/model-slogan-logo-2Plan-de-travail-1dksl-plus-finnn.png\",\"width\":842,\"height\":226,\"caption\":\"Osaka\"},\"image\":{\"@id\":\"https:\/\/osaka.ma\/#\/schema\/logo\/image\/\"}}]}<\/script>\n<!-- \/ Yoast SEO plugin. -->","yoast_head_json":{"title":"LENOVO LEGION PRO 5: PC Gamer \u00c9nergique et Puissant - Osaka","robots":{"index":"index","follow":"follow","max-snippet":"max-snippet:-1","max-image-preview":"max-image-preview:large","max-video-preview":"max-video-preview:-1"},"canonical":"https:\/\/osaka.ma\/de\/product\/lenovo-legion-5-ryzen-5-5600h-16gb-512gb-rtx-3060-6gb\/","og_locale":"fr_FR","og_type":"article","og_title":"LENOVO LEGION 5 RYZEN 5 5600H\/16GB\/512GB\/RTX 3060 6GB USED SANS EMBALLAGE - Osaka","og_url":"https:\/\/osaka.ma\/de\/product\/lenovo-legion-5-ryzen-5-5600h-16gb-512gb-rtx-3060-6gb\/","og_site_name":"Osaka","article_modified_time":"2026-01-31T13:58:11+00:00","og_image":[{"width":1600,"height":1600,"url":"https:\/\/osaka.ma\/wp-content\/uploads\/2025\/09\/lenovo-legion-5-a.jpg","type":"image\/jpeg"}],"twitter_card":"summary_large_image","twitter_misc":{"Dur\u00e9e de lecture estim\u00e9e":"4 minutes"},"schema":{"@context":"https:\/\/schema.org","@graph":[{"@type":"WebPage","@id":"https:\/\/osaka.ma\/de\/product\/lenovo-legion-5-ryzen-5-5600h-16gb-512gb-rtx-3060-6gb\/","url":"https:\/\/osaka.ma\/de\/product\/lenovo-legion-5-ryzen-5-5600h-16gb-512gb-rtx-3060-6gb\/","name":"LENOVO LEGION PRO 5: PC Gamer \u00c9nergique et Puissant - Osaka","isPartOf":{"@id":"https:\/\/osaka.ma\/#website"},"primaryImageOfPage":{"@id":"https:\/\/osaka.ma\/de\/product\/lenovo-legion-5-ryzen-5-5600h-16gb-512gb-rtx-3060-6gb\/#primaryimage"},"image":{"@id":"https:\/\/osaka.ma\/de\/product\/lenovo-legion-5-ryzen-5-5600h-16gb-512gb-rtx-3060-6gb\/#primaryimage"},"thumbnailUrl":"https:\/\/osaka.ma\/wp-content\/uploads\/2025\/09\/lenovo-legion-5-a.jpg","datePublished":"2025-09-23T00:58:09+00:00","dateModified":"2026-01-31T13:58:11+00:00","description":"D\u00e9couvrez la puissance du LENOVO LEGION PRO 5 avec son processeur AMD et son \u00e9cran FHD 144Hz. Am\u00e9liorez votre exp\u00e9rience de jeu d\u00e8s maintenant !","breadcrumb":{"@id":"https:\/\/osaka.ma\/de\/product\/lenovo-legion-5-ryzen-5-5600h-16gb-512gb-rtx-3060-6gb\/#breadcrumb"},"inLanguage":"fr-FR","potentialAction":[{"@type":"ReadAction","target":["https:\/\/osaka.ma\/de\/product\/lenovo-legion-5-ryzen-5-5600h-16gb-512gb-rtx-3060-6gb\/"]}]},{"@type":"ImageObject","inLanguage":"fr-FR","@id":"https:\/\/osaka.ma\/de\/product\/lenovo-legion-5-ryzen-5-5600h-16gb-512gb-rtx-3060-6gb\/#primaryimage","url":"https:\/\/osaka.ma\/wp-content\/uploads\/2025\/09\/lenovo-legion-5-a.jpg","contentUrl":"https:\/\/osaka.ma\/wp-content\/uploads\/2025\/09\/lenovo-legion-5-a.jpg","width":1600,"height":1600,"caption":"LENOVO LEGION 5 RYZEN 5 5600H\/16GB\/512GB\/RTX 3060 6GB Used"},{"@type":"BreadcrumbList","@id":"https:\/\/osaka.ma\/de\/product\/lenovo-legion-5-ryzen-5-5600h-16gb-512gb-rtx-3060-6gb\/#breadcrumb","itemListElement":[{"@type":"ListItem","position":1,"name":"Home","item":"https:\/\/osaka.ma\/"},{"@type":"ListItem","position":2,"name":"Shop","item":"https:\/\/osaka.ma\/shop-2\/"},{"@type":"ListItem","position":3,"name":"LENOVO LEGION 5 RYZEN 5 5600H\/16GB\/512GB\/RTX 3060 6GB USED SANS EMBALLAGE"}]},{"@type":"WebSite","@id":"https:\/\/osaka.ma\/#website","url":"https:\/\/osaka.ma\/","name":"Osaka","description":"","publisher":{"@id":"https:\/\/osaka.ma\/#organization"},"potentialAction":[{"@type":"SearchAction","target":{"@type":"EntryPoint","urlTemplate":"https:\/\/osaka.ma\/?s={search_term_string}"},"query-input":{"@type":"PropertyValueSpecification","valueRequired":true,"valueName":"search_term_string"}}],"inLanguage":"fr-FR"},{"@type":"Organization","@id":"https:\/\/osaka.ma\/#organization","name":"Osaka","url":"https:\/\/osaka.ma\/","logo":{"@type":"ImageObject","inLanguage":"fr-FR","@id":"https:\/\/osaka.ma\/#\/schema\/logo\/image\/","url":"https:\/\/osaka.ma\/wp-content\/uploads\/2026\/01\/model-slogan-logo-2Plan-de-travail-1dksl-plus-finnn.png","contentUrl":"https:\/\/osaka.ma\/wp-content\/uploads\/2026\/01\/model-slogan-logo-2Plan-de-travail-1dksl-plus-finnn.png","width":842,"height":226,"caption":"Osaka"},"image":{"@id":"https:\/\/osaka.ma\/#\/schema\/logo\/image\/"}}]}},"jetpack_sharing_enabled":true,"brands":[],"_links":{"self":[{"href":"https:\/\/osaka.ma\/fr\/wp-json\/wp\/v2\/product\/17816","targetHints":{"allow":["GET"]}}],"collection":[{"href":"https:\/\/osaka.ma\/fr\/wp-json\/wp\/v2\/product"}],"about":[{"href":"https:\/\/osaka.ma\/fr\/wp-json\/wp\/v2\/types\/product"}],"version-history":[{"count":0,"href":"https:\/\/osaka.ma\/fr\/wp-json\/wp\/v2\/product\/17816\/revisions"}],"wp:featuredmedia":[{"embeddable":true,"href":"https:\/\/osaka.ma\/fr\/wp-json\/wp\/v2\/media\/1017819"}],"wp:attachment":[{"href":"https:\/\/osaka.ma\/fr\/wp-json\/wp\/v2\/media?parent=17816"}],"wp:term":[{"taxonomy":"pwb-brand","embeddable":true,"href":"https:\/\/osaka.ma\/fr\/wp-json\/wp\/v2\/pwb-brand?post=17816"},{"taxonomy":"product_brand","embeddable":true,"href":"https:\/\/osaka.ma\/fr\/wp-json\/wp\/v2\/product_brand?post=17816"},{"taxonomy":"product_cat","embeddable":true,"href":"https:\/\/osaka.ma\/fr\/wp-json\/wp\/v2\/product_cat?post=17816"},{"taxonomy":"product_tag","embeddable":true,"href":"https:\/\/osaka.ma\/fr\/wp-json\/wp\/v2\/product_tag?post=17816"},{"taxonomy":"pcb_component_type","embeddable":true,"href":"https:\/\/osaka.ma\/fr\/wp-json\/wp\/v2\/pcb_component_type?post=17816"}],"curies":[{"name":"wp","href":"https:\/\/api.w.org\/{rel}","templated":true}]}}