{"id":19455,"date":"2025-11-27T16:10:45","date_gmt":"2025-11-27T15:10:45","guid":{"rendered":"https:\/\/osaka.ma\/?post_type=product&#038;p=19455"},"modified":"2025-11-30T14:11:27","modified_gmt":"2025-11-30T13:11:27","slug":"hyperx-cloud-ii-core-wireless","status":"publish","type":"product","link":"https:\/\/osaka.ma\/fr\/product\/hyperx-cloud-ii-core-wireless\/","title":{"rendered":"HyperX Cloud II Core Wireless"},"content":{"rendered":"<p data-start=\"1085\" data-end=\"1399\"><img decoding=\"async\" class=\"aligncenter\" src=\"https:\/\/media.ldlc.com\/v3\/marque\/bo\/00\/03\/59\/58\/V30003595890_2.jpg\" alt=\"HyperX\" \/><\/p>\n<p data-start=\"1085\" data-end=\"1399\">Le HyperX Cloud II Core Wireless est con\u00e7u pour offrir une exp\u00e9rience de jeu confortable, immersive et tr\u00e8s stable. De plus, il reprend le design iconique de la gamme Cloud II. En ajoutant une connectivit\u00e9 sans fil performante, il am\u00e9liore nettement la libert\u00e9 de mouvement durant les longues sessions de jeu.<\/p>\n<p data-start=\"1401\" data-end=\"1717\">Gr\u00e2ce \u00e0 ses <strong data-start=\"1413\" data-end=\"1432\">drivers de 53mm<\/strong>, le casque produit un son clair et \u00e9quilibr\u00e9. Ensuite, l\u2019audio spatial HyperX am\u00e9liore la pr\u00e9cision directionnelle. Cela aide les joueurs \u00e0 localiser facilement les effets et les adversaires. Ainsi, il devient un choix solide pour les jeux comp\u00e9titifs et les exp\u00e9riences immersives.<\/p>\n<p data-start=\"1401\" data-end=\"1717\"><img decoding=\"async\" src=\"https:\/\/media.ldlc.com\/bo\/images\/fiches\/casque\/HyperX\/hyperx-cloud-core-wireless_001.jpg\" \/><\/p>\n<p data-start=\"1719\" data-end=\"2007\">Le micro d\u00e9tachable assure une communication claire. Par ailleurs, son design flexible permet un ajustement simple. Cela renforce le confort d\u2019utilisation. Toutefois, il peut \u00eatre retir\u00e9 lorsqu\u2019il n\u2019est pas n\u00e9cessaire. Ce qui rend le casque plus polyvalent pour la musique ou les films.<\/p>\n<p data-start=\"2009\" data-end=\"2283\">La connexion sans fil en <strong data-start=\"2034\" data-end=\"2044\">2.4GHz<\/strong> est stable et r\u00e9active. Ensuite, la port\u00e9e d\u2019environ 20 m\u00e8tres permet de jouer confortablement sans se soucier des d\u00e9connexions. L\u2019autonomie pouvant atteindre <strong data-start=\"2204\" data-end=\"2217\">20 heures<\/strong> garantit aussi une utilisation prolong\u00e9e sans recharge constante.<\/p>\n<p data-start=\"2285\" data-end=\"2579\">En termes de confort, le Cloud II Core Wireless utilise les coussinets en mousse \u00e0 m\u00e9moire de forme HyperX. Ainsi, le casque reste agr\u00e9able m\u00eame apr\u00e8s plusieurs heures d\u2019utilisation. Par ailleurs, son poids l\u00e9ger r\u00e9duit la fatigue, ce qui constitue un avantage majeur pour les sessions longues.<\/p>\n<p data-start=\"2581\" data-end=\"2816\">Compatible avec PC, PlayStation et Nintendo Switch (mode dock), il s\u2019adapte facilement \u00e0 diff\u00e9rents environnements. Ensuite, il reste un excellent choix pour les joueurs recherchant un casque sans fil performant, fiable et confortable.<\/p>\n<p data-start=\"2818\" data-end=\"3013\">Finalement, le HyperX Cloud II Core Wireless offre une exp\u00e9rience audio solide. Il permet une grande libert\u00e9 de mouvement et un confort durable. Cela en fait une solution id\u00e9ale pour les gamers modernes.<\/p>\n","protected":false},"excerpt":{"rendered":"<p data-start=\"544\" data-end=\"683\">Le HyperX Cloud II Core Wireless offre un son clair, un confort durable et une connexion sans fil stable con\u00e7ue pour les joueurs exigeants.<\/p>\n<hr data-start=\"685\" data-end=\"688\" \/>\n<h3 data-start=\"690\" data-end=\"725\"><strong data-start=\"692\" data-end=\"723\">Caract\u00e9ristiques Techniques<\/strong><\/h3>\n<p data-start=\"726\" data-end=\"996\">Type : Casque gaming sans fil<br data-start=\"755\" data-end=\"758\" \/>Drivers : 53mm<br data-start=\"772\" data-end=\"775\" \/>Technologie : Audio spatial HyperX<br data-start=\"809\" data-end=\"812\" \/>Micro : D\u00e9tachable<br data-start=\"830\" data-end=\"833\" \/>Autonomie : Jusqu\u2019\u00e0 20 heures<br data-start=\"862\" data-end=\"865\" \/>Port\u00e9e : 2.4GHz jusqu\u2019\u00e0 20 m\u00e8tres<br data-start=\"898\" data-end=\"901\" \/>Compatibilit\u00e9 : PC, PlayStation, Switch (mode dock)<br data-start=\"952\" data-end=\"955\" \/>Poids : L\u00e9ger et confortable<br data-start=\"983\" data-end=\"986\" \/>\u00c9tat : NEW<\/p>\n","protected":false},"featured_media":1019460,"template":"","meta":{"_acf_changed":false},"pwb-brand":[],"product_brand":[],"product_cat":[31,39],"product_tag":[],"pcb_component_type":[],"class_list":{"0":"post-19455","1":"product","2":"type-product","3":"status-publish","4":"has-post-thumbnail","6":"product_cat-accessoires","7":"product_cat-casques","9":"first","10":"outofstock","11":"shipping-taxable","12":"product-type-simple"},"translation":{"provider":"WPGlobus","version":"3.0.2","language":"fr","enabled_languages":["en","es","de","fr","ru"],"languages":{"en":{"title":true,"content":true,"excerpt":true},"es":{"title":false,"content":false,"excerpt":false},"de":{"title":false,"content":false,"excerpt":false},"fr":{"title":false,"content":false,"excerpt":false},"ru":{"title":false,"content":false,"excerpt":false}}},"acf":[],"yoast_head":"<!-- This site is optimized with the Yoast SEO plugin v27.2 - https:\/\/yoast.com\/product\/yoast-seo-wordpress\/ -->\n<title>HyperX Cloud II Core Wireless \u2013 Casque Gaming \u00c9lev\u00e9 - Osaka<\/title>\n<meta name=\"robots\" content=\"index, follow, max-snippet:-1, max-image-preview:large, max-video-preview:-1\" \/>\n<link rel=\"canonical\" href=\"https:\/\/osaka.ma\/product\/hyperx-cloud-ii-core-wireless\/\" \/>\n<meta property=\"og:locale\" content=\"fr_FR\" \/>\n<meta property=\"og:type\" content=\"article\" \/>\n<meta property=\"og:title\" content=\"HyperX Cloud II Core Wireless - Osaka\" \/>\n<meta property=\"og:url\" content=\"https:\/\/osaka.ma\/product\/hyperx-cloud-ii-core-wireless\/\" \/>\n<meta property=\"og:site_name\" content=\"Osaka\" \/>\n<meta property=\"article:modified_time\" content=\"2025-11-30T13:11:27+00:00\" \/>\n<meta property=\"og:image\" content=\"https:\/\/osaka.ma\/wp-content\/uploads\/2025\/11\/HyperX-Cloud-II-Core-Wireless-\u2013-Casque-Gaming-Sans-Fil-Prix-Maroc.jpg\" \/>\n\t<meta property=\"og:image:width\" content=\"1600\" \/>\n\t<meta property=\"og:image:height\" content=\"1600\" \/>\n\t<meta property=\"og:image:type\" content=\"image\/jpeg\" \/>\n<meta name=\"twitter:card\" content=\"summary_large_image\" \/>\n<meta name=\"twitter:label1\" content=\"Dur\u00e9e de lecture estim\u00e9e\" \/>\n\t<meta name=\"twitter:data1\" content=\"4 minutes\" \/>\n<script type=\"application\/ld+json\" class=\"yoast-schema-graph\">{\"@context\":\"https:\/\/schema.org\",\"@graph\":[{\"@type\":\"WebPage\",\"@id\":\"https:\/\/osaka.ma\/product\/hyperx-cloud-ii-core-wireless\/\",\"url\":\"https:\/\/osaka.ma\/product\/hyperx-cloud-ii-core-wireless\/\",\"name\":\"HyperX Cloud II Core Wireless \u2013 Casque Gaming \u00c9lev\u00e9 - Osaka\",\"isPartOf\":{\"@id\":\"https:\/\/osaka.ma\/#website\"},\"primaryImageOfPage\":{\"@id\":\"https:\/\/osaka.ma\/product\/hyperx-cloud-ii-core-wireless\/#primaryimage\"},\"image\":{\"@id\":\"https:\/\/osaka.ma\/product\/hyperx-cloud-ii-core-wireless\/#primaryimage\"},\"thumbnailUrl\":\"https:\/\/osaka.ma\/wp-content\/uploads\/2025\/11\/HyperX-Cloud-II-Core-Wireless-\u2013-Casque-Gaming-Sans-Fil-Prix-Maroc.jpg\",\"datePublished\":\"2025-11-27T15:10:45+00:00\",\"dateModified\":\"2025-11-30T13:11:27+00:00\",\"description\":\"D\u00e9couvrez le HyperX Cloud II Core Wireless \u2013 Casque Gaming Sans Fil Prix Maroc pour une exp\u00e9rience de jeu immersive et confortable. Commandez maintenant !\",\"breadcrumb\":{\"@id\":\"https:\/\/osaka.ma\/product\/hyperx-cloud-ii-core-wireless\/#breadcrumb\"},\"inLanguage\":\"fr-FR\",\"potentialAction\":[{\"@type\":\"ReadAction\",\"target\":[\"https:\/\/osaka.ma\/product\/hyperx-cloud-ii-core-wireless\/\"]}]},{\"@type\":\"ImageObject\",\"inLanguage\":\"fr-FR\",\"@id\":\"https:\/\/osaka.ma\/product\/hyperx-cloud-ii-core-wireless\/#primaryimage\",\"url\":\"https:\/\/osaka.ma\/wp-content\/uploads\/2025\/11\/HyperX-Cloud-II-Core-Wireless-\u2013-Casque-Gaming-Sans-Fil-Prix-Maroc.jpg\",\"contentUrl\":\"https:\/\/osaka.ma\/wp-content\/uploads\/2025\/11\/HyperX-Cloud-II-Core-Wireless-\u2013-Casque-Gaming-Sans-Fil-Prix-Maroc.jpg\",\"width\":1600,\"height\":1600,\"caption\":\"HyperX Cloud II Core Wireless \u2013 Casque Gaming Sans Fil Prix Maroc\"},{\"@type\":\"BreadcrumbList\",\"@id\":\"https:\/\/osaka.ma\/product\/hyperx-cloud-ii-core-wireless\/#breadcrumb\",\"itemListElement\":[{\"@type\":\"ListItem\",\"position\":1,\"name\":\"Home\",\"item\":\"https:\/\/osaka.ma\/\"},{\"@type\":\"ListItem\",\"position\":2,\"name\":\"Shop\",\"item\":\"https:\/\/osaka.ma\/shop-2\/\"},{\"@type\":\"ListItem\",\"position\":3,\"name\":\"HyperX Cloud II Core Wireless\"}]},{\"@type\":\"WebSite\",\"@id\":\"https:\/\/osaka.ma\/#website\",\"url\":\"https:\/\/osaka.ma\/\",\"name\":\"Osaka\",\"description\":\"\",\"publisher\":{\"@id\":\"https:\/\/osaka.ma\/#organization\"},\"potentialAction\":[{\"@type\":\"SearchAction\",\"target\":{\"@type\":\"EntryPoint\",\"urlTemplate\":\"https:\/\/osaka.ma\/?s={search_term_string}\"},\"query-input\":{\"@type\":\"PropertyValueSpecification\",\"valueRequired\":true,\"valueName\":\"search_term_string\"}}],\"inLanguage\":\"fr-FR\"},{\"@type\":\"Organization\",\"@id\":\"https:\/\/osaka.ma\/#organization\",\"name\":\"Osaka\",\"url\":\"https:\/\/osaka.ma\/\",\"logo\":{\"@type\":\"ImageObject\",\"inLanguage\":\"fr-FR\",\"@id\":\"https:\/\/osaka.ma\/#\/schema\/logo\/image\/\",\"url\":\"https:\/\/osaka.ma\/wp-content\/uploads\/2026\/01\/model-slogan-logo-2Plan-de-travail-1dksl-plus-finnn.png\",\"contentUrl\":\"https:\/\/osaka.ma\/wp-content\/uploads\/2026\/01\/model-slogan-logo-2Plan-de-travail-1dksl-plus-finnn.png\",\"width\":842,\"height\":226,\"caption\":\"Osaka\"},\"image\":{\"@id\":\"https:\/\/osaka.ma\/#\/schema\/logo\/image\/\"}}]}<\/script>\n<!-- \/ Yoast SEO plugin. -->","yoast_head_json":{"title":"HyperX Cloud II Core Wireless \u2013 Casque Gaming \u00c9lev\u00e9 - Osaka","robots":{"index":"index","follow":"follow","max-snippet":"max-snippet:-1","max-image-preview":"max-image-preview:large","max-video-preview":"max-video-preview:-1"},"canonical":"https:\/\/osaka.ma\/product\/hyperx-cloud-ii-core-wireless\/","og_locale":"fr_FR","og_type":"article","og_title":"HyperX Cloud II Core Wireless - Osaka","og_url":"https:\/\/osaka.ma\/product\/hyperx-cloud-ii-core-wireless\/","og_site_name":"Osaka","article_modified_time":"2025-11-30T13:11:27+00:00","og_image":[{"width":1600,"height":1600,"url":"https:\/\/osaka.ma\/wp-content\/uploads\/2025\/11\/HyperX-Cloud-II-Core-Wireless-\u2013-Casque-Gaming-Sans-Fil-Prix-Maroc.jpg","type":"image\/jpeg"}],"twitter_card":"summary_large_image","twitter_misc":{"Dur\u00e9e de lecture estim\u00e9e":"4 minutes"},"schema":{"@context":"https:\/\/schema.org","@graph":[{"@type":"WebPage","@id":"https:\/\/osaka.ma\/product\/hyperx-cloud-ii-core-wireless\/","url":"https:\/\/osaka.ma\/product\/hyperx-cloud-ii-core-wireless\/","name":"HyperX Cloud II Core Wireless \u2013 Casque Gaming \u00c9lev\u00e9 - Osaka","isPartOf":{"@id":"https:\/\/osaka.ma\/#website"},"primaryImageOfPage":{"@id":"https:\/\/osaka.ma\/product\/hyperx-cloud-ii-core-wireless\/#primaryimage"},"image":{"@id":"https:\/\/osaka.ma\/product\/hyperx-cloud-ii-core-wireless\/#primaryimage"},"thumbnailUrl":"https:\/\/osaka.ma\/wp-content\/uploads\/2025\/11\/HyperX-Cloud-II-Core-Wireless-\u2013-Casque-Gaming-Sans-Fil-Prix-Maroc.jpg","datePublished":"2025-11-27T15:10:45+00:00","dateModified":"2025-11-30T13:11:27+00:00","description":"D\u00e9couvrez le HyperX Cloud II Core Wireless \u2013 Casque Gaming Sans Fil Prix Maroc pour une exp\u00e9rience de jeu immersive et confortable. Commandez maintenant !","breadcrumb":{"@id":"https:\/\/osaka.ma\/product\/hyperx-cloud-ii-core-wireless\/#breadcrumb"},"inLanguage":"fr-FR","potentialAction":[{"@type":"ReadAction","target":["https:\/\/osaka.ma\/product\/hyperx-cloud-ii-core-wireless\/"]}]},{"@type":"ImageObject","inLanguage":"fr-FR","@id":"https:\/\/osaka.ma\/product\/hyperx-cloud-ii-core-wireless\/#primaryimage","url":"https:\/\/osaka.ma\/wp-content\/uploads\/2025\/11\/HyperX-Cloud-II-Core-Wireless-\u2013-Casque-Gaming-Sans-Fil-Prix-Maroc.jpg","contentUrl":"https:\/\/osaka.ma\/wp-content\/uploads\/2025\/11\/HyperX-Cloud-II-Core-Wireless-\u2013-Casque-Gaming-Sans-Fil-Prix-Maroc.jpg","width":1600,"height":1600,"caption":"HyperX Cloud II Core Wireless \u2013 Casque Gaming Sans Fil Prix Maroc"},{"@type":"BreadcrumbList","@id":"https:\/\/osaka.ma\/product\/hyperx-cloud-ii-core-wireless\/#breadcrumb","itemListElement":[{"@type":"ListItem","position":1,"name":"Home","item":"https:\/\/osaka.ma\/"},{"@type":"ListItem","position":2,"name":"Shop","item":"https:\/\/osaka.ma\/shop-2\/"},{"@type":"ListItem","position":3,"name":"HyperX Cloud II Core Wireless"}]},{"@type":"WebSite","@id":"https:\/\/osaka.ma\/#website","url":"https:\/\/osaka.ma\/","name":"Osaka","description":"","publisher":{"@id":"https:\/\/osaka.ma\/#organization"},"potentialAction":[{"@type":"SearchAction","target":{"@type":"EntryPoint","urlTemplate":"https:\/\/osaka.ma\/?s={search_term_string}"},"query-input":{"@type":"PropertyValueSpecification","valueRequired":true,"valueName":"search_term_string"}}],"inLanguage":"fr-FR"},{"@type":"Organization","@id":"https:\/\/osaka.ma\/#organization","name":"Osaka","url":"https:\/\/osaka.ma\/","logo":{"@type":"ImageObject","inLanguage":"fr-FR","@id":"https:\/\/osaka.ma\/#\/schema\/logo\/image\/","url":"https:\/\/osaka.ma\/wp-content\/uploads\/2026\/01\/model-slogan-logo-2Plan-de-travail-1dksl-plus-finnn.png","contentUrl":"https:\/\/osaka.ma\/wp-content\/uploads\/2026\/01\/model-slogan-logo-2Plan-de-travail-1dksl-plus-finnn.png","width":842,"height":226,"caption":"Osaka"},"image":{"@id":"https:\/\/osaka.ma\/#\/schema\/logo\/image\/"}}]}},"jetpack_sharing_enabled":true,"brands":[],"_links":{"self":[{"href":"https:\/\/osaka.ma\/fr\/wp-json\/wp\/v2\/product\/19455","targetHints":{"allow":["GET"]}}],"collection":[{"href":"https:\/\/osaka.ma\/fr\/wp-json\/wp\/v2\/product"}],"about":[{"href":"https:\/\/osaka.ma\/fr\/wp-json\/wp\/v2\/types\/product"}],"version-history":[{"count":0,"href":"https:\/\/osaka.ma\/fr\/wp-json\/wp\/v2\/product\/19455\/revisions"}],"wp:featuredmedia":[{"embeddable":true,"href":"https:\/\/osaka.ma\/fr\/wp-json\/wp\/v2\/media\/1019460"}],"wp:attachment":[{"href":"https:\/\/osaka.ma\/fr\/wp-json\/wp\/v2\/media?parent=19455"}],"wp:term":[{"taxonomy":"pwb-brand","embeddable":true,"href":"https:\/\/osaka.ma\/fr\/wp-json\/wp\/v2\/pwb-brand?post=19455"},{"taxonomy":"product_brand","embeddable":true,"href":"https:\/\/osaka.ma\/fr\/wp-json\/wp\/v2\/product_brand?post=19455"},{"taxonomy":"product_cat","embeddable":true,"href":"https:\/\/osaka.ma\/fr\/wp-json\/wp\/v2\/product_cat?post=19455"},{"taxonomy":"product_tag","embeddable":true,"href":"https:\/\/osaka.ma\/fr\/wp-json\/wp\/v2\/product_tag?post=19455"},{"taxonomy":"pcb_component_type","embeddable":true,"href":"https:\/\/osaka.ma\/fr\/wp-json\/wp\/v2\/pcb_component_type?post=19455"}],"curies":[{"name":"wp","href":"https:\/\/api.w.org\/{rel}","templated":true}]}}