{"id":20058,"date":"2025-12-18T11:35:21","date_gmt":"2025-12-18T10:35:21","guid":{"rendered":"https:\/\/osaka.ma\/?post_type=product&#038;p=20058"},"modified":"2026-02-20T14:46:50","modified_gmt":"2026-02-20T13:46:50","slug":"sk-hynix-16gb-ddr5-4800mhz-so-dimm","status":"publish","type":"product","link":"https:\/\/osaka.ma\/fr\/product\/sk-hynix-16gb-ddr5-4800mhz-so-dimm\/","title":{"rendered":"SK Hynix 16GB DDR5 4800MHz SO-DIMM"},"content":{"rendered":"<p data-start=\"482\" data-end=\"833\"><img decoding=\"async\" class=\"\" src=\"https:\/\/osaka.ma\/wp-content\/uploads\/2025\/03\/SK-HYNIX.png\" alt=\"SK-HYNIX\" width=\"135\" height=\"71\" \/><\/p>\n<p data-start=\"482\" data-end=\"833\">La <strong data-start=\"485\" data-end=\"523\">SK Hynix 16GB DDR5 4800MHz SO-DIMM<\/strong> est une barrette m\u00e9moire con\u00e7ue pour les ordinateurs portables de nouvelle g\u00e9n\u00e9ration. Gr\u00e2ce \u00e0 la technologie <strong data-start=\"634\" data-end=\"642\">DDR5<\/strong>, elle offre une bande passante sup\u00e9rieure, une meilleure gestion de l\u2019\u00e9nergie et des performances accrues par rapport \u00e0 la DDR4, ce qui se traduit par un syst\u00e8me plus fluide et plus r\u00e9actif.<\/p>\n<p data-start=\"835\" data-end=\"1186\">Avec <strong data-start=\"840\" data-end=\"856\">16 Go de RAM<\/strong>, cette m\u00e9moire est id\u00e9ale pour le multit\u00e2che intensif, les applications professionnelles, la virtualisation l\u00e9g\u00e8re et le gaming sur laptop. La fr\u00e9quence de <strong data-start=\"1013\" data-end=\"1025\">4800 MHz<\/strong> garantit une excellente rapidit\u00e9 de traitement, tandis que la fiabilit\u00e9 reconnue de <strong data-start=\"1110\" data-end=\"1122\">SK Hynix<\/strong> en fait un choix s\u00fbr pour une mise \u00e0 niveau ou un remplacement.<\/p>\n<p data-start=\"1188\" data-end=\"1348\">En version <strong data-start=\"1199\" data-end=\"1207\">USED<\/strong>, cette barrette reste une solution performante et \u00e9conomique pour am\u00e9liorer significativement les performances de votre ordinateur portable.<\/p>\n","protected":false},"excerpt":{"rendered":"<h3 data-start=\"125\" data-end=\"160\"><strong data-start=\"129\" data-end=\"160\">Caract\u00e9ristiques Techniques<\/strong><\/h3>\n<p data-start=\"161\" data-end=\"453\">\u2022 <strong data-start=\"163\" data-end=\"175\">Marque :<\/strong> SK Hynix<br data-start=\"184\" data-end=\"187\" \/>\u2022 <strong data-start=\"189\" data-end=\"203\">Capacit\u00e9 :<\/strong> 16 Go<br data-start=\"209\" data-end=\"212\" \/>\u2022 <strong data-start=\"214\" data-end=\"235\">Type de m\u00e9moire :<\/strong> DDR5<br data-start=\"240\" data-end=\"243\" \/>\u2022 <strong data-start=\"245\" data-end=\"260\">Fr\u00e9quence :<\/strong> 4800 MHz<br data-start=\"269\" data-end=\"272\" \/>\u2022 <strong data-start=\"274\" data-end=\"286\">Format :<\/strong> SO-DIMM<br data-start=\"294\" data-end=\"297\" \/>\u2022 <strong data-start=\"299\" data-end=\"312\">Tension :<\/strong> 1.1 V<br data-start=\"318\" data-end=\"321\" \/>\u2022 <strong data-start=\"323\" data-end=\"332\">ECC :<\/strong> Non<br data-start=\"336\" data-end=\"339\" \/>\u2022 <strong data-start=\"341\" data-end=\"360\">Compatibilit\u00e9 :<\/strong> Ordinateurs portables compatibles DDR5<br data-start=\"399\" data-end=\"402\" \/>\u2022 <strong data-start=\"404\" data-end=\"414\">\u00c9tat :<\/strong> USED<br data-start=\"419\" data-end=\"422\" \/>\u2022 <strong data-start=\"424\" data-end=\"439\">Condition :<\/strong> WITHOUT BOX<\/p>\n","protected":false},"featured_media":1020059,"template":"","meta":{"_acf_changed":false},"pwb-brand":[],"product_brand":[],"product_cat":[17,116,18],"product_tag":[],"pcb_component_type":[],"class_list":{"0":"post-20058","1":"product","2":"type-product","3":"status-publish","4":"has-post-thumbnail","6":"product_cat-composants-gaming","7":"product_cat-ddr5","8":"product_cat-ram","10":"first","11":"instock","12":"sale","13":"shipping-taxable","14":"purchasable","15":"product-type-simple"},"translation":{"provider":"WPGlobus","version":"3.0.2","language":"fr","enabled_languages":["en","es","de","fr","ru"],"languages":{"en":{"title":true,"content":true,"excerpt":true},"es":{"title":false,"content":false,"excerpt":false},"de":{"title":false,"content":false,"excerpt":false},"fr":{"title":false,"content":false,"excerpt":false},"ru":{"title":false,"content":false,"excerpt":false}}},"acf":[],"yoast_head":"<!-- This site is optimized with the Yoast SEO plugin v27.2 - https:\/\/yoast.com\/product\/yoast-seo-wordpress\/ -->\n<title>SK Hynix 16GB DDR5 4800MHz SO-DIMM - Osaka<\/title>\n<meta name=\"robots\" content=\"index, follow, max-snippet:-1, max-image-preview:large, max-video-preview:-1\" \/>\n<link rel=\"canonical\" href=\"https:\/\/osaka.ma\/product\/sk-hynix-16gb-ddr5-4800mhz-so-dimm\/\" \/>\n<meta property=\"og:locale\" content=\"fr_FR\" \/>\n<meta property=\"og:type\" content=\"article\" \/>\n<meta property=\"og:title\" content=\"SK Hynix 16GB DDR5 4800MHz SO-DIMM - Osaka\" \/>\n<meta property=\"og:url\" content=\"https:\/\/osaka.ma\/product\/sk-hynix-16gb-ddr5-4800mhz-so-dimm\/\" \/>\n<meta property=\"og:site_name\" content=\"Osaka\" \/>\n<meta property=\"article:modified_time\" content=\"2026-02-20T13:46:50+00:00\" \/>\n<meta property=\"og:image\" content=\"https:\/\/osaka.ma\/wp-content\/uploads\/2025\/12\/RAM-DDR5-SK-Hynix-16GB-4800MHz-SO-DIMM.webp\" \/>\n\t<meta property=\"og:image:width\" content=\"1080\" \/>\n\t<meta property=\"og:image:height\" content=\"1080\" \/>\n\t<meta property=\"og:image:type\" content=\"image\/webp\" \/>\n<meta name=\"twitter:card\" content=\"summary_large_image\" \/>\n<meta name=\"twitter:label1\" content=\"Dur\u00e9e de lecture estim\u00e9e\" \/>\n\t<meta name=\"twitter:data1\" content=\"2 minutes\" \/>\n<script type=\"application\/ld+json\" class=\"yoast-schema-graph\">{\"@context\":\"https:\/\/schema.org\",\"@graph\":[{\"@type\":\"WebPage\",\"@id\":\"https:\/\/osaka.ma\/product\/sk-hynix-16gb-ddr5-4800mhz-so-dimm\/\",\"url\":\"https:\/\/osaka.ma\/product\/sk-hynix-16gb-ddr5-4800mhz-so-dimm\/\",\"name\":\"SK Hynix 16GB DDR5 4800MHz SO-DIMM - Osaka\",\"isPartOf\":{\"@id\":\"https:\/\/osaka.ma\/#website\"},\"primaryImageOfPage\":{\"@id\":\"https:\/\/osaka.ma\/product\/sk-hynix-16gb-ddr5-4800mhz-so-dimm\/#primaryimage\"},\"image\":{\"@id\":\"https:\/\/osaka.ma\/product\/sk-hynix-16gb-ddr5-4800mhz-so-dimm\/#primaryimage\"},\"thumbnailUrl\":\"https:\/\/osaka.ma\/wp-content\/uploads\/2025\/12\/RAM-DDR5-SK-Hynix-16GB-4800MHz-SO-DIMM.webp\",\"datePublished\":\"2025-12-18T10:35:21+00:00\",\"dateModified\":\"2026-02-20T13:46:50+00:00\",\"breadcrumb\":{\"@id\":\"https:\/\/osaka.ma\/product\/sk-hynix-16gb-ddr5-4800mhz-so-dimm\/#breadcrumb\"},\"inLanguage\":\"fr-FR\",\"potentialAction\":[{\"@type\":\"ReadAction\",\"target\":[\"https:\/\/osaka.ma\/product\/sk-hynix-16gb-ddr5-4800mhz-so-dimm\/\"]}]},{\"@type\":\"ImageObject\",\"inLanguage\":\"fr-FR\",\"@id\":\"https:\/\/osaka.ma\/product\/sk-hynix-16gb-ddr5-4800mhz-so-dimm\/#primaryimage\",\"url\":\"https:\/\/osaka.ma\/wp-content\/uploads\/2025\/12\/RAM-DDR5-SK-Hynix-16GB-4800MHz-SO-DIMM.webp\",\"contentUrl\":\"https:\/\/osaka.ma\/wp-content\/uploads\/2025\/12\/RAM-DDR5-SK-Hynix-16GB-4800MHz-SO-DIMM.webp\",\"width\":1080,\"height\":1080,\"caption\":\"RAM DDR5 SK Hynix 16GB 4800MHz SO-DIMM\"},{\"@type\":\"BreadcrumbList\",\"@id\":\"https:\/\/osaka.ma\/product\/sk-hynix-16gb-ddr5-4800mhz-so-dimm\/#breadcrumb\",\"itemListElement\":[{\"@type\":\"ListItem\",\"position\":1,\"name\":\"Home\",\"item\":\"https:\/\/osaka.ma\/\"},{\"@type\":\"ListItem\",\"position\":2,\"name\":\"Shop\",\"item\":\"https:\/\/osaka.ma\/shop-2\/\"},{\"@type\":\"ListItem\",\"position\":3,\"name\":\"SK Hynix 16GB DDR5 4800MHz SO-DIMM\"}]},{\"@type\":\"WebSite\",\"@id\":\"https:\/\/osaka.ma\/#website\",\"url\":\"https:\/\/osaka.ma\/\",\"name\":\"Osaka\",\"description\":\"\",\"publisher\":{\"@id\":\"https:\/\/osaka.ma\/#organization\"},\"potentialAction\":[{\"@type\":\"SearchAction\",\"target\":{\"@type\":\"EntryPoint\",\"urlTemplate\":\"https:\/\/osaka.ma\/?s={search_term_string}\"},\"query-input\":{\"@type\":\"PropertyValueSpecification\",\"valueRequired\":true,\"valueName\":\"search_term_string\"}}],\"inLanguage\":\"fr-FR\"},{\"@type\":\"Organization\",\"@id\":\"https:\/\/osaka.ma\/#organization\",\"name\":\"Osaka\",\"url\":\"https:\/\/osaka.ma\/\",\"logo\":{\"@type\":\"ImageObject\",\"inLanguage\":\"fr-FR\",\"@id\":\"https:\/\/osaka.ma\/#\/schema\/logo\/image\/\",\"url\":\"https:\/\/osaka.ma\/wp-content\/uploads\/2026\/01\/model-slogan-logo-2Plan-de-travail-1dksl-plus-finnn.png\",\"contentUrl\":\"https:\/\/osaka.ma\/wp-content\/uploads\/2026\/01\/model-slogan-logo-2Plan-de-travail-1dksl-plus-finnn.png\",\"width\":842,\"height\":226,\"caption\":\"Osaka\"},\"image\":{\"@id\":\"https:\/\/osaka.ma\/#\/schema\/logo\/image\/\"}}]}<\/script>\n<!-- \/ Yoast SEO plugin. -->","yoast_head_json":{"title":"SK Hynix 16GB DDR5 4800MHz SO-DIMM - Osaka","robots":{"index":"index","follow":"follow","max-snippet":"max-snippet:-1","max-image-preview":"max-image-preview:large","max-video-preview":"max-video-preview:-1"},"canonical":"https:\/\/osaka.ma\/product\/sk-hynix-16gb-ddr5-4800mhz-so-dimm\/","og_locale":"fr_FR","og_type":"article","og_title":"SK Hynix 16GB DDR5 4800MHz SO-DIMM - Osaka","og_url":"https:\/\/osaka.ma\/product\/sk-hynix-16gb-ddr5-4800mhz-so-dimm\/","og_site_name":"Osaka","article_modified_time":"2026-02-20T13:46:50+00:00","og_image":[{"width":1080,"height":1080,"url":"https:\/\/osaka.ma\/wp-content\/uploads\/2025\/12\/RAM-DDR5-SK-Hynix-16GB-4800MHz-SO-DIMM.webp","type":"image\/webp"}],"twitter_card":"summary_large_image","twitter_misc":{"Dur\u00e9e de lecture estim\u00e9e":"2 minutes"},"schema":{"@context":"https:\/\/schema.org","@graph":[{"@type":"WebPage","@id":"https:\/\/osaka.ma\/product\/sk-hynix-16gb-ddr5-4800mhz-so-dimm\/","url":"https:\/\/osaka.ma\/product\/sk-hynix-16gb-ddr5-4800mhz-so-dimm\/","name":"SK Hynix 16GB DDR5 4800MHz SO-DIMM - Osaka","isPartOf":{"@id":"https:\/\/osaka.ma\/#website"},"primaryImageOfPage":{"@id":"https:\/\/osaka.ma\/product\/sk-hynix-16gb-ddr5-4800mhz-so-dimm\/#primaryimage"},"image":{"@id":"https:\/\/osaka.ma\/product\/sk-hynix-16gb-ddr5-4800mhz-so-dimm\/#primaryimage"},"thumbnailUrl":"https:\/\/osaka.ma\/wp-content\/uploads\/2025\/12\/RAM-DDR5-SK-Hynix-16GB-4800MHz-SO-DIMM.webp","datePublished":"2025-12-18T10:35:21+00:00","dateModified":"2026-02-20T13:46:50+00:00","breadcrumb":{"@id":"https:\/\/osaka.ma\/product\/sk-hynix-16gb-ddr5-4800mhz-so-dimm\/#breadcrumb"},"inLanguage":"fr-FR","potentialAction":[{"@type":"ReadAction","target":["https:\/\/osaka.ma\/product\/sk-hynix-16gb-ddr5-4800mhz-so-dimm\/"]}]},{"@type":"ImageObject","inLanguage":"fr-FR","@id":"https:\/\/osaka.ma\/product\/sk-hynix-16gb-ddr5-4800mhz-so-dimm\/#primaryimage","url":"https:\/\/osaka.ma\/wp-content\/uploads\/2025\/12\/RAM-DDR5-SK-Hynix-16GB-4800MHz-SO-DIMM.webp","contentUrl":"https:\/\/osaka.ma\/wp-content\/uploads\/2025\/12\/RAM-DDR5-SK-Hynix-16GB-4800MHz-SO-DIMM.webp","width":1080,"height":1080,"caption":"RAM DDR5 SK Hynix 16GB 4800MHz SO-DIMM"},{"@type":"BreadcrumbList","@id":"https:\/\/osaka.ma\/product\/sk-hynix-16gb-ddr5-4800mhz-so-dimm\/#breadcrumb","itemListElement":[{"@type":"ListItem","position":1,"name":"Home","item":"https:\/\/osaka.ma\/"},{"@type":"ListItem","position":2,"name":"Shop","item":"https:\/\/osaka.ma\/shop-2\/"},{"@type":"ListItem","position":3,"name":"SK Hynix 16GB DDR5 4800MHz SO-DIMM"}]},{"@type":"WebSite","@id":"https:\/\/osaka.ma\/#website","url":"https:\/\/osaka.ma\/","name":"Osaka","description":"","publisher":{"@id":"https:\/\/osaka.ma\/#organization"},"potentialAction":[{"@type":"SearchAction","target":{"@type":"EntryPoint","urlTemplate":"https:\/\/osaka.ma\/?s={search_term_string}"},"query-input":{"@type":"PropertyValueSpecification","valueRequired":true,"valueName":"search_term_string"}}],"inLanguage":"fr-FR"},{"@type":"Organization","@id":"https:\/\/osaka.ma\/#organization","name":"Osaka","url":"https:\/\/osaka.ma\/","logo":{"@type":"ImageObject","inLanguage":"fr-FR","@id":"https:\/\/osaka.ma\/#\/schema\/logo\/image\/","url":"https:\/\/osaka.ma\/wp-content\/uploads\/2026\/01\/model-slogan-logo-2Plan-de-travail-1dksl-plus-finnn.png","contentUrl":"https:\/\/osaka.ma\/wp-content\/uploads\/2026\/01\/model-slogan-logo-2Plan-de-travail-1dksl-plus-finnn.png","width":842,"height":226,"caption":"Osaka"},"image":{"@id":"https:\/\/osaka.ma\/#\/schema\/logo\/image\/"}}]}},"jetpack_sharing_enabled":true,"brands":[],"_links":{"self":[{"href":"https:\/\/osaka.ma\/fr\/wp-json\/wp\/v2\/product\/20058","targetHints":{"allow":["GET"]}}],"collection":[{"href":"https:\/\/osaka.ma\/fr\/wp-json\/wp\/v2\/product"}],"about":[{"href":"https:\/\/osaka.ma\/fr\/wp-json\/wp\/v2\/types\/product"}],"version-history":[{"count":0,"href":"https:\/\/osaka.ma\/fr\/wp-json\/wp\/v2\/product\/20058\/revisions"}],"wp:featuredmedia":[{"embeddable":true,"href":"https:\/\/osaka.ma\/fr\/wp-json\/wp\/v2\/media\/1020059"}],"wp:attachment":[{"href":"https:\/\/osaka.ma\/fr\/wp-json\/wp\/v2\/media?parent=20058"}],"wp:term":[{"taxonomy":"pwb-brand","embeddable":true,"href":"https:\/\/osaka.ma\/fr\/wp-json\/wp\/v2\/pwb-brand?post=20058"},{"taxonomy":"product_brand","embeddable":true,"href":"https:\/\/osaka.ma\/fr\/wp-json\/wp\/v2\/product_brand?post=20058"},{"taxonomy":"product_cat","embeddable":true,"href":"https:\/\/osaka.ma\/fr\/wp-json\/wp\/v2\/product_cat?post=20058"},{"taxonomy":"product_tag","embeddable":true,"href":"https:\/\/osaka.ma\/fr\/wp-json\/wp\/v2\/product_tag?post=20058"},{"taxonomy":"pcb_component_type","embeddable":true,"href":"https:\/\/osaka.ma\/fr\/wp-json\/wp\/v2\/pcb_component_type?post=20058"}],"curies":[{"name":"wp","href":"https:\/\/api.w.org\/{rel}","templated":true}]}}