{"id":21595,"date":"2026-02-25T11:08:29","date_gmt":"2026-02-25T10:08:29","guid":{"rendered":"https:\/\/osaka.ma\/?post_type=product&#038;p=21595"},"modified":"2026-03-04T17:09:02","modified_gmt":"2026-03-04T16:09:02","slug":"msi-mag-pano-110r-pz-noir-boitier-gaming-atx-panoramique-new-box","status":"publish","type":"product","link":"https:\/\/osaka.ma\/fr\/product\/msi-mag-pano-110r-pz-noir-boitier-gaming-atx-panoramique-new-box\/","title":{"rendered":"MSI MAG PANO 110R PZ Noir \u2013 Bo\u00eetier Gaming ATX Panoramique NEW | BOX"},"content":{"rendered":"<p data-start=\"828\" data-end=\"1175\"><img decoding=\"async\" class=\"\" src=\"https:\/\/techspace.ma\/cdn\/shop\/collections\/Marque_MSI_280x.png?v=1708117725\" alt=\"MSI\" width=\"188\" height=\"106\" \/><\/p>\n<p data-start=\"828\" data-end=\"1175\">Le <strong data-start=\"857\" data-end=\"890\">MSI MAG PANO 110R PZ Noir NEW<\/strong> est un bo\u00eetier gaming con\u00e7u pour les passionn\u00e9s souhaitant allier <strong data-start=\"957\" data-end=\"1025\">design panoramique moderne et performances thermiques optimis\u00e9es<\/strong>. Son panneau en <strong data-start=\"1042\" data-end=\"1070\">verre tremp\u00e9 panoramique<\/strong> met parfaitement en valeur votre configuration, id\u00e9al pour les setups RGB et les builds haut de gamme.<\/p>\n<p data-start=\"1177\" data-end=\"1557\">Gr\u00e2ce \u00e0 ses <strong data-start=\"1189\" data-end=\"1230\">quatre ventilateurs ARGB pr\u00e9install\u00e9s<\/strong>, il assure un excellent flux d\u2019air d\u00e8s l\u2019installation, tout en offrant une personnalisation lumineuse compl\u00e8te pour un rendu visuel immersif. Le bo\u00eetier supporte les cartes graphiques jusqu\u2019\u00e0 <strong data-start=\"1423\" data-end=\"1433\">400 mm<\/strong> et les solutions de <strong data-start=\"1454\" data-end=\"1485\">watercooling jusqu\u2019\u00e0 360 mm<\/strong>, permettant d\u2019accueillir des configurations puissantes et \u00e9volutives.<\/p>\n<p data-start=\"1559\" data-end=\"1890\">Son espace int\u00e9rieur optimis\u00e9 facilite la gestion des c\u00e2bles et l\u2019assemblage des composants, rendant le montage propre et professionnel. Compatible ATX, Micro-ATX et Mini-ITX, le <strong data-start=\"1738\" data-end=\"1762\">MSI MAG PANO 110R PZ<\/strong> constitue un choix id\u00e9al pour les gamers et cr\u00e9ateurs recherchant un bo\u00eetier spacieux, esth\u00e9tique et performant pour leur PC.<\/p>\n<p data-start=\"1892\" data-end=\"2139\"><strong data-start=\"1892\" data-end=\"1924\">Pourquoi acheter ce produit:<\/strong><br data-start=\"1924\" data-end=\"1927\" \/>\u2022 Design panoramique premium en verre tremp\u00e9<br data-start=\"1971\" data-end=\"1974\" \/>\u2022 4 ventilateurs ARGB inclus pour un flux d\u2019air optimal<br data-start=\"2029\" data-end=\"2032\" \/>\u2022 Compatible GPU longues et watercooling 360 mm<br data-start=\"2079\" data-end=\"2082\" \/>\u2022 Bo\u00eetier spacieux et moderne pour configuration gaming<\/p>\n","protected":false},"excerpt":{"rendered":"<p data-start=\"253\" data-end=\"433\">Bo\u00eetier gaming MSI MAG PANO 110R PZ Noir avec panneau panoramique en verre tremp\u00e9, design moderne et excellent flux d\u2019air pour configurations performantes.<\/p>\n<p data-start=\"435\" data-end=\"826\"><strong data-start=\"435\" data-end=\"467\">Caract\u00e9ristiques Techniques:<\/strong><br data-start=\"467\" data-end=\"470\" \/>\u2022 Format : ATX \/ Micro-ATX \/ Mini-ITX<br data-start=\"507\" data-end=\"510\" \/>\u2022 Panneaux : Verre tremp\u00e9 panoramique<br data-start=\"547\" data-end=\"550\" \/>\u2022 Ventilateurs inclus : 4x ARGB pr\u00e9install\u00e9s<br data-start=\"594\" data-end=\"597\" \/>\u2022 Compatibilit\u00e9 GPU : Jusqu\u2019\u00e0 400 mm<br data-start=\"633\" data-end=\"636\" \/>\u2022 Compatibilit\u00e9 refroidissement : Watercooling jusqu\u2019\u00e0 360 mm<br data-start=\"697\" data-end=\"700\" \/>\u2022 Connectique frontale : USB 3.2, USB 2.0, Audio HD<br data-start=\"751\" data-end=\"754\" \/>\u2022 Gestion des c\u00e2bles : Syst\u00e8me optimis\u00e9 \u00e0 l\u2019arri\u00e8re<br data-start=\"805\" data-end=\"808\" \/>\u2022 Couleur : Noir<\/p>\n","protected":false},"featured_media":1021599,"template":"","meta":{"_acf_changed":false},"pwb-brand":[],"product_brand":[],"product_cat":[27,17],"product_tag":[],"pcb_component_type":[],"class_list":{"0":"post-21595","1":"product","2":"type-product","3":"status-publish","4":"has-post-thumbnail","6":"product_cat-boitiers-pc","7":"product_cat-composants-gaming","9":"first","10":"outofstock","11":"shipping-taxable","12":"product-type-simple"},"translation":{"provider":"WPGlobus","version":"3.0.2","language":"fr","enabled_languages":["en","es","de","fr","ru"],"languages":{"en":{"title":true,"content":true,"excerpt":true},"es":{"title":false,"content":false,"excerpt":false},"de":{"title":false,"content":false,"excerpt":false},"fr":{"title":false,"content":false,"excerpt":false},"ru":{"title":false,"content":false,"excerpt":false}}},"acf":[],"yoast_head":"<!-- This site is optimized with the Yoast SEO plugin v27.2 - https:\/\/yoast.com\/product\/yoast-seo-wordpress\/ -->\n<title>MSI MAG PANO 110R PZ Noir \u2013 Bo\u00eetier Gaming ATX Panoramique NEW | BOX - Osaka<\/title>\n<meta name=\"robots\" content=\"index, follow, max-snippet:-1, max-image-preview:large, max-video-preview:-1\" \/>\n<link rel=\"canonical\" href=\"https:\/\/osaka.ma\/product\/msi-mag-pano-110r-pz-noir-boitier-gaming-atx-panoramique-new-box\/\" \/>\n<meta property=\"og:locale\" content=\"fr_FR\" \/>\n<meta property=\"og:type\" content=\"article\" \/>\n<meta property=\"og:title\" content=\"MSI MAG PANO 110R PZ Noir \u2013 Bo\u00eetier Gaming ATX Panoramique NEW | BOX - Osaka\" \/>\n<meta property=\"og:url\" content=\"https:\/\/osaka.ma\/product\/msi-mag-pano-110r-pz-noir-boitier-gaming-atx-panoramique-new-box\/\" \/>\n<meta property=\"og:site_name\" content=\"Osaka\" \/>\n<meta property=\"article:modified_time\" content=\"2026-03-04T16:09:02+00:00\" \/>\n<meta property=\"og:image\" content=\"https:\/\/osaka.ma\/wp-content\/uploads\/2026\/02\/MSIMAGPANO110RPzNoir_600x.webp\" \/>\n\t<meta property=\"og:image:width\" content=\"600\" \/>\n\t<meta property=\"og:image:height\" content=\"600\" \/>\n\t<meta property=\"og:image:type\" content=\"image\/webp\" \/>\n<meta name=\"twitter:card\" content=\"summary_large_image\" \/>\n<meta name=\"twitter:label1\" content=\"Dur\u00e9e de lecture estim\u00e9e\" \/>\n\t<meta name=\"twitter:data1\" content=\"3 minutes\" \/>\n<script type=\"application\/ld+json\" class=\"yoast-schema-graph\">{\"@context\":\"https:\/\/schema.org\",\"@graph\":[{\"@type\":\"WebPage\",\"@id\":\"https:\/\/osaka.ma\/product\/msi-mag-pano-110r-pz-noir-boitier-gaming-atx-panoramique-new-box\/\",\"url\":\"https:\/\/osaka.ma\/product\/msi-mag-pano-110r-pz-noir-boitier-gaming-atx-panoramique-new-box\/\",\"name\":\"MSI MAG PANO 110R PZ Noir \u2013 Bo\u00eetier Gaming ATX Panoramique NEW | BOX - Osaka\",\"isPartOf\":{\"@id\":\"https:\/\/osaka.ma\/#website\"},\"primaryImageOfPage\":{\"@id\":\"https:\/\/osaka.ma\/product\/msi-mag-pano-110r-pz-noir-boitier-gaming-atx-panoramique-new-box\/#primaryimage\"},\"image\":{\"@id\":\"https:\/\/osaka.ma\/product\/msi-mag-pano-110r-pz-noir-boitier-gaming-atx-panoramique-new-box\/#primaryimage\"},\"thumbnailUrl\":\"https:\/\/osaka.ma\/wp-content\/uploads\/2026\/02\/MSIMAGPANO110RPzNoir_600x.webp\",\"datePublished\":\"2026-02-25T10:08:29+00:00\",\"dateModified\":\"2026-03-04T16:09:02+00:00\",\"breadcrumb\":{\"@id\":\"https:\/\/osaka.ma\/product\/msi-mag-pano-110r-pz-noir-boitier-gaming-atx-panoramique-new-box\/#breadcrumb\"},\"inLanguage\":\"fr-FR\",\"potentialAction\":[{\"@type\":\"ReadAction\",\"target\":[\"https:\/\/osaka.ma\/product\/msi-mag-pano-110r-pz-noir-boitier-gaming-atx-panoramique-new-box\/\"]}]},{\"@type\":\"ImageObject\",\"inLanguage\":\"fr-FR\",\"@id\":\"https:\/\/osaka.ma\/product\/msi-mag-pano-110r-pz-noir-boitier-gaming-atx-panoramique-new-box\/#primaryimage\",\"url\":\"https:\/\/osaka.ma\/wp-content\/uploads\/2026\/02\/MSIMAGPANO110RPzNoir_600x.webp\",\"contentUrl\":\"https:\/\/osaka.ma\/wp-content\/uploads\/2026\/02\/MSIMAGPANO110RPzNoir_600x.webp\",\"width\":600,\"height\":600,\"caption\":\"MSI MAG PANO 110R PZ Noir NEW\"},{\"@type\":\"BreadcrumbList\",\"@id\":\"https:\/\/osaka.ma\/product\/msi-mag-pano-110r-pz-noir-boitier-gaming-atx-panoramique-new-box\/#breadcrumb\",\"itemListElement\":[{\"@type\":\"ListItem\",\"position\":1,\"name\":\"Home\",\"item\":\"https:\/\/osaka.ma\/\"},{\"@type\":\"ListItem\",\"position\":2,\"name\":\"Shop\",\"item\":\"https:\/\/osaka.ma\/shop-2\/\"},{\"@type\":\"ListItem\",\"position\":3,\"name\":\"MSI MAG PANO 110R PZ Noir \u2013 Bo\u00eetier Gaming ATX Panoramique NEW | BOX\"}]},{\"@type\":\"WebSite\",\"@id\":\"https:\/\/osaka.ma\/#website\",\"url\":\"https:\/\/osaka.ma\/\",\"name\":\"Osaka\",\"description\":\"\",\"publisher\":{\"@id\":\"https:\/\/osaka.ma\/#organization\"},\"potentialAction\":[{\"@type\":\"SearchAction\",\"target\":{\"@type\":\"EntryPoint\",\"urlTemplate\":\"https:\/\/osaka.ma\/?s={search_term_string}\"},\"query-input\":{\"@type\":\"PropertyValueSpecification\",\"valueRequired\":true,\"valueName\":\"search_term_string\"}}],\"inLanguage\":\"fr-FR\"},{\"@type\":\"Organization\",\"@id\":\"https:\/\/osaka.ma\/#organization\",\"name\":\"Osaka\",\"url\":\"https:\/\/osaka.ma\/\",\"logo\":{\"@type\":\"ImageObject\",\"inLanguage\":\"fr-FR\",\"@id\":\"https:\/\/osaka.ma\/#\/schema\/logo\/image\/\",\"url\":\"https:\/\/osaka.ma\/wp-content\/uploads\/2026\/01\/model-slogan-logo-2Plan-de-travail-1dksl-plus-finnn.png\",\"contentUrl\":\"https:\/\/osaka.ma\/wp-content\/uploads\/2026\/01\/model-slogan-logo-2Plan-de-travail-1dksl-plus-finnn.png\",\"width\":842,\"height\":226,\"caption\":\"Osaka\"},\"image\":{\"@id\":\"https:\/\/osaka.ma\/#\/schema\/logo\/image\/\"}}]}<\/script>\n<!-- \/ Yoast SEO plugin. -->","yoast_head_json":{"title":"MSI MAG PANO 110R PZ Noir \u2013 Bo\u00eetier Gaming ATX Panoramique NEW | BOX - Osaka","robots":{"index":"index","follow":"follow","max-snippet":"max-snippet:-1","max-image-preview":"max-image-preview:large","max-video-preview":"max-video-preview:-1"},"canonical":"https:\/\/osaka.ma\/product\/msi-mag-pano-110r-pz-noir-boitier-gaming-atx-panoramique-new-box\/","og_locale":"fr_FR","og_type":"article","og_title":"MSI MAG PANO 110R PZ Noir \u2013 Bo\u00eetier Gaming ATX Panoramique NEW | BOX - Osaka","og_url":"https:\/\/osaka.ma\/product\/msi-mag-pano-110r-pz-noir-boitier-gaming-atx-panoramique-new-box\/","og_site_name":"Osaka","article_modified_time":"2026-03-04T16:09:02+00:00","og_image":[{"width":600,"height":600,"url":"https:\/\/osaka.ma\/wp-content\/uploads\/2026\/02\/MSIMAGPANO110RPzNoir_600x.webp","type":"image\/webp"}],"twitter_card":"summary_large_image","twitter_misc":{"Dur\u00e9e de lecture estim\u00e9e":"3 minutes"},"schema":{"@context":"https:\/\/schema.org","@graph":[{"@type":"WebPage","@id":"https:\/\/osaka.ma\/product\/msi-mag-pano-110r-pz-noir-boitier-gaming-atx-panoramique-new-box\/","url":"https:\/\/osaka.ma\/product\/msi-mag-pano-110r-pz-noir-boitier-gaming-atx-panoramique-new-box\/","name":"MSI MAG PANO 110R PZ Noir \u2013 Bo\u00eetier Gaming ATX Panoramique NEW | BOX - Osaka","isPartOf":{"@id":"https:\/\/osaka.ma\/#website"},"primaryImageOfPage":{"@id":"https:\/\/osaka.ma\/product\/msi-mag-pano-110r-pz-noir-boitier-gaming-atx-panoramique-new-box\/#primaryimage"},"image":{"@id":"https:\/\/osaka.ma\/product\/msi-mag-pano-110r-pz-noir-boitier-gaming-atx-panoramique-new-box\/#primaryimage"},"thumbnailUrl":"https:\/\/osaka.ma\/wp-content\/uploads\/2026\/02\/MSIMAGPANO110RPzNoir_600x.webp","datePublished":"2026-02-25T10:08:29+00:00","dateModified":"2026-03-04T16:09:02+00:00","breadcrumb":{"@id":"https:\/\/osaka.ma\/product\/msi-mag-pano-110r-pz-noir-boitier-gaming-atx-panoramique-new-box\/#breadcrumb"},"inLanguage":"fr-FR","potentialAction":[{"@type":"ReadAction","target":["https:\/\/osaka.ma\/product\/msi-mag-pano-110r-pz-noir-boitier-gaming-atx-panoramique-new-box\/"]}]},{"@type":"ImageObject","inLanguage":"fr-FR","@id":"https:\/\/osaka.ma\/product\/msi-mag-pano-110r-pz-noir-boitier-gaming-atx-panoramique-new-box\/#primaryimage","url":"https:\/\/osaka.ma\/wp-content\/uploads\/2026\/02\/MSIMAGPANO110RPzNoir_600x.webp","contentUrl":"https:\/\/osaka.ma\/wp-content\/uploads\/2026\/02\/MSIMAGPANO110RPzNoir_600x.webp","width":600,"height":600,"caption":"MSI MAG PANO 110R PZ Noir NEW"},{"@type":"BreadcrumbList","@id":"https:\/\/osaka.ma\/product\/msi-mag-pano-110r-pz-noir-boitier-gaming-atx-panoramique-new-box\/#breadcrumb","itemListElement":[{"@type":"ListItem","position":1,"name":"Home","item":"https:\/\/osaka.ma\/"},{"@type":"ListItem","position":2,"name":"Shop","item":"https:\/\/osaka.ma\/shop-2\/"},{"@type":"ListItem","position":3,"name":"MSI MAG PANO 110R PZ Noir \u2013 Bo\u00eetier Gaming ATX Panoramique NEW | BOX"}]},{"@type":"WebSite","@id":"https:\/\/osaka.ma\/#website","url":"https:\/\/osaka.ma\/","name":"Osaka","description":"","publisher":{"@id":"https:\/\/osaka.ma\/#organization"},"potentialAction":[{"@type":"SearchAction","target":{"@type":"EntryPoint","urlTemplate":"https:\/\/osaka.ma\/?s={search_term_string}"},"query-input":{"@type":"PropertyValueSpecification","valueRequired":true,"valueName":"search_term_string"}}],"inLanguage":"fr-FR"},{"@type":"Organization","@id":"https:\/\/osaka.ma\/#organization","name":"Osaka","url":"https:\/\/osaka.ma\/","logo":{"@type":"ImageObject","inLanguage":"fr-FR","@id":"https:\/\/osaka.ma\/#\/schema\/logo\/image\/","url":"https:\/\/osaka.ma\/wp-content\/uploads\/2026\/01\/model-slogan-logo-2Plan-de-travail-1dksl-plus-finnn.png","contentUrl":"https:\/\/osaka.ma\/wp-content\/uploads\/2026\/01\/model-slogan-logo-2Plan-de-travail-1dksl-plus-finnn.png","width":842,"height":226,"caption":"Osaka"},"image":{"@id":"https:\/\/osaka.ma\/#\/schema\/logo\/image\/"}}]}},"jetpack_sharing_enabled":true,"brands":[],"_links":{"self":[{"href":"https:\/\/osaka.ma\/fr\/wp-json\/wp\/v2\/product\/21595","targetHints":{"allow":["GET"]}}],"collection":[{"href":"https:\/\/osaka.ma\/fr\/wp-json\/wp\/v2\/product"}],"about":[{"href":"https:\/\/osaka.ma\/fr\/wp-json\/wp\/v2\/types\/product"}],"version-history":[{"count":0,"href":"https:\/\/osaka.ma\/fr\/wp-json\/wp\/v2\/product\/21595\/revisions"}],"wp:featuredmedia":[{"embeddable":true,"href":"https:\/\/osaka.ma\/fr\/wp-json\/wp\/v2\/media\/1021599"}],"wp:attachment":[{"href":"https:\/\/osaka.ma\/fr\/wp-json\/wp\/v2\/media?parent=21595"}],"wp:term":[{"taxonomy":"pwb-brand","embeddable":true,"href":"https:\/\/osaka.ma\/fr\/wp-json\/wp\/v2\/pwb-brand?post=21595"},{"taxonomy":"product_brand","embeddable":true,"href":"https:\/\/osaka.ma\/fr\/wp-json\/wp\/v2\/product_brand?post=21595"},{"taxonomy":"product_cat","embeddable":true,"href":"https:\/\/osaka.ma\/fr\/wp-json\/wp\/v2\/product_cat?post=21595"},{"taxonomy":"product_tag","embeddable":true,"href":"https:\/\/osaka.ma\/fr\/wp-json\/wp\/v2\/product_tag?post=21595"},{"taxonomy":"pcb_component_type","embeddable":true,"href":"https:\/\/osaka.ma\/fr\/wp-json\/wp\/v2\/pcb_component_type?post=21595"}],"curies":[{"name":"wp","href":"https:\/\/api.w.org\/{rel}","templated":true}]}}