{"id":5382,"date":"2023-08-19T11:25:21","date_gmt":"2023-08-19T11:25:21","guid":{"rendered":"https:\/\/osaka.ma\/?post_type=product&#038;p=5382"},"modified":"2025-04-24T17:24:04","modified_gmt":"2025-04-24T17:24:04","slug":"cooler-master-v1000-80plus-platinum","status":"publish","type":"product","link":"https:\/\/osaka.ma\/fr\/product\/cooler-master-v1000-80plus-platinum\/","title":{"rendered":"Cooler Master V1000 80PLUS Platinum"},"content":{"rendered":"<div class=\"logo\"><a href=\"https:\/\/www.ldlc.com\/cooler-master-ltd\/bint000001179\/\" rel=\"nofollow noopener\" target=\"_blank\"><img decoding=\"async\" src=\"https:\/\/media.ldlc.com\/v3\/marque\/bo\/00\/03\/65\/33\/V30003653338_2.jpg\" alt=\"Cooler Master Ltd\" \/><\/a><\/div>\n<div id=\"description\" class=\"description\">\n<div class=\"details-pdt-desc\">\n<h2 class=\"h2-master\">Cooler Master V1000 80PLUS Platinum : Puissance, performance, fiabilit\u00e9 et silence<\/h2>\n<section>L&#8217;alimentation\u00a0<strong>V1000\u00a0<\/strong>de\u00a0<strong>Cooler Master<\/strong>\u00a080Plus Platinum se pare des plus beaux atouts pour s\u00e9duire un public de plus en plus exigeant :<strong>\u00a0c\u00e2blage totalement modulaire<\/strong>, connectique compl\u00e8te et c\u00e2bles PCIe 16 AWG, composants japonais de tr\u00e8s haute qualit\u00e9,\u00a0<strong>haut rendement \u00e9nerg\u00e9tique<\/strong>\u00a0et haute efficacit\u00e9 avec la certification\u00a0<strong>80PLUS Platinum<\/strong>. Une solution parfaite pour votre configuration de derni\u00e8re g\u00e9n\u00e9ration, un nouveau standard d&#8217;alimentation pour les syst\u00e8mes les plus performants.La\u00a0<strong>V1000<\/strong>\u00a0propose par ailleurs un ventilateur silencieux de 135 mm qui reste \u00e0 une vitesse constante jusqu&#8217;\u00e0 60% de sollicitation du bloc. Vous pourrez aussi choisir le mode d&#8217;alimentation entre un rail unique et plusieurs rails suivant les besoins de votre configuration.<\/section>\n<section>\n<div class=\"desc-image\"><\/div>\n<div class=\"desc-text\">\n<h2>UN CONCENTR\u00c9 D&#8217;INNOVATIONS<\/h2>\n<p>Le bloc d&#8217;alimentation\u00a0<strong>Cooler Master V1000 80PLUS Platinum<\/strong>\u00a0se dote des technologies les plus \u00e9labor\u00e9es en faisant ainsi un composant de pointe. Elle est con\u00e7ue avec des composants japonais pour une qualit\u00e9 de finition et une stabilit\u00e9 \u00e0 toute \u00e9preuve. Elle propose un design enti\u00e8rement modulaire afin d&#8217;installer uniquement les c\u00e2bles dont vous avez besoin pour votre PC. Un bouton vous permet par ailleurs de modifier le comportement de l&#8217;alimentation suivant si vous souhaitez utiliser un seul ou plusieurs rails.<\/p>\n<\/div>\n<\/section>\n<section>\n<h2>PRINCIPALES CARACT\u00c9RISTIQUES :<\/h2>\n<ul>\n<li>Alimentation<strong>\u00a01000 Watts 100 % modulaire<\/strong>\u00a0certifi\u00e9e<strong>\u00a080PLUS Platinum<\/strong><\/li>\n<li>C\u00e2bles PCIe 16 AWG pour une efficacit\u00e9 am\u00e9lior\u00e9e<\/li>\n<li>Bouton pour passer d&#8217;un \u00e0 plusieurs rails d&#8217;alimentation<\/li>\n<li><strong>Ventilateur de 135 mm avec<\/strong><b>\u00a0<\/b>technologie TRM (vitesse constante et silencieuse en dessous de 60% de charge)<\/li>\n<li>Protections : OVP \/ OPP \/ SCP \/ OCP \/ UVP \/ OTP<\/li>\n<li>Utilisation de composants haut de gamme fabriqu\u00e9s au Japon<\/li>\n<\/ul>\n<\/section>\n<\/div>\n<\/div>\n","protected":false},"excerpt":{"rendered":"<p><strong>Product Information<\/strong><\/p>\n<p>L&#8217;alimentation Cooler Master V1000 80Plus Platinum est dot\u00e9e des atouts de la plus haute qualit\u00e9 pour s\u00e9duire un public de plus en plus exigeant : c\u00e2blage enti\u00e8rement modulaire, connecteurs complets et c\u00e2bles PCIe 16 AWG, composants japonais de tr\u00e8s haute qualit\u00e9, haute efficacit\u00e9 \u00e9nerg\u00e9tique et certifi\u00e9 80PLUS Platinum haute efficacit\u00e9 La solution parfaite pour la configuration de derni\u00e8re g\u00e9n\u00e9ration, la nouvelle norme de puissance pour le syst\u00e8me le plus efficace.<\/p>\n<p>Le V1000 fournit \u00e9galement un ventilateur silencieux de 135 mm qui maintient une vitesse constante \u00e0 des charges de bloc allant jusqu&#8217;\u00e0 60 %. Vous pouvez \u00e9galement choisir le mode d&#8217;alimentation entre monorail et multirail en fonction de vos besoins de configuration.<\/p>\n","protected":false},"featured_media":1009522,"template":"","meta":{"_acf_changed":false},"pwb-brand":[],"product_brand":[],"product_cat":[29,17],"product_tag":[],"pcb_component_type":[],"class_list":{"0":"post-5382","1":"product","2":"type-product","3":"status-publish","4":"has-post-thumbnail","6":"product_cat-blocs-dalimentation","7":"product_cat-composants-gaming","9":"first","10":"outofstock","11":"shipping-taxable","12":"product-type-simple"},"translation":{"provider":"WPGlobus","version":"3.0.2","language":"fr","enabled_languages":["en","es","de","fr","ru"],"languages":{"en":{"title":true,"content":true,"excerpt":true},"es":{"title":false,"content":false,"excerpt":false},"de":{"title":false,"content":false,"excerpt":false},"fr":{"title":false,"content":false,"excerpt":false},"ru":{"title":false,"content":false,"excerpt":false}}},"acf":[],"yoast_head":"<!-- This site is optimized with the Yoast SEO plugin v27.2 - https:\/\/yoast.com\/product\/yoast-seo-wordpress\/ -->\n<title>Cooler Master V1000 80PLUS Platinum - Osaka<\/title>\n<meta name=\"robots\" content=\"index, follow, max-snippet:-1, max-image-preview:large, max-video-preview:-1\" \/>\n<link rel=\"canonical\" href=\"https:\/\/osaka.ma\/product\/cooler-master-v1000-80plus-platinum\/\" \/>\n<meta property=\"og:locale\" content=\"fr_FR\" \/>\n<meta property=\"og:type\" content=\"article\" \/>\n<meta property=\"og:title\" content=\"Cooler Master V1000 80PLUS Platinum - Osaka\" \/>\n<meta property=\"og:url\" content=\"https:\/\/osaka.ma\/product\/cooler-master-v1000-80plus-platinum\/\" \/>\n<meta property=\"og:site_name\" content=\"Osaka\" \/>\n<meta property=\"article:modified_time\" content=\"2025-04-24T17:24:04+00:00\" \/>\n<meta property=\"og:image\" content=\"https:\/\/osaka.ma\/wp-content\/uploads\/2023\/08\/LD0005228780_2.jpg\" \/>\n\t<meta property=\"og:image:width\" content=\"374\" \/>\n\t<meta property=\"og:image:height\" content=\"374\" \/>\n\t<meta property=\"og:image:type\" content=\"image\/jpeg\" \/>\n<meta name=\"twitter:card\" content=\"summary_large_image\" \/>\n<meta name=\"twitter:label1\" content=\"Dur\u00e9e de lecture estim\u00e9e\" \/>\n\t<meta name=\"twitter:data1\" content=\"2 minutes\" \/>\n<script type=\"application\/ld+json\" class=\"yoast-schema-graph\">{\"@context\":\"https:\/\/schema.org\",\"@graph\":[{\"@type\":\"WebPage\",\"@id\":\"https:\/\/osaka.ma\/product\/cooler-master-v1000-80plus-platinum\/\",\"url\":\"https:\/\/osaka.ma\/product\/cooler-master-v1000-80plus-platinum\/\",\"name\":\"Cooler Master V1000 80PLUS Platinum - Osaka\",\"isPartOf\":{\"@id\":\"https:\/\/osaka.ma\/#website\"},\"primaryImageOfPage\":{\"@id\":\"https:\/\/osaka.ma\/product\/cooler-master-v1000-80plus-platinum\/#primaryimage\"},\"image\":{\"@id\":\"https:\/\/osaka.ma\/product\/cooler-master-v1000-80plus-platinum\/#primaryimage\"},\"thumbnailUrl\":\"https:\/\/osaka.ma\/wp-content\/uploads\/2023\/08\/LD0005228780_2.jpg\",\"datePublished\":\"2023-08-19T11:25:21+00:00\",\"dateModified\":\"2025-04-24T17:24:04+00:00\",\"breadcrumb\":{\"@id\":\"https:\/\/osaka.ma\/product\/cooler-master-v1000-80plus-platinum\/#breadcrumb\"},\"inLanguage\":\"fr-FR\",\"potentialAction\":[{\"@type\":\"ReadAction\",\"target\":[\"https:\/\/osaka.ma\/product\/cooler-master-v1000-80plus-platinum\/\"]}]},{\"@type\":\"ImageObject\",\"inLanguage\":\"fr-FR\",\"@id\":\"https:\/\/osaka.ma\/product\/cooler-master-v1000-80plus-platinum\/#primaryimage\",\"url\":\"https:\/\/osaka.ma\/wp-content\/uploads\/2023\/08\/LD0005228780_2.jpg\",\"contentUrl\":\"https:\/\/osaka.ma\/wp-content\/uploads\/2023\/08\/LD0005228780_2.jpg\",\"width\":374,\"height\":374},{\"@type\":\"BreadcrumbList\",\"@id\":\"https:\/\/osaka.ma\/product\/cooler-master-v1000-80plus-platinum\/#breadcrumb\",\"itemListElement\":[{\"@type\":\"ListItem\",\"position\":1,\"name\":\"Home\",\"item\":\"https:\/\/osaka.ma\/\"},{\"@type\":\"ListItem\",\"position\":2,\"name\":\"Shop\",\"item\":\"https:\/\/osaka.ma\/shop-2\/\"},{\"@type\":\"ListItem\",\"position\":3,\"name\":\"Cooler Master V1000 80PLUS Platinum\"}]},{\"@type\":\"WebSite\",\"@id\":\"https:\/\/osaka.ma\/#website\",\"url\":\"https:\/\/osaka.ma\/\",\"name\":\"Osaka\",\"description\":\"\",\"publisher\":{\"@id\":\"https:\/\/osaka.ma\/#organization\"},\"potentialAction\":[{\"@type\":\"SearchAction\",\"target\":{\"@type\":\"EntryPoint\",\"urlTemplate\":\"https:\/\/osaka.ma\/?s={search_term_string}\"},\"query-input\":{\"@type\":\"PropertyValueSpecification\",\"valueRequired\":true,\"valueName\":\"search_term_string\"}}],\"inLanguage\":\"fr-FR\"},{\"@type\":\"Organization\",\"@id\":\"https:\/\/osaka.ma\/#organization\",\"name\":\"Osaka\",\"url\":\"https:\/\/osaka.ma\/\",\"logo\":{\"@type\":\"ImageObject\",\"inLanguage\":\"fr-FR\",\"@id\":\"https:\/\/osaka.ma\/#\/schema\/logo\/image\/\",\"url\":\"https:\/\/osaka.ma\/wp-content\/uploads\/2026\/01\/model-slogan-logo-2Plan-de-travail-1dksl-plus-finnn.png\",\"contentUrl\":\"https:\/\/osaka.ma\/wp-content\/uploads\/2026\/01\/model-slogan-logo-2Plan-de-travail-1dksl-plus-finnn.png\",\"width\":842,\"height\":226,\"caption\":\"Osaka\"},\"image\":{\"@id\":\"https:\/\/osaka.ma\/#\/schema\/logo\/image\/\"}}]}<\/script>\n<!-- \/ Yoast SEO plugin. -->","yoast_head_json":{"title":"Cooler Master V1000 80PLUS Platinum - Osaka","robots":{"index":"index","follow":"follow","max-snippet":"max-snippet:-1","max-image-preview":"max-image-preview:large","max-video-preview":"max-video-preview:-1"},"canonical":"https:\/\/osaka.ma\/product\/cooler-master-v1000-80plus-platinum\/","og_locale":"fr_FR","og_type":"article","og_title":"Cooler Master V1000 80PLUS Platinum - Osaka","og_url":"https:\/\/osaka.ma\/product\/cooler-master-v1000-80plus-platinum\/","og_site_name":"Osaka","article_modified_time":"2025-04-24T17:24:04+00:00","og_image":[{"width":374,"height":374,"url":"https:\/\/osaka.ma\/wp-content\/uploads\/2023\/08\/LD0005228780_2.jpg","type":"image\/jpeg"}],"twitter_card":"summary_large_image","twitter_misc":{"Dur\u00e9e de lecture estim\u00e9e":"2 minutes"},"schema":{"@context":"https:\/\/schema.org","@graph":[{"@type":"WebPage","@id":"https:\/\/osaka.ma\/product\/cooler-master-v1000-80plus-platinum\/","url":"https:\/\/osaka.ma\/product\/cooler-master-v1000-80plus-platinum\/","name":"Cooler Master V1000 80PLUS Platinum - Osaka","isPartOf":{"@id":"https:\/\/osaka.ma\/#website"},"primaryImageOfPage":{"@id":"https:\/\/osaka.ma\/product\/cooler-master-v1000-80plus-platinum\/#primaryimage"},"image":{"@id":"https:\/\/osaka.ma\/product\/cooler-master-v1000-80plus-platinum\/#primaryimage"},"thumbnailUrl":"https:\/\/osaka.ma\/wp-content\/uploads\/2023\/08\/LD0005228780_2.jpg","datePublished":"2023-08-19T11:25:21+00:00","dateModified":"2025-04-24T17:24:04+00:00","breadcrumb":{"@id":"https:\/\/osaka.ma\/product\/cooler-master-v1000-80plus-platinum\/#breadcrumb"},"inLanguage":"fr-FR","potentialAction":[{"@type":"ReadAction","target":["https:\/\/osaka.ma\/product\/cooler-master-v1000-80plus-platinum\/"]}]},{"@type":"ImageObject","inLanguage":"fr-FR","@id":"https:\/\/osaka.ma\/product\/cooler-master-v1000-80plus-platinum\/#primaryimage","url":"https:\/\/osaka.ma\/wp-content\/uploads\/2023\/08\/LD0005228780_2.jpg","contentUrl":"https:\/\/osaka.ma\/wp-content\/uploads\/2023\/08\/LD0005228780_2.jpg","width":374,"height":374},{"@type":"BreadcrumbList","@id":"https:\/\/osaka.ma\/product\/cooler-master-v1000-80plus-platinum\/#breadcrumb","itemListElement":[{"@type":"ListItem","position":1,"name":"Home","item":"https:\/\/osaka.ma\/"},{"@type":"ListItem","position":2,"name":"Shop","item":"https:\/\/osaka.ma\/shop-2\/"},{"@type":"ListItem","position":3,"name":"Cooler Master V1000 80PLUS Platinum"}]},{"@type":"WebSite","@id":"https:\/\/osaka.ma\/#website","url":"https:\/\/osaka.ma\/","name":"Osaka","description":"","publisher":{"@id":"https:\/\/osaka.ma\/#organization"},"potentialAction":[{"@type":"SearchAction","target":{"@type":"EntryPoint","urlTemplate":"https:\/\/osaka.ma\/?s={search_term_string}"},"query-input":{"@type":"PropertyValueSpecification","valueRequired":true,"valueName":"search_term_string"}}],"inLanguage":"fr-FR"},{"@type":"Organization","@id":"https:\/\/osaka.ma\/#organization","name":"Osaka","url":"https:\/\/osaka.ma\/","logo":{"@type":"ImageObject","inLanguage":"fr-FR","@id":"https:\/\/osaka.ma\/#\/schema\/logo\/image\/","url":"https:\/\/osaka.ma\/wp-content\/uploads\/2026\/01\/model-slogan-logo-2Plan-de-travail-1dksl-plus-finnn.png","contentUrl":"https:\/\/osaka.ma\/wp-content\/uploads\/2026\/01\/model-slogan-logo-2Plan-de-travail-1dksl-plus-finnn.png","width":842,"height":226,"caption":"Osaka"},"image":{"@id":"https:\/\/osaka.ma\/#\/schema\/logo\/image\/"}}]}},"jetpack_sharing_enabled":true,"brands":[],"_links":{"self":[{"href":"https:\/\/osaka.ma\/fr\/wp-json\/wp\/v2\/product\/5382","targetHints":{"allow":["GET"]}}],"collection":[{"href":"https:\/\/osaka.ma\/fr\/wp-json\/wp\/v2\/product"}],"about":[{"href":"https:\/\/osaka.ma\/fr\/wp-json\/wp\/v2\/types\/product"}],"version-history":[{"count":0,"href":"https:\/\/osaka.ma\/fr\/wp-json\/wp\/v2\/product\/5382\/revisions"}],"wp:featuredmedia":[{"embeddable":true,"href":"https:\/\/osaka.ma\/fr\/wp-json\/wp\/v2\/media\/1009522"}],"wp:attachment":[{"href":"https:\/\/osaka.ma\/fr\/wp-json\/wp\/v2\/media?parent=5382"}],"wp:term":[{"taxonomy":"pwb-brand","embeddable":true,"href":"https:\/\/osaka.ma\/fr\/wp-json\/wp\/v2\/pwb-brand?post=5382"},{"taxonomy":"product_brand","embeddable":true,"href":"https:\/\/osaka.ma\/fr\/wp-json\/wp\/v2\/product_brand?post=5382"},{"taxonomy":"product_cat","embeddable":true,"href":"https:\/\/osaka.ma\/fr\/wp-json\/wp\/v2\/product_cat?post=5382"},{"taxonomy":"product_tag","embeddable":true,"href":"https:\/\/osaka.ma\/fr\/wp-json\/wp\/v2\/product_tag?post=5382"},{"taxonomy":"pcb_component_type","embeddable":true,"href":"https:\/\/osaka.ma\/fr\/wp-json\/wp\/v2\/pcb_component_type?post=5382"}],"curies":[{"name":"wp","href":"https:\/\/api.w.org\/{rel}","templated":true}]}}