{"id":5476,"date":"2023-08-19T19:35:06","date_gmt":"2023-08-19T19:35:06","guid":{"rendered":"https:\/\/osaka.ma\/?post_type=product&#038;p=5476"},"modified":"2025-04-26T15:19:24","modified_gmt":"2025-04-26T15:19:24","slug":"rog-strix-go-2-4-rog-strix-go-2-4","status":"publish","type":"product","link":"https:\/\/osaka.ma\/fr\/product\/rog-strix-go-2-4-rog-strix-go-2-4\/","title":{"rendered":"ASUS ROG Strix Go 2.4"},"content":{"rendered":"<p><a href=\"https:\/\/setupgame.ma\/\" target=\"_blank\" rel=\"noopener\"><picture class=\"aligncenter wp-image-34680 size-full\"><img decoding=\"async\" src=\"https:\/\/setupgame.ma\/wp-content\/uploads\/2022\/03\/Asus-Setup-Game.jpg\" alt=\"ASUS - Setup Game\" width=\"190\" height=\"84\" \/><\/picture><\/a><\/p>\n<h2 class=\"h2-master\">Casque Gaming sans-fil Hi-Res Audio certifi\u00e9 Discord et Teamspeak<\/h2>\n<section><strong>Casque Gamer\u00a0<a href=\"https:\/\/setupgame.ma\/produit\/casque-gamer-asus-rog-strix-go-2-4\/\" target=\"_blank\" rel=\"noopener\">ASUS ROG Strix Go 2.4<\/a><\/strong>\u00a0est\u00a0<strong>casque micro sans fil Hi-Res Audio certifi\u00e9 Discord et Teamspeak<\/strong>. Id\u00e9al pour le Gaming, il est\u00a0<strong>compatible PC<\/strong>,\u00a0<strong>Mac<\/strong>,\u00a0<strong>PlayStation 4<\/strong>\u00a0et\u00a0<strong>Nintendo Switch<\/strong>\u00a0(via adaptateur USB-C). Le\u00a0<strong>jack 3.5 mm<\/strong>\u00a0permet quant \u00e0 lui de le relier \u00e0 d\u2019autres p\u00e9riph\u00e9riques tels que la\u00a0<strong>Xbox One<\/strong>, des smartphones ou des tablettes.<\/section>\n<section>\n<div class=\"desc-image\"><img fetchpriority=\"high\" decoding=\"async\" class=\"aligncenter entered litespeed-loaded\" src=\"https:\/\/media.ldlc.com\/bo\/images\/fiches\/casque\/asus\/rog_strix_go\/asus_rog_strix_go_2_4_003.jpg\" alt=\"\" width=\"800\" height=\"512\" data-lazyloaded=\"1\" data-src=\"https:\/\/media.ldlc.com\/bo\/images\/fiches\/casque\/asus\/rog_strix_go\/asus_rog_strix_go_2_4_003.jpg\" data-ll-status=\"loaded\" \/><\/div>\n<div class=\"desc-text\">\n<h2>TECHNOLOGIE 2.4 GHZ \u00c0 FAIBLES LATENCES<\/h2>\n<p>La<strong>\u00a0technologie 2.4GHz<\/strong>\u00a0<strong>r\u00e9duction de bruit g\u00e9r\u00e9e par IA int\u00e9gr\u00e9e<\/strong>\u00a0permet une transmission audio \u00e0 faibles latences pour une qualit\u00e9 sup\u00e9rieure.\u00a0L\u2019<strong>ASUS ROG Strix Go 2.4<\/strong>\u00a0propose \u00e9galement une\u00a0<strong>haute autonomie pouvant atteindre 25 heures<\/strong>. Une\u00a0<strong>charge rapide de 15 minutes<\/strong>\u00a0permet m\u00eame de b\u00e9n\u00e9ficier de\u00a0<strong>3 heures d\u2019utilisation<\/strong>\u00a0pour les cas d\u2019urgence. Les micros du\u00a0<strong>Strix Go 2.4<\/strong>\u00a0b\u00e9n\u00e9ficient \u00e9galement d\u2019une\u00a0<strong>r\u00e9duction de bruit g\u00e9r\u00e9e par IA int\u00e9gr\u00e9e\u00a0<\/strong>pour une voix claire et audible en jeu ou en conversation.<\/p>\n<\/div>\n<\/section>\n<section>\n<div class=\"desc-text\">\n<h2>CONCEPTION OPTIMIS\u00c9E ET TRANSPORT FACILE<\/h2>\n<p>Niveau conception, l\u2019<strong>ASUS ROG Strix Go 2.4<\/strong>\u00a0est un\u00a0<strong>casque circum-aural de type ferm\u00e9<\/strong>. Il est \u00e9quip\u00e9\u00a0<strong>d\u2019aimants en n\u00e9odyme<\/strong>\u00a0<strong>40 mm<\/strong>\u00a0et de\u00a0<strong>chambres acoustiques<\/strong>\u00a0optimis\u00e9es pour un meilleur rendu sonore.\u00a0L\u2019<strong>ASUS ROG Strix Go 2.4<\/strong>\u00a0est \u00e9galement particuli\u00e8rement confortable et agr\u00e9able \u00e0 porter. Vous pourrez l\u2019utiliser o\u00f9 bon vous semble et pendant de longues sessions de jeu. Pliable, il est facile \u00e0 transporter et ses modes filaires et sans-fil offrent une grande polyvalence d\u2019usage.<\/p>\n<\/div>\n<div class=\"desc-image\"><img decoding=\"async\" class=\"aligncenter entered litespeed-loaded\" src=\"https:\/\/media.ldlc.com\/bo\/images\/fiches\/casque\/asus\/rog_strix_go\/asus_rog_strix_go_2_4_006.jpg\" alt=\"\" width=\"800\" height=\"500\" data-lazyloaded=\"1\" data-src=\"https:\/\/media.ldlc.com\/bo\/images\/fiches\/casque\/asus\/rog_strix_go\/asus_rog_strix_go_2_4_006.jpg\" data-ll-status=\"loaded\" \/><\/div>\n<\/section>\n<section>\n<div class=\"desc-image\"><img loading=\"lazy\" decoding=\"async\" class=\"aligncenter entered litespeed-loaded\" src=\"https:\/\/media.ldlc.com\/bo\/images\/fiches\/casque\/asus\/rog_strix_go\/asus_rog_strix_go_2_4_004.jpg\" alt=\"\" width=\"800\" height=\"500\" data-lazyloaded=\"1\" data-src=\"https:\/\/media.ldlc.com\/bo\/images\/fiches\/casque\/asus\/rog_strix_go\/asus_rog_strix_go_2_4_004.jpg\" data-ll-status=\"loaded\" \/><\/div>\n<div class=\"desc-text\">\n<h2>BOUTONS DE CONTR\u00d4LE ET DOUBLE MICRO<\/h2>\n<p>En plus de son microphone principal amovible, le\u00a0<strong><a href=\"https:\/\/setupgame.ma\/produit\/casque-gamer-asus-rog-strix-go-2-4\/\" target=\"_blank\" rel=\"noopener\">casque micro\u00a0ASUS ROG Strix Go 2.4<\/a>\u00a0<\/strong>int\u00e8gre un second micro \u00ab\u00a0cach\u00e9\u00a0\u00bb dans l\u2019oreillette droite. Ce dernier permet de voyager l\u00e9ger en ne prenant avec soi que son casque. Il est en outre pratique pour prendre des appels ou utiliser son casque micro plus discr\u00e8tement. Les boutons de contr\u00f4le situ\u00e9 derri\u00e8re l\u2019oreillettes permettent quant \u00e0 eux d\u2019ajuster le volume, couper le micro, mettre une chanson en pause, passer \u00e0 la piste suivante ou revenir \u00e0 la pr\u00e9c\u00e9dente, commuter entre les modes filaire et sans-fil.<\/p>\n<\/div>\n<\/section>\n","protected":false},"excerpt":{"rendered":"<p>ROG Strix Go 2.4 is a USB-C<sup>\u00ae<\/sup>\u00a02.4 GHz wireless gaming headset equipped with an included 3.5 mm cable and an AI Noise-Canceling Microphone that provides low-latency performance across PC, Mac, Nintendo Switch\u2122, PS5 and smart devices.<\/p>\n<div class=\"OverViewBanner__overBannerTextSubDescription__yGfhU\">\n<div>\n<ul>\n<li>Low-latency 2.4 GHz wireless connection via a USB-C adapter that\u2019s compatible with Nintendo Switch in handheld mode, smart devices, PC, Mac and PS5, plus a 3.5 mm connector for Xbox One and other 3.5 mm devices<\/li>\n<li>40 mm ASUS Essence drivers and airtight chambers deliver incredibly rich, pure sound with optimized deep bass for an immersive audio experience<\/li>\n<li>Virtual 7.1 surround sound supported by Windows Sonic<\/li>\n<li>Industry-leading AI noise-cancelling microphone enables crystal-clear in-game voice communication<\/li>\n<li>Extremely lightweight design, with included carry bag for on-the-go use and protection<\/li>\n<li>Impressively fast charging provides three hours\u2019 use with just a 15-minute charge, plus up to 25-hour total battery life for nonstop gaming<\/li>\n<\/ul>\n<\/div>\n<\/div>\n","protected":false},"featured_media":1005482,"template":"","meta":{"_acf_changed":false},"pwb-brand":[],"product_brand":[],"product_cat":[31,39],"product_tag":[],"pcb_component_type":[],"class_list":{"0":"post-5476","1":"product","2":"type-product","3":"status-publish","4":"has-post-thumbnail","6":"product_cat-accessoires","7":"product_cat-casques","9":"first","10":"outofstock","11":"shipping-taxable","12":"product-type-simple"},"translation":{"provider":"WPGlobus","version":"3.0.2","language":"fr","enabled_languages":["en","es","de","fr","ru"],"languages":{"en":{"title":true,"content":true,"excerpt":true},"es":{"title":false,"content":false,"excerpt":false},"de":{"title":false,"content":false,"excerpt":false},"fr":{"title":false,"content":false,"excerpt":false},"ru":{"title":false,"content":false,"excerpt":false}}},"acf":[],"yoast_head":"<!-- This site is optimized with the Yoast SEO plugin v27.2 - https:\/\/yoast.com\/product\/yoast-seo-wordpress\/ -->\n<title>ASUS ROG Strix Go 2.4 - Osaka<\/title>\n<meta name=\"robots\" content=\"index, follow, max-snippet:-1, max-image-preview:large, max-video-preview:-1\" \/>\n<link rel=\"canonical\" href=\"https:\/\/osaka.ma\/product\/rog-strix-go-2-4-rog-strix-go-2-4\/\" \/>\n<meta property=\"og:locale\" content=\"fr_FR\" \/>\n<meta property=\"og:type\" content=\"article\" \/>\n<meta property=\"og:title\" content=\"ASUS ROG Strix Go 2.4 - Osaka\" \/>\n<meta property=\"og:url\" content=\"https:\/\/osaka.ma\/product\/rog-strix-go-2-4-rog-strix-go-2-4\/\" \/>\n<meta property=\"og:site_name\" content=\"Osaka\" \/>\n<meta property=\"article:modified_time\" content=\"2025-04-26T15:19:24+00:00\" \/>\n<meta property=\"og:image\" content=\"https:\/\/osaka.ma\/wp-content\/uploads\/2023\/08\/1685524024.webp\" \/>\n\t<meta property=\"og:image:width\" content=\"1600\" \/>\n\t<meta property=\"og:image:height\" content=\"1600\" \/>\n\t<meta property=\"og:image:type\" content=\"image\/webp\" \/>\n<meta name=\"twitter:card\" content=\"summary_large_image\" \/>\n<meta name=\"twitter:label1\" content=\"Dur\u00e9e de lecture estim\u00e9e\" \/>\n\t<meta name=\"twitter:data1\" content=\"3 minutes\" \/>\n<script type=\"application\/ld+json\" class=\"yoast-schema-graph\">{\"@context\":\"https:\/\/schema.org\",\"@graph\":[{\"@type\":\"WebPage\",\"@id\":\"https:\/\/osaka.ma\/product\/rog-strix-go-2-4-rog-strix-go-2-4\/\",\"url\":\"https:\/\/osaka.ma\/product\/rog-strix-go-2-4-rog-strix-go-2-4\/\",\"name\":\"ASUS ROG Strix Go 2.4 - Osaka\",\"isPartOf\":{\"@id\":\"https:\/\/osaka.ma\/#website\"},\"primaryImageOfPage\":{\"@id\":\"https:\/\/osaka.ma\/product\/rog-strix-go-2-4-rog-strix-go-2-4\/#primaryimage\"},\"image\":{\"@id\":\"https:\/\/osaka.ma\/product\/rog-strix-go-2-4-rog-strix-go-2-4\/#primaryimage\"},\"thumbnailUrl\":\"https:\/\/osaka.ma\/wp-content\/uploads\/2023\/08\/1685524024.webp\",\"datePublished\":\"2023-08-19T19:35:06+00:00\",\"dateModified\":\"2025-04-26T15:19:24+00:00\",\"breadcrumb\":{\"@id\":\"https:\/\/osaka.ma\/product\/rog-strix-go-2-4-rog-strix-go-2-4\/#breadcrumb\"},\"inLanguage\":\"fr-FR\",\"potentialAction\":[{\"@type\":\"ReadAction\",\"target\":[\"https:\/\/osaka.ma\/product\/rog-strix-go-2-4-rog-strix-go-2-4\/\"]}]},{\"@type\":\"ImageObject\",\"inLanguage\":\"fr-FR\",\"@id\":\"https:\/\/osaka.ma\/product\/rog-strix-go-2-4-rog-strix-go-2-4\/#primaryimage\",\"url\":\"https:\/\/osaka.ma\/wp-content\/uploads\/2023\/08\/1685524024.webp\",\"contentUrl\":\"https:\/\/osaka.ma\/wp-content\/uploads\/2023\/08\/1685524024.webp\",\"width\":1600,\"height\":1600},{\"@type\":\"BreadcrumbList\",\"@id\":\"https:\/\/osaka.ma\/product\/rog-strix-go-2-4-rog-strix-go-2-4\/#breadcrumb\",\"itemListElement\":[{\"@type\":\"ListItem\",\"position\":1,\"name\":\"Home\",\"item\":\"https:\/\/osaka.ma\/\"},{\"@type\":\"ListItem\",\"position\":2,\"name\":\"Shop\",\"item\":\"https:\/\/osaka.ma\/shop-2\/\"},{\"@type\":\"ListItem\",\"position\":3,\"name\":\"ASUS ROG Strix Go 2.4\"}]},{\"@type\":\"WebSite\",\"@id\":\"https:\/\/osaka.ma\/#website\",\"url\":\"https:\/\/osaka.ma\/\",\"name\":\"Osaka\",\"description\":\"\",\"publisher\":{\"@id\":\"https:\/\/osaka.ma\/#organization\"},\"potentialAction\":[{\"@type\":\"SearchAction\",\"target\":{\"@type\":\"EntryPoint\",\"urlTemplate\":\"https:\/\/osaka.ma\/?s={search_term_string}\"},\"query-input\":{\"@type\":\"PropertyValueSpecification\",\"valueRequired\":true,\"valueName\":\"search_term_string\"}}],\"inLanguage\":\"fr-FR\"},{\"@type\":\"Organization\",\"@id\":\"https:\/\/osaka.ma\/#organization\",\"name\":\"Osaka\",\"url\":\"https:\/\/osaka.ma\/\",\"logo\":{\"@type\":\"ImageObject\",\"inLanguage\":\"fr-FR\",\"@id\":\"https:\/\/osaka.ma\/#\/schema\/logo\/image\/\",\"url\":\"https:\/\/osaka.ma\/wp-content\/uploads\/2026\/01\/model-slogan-logo-2Plan-de-travail-1dksl-plus-finnn.png\",\"contentUrl\":\"https:\/\/osaka.ma\/wp-content\/uploads\/2026\/01\/model-slogan-logo-2Plan-de-travail-1dksl-plus-finnn.png\",\"width\":842,\"height\":226,\"caption\":\"Osaka\"},\"image\":{\"@id\":\"https:\/\/osaka.ma\/#\/schema\/logo\/image\/\"}}]}<\/script>\n<!-- \/ Yoast SEO plugin. -->","yoast_head_json":{"title":"ASUS ROG Strix Go 2.4 - Osaka","robots":{"index":"index","follow":"follow","max-snippet":"max-snippet:-1","max-image-preview":"max-image-preview:large","max-video-preview":"max-video-preview:-1"},"canonical":"https:\/\/osaka.ma\/product\/rog-strix-go-2-4-rog-strix-go-2-4\/","og_locale":"fr_FR","og_type":"article","og_title":"ASUS ROG Strix Go 2.4 - Osaka","og_url":"https:\/\/osaka.ma\/product\/rog-strix-go-2-4-rog-strix-go-2-4\/","og_site_name":"Osaka","article_modified_time":"2025-04-26T15:19:24+00:00","og_image":[{"width":1600,"height":1600,"url":"https:\/\/osaka.ma\/wp-content\/uploads\/2023\/08\/1685524024.webp","type":"image\/webp"}],"twitter_card":"summary_large_image","twitter_misc":{"Dur\u00e9e de lecture estim\u00e9e":"3 minutes"},"schema":{"@context":"https:\/\/schema.org","@graph":[{"@type":"WebPage","@id":"https:\/\/osaka.ma\/product\/rog-strix-go-2-4-rog-strix-go-2-4\/","url":"https:\/\/osaka.ma\/product\/rog-strix-go-2-4-rog-strix-go-2-4\/","name":"ASUS ROG Strix Go 2.4 - Osaka","isPartOf":{"@id":"https:\/\/osaka.ma\/#website"},"primaryImageOfPage":{"@id":"https:\/\/osaka.ma\/product\/rog-strix-go-2-4-rog-strix-go-2-4\/#primaryimage"},"image":{"@id":"https:\/\/osaka.ma\/product\/rog-strix-go-2-4-rog-strix-go-2-4\/#primaryimage"},"thumbnailUrl":"https:\/\/osaka.ma\/wp-content\/uploads\/2023\/08\/1685524024.webp","datePublished":"2023-08-19T19:35:06+00:00","dateModified":"2025-04-26T15:19:24+00:00","breadcrumb":{"@id":"https:\/\/osaka.ma\/product\/rog-strix-go-2-4-rog-strix-go-2-4\/#breadcrumb"},"inLanguage":"fr-FR","potentialAction":[{"@type":"ReadAction","target":["https:\/\/osaka.ma\/product\/rog-strix-go-2-4-rog-strix-go-2-4\/"]}]},{"@type":"ImageObject","inLanguage":"fr-FR","@id":"https:\/\/osaka.ma\/product\/rog-strix-go-2-4-rog-strix-go-2-4\/#primaryimage","url":"https:\/\/osaka.ma\/wp-content\/uploads\/2023\/08\/1685524024.webp","contentUrl":"https:\/\/osaka.ma\/wp-content\/uploads\/2023\/08\/1685524024.webp","width":1600,"height":1600},{"@type":"BreadcrumbList","@id":"https:\/\/osaka.ma\/product\/rog-strix-go-2-4-rog-strix-go-2-4\/#breadcrumb","itemListElement":[{"@type":"ListItem","position":1,"name":"Home","item":"https:\/\/osaka.ma\/"},{"@type":"ListItem","position":2,"name":"Shop","item":"https:\/\/osaka.ma\/shop-2\/"},{"@type":"ListItem","position":3,"name":"ASUS ROG Strix Go 2.4"}]},{"@type":"WebSite","@id":"https:\/\/osaka.ma\/#website","url":"https:\/\/osaka.ma\/","name":"Osaka","description":"","publisher":{"@id":"https:\/\/osaka.ma\/#organization"},"potentialAction":[{"@type":"SearchAction","target":{"@type":"EntryPoint","urlTemplate":"https:\/\/osaka.ma\/?s={search_term_string}"},"query-input":{"@type":"PropertyValueSpecification","valueRequired":true,"valueName":"search_term_string"}}],"inLanguage":"fr-FR"},{"@type":"Organization","@id":"https:\/\/osaka.ma\/#organization","name":"Osaka","url":"https:\/\/osaka.ma\/","logo":{"@type":"ImageObject","inLanguage":"fr-FR","@id":"https:\/\/osaka.ma\/#\/schema\/logo\/image\/","url":"https:\/\/osaka.ma\/wp-content\/uploads\/2026\/01\/model-slogan-logo-2Plan-de-travail-1dksl-plus-finnn.png","contentUrl":"https:\/\/osaka.ma\/wp-content\/uploads\/2026\/01\/model-slogan-logo-2Plan-de-travail-1dksl-plus-finnn.png","width":842,"height":226,"caption":"Osaka"},"image":{"@id":"https:\/\/osaka.ma\/#\/schema\/logo\/image\/"}}]}},"jetpack_sharing_enabled":true,"brands":[],"_links":{"self":[{"href":"https:\/\/osaka.ma\/fr\/wp-json\/wp\/v2\/product\/5476","targetHints":{"allow":["GET"]}}],"collection":[{"href":"https:\/\/osaka.ma\/fr\/wp-json\/wp\/v2\/product"}],"about":[{"href":"https:\/\/osaka.ma\/fr\/wp-json\/wp\/v2\/types\/product"}],"version-history":[{"count":0,"href":"https:\/\/osaka.ma\/fr\/wp-json\/wp\/v2\/product\/5476\/revisions"}],"wp:featuredmedia":[{"embeddable":true,"href":"https:\/\/osaka.ma\/fr\/wp-json\/wp\/v2\/media\/1005482"}],"wp:attachment":[{"href":"https:\/\/osaka.ma\/fr\/wp-json\/wp\/v2\/media?parent=5476"}],"wp:term":[{"taxonomy":"pwb-brand","embeddable":true,"href":"https:\/\/osaka.ma\/fr\/wp-json\/wp\/v2\/pwb-brand?post=5476"},{"taxonomy":"product_brand","embeddable":true,"href":"https:\/\/osaka.ma\/fr\/wp-json\/wp\/v2\/product_brand?post=5476"},{"taxonomy":"product_cat","embeddable":true,"href":"https:\/\/osaka.ma\/fr\/wp-json\/wp\/v2\/product_cat?post=5476"},{"taxonomy":"product_tag","embeddable":true,"href":"https:\/\/osaka.ma\/fr\/wp-json\/wp\/v2\/product_tag?post=5476"},{"taxonomy":"pcb_component_type","embeddable":true,"href":"https:\/\/osaka.ma\/fr\/wp-json\/wp\/v2\/pcb_component_type?post=5476"}],"curies":[{"name":"wp","href":"https:\/\/api.w.org\/{rel}","templated":true}]}}