{"id":5856,"date":"2023-09-06T10:45:47","date_gmt":"2023-09-06T10:45:47","guid":{"rendered":"https:\/\/osaka.ma\/?post_type=product&#038;p=5856"},"modified":"2026-01-07T15:20:53","modified_gmt":"2026-01-07T14:20:53","slug":"amd-ryzen-7-5800x-3-8-ghz-4-7-ghz-2","status":"publish","type":"product","link":"https:\/\/osaka.ma\/fr\/product\/amd-ryzen-7-5800x-3-8-ghz-4-7-ghz-2\/","title":{"rendered":"AMD Ryzen 7 5800X (3.8 GHz \/ 4.7 GHz) Tray"},"content":{"rendered":"<div class=\"electro-description clearfix\">\n<h2 class=\"h2-master\">Un processeur d\u2019\u00e9lite pour le Jeu Vid\u00e9o AMD Ryzen 7 5800X (3.8 GHz \/ 4.7 GHz)<\/h2>\n<p>Le\u00a0<strong>processeur AMD Ryzen 7 5800X pour PC Gamer <\/strong>est optimis\u00e9 pour le jeu vid\u00e9o :\u00a0<strong>8 Cores<\/strong>,\u00a0<strong>16\u00a0Threads<\/strong>\u00a0et\u00a0<strong>GameCache 36\u00a0Mo<\/strong>. Sans parler des fr\u00e9quences natives et boost qui atteignent des sommets pour vous permettre de profiter de vos jeux pr\u00e9f\u00e9r\u00e9s dans les meilleures conditions. Associez lui une carte graphique hautes performances et vous pourrez jouer \u00e0 tous les jeux de mani\u00e8re fluide. Disponible \u00e0 petit Prix au Maroc chez Composants.ma<\/p>\n<section>\n<div class=\"desc-image\"><\/div>\n<div class=\"desc-text\">\n<h2>8\u00a0C\u0152URS NATIFS\u00a0ET 16\u00a0COEURS LOGIQUES<\/h2>\n<p>Le\u00a0<strong>processeur pour PC de bureau et pc gamer AMD Ryzen 7 5800X\u00a0<\/strong>propose\u00a0<strong>8 coeurs natifs<\/strong>. Et\u00a0<strong>16 coeurs logiques<\/strong>\u00a0pour un traitement multit\u00e2che agr\u00e9ablement fluide. Gr\u00e2ce \u00e0 sa\u00a0<strong>fr\u00e9quence native \u00e9lev\u00e9e<\/strong>\u00a0et \u00e0 son mode\u00a0<strong><em>Turbo Core<\/em><\/strong> ajustant la puissance en fonction des besoins, le CPU <strong>AMD Ryzen de nouvelle g\u00e9n\u00e9ration<\/strong>\u00a0d\u00e9livre des performances exceptionnelles dans tous les domaines : Jeux vid\u00e9o, multit\u00e2che intensif, \u00e9dition vid\u00e9o, mod\u00e9lisation 3D et bien plus encore. Le\u00a0<strong>cache L3 de 32\u00a0Mo<\/strong>\u00a0permet en outre le traitement ultrarapide d\u2019un grand nombre d\u2019instructions gr\u00e2ce \u00e0 des latences r\u00e9duites.<\/p>\n<\/div>\n<\/section>\n<section>\n<div class=\"desc-text\">\n<h2>MICROARCHITECTURE ZEN 3<\/h2>\n<p>Lorsque vous b\u00e9n\u00e9ficiez de l\u2019architecture de processeur la plus avanc\u00e9e pour les\u00a0gamers et les cr\u00e9ateurs de contenu, les possibilit\u00e9s sont infinies. Que vous jouiez aux tout derniers jeux, conceviez le prochain gratte-ciel ou utilisiez des donn\u00e9es, vous avez besoin d\u2019un processeur puissant capable de g\u00e9rer tout cela et plus encore. C\u2019est incontestable, les processeurs pour PC de bureau AMD Ryzen\u00a0s\u00e9rie 5000 imposent un nouveau standard pour les gamers comme pour les artistes.<\/p>\n<\/div>\n<div class=\"desc-image\"><\/div>\n<\/section>\n<section>\n<div class=\"desc-image\"><\/div>\n<div class=\"desc-text\">\n<h2>PRENEZ LE CONTR\u00d4LE AVEC AMD Ryzen 7 5800X (3.8 GHz \/ 4.7 GHz)<\/h2>\n<p>Ryzen Master est l\u2019outil qu\u2019il vous faut pour g\u00e9rer effecicacement les performances de votre processeur. C\u2019est l\u2019utilitaire d\u2019overclocking simple et puissant destin\u00e9 aux processeurs AMD Ryzen. Chaque processeur AMD Ryzen est d\u00e9brid\u00e9 au niveau du multiplicateur pour personnaliser les performances \u00e0 votre go\u00fbt. AMD fournit l\u2019utilitaire AMD Ryzen Master pour acc\u00e9der \u00e0 ce puissant avantage. La nouvelle vue de base vous offre la possibilit\u00e9 d\u2019overclocker automatiquement votre CPU. En plus de contr\u00f4ler manuellement la quantit\u00e9 d\u2019overclocking que vous souhaitez appliquer. Tout en vous offrant une visibilit\u00e9 sur les param\u00e8tres syst\u00e8me importants comme la temp\u00e9rature. Ainsi que la vitesse et les tensions du CPU. Le tout au Meilleur prix au Maroc !<\/p>\n<\/div>\n<\/section>\n<\/div>\n","protected":false},"excerpt":{"rendered":"<p>Le processeur AMD Ryzen 7 5800X est optimis\u00e9 pour le jeu vid\u00e9o : 8 Cores, 16\u00a0Threads et GameCache 36\u00a0Mo. Sans parler des fr\u00e9quences natives et boost qui atteignent des sommets pour vous permettre de profiter de vos jeux pr\u00e9f\u00e9r\u00e9s dans les meilleures conditions.<\/p>\n","protected":false},"featured_media":1005857,"template":"","meta":{"_acf_changed":false},"pwb-brand":[],"product_brand":[70],"product_cat":[69,17,66],"product_tag":[],"pcb_component_type":[],"class_list":{"0":"post-5856","1":"product","2":"type-product","3":"status-publish","4":"has-post-thumbnail","6":"product_brand-amd","7":"product_cat-amd","8":"product_cat-composants-gaming","9":"product_cat-processeurs","10":"pa_socket-am4","12":"first","13":"outofstock","14":"shipping-taxable","15":"product-type-simple"},"translation":{"provider":"WPGlobus","version":"3.0.2","language":"fr","enabled_languages":["en","es","de","fr","ru"],"languages":{"en":{"title":true,"content":true,"excerpt":true},"es":{"title":false,"content":false,"excerpt":false},"de":{"title":false,"content":false,"excerpt":false},"fr":{"title":false,"content":false,"excerpt":false},"ru":{"title":false,"content":false,"excerpt":false}}},"acf":[],"yoast_head":"<!-- This site is optimized with the Yoast SEO plugin v27.2 - https:\/\/yoast.com\/product\/yoast-seo-wordpress\/ -->\n<title>AMD Ryzen 7 5800X (3.8 GHz \/ 4.7 GHz) Tray - Osaka<\/title>\n<meta name=\"robots\" content=\"index, follow, max-snippet:-1, max-image-preview:large, max-video-preview:-1\" \/>\n<link rel=\"canonical\" href=\"https:\/\/osaka.ma\/product\/amd-ryzen-7-5800x-3-8-ghz-4-7-ghz-2\/\" \/>\n<meta property=\"og:locale\" content=\"fr_FR\" \/>\n<meta property=\"og:type\" content=\"article\" \/>\n<meta property=\"og:title\" content=\"AMD Ryzen 7 5800X (3.8 GHz \/ 4.7 GHz) Tray - Osaka\" \/>\n<meta property=\"og:url\" content=\"https:\/\/osaka.ma\/product\/amd-ryzen-7-5800x-3-8-ghz-4-7-ghz-2\/\" \/>\n<meta property=\"og:site_name\" content=\"Osaka\" \/>\n<meta property=\"article:modified_time\" content=\"2026-01-07T14:20:53+00:00\" \/>\n<meta property=\"og:image\" content=\"https:\/\/osaka.ma\/wp-content\/uploads\/2023\/09\/amd-ryzen-7-5800x-38-ghz-47-ghz-box-processeurs.jpg\" \/>\n\t<meta property=\"og:image:width\" content=\"600\" \/>\n\t<meta property=\"og:image:height\" content=\"600\" \/>\n\t<meta property=\"og:image:type\" content=\"image\/jpeg\" \/>\n<meta name=\"twitter:card\" content=\"summary_large_image\" \/>\n<meta name=\"twitter:label1\" content=\"Dur\u00e9e de lecture estim\u00e9e\" \/>\n\t<meta name=\"twitter:data1\" content=\"2 minutes\" \/>\n<script type=\"application\/ld+json\" class=\"yoast-schema-graph\">{\"@context\":\"https:\/\/schema.org\",\"@graph\":[{\"@type\":\"WebPage\",\"@id\":\"https:\/\/osaka.ma\/product\/amd-ryzen-7-5800x-3-8-ghz-4-7-ghz-2\/\",\"url\":\"https:\/\/osaka.ma\/product\/amd-ryzen-7-5800x-3-8-ghz-4-7-ghz-2\/\",\"name\":\"AMD Ryzen 7 5800X (3.8 GHz \/ 4.7 GHz) Tray - Osaka\",\"isPartOf\":{\"@id\":\"https:\/\/osaka.ma\/#website\"},\"primaryImageOfPage\":{\"@id\":\"https:\/\/osaka.ma\/product\/amd-ryzen-7-5800x-3-8-ghz-4-7-ghz-2\/#primaryimage\"},\"image\":{\"@id\":\"https:\/\/osaka.ma\/product\/amd-ryzen-7-5800x-3-8-ghz-4-7-ghz-2\/#primaryimage\"},\"thumbnailUrl\":\"https:\/\/osaka.ma\/wp-content\/uploads\/2023\/09\/amd-ryzen-7-5800x-38-ghz-47-ghz-box-processeurs.jpg\",\"datePublished\":\"2023-09-06T10:45:47+00:00\",\"dateModified\":\"2026-01-07T14:20:53+00:00\",\"breadcrumb\":{\"@id\":\"https:\/\/osaka.ma\/product\/amd-ryzen-7-5800x-3-8-ghz-4-7-ghz-2\/#breadcrumb\"},\"inLanguage\":\"fr-FR\",\"potentialAction\":[{\"@type\":\"ReadAction\",\"target\":[\"https:\/\/osaka.ma\/product\/amd-ryzen-7-5800x-3-8-ghz-4-7-ghz-2\/\"]}]},{\"@type\":\"ImageObject\",\"inLanguage\":\"fr-FR\",\"@id\":\"https:\/\/osaka.ma\/product\/amd-ryzen-7-5800x-3-8-ghz-4-7-ghz-2\/#primaryimage\",\"url\":\"https:\/\/osaka.ma\/wp-content\/uploads\/2023\/09\/amd-ryzen-7-5800x-38-ghz-47-ghz-box-processeurs.jpg\",\"contentUrl\":\"https:\/\/osaka.ma\/wp-content\/uploads\/2023\/09\/amd-ryzen-7-5800x-38-ghz-47-ghz-box-processeurs.jpg\",\"width\":600,\"height\":600,\"caption\":\"amd-ryzen-7-5800x-38-ghz-47-ghz-box-processeurs\"},{\"@type\":\"BreadcrumbList\",\"@id\":\"https:\/\/osaka.ma\/product\/amd-ryzen-7-5800x-3-8-ghz-4-7-ghz-2\/#breadcrumb\",\"itemListElement\":[{\"@type\":\"ListItem\",\"position\":1,\"name\":\"Home\",\"item\":\"https:\/\/osaka.ma\/\"},{\"@type\":\"ListItem\",\"position\":2,\"name\":\"Shop\",\"item\":\"https:\/\/osaka.ma\/shop-2\/\"},{\"@type\":\"ListItem\",\"position\":3,\"name\":\"AMD Ryzen 7 5800X (3.8 GHz \/ 4.7 GHz) Tray\"}]},{\"@type\":\"WebSite\",\"@id\":\"https:\/\/osaka.ma\/#website\",\"url\":\"https:\/\/osaka.ma\/\",\"name\":\"Osaka\",\"description\":\"\",\"publisher\":{\"@id\":\"https:\/\/osaka.ma\/#organization\"},\"potentialAction\":[{\"@type\":\"SearchAction\",\"target\":{\"@type\":\"EntryPoint\",\"urlTemplate\":\"https:\/\/osaka.ma\/?s={search_term_string}\"},\"query-input\":{\"@type\":\"PropertyValueSpecification\",\"valueRequired\":true,\"valueName\":\"search_term_string\"}}],\"inLanguage\":\"fr-FR\"},{\"@type\":\"Organization\",\"@id\":\"https:\/\/osaka.ma\/#organization\",\"name\":\"Osaka\",\"url\":\"https:\/\/osaka.ma\/\",\"logo\":{\"@type\":\"ImageObject\",\"inLanguage\":\"fr-FR\",\"@id\":\"https:\/\/osaka.ma\/#\/schema\/logo\/image\/\",\"url\":\"https:\/\/osaka.ma\/wp-content\/uploads\/2026\/01\/model-slogan-logo-2Plan-de-travail-1dksl-plus-finnn.png\",\"contentUrl\":\"https:\/\/osaka.ma\/wp-content\/uploads\/2026\/01\/model-slogan-logo-2Plan-de-travail-1dksl-plus-finnn.png\",\"width\":842,\"height\":226,\"caption\":\"Osaka\"},\"image\":{\"@id\":\"https:\/\/osaka.ma\/#\/schema\/logo\/image\/\"}}]}<\/script>\n<!-- \/ Yoast SEO plugin. -->","yoast_head_json":{"title":"AMD Ryzen 7 5800X (3.8 GHz \/ 4.7 GHz) Tray - Osaka","robots":{"index":"index","follow":"follow","max-snippet":"max-snippet:-1","max-image-preview":"max-image-preview:large","max-video-preview":"max-video-preview:-1"},"canonical":"https:\/\/osaka.ma\/product\/amd-ryzen-7-5800x-3-8-ghz-4-7-ghz-2\/","og_locale":"fr_FR","og_type":"article","og_title":"AMD Ryzen 7 5800X (3.8 GHz \/ 4.7 GHz) Tray - Osaka","og_url":"https:\/\/osaka.ma\/product\/amd-ryzen-7-5800x-3-8-ghz-4-7-ghz-2\/","og_site_name":"Osaka","article_modified_time":"2026-01-07T14:20:53+00:00","og_image":[{"width":600,"height":600,"url":"https:\/\/osaka.ma\/wp-content\/uploads\/2023\/09\/amd-ryzen-7-5800x-38-ghz-47-ghz-box-processeurs.jpg","type":"image\/jpeg"}],"twitter_card":"summary_large_image","twitter_misc":{"Dur\u00e9e de lecture estim\u00e9e":"2 minutes"},"schema":{"@context":"https:\/\/schema.org","@graph":[{"@type":"WebPage","@id":"https:\/\/osaka.ma\/product\/amd-ryzen-7-5800x-3-8-ghz-4-7-ghz-2\/","url":"https:\/\/osaka.ma\/product\/amd-ryzen-7-5800x-3-8-ghz-4-7-ghz-2\/","name":"AMD Ryzen 7 5800X (3.8 GHz \/ 4.7 GHz) Tray - Osaka","isPartOf":{"@id":"https:\/\/osaka.ma\/#website"},"primaryImageOfPage":{"@id":"https:\/\/osaka.ma\/product\/amd-ryzen-7-5800x-3-8-ghz-4-7-ghz-2\/#primaryimage"},"image":{"@id":"https:\/\/osaka.ma\/product\/amd-ryzen-7-5800x-3-8-ghz-4-7-ghz-2\/#primaryimage"},"thumbnailUrl":"https:\/\/osaka.ma\/wp-content\/uploads\/2023\/09\/amd-ryzen-7-5800x-38-ghz-47-ghz-box-processeurs.jpg","datePublished":"2023-09-06T10:45:47+00:00","dateModified":"2026-01-07T14:20:53+00:00","breadcrumb":{"@id":"https:\/\/osaka.ma\/product\/amd-ryzen-7-5800x-3-8-ghz-4-7-ghz-2\/#breadcrumb"},"inLanguage":"fr-FR","potentialAction":[{"@type":"ReadAction","target":["https:\/\/osaka.ma\/product\/amd-ryzen-7-5800x-3-8-ghz-4-7-ghz-2\/"]}]},{"@type":"ImageObject","inLanguage":"fr-FR","@id":"https:\/\/osaka.ma\/product\/amd-ryzen-7-5800x-3-8-ghz-4-7-ghz-2\/#primaryimage","url":"https:\/\/osaka.ma\/wp-content\/uploads\/2023\/09\/amd-ryzen-7-5800x-38-ghz-47-ghz-box-processeurs.jpg","contentUrl":"https:\/\/osaka.ma\/wp-content\/uploads\/2023\/09\/amd-ryzen-7-5800x-38-ghz-47-ghz-box-processeurs.jpg","width":600,"height":600,"caption":"amd-ryzen-7-5800x-38-ghz-47-ghz-box-processeurs"},{"@type":"BreadcrumbList","@id":"https:\/\/osaka.ma\/product\/amd-ryzen-7-5800x-3-8-ghz-4-7-ghz-2\/#breadcrumb","itemListElement":[{"@type":"ListItem","position":1,"name":"Home","item":"https:\/\/osaka.ma\/"},{"@type":"ListItem","position":2,"name":"Shop","item":"https:\/\/osaka.ma\/shop-2\/"},{"@type":"ListItem","position":3,"name":"AMD Ryzen 7 5800X (3.8 GHz \/ 4.7 GHz) Tray"}]},{"@type":"WebSite","@id":"https:\/\/osaka.ma\/#website","url":"https:\/\/osaka.ma\/","name":"Osaka","description":"","publisher":{"@id":"https:\/\/osaka.ma\/#organization"},"potentialAction":[{"@type":"SearchAction","target":{"@type":"EntryPoint","urlTemplate":"https:\/\/osaka.ma\/?s={search_term_string}"},"query-input":{"@type":"PropertyValueSpecification","valueRequired":true,"valueName":"search_term_string"}}],"inLanguage":"fr-FR"},{"@type":"Organization","@id":"https:\/\/osaka.ma\/#organization","name":"Osaka","url":"https:\/\/osaka.ma\/","logo":{"@type":"ImageObject","inLanguage":"fr-FR","@id":"https:\/\/osaka.ma\/#\/schema\/logo\/image\/","url":"https:\/\/osaka.ma\/wp-content\/uploads\/2026\/01\/model-slogan-logo-2Plan-de-travail-1dksl-plus-finnn.png","contentUrl":"https:\/\/osaka.ma\/wp-content\/uploads\/2026\/01\/model-slogan-logo-2Plan-de-travail-1dksl-plus-finnn.png","width":842,"height":226,"caption":"Osaka"},"image":{"@id":"https:\/\/osaka.ma\/#\/schema\/logo\/image\/"}}]}},"jetpack_sharing_enabled":true,"brands":[],"_links":{"self":[{"href":"https:\/\/osaka.ma\/fr\/wp-json\/wp\/v2\/product\/5856","targetHints":{"allow":["GET"]}}],"collection":[{"href":"https:\/\/osaka.ma\/fr\/wp-json\/wp\/v2\/product"}],"about":[{"href":"https:\/\/osaka.ma\/fr\/wp-json\/wp\/v2\/types\/product"}],"version-history":[{"count":0,"href":"https:\/\/osaka.ma\/fr\/wp-json\/wp\/v2\/product\/5856\/revisions"}],"wp:featuredmedia":[{"embeddable":true,"href":"https:\/\/osaka.ma\/fr\/wp-json\/wp\/v2\/media\/1005857"}],"wp:attachment":[{"href":"https:\/\/osaka.ma\/fr\/wp-json\/wp\/v2\/media?parent=5856"}],"wp:term":[{"taxonomy":"pwb-brand","embeddable":true,"href":"https:\/\/osaka.ma\/fr\/wp-json\/wp\/v2\/pwb-brand?post=5856"},{"taxonomy":"product_brand","embeddable":true,"href":"https:\/\/osaka.ma\/fr\/wp-json\/wp\/v2\/product_brand?post=5856"},{"taxonomy":"product_cat","embeddable":true,"href":"https:\/\/osaka.ma\/fr\/wp-json\/wp\/v2\/product_cat?post=5856"},{"taxonomy":"product_tag","embeddable":true,"href":"https:\/\/osaka.ma\/fr\/wp-json\/wp\/v2\/product_tag?post=5856"},{"taxonomy":"pcb_component_type","embeddable":true,"href":"https:\/\/osaka.ma\/fr\/wp-json\/wp\/v2\/pcb_component_type?post=5856"}],"curies":[{"name":"wp","href":"https:\/\/api.w.org\/{rel}","templated":true}]}}