{"id":5860,"date":"2023-09-06T10:58:11","date_gmt":"2023-09-06T10:58:11","guid":{"rendered":"https:\/\/osaka.ma\/?post_type=product&#038;p=5860"},"modified":"2026-02-03T15:09:36","modified_gmt":"2026-02-03T14:09:36","slug":"amd-ryzen-9-7900x-4-7-ghz-5-6-ghz","status":"publish","type":"product","link":"https:\/\/osaka.ma\/fr\/product\/amd-ryzen-9-7900x-4-7-ghz-5-6-ghz\/","title":{"rendered":"AMD Ryzen 9 7900X (4.7 GHz \/ 5.6 GHz) (TRAY)"},"content":{"rendered":"<div class=\"electro-description clearfix\">\n<h2 class=\"h2-master\"><strong>Les meilleures performances pour les Joueurs<\/strong><\/h2>\n<section>Le\u00a0<strong>processeur pour PC de bureau AMD Ryzen 9 7900X<\/strong>\u00a0a \u00e9t\u00e9 pens\u00e9 et con\u00e7u pour vous permettre de jouer dans les meilleures conditions. Il offre des performances gaming \u00e0 couper le souffle, met \u00e0 disposition des technologies innovantes pour les cr\u00e9atifs et permet de concevoir des machines pr\u00eates pour l\u2019avenir. Gr\u00e2ce \u00e0 des\u00a0fr\u00e9quences natives ultra-\u00e9lev\u00e9es, \u00e0 un nombre incroyable de c\u0153urs et de Threads et \u00e0 un cache L3 \u00e9norme, les<strong>\u00a0processeurs AMD Ryzen 7000<\/strong>\u00a0mettent encore plus de puissance \u00e0 la disposition du grand public et d\u00e9multiplient toutes les possibilit\u00e9s.<\/p>\n<h2><strong>12 C\u0152URS NATIFS\u00a04.7\u00a0GHZ \/ 5.6\u00a0GHZ<\/strong><\/h2>\n<p>Le\u00a0<strong>processeur pour PC de bureau\u00a0AMD Ryzen 9 7900X\u00a0<\/strong>propose\u00a0<strong>12 coeurs natifs<\/strong>\u00a0et\u00a0<strong>24\u00a0coeurs logiques<\/strong>\u00a0pour un traitement multit\u00e2che agr\u00e9ablement fluide. Gr\u00e2ce \u00e0 sa\u00a0<strong>fr\u00e9quence native \u00e9lev\u00e9e\u00a0<\/strong>et \u00e0 son mode\u00a0<strong><em>Turbo Core<\/em>\u00a0<\/strong>ajustant la puissance en fonction des besoins, ce\u00a0<strong>CPU AMD Ryzen de nouvelle g\u00e9n\u00e9ration<\/strong>\u00a0d\u00e9livre des performances exceptionnelles dans tous les domaines : Jeux vid\u00e9o, multit\u00e2che intensif, \u00e9dition vid\u00e9o, mod\u00e9lisation 3D et bien plus encore. Le\u00a0<strong>cache L3 de 64 Mo<\/strong>\u00a0permet en outre le traitement ultrarapide d\u2019un grand nombre d\u2019instructions gr\u00e2ce \u00e0 des latences r\u00e9duites.<\/p>\n<h2><strong>JOUER DANS LES MEILLEURES CONDITIONS<\/strong><\/h2>\n<p>Les fr\u00e9quences \u00e9lev\u00e9es des processeurs\u00a0<strong>AMD Ryzen Zen 4<\/strong>\u00a0sont un v\u00e9ritable avantage dans les jeux. Choisissez les bons composants et concevez un PC Gaming surpuissant, sans latences et pr\u00eat \u00e0 servir quand il faut. Prenez l\u2019avantage sur vos adversaires et atteignez des sommets gr\u00e2ce aux processeurs<strong>\u00a0AMD Ryzen 7000<\/strong>\u00a0et aux cartes m\u00e8res\u00a0<strong>AMD AM5<\/strong>.<\/p>\n<h2><strong>PLUS DE PUISSANCE\u00a0= PLUS DE POSSIBILIT\u00c9S<\/strong><\/h2>\n<p>Les processeurs\u00a0<strong>AMD Ryzen 7000<\/strong> sont performants dans tous les domaines. Ils vont permettront de cr\u00e9er plus vite, d\u2019atteindre vos objectifs plus rapidement et de gagner du temps en permanence. Qu\u2019il s\u2019agisse de rendu 3D ou d\u2019exportation de fichiers vid\u00e9o volumineux, concevez, livrez et faites le job avec la vitesse et le stockage PCIe 5.0, de nombreux threads de traitement et des acc\u00e9l\u00e9rateurs vid\u00e9o d\u00e9di\u00e9s.<\/p>\n<\/section>\n<\/div>\n","protected":false},"excerpt":{"rendered":"<p>Le processeur pour PC de bureau AMD Ryzen 9 7900X a \u00e9t\u00e9 con\u00e7u pour vous permettre de jouer dans les meilleures conditions. Il offre des performances gaming \u00e0 couper le souffle, met \u00e0 disposition des technologies innovantes pour les cr\u00e9atifs et permet de concevoir des machines pr\u00eates pour l\u2019avenir.<\/p>\n","protected":false},"featured_media":1005861,"template":"","meta":{"_acf_changed":false},"pwb-brand":[],"product_brand":[70],"product_cat":[69,17,66],"product_tag":[],"pcb_component_type":[],"class_list":{"0":"post-5860","1":"product","2":"type-product","3":"status-publish","4":"has-post-thumbnail","6":"product_brand-amd","7":"product_cat-amd","8":"product_cat-composants-gaming","9":"product_cat-processeurs","10":"pa_socket-am5","12":"first","13":"outofstock","14":"shipping-taxable","15":"product-type-simple"},"translation":{"provider":"WPGlobus","version":"3.0.2","language":"fr","enabled_languages":["en","es","de","fr","ru"],"languages":{"en":{"title":true,"content":true,"excerpt":true},"es":{"title":false,"content":false,"excerpt":false},"de":{"title":false,"content":false,"excerpt":false},"fr":{"title":false,"content":false,"excerpt":false},"ru":{"title":false,"content":false,"excerpt":false}}},"acf":[],"yoast_head":"<!-- This site is optimized with the Yoast SEO plugin v27.2 - https:\/\/yoast.com\/product\/yoast-seo-wordpress\/ -->\n<title>AMD Ryzen 9 7900X (4.7 GHz \/ 5.6 GHz) (TRAY) - Osaka<\/title>\n<meta name=\"robots\" content=\"index, follow, max-snippet:-1, max-image-preview:large, max-video-preview:-1\" \/>\n<link rel=\"canonical\" href=\"https:\/\/osaka.ma\/product\/amd-ryzen-9-7900x-4-7-ghz-5-6-ghz\/\" \/>\n<meta property=\"og:locale\" content=\"fr_FR\" \/>\n<meta property=\"og:type\" content=\"article\" \/>\n<meta property=\"og:title\" content=\"AMD Ryzen 9 7900X (4.7 GHz \/ 5.6 GHz) (TRAY) - Osaka\" \/>\n<meta property=\"og:url\" content=\"https:\/\/osaka.ma\/product\/amd-ryzen-9-7900x-4-7-ghz-5-6-ghz\/\" \/>\n<meta property=\"og:site_name\" content=\"Osaka\" \/>\n<meta property=\"article:modified_time\" content=\"2026-02-03T14:09:36+00:00\" \/>\n<meta property=\"og:image\" content=\"https:\/\/osaka.ma\/wp-content\/uploads\/2023\/09\/amd-ryzen-9-7900x-47-ghz-56-ghz-processeurs.jpg\" \/>\n\t<meta property=\"og:image:width\" content=\"600\" \/>\n\t<meta property=\"og:image:height\" content=\"600\" \/>\n\t<meta property=\"og:image:type\" content=\"image\/jpeg\" \/>\n<meta name=\"twitter:card\" content=\"summary_large_image\" \/>\n<meta name=\"twitter:label1\" content=\"Dur\u00e9e de lecture estim\u00e9e\" \/>\n\t<meta name=\"twitter:data1\" content=\"3 minutes\" \/>\n<script type=\"application\/ld+json\" class=\"yoast-schema-graph\">{\"@context\":\"https:\/\/schema.org\",\"@graph\":[{\"@type\":\"WebPage\",\"@id\":\"https:\/\/osaka.ma\/product\/amd-ryzen-9-7900x-4-7-ghz-5-6-ghz\/\",\"url\":\"https:\/\/osaka.ma\/product\/amd-ryzen-9-7900x-4-7-ghz-5-6-ghz\/\",\"name\":\"AMD Ryzen 9 7900X (4.7 GHz \/ 5.6 GHz) (TRAY) - Osaka\",\"isPartOf\":{\"@id\":\"https:\/\/osaka.ma\/#website\"},\"primaryImageOfPage\":{\"@id\":\"https:\/\/osaka.ma\/product\/amd-ryzen-9-7900x-4-7-ghz-5-6-ghz\/#primaryimage\"},\"image\":{\"@id\":\"https:\/\/osaka.ma\/product\/amd-ryzen-9-7900x-4-7-ghz-5-6-ghz\/#primaryimage\"},\"thumbnailUrl\":\"https:\/\/osaka.ma\/wp-content\/uploads\/2023\/09\/amd-ryzen-9-7900x-47-ghz-56-ghz-processeurs.jpg\",\"datePublished\":\"2023-09-06T10:58:11+00:00\",\"dateModified\":\"2026-02-03T14:09:36+00:00\",\"breadcrumb\":{\"@id\":\"https:\/\/osaka.ma\/product\/amd-ryzen-9-7900x-4-7-ghz-5-6-ghz\/#breadcrumb\"},\"inLanguage\":\"fr-FR\",\"potentialAction\":[{\"@type\":\"ReadAction\",\"target\":[\"https:\/\/osaka.ma\/product\/amd-ryzen-9-7900x-4-7-ghz-5-6-ghz\/\"]}]},{\"@type\":\"ImageObject\",\"inLanguage\":\"fr-FR\",\"@id\":\"https:\/\/osaka.ma\/product\/amd-ryzen-9-7900x-4-7-ghz-5-6-ghz\/#primaryimage\",\"url\":\"https:\/\/osaka.ma\/wp-content\/uploads\/2023\/09\/amd-ryzen-9-7900x-47-ghz-56-ghz-processeurs.jpg\",\"contentUrl\":\"https:\/\/osaka.ma\/wp-content\/uploads\/2023\/09\/amd-ryzen-9-7900x-47-ghz-56-ghz-processeurs.jpg\",\"width\":600,\"height\":600,\"caption\":\"amd-ryzen-9-7900x-47-ghz-56-ghz-processeurs\"},{\"@type\":\"BreadcrumbList\",\"@id\":\"https:\/\/osaka.ma\/product\/amd-ryzen-9-7900x-4-7-ghz-5-6-ghz\/#breadcrumb\",\"itemListElement\":[{\"@type\":\"ListItem\",\"position\":1,\"name\":\"Home\",\"item\":\"https:\/\/osaka.ma\/\"},{\"@type\":\"ListItem\",\"position\":2,\"name\":\"Shop\",\"item\":\"https:\/\/osaka.ma\/shop-2\/\"},{\"@type\":\"ListItem\",\"position\":3,\"name\":\"AMD Ryzen 9 7900X (4.7 GHz \/ 5.6 GHz) (TRAY)\"}]},{\"@type\":\"WebSite\",\"@id\":\"https:\/\/osaka.ma\/#website\",\"url\":\"https:\/\/osaka.ma\/\",\"name\":\"Osaka\",\"description\":\"\",\"publisher\":{\"@id\":\"https:\/\/osaka.ma\/#organization\"},\"potentialAction\":[{\"@type\":\"SearchAction\",\"target\":{\"@type\":\"EntryPoint\",\"urlTemplate\":\"https:\/\/osaka.ma\/?s={search_term_string}\"},\"query-input\":{\"@type\":\"PropertyValueSpecification\",\"valueRequired\":true,\"valueName\":\"search_term_string\"}}],\"inLanguage\":\"fr-FR\"},{\"@type\":\"Organization\",\"@id\":\"https:\/\/osaka.ma\/#organization\",\"name\":\"Osaka\",\"url\":\"https:\/\/osaka.ma\/\",\"logo\":{\"@type\":\"ImageObject\",\"inLanguage\":\"fr-FR\",\"@id\":\"https:\/\/osaka.ma\/#\/schema\/logo\/image\/\",\"url\":\"https:\/\/osaka.ma\/wp-content\/uploads\/2026\/01\/model-slogan-logo-2Plan-de-travail-1dksl-plus-finnn.png\",\"contentUrl\":\"https:\/\/osaka.ma\/wp-content\/uploads\/2026\/01\/model-slogan-logo-2Plan-de-travail-1dksl-plus-finnn.png\",\"width\":842,\"height\":226,\"caption\":\"Osaka\"},\"image\":{\"@id\":\"https:\/\/osaka.ma\/#\/schema\/logo\/image\/\"}}]}<\/script>\n<!-- \/ Yoast SEO plugin. -->","yoast_head_json":{"title":"AMD Ryzen 9 7900X (4.7 GHz \/ 5.6 GHz) (TRAY) - Osaka","robots":{"index":"index","follow":"follow","max-snippet":"max-snippet:-1","max-image-preview":"max-image-preview:large","max-video-preview":"max-video-preview:-1"},"canonical":"https:\/\/osaka.ma\/product\/amd-ryzen-9-7900x-4-7-ghz-5-6-ghz\/","og_locale":"fr_FR","og_type":"article","og_title":"AMD Ryzen 9 7900X (4.7 GHz \/ 5.6 GHz) (TRAY) - Osaka","og_url":"https:\/\/osaka.ma\/product\/amd-ryzen-9-7900x-4-7-ghz-5-6-ghz\/","og_site_name":"Osaka","article_modified_time":"2026-02-03T14:09:36+00:00","og_image":[{"width":600,"height":600,"url":"https:\/\/osaka.ma\/wp-content\/uploads\/2023\/09\/amd-ryzen-9-7900x-47-ghz-56-ghz-processeurs.jpg","type":"image\/jpeg"}],"twitter_card":"summary_large_image","twitter_misc":{"Dur\u00e9e de lecture estim\u00e9e":"3 minutes"},"schema":{"@context":"https:\/\/schema.org","@graph":[{"@type":"WebPage","@id":"https:\/\/osaka.ma\/product\/amd-ryzen-9-7900x-4-7-ghz-5-6-ghz\/","url":"https:\/\/osaka.ma\/product\/amd-ryzen-9-7900x-4-7-ghz-5-6-ghz\/","name":"AMD Ryzen 9 7900X (4.7 GHz \/ 5.6 GHz) (TRAY) - Osaka","isPartOf":{"@id":"https:\/\/osaka.ma\/#website"},"primaryImageOfPage":{"@id":"https:\/\/osaka.ma\/product\/amd-ryzen-9-7900x-4-7-ghz-5-6-ghz\/#primaryimage"},"image":{"@id":"https:\/\/osaka.ma\/product\/amd-ryzen-9-7900x-4-7-ghz-5-6-ghz\/#primaryimage"},"thumbnailUrl":"https:\/\/osaka.ma\/wp-content\/uploads\/2023\/09\/amd-ryzen-9-7900x-47-ghz-56-ghz-processeurs.jpg","datePublished":"2023-09-06T10:58:11+00:00","dateModified":"2026-02-03T14:09:36+00:00","breadcrumb":{"@id":"https:\/\/osaka.ma\/product\/amd-ryzen-9-7900x-4-7-ghz-5-6-ghz\/#breadcrumb"},"inLanguage":"fr-FR","potentialAction":[{"@type":"ReadAction","target":["https:\/\/osaka.ma\/product\/amd-ryzen-9-7900x-4-7-ghz-5-6-ghz\/"]}]},{"@type":"ImageObject","inLanguage":"fr-FR","@id":"https:\/\/osaka.ma\/product\/amd-ryzen-9-7900x-4-7-ghz-5-6-ghz\/#primaryimage","url":"https:\/\/osaka.ma\/wp-content\/uploads\/2023\/09\/amd-ryzen-9-7900x-47-ghz-56-ghz-processeurs.jpg","contentUrl":"https:\/\/osaka.ma\/wp-content\/uploads\/2023\/09\/amd-ryzen-9-7900x-47-ghz-56-ghz-processeurs.jpg","width":600,"height":600,"caption":"amd-ryzen-9-7900x-47-ghz-56-ghz-processeurs"},{"@type":"BreadcrumbList","@id":"https:\/\/osaka.ma\/product\/amd-ryzen-9-7900x-4-7-ghz-5-6-ghz\/#breadcrumb","itemListElement":[{"@type":"ListItem","position":1,"name":"Home","item":"https:\/\/osaka.ma\/"},{"@type":"ListItem","position":2,"name":"Shop","item":"https:\/\/osaka.ma\/shop-2\/"},{"@type":"ListItem","position":3,"name":"AMD Ryzen 9 7900X (4.7 GHz \/ 5.6 GHz) (TRAY)"}]},{"@type":"WebSite","@id":"https:\/\/osaka.ma\/#website","url":"https:\/\/osaka.ma\/","name":"Osaka","description":"","publisher":{"@id":"https:\/\/osaka.ma\/#organization"},"potentialAction":[{"@type":"SearchAction","target":{"@type":"EntryPoint","urlTemplate":"https:\/\/osaka.ma\/?s={search_term_string}"},"query-input":{"@type":"PropertyValueSpecification","valueRequired":true,"valueName":"search_term_string"}}],"inLanguage":"fr-FR"},{"@type":"Organization","@id":"https:\/\/osaka.ma\/#organization","name":"Osaka","url":"https:\/\/osaka.ma\/","logo":{"@type":"ImageObject","inLanguage":"fr-FR","@id":"https:\/\/osaka.ma\/#\/schema\/logo\/image\/","url":"https:\/\/osaka.ma\/wp-content\/uploads\/2026\/01\/model-slogan-logo-2Plan-de-travail-1dksl-plus-finnn.png","contentUrl":"https:\/\/osaka.ma\/wp-content\/uploads\/2026\/01\/model-slogan-logo-2Plan-de-travail-1dksl-plus-finnn.png","width":842,"height":226,"caption":"Osaka"},"image":{"@id":"https:\/\/osaka.ma\/#\/schema\/logo\/image\/"}}]}},"jetpack_sharing_enabled":true,"brands":[],"_links":{"self":[{"href":"https:\/\/osaka.ma\/fr\/wp-json\/wp\/v2\/product\/5860","targetHints":{"allow":["GET"]}}],"collection":[{"href":"https:\/\/osaka.ma\/fr\/wp-json\/wp\/v2\/product"}],"about":[{"href":"https:\/\/osaka.ma\/fr\/wp-json\/wp\/v2\/types\/product"}],"version-history":[{"count":0,"href":"https:\/\/osaka.ma\/fr\/wp-json\/wp\/v2\/product\/5860\/revisions"}],"wp:featuredmedia":[{"embeddable":true,"href":"https:\/\/osaka.ma\/fr\/wp-json\/wp\/v2\/media\/1005861"}],"wp:attachment":[{"href":"https:\/\/osaka.ma\/fr\/wp-json\/wp\/v2\/media?parent=5860"}],"wp:term":[{"taxonomy":"pwb-brand","embeddable":true,"href":"https:\/\/osaka.ma\/fr\/wp-json\/wp\/v2\/pwb-brand?post=5860"},{"taxonomy":"product_brand","embeddable":true,"href":"https:\/\/osaka.ma\/fr\/wp-json\/wp\/v2\/product_brand?post=5860"},{"taxonomy":"product_cat","embeddable":true,"href":"https:\/\/osaka.ma\/fr\/wp-json\/wp\/v2\/product_cat?post=5860"},{"taxonomy":"product_tag","embeddable":true,"href":"https:\/\/osaka.ma\/fr\/wp-json\/wp\/v2\/product_tag?post=5860"},{"taxonomy":"pcb_component_type","embeddable":true,"href":"https:\/\/osaka.ma\/fr\/wp-json\/wp\/v2\/pcb_component_type?post=5860"}],"curies":[{"name":"wp","href":"https:\/\/api.w.org\/{rel}","templated":true}]}}