{"id":5869,"date":"2023-09-06T11:06:27","date_gmt":"2023-09-06T11:06:27","guid":{"rendered":"https:\/\/osaka.ma\/?post_type=product&#038;p=5869"},"modified":"2026-03-02T16:50:04","modified_gmt":"2026-03-02T15:50:04","slug":"amd-ryzen-5-3600-3-6-ghz-4-2-ghz-2","status":"publish","type":"product","link":"https:\/\/osaka.ma\/fr\/product\/amd-ryzen-5-3600-3-6-ghz-4-2-ghz-2\/","title":{"rendered":"AMD Ryzen 5 3600 (3.6 GHz \/ 4.2 GHz)"},"content":{"rendered":"<div class=\"electro-description clearfix\">\n<h2>Performances sans compromis pour tous avec AMD Ryzen 5 3600<\/h2>\n<p>Le processeur AMD <strong>Ryzen 5 3600 (3.6 GHz \/ 4.2 GHz)<\/strong> pour pc gamer fait partie des premiers\u00a0processeurs pour PC grav\u00e9s en <strong>7 nm et compatibles avec l\u2019interface PCIe 4.0<\/strong>. La\u00a0<strong>troisi\u00e8me g\u00e9n\u00e9ration Ryzen,<\/strong>\u00a0au nom de code Matisse, impressionne par ses\u00a0<strong>6 coeurs et 12 threads.<\/strong>\u00a0Une fr\u00e9quence de base de 3.6 GHz pouvant grimper\u00a0<strong>jusqu\u2019\u00e0 4.2 GHz<\/strong>\u00a0et\u00a0<strong>32\u00a0Mo de cache L3\u00a0<\/strong>et seulement\u00a0<strong>65W\u00a0<\/strong>de TDP ! Le AMD Ryzen 5 3600<strong>\u00a0Maroc propos\u00e9 par AMD\u00a0<\/strong>sur Composants.ma\u00a0permet de (re)d\u00e9couvrir les performances haut de gamme pour le gaming, la cr\u00e9ation de contenu et le multit\u00e2che intensif. Avec ses 12 threads et un\u00a0<strong>GameCache de 35 Mo<\/strong>, soit le double du cache propos\u00e9 par les Ryzen 5 de deuxi\u00e8me g\u00e9n\u00e9ration, il permet de TOUT faire encore plus vite et de mani\u00e8re plus fluide. Quoi de mieux que AMD Ryzen 5 3600<strong>\u00a0au meilleur prix au Maroc<\/strong><\/p>\n<section>\n<div class=\"desc-image\"><\/div>\n<div class=\"desc-text\">\n<h2>MICROARCHITECTURE ZEN 2<\/h2>\n<p>Les coeurs Zen 2\u00a0sont con\u00e7us pour une utilisation efficace des ressources disponibles\u00a0afin d\u2019optimiser les performances de calcul. Par rapport \u00e0 l\u2019architecture pr\u00e9c\u00e9dente, les capacit\u00e9s de virgule flottante 2X et des instructions par cycle jusqu\u2019\u00e0 15% plus \u00e9lev\u00e9es permettent aux performances d\u2019atteindre de nouveaux seuils. Zen 2 allie performance\u00a0pour les applications de nouvelle g\u00e9n\u00e9ration\u00a0et efficacit\u00e9 \u00e9nerg\u00e9tique optimale.<\/p>\n<\/div>\n<\/section>\n<section>\n<div class=\"desc-text\">\n<h2>6 C\u0152URS NATIFS ET 12 COEURS LOGIQUES avec AMD Ryzen 5 3600<\/h2>\n<p>Le\u00a0<strong>processeur pour PC de bureau et PC Gamer AMD Ryzen 5 3600\u00a0<\/strong>propose\u00a0<strong>6 coeurs natifs.<\/strong>\u00a0En plus de\u00a0<strong>12 coeurs logiques<\/strong>\u00a0pour un traitement multit\u00e2che agr\u00e9ablement fluide. Gr\u00e2ce \u00e0 sa\u00a0<strong>fr\u00e9quence native \u00e9lev\u00e9e<\/strong>\u00a0et \u00e0 son mode\u00a0<strong><em>Turbo Core<\/em><\/strong>, le\u00a0<strong>CPU AMD Ryzen de troisi\u00e8me g\u00e9n\u00e9ration<\/strong>\u00a0d\u00e9livre des performances exceptionnelles. Comme dans les Jeux vid\u00e9o, multit\u00e2che intensif, \u00e9dition vid\u00e9o, mod\u00e9lisation 3D et bien plus encore. Le\u00a0<strong>cache L3 de 32 Mo<\/strong>\u00a0permet le traitement ultrarapide d\u2019un grand nombre d\u2019instructions gr\u00e2ce \u00e0 des latences r\u00e9duites.<\/p>\n<\/div>\n<div class=\"desc-image\"><\/div>\n<\/section>\n<section class=\"list\">\n<h2>CARACT\u00c9RISTIQUES PRINCIPALES :<\/h2>\n<ul>\n<li>Fr\u00e9quence :\u00a0<strong>3.6 GHz \/ 4.2 GHz<\/strong>\u00a0(Turbo Core)<\/li>\n<li><strong>6 coeurs<\/strong>\u00a0\/ 12 threads<\/li>\n<li><strong>GameCache 35 Mo\u00a0<\/strong>(32 Mo L3 + 3 Mo L2)<\/li>\n<li>Socket\u00a0<strong>AMD AM4<\/strong><\/li>\n<li>Contr\u00f4leur m\u00e9moire :\u00a0<strong>Dual Channel DDR4<\/strong><\/li>\n<li>Gravure :\u00a0<strong>7nm FinFET<\/strong><\/li>\n<li>Enveloppe thermique maximale (TDP) :\u00a0<strong>65W<\/strong><\/li>\n<li><strong>Version bulk \/ ventilateur inclus<\/strong><\/li>\n<li>Meilleur Prix Maroc<\/li>\n<\/ul>\n<\/section>\n<\/div>\n<p>&nbsp;<\/p>\n","protected":false},"excerpt":{"rendered":"<p>Le processeur AMD Ryzen 5 3600 Wraith Stealth (3.6 GHz \/ 4.2 GHz)\u00a0fait partie des premiers processeurs pour PC grav\u00e9s en 7 nm. Ses\u00a06 coeurs et 12 threads, une fr\u00e9quence\u00a0jusqu\u2019\u00e0 4.2 GHz et 35 Mo de GameCache le rendent polyvalent, il vous permet de tout faire rapidement et en toute fluidit\u00e9.<\/p>\n","protected":false},"featured_media":1005870,"template":"","meta":{"_acf_changed":false},"pwb-brand":[],"product_brand":[70],"product_cat":[69,17,66],"product_tag":[],"pcb_component_type":[],"class_list":{"0":"post-5869","1":"product","2":"type-product","3":"status-publish","4":"has-post-thumbnail","6":"product_brand-amd","7":"product_cat-amd","8":"product_cat-composants-gaming","9":"product_cat-processeurs","10":"pa_socket-am4","12":"first","13":"outofstock","14":"shipping-taxable","15":"product-type-simple"},"translation":{"provider":"WPGlobus","version":"3.0.2","language":"fr","enabled_languages":["en","es","de","fr","ru"],"languages":{"en":{"title":true,"content":true,"excerpt":true},"es":{"title":false,"content":false,"excerpt":false},"de":{"title":false,"content":false,"excerpt":false},"fr":{"title":false,"content":false,"excerpt":false},"ru":{"title":false,"content":false,"excerpt":false}}},"acf":[],"yoast_head":"<!-- This site is optimized with the Yoast SEO plugin v27.2 - https:\/\/yoast.com\/product\/yoast-seo-wordpress\/ -->\n<title>AMD Ryzen 5 3600 (3.6 GHz \/ 4.2 GHz) - Osaka<\/title>\n<meta name=\"robots\" content=\"index, follow, max-snippet:-1, max-image-preview:large, max-video-preview:-1\" \/>\n<link rel=\"canonical\" href=\"https:\/\/osaka.ma\/product\/amd-ryzen-5-3600-3-6-ghz-4-2-ghz-2\/\" \/>\n<meta property=\"og:locale\" content=\"fr_FR\" \/>\n<meta property=\"og:type\" content=\"article\" \/>\n<meta property=\"og:title\" content=\"AMD Ryzen 5 3600 (3.6 GHz \/ 4.2 GHz) - Osaka\" \/>\n<meta property=\"og:url\" content=\"https:\/\/osaka.ma\/product\/amd-ryzen-5-3600-3-6-ghz-4-2-ghz-2\/\" \/>\n<meta property=\"og:site_name\" content=\"Osaka\" \/>\n<meta property=\"article:modified_time\" content=\"2026-03-02T15:50:04+00:00\" \/>\n<meta property=\"og:image\" content=\"https:\/\/osaka.ma\/wp-content\/uploads\/2023\/09\/amd-ryzen-5-3600-36-ghz-42-ghz-tray-processeurs.jpg\" \/>\n\t<meta property=\"og:image:width\" content=\"600\" \/>\n\t<meta property=\"og:image:height\" content=\"600\" \/>\n\t<meta property=\"og:image:type\" content=\"image\/jpeg\" \/>\n<meta name=\"twitter:card\" content=\"summary_large_image\" \/>\n<meta name=\"twitter:label1\" content=\"Dur\u00e9e de lecture estim\u00e9e\" \/>\n\t<meta name=\"twitter:data1\" content=\"3 minutes\" \/>\n<script type=\"application\/ld+json\" class=\"yoast-schema-graph\">{\"@context\":\"https:\/\/schema.org\",\"@graph\":[{\"@type\":\"WebPage\",\"@id\":\"https:\/\/osaka.ma\/product\/amd-ryzen-5-3600-3-6-ghz-4-2-ghz-2\/\",\"url\":\"https:\/\/osaka.ma\/product\/amd-ryzen-5-3600-3-6-ghz-4-2-ghz-2\/\",\"name\":\"AMD Ryzen 5 3600 (3.6 GHz \/ 4.2 GHz) - Osaka\",\"isPartOf\":{\"@id\":\"https:\/\/osaka.ma\/#website\"},\"primaryImageOfPage\":{\"@id\":\"https:\/\/osaka.ma\/product\/amd-ryzen-5-3600-3-6-ghz-4-2-ghz-2\/#primaryimage\"},\"image\":{\"@id\":\"https:\/\/osaka.ma\/product\/amd-ryzen-5-3600-3-6-ghz-4-2-ghz-2\/#primaryimage\"},\"thumbnailUrl\":\"https:\/\/osaka.ma\/wp-content\/uploads\/2023\/09\/amd-ryzen-5-3600-36-ghz-42-ghz-tray-processeurs.jpg\",\"datePublished\":\"2023-09-06T11:06:27+00:00\",\"dateModified\":\"2026-03-02T15:50:04+00:00\",\"breadcrumb\":{\"@id\":\"https:\/\/osaka.ma\/product\/amd-ryzen-5-3600-3-6-ghz-4-2-ghz-2\/#breadcrumb\"},\"inLanguage\":\"fr-FR\",\"potentialAction\":[{\"@type\":\"ReadAction\",\"target\":[\"https:\/\/osaka.ma\/product\/amd-ryzen-5-3600-3-6-ghz-4-2-ghz-2\/\"]}]},{\"@type\":\"ImageObject\",\"inLanguage\":\"fr-FR\",\"@id\":\"https:\/\/osaka.ma\/product\/amd-ryzen-5-3600-3-6-ghz-4-2-ghz-2\/#primaryimage\",\"url\":\"https:\/\/osaka.ma\/wp-content\/uploads\/2023\/09\/amd-ryzen-5-3600-36-ghz-42-ghz-tray-processeurs.jpg\",\"contentUrl\":\"https:\/\/osaka.ma\/wp-content\/uploads\/2023\/09\/amd-ryzen-5-3600-36-ghz-42-ghz-tray-processeurs.jpg\",\"width\":600,\"height\":600,\"caption\":\"amd-ryzen-5-3600-36-ghz-42-ghz-tray-processeurs\"},{\"@type\":\"BreadcrumbList\",\"@id\":\"https:\/\/osaka.ma\/product\/amd-ryzen-5-3600-3-6-ghz-4-2-ghz-2\/#breadcrumb\",\"itemListElement\":[{\"@type\":\"ListItem\",\"position\":1,\"name\":\"Home\",\"item\":\"https:\/\/osaka.ma\/\"},{\"@type\":\"ListItem\",\"position\":2,\"name\":\"Shop\",\"item\":\"https:\/\/osaka.ma\/shop-2\/\"},{\"@type\":\"ListItem\",\"position\":3,\"name\":\"AMD Ryzen 5 3600 (3.6 GHz \/ 4.2 GHz)\"}]},{\"@type\":\"WebSite\",\"@id\":\"https:\/\/osaka.ma\/#website\",\"url\":\"https:\/\/osaka.ma\/\",\"name\":\"Osaka\",\"description\":\"\",\"publisher\":{\"@id\":\"https:\/\/osaka.ma\/#organization\"},\"potentialAction\":[{\"@type\":\"SearchAction\",\"target\":{\"@type\":\"EntryPoint\",\"urlTemplate\":\"https:\/\/osaka.ma\/?s={search_term_string}\"},\"query-input\":{\"@type\":\"PropertyValueSpecification\",\"valueRequired\":true,\"valueName\":\"search_term_string\"}}],\"inLanguage\":\"fr-FR\"},{\"@type\":\"Organization\",\"@id\":\"https:\/\/osaka.ma\/#organization\",\"name\":\"Osaka\",\"url\":\"https:\/\/osaka.ma\/\",\"logo\":{\"@type\":\"ImageObject\",\"inLanguage\":\"fr-FR\",\"@id\":\"https:\/\/osaka.ma\/#\/schema\/logo\/image\/\",\"url\":\"https:\/\/osaka.ma\/wp-content\/uploads\/2026\/01\/model-slogan-logo-2Plan-de-travail-1dksl-plus-finnn.png\",\"contentUrl\":\"https:\/\/osaka.ma\/wp-content\/uploads\/2026\/01\/model-slogan-logo-2Plan-de-travail-1dksl-plus-finnn.png\",\"width\":842,\"height\":226,\"caption\":\"Osaka\"},\"image\":{\"@id\":\"https:\/\/osaka.ma\/#\/schema\/logo\/image\/\"}}]}<\/script>\n<!-- \/ Yoast SEO plugin. -->","yoast_head_json":{"title":"AMD Ryzen 5 3600 (3.6 GHz \/ 4.2 GHz) - Osaka","robots":{"index":"index","follow":"follow","max-snippet":"max-snippet:-1","max-image-preview":"max-image-preview:large","max-video-preview":"max-video-preview:-1"},"canonical":"https:\/\/osaka.ma\/product\/amd-ryzen-5-3600-3-6-ghz-4-2-ghz-2\/","og_locale":"fr_FR","og_type":"article","og_title":"AMD Ryzen 5 3600 (3.6 GHz \/ 4.2 GHz) - Osaka","og_url":"https:\/\/osaka.ma\/product\/amd-ryzen-5-3600-3-6-ghz-4-2-ghz-2\/","og_site_name":"Osaka","article_modified_time":"2026-03-02T15:50:04+00:00","og_image":[{"width":600,"height":600,"url":"https:\/\/osaka.ma\/wp-content\/uploads\/2023\/09\/amd-ryzen-5-3600-36-ghz-42-ghz-tray-processeurs.jpg","type":"image\/jpeg"}],"twitter_card":"summary_large_image","twitter_misc":{"Dur\u00e9e de lecture estim\u00e9e":"3 minutes"},"schema":{"@context":"https:\/\/schema.org","@graph":[{"@type":"WebPage","@id":"https:\/\/osaka.ma\/product\/amd-ryzen-5-3600-3-6-ghz-4-2-ghz-2\/","url":"https:\/\/osaka.ma\/product\/amd-ryzen-5-3600-3-6-ghz-4-2-ghz-2\/","name":"AMD Ryzen 5 3600 (3.6 GHz \/ 4.2 GHz) - Osaka","isPartOf":{"@id":"https:\/\/osaka.ma\/#website"},"primaryImageOfPage":{"@id":"https:\/\/osaka.ma\/product\/amd-ryzen-5-3600-3-6-ghz-4-2-ghz-2\/#primaryimage"},"image":{"@id":"https:\/\/osaka.ma\/product\/amd-ryzen-5-3600-3-6-ghz-4-2-ghz-2\/#primaryimage"},"thumbnailUrl":"https:\/\/osaka.ma\/wp-content\/uploads\/2023\/09\/amd-ryzen-5-3600-36-ghz-42-ghz-tray-processeurs.jpg","datePublished":"2023-09-06T11:06:27+00:00","dateModified":"2026-03-02T15:50:04+00:00","breadcrumb":{"@id":"https:\/\/osaka.ma\/product\/amd-ryzen-5-3600-3-6-ghz-4-2-ghz-2\/#breadcrumb"},"inLanguage":"fr-FR","potentialAction":[{"@type":"ReadAction","target":["https:\/\/osaka.ma\/product\/amd-ryzen-5-3600-3-6-ghz-4-2-ghz-2\/"]}]},{"@type":"ImageObject","inLanguage":"fr-FR","@id":"https:\/\/osaka.ma\/product\/amd-ryzen-5-3600-3-6-ghz-4-2-ghz-2\/#primaryimage","url":"https:\/\/osaka.ma\/wp-content\/uploads\/2023\/09\/amd-ryzen-5-3600-36-ghz-42-ghz-tray-processeurs.jpg","contentUrl":"https:\/\/osaka.ma\/wp-content\/uploads\/2023\/09\/amd-ryzen-5-3600-36-ghz-42-ghz-tray-processeurs.jpg","width":600,"height":600,"caption":"amd-ryzen-5-3600-36-ghz-42-ghz-tray-processeurs"},{"@type":"BreadcrumbList","@id":"https:\/\/osaka.ma\/product\/amd-ryzen-5-3600-3-6-ghz-4-2-ghz-2\/#breadcrumb","itemListElement":[{"@type":"ListItem","position":1,"name":"Home","item":"https:\/\/osaka.ma\/"},{"@type":"ListItem","position":2,"name":"Shop","item":"https:\/\/osaka.ma\/shop-2\/"},{"@type":"ListItem","position":3,"name":"AMD Ryzen 5 3600 (3.6 GHz \/ 4.2 GHz)"}]},{"@type":"WebSite","@id":"https:\/\/osaka.ma\/#website","url":"https:\/\/osaka.ma\/","name":"Osaka","description":"","publisher":{"@id":"https:\/\/osaka.ma\/#organization"},"potentialAction":[{"@type":"SearchAction","target":{"@type":"EntryPoint","urlTemplate":"https:\/\/osaka.ma\/?s={search_term_string}"},"query-input":{"@type":"PropertyValueSpecification","valueRequired":true,"valueName":"search_term_string"}}],"inLanguage":"fr-FR"},{"@type":"Organization","@id":"https:\/\/osaka.ma\/#organization","name":"Osaka","url":"https:\/\/osaka.ma\/","logo":{"@type":"ImageObject","inLanguage":"fr-FR","@id":"https:\/\/osaka.ma\/#\/schema\/logo\/image\/","url":"https:\/\/osaka.ma\/wp-content\/uploads\/2026\/01\/model-slogan-logo-2Plan-de-travail-1dksl-plus-finnn.png","contentUrl":"https:\/\/osaka.ma\/wp-content\/uploads\/2026\/01\/model-slogan-logo-2Plan-de-travail-1dksl-plus-finnn.png","width":842,"height":226,"caption":"Osaka"},"image":{"@id":"https:\/\/osaka.ma\/#\/schema\/logo\/image\/"}}]}},"jetpack_sharing_enabled":true,"brands":[],"_links":{"self":[{"href":"https:\/\/osaka.ma\/fr\/wp-json\/wp\/v2\/product\/5869","targetHints":{"allow":["GET"]}}],"collection":[{"href":"https:\/\/osaka.ma\/fr\/wp-json\/wp\/v2\/product"}],"about":[{"href":"https:\/\/osaka.ma\/fr\/wp-json\/wp\/v2\/types\/product"}],"version-history":[{"count":0,"href":"https:\/\/osaka.ma\/fr\/wp-json\/wp\/v2\/product\/5869\/revisions"}],"wp:featuredmedia":[{"embeddable":true,"href":"https:\/\/osaka.ma\/fr\/wp-json\/wp\/v2\/media\/1005870"}],"wp:attachment":[{"href":"https:\/\/osaka.ma\/fr\/wp-json\/wp\/v2\/media?parent=5869"}],"wp:term":[{"taxonomy":"pwb-brand","embeddable":true,"href":"https:\/\/osaka.ma\/fr\/wp-json\/wp\/v2\/pwb-brand?post=5869"},{"taxonomy":"product_brand","embeddable":true,"href":"https:\/\/osaka.ma\/fr\/wp-json\/wp\/v2\/product_brand?post=5869"},{"taxonomy":"product_cat","embeddable":true,"href":"https:\/\/osaka.ma\/fr\/wp-json\/wp\/v2\/product_cat?post=5869"},{"taxonomy":"product_tag","embeddable":true,"href":"https:\/\/osaka.ma\/fr\/wp-json\/wp\/v2\/product_tag?post=5869"},{"taxonomy":"pcb_component_type","embeddable":true,"href":"https:\/\/osaka.ma\/fr\/wp-json\/wp\/v2\/pcb_component_type?post=5869"}],"curies":[{"name":"wp","href":"https:\/\/api.w.org\/{rel}","templated":true}]}}