{"id":5965,"date":"2023-09-18T12:49:04","date_gmt":"2023-09-18T12:49:04","guid":{"rendered":"https:\/\/osaka.ma\/?post_type=product&#038;p=5965"},"modified":"2025-11-04T16:12:53","modified_gmt":"2025-11-04T15:12:53","slug":"16gb-ddr4-crucial-udimm-3200mhz","status":"publish","type":"product","link":"https:\/\/osaka.ma\/fr\/product\/16gb-ddr4-crucial-udimm-3200mhz\/","title":{"rendered":"8 GB DDR4 CRUCIAL SO-DIMM 3200MHZ"},"content":{"rendered":"<section id=\"overview\" class=\"overview\">\n<div>\n<div class=\"crucial site-content\">\n<div id=\"main-content\">\n<div class=\"zurbrow basecomponent parbase\">\n<div class=\"section --bottom-only \" data-interchange=\"[, small], [, medium], [, large] ,[, xlarge]\" aria-label=\" \">\n<div class=\"row margin-top--medium margin-bottom--medium \">\n<div class=\"basecomponent zurbcolumn parbase columns small-12 medium-expand large-expand default-theme uphill slantleft\">\n<div class=\"zurbcolumn-container\">\n<div class=\"image basecomponent parbase\">\n<div id=\"zurbrowzurbcolumn1contentimage_copy\" class=\"imagewidth-attributes\" data-smallimagepercentage=\"100\" data-mediumimagepercentage=\"100\" data-largeimagepercentage=\"100\"><img fetchpriority=\"high\" decoding=\"async\" class=\"\" src=\"https:\/\/www.crucial.com\/content\/dam\/crucial\/dram-products\/laptop\/images\/lifestyle\/crucial-ddr4-sodimm-lifestyle-laptop-install-4.psd.transform\/large-jpg\/img.jpg\" alt=\" \" width=\"813\" height=\"542\" data-interchange=\"[\/content\/dam\/crucial\/dram-products\/laptop\/images\/lifestyle\/crucial-ddr4-sodimm-lifestyle-laptop-install-4.psd.transform\/small-jpg\/img.jpg, small], [\/content\/dam\/crucial\/dram-products\/laptop\/images\/lifestyle\/crucial-ddr4-sodimm-lifestyle-laptop-install-4.psd.transform\/medium-jpg\/img.jpg, medium], [\/content\/dam\/crucial\/dram-products\/laptop\/images\/lifestyle\/crucial-ddr4-sodimm-lifestyle-laptop-install-4.psd.transform\/large-jpg\/img.jpg, large]\" data-type=\"src\" \/><\/div>\n<\/div>\n<\/div>\n<\/div>\n<div class=\"basecomponent zurbcolumn parbase columns small-12 medium-expand large-expand default-theme uphill slantleft\">\n<div class=\"zurbcolumn-container\">\n<div class=\"text parbase\">\n<h3>Acc\u00e9l\u00e9rez tout sur votre ordinateur<\/h3>\n<p>La m\u00e9moire est un composant de votre ordinateur qui permet l&#8217;acc\u00e8s aux donn\u00e9es \u00e0 court terme. \u00c9tant donn\u00e9 que les op\u00e9rations instantan\u00e9es de votre syst\u00e8me reposent sur un acc\u00e8s aux donn\u00e9es \u00e0 court terme (chargement d&#8217;applications, navigation sur le Web ou modification d&#8217;une feuille de calcul), la vitesse et la quantit\u00e9 de m\u00e9moire de votre syst\u00e8me jouent un r\u00f4le essentiel. Chargez des applications en quelques secondes en augmentant la vitesse de votre m\u00e9moire et en en installant davantage.<\/p>\n<\/div>\n<\/div>\n<\/div>\n<\/div>\n<\/div>\n<\/div>\n<div class=\"zurbrow basecomponent parbase\">\n<div class=\"section --bottom-only \" data-interchange=\"[, small], [, medium], [, large] ,[, xlarge]\" aria-label=\" \">\n<div class=\"row margin-bottom--medium \">\n<div class=\"basecomponent zurbcolumn parbase columns small-12 medium-expand large-expand default-theme uphill slantleft\">\n<div class=\"zurbcolumn-container\">\n<div class=\"text parbase\">\n<h3>Effectuez plusieurs t\u00e2ches en toute simplicit\u00e9<\/h3>\n<p>Si vous \u00eates comme nous, vous utilisez votre ordinateur pour faire beaucoup de choses \u00e0 la fois. Vous pouvez \u00e9diter un document, tout en regardant des photos et en naviguant sur Internet. Cela entra\u00eene naturellement un probl\u00e8me de performances : chaque application que vous ex\u00e9cutez n\u00e9cessite de la m\u00e9moire et se dispute un pool limit\u00e9 de ressources. Surmontez ce probl\u00e8me en installant des modules haute densit\u00e9 dans chaque emplacement de m\u00e9moire pour un multit\u00e2che fluide.<\/p>\n<\/div>\n<\/div>\n<\/div>\n<div class=\"basecomponent zurbcolumn parbase columns small-12 medium-expand large-expand default-theme uphill slantleft\">\n<div class=\"zurbcolumn-container\">\n<div class=\"image basecomponent parbase\">\n<div id=\"zurbrow_copyzurbcolumn2contentimage_copy\" class=\"imagewidth-attributes\" data-smallimagepercentage=\"100\" data-mediumimagepercentage=\"100\" data-largeimagepercentage=\"100\"><img decoding=\"async\" class=\"\" src=\"https:\/\/www.crucial.com\/content\/dam\/crucial\/dram-products\/laptop\/flyer\/working\/images\/laptop-user-multitask-window.jpg.transform\/medium-jpg\/img.jpg\" alt=\" \" width=\"866\" height=\"510\" data-interchange=\"[\/content\/dam\/crucial\/dram-products\/laptop\/flyer\/working\/images\/laptop-user-multitask-window.jpg.transform\/small-jpg\/img.jpg, small], [\/content\/dam\/crucial\/dram-products\/laptop\/flyer\/working\/images\/laptop-user-multitask-window.jpg.transform\/medium-jpg\/img.jpg, medium]\" data-type=\"src\" \/><\/div>\n<\/div>\n<\/div>\n<\/div>\n<\/div>\n<\/div>\n<\/div>\n<div class=\"zurbrow basecomponent parbase\">\n<div class=\"section --bottom-only \" data-interchange=\"[, small], [, medium], [, large] ,[, xlarge]\" aria-label=\" \">\n<div class=\"row margin-bottom--medium \">\n<div class=\"basecomponent zurbcolumn parbase columns small-12 medium-expand large-expand default-theme uphill slantleft\">\n<div class=\"zurbcolumn-container\">\n<div class=\"image basecomponent parbase\">\n<div id=\"zurbrow_copy_70279032zurbcolumn1contentimage_copy\" class=\"imagewidth-attributes\" data-smallimagepercentage=\"100\" data-mediumimagepercentage=\"100\" data-largeimagepercentage=\"100\"><img decoding=\"async\" class=\"\" src=\"https:\/\/www.crucial.com\/content\/dam\/crucial\/brand-assets\/photography\/lifestyle\/installation\/crucial-laptop-installation-home-50.jpg.transform\/large-jpg\/img.jpg\" alt=\" \" width=\"868\" height=\"578\" data-interchange=\"[\/content\/dam\/crucial\/brand-assets\/photography\/lifestyle\/installation\/crucial-laptop-installation-home-50.jpg.transform\/small-jpg\/img.jpg, small], [\/content\/dam\/crucial\/brand-assets\/photography\/lifestyle\/installation\/crucial-laptop-installation-home-50.jpg.transform\/medium-jpg\/img.jpg, medium], [\/content\/dam\/crucial\/brand-assets\/photography\/lifestyle\/installation\/crucial-laptop-installation-home-50.jpg.transform\/large-jpg\/img.jpg, large]\" data-type=\"src\" \/><\/div>\n<\/div>\n<\/div>\n<\/div>\n<div class=\"basecomponent zurbcolumn parbase columns small-12 medium-expand large-expand default-theme uphill slantleft\">\n<div class=\"zurbcolumn-container\">\n<div class=\"text parbase\">\n<h3>Installation facile \u2013 aucune comp\u00e9tence informatique requise<\/h3>\n<p>Avec un simple tournevis, votre manuel d&#8217;utilisation et quelques minutes de votre temps, vous pouvez installer de la m\u00e9moire, sans avoir besoin de comp\u00e9tences informatiques. Il vous suffit de regarder l&#8217;une de nos vid\u00e9os d&#8217;installation de trois minutes et nous vous guiderons \u00e9tape par \u00e9tape tout au long du processus. Ne payez pas un magasin informatique pour faire quelque chose que vous pouvez faire en quelques minutes !<\/p>\n<\/div>\n<\/div>\n<\/div>\n<\/div>\n<\/div>\n<\/div>\n<div class=\"zurbrow basecomponent parbase\">\n<div class=\"section --bottom-only \" data-interchange=\"[, small], [, medium], [, large] ,[, xlarge]\" aria-label=\" \">\n<div class=\"row margin-bottom--medium \">\n<div class=\"basecomponent zurbcolumn parbase columns small-12 medium-expand large-expand default-theme uphill slantleft\">\n<div class=\"zurbcolumn-container\">\n<div class=\"text parbase\">\n<h3>Maximisez la valeur de votre syst\u00e8me<\/h3>\n<p>Pour une fraction du co\u00fbt d&#8217;un nouveau syst\u00e8me, une mise \u00e0 niveau de la m\u00e9moire est l&#8217;un des moyens les plus abordables d&#8217;augmenter les performances. Tirez le meilleur parti de votre ordinateur portable en lui donnant les ressources dont il a besoin pour fonctionner.<\/p>\n<\/div>\n<\/div>\n<\/div>\n<div class=\"basecomponent zurbcolumn parbase columns small-12 medium-expand large-expand default-theme uphill slantleft\">\n<div class=\"zurbcolumn-container\">\n<div class=\"image basecomponent parbase\">\n<div id=\"zurbrow_copy_64881808zurbcolumn2contentimage_copy\" class=\"imagewidth-attributes\" data-smallimagepercentage=\"100\" data-mediumimagepercentage=\"100\" data-largeimagepercentage=\"100\"><img loading=\"lazy\" decoding=\"async\" class=\"\" src=\"https:\/\/www.crucial.com\/content\/dam\/crucial\/dram-products\/laptop\/images\/lifestyle\/crucial-ddr4-sodimm-lifestyle-laptop-5.psd.transform\/large-jpg\/img.jpg\" alt=\" \" width=\"854\" height=\"569\" data-interchange=\"[\/content\/dam\/crucial\/dram-products\/laptop\/images\/lifestyle\/crucial-ddr4-sodimm-lifestyle-laptop-5.psd.transform\/small-jpg\/img.jpg, small], [\/content\/dam\/crucial\/dram-products\/laptop\/images\/lifestyle\/crucial-ddr4-sodimm-lifestyle-laptop-5.psd.transform\/medium-jpg\/img.jpg, medium], [\/content\/dam\/crucial\/dram-products\/laptop\/images\/lifestyle\/crucial-ddr4-sodimm-lifestyle-laptop-5.psd.transform\/large-jpg\/img.jpg, large]\" data-type=\"src\" \/><\/div>\n<\/div>\n<\/div>\n<\/div>\n<\/div>\n<\/div>\n<\/div>\n<div class=\"zurbrow basecomponent parbase\">\n<div class=\"section --bottom-only \" data-interchange=\"[, small], [, medium], [, large] ,[, xlarge]\" aria-label=\" \">\n<div class=\"row margin-bottom--medium \">\n<div class=\"basecomponent zurbcolumn parbase columns small-12 medium-expand large-expand default-theme uphill slantleft\">\n<div class=\"zurbcolumn-container\">\n<div class=\"image basecomponent parbase\">\n<div id=\"zurbrow_copy_1231666604zurbcolumn1contentimage_copy_865351213\" class=\"imagewidth-attributes\" data-smallimagepercentage=\"100\" data-mediumimagepercentage=\"100\" data-largeimagepercentage=\"100\"><\/div>\n<\/div>\n<\/div>\n<\/div>\n<div class=\"basecomponent zurbcolumn parbase columns small-12 medium-expand large-expand default-theme uphill slantleft\">\n<div class=\"zurbcolumn-container\">\n<div class=\"text parbase\">\n<h3>Qualit\u00e9 Micron\u00ae \u2013 un niveau de fiabilit\u00e9 sup\u00e9rieur.<\/h3>\n<p>En tant que marque de Micron, l&#8217;un des plus grands fabricants de m\u00e9moire au monde, la m\u00e9moire de bureau Crucial est la r\u00e9f\u00e9rence en mati\u00e8re de performances fiables. De la technologie SDRAM d&#8217;origine jusqu&#8217;\u00e0 la DDR4, nous avons con\u00e7u les technologies de m\u00e9moire qui \u00e9quipent les ordinateurs du monde entier depuis 40 ans et ce n&#8217;est pas fini. Lorsque vous choisissez la m\u00e9moire Crucial, vous choisissez une m\u00e9moire couverte par une garantie \u00e0 vie limit\u00e9e et con\u00e7ue pour les meilleurs syst\u00e8mes du monde.1 Ne vous contentez de rien de moins.<\/p>\n<\/div>\n<\/div>\n<\/div>\n<\/div>\n<\/div>\n<\/div>\n<div class=\"onpagecss basecomponent parbase\"><\/div>\n<\/div>\n<\/div>\n<\/div>\n<\/section>\n<section id=\"specifications\" class=\"specification\">\n<div class=\"section-inner container\">\n<h3><\/h3>\n<\/div>\n<\/section>\n","protected":false},"excerpt":{"rendered":"<p>La m\u00e9moire est un composant de votre ordinateur qui permet l&#8217;acc\u00e8s aux donn\u00e9es \u00e0 court terme. \u00c9tant donn\u00e9 que les op\u00e9rations instantan\u00e9es de votre syst\u00e8me reposent sur un acc\u00e8s aux donn\u00e9es \u00e0 court terme (chargement d&#8217;applications, navigation sur le Web ou modification d&#8217;une feuille de calcul), la vitesse et la quantit\u00e9 de m\u00e9moire de votre syst\u00e8me jouent un r\u00f4le essentiel. Chargez des applications en quelques secondes en augmentant la vitesse de votre m\u00e9moire et en en installant davantage.<\/p>\n","protected":false},"featured_media":1009369,"template":"","meta":{"_acf_changed":false},"pwb-brand":[],"product_brand":[80],"product_cat":[17,18,79],"product_tag":[],"pcb_component_type":[],"class_list":{"0":"post-5965","1":"product","2":"type-product","3":"status-publish","4":"has-post-thumbnail","6":"product_brand-crucial","7":"product_cat-composants-gaming","8":"product_cat-ram","9":"product_cat-ram-pour-pc-portable","11":"first","12":"instock","13":"sale","14":"shipping-taxable","15":"purchasable","16":"product-type-simple"},"translation":{"provider":"WPGlobus","version":"3.0.2","language":"fr","enabled_languages":["en","es","de","fr","ru"],"languages":{"en":{"title":true,"content":true,"excerpt":true},"es":{"title":false,"content":false,"excerpt":false},"de":{"title":false,"content":false,"excerpt":false},"fr":{"title":false,"content":false,"excerpt":false},"ru":{"title":false,"content":false,"excerpt":false}}},"acf":[],"yoast_head":"<!-- This site is optimized with the Yoast SEO plugin v27.2 - https:\/\/yoast.com\/product\/yoast-seo-wordpress\/ -->\n<title>8 GB DDR4 CRUCIAL SO-DIMM 3200MHZ - Osaka<\/title>\n<meta name=\"robots\" content=\"index, follow, max-snippet:-1, max-image-preview:large, max-video-preview:-1\" \/>\n<link rel=\"canonical\" href=\"https:\/\/osaka.ma\/product\/16gb-ddr4-crucial-udimm-3200mhz\/\" \/>\n<meta property=\"og:locale\" content=\"fr_FR\" \/>\n<meta property=\"og:type\" content=\"article\" \/>\n<meta property=\"og:title\" content=\"8 GB DDR4 CRUCIAL SO-DIMM 3200MHZ - Osaka\" \/>\n<meta property=\"og:url\" content=\"https:\/\/osaka.ma\/product\/16gb-ddr4-crucial-udimm-3200mhz\/\" \/>\n<meta property=\"og:site_name\" content=\"Osaka\" \/>\n<meta property=\"article:modified_time\" content=\"2025-11-04T15:12:53+00:00\" \/>\n<meta property=\"og:image\" content=\"https:\/\/osaka.ma\/wp-content\/uploads\/2024\/06\/crucial-so-dimm-ddr4-8go-3200mhz-cl22-memoire-vive-pc.jpg\" \/>\n\t<meta property=\"og:image:width\" content=\"500\" \/>\n\t<meta property=\"og:image:height\" content=\"500\" \/>\n\t<meta property=\"og:image:type\" content=\"image\/jpeg\" \/>\n<meta name=\"twitter:card\" content=\"summary_large_image\" \/>\n<meta name=\"twitter:label1\" content=\"Dur\u00e9e de lecture estim\u00e9e\" \/>\n\t<meta name=\"twitter:data1\" content=\"3 minutes\" \/>\n<script type=\"application\/ld+json\" class=\"yoast-schema-graph\">{\"@context\":\"https:\/\/schema.org\",\"@graph\":[{\"@type\":\"WebPage\",\"@id\":\"https:\/\/osaka.ma\/product\/16gb-ddr4-crucial-udimm-3200mhz\/\",\"url\":\"https:\/\/osaka.ma\/product\/16gb-ddr4-crucial-udimm-3200mhz\/\",\"name\":\"8 GB DDR4 CRUCIAL SO-DIMM 3200MHZ - Osaka\",\"isPartOf\":{\"@id\":\"https:\/\/osaka.ma\/#website\"},\"primaryImageOfPage\":{\"@id\":\"https:\/\/osaka.ma\/product\/16gb-ddr4-crucial-udimm-3200mhz\/#primaryimage\"},\"image\":{\"@id\":\"https:\/\/osaka.ma\/product\/16gb-ddr4-crucial-udimm-3200mhz\/#primaryimage\"},\"thumbnailUrl\":\"https:\/\/osaka.ma\/wp-content\/uploads\/2024\/06\/crucial-so-dimm-ddr4-8go-3200mhz-cl22-memoire-vive-pc.jpg\",\"datePublished\":\"2023-09-18T12:49:04+00:00\",\"dateModified\":\"2025-11-04T15:12:53+00:00\",\"breadcrumb\":{\"@id\":\"https:\/\/osaka.ma\/product\/16gb-ddr4-crucial-udimm-3200mhz\/#breadcrumb\"},\"inLanguage\":\"fr-FR\",\"potentialAction\":[{\"@type\":\"ReadAction\",\"target\":[\"https:\/\/osaka.ma\/product\/16gb-ddr4-crucial-udimm-3200mhz\/\"]}]},{\"@type\":\"ImageObject\",\"inLanguage\":\"fr-FR\",\"@id\":\"https:\/\/osaka.ma\/product\/16gb-ddr4-crucial-udimm-3200mhz\/#primaryimage\",\"url\":\"https:\/\/osaka.ma\/wp-content\/uploads\/2024\/06\/crucial-so-dimm-ddr4-8go-3200mhz-cl22-memoire-vive-pc.jpg\",\"contentUrl\":\"https:\/\/osaka.ma\/wp-content\/uploads\/2024\/06\/crucial-so-dimm-ddr4-8go-3200mhz-cl22-memoire-vive-pc.jpg\",\"width\":500,\"height\":500},{\"@type\":\"BreadcrumbList\",\"@id\":\"https:\/\/osaka.ma\/product\/16gb-ddr4-crucial-udimm-3200mhz\/#breadcrumb\",\"itemListElement\":[{\"@type\":\"ListItem\",\"position\":1,\"name\":\"Home\",\"item\":\"https:\/\/osaka.ma\/\"},{\"@type\":\"ListItem\",\"position\":2,\"name\":\"Shop\",\"item\":\"https:\/\/osaka.ma\/shop-2\/\"},{\"@type\":\"ListItem\",\"position\":3,\"name\":\"8 GB DDR4 CRUCIAL SO-DIMM 3200MHZ\"}]},{\"@type\":\"WebSite\",\"@id\":\"https:\/\/osaka.ma\/#website\",\"url\":\"https:\/\/osaka.ma\/\",\"name\":\"Osaka\",\"description\":\"\",\"publisher\":{\"@id\":\"https:\/\/osaka.ma\/#organization\"},\"potentialAction\":[{\"@type\":\"SearchAction\",\"target\":{\"@type\":\"EntryPoint\",\"urlTemplate\":\"https:\/\/osaka.ma\/?s={search_term_string}\"},\"query-input\":{\"@type\":\"PropertyValueSpecification\",\"valueRequired\":true,\"valueName\":\"search_term_string\"}}],\"inLanguage\":\"fr-FR\"},{\"@type\":\"Organization\",\"@id\":\"https:\/\/osaka.ma\/#organization\",\"name\":\"Osaka\",\"url\":\"https:\/\/osaka.ma\/\",\"logo\":{\"@type\":\"ImageObject\",\"inLanguage\":\"fr-FR\",\"@id\":\"https:\/\/osaka.ma\/#\/schema\/logo\/image\/\",\"url\":\"https:\/\/osaka.ma\/wp-content\/uploads\/2026\/01\/model-slogan-logo-2Plan-de-travail-1dksl-plus-finnn.png\",\"contentUrl\":\"https:\/\/osaka.ma\/wp-content\/uploads\/2026\/01\/model-slogan-logo-2Plan-de-travail-1dksl-plus-finnn.png\",\"width\":842,\"height\":226,\"caption\":\"Osaka\"},\"image\":{\"@id\":\"https:\/\/osaka.ma\/#\/schema\/logo\/image\/\"}}]}<\/script>\n<!-- \/ Yoast SEO plugin. -->","yoast_head_json":{"title":"8 GB DDR4 CRUCIAL SO-DIMM 3200MHZ - Osaka","robots":{"index":"index","follow":"follow","max-snippet":"max-snippet:-1","max-image-preview":"max-image-preview:large","max-video-preview":"max-video-preview:-1"},"canonical":"https:\/\/osaka.ma\/product\/16gb-ddr4-crucial-udimm-3200mhz\/","og_locale":"fr_FR","og_type":"article","og_title":"8 GB DDR4 CRUCIAL SO-DIMM 3200MHZ - Osaka","og_url":"https:\/\/osaka.ma\/product\/16gb-ddr4-crucial-udimm-3200mhz\/","og_site_name":"Osaka","article_modified_time":"2025-11-04T15:12:53+00:00","og_image":[{"width":500,"height":500,"url":"https:\/\/osaka.ma\/wp-content\/uploads\/2024\/06\/crucial-so-dimm-ddr4-8go-3200mhz-cl22-memoire-vive-pc.jpg","type":"image\/jpeg"}],"twitter_card":"summary_large_image","twitter_misc":{"Dur\u00e9e de lecture estim\u00e9e":"3 minutes"},"schema":{"@context":"https:\/\/schema.org","@graph":[{"@type":"WebPage","@id":"https:\/\/osaka.ma\/product\/16gb-ddr4-crucial-udimm-3200mhz\/","url":"https:\/\/osaka.ma\/product\/16gb-ddr4-crucial-udimm-3200mhz\/","name":"8 GB DDR4 CRUCIAL SO-DIMM 3200MHZ - Osaka","isPartOf":{"@id":"https:\/\/osaka.ma\/#website"},"primaryImageOfPage":{"@id":"https:\/\/osaka.ma\/product\/16gb-ddr4-crucial-udimm-3200mhz\/#primaryimage"},"image":{"@id":"https:\/\/osaka.ma\/product\/16gb-ddr4-crucial-udimm-3200mhz\/#primaryimage"},"thumbnailUrl":"https:\/\/osaka.ma\/wp-content\/uploads\/2024\/06\/crucial-so-dimm-ddr4-8go-3200mhz-cl22-memoire-vive-pc.jpg","datePublished":"2023-09-18T12:49:04+00:00","dateModified":"2025-11-04T15:12:53+00:00","breadcrumb":{"@id":"https:\/\/osaka.ma\/product\/16gb-ddr4-crucial-udimm-3200mhz\/#breadcrumb"},"inLanguage":"fr-FR","potentialAction":[{"@type":"ReadAction","target":["https:\/\/osaka.ma\/product\/16gb-ddr4-crucial-udimm-3200mhz\/"]}]},{"@type":"ImageObject","inLanguage":"fr-FR","@id":"https:\/\/osaka.ma\/product\/16gb-ddr4-crucial-udimm-3200mhz\/#primaryimage","url":"https:\/\/osaka.ma\/wp-content\/uploads\/2024\/06\/crucial-so-dimm-ddr4-8go-3200mhz-cl22-memoire-vive-pc.jpg","contentUrl":"https:\/\/osaka.ma\/wp-content\/uploads\/2024\/06\/crucial-so-dimm-ddr4-8go-3200mhz-cl22-memoire-vive-pc.jpg","width":500,"height":500},{"@type":"BreadcrumbList","@id":"https:\/\/osaka.ma\/product\/16gb-ddr4-crucial-udimm-3200mhz\/#breadcrumb","itemListElement":[{"@type":"ListItem","position":1,"name":"Home","item":"https:\/\/osaka.ma\/"},{"@type":"ListItem","position":2,"name":"Shop","item":"https:\/\/osaka.ma\/shop-2\/"},{"@type":"ListItem","position":3,"name":"8 GB DDR4 CRUCIAL SO-DIMM 3200MHZ"}]},{"@type":"WebSite","@id":"https:\/\/osaka.ma\/#website","url":"https:\/\/osaka.ma\/","name":"Osaka","description":"","publisher":{"@id":"https:\/\/osaka.ma\/#organization"},"potentialAction":[{"@type":"SearchAction","target":{"@type":"EntryPoint","urlTemplate":"https:\/\/osaka.ma\/?s={search_term_string}"},"query-input":{"@type":"PropertyValueSpecification","valueRequired":true,"valueName":"search_term_string"}}],"inLanguage":"fr-FR"},{"@type":"Organization","@id":"https:\/\/osaka.ma\/#organization","name":"Osaka","url":"https:\/\/osaka.ma\/","logo":{"@type":"ImageObject","inLanguage":"fr-FR","@id":"https:\/\/osaka.ma\/#\/schema\/logo\/image\/","url":"https:\/\/osaka.ma\/wp-content\/uploads\/2026\/01\/model-slogan-logo-2Plan-de-travail-1dksl-plus-finnn.png","contentUrl":"https:\/\/osaka.ma\/wp-content\/uploads\/2026\/01\/model-slogan-logo-2Plan-de-travail-1dksl-plus-finnn.png","width":842,"height":226,"caption":"Osaka"},"image":{"@id":"https:\/\/osaka.ma\/#\/schema\/logo\/image\/"}}]}},"jetpack_sharing_enabled":true,"brands":[],"_links":{"self":[{"href":"https:\/\/osaka.ma\/fr\/wp-json\/wp\/v2\/product\/5965","targetHints":{"allow":["GET"]}}],"collection":[{"href":"https:\/\/osaka.ma\/fr\/wp-json\/wp\/v2\/product"}],"about":[{"href":"https:\/\/osaka.ma\/fr\/wp-json\/wp\/v2\/types\/product"}],"version-history":[{"count":0,"href":"https:\/\/osaka.ma\/fr\/wp-json\/wp\/v2\/product\/5965\/revisions"}],"wp:featuredmedia":[{"embeddable":true,"href":"https:\/\/osaka.ma\/fr\/wp-json\/wp\/v2\/media\/1009369"}],"wp:attachment":[{"href":"https:\/\/osaka.ma\/fr\/wp-json\/wp\/v2\/media?parent=5965"}],"wp:term":[{"taxonomy":"pwb-brand","embeddable":true,"href":"https:\/\/osaka.ma\/fr\/wp-json\/wp\/v2\/pwb-brand?post=5965"},{"taxonomy":"product_brand","embeddable":true,"href":"https:\/\/osaka.ma\/fr\/wp-json\/wp\/v2\/product_brand?post=5965"},{"taxonomy":"product_cat","embeddable":true,"href":"https:\/\/osaka.ma\/fr\/wp-json\/wp\/v2\/product_cat?post=5965"},{"taxonomy":"product_tag","embeddable":true,"href":"https:\/\/osaka.ma\/fr\/wp-json\/wp\/v2\/product_tag?post=5965"},{"taxonomy":"pcb_component_type","embeddable":true,"href":"https:\/\/osaka.ma\/fr\/wp-json\/wp\/v2\/pcb_component_type?post=5965"}],"curies":[{"name":"wp","href":"https:\/\/api.w.org\/{rel}","templated":true}]}}