{"id":6094,"date":"2023-10-05T19:24:02","date_gmt":"2023-10-05T19:24:02","guid":{"rendered":"https:\/\/osaka.ma\/?post_type=product&#038;p=6094"},"modified":"2025-04-08T18:24:40","modified_gmt":"2025-04-08T18:24:40","slug":"gigabyte-z590-gaming-x","status":"publish","type":"product","link":"https:\/\/osaka.ma\/fr\/product\/gigabyte-z590-gaming-x\/","title":{"rendered":"Gigabyte Z590 GAMING X"},"content":{"rendered":"<h2>Description<\/h2>\n<div class=\"product\">\n<h2 class=\"h2-master\">Performances Gaming<\/h2>\n<section>carte m\u00e8re Gigabyte Z590 GAMING est con\u00e7ue pour accueillir les\u00a0processeurs Intel de 10\u00e8me et\u00a0Intel Core de 11\u00e8me g\u00e9n\u00e9ration. Elle permettra l\u2019assemblage d\u2019une configuration gaming puissante au look unique. Gaming, Streaming, multit\u00e2che intensif, cr\u00e9ation multim\u00e9dia, c\u2019est la solution id\u00e9ale pour concevoir un\u00a0<strong>PC haut de gamme ultra-performant<\/strong>. Elle prend en outre en charge la<strong>\u00a0RAM DDR4<\/strong>, les\u00a0<strong>cartes graphiques PCI-Express 4.0 16x<\/strong>, les\u00a0<strong>disques SATA 6 Gb\/s<\/strong>\u00a0et\u00a0<strong>M.2 PCI-E NVMe<\/strong>\u00a0et les\u00a0<strong>p\u00e9riph\u00e9riques USB 3.0\u00a0<\/strong>et\u00a0<strong>USB 3.1<\/strong>.<\/section>\n<\/div>\n<section><\/section>\n<section>\n<section>\n<div class=\"desc-text\">\n<h2>GIGABYTE Z590 GAMING X<\/h2>\n<ul>\n<li>Support des processeurs Intel Core de 10\u00e8me g\u00e9n\u00e9ration et 11\u00e8me g\u00e9n\u00e9ration sur socket LGA 1200<\/li>\n<li>DDR4 Dual Channel 5333 MHz (OC)<\/li>\n<li>VRM Num\u00e9rique 12+1 Phases Directes avec 60A DrMOS<\/li>\n<li>LAN 2.5 GbE avec gestion de bande passante<\/li>\n<li>USB 3.2\u00a0 jusqu\u2019\u00e0 10Gbps<\/li>\n<li>RGB FUSION 2.0 compatibles avec LEDs adressables et Bandes LED RGB<\/li>\n<li>Smart Fan 6 incluant multiples capteurs de temp\u00e9rature, Headers Hybrides pour ventilateurs avec FAN STOP<\/li>\n<li>Q-Flash Plus pour Update du BIOS sans CPU, M\u00e9moire ou Cartes Graphiques<\/li>\n<\/ul>\n<\/div>\n<\/section>\n<section>\n<div class=\"desc-text\">\n<h2>PROCESSEUR INTEL CORE 11\u00c8ME G\u00c9N\u00c9RATION<\/h2>\n<p>La\u00a0<strong><a href=\"https:\/\/fr.wikipedia.org\/wiki\/Liste_des_microprocesseurs_Intel_d%27architecture_Core\" target=\"_blank\" rel=\"noopener\">11\u00e8me g\u00e9n\u00e9ration de processeur Intel Core<\/a>\u00a0Rocket Lake-S\u00a0<\/strong>vous propulse vers toujours plus de puissance gr\u00e2ce \u00e0 sa compatibilit\u00e9 avec la norme\u00a0<strong>PCI-Express 4.0<\/strong>\u00a0et la pr\u00e9sence de l\u2019<strong>Hyper Threading<\/strong>\u00a0sur toute la gamme depuis le Core i3 jusqu\u2019au Core i9. Ses fr\u00e9quences Turbo vont toujours plus haut en conservant des TDP identiques aux g\u00e9n\u00e9rations pr\u00e9c\u00e9dentes. Les performances de pointe et la fluidit\u00e9 sont de mise pour tous que ce soit pour une utilisation bureautique, cr\u00e9ative ou gaming.<\/p>\n<\/div>\n<\/section>\n<\/section>\n","protected":false},"excerpt":{"rendered":"<p><strong>La carte m\u00e8re Gigabyte Z590 GAMING X est con\u00e7ue pour accueillir les processeurs Intel de 10\u00e8me g\u00e9n\u00e9ration &amp; 11\u00e8me g\u00e9n\u00e9ration sur socket LGA 1200. Elle permettra l\u2019assemblage d\u2019une configuration gaming puissante au look unique.<br \/>\n<\/strong><\/p>\n","protected":false},"featured_media":1006095,"template":"","meta":{"_acf_changed":false},"pwb-brand":[],"product_brand":[93],"product_cat":[84,17,100],"product_tag":[],"pcb_component_type":[],"class_list":{"0":"post-6094","1":"product","2":"type-product","3":"status-publish","4":"has-post-thumbnail","6":"product_brand-gigabyte","7":"product_cat-carte-mere","8":"product_cat-composants-gaming","9":"product_cat-intel-carte-mere-composants-gaming-9","11":"first","12":"outofstock","13":"shipping-taxable","14":"product-type-simple"},"translation":{"provider":"WPGlobus","version":"3.0.2","language":"fr","enabled_languages":["en","es","de","fr","ru"],"languages":{"en":{"title":true,"content":true,"excerpt":true},"es":{"title":false,"content":false,"excerpt":false},"de":{"title":false,"content":false,"excerpt":false},"fr":{"title":false,"content":false,"excerpt":false},"ru":{"title":false,"content":false,"excerpt":false}}},"acf":[],"yoast_head":"<!-- This site is optimized with the Yoast SEO plugin v27.2 - https:\/\/yoast.com\/product\/yoast-seo-wordpress\/ -->\n<title>Gigabyte Z590 GAMING X - Osaka<\/title>\n<meta name=\"robots\" content=\"index, follow, max-snippet:-1, max-image-preview:large, max-video-preview:-1\" \/>\n<link rel=\"canonical\" href=\"https:\/\/osaka.ma\/product\/gigabyte-z590-gaming-x\/\" \/>\n<meta property=\"og:locale\" content=\"fr_FR\" \/>\n<meta property=\"og:type\" content=\"article\" \/>\n<meta property=\"og:title\" content=\"Gigabyte Z590 GAMING X - Osaka\" \/>\n<meta property=\"og:url\" content=\"https:\/\/osaka.ma\/product\/gigabyte-z590-gaming-x\/\" \/>\n<meta property=\"og:site_name\" content=\"Osaka\" \/>\n<meta property=\"article:modified_time\" content=\"2025-04-08T18:24:40+00:00\" \/>\n<meta property=\"og:image\" content=\"https:\/\/osaka.ma\/wp-content\/uploads\/2023\/10\/Carte-Mere-Gigabyte-Z590-GAMING-X-3.jpg\" \/>\n\t<meta property=\"og:image:width\" content=\"600\" \/>\n\t<meta property=\"og:image:height\" content=\"600\" \/>\n\t<meta property=\"og:image:type\" content=\"image\/jpeg\" \/>\n<meta name=\"twitter:card\" content=\"summary_large_image\" \/>\n<meta name=\"twitter:label1\" content=\"Dur\u00e9e de lecture estim\u00e9e\" \/>\n\t<meta name=\"twitter:data1\" content=\"2 minutes\" \/>\n<script type=\"application\/ld+json\" class=\"yoast-schema-graph\">{\"@context\":\"https:\/\/schema.org\",\"@graph\":[{\"@type\":\"WebPage\",\"@id\":\"https:\/\/osaka.ma\/product\/gigabyte-z590-gaming-x\/\",\"url\":\"https:\/\/osaka.ma\/product\/gigabyte-z590-gaming-x\/\",\"name\":\"Gigabyte Z590 GAMING X - Osaka\",\"isPartOf\":{\"@id\":\"https:\/\/osaka.ma\/#website\"},\"primaryImageOfPage\":{\"@id\":\"https:\/\/osaka.ma\/product\/gigabyte-z590-gaming-x\/#primaryimage\"},\"image\":{\"@id\":\"https:\/\/osaka.ma\/product\/gigabyte-z590-gaming-x\/#primaryimage\"},\"thumbnailUrl\":\"https:\/\/osaka.ma\/wp-content\/uploads\/2023\/10\/Carte-Mere-Gigabyte-Z590-GAMING-X-3.jpg\",\"datePublished\":\"2023-10-05T19:24:02+00:00\",\"dateModified\":\"2025-04-08T18:24:40+00:00\",\"breadcrumb\":{\"@id\":\"https:\/\/osaka.ma\/product\/gigabyte-z590-gaming-x\/#breadcrumb\"},\"inLanguage\":\"fr-FR\",\"potentialAction\":[{\"@type\":\"ReadAction\",\"target\":[\"https:\/\/osaka.ma\/product\/gigabyte-z590-gaming-x\/\"]}]},{\"@type\":\"ImageObject\",\"inLanguage\":\"fr-FR\",\"@id\":\"https:\/\/osaka.ma\/product\/gigabyte-z590-gaming-x\/#primaryimage\",\"url\":\"https:\/\/osaka.ma\/wp-content\/uploads\/2023\/10\/Carte-Mere-Gigabyte-Z590-GAMING-X-3.jpg\",\"contentUrl\":\"https:\/\/osaka.ma\/wp-content\/uploads\/2023\/10\/Carte-Mere-Gigabyte-Z590-GAMING-X-3.jpg\",\"width\":600,\"height\":600},{\"@type\":\"BreadcrumbList\",\"@id\":\"https:\/\/osaka.ma\/product\/gigabyte-z590-gaming-x\/#breadcrumb\",\"itemListElement\":[{\"@type\":\"ListItem\",\"position\":1,\"name\":\"Home\",\"item\":\"https:\/\/osaka.ma\/\"},{\"@type\":\"ListItem\",\"position\":2,\"name\":\"Shop\",\"item\":\"https:\/\/osaka.ma\/shop-2\/\"},{\"@type\":\"ListItem\",\"position\":3,\"name\":\"Gigabyte Z590 GAMING X\"}]},{\"@type\":\"WebSite\",\"@id\":\"https:\/\/osaka.ma\/#website\",\"url\":\"https:\/\/osaka.ma\/\",\"name\":\"Osaka\",\"description\":\"\",\"publisher\":{\"@id\":\"https:\/\/osaka.ma\/#organization\"},\"potentialAction\":[{\"@type\":\"SearchAction\",\"target\":{\"@type\":\"EntryPoint\",\"urlTemplate\":\"https:\/\/osaka.ma\/?s={search_term_string}\"},\"query-input\":{\"@type\":\"PropertyValueSpecification\",\"valueRequired\":true,\"valueName\":\"search_term_string\"}}],\"inLanguage\":\"fr-FR\"},{\"@type\":\"Organization\",\"@id\":\"https:\/\/osaka.ma\/#organization\",\"name\":\"Osaka\",\"url\":\"https:\/\/osaka.ma\/\",\"logo\":{\"@type\":\"ImageObject\",\"inLanguage\":\"fr-FR\",\"@id\":\"https:\/\/osaka.ma\/#\/schema\/logo\/image\/\",\"url\":\"https:\/\/osaka.ma\/wp-content\/uploads\/2026\/01\/model-slogan-logo-2Plan-de-travail-1dksl-plus-finnn.png\",\"contentUrl\":\"https:\/\/osaka.ma\/wp-content\/uploads\/2026\/01\/model-slogan-logo-2Plan-de-travail-1dksl-plus-finnn.png\",\"width\":842,\"height\":226,\"caption\":\"Osaka\"},\"image\":{\"@id\":\"https:\/\/osaka.ma\/#\/schema\/logo\/image\/\"}}]}<\/script>\n<!-- \/ Yoast SEO plugin. -->","yoast_head_json":{"title":"Gigabyte Z590 GAMING X - Osaka","robots":{"index":"index","follow":"follow","max-snippet":"max-snippet:-1","max-image-preview":"max-image-preview:large","max-video-preview":"max-video-preview:-1"},"canonical":"https:\/\/osaka.ma\/product\/gigabyte-z590-gaming-x\/","og_locale":"fr_FR","og_type":"article","og_title":"Gigabyte Z590 GAMING X - Osaka","og_url":"https:\/\/osaka.ma\/product\/gigabyte-z590-gaming-x\/","og_site_name":"Osaka","article_modified_time":"2025-04-08T18:24:40+00:00","og_image":[{"width":600,"height":600,"url":"https:\/\/osaka.ma\/wp-content\/uploads\/2023\/10\/Carte-Mere-Gigabyte-Z590-GAMING-X-3.jpg","type":"image\/jpeg"}],"twitter_card":"summary_large_image","twitter_misc":{"Dur\u00e9e de lecture estim\u00e9e":"2 minutes"},"schema":{"@context":"https:\/\/schema.org","@graph":[{"@type":"WebPage","@id":"https:\/\/osaka.ma\/product\/gigabyte-z590-gaming-x\/","url":"https:\/\/osaka.ma\/product\/gigabyte-z590-gaming-x\/","name":"Gigabyte Z590 GAMING X - Osaka","isPartOf":{"@id":"https:\/\/osaka.ma\/#website"},"primaryImageOfPage":{"@id":"https:\/\/osaka.ma\/product\/gigabyte-z590-gaming-x\/#primaryimage"},"image":{"@id":"https:\/\/osaka.ma\/product\/gigabyte-z590-gaming-x\/#primaryimage"},"thumbnailUrl":"https:\/\/osaka.ma\/wp-content\/uploads\/2023\/10\/Carte-Mere-Gigabyte-Z590-GAMING-X-3.jpg","datePublished":"2023-10-05T19:24:02+00:00","dateModified":"2025-04-08T18:24:40+00:00","breadcrumb":{"@id":"https:\/\/osaka.ma\/product\/gigabyte-z590-gaming-x\/#breadcrumb"},"inLanguage":"fr-FR","potentialAction":[{"@type":"ReadAction","target":["https:\/\/osaka.ma\/product\/gigabyte-z590-gaming-x\/"]}]},{"@type":"ImageObject","inLanguage":"fr-FR","@id":"https:\/\/osaka.ma\/product\/gigabyte-z590-gaming-x\/#primaryimage","url":"https:\/\/osaka.ma\/wp-content\/uploads\/2023\/10\/Carte-Mere-Gigabyte-Z590-GAMING-X-3.jpg","contentUrl":"https:\/\/osaka.ma\/wp-content\/uploads\/2023\/10\/Carte-Mere-Gigabyte-Z590-GAMING-X-3.jpg","width":600,"height":600},{"@type":"BreadcrumbList","@id":"https:\/\/osaka.ma\/product\/gigabyte-z590-gaming-x\/#breadcrumb","itemListElement":[{"@type":"ListItem","position":1,"name":"Home","item":"https:\/\/osaka.ma\/"},{"@type":"ListItem","position":2,"name":"Shop","item":"https:\/\/osaka.ma\/shop-2\/"},{"@type":"ListItem","position":3,"name":"Gigabyte Z590 GAMING X"}]},{"@type":"WebSite","@id":"https:\/\/osaka.ma\/#website","url":"https:\/\/osaka.ma\/","name":"Osaka","description":"","publisher":{"@id":"https:\/\/osaka.ma\/#organization"},"potentialAction":[{"@type":"SearchAction","target":{"@type":"EntryPoint","urlTemplate":"https:\/\/osaka.ma\/?s={search_term_string}"},"query-input":{"@type":"PropertyValueSpecification","valueRequired":true,"valueName":"search_term_string"}}],"inLanguage":"fr-FR"},{"@type":"Organization","@id":"https:\/\/osaka.ma\/#organization","name":"Osaka","url":"https:\/\/osaka.ma\/","logo":{"@type":"ImageObject","inLanguage":"fr-FR","@id":"https:\/\/osaka.ma\/#\/schema\/logo\/image\/","url":"https:\/\/osaka.ma\/wp-content\/uploads\/2026\/01\/model-slogan-logo-2Plan-de-travail-1dksl-plus-finnn.png","contentUrl":"https:\/\/osaka.ma\/wp-content\/uploads\/2026\/01\/model-slogan-logo-2Plan-de-travail-1dksl-plus-finnn.png","width":842,"height":226,"caption":"Osaka"},"image":{"@id":"https:\/\/osaka.ma\/#\/schema\/logo\/image\/"}}]}},"jetpack_sharing_enabled":true,"brands":[],"_links":{"self":[{"href":"https:\/\/osaka.ma\/fr\/wp-json\/wp\/v2\/product\/6094","targetHints":{"allow":["GET"]}}],"collection":[{"href":"https:\/\/osaka.ma\/fr\/wp-json\/wp\/v2\/product"}],"about":[{"href":"https:\/\/osaka.ma\/fr\/wp-json\/wp\/v2\/types\/product"}],"version-history":[{"count":0,"href":"https:\/\/osaka.ma\/fr\/wp-json\/wp\/v2\/product\/6094\/revisions"}],"wp:featuredmedia":[{"embeddable":true,"href":"https:\/\/osaka.ma\/fr\/wp-json\/wp\/v2\/media\/1006095"}],"wp:attachment":[{"href":"https:\/\/osaka.ma\/fr\/wp-json\/wp\/v2\/media?parent=6094"}],"wp:term":[{"taxonomy":"pwb-brand","embeddable":true,"href":"https:\/\/osaka.ma\/fr\/wp-json\/wp\/v2\/pwb-brand?post=6094"},{"taxonomy":"product_brand","embeddable":true,"href":"https:\/\/osaka.ma\/fr\/wp-json\/wp\/v2\/product_brand?post=6094"},{"taxonomy":"product_cat","embeddable":true,"href":"https:\/\/osaka.ma\/fr\/wp-json\/wp\/v2\/product_cat?post=6094"},{"taxonomy":"product_tag","embeddable":true,"href":"https:\/\/osaka.ma\/fr\/wp-json\/wp\/v2\/product_tag?post=6094"},{"taxonomy":"pcb_component_type","embeddable":true,"href":"https:\/\/osaka.ma\/fr\/wp-json\/wp\/v2\/pcb_component_type?post=6094"}],"curies":[{"name":"wp","href":"https:\/\/api.w.org\/{rel}","templated":true}]}}