{"id":6201,"date":"2023-10-06T15:55:38","date_gmt":"2023-10-06T15:55:38","guid":{"rendered":"https:\/\/osaka.ma\/?post_type=product&#038;p=6201"},"modified":"2025-04-24T14:24:07","modified_gmt":"2025-04-24T14:24:07","slug":"xtrmlab-apex","status":"publish","type":"product","link":"https:\/\/osaka.ma\/fr\/product\/xtrmlab-apex\/","title":{"rendered":"XTRMLAB Apex"},"content":{"rendered":"<p>Sign\u00e9\u00a0XTRMLAB\u00a0,\u00a0<strong>le\u00a0<\/strong>bo\u00eetier Apex\u00a0sera id\u00e9al pour votre configuration Gaming. Spacieux, il est compatible avec les cartes m\u00e8res ATX et micro-ATX et peu accueillir une carte graphique de 315 mm tout en proposant une ventilation optimis\u00e9e et color\u00e9e gr\u00e2ce \u00e0 2 ventilateurs ARGB inclus (1 x 120 mm en fa\u00e7ade et 1 x 120 mm \u00e0 l&#8217;arri\u00e8re). Son design audacieux se traduit par des parois transparentes et un syst\u00e8me ARGB compatible avec la plupart des cartes m\u00e8res \u00e9quip\u00e9es d&#8217;un connecteur ARGB ce qui illuminera vos composants durant vos parties.<\/p>\n","protected":false},"excerpt":{"rendered":"<p class=\"product-details-title h4 py-2\"><strong>Fiche technique<\/strong><\/p>\n<p>&nbsp;<\/p>\n<p>Format du boitier : Moyen Tour<\/p>\n<p>Mat\u00e9riau boitier : Plastique ABS, acier<\/p>\n<p>Format de carte m\u00e8re : ATX, MicroATX<\/p>\n<p>Fen\u00eatre : Oui<\/p>\n<p>Nombre de ventilateurs fournis : 2 x 120 mm ARGB<\/p>\n<p>Dimensions : (L x H x P)210 x 450 x 397 mm<\/p>\n","protected":false},"featured_media":1006202,"template":"","meta":{"_acf_changed":false},"pwb-brand":[],"product_brand":[],"product_cat":[27,17],"product_tag":[],"pcb_component_type":[],"class_list":{"0":"post-6201","1":"product","2":"type-product","3":"status-publish","4":"has-post-thumbnail","6":"product_cat-boitiers-pc","7":"product_cat-composants-gaming","9":"first","10":"outofstock","11":"shipping-taxable","12":"product-type-simple"},"translation":{"provider":"WPGlobus","version":"3.0.2","language":"fr","enabled_languages":["en","es","de","fr","ru"],"languages":{"en":{"title":true,"content":true,"excerpt":true},"es":{"title":false,"content":false,"excerpt":false},"de":{"title":false,"content":false,"excerpt":false},"fr":{"title":false,"content":false,"excerpt":false},"ru":{"title":false,"content":false,"excerpt":false}}},"acf":[],"yoast_head":"<!-- This site is optimized with the Yoast SEO plugin v27.2 - https:\/\/yoast.com\/product\/yoast-seo-wordpress\/ -->\n<title>XTRMLAB Apex - Osaka<\/title>\n<meta name=\"robots\" content=\"index, follow, max-snippet:-1, max-image-preview:large, max-video-preview:-1\" \/>\n<link rel=\"canonical\" href=\"https:\/\/osaka.ma\/product\/xtrmlab-apex\/\" \/>\n<meta property=\"og:locale\" content=\"fr_FR\" \/>\n<meta property=\"og:type\" content=\"article\" \/>\n<meta property=\"og:title\" content=\"XTRMLAB Apex - Osaka\" \/>\n<meta property=\"og:url\" content=\"https:\/\/osaka.ma\/product\/xtrmlab-apex\/\" \/>\n<meta property=\"og:site_name\" content=\"Osaka\" \/>\n<meta property=\"article:modified_time\" content=\"2025-04-24T14:24:07+00:00\" \/>\n<meta property=\"og:image\" content=\"https:\/\/osaka.ma\/wp-content\/uploads\/2023\/10\/xtrmlab-apex-boitiers-pc.png\" \/>\n\t<meta property=\"og:image:width\" content=\"600\" \/>\n\t<meta property=\"og:image:height\" content=\"600\" \/>\n\t<meta property=\"og:image:type\" content=\"image\/png\" \/>\n<meta name=\"twitter:card\" content=\"summary_large_image\" \/>\n<meta name=\"twitter:label1\" content=\"Dur\u00e9e de lecture estim\u00e9e\" \/>\n\t<meta name=\"twitter:data1\" content=\"1 minute\" \/>\n<script type=\"application\/ld+json\" class=\"yoast-schema-graph\">{\"@context\":\"https:\/\/schema.org\",\"@graph\":[{\"@type\":\"WebPage\",\"@id\":\"https:\/\/osaka.ma\/product\/xtrmlab-apex\/\",\"url\":\"https:\/\/osaka.ma\/product\/xtrmlab-apex\/\",\"name\":\"XTRMLAB Apex - Osaka\",\"isPartOf\":{\"@id\":\"https:\/\/osaka.ma\/#website\"},\"primaryImageOfPage\":{\"@id\":\"https:\/\/osaka.ma\/product\/xtrmlab-apex\/#primaryimage\"},\"image\":{\"@id\":\"https:\/\/osaka.ma\/product\/xtrmlab-apex\/#primaryimage\"},\"thumbnailUrl\":\"https:\/\/osaka.ma\/wp-content\/uploads\/2023\/10\/xtrmlab-apex-boitiers-pc.png\",\"datePublished\":\"2023-10-06T15:55:38+00:00\",\"dateModified\":\"2025-04-24T14:24:07+00:00\",\"breadcrumb\":{\"@id\":\"https:\/\/osaka.ma\/product\/xtrmlab-apex\/#breadcrumb\"},\"inLanguage\":\"fr-FR\",\"potentialAction\":[{\"@type\":\"ReadAction\",\"target\":[\"https:\/\/osaka.ma\/product\/xtrmlab-apex\/\"]}]},{\"@type\":\"ImageObject\",\"inLanguage\":\"fr-FR\",\"@id\":\"https:\/\/osaka.ma\/product\/xtrmlab-apex\/#primaryimage\",\"url\":\"https:\/\/osaka.ma\/wp-content\/uploads\/2023\/10\/xtrmlab-apex-boitiers-pc.png\",\"contentUrl\":\"https:\/\/osaka.ma\/wp-content\/uploads\/2023\/10\/xtrmlab-apex-boitiers-pc.png\",\"width\":600,\"height\":600},{\"@type\":\"BreadcrumbList\",\"@id\":\"https:\/\/osaka.ma\/product\/xtrmlab-apex\/#breadcrumb\",\"itemListElement\":[{\"@type\":\"ListItem\",\"position\":1,\"name\":\"Home\",\"item\":\"https:\/\/osaka.ma\/\"},{\"@type\":\"ListItem\",\"position\":2,\"name\":\"Shop\",\"item\":\"https:\/\/osaka.ma\/shop-2\/\"},{\"@type\":\"ListItem\",\"position\":3,\"name\":\"XTRMLAB Apex\"}]},{\"@type\":\"WebSite\",\"@id\":\"https:\/\/osaka.ma\/#website\",\"url\":\"https:\/\/osaka.ma\/\",\"name\":\"Osaka\",\"description\":\"\",\"publisher\":{\"@id\":\"https:\/\/osaka.ma\/#organization\"},\"potentialAction\":[{\"@type\":\"SearchAction\",\"target\":{\"@type\":\"EntryPoint\",\"urlTemplate\":\"https:\/\/osaka.ma\/?s={search_term_string}\"},\"query-input\":{\"@type\":\"PropertyValueSpecification\",\"valueRequired\":true,\"valueName\":\"search_term_string\"}}],\"inLanguage\":\"fr-FR\"},{\"@type\":\"Organization\",\"@id\":\"https:\/\/osaka.ma\/#organization\",\"name\":\"Osaka\",\"url\":\"https:\/\/osaka.ma\/\",\"logo\":{\"@type\":\"ImageObject\",\"inLanguage\":\"fr-FR\",\"@id\":\"https:\/\/osaka.ma\/#\/schema\/logo\/image\/\",\"url\":\"https:\/\/osaka.ma\/wp-content\/uploads\/2026\/01\/model-slogan-logo-2Plan-de-travail-1dksl-plus-finnn.png\",\"contentUrl\":\"https:\/\/osaka.ma\/wp-content\/uploads\/2026\/01\/model-slogan-logo-2Plan-de-travail-1dksl-plus-finnn.png\",\"width\":842,\"height\":226,\"caption\":\"Osaka\"},\"image\":{\"@id\":\"https:\/\/osaka.ma\/#\/schema\/logo\/image\/\"}}]}<\/script>\n<!-- \/ Yoast SEO plugin. -->","yoast_head_json":{"title":"XTRMLAB Apex - Osaka","robots":{"index":"index","follow":"follow","max-snippet":"max-snippet:-1","max-image-preview":"max-image-preview:large","max-video-preview":"max-video-preview:-1"},"canonical":"https:\/\/osaka.ma\/product\/xtrmlab-apex\/","og_locale":"fr_FR","og_type":"article","og_title":"XTRMLAB Apex - Osaka","og_url":"https:\/\/osaka.ma\/product\/xtrmlab-apex\/","og_site_name":"Osaka","article_modified_time":"2025-04-24T14:24:07+00:00","og_image":[{"width":600,"height":600,"url":"https:\/\/osaka.ma\/wp-content\/uploads\/2023\/10\/xtrmlab-apex-boitiers-pc.png","type":"image\/png"}],"twitter_card":"summary_large_image","twitter_misc":{"Dur\u00e9e de lecture estim\u00e9e":"1 minute"},"schema":{"@context":"https:\/\/schema.org","@graph":[{"@type":"WebPage","@id":"https:\/\/osaka.ma\/product\/xtrmlab-apex\/","url":"https:\/\/osaka.ma\/product\/xtrmlab-apex\/","name":"XTRMLAB Apex - Osaka","isPartOf":{"@id":"https:\/\/osaka.ma\/#website"},"primaryImageOfPage":{"@id":"https:\/\/osaka.ma\/product\/xtrmlab-apex\/#primaryimage"},"image":{"@id":"https:\/\/osaka.ma\/product\/xtrmlab-apex\/#primaryimage"},"thumbnailUrl":"https:\/\/osaka.ma\/wp-content\/uploads\/2023\/10\/xtrmlab-apex-boitiers-pc.png","datePublished":"2023-10-06T15:55:38+00:00","dateModified":"2025-04-24T14:24:07+00:00","breadcrumb":{"@id":"https:\/\/osaka.ma\/product\/xtrmlab-apex\/#breadcrumb"},"inLanguage":"fr-FR","potentialAction":[{"@type":"ReadAction","target":["https:\/\/osaka.ma\/product\/xtrmlab-apex\/"]}]},{"@type":"ImageObject","inLanguage":"fr-FR","@id":"https:\/\/osaka.ma\/product\/xtrmlab-apex\/#primaryimage","url":"https:\/\/osaka.ma\/wp-content\/uploads\/2023\/10\/xtrmlab-apex-boitiers-pc.png","contentUrl":"https:\/\/osaka.ma\/wp-content\/uploads\/2023\/10\/xtrmlab-apex-boitiers-pc.png","width":600,"height":600},{"@type":"BreadcrumbList","@id":"https:\/\/osaka.ma\/product\/xtrmlab-apex\/#breadcrumb","itemListElement":[{"@type":"ListItem","position":1,"name":"Home","item":"https:\/\/osaka.ma\/"},{"@type":"ListItem","position":2,"name":"Shop","item":"https:\/\/osaka.ma\/shop-2\/"},{"@type":"ListItem","position":3,"name":"XTRMLAB Apex"}]},{"@type":"WebSite","@id":"https:\/\/osaka.ma\/#website","url":"https:\/\/osaka.ma\/","name":"Osaka","description":"","publisher":{"@id":"https:\/\/osaka.ma\/#organization"},"potentialAction":[{"@type":"SearchAction","target":{"@type":"EntryPoint","urlTemplate":"https:\/\/osaka.ma\/?s={search_term_string}"},"query-input":{"@type":"PropertyValueSpecification","valueRequired":true,"valueName":"search_term_string"}}],"inLanguage":"fr-FR"},{"@type":"Organization","@id":"https:\/\/osaka.ma\/#organization","name":"Osaka","url":"https:\/\/osaka.ma\/","logo":{"@type":"ImageObject","inLanguage":"fr-FR","@id":"https:\/\/osaka.ma\/#\/schema\/logo\/image\/","url":"https:\/\/osaka.ma\/wp-content\/uploads\/2026\/01\/model-slogan-logo-2Plan-de-travail-1dksl-plus-finnn.png","contentUrl":"https:\/\/osaka.ma\/wp-content\/uploads\/2026\/01\/model-slogan-logo-2Plan-de-travail-1dksl-plus-finnn.png","width":842,"height":226,"caption":"Osaka"},"image":{"@id":"https:\/\/osaka.ma\/#\/schema\/logo\/image\/"}}]}},"jetpack_sharing_enabled":true,"brands":[],"_links":{"self":[{"href":"https:\/\/osaka.ma\/fr\/wp-json\/wp\/v2\/product\/6201","targetHints":{"allow":["GET"]}}],"collection":[{"href":"https:\/\/osaka.ma\/fr\/wp-json\/wp\/v2\/product"}],"about":[{"href":"https:\/\/osaka.ma\/fr\/wp-json\/wp\/v2\/types\/product"}],"version-history":[{"count":0,"href":"https:\/\/osaka.ma\/fr\/wp-json\/wp\/v2\/product\/6201\/revisions"}],"wp:featuredmedia":[{"embeddable":true,"href":"https:\/\/osaka.ma\/fr\/wp-json\/wp\/v2\/media\/1006202"}],"wp:attachment":[{"href":"https:\/\/osaka.ma\/fr\/wp-json\/wp\/v2\/media?parent=6201"}],"wp:term":[{"taxonomy":"pwb-brand","embeddable":true,"href":"https:\/\/osaka.ma\/fr\/wp-json\/wp\/v2\/pwb-brand?post=6201"},{"taxonomy":"product_brand","embeddable":true,"href":"https:\/\/osaka.ma\/fr\/wp-json\/wp\/v2\/product_brand?post=6201"},{"taxonomy":"product_cat","embeddable":true,"href":"https:\/\/osaka.ma\/fr\/wp-json\/wp\/v2\/product_cat?post=6201"},{"taxonomy":"product_tag","embeddable":true,"href":"https:\/\/osaka.ma\/fr\/wp-json\/wp\/v2\/product_tag?post=6201"},{"taxonomy":"pcb_component_type","embeddable":true,"href":"https:\/\/osaka.ma\/fr\/wp-json\/wp\/v2\/pcb_component_type?post=6201"}],"curies":[{"name":"wp","href":"https:\/\/api.w.org\/{rel}","templated":true}]}}