{"id":6549,"date":"2023-10-22T17:01:02","date_gmt":"2023-10-22T17:01:02","guid":{"rendered":"https:\/\/osaka.ma\/?post_type=product&#038;p=6549"},"modified":"2025-04-12T12:31:56","modified_gmt":"2025-04-12T12:31:56","slug":"gigabyte-geforce-rtx-3080-eagle-oc-10gb-gddr6x","status":"publish","type":"product","link":"https:\/\/osaka.ma\/fr\/product\/gigabyte-geforce-rtx-3080-eagle-oc-10gb-gddr6x\/","title":{"rendered":"GIGABYTE GeForce RTX 3080 EAGLE OC 10GB GDDR6X"},"content":{"rendered":"<div class=\"logo\"><a href=\"https:\/\/www.ldlc.com\/gigabyte\/bint000000990\/\" rel=\"nofollow noopener\" target=\"_blank\"><img decoding=\"async\" src=\"https:\/\/media.ldlc.com\/v3\/marque\/190\/C000000990.gif\" alt=\"Gigabyte\" \/><\/a><\/div>\n<div id=\"description\" class=\"description\">\n<div class=\"details-pdt-desc\">\n<h2 class=\"h2-master\">NVIDIA GeForce RTX 3080 ou l&#8217;exp\u00e9rience de jeu Ultime<\/h2>\n<section>La 2nd g\u00e9n\u00e9ration de cartes graphiques\u00a0<strong>NVIDIA RTX<\/strong>, bas\u00e9e sur l&#8217;<strong>architecture Amp\u00e8re<\/strong>, promet aux joueurs de tout bord une exp\u00e9rience de jeu ultime et des performances jamais atteintes dans les jeux PC les plus r\u00e9alistes et les plus immersifs. L&#8217;am\u00e9lioration des rendements des\u00a0<strong>coeurs RT<\/strong>\u00a0et\u00a0<strong>Tensor\u00a0<\/strong>ainsi que des\u00a0<strong>multiprocesseurs de flux\u00a0<\/strong>est au coeur de cette nouvelle architecture de haute technologie dont\u00a0l&#8217;unique objectif est d&#8217;offrir une exp\u00e9rience de jeu ultime et exceptionnelle. Les cartes graphiques NVIDIA GeForce RTX 3000 sont tout simplement les cartes les plus puissantes jamais con\u00e7ues par NVIDIA.La\u00a0<strong>carte graphique Gigabyte GeForce RTX 3080 EAGLE OC 10G<\/strong>\u00a0embarque\u00a0<strong>10 Go de m\u00e9moire vid\u00e9o<\/strong>\u00a0de nouvelle g\u00e9n\u00e9ration\u00a0<strong>GDDR6X<\/strong>. Ce mod\u00e8le\u00a0<strong>overclock\u00e9 d&#8217;usine<\/strong>\u00a0b\u00e9n\u00e9ficie de<strong>\u00a0fr\u00e9quences de fonctionnement \u00e9lev\u00e9es<\/strong>\u00a0et d&#8217;un<strong>\u00a0syst\u00e8me de refroidissement am\u00e9lior\u00e9<\/strong>\u00a0gage de fiabilit\u00e9 et de performances \u00e0 long terme.<\/section>\n<section>\n<div class=\"desc-image\"><img decoding=\"async\" src=\"https:\/\/media.ldlc.com\/bo\/images\/fiches\/carte_graphique\/gigabyte\/gigabyte_rtx_eagle_windforce_3x_001.jpg\" alt=\"\" \/><\/div>\n<div class=\"desc-text\">\n<h2>GIGABYTE GEFORCE RTX 3080 EAGLE OC 10G<\/h2>\n<p>De la performance et de l&#8217;efficacit\u00e9, voil\u00e0 ce que propose Gigabyte avec sa carte graphique bas\u00e9e sur l&#8217;architecture NVIDIA Amp\u00e8re. De la performance gr\u00e2ce\u00a0\u00e0 son overclocking d&#8217;usine\u00a0et\u00a0\u00e0 un syst\u00e8me de refroidissement exclusif et ultra-performant \u00e0 3 ventilateurs (WINDFORCE 3X), radiateur aluminium et heatpipes cuivre. Sans oublier bien sur le\u00a0backplate m\u00e9tal\u00a0au dos du PCB de la carte.<\/p>\n<\/div>\n<\/section>\n<section>\n<div class=\"desc-text\">\n<h2>ARCHITECTURE AMP\u00c8RE<\/h2>\n<p>Gr\u00e2ce aux am\u00e9liorations apport\u00e9es par la nouvelle architecture Amp\u00e8re, les cartes graphiques NVIDIA RTX de 2nd g\u00e9n\u00e9ration sont encore plus performantes que les cartes graphiques des g\u00e9n\u00e9rations pr\u00e9c\u00e9dentes. Les jeux vid\u00e9o PC sont plus beaux, plus immersifs et plus fluides que jamais. Les coeurs RT de 2nd g\u00e9n\u00e9ration offrent un rendement 2 fois sup\u00e9rieur \u00e0 celui des cartes de la g\u00e9n\u00e9ration pr\u00e9c\u00e9dente. Les coeurs Tensor de 3\u00e8me g\u00e9n\u00e9ration d\u00e9livrent jusqu&#8217;\u00e0 2 fois plus de rendement et les nouveaux multiprocesseur de flux un rendement FP32 multipli\u00e9 par 2 !<\/p>\n<\/div>\n<div class=\"desc-image\"><img decoding=\"async\" src=\"https:\/\/media.ldlc.com\/bo\/images\/fiches\/carte_graphique\/rtx\/nvidia_geforce_rtx_on_001.jpg\" alt=\"\" \/><\/div>\n<\/section>\n<section>\n<div class=\"desc-image\"><img decoding=\"async\" src=\"https:\/\/media.ldlc.com\/bo\/images\/fiches\/carte_graphique\/rtx\/nvidia_geforce_rtx_dlss_001.jpg\" alt=\"\" \/><\/div>\n<div class=\"desc-text\">\n<h2>FR\u00c9QUENCE D&#8217;IMAGES MAXIMALE<\/h2>\n<p>Bas\u00e9 sur les capacit\u00e9s ph\u00e9nom\u00e9nales de l\u2019IA, le super-\u00e9chantillonnage par Deep Learning (DLSS) de NVIDIA est une technologie de rendu r\u00e9volutionnaire qui vous offre un tout nouveau niveau de fid\u00e9lit\u00e9 visuelle gr\u00e2ce aux processeurs Tensor Core d\u00e9di\u00e9s \u00e0 l\u2019IA des GPU GeForce RTX. Le DLSS met \u00e0 profit toute la puissance d\u2019un r\u00e9seau optimis\u00e9 de neurones profonds pour acc\u00e9l\u00e9rer les fr\u00e9quences d\u2019images tout en g\u00e9n\u00e9rant des visuels \u00e9poustouflants d\u2019une nettet\u00e9 incomparable. Ce gain de performance significatif permet aux joueurs du monde entier de maximiser les param\u00e8tres du ray tracing et d\u2019augmenter les r\u00e9solutions de sortie.<\/p>\n<\/div>\n<\/section>\n<section>\n<div class=\"desc-text\">\n<h2>STREAMEZ\u00a0COMME UN PRO<\/h2>\n<p>Volez la vedette aux meilleurs streameurs en diffusant vos parties avec des graphismes sublimes et un rendu fluide. L\u2019encodage et le d\u00e9codage mat\u00e9riel de nouvelle g\u00e9n\u00e9ration vous permettent d\u2019immortaliser vos meilleurs moments avec un niveau de d\u00e9tails incomparable. La toute nouvelle application NVIDIA Broadcast fait passer vos livestreams au niveau sup\u00e9rieur avec de puissantes capacit\u00e9s d\u2019IA qui am\u00e9liorent la qualit\u00e9 de l\u2019audio et de la vid\u00e9o avec des effets avanc\u00e9s comme un arri\u00e8re-plan virtuel, un recadrage automatique de la webcam et la suppression des bruits parasites li\u00e9s au micro. Les GPU GeForce RTX s\u00e9rie 30 vous fournissent les performances graphiques et la qualit\u00e9 d\u2019image requises pour vous pr\u00e9senter \u00e0 votre public sous votre meilleur jour, syst\u00e9matiquement.<\/p>\n<\/div>\n<div class=\"desc-image\"><img decoding=\"async\" src=\"https:\/\/media.ldlc.com\/bo\/images\/fiches\/carte_graphique\/rtx\/nvidia_geforce_rtx_stream_001.jpg\" alt=\"\" \/><\/div>\n<\/section>\n<\/div>\n<\/div>\n","protected":false},"excerpt":{"rendered":"<h2 class=\"h2-master\">NVIDIA GeForce RTX 3080 ou l&#8217;exp\u00e9rience de jeu Ultime<\/h2>\n<section>La 2nd g\u00e9n\u00e9ration de cartes graphiques\u00a0<strong>NVIDIA RTX<\/strong>, bas\u00e9e sur l&#8217;<strong>architecture Amp\u00e8re<\/strong>, promet aux joueurs de tout bord une exp\u00e9rience de jeu ultime et des performances jamais atteintes dans les jeux PC les plus r\u00e9alistes et les plus immersifs. L&#8217;am\u00e9lioration des rendements des\u00a0<strong>coeurs RT<\/strong>\u00a0et\u00a0<strong>Tensor\u00a0<\/strong>ainsi que des\u00a0<strong>multiprocesseurs de flux\u00a0<\/strong>est au coeur de cette nouvelle architecture de haute technologie dont\u00a0l&#8217;unique objectif est d&#8217;offrir une exp\u00e9rience de jeu ultime et exceptionnelle. Les cartes graphiques NVIDIA GeForce RTX 3000 sont tout simplement les cartes les plus puissantes jamais con\u00e7ues par NVIDIA.La\u00a0<strong>carte graphique Gigabyte GeForce RTX 3080 EAGLE OC 10G<\/strong>\u00a0embarque\u00a0<strong>10 Go de m\u00e9moire vid\u00e9o<\/strong>\u00a0de nouvelle g\u00e9n\u00e9ration\u00a0<strong>GDDR6X<\/strong>. Ce mod\u00e8le\u00a0<strong>overclock\u00e9 d&#8217;usine<\/strong>\u00a0b\u00e9n\u00e9ficie de<strong>\u00a0fr\u00e9quences de fonctionnement \u00e9lev\u00e9es<\/strong>\u00a0et d&#8217;un<strong>\u00a0syst\u00e8me de refroidissement am\u00e9lior\u00e9<\/strong>\u00a0gage de fiabilit\u00e9 et de performances \u00e0 long terme.<\/section>\n","protected":false},"featured_media":1006555,"template":"","meta":{"_acf_changed":false},"pwb-brand":[],"product_brand":[93],"product_cat":[24,17,26],"product_tag":[],"pcb_component_type":[],"class_list":{"0":"post-6549","1":"product","2":"type-product","3":"status-publish","4":"has-post-thumbnail","6":"product_brand-gigabyte","7":"product_cat-cartes-graphiques","8":"product_cat-composants-gaming","9":"product_cat-nvidia","11":"first","12":"outofstock","13":"shipping-taxable","14":"product-type-simple"},"translation":{"provider":"WPGlobus","version":"3.0.2","language":"fr","enabled_languages":["en","es","de","fr","ru"],"languages":{"en":{"title":true,"content":true,"excerpt":true},"es":{"title":false,"content":false,"excerpt":false},"de":{"title":false,"content":false,"excerpt":false},"fr":{"title":false,"content":false,"excerpt":false},"ru":{"title":false,"content":false,"excerpt":false}}},"acf":[],"yoast_head":"<!-- This site is optimized with the Yoast SEO plugin v27.2 - https:\/\/yoast.com\/product\/yoast-seo-wordpress\/ -->\n<title>GIGABYTE GeForce RTX 3080 EAGLE OC 10GB GDDR6X - Osaka<\/title>\n<meta name=\"robots\" content=\"index, follow, max-snippet:-1, max-image-preview:large, max-video-preview:-1\" \/>\n<link rel=\"canonical\" href=\"https:\/\/osaka.ma\/product\/gigabyte-geforce-rtx-3080-eagle-oc-10gb-gddr6x\/\" \/>\n<meta property=\"og:locale\" content=\"fr_FR\" \/>\n<meta property=\"og:type\" content=\"article\" \/>\n<meta property=\"og:title\" content=\"GIGABYTE GeForce RTX 3080 EAGLE OC 10GB GDDR6X - Osaka\" \/>\n<meta property=\"og:url\" content=\"https:\/\/osaka.ma\/product\/gigabyte-geforce-rtx-3080-eagle-oc-10gb-gddr6x\/\" \/>\n<meta property=\"og:site_name\" content=\"Osaka\" \/>\n<meta property=\"article:modified_time\" content=\"2025-04-12T12:31:56+00:00\" \/>\n<meta property=\"og:image\" content=\"https:\/\/osaka.ma\/wp-content\/uploads\/2023\/10\/GIGABYTE-GeForce-RTX-3080-EAGLE-OC-10GB.jpg\" \/>\n\t<meta property=\"og:image:width\" content=\"1600\" \/>\n\t<meta property=\"og:image:height\" content=\"1600\" \/>\n\t<meta property=\"og:image:type\" content=\"image\/jpeg\" \/>\n<meta name=\"twitter:card\" content=\"summary_large_image\" \/>\n<meta name=\"twitter:label1\" content=\"Dur\u00e9e de lecture estim\u00e9e\" \/>\n\t<meta name=\"twitter:data1\" content=\"4 minutes\" \/>\n<script type=\"application\/ld+json\" class=\"yoast-schema-graph\">{\"@context\":\"https:\/\/schema.org\",\"@graph\":[{\"@type\":\"WebPage\",\"@id\":\"https:\/\/osaka.ma\/product\/gigabyte-geforce-rtx-3080-eagle-oc-10gb-gddr6x\/\",\"url\":\"https:\/\/osaka.ma\/product\/gigabyte-geforce-rtx-3080-eagle-oc-10gb-gddr6x\/\",\"name\":\"GIGABYTE GeForce RTX 3080 EAGLE OC 10GB GDDR6X - Osaka\",\"isPartOf\":{\"@id\":\"https:\/\/osaka.ma\/#website\"},\"primaryImageOfPage\":{\"@id\":\"https:\/\/osaka.ma\/product\/gigabyte-geforce-rtx-3080-eagle-oc-10gb-gddr6x\/#primaryimage\"},\"image\":{\"@id\":\"https:\/\/osaka.ma\/product\/gigabyte-geforce-rtx-3080-eagle-oc-10gb-gddr6x\/#primaryimage\"},\"thumbnailUrl\":\"https:\/\/osaka.ma\/wp-content\/uploads\/2023\/10\/GIGABYTE-GeForce-RTX-3080-EAGLE-OC-10GB.jpg\",\"datePublished\":\"2023-10-22T17:01:02+00:00\",\"dateModified\":\"2025-04-12T12:31:56+00:00\",\"breadcrumb\":{\"@id\":\"https:\/\/osaka.ma\/product\/gigabyte-geforce-rtx-3080-eagle-oc-10gb-gddr6x\/#breadcrumb\"},\"inLanguage\":\"fr-FR\",\"potentialAction\":[{\"@type\":\"ReadAction\",\"target\":[\"https:\/\/osaka.ma\/product\/gigabyte-geforce-rtx-3080-eagle-oc-10gb-gddr6x\/\"]}]},{\"@type\":\"ImageObject\",\"inLanguage\":\"fr-FR\",\"@id\":\"https:\/\/osaka.ma\/product\/gigabyte-geforce-rtx-3080-eagle-oc-10gb-gddr6x\/#primaryimage\",\"url\":\"https:\/\/osaka.ma\/wp-content\/uploads\/2023\/10\/GIGABYTE-GeForce-RTX-3080-EAGLE-OC-10GB.jpg\",\"contentUrl\":\"https:\/\/osaka.ma\/wp-content\/uploads\/2023\/10\/GIGABYTE-GeForce-RTX-3080-EAGLE-OC-10GB.jpg\",\"width\":1600,\"height\":1600},{\"@type\":\"BreadcrumbList\",\"@id\":\"https:\/\/osaka.ma\/product\/gigabyte-geforce-rtx-3080-eagle-oc-10gb-gddr6x\/#breadcrumb\",\"itemListElement\":[{\"@type\":\"ListItem\",\"position\":1,\"name\":\"Home\",\"item\":\"https:\/\/osaka.ma\/\"},{\"@type\":\"ListItem\",\"position\":2,\"name\":\"Shop\",\"item\":\"https:\/\/osaka.ma\/shop-2\/\"},{\"@type\":\"ListItem\",\"position\":3,\"name\":\"GIGABYTE GeForce RTX 3080 EAGLE OC 10GB GDDR6X\"}]},{\"@type\":\"WebSite\",\"@id\":\"https:\/\/osaka.ma\/#website\",\"url\":\"https:\/\/osaka.ma\/\",\"name\":\"Osaka\",\"description\":\"\",\"publisher\":{\"@id\":\"https:\/\/osaka.ma\/#organization\"},\"potentialAction\":[{\"@type\":\"SearchAction\",\"target\":{\"@type\":\"EntryPoint\",\"urlTemplate\":\"https:\/\/osaka.ma\/?s={search_term_string}\"},\"query-input\":{\"@type\":\"PropertyValueSpecification\",\"valueRequired\":true,\"valueName\":\"search_term_string\"}}],\"inLanguage\":\"fr-FR\"},{\"@type\":\"Organization\",\"@id\":\"https:\/\/osaka.ma\/#organization\",\"name\":\"Osaka\",\"url\":\"https:\/\/osaka.ma\/\",\"logo\":{\"@type\":\"ImageObject\",\"inLanguage\":\"fr-FR\",\"@id\":\"https:\/\/osaka.ma\/#\/schema\/logo\/image\/\",\"url\":\"https:\/\/osaka.ma\/wp-content\/uploads\/2026\/01\/model-slogan-logo-2Plan-de-travail-1dksl-plus-finnn.png\",\"contentUrl\":\"https:\/\/osaka.ma\/wp-content\/uploads\/2026\/01\/model-slogan-logo-2Plan-de-travail-1dksl-plus-finnn.png\",\"width\":842,\"height\":226,\"caption\":\"Osaka\"},\"image\":{\"@id\":\"https:\/\/osaka.ma\/#\/schema\/logo\/image\/\"}}]}<\/script>\n<!-- \/ Yoast SEO plugin. -->","yoast_head_json":{"title":"GIGABYTE GeForce RTX 3080 EAGLE OC 10GB GDDR6X - Osaka","robots":{"index":"index","follow":"follow","max-snippet":"max-snippet:-1","max-image-preview":"max-image-preview:large","max-video-preview":"max-video-preview:-1"},"canonical":"https:\/\/osaka.ma\/product\/gigabyte-geforce-rtx-3080-eagle-oc-10gb-gddr6x\/","og_locale":"fr_FR","og_type":"article","og_title":"GIGABYTE GeForce RTX 3080 EAGLE OC 10GB GDDR6X - Osaka","og_url":"https:\/\/osaka.ma\/product\/gigabyte-geforce-rtx-3080-eagle-oc-10gb-gddr6x\/","og_site_name":"Osaka","article_modified_time":"2025-04-12T12:31:56+00:00","og_image":[{"width":1600,"height":1600,"url":"https:\/\/osaka.ma\/wp-content\/uploads\/2023\/10\/GIGABYTE-GeForce-RTX-3080-EAGLE-OC-10GB.jpg","type":"image\/jpeg"}],"twitter_card":"summary_large_image","twitter_misc":{"Dur\u00e9e de lecture estim\u00e9e":"4 minutes"},"schema":{"@context":"https:\/\/schema.org","@graph":[{"@type":"WebPage","@id":"https:\/\/osaka.ma\/product\/gigabyte-geforce-rtx-3080-eagle-oc-10gb-gddr6x\/","url":"https:\/\/osaka.ma\/product\/gigabyte-geforce-rtx-3080-eagle-oc-10gb-gddr6x\/","name":"GIGABYTE GeForce RTX 3080 EAGLE OC 10GB GDDR6X - Osaka","isPartOf":{"@id":"https:\/\/osaka.ma\/#website"},"primaryImageOfPage":{"@id":"https:\/\/osaka.ma\/product\/gigabyte-geforce-rtx-3080-eagle-oc-10gb-gddr6x\/#primaryimage"},"image":{"@id":"https:\/\/osaka.ma\/product\/gigabyte-geforce-rtx-3080-eagle-oc-10gb-gddr6x\/#primaryimage"},"thumbnailUrl":"https:\/\/osaka.ma\/wp-content\/uploads\/2023\/10\/GIGABYTE-GeForce-RTX-3080-EAGLE-OC-10GB.jpg","datePublished":"2023-10-22T17:01:02+00:00","dateModified":"2025-04-12T12:31:56+00:00","breadcrumb":{"@id":"https:\/\/osaka.ma\/product\/gigabyte-geforce-rtx-3080-eagle-oc-10gb-gddr6x\/#breadcrumb"},"inLanguage":"fr-FR","potentialAction":[{"@type":"ReadAction","target":["https:\/\/osaka.ma\/product\/gigabyte-geforce-rtx-3080-eagle-oc-10gb-gddr6x\/"]}]},{"@type":"ImageObject","inLanguage":"fr-FR","@id":"https:\/\/osaka.ma\/product\/gigabyte-geforce-rtx-3080-eagle-oc-10gb-gddr6x\/#primaryimage","url":"https:\/\/osaka.ma\/wp-content\/uploads\/2023\/10\/GIGABYTE-GeForce-RTX-3080-EAGLE-OC-10GB.jpg","contentUrl":"https:\/\/osaka.ma\/wp-content\/uploads\/2023\/10\/GIGABYTE-GeForce-RTX-3080-EAGLE-OC-10GB.jpg","width":1600,"height":1600},{"@type":"BreadcrumbList","@id":"https:\/\/osaka.ma\/product\/gigabyte-geforce-rtx-3080-eagle-oc-10gb-gddr6x\/#breadcrumb","itemListElement":[{"@type":"ListItem","position":1,"name":"Home","item":"https:\/\/osaka.ma\/"},{"@type":"ListItem","position":2,"name":"Shop","item":"https:\/\/osaka.ma\/shop-2\/"},{"@type":"ListItem","position":3,"name":"GIGABYTE GeForce RTX 3080 EAGLE OC 10GB GDDR6X"}]},{"@type":"WebSite","@id":"https:\/\/osaka.ma\/#website","url":"https:\/\/osaka.ma\/","name":"Osaka","description":"","publisher":{"@id":"https:\/\/osaka.ma\/#organization"},"potentialAction":[{"@type":"SearchAction","target":{"@type":"EntryPoint","urlTemplate":"https:\/\/osaka.ma\/?s={search_term_string}"},"query-input":{"@type":"PropertyValueSpecification","valueRequired":true,"valueName":"search_term_string"}}],"inLanguage":"fr-FR"},{"@type":"Organization","@id":"https:\/\/osaka.ma\/#organization","name":"Osaka","url":"https:\/\/osaka.ma\/","logo":{"@type":"ImageObject","inLanguage":"fr-FR","@id":"https:\/\/osaka.ma\/#\/schema\/logo\/image\/","url":"https:\/\/osaka.ma\/wp-content\/uploads\/2026\/01\/model-slogan-logo-2Plan-de-travail-1dksl-plus-finnn.png","contentUrl":"https:\/\/osaka.ma\/wp-content\/uploads\/2026\/01\/model-slogan-logo-2Plan-de-travail-1dksl-plus-finnn.png","width":842,"height":226,"caption":"Osaka"},"image":{"@id":"https:\/\/osaka.ma\/#\/schema\/logo\/image\/"}}]}},"jetpack_sharing_enabled":true,"brands":[],"_links":{"self":[{"href":"https:\/\/osaka.ma\/fr\/wp-json\/wp\/v2\/product\/6549","targetHints":{"allow":["GET"]}}],"collection":[{"href":"https:\/\/osaka.ma\/fr\/wp-json\/wp\/v2\/product"}],"about":[{"href":"https:\/\/osaka.ma\/fr\/wp-json\/wp\/v2\/types\/product"}],"version-history":[{"count":0,"href":"https:\/\/osaka.ma\/fr\/wp-json\/wp\/v2\/product\/6549\/revisions"}],"wp:featuredmedia":[{"embeddable":true,"href":"https:\/\/osaka.ma\/fr\/wp-json\/wp\/v2\/media\/1006555"}],"wp:attachment":[{"href":"https:\/\/osaka.ma\/fr\/wp-json\/wp\/v2\/media?parent=6549"}],"wp:term":[{"taxonomy":"pwb-brand","embeddable":true,"href":"https:\/\/osaka.ma\/fr\/wp-json\/wp\/v2\/pwb-brand?post=6549"},{"taxonomy":"product_brand","embeddable":true,"href":"https:\/\/osaka.ma\/fr\/wp-json\/wp\/v2\/product_brand?post=6549"},{"taxonomy":"product_cat","embeddable":true,"href":"https:\/\/osaka.ma\/fr\/wp-json\/wp\/v2\/product_cat?post=6549"},{"taxonomy":"product_tag","embeddable":true,"href":"https:\/\/osaka.ma\/fr\/wp-json\/wp\/v2\/product_tag?post=6549"},{"taxonomy":"pcb_component_type","embeddable":true,"href":"https:\/\/osaka.ma\/fr\/wp-json\/wp\/v2\/pcb_component_type?post=6549"}],"curies":[{"name":"wp","href":"https:\/\/api.w.org\/{rel}","templated":true}]}}