{"id":6773,"date":"2023-12-20T13:00:33","date_gmt":"2023-12-20T13:00:33","guid":{"rendered":"https:\/\/osaka.ma\/?post_type=product&#038;p=6773"},"modified":"2024-12-18T15:35:42","modified_gmt":"2024-12-18T15:35:42","slug":"pc-gamer-amd-ryzen-7-7700x-32gb-512gb-rtx-4060","status":"publish","type":"product","link":"https:\/\/osaka.ma\/fr\/product\/pc-gamer-amd-ryzen-7-7700x-32gb-512gb-rtx-4060\/","title":{"rendered":"PC Gamer AMD RYZEN 7 7700X\/32GB\/512GB\/RTX 4060"},"content":{"rendered":"<p>CPU : AMD RYZEN 7 7700X (4.5 GHz \/ 5.4 GHz)<\/p>\n<p>MOTHERBOARD : ASUS PRIME X670-P<\/p>\n<p>RAM : 32GB(16&#215;2) DDR5 CORSAIR 6000MHZ<\/p>\n<p>STOCKAGE : 512GB NVME MSI M371<\/p>\n<p>GPU : MSI GAMING X RTX 4060 8GB<\/p>\n<p>PSU : MSI A600DN 80PLUS<\/p>\n<p>CPU COOLER : DEEPCOOL AG400<\/p>\n<p>CASE : CORSAIR 4000X NOIR<\/p>\n","protected":false},"excerpt":{"rendered":"<p>PC Gamer Osaka vous offre une configuration RYZEN avec des composants \u00e9quilibr\u00e9e avec un bon prix, ce PC Gamer compos\u00e9 d\u2019un processeurAMD RYZEN 7 7700X ainsi que d\u2019une carte graphique MSI GAMING X RTX 4060 8GB Il int\u00e8gre \u00e9galement un SSD 512GB pour un syst\u00e8me toujours plus rapide et 32 Go de RAM. Voila les atouts de ce PC puissant taill\u00e9 pour travailler dans les meilleures conditions.<\/p>\n","protected":false},"featured_media":1006774,"template":"","meta":{"_acf_changed":false},"pwb-brand":[],"product_brand":[],"product_cat":[54,53],"product_tag":[],"pcb_component_type":[],"class_list":{"0":"post-6773","1":"product","2":"type-product","3":"status-publish","4":"has-post-thumbnail","6":"product_cat-amd-ryzen","7":"product_cat-pc-gamer","9":"first","10":"outofstock","11":"shipping-taxable","12":"product-type-simple"},"translation":{"provider":"WPGlobus","version":"3.0.2","language":"fr","enabled_languages":["en","es","de","fr","ru"],"languages":{"en":{"title":true,"content":true,"excerpt":true},"es":{"title":false,"content":false,"excerpt":false},"de":{"title":false,"content":false,"excerpt":false},"fr":{"title":false,"content":false,"excerpt":false},"ru":{"title":false,"content":false,"excerpt":false}}},"acf":[],"yoast_head":"<!-- This site is optimized with the Yoast SEO plugin v27.2 - https:\/\/yoast.com\/product\/yoast-seo-wordpress\/ -->\n<title>PC Gamer AMD RYZEN 7 7700X\/32GB\/512GB\/RTX 4060 - Osaka<\/title>\n<meta name=\"robots\" content=\"index, follow, max-snippet:-1, max-image-preview:large, max-video-preview:-1\" \/>\n<link rel=\"canonical\" href=\"https:\/\/osaka.ma\/product\/pc-gamer-amd-ryzen-7-7700x-32gb-512gb-rtx-4060\/\" \/>\n<meta property=\"og:locale\" content=\"fr_FR\" \/>\n<meta property=\"og:type\" content=\"article\" \/>\n<meta property=\"og:title\" content=\"PC Gamer AMD RYZEN 7 7700X\/32GB\/512GB\/RTX 4060 - Osaka\" \/>\n<meta property=\"og:url\" content=\"https:\/\/osaka.ma\/product\/pc-gamer-amd-ryzen-7-7700x-32gb-512gb-rtx-4060\/\" \/>\n<meta property=\"og:site_name\" content=\"Osaka\" \/>\n<meta property=\"article:modified_time\" content=\"2024-12-18T15:35:42+00:00\" \/>\n<meta property=\"og:image\" content=\"https:\/\/osaka.ma\/wp-content\/uploads\/2023\/12\/CONFIG-14690DH-PROMO.png\" \/>\n\t<meta property=\"og:image:width\" content=\"600\" \/>\n\t<meta property=\"og:image:height\" content=\"600\" \/>\n\t<meta property=\"og:image:type\" content=\"image\/png\" \/>\n<meta name=\"twitter:card\" content=\"summary_large_image\" \/>\n<script type=\"application\/ld+json\" class=\"yoast-schema-graph\">{\"@context\":\"https:\/\/schema.org\",\"@graph\":[{\"@type\":\"WebPage\",\"@id\":\"https:\/\/osaka.ma\/product\/pc-gamer-amd-ryzen-7-7700x-32gb-512gb-rtx-4060\/\",\"url\":\"https:\/\/osaka.ma\/product\/pc-gamer-amd-ryzen-7-7700x-32gb-512gb-rtx-4060\/\",\"name\":\"PC Gamer AMD RYZEN 7 7700X\/32GB\/512GB\/RTX 4060 - Osaka\",\"isPartOf\":{\"@id\":\"https:\/\/osaka.ma\/#website\"},\"primaryImageOfPage\":{\"@id\":\"https:\/\/osaka.ma\/product\/pc-gamer-amd-ryzen-7-7700x-32gb-512gb-rtx-4060\/#primaryimage\"},\"image\":{\"@id\":\"https:\/\/osaka.ma\/product\/pc-gamer-amd-ryzen-7-7700x-32gb-512gb-rtx-4060\/#primaryimage\"},\"thumbnailUrl\":\"https:\/\/osaka.ma\/wp-content\/uploads\/2023\/12\/CONFIG-14690DH-PROMO.png\",\"datePublished\":\"2023-12-20T13:00:33+00:00\",\"dateModified\":\"2024-12-18T15:35:42+00:00\",\"breadcrumb\":{\"@id\":\"https:\/\/osaka.ma\/product\/pc-gamer-amd-ryzen-7-7700x-32gb-512gb-rtx-4060\/#breadcrumb\"},\"inLanguage\":\"fr-FR\",\"potentialAction\":[{\"@type\":\"ReadAction\",\"target\":[\"https:\/\/osaka.ma\/product\/pc-gamer-amd-ryzen-7-7700x-32gb-512gb-rtx-4060\/\"]}]},{\"@type\":\"ImageObject\",\"inLanguage\":\"fr-FR\",\"@id\":\"https:\/\/osaka.ma\/product\/pc-gamer-amd-ryzen-7-7700x-32gb-512gb-rtx-4060\/#primaryimage\",\"url\":\"https:\/\/osaka.ma\/wp-content\/uploads\/2023\/12\/CONFIG-14690DH-PROMO.png\",\"contentUrl\":\"https:\/\/osaka.ma\/wp-content\/uploads\/2023\/12\/CONFIG-14690DH-PROMO.png\",\"width\":600,\"height\":600},{\"@type\":\"BreadcrumbList\",\"@id\":\"https:\/\/osaka.ma\/product\/pc-gamer-amd-ryzen-7-7700x-32gb-512gb-rtx-4060\/#breadcrumb\",\"itemListElement\":[{\"@type\":\"ListItem\",\"position\":1,\"name\":\"Home\",\"item\":\"https:\/\/osaka.ma\/\"},{\"@type\":\"ListItem\",\"position\":2,\"name\":\"Shop\",\"item\":\"https:\/\/osaka.ma\/shop-2\/\"},{\"@type\":\"ListItem\",\"position\":3,\"name\":\"PC Gamer AMD RYZEN 7 7700X\/32GB\/512GB\/RTX 4060\"}]},{\"@type\":\"WebSite\",\"@id\":\"https:\/\/osaka.ma\/#website\",\"url\":\"https:\/\/osaka.ma\/\",\"name\":\"Osaka\",\"description\":\"\",\"publisher\":{\"@id\":\"https:\/\/osaka.ma\/#organization\"},\"potentialAction\":[{\"@type\":\"SearchAction\",\"target\":{\"@type\":\"EntryPoint\",\"urlTemplate\":\"https:\/\/osaka.ma\/?s={search_term_string}\"},\"query-input\":{\"@type\":\"PropertyValueSpecification\",\"valueRequired\":true,\"valueName\":\"search_term_string\"}}],\"inLanguage\":\"fr-FR\"},{\"@type\":\"Organization\",\"@id\":\"https:\/\/osaka.ma\/#organization\",\"name\":\"Osaka\",\"url\":\"https:\/\/osaka.ma\/\",\"logo\":{\"@type\":\"ImageObject\",\"inLanguage\":\"fr-FR\",\"@id\":\"https:\/\/osaka.ma\/#\/schema\/logo\/image\/\",\"url\":\"https:\/\/osaka.ma\/wp-content\/uploads\/2026\/01\/model-slogan-logo-2Plan-de-travail-1dksl-plus-finnn.png\",\"contentUrl\":\"https:\/\/osaka.ma\/wp-content\/uploads\/2026\/01\/model-slogan-logo-2Plan-de-travail-1dksl-plus-finnn.png\",\"width\":842,\"height\":226,\"caption\":\"Osaka\"},\"image\":{\"@id\":\"https:\/\/osaka.ma\/#\/schema\/logo\/image\/\"}}]}<\/script>\n<!-- \/ Yoast SEO plugin. -->","yoast_head_json":{"title":"PC Gamer AMD RYZEN 7 7700X\/32GB\/512GB\/RTX 4060 - Osaka","robots":{"index":"index","follow":"follow","max-snippet":"max-snippet:-1","max-image-preview":"max-image-preview:large","max-video-preview":"max-video-preview:-1"},"canonical":"https:\/\/osaka.ma\/product\/pc-gamer-amd-ryzen-7-7700x-32gb-512gb-rtx-4060\/","og_locale":"fr_FR","og_type":"article","og_title":"PC Gamer AMD RYZEN 7 7700X\/32GB\/512GB\/RTX 4060 - Osaka","og_url":"https:\/\/osaka.ma\/product\/pc-gamer-amd-ryzen-7-7700x-32gb-512gb-rtx-4060\/","og_site_name":"Osaka","article_modified_time":"2024-12-18T15:35:42+00:00","og_image":[{"width":600,"height":600,"url":"https:\/\/osaka.ma\/wp-content\/uploads\/2023\/12\/CONFIG-14690DH-PROMO.png","type":"image\/png"}],"twitter_card":"summary_large_image","schema":{"@context":"https:\/\/schema.org","@graph":[{"@type":"WebPage","@id":"https:\/\/osaka.ma\/product\/pc-gamer-amd-ryzen-7-7700x-32gb-512gb-rtx-4060\/","url":"https:\/\/osaka.ma\/product\/pc-gamer-amd-ryzen-7-7700x-32gb-512gb-rtx-4060\/","name":"PC Gamer AMD RYZEN 7 7700X\/32GB\/512GB\/RTX 4060 - Osaka","isPartOf":{"@id":"https:\/\/osaka.ma\/#website"},"primaryImageOfPage":{"@id":"https:\/\/osaka.ma\/product\/pc-gamer-amd-ryzen-7-7700x-32gb-512gb-rtx-4060\/#primaryimage"},"image":{"@id":"https:\/\/osaka.ma\/product\/pc-gamer-amd-ryzen-7-7700x-32gb-512gb-rtx-4060\/#primaryimage"},"thumbnailUrl":"https:\/\/osaka.ma\/wp-content\/uploads\/2023\/12\/CONFIG-14690DH-PROMO.png","datePublished":"2023-12-20T13:00:33+00:00","dateModified":"2024-12-18T15:35:42+00:00","breadcrumb":{"@id":"https:\/\/osaka.ma\/product\/pc-gamer-amd-ryzen-7-7700x-32gb-512gb-rtx-4060\/#breadcrumb"},"inLanguage":"fr-FR","potentialAction":[{"@type":"ReadAction","target":["https:\/\/osaka.ma\/product\/pc-gamer-amd-ryzen-7-7700x-32gb-512gb-rtx-4060\/"]}]},{"@type":"ImageObject","inLanguage":"fr-FR","@id":"https:\/\/osaka.ma\/product\/pc-gamer-amd-ryzen-7-7700x-32gb-512gb-rtx-4060\/#primaryimage","url":"https:\/\/osaka.ma\/wp-content\/uploads\/2023\/12\/CONFIG-14690DH-PROMO.png","contentUrl":"https:\/\/osaka.ma\/wp-content\/uploads\/2023\/12\/CONFIG-14690DH-PROMO.png","width":600,"height":600},{"@type":"BreadcrumbList","@id":"https:\/\/osaka.ma\/product\/pc-gamer-amd-ryzen-7-7700x-32gb-512gb-rtx-4060\/#breadcrumb","itemListElement":[{"@type":"ListItem","position":1,"name":"Home","item":"https:\/\/osaka.ma\/"},{"@type":"ListItem","position":2,"name":"Shop","item":"https:\/\/osaka.ma\/shop-2\/"},{"@type":"ListItem","position":3,"name":"PC Gamer AMD RYZEN 7 7700X\/32GB\/512GB\/RTX 4060"}]},{"@type":"WebSite","@id":"https:\/\/osaka.ma\/#website","url":"https:\/\/osaka.ma\/","name":"Osaka","description":"","publisher":{"@id":"https:\/\/osaka.ma\/#organization"},"potentialAction":[{"@type":"SearchAction","target":{"@type":"EntryPoint","urlTemplate":"https:\/\/osaka.ma\/?s={search_term_string}"},"query-input":{"@type":"PropertyValueSpecification","valueRequired":true,"valueName":"search_term_string"}}],"inLanguage":"fr-FR"},{"@type":"Organization","@id":"https:\/\/osaka.ma\/#organization","name":"Osaka","url":"https:\/\/osaka.ma\/","logo":{"@type":"ImageObject","inLanguage":"fr-FR","@id":"https:\/\/osaka.ma\/#\/schema\/logo\/image\/","url":"https:\/\/osaka.ma\/wp-content\/uploads\/2026\/01\/model-slogan-logo-2Plan-de-travail-1dksl-plus-finnn.png","contentUrl":"https:\/\/osaka.ma\/wp-content\/uploads\/2026\/01\/model-slogan-logo-2Plan-de-travail-1dksl-plus-finnn.png","width":842,"height":226,"caption":"Osaka"},"image":{"@id":"https:\/\/osaka.ma\/#\/schema\/logo\/image\/"}}]}},"jetpack_sharing_enabled":true,"brands":[],"_links":{"self":[{"href":"https:\/\/osaka.ma\/fr\/wp-json\/wp\/v2\/product\/6773","targetHints":{"allow":["GET"]}}],"collection":[{"href":"https:\/\/osaka.ma\/fr\/wp-json\/wp\/v2\/product"}],"about":[{"href":"https:\/\/osaka.ma\/fr\/wp-json\/wp\/v2\/types\/product"}],"version-history":[{"count":0,"href":"https:\/\/osaka.ma\/fr\/wp-json\/wp\/v2\/product\/6773\/revisions"}],"wp:featuredmedia":[{"embeddable":true,"href":"https:\/\/osaka.ma\/fr\/wp-json\/wp\/v2\/media\/1006774"}],"wp:attachment":[{"href":"https:\/\/osaka.ma\/fr\/wp-json\/wp\/v2\/media?parent=6773"}],"wp:term":[{"taxonomy":"pwb-brand","embeddable":true,"href":"https:\/\/osaka.ma\/fr\/wp-json\/wp\/v2\/pwb-brand?post=6773"},{"taxonomy":"product_brand","embeddable":true,"href":"https:\/\/osaka.ma\/fr\/wp-json\/wp\/v2\/product_brand?post=6773"},{"taxonomy":"product_cat","embeddable":true,"href":"https:\/\/osaka.ma\/fr\/wp-json\/wp\/v2\/product_cat?post=6773"},{"taxonomy":"product_tag","embeddable":true,"href":"https:\/\/osaka.ma\/fr\/wp-json\/wp\/v2\/product_tag?post=6773"},{"taxonomy":"pcb_component_type","embeddable":true,"href":"https:\/\/osaka.ma\/fr\/wp-json\/wp\/v2\/pcb_component_type?post=6773"}],"curies":[{"name":"wp","href":"https:\/\/api.w.org\/{rel}","templated":true}]}}