{"id":6913,"date":"2024-01-11T13:44:59","date_gmt":"2024-01-11T13:44:59","guid":{"rendered":"https:\/\/osaka.ma\/?post_type=product&#038;p=6913"},"modified":"2025-04-08T18:02:18","modified_gmt":"2025-04-08T18:02:18","slug":"asrock-b460m-pro4","status":"publish","type":"product","link":"https:\/\/osaka.ma\/fr\/product\/asrock-b460m-pro4\/","title":{"rendered":"ASRock B460M Pro4"},"content":{"rendered":"<h2 class=\"h2-master\">Performances Pro abordables<\/h2>\n<section>La\u00a0<strong>carte m\u00e8re ASRock B460M Pro4<\/strong><strong>\u00a0<\/strong>est con\u00e7ue pour accueillir les\u00a0<strong>processeurs Intel de 10\u00e8me g\u00e9n\u00e9ration Comet Lake-S\u00a0<\/strong>sur<strong>\u00a0socket LGA 1200<\/strong>. Elle permettra l&#8217;assemblage d&#8217;une configuration polyvalente capable de s&#8217;acquitter de toutes les t\u00e2ches. Gaming, Streaming, multit\u00e2che intensif, cr\u00e9ation multim\u00e9dia, c&#8217;est la solution id\u00e9ale pour concevoir un\u00a0<strong>PC performant<\/strong>\u00a0et abordable. Elle prend en outre en charge la<strong>\u00a0RAM DDR4<\/strong>, les\u00a0<strong>cartes graphiques PCI-Express 3.0 16x<\/strong>, les\u00a0<strong>disques SATA 6 Gb\/s<\/strong>\u00a0et\u00a0<strong>M.2 PCI-E NVMe<\/strong>\u00a0et les\u00a0<strong>p\u00e9riph\u00e9riques USB 3.0<\/strong>. Plus accessible que les jeux de composants Intel Z490 et H470 Express, le chipset Intel B460 Express offre un tr\u00e8s bon rapport performances \/ prix.<\/section>\n<section>\n<div class=\"desc-image\"><\/div>\n<div class=\"desc-text\">\n<h2>ASROCK B460M PRO4<\/h2>\n<ul>\n<li>Support des processeurs Intel Core de 10\u00e8me g\u00e9n\u00e9ration sur socket LGA 1200<\/li>\n<li>Support de la m\u00e9moire DDR4, jusqu&#8217;\u00e0 2933 MHz<\/li>\n<li>9 Power Phase Design: Phases d&#8217;alimentation am\u00e9lior\u00e9es pour de meilleures performances<\/li>\n<li>2 PCIe 3.0 x16, 1 PCIe 3.0 x1<\/li>\n<li>Multi-GPU AMD CrossFireX<\/li>\n<li>Audio 7.1 (Realtek ALC1200 Audio Codec) + Nahimic Audio<\/li>\n<li>6 ports SATA 6 Gb\/s + 2 Ultra M.2<\/li>\n<li>Format compact Micro ATX<\/li>\n<\/ul>\n<\/div>\n<\/section>\n<section>\n<div class=\"desc-text\">\n<h2>PROCESSEUR INTEL CORE 10\u00c8ME G\u00c9N\u00c9RATION<\/h2>\n<p>Performances de haute vol\u00e9e dans les Jeux, r\u00e9alit\u00e9 virtuelle sans ralentissement, multit\u00e2che intensif, les\u00a0<strong>processeurs Intel Core de 10\u00e8me g\u00e9n\u00e9ration sont ultra polyvalents et \u00e0 l&#8217;aise dans toutes les situations<\/strong>. Les\u00a0<strong>processeurs Intel Comet Lake-S<\/strong>\u00a0proposent des performances \u00e9blouissantes avec des fr\u00e9quences de base \u00e9lev\u00e9es, encore plus de<strong>\u00a0Coeurs et de threads<\/strong>\u00a0et\u00a0<strong>un cache de haut niveau<\/strong>. Leurs\u00a0<strong>TDP mod\u00e9r\u00e9s<\/strong>\u00a0permettent d&#8217;offrir des fr\u00e9quences de fonctionnement \u00e9lev\u00e9es tout en gadant une consommation \u00e9lectrique maitris\u00e9e.<\/p>\n<\/div>\n<div class=\"desc-image\"><img fetchpriority=\"high\" decoding=\"async\" class=\"alignnone\" src=\"https:\/\/media.ldlc.com\/bo\/images\/fiches\/processeur\/intel\/comet_lake_s\/800_1_non_k.jpg\" alt=\"CARTES M\u00c8RES ASRock B460M Pro4\" width=\"800\" height=\"500\" \/><\/div>\n<\/section>\n","protected":false},"excerpt":{"rendered":"<h3>L\u2019HEURE DES CARTES M\u00c8RES B460 EST VENUE<\/h3>\n<h5><strong>Tout ce dont vous avez besoin pour votre configuration Qui a dit que seuls les processeurs de la s\u00e9rie K et la plateforme de la famille Z sont capables d\u2019offrir les meilleures performances ? Gr\u00e2ce \u00e0 la technologie BFB (Base Frequency Boost) d&#8217;ASRock, les utilisateurs peuvent installer leurs processeurs non K sur les cartes m\u00e8res ASRock s\u00e9rie 400 (m\u00eame sur les mod\u00e8les non Z) et profiter imm\u00e9diatement du boost de fr\u00e9quence de base pour lib\u00e9rer toute la puissance cach\u00e9e de leur processeur.<\/strong><\/h5>\n<p><strong>Bien qu&#8217;ASRock BFB autorise le boost des processeurs non K et des cartes m\u00e8res non Z, la fr\u00e9quence de boost d\u00e9pend toujours du syst\u00e8me de refroidissement utilis\u00e9 au sein votre installation.<\/strong><\/p>\n<p>&nbsp;<\/p>\n","protected":false},"featured_media":1006917,"template":"","meta":{"_acf_changed":false},"pwb-brand":[],"product_brand":[],"product_cat":[84,17,100],"product_tag":[],"pcb_component_type":[],"class_list":{"0":"post-6913","1":"product","2":"type-product","3":"status-publish","4":"has-post-thumbnail","6":"product_cat-carte-mere","7":"product_cat-composants-gaming","8":"product_cat-intel-carte-mere-composants-gaming-9","10":"first","11":"outofstock","12":"shipping-taxable","13":"product-type-simple"},"translation":{"provider":"WPGlobus","version":"3.0.2","language":"fr","enabled_languages":["en","es","de","fr","ru"],"languages":{"en":{"title":true,"content":true,"excerpt":true},"es":{"title":false,"content":false,"excerpt":false},"de":{"title":false,"content":false,"excerpt":false},"fr":{"title":false,"content":false,"excerpt":false},"ru":{"title":false,"content":false,"excerpt":false}}},"acf":[],"yoast_head":"<!-- This site is optimized with the Yoast SEO plugin v27.2 - https:\/\/yoast.com\/product\/yoast-seo-wordpress\/ -->\n<title>Carte m\u00e8re ASRock B460M Pro4 - Osaka<\/title>\n<meta name=\"robots\" content=\"index, follow, max-snippet:-1, max-image-preview:large, max-video-preview:-1\" \/>\n<link rel=\"canonical\" href=\"https:\/\/osaka.ma\/es\/product\/asrock-b460m-pro4\/\" \/>\n<meta property=\"og:locale\" content=\"fr_FR\" \/>\n<meta property=\"og:type\" content=\"article\" \/>\n<meta property=\"og:title\" content=\"ASRock B460M Pro4 - Osaka\" \/>\n<meta property=\"og:url\" content=\"https:\/\/osaka.ma\/es\/product\/asrock-b460m-pro4\/\" \/>\n<meta property=\"og:site_name\" content=\"Osaka\" \/>\n<meta property=\"article:modified_time\" content=\"2025-04-08T18:02:18+00:00\" \/>\n<meta property=\"og:image\" content=\"https:\/\/osaka.ma\/wp-content\/uploads\/2024\/01\/ASRock-B460M-Pro4-1-1.jpg\" \/>\n\t<meta property=\"og:image:width\" content=\"1600\" \/>\n\t<meta property=\"og:image:height\" content=\"1600\" \/>\n\t<meta property=\"og:image:type\" content=\"image\/jpeg\" \/>\n<meta name=\"twitter:card\" content=\"summary_large_image\" \/>\n<meta name=\"twitter:label1\" content=\"Dur\u00e9e de lecture estim\u00e9e\" \/>\n\t<meta name=\"twitter:data1\" content=\"2 minutes\" \/>\n<script type=\"application\/ld+json\" class=\"yoast-schema-graph\">{\"@context\":\"https:\/\/schema.org\",\"@graph\":[{\"@type\":\"WebPage\",\"@id\":\"https:\/\/osaka.ma\/es\/product\/asrock-b460m-pro4\/\",\"url\":\"https:\/\/osaka.ma\/es\/product\/asrock-b460m-pro4\/\",\"name\":\"Carte m\u00e8re ASRock B460M Pro4 - Osaka\",\"isPartOf\":{\"@id\":\"https:\/\/osaka.ma\/#website\"},\"primaryImageOfPage\":{\"@id\":\"https:\/\/osaka.ma\/es\/product\/asrock-b460m-pro4\/#primaryimage\"},\"image\":{\"@id\":\"https:\/\/osaka.ma\/es\/product\/asrock-b460m-pro4\/#primaryimage\"},\"thumbnailUrl\":\"https:\/\/osaka.ma\/wp-content\/uploads\/2024\/01\/ASRock-B460M-Pro4-1-1.jpg\",\"datePublished\":\"2024-01-11T13:44:59+00:00\",\"dateModified\":\"2025-04-08T18:02:18+00:00\",\"breadcrumb\":{\"@id\":\"https:\/\/osaka.ma\/es\/product\/asrock-b460m-pro4\/#breadcrumb\"},\"inLanguage\":\"fr-FR\",\"potentialAction\":[{\"@type\":\"ReadAction\",\"target\":[\"https:\/\/osaka.ma\/es\/product\/asrock-b460m-pro4\/\"]}]},{\"@type\":\"ImageObject\",\"inLanguage\":\"fr-FR\",\"@id\":\"https:\/\/osaka.ma\/es\/product\/asrock-b460m-pro4\/#primaryimage\",\"url\":\"https:\/\/osaka.ma\/wp-content\/uploads\/2024\/01\/ASRock-B460M-Pro4-1-1.jpg\",\"contentUrl\":\"https:\/\/osaka.ma\/wp-content\/uploads\/2024\/01\/ASRock-B460M-Pro4-1-1.jpg\",\"width\":1600,\"height\":1600,\"caption\":\"CARTES M\u00c8RES ASRock B460M Pro4\"},{\"@type\":\"BreadcrumbList\",\"@id\":\"https:\/\/osaka.ma\/es\/product\/asrock-b460m-pro4\/#breadcrumb\",\"itemListElement\":[{\"@type\":\"ListItem\",\"position\":1,\"name\":\"Home\",\"item\":\"https:\/\/osaka.ma\/\"},{\"@type\":\"ListItem\",\"position\":2,\"name\":\"Shop\",\"item\":\"https:\/\/osaka.ma\/shop-2\/\"},{\"@type\":\"ListItem\",\"position\":3,\"name\":\"ASRock B460M Pro4\"}]},{\"@type\":\"WebSite\",\"@id\":\"https:\/\/osaka.ma\/#website\",\"url\":\"https:\/\/osaka.ma\/\",\"name\":\"Osaka\",\"description\":\"\",\"publisher\":{\"@id\":\"https:\/\/osaka.ma\/#organization\"},\"potentialAction\":[{\"@type\":\"SearchAction\",\"target\":{\"@type\":\"EntryPoint\",\"urlTemplate\":\"https:\/\/osaka.ma\/?s={search_term_string}\"},\"query-input\":{\"@type\":\"PropertyValueSpecification\",\"valueRequired\":true,\"valueName\":\"search_term_string\"}}],\"inLanguage\":\"fr-FR\"},{\"@type\":\"Organization\",\"@id\":\"https:\/\/osaka.ma\/#organization\",\"name\":\"Osaka\",\"url\":\"https:\/\/osaka.ma\/\",\"logo\":{\"@type\":\"ImageObject\",\"inLanguage\":\"fr-FR\",\"@id\":\"https:\/\/osaka.ma\/#\/schema\/logo\/image\/\",\"url\":\"https:\/\/osaka.ma\/wp-content\/uploads\/2026\/01\/model-slogan-logo-2Plan-de-travail-1dksl-plus-finnn.png\",\"contentUrl\":\"https:\/\/osaka.ma\/wp-content\/uploads\/2026\/01\/model-slogan-logo-2Plan-de-travail-1dksl-plus-finnn.png\",\"width\":842,\"height\":226,\"caption\":\"Osaka\"},\"image\":{\"@id\":\"https:\/\/osaka.ma\/#\/schema\/logo\/image\/\"}}]}<\/script>\n<!-- \/ Yoast SEO plugin. -->","yoast_head_json":{"title":"Carte m\u00e8re ASRock B460M Pro4 - Osaka","robots":{"index":"index","follow":"follow","max-snippet":"max-snippet:-1","max-image-preview":"max-image-preview:large","max-video-preview":"max-video-preview:-1"},"canonical":"https:\/\/osaka.ma\/es\/product\/asrock-b460m-pro4\/","og_locale":"fr_FR","og_type":"article","og_title":"ASRock B460M Pro4 - Osaka","og_url":"https:\/\/osaka.ma\/es\/product\/asrock-b460m-pro4\/","og_site_name":"Osaka","article_modified_time":"2025-04-08T18:02:18+00:00","og_image":[{"width":1600,"height":1600,"url":"https:\/\/osaka.ma\/wp-content\/uploads\/2024\/01\/ASRock-B460M-Pro4-1-1.jpg","type":"image\/jpeg"}],"twitter_card":"summary_large_image","twitter_misc":{"Dur\u00e9e de lecture estim\u00e9e":"2 minutes"},"schema":{"@context":"https:\/\/schema.org","@graph":[{"@type":"WebPage","@id":"https:\/\/osaka.ma\/es\/product\/asrock-b460m-pro4\/","url":"https:\/\/osaka.ma\/es\/product\/asrock-b460m-pro4\/","name":"Carte m\u00e8re ASRock B460M Pro4 - Osaka","isPartOf":{"@id":"https:\/\/osaka.ma\/#website"},"primaryImageOfPage":{"@id":"https:\/\/osaka.ma\/es\/product\/asrock-b460m-pro4\/#primaryimage"},"image":{"@id":"https:\/\/osaka.ma\/es\/product\/asrock-b460m-pro4\/#primaryimage"},"thumbnailUrl":"https:\/\/osaka.ma\/wp-content\/uploads\/2024\/01\/ASRock-B460M-Pro4-1-1.jpg","datePublished":"2024-01-11T13:44:59+00:00","dateModified":"2025-04-08T18:02:18+00:00","breadcrumb":{"@id":"https:\/\/osaka.ma\/es\/product\/asrock-b460m-pro4\/#breadcrumb"},"inLanguage":"fr-FR","potentialAction":[{"@type":"ReadAction","target":["https:\/\/osaka.ma\/es\/product\/asrock-b460m-pro4\/"]}]},{"@type":"ImageObject","inLanguage":"fr-FR","@id":"https:\/\/osaka.ma\/es\/product\/asrock-b460m-pro4\/#primaryimage","url":"https:\/\/osaka.ma\/wp-content\/uploads\/2024\/01\/ASRock-B460M-Pro4-1-1.jpg","contentUrl":"https:\/\/osaka.ma\/wp-content\/uploads\/2024\/01\/ASRock-B460M-Pro4-1-1.jpg","width":1600,"height":1600,"caption":"CARTES M\u00c8RES ASRock B460M Pro4"},{"@type":"BreadcrumbList","@id":"https:\/\/osaka.ma\/es\/product\/asrock-b460m-pro4\/#breadcrumb","itemListElement":[{"@type":"ListItem","position":1,"name":"Home","item":"https:\/\/osaka.ma\/"},{"@type":"ListItem","position":2,"name":"Shop","item":"https:\/\/osaka.ma\/shop-2\/"},{"@type":"ListItem","position":3,"name":"ASRock B460M Pro4"}]},{"@type":"WebSite","@id":"https:\/\/osaka.ma\/#website","url":"https:\/\/osaka.ma\/","name":"Osaka","description":"","publisher":{"@id":"https:\/\/osaka.ma\/#organization"},"potentialAction":[{"@type":"SearchAction","target":{"@type":"EntryPoint","urlTemplate":"https:\/\/osaka.ma\/?s={search_term_string}"},"query-input":{"@type":"PropertyValueSpecification","valueRequired":true,"valueName":"search_term_string"}}],"inLanguage":"fr-FR"},{"@type":"Organization","@id":"https:\/\/osaka.ma\/#organization","name":"Osaka","url":"https:\/\/osaka.ma\/","logo":{"@type":"ImageObject","inLanguage":"fr-FR","@id":"https:\/\/osaka.ma\/#\/schema\/logo\/image\/","url":"https:\/\/osaka.ma\/wp-content\/uploads\/2026\/01\/model-slogan-logo-2Plan-de-travail-1dksl-plus-finnn.png","contentUrl":"https:\/\/osaka.ma\/wp-content\/uploads\/2026\/01\/model-slogan-logo-2Plan-de-travail-1dksl-plus-finnn.png","width":842,"height":226,"caption":"Osaka"},"image":{"@id":"https:\/\/osaka.ma\/#\/schema\/logo\/image\/"}}]}},"jetpack_sharing_enabled":true,"brands":[],"_links":{"self":[{"href":"https:\/\/osaka.ma\/fr\/wp-json\/wp\/v2\/product\/6913","targetHints":{"allow":["GET"]}}],"collection":[{"href":"https:\/\/osaka.ma\/fr\/wp-json\/wp\/v2\/product"}],"about":[{"href":"https:\/\/osaka.ma\/fr\/wp-json\/wp\/v2\/types\/product"}],"version-history":[{"count":0,"href":"https:\/\/osaka.ma\/fr\/wp-json\/wp\/v2\/product\/6913\/revisions"}],"wp:featuredmedia":[{"embeddable":true,"href":"https:\/\/osaka.ma\/fr\/wp-json\/wp\/v2\/media\/1006917"}],"wp:attachment":[{"href":"https:\/\/osaka.ma\/fr\/wp-json\/wp\/v2\/media?parent=6913"}],"wp:term":[{"taxonomy":"pwb-brand","embeddable":true,"href":"https:\/\/osaka.ma\/fr\/wp-json\/wp\/v2\/pwb-brand?post=6913"},{"taxonomy":"product_brand","embeddable":true,"href":"https:\/\/osaka.ma\/fr\/wp-json\/wp\/v2\/product_brand?post=6913"},{"taxonomy":"product_cat","embeddable":true,"href":"https:\/\/osaka.ma\/fr\/wp-json\/wp\/v2\/product_cat?post=6913"},{"taxonomy":"product_tag","embeddable":true,"href":"https:\/\/osaka.ma\/fr\/wp-json\/wp\/v2\/product_tag?post=6913"},{"taxonomy":"pcb_component_type","embeddable":true,"href":"https:\/\/osaka.ma\/fr\/wp-json\/wp\/v2\/pcb_component_type?post=6913"}],"curies":[{"name":"wp","href":"https:\/\/api.w.org\/{rel}","templated":true}]}}