{"id":6940,"date":"2024-01-11T15:05:04","date_gmt":"2024-01-11T15:05:04","guid":{"rendered":"https:\/\/osaka.ma\/?post_type=product&#038;p=6940"},"modified":"2025-04-08T17:48:13","modified_gmt":"2025-04-08T17:48:13","slug":"asus-rog-strix-z490-a-gaming","status":"publish","type":"product","link":"https:\/\/osaka.ma\/fr\/product\/asus-rog-strix-z490-a-gaming\/","title":{"rendered":"ASUS ROG STRIX Z490-A GAMING"},"content":{"rendered":"<div class=\"logo\"><img decoding=\"async\" src=\"https:\/\/media.ldlc.com\/v3\/marque\/bo\/00\/05\/62\/42\/V30005624251_2.jpg\" alt=\"ASUS\" \/><\/div>\n<div id=\"description\" class=\"description\">\n<div class=\"details-pdt-desc\">\n<h2 class=\"h2-master\">Carte m\u00e8re ROG STRIX Gaming ou le jeu dans toute sa splendeur<\/h2>\n<section>Les\u00a0<strong>cartes m\u00e8res ASUS ROG Strix\u00a0<\/strong>sont pens\u00e9es et con\u00e7ues pour les Gamers tr\u00e8s exigeants \u00e0 la recherche de performances et de fiabilit\u00e9 \u00e0 long terme. Elles permettent de tirer parti du meilleur de leurs composants gr\u00e2ce \u00e0 une conception unique faite de mat\u00e9riaux robustes et d&#8217;utilitaires exclusifs. Elles int\u00e8grent des fonctionnalit\u00e9s de jeu et associent les avantages des nouveaux processeurs Intel avec le design et les caract\u00e9ristiques embl\u00e9matiques d&#8217;ASUS.La\u00a0<strong>carte m\u00e8re ASUS ROG STRIX Z490-A GAMING\u00a0<\/strong>est con\u00e7ue pour accueillir les\u00a0<strong>processeurs Intel de 10\u00e8me g\u00e9n\u00e9ration Comet Lake-S\u00a0<\/strong>sur<strong>\u00a0socket LGA 1200<\/strong>. Elle permettra l&#8217;assemblage d&#8217;une configuration gaming surpuissante au look unique. Gaming, Streaming, multit\u00e2che intensif, cr\u00e9ation multim\u00e9dia, c&#8217;est la solution id\u00e9ale pour concevoir un\u00a0<strong>PC haut de gamme ultra-performant<\/strong>. Elle prend en outre en charge la<strong>\u00a0RAM DDR4<\/strong>, les\u00a0<strong>cartes graphiques PCI-Express 3.0 16x<\/strong>, les\u00a0<strong>disques SATA 6 Gb\/s<\/strong>\u00a0et\u00a0<strong>M.2 PCI-E NVMe<\/strong>\u00a0et les\u00a0<strong>p\u00e9riph\u00e9riques USB 3.0\u00a0<\/strong>et\u00a0<strong>USB 3.1<\/strong>.<\/section>\n<section>\n<div class=\"desc-image\"><\/div>\n<div class=\"desc-text\">\n<h2>ASUS ROG STRIX Z490-A GAMING<\/h2>\n<ul>\n<li>Support des processeurs Intel Core de 10\u00e8me g\u00e9n\u00e9ration sur socket LGA 1200<\/li>\n<li>Support de la m\u00e9moire DDR4, jusqu&#8217;\u00e0 4600 MHz (OC)<\/li>\n<li>Alimentation optimis\u00e9e : 12+2 phases d\u2019alimentation, connecteurs ProCool II, bobines en alliage sp\u00e9cial et condensateurs durables capables de supporter les processeurs multi-c\u0153urs<\/li>\n<li>R\u00e9seau performant : socket M.2 pour carte Wi-Fi (non fournie), Ethernet Intel 2.5 GbE avec protection anti-surtension LANGuard<\/li>\n<li>Connectivit\u00e9 gaming : HDMI 1.4, DisplayPort 1.4, double M.2 et connecteurs USB 3.1 Type-A et Type-C<\/li>\n<li>Intelligence artificielle : technologies AI Overclocking, AI Cooling et AI Networking pour une configuration simplifi\u00e9e de votre syst\u00e8me<\/li>\n<li>Design modulable : protection E\/S pr\u00e9mont\u00e9e, BIOS Flashback, Q-LED et FlexKey<\/li>\n<li>Personnalisation avanc\u00e9e : \u00e9clairage RGB Aura Sync, connecteurs RGB et connecteur adressable<\/li>\n<li>Audio qualit\u00e9 gaming : syst\u00e8me audio haute-fid\u00e9lit\u00e9 avec SupremeFX S1220A, DTS Sound Unbound et Sonic Studio III pour une meilleure immersion en jeu<\/li>\n<\/ul>\n<\/div>\n<\/section>\n<section>\n<div class=\"desc-text\">\n<h2>PROCESSEUR INTEL CORE 10\u00c8ME G\u00c9N\u00c9RATION<\/h2>\n<p>Performances de haute vol\u00e9e dans les Jeux, r\u00e9alit\u00e9 virtuelle sans ralentissement, multit\u00e2che intensif, les\u00a0<strong>processeurs Intel Core de 10\u00e8me g\u00e9n\u00e9ration sont ultra polyvalents et \u00e0 l&#8217;aise dans toutes les situations<\/strong>. Les\u00a0<strong>processeurs Intel Comet Lake-S<\/strong>\u00a0proposent des performances \u00e9blouissantes avec des fr\u00e9quences de base \u00e9lev\u00e9es, encore plus de<strong>\u00a0Coeurs et de threads<\/strong>\u00a0et\u00a0<strong>un cache de haut niveau<\/strong>. Leurs\u00a0<strong>TDP mod\u00e9r\u00e9s<\/strong>\u00a0permettent d&#8217;offrir des fr\u00e9quences de fonctionnement \u00e9lev\u00e9es tout en gadant une consommation \u00e9lectrique maitris\u00e9e.<\/p>\n<\/div>\n<div class=\"desc-image\"><img decoding=\"async\" src=\"https:\/\/media.ldlc.com\/bo\/images\/fiches\/processeur\/intel\/comet_lake_s\/800_1_non_k.jpg\" alt=\"\" \/><\/div>\n<\/section>\n<\/div>\n<\/div>\n","protected":false},"excerpt":{"rendered":"<h2 class=\"OverViewBanner__overBannerTextTitle__Kd9SB\"><strong>ROG STRIX Z490-A GAMING<\/strong><\/h2>\n<h5 class=\"OverViewBanner__overBannerTextSub__8v7iu\"><strong>ROG STRIX Z490-A GAMING \u2013 Carte m\u00e8re gaming (Intel<sup>\u00ae<\/sup>\u00a0Z490 LGA 1200) au format ATX avec 14 phases d\u2019alimentation, AI Overclocking, AI Cooling, AI Networking, Ethernet Intel<sup>\u00ae<\/sup>\u00a02.5 Gb, USB 3.2 G\u00e9n.2, SATA et \u00e9clairage RGB Aura Sync<\/strong><\/h5>\n","protected":false},"featured_media":1006942,"template":"","meta":{"_acf_changed":false},"pwb-brand":[],"product_brand":[],"product_cat":[84,17,100],"product_tag":[],"pcb_component_type":[],"class_list":{"0":"post-6940","1":"product","2":"type-product","3":"status-publish","4":"has-post-thumbnail","6":"product_cat-carte-mere","7":"product_cat-composants-gaming","8":"product_cat-intel-carte-mere-composants-gaming-9","10":"first","11":"outofstock","12":"shipping-taxable","13":"product-type-simple"},"translation":{"provider":"WPGlobus","version":"3.0.2","language":"fr","enabled_languages":["en","es","de","fr","ru"],"languages":{"en":{"title":true,"content":true,"excerpt":true},"es":{"title":false,"content":false,"excerpt":false},"de":{"title":false,"content":false,"excerpt":false},"fr":{"title":false,"content":false,"excerpt":false},"ru":{"title":false,"content":false,"excerpt":false}}},"acf":[],"yoast_head":"<!-- This site is optimized with the Yoast SEO plugin v27.2 - https:\/\/yoast.com\/product\/yoast-seo-wordpress\/ -->\n<title>ASUS ROG STRIX Z490-A GAMING - Osaka<\/title>\n<meta name=\"robots\" content=\"index, follow, max-snippet:-1, max-image-preview:large, max-video-preview:-1\" \/>\n<link rel=\"canonical\" href=\"https:\/\/osaka.ma\/product\/asus-rog-strix-z490-a-gaming\/\" \/>\n<meta property=\"og:locale\" content=\"fr_FR\" \/>\n<meta property=\"og:type\" content=\"article\" \/>\n<meta property=\"og:title\" content=\"ASUS ROG STRIX Z490-A GAMING - Osaka\" \/>\n<meta property=\"og:url\" content=\"https:\/\/osaka.ma\/product\/asus-rog-strix-z490-a-gaming\/\" \/>\n<meta property=\"og:site_name\" content=\"Osaka\" \/>\n<meta property=\"article:modified_time\" content=\"2025-04-08T17:48:13+00:00\" \/>\n<meta property=\"og:image\" content=\"https:\/\/osaka.ma\/wp-content\/uploads\/2024\/01\/ASUS-ROG-STRIX-Z490-A-GAMING-2.jpg\" \/>\n\t<meta property=\"og:image:width\" content=\"1600\" \/>\n\t<meta property=\"og:image:height\" content=\"1600\" \/>\n\t<meta property=\"og:image:type\" content=\"image\/jpeg\" \/>\n<meta name=\"twitter:card\" content=\"summary_large_image\" \/>\n<meta name=\"twitter:label1\" content=\"Dur\u00e9e de lecture estim\u00e9e\" \/>\n\t<meta name=\"twitter:data1\" content=\"3 minutes\" \/>\n<script type=\"application\/ld+json\" class=\"yoast-schema-graph\">{\"@context\":\"https:\/\/schema.org\",\"@graph\":[{\"@type\":\"WebPage\",\"@id\":\"https:\/\/osaka.ma\/product\/asus-rog-strix-z490-a-gaming\/\",\"url\":\"https:\/\/osaka.ma\/product\/asus-rog-strix-z490-a-gaming\/\",\"name\":\"ASUS ROG STRIX Z490-A GAMING - Osaka\",\"isPartOf\":{\"@id\":\"https:\/\/osaka.ma\/#website\"},\"primaryImageOfPage\":{\"@id\":\"https:\/\/osaka.ma\/product\/asus-rog-strix-z490-a-gaming\/#primaryimage\"},\"image\":{\"@id\":\"https:\/\/osaka.ma\/product\/asus-rog-strix-z490-a-gaming\/#primaryimage\"},\"thumbnailUrl\":\"https:\/\/osaka.ma\/wp-content\/uploads\/2024\/01\/ASUS-ROG-STRIX-Z490-A-GAMING-2.jpg\",\"datePublished\":\"2024-01-11T15:05:04+00:00\",\"dateModified\":\"2025-04-08T17:48:13+00:00\",\"breadcrumb\":{\"@id\":\"https:\/\/osaka.ma\/product\/asus-rog-strix-z490-a-gaming\/#breadcrumb\"},\"inLanguage\":\"fr-FR\",\"potentialAction\":[{\"@type\":\"ReadAction\",\"target\":[\"https:\/\/osaka.ma\/product\/asus-rog-strix-z490-a-gaming\/\"]}]},{\"@type\":\"ImageObject\",\"inLanguage\":\"fr-FR\",\"@id\":\"https:\/\/osaka.ma\/product\/asus-rog-strix-z490-a-gaming\/#primaryimage\",\"url\":\"https:\/\/osaka.ma\/wp-content\/uploads\/2024\/01\/ASUS-ROG-STRIX-Z490-A-GAMING-2.jpg\",\"contentUrl\":\"https:\/\/osaka.ma\/wp-content\/uploads\/2024\/01\/ASUS-ROG-STRIX-Z490-A-GAMING-2.jpg\",\"width\":1600,\"height\":1600},{\"@type\":\"BreadcrumbList\",\"@id\":\"https:\/\/osaka.ma\/product\/asus-rog-strix-z490-a-gaming\/#breadcrumb\",\"itemListElement\":[{\"@type\":\"ListItem\",\"position\":1,\"name\":\"Home\",\"item\":\"https:\/\/osaka.ma\/\"},{\"@type\":\"ListItem\",\"position\":2,\"name\":\"Shop\",\"item\":\"https:\/\/osaka.ma\/shop-2\/\"},{\"@type\":\"ListItem\",\"position\":3,\"name\":\"ASUS ROG STRIX Z490-A GAMING\"}]},{\"@type\":\"WebSite\",\"@id\":\"https:\/\/osaka.ma\/#website\",\"url\":\"https:\/\/osaka.ma\/\",\"name\":\"Osaka\",\"description\":\"\",\"publisher\":{\"@id\":\"https:\/\/osaka.ma\/#organization\"},\"potentialAction\":[{\"@type\":\"SearchAction\",\"target\":{\"@type\":\"EntryPoint\",\"urlTemplate\":\"https:\/\/osaka.ma\/?s={search_term_string}\"},\"query-input\":{\"@type\":\"PropertyValueSpecification\",\"valueRequired\":true,\"valueName\":\"search_term_string\"}}],\"inLanguage\":\"fr-FR\"},{\"@type\":\"Organization\",\"@id\":\"https:\/\/osaka.ma\/#organization\",\"name\":\"Osaka\",\"url\":\"https:\/\/osaka.ma\/\",\"logo\":{\"@type\":\"ImageObject\",\"inLanguage\":\"fr-FR\",\"@id\":\"https:\/\/osaka.ma\/#\/schema\/logo\/image\/\",\"url\":\"https:\/\/osaka.ma\/wp-content\/uploads\/2026\/01\/model-slogan-logo-2Plan-de-travail-1dksl-plus-finnn.png\",\"contentUrl\":\"https:\/\/osaka.ma\/wp-content\/uploads\/2026\/01\/model-slogan-logo-2Plan-de-travail-1dksl-plus-finnn.png\",\"width\":842,\"height\":226,\"caption\":\"Osaka\"},\"image\":{\"@id\":\"https:\/\/osaka.ma\/#\/schema\/logo\/image\/\"}}]}<\/script>\n<!-- \/ Yoast SEO plugin. -->","yoast_head_json":{"title":"ASUS ROG STRIX Z490-A GAMING - Osaka","robots":{"index":"index","follow":"follow","max-snippet":"max-snippet:-1","max-image-preview":"max-image-preview:large","max-video-preview":"max-video-preview:-1"},"canonical":"https:\/\/osaka.ma\/product\/asus-rog-strix-z490-a-gaming\/","og_locale":"fr_FR","og_type":"article","og_title":"ASUS ROG STRIX Z490-A GAMING - Osaka","og_url":"https:\/\/osaka.ma\/product\/asus-rog-strix-z490-a-gaming\/","og_site_name":"Osaka","article_modified_time":"2025-04-08T17:48:13+00:00","og_image":[{"width":1600,"height":1600,"url":"https:\/\/osaka.ma\/wp-content\/uploads\/2024\/01\/ASUS-ROG-STRIX-Z490-A-GAMING-2.jpg","type":"image\/jpeg"}],"twitter_card":"summary_large_image","twitter_misc":{"Dur\u00e9e de lecture estim\u00e9e":"3 minutes"},"schema":{"@context":"https:\/\/schema.org","@graph":[{"@type":"WebPage","@id":"https:\/\/osaka.ma\/product\/asus-rog-strix-z490-a-gaming\/","url":"https:\/\/osaka.ma\/product\/asus-rog-strix-z490-a-gaming\/","name":"ASUS ROG STRIX Z490-A GAMING - Osaka","isPartOf":{"@id":"https:\/\/osaka.ma\/#website"},"primaryImageOfPage":{"@id":"https:\/\/osaka.ma\/product\/asus-rog-strix-z490-a-gaming\/#primaryimage"},"image":{"@id":"https:\/\/osaka.ma\/product\/asus-rog-strix-z490-a-gaming\/#primaryimage"},"thumbnailUrl":"https:\/\/osaka.ma\/wp-content\/uploads\/2024\/01\/ASUS-ROG-STRIX-Z490-A-GAMING-2.jpg","datePublished":"2024-01-11T15:05:04+00:00","dateModified":"2025-04-08T17:48:13+00:00","breadcrumb":{"@id":"https:\/\/osaka.ma\/product\/asus-rog-strix-z490-a-gaming\/#breadcrumb"},"inLanguage":"fr-FR","potentialAction":[{"@type":"ReadAction","target":["https:\/\/osaka.ma\/product\/asus-rog-strix-z490-a-gaming\/"]}]},{"@type":"ImageObject","inLanguage":"fr-FR","@id":"https:\/\/osaka.ma\/product\/asus-rog-strix-z490-a-gaming\/#primaryimage","url":"https:\/\/osaka.ma\/wp-content\/uploads\/2024\/01\/ASUS-ROG-STRIX-Z490-A-GAMING-2.jpg","contentUrl":"https:\/\/osaka.ma\/wp-content\/uploads\/2024\/01\/ASUS-ROG-STRIX-Z490-A-GAMING-2.jpg","width":1600,"height":1600},{"@type":"BreadcrumbList","@id":"https:\/\/osaka.ma\/product\/asus-rog-strix-z490-a-gaming\/#breadcrumb","itemListElement":[{"@type":"ListItem","position":1,"name":"Home","item":"https:\/\/osaka.ma\/"},{"@type":"ListItem","position":2,"name":"Shop","item":"https:\/\/osaka.ma\/shop-2\/"},{"@type":"ListItem","position":3,"name":"ASUS ROG STRIX Z490-A GAMING"}]},{"@type":"WebSite","@id":"https:\/\/osaka.ma\/#website","url":"https:\/\/osaka.ma\/","name":"Osaka","description":"","publisher":{"@id":"https:\/\/osaka.ma\/#organization"},"potentialAction":[{"@type":"SearchAction","target":{"@type":"EntryPoint","urlTemplate":"https:\/\/osaka.ma\/?s={search_term_string}"},"query-input":{"@type":"PropertyValueSpecification","valueRequired":true,"valueName":"search_term_string"}}],"inLanguage":"fr-FR"},{"@type":"Organization","@id":"https:\/\/osaka.ma\/#organization","name":"Osaka","url":"https:\/\/osaka.ma\/","logo":{"@type":"ImageObject","inLanguage":"fr-FR","@id":"https:\/\/osaka.ma\/#\/schema\/logo\/image\/","url":"https:\/\/osaka.ma\/wp-content\/uploads\/2026\/01\/model-slogan-logo-2Plan-de-travail-1dksl-plus-finnn.png","contentUrl":"https:\/\/osaka.ma\/wp-content\/uploads\/2026\/01\/model-slogan-logo-2Plan-de-travail-1dksl-plus-finnn.png","width":842,"height":226,"caption":"Osaka"},"image":{"@id":"https:\/\/osaka.ma\/#\/schema\/logo\/image\/"}}]}},"jetpack_sharing_enabled":true,"brands":[],"_links":{"self":[{"href":"https:\/\/osaka.ma\/fr\/wp-json\/wp\/v2\/product\/6940","targetHints":{"allow":["GET"]}}],"collection":[{"href":"https:\/\/osaka.ma\/fr\/wp-json\/wp\/v2\/product"}],"about":[{"href":"https:\/\/osaka.ma\/fr\/wp-json\/wp\/v2\/types\/product"}],"version-history":[{"count":0,"href":"https:\/\/osaka.ma\/fr\/wp-json\/wp\/v2\/product\/6940\/revisions"}],"wp:featuredmedia":[{"embeddable":true,"href":"https:\/\/osaka.ma\/fr\/wp-json\/wp\/v2\/media\/1006942"}],"wp:attachment":[{"href":"https:\/\/osaka.ma\/fr\/wp-json\/wp\/v2\/media?parent=6940"}],"wp:term":[{"taxonomy":"pwb-brand","embeddable":true,"href":"https:\/\/osaka.ma\/fr\/wp-json\/wp\/v2\/pwb-brand?post=6940"},{"taxonomy":"product_brand","embeddable":true,"href":"https:\/\/osaka.ma\/fr\/wp-json\/wp\/v2\/product_brand?post=6940"},{"taxonomy":"product_cat","embeddable":true,"href":"https:\/\/osaka.ma\/fr\/wp-json\/wp\/v2\/product_cat?post=6940"},{"taxonomy":"product_tag","embeddable":true,"href":"https:\/\/osaka.ma\/fr\/wp-json\/wp\/v2\/product_tag?post=6940"},{"taxonomy":"pcb_component_type","embeddable":true,"href":"https:\/\/osaka.ma\/fr\/wp-json\/wp\/v2\/pcb_component_type?post=6940"}],"curies":[{"name":"wp","href":"https:\/\/api.w.org\/{rel}","templated":true}]}}