{"id":7176,"date":"2024-01-19T14:30:56","date_gmt":"2024-01-19T14:30:56","guid":{"rendered":"https:\/\/osaka.ma\/?post_type=product&#038;p=7176"},"modified":"2024-12-31T17:41:39","modified_gmt":"2024-12-31T17:41:39","slug":"netis-maratus-red-switch","status":"publish","type":"product","link":"https:\/\/osaka.ma\/fr\/product\/netis-maratus-red-switch\/","title":{"rendered":"NETIS MARATUS RED SWITCH"},"content":{"rendered":"<div class=\"main-product-bottom md-bottom\">\n<div class=\"product-normal-layout\">\n<div class=\"block md-bottom product-description-block \">\n<div class=\"block-content box-bg\">\n<div class=\"product-description typo\">\n<p>Clavier De Jeu M\u00e9canique Filaire Netis MARATUS Red switch<\/p>\n<p>Disposant d\u2019un \u00e9quipement complet, le NETIS MARATUS vous apportera toute la puissance n\u00e9cessaire pour surclasser vos adversaires. Int\u00e9grant les toutes nouvelles touches Red switch Cherry MX, ces derni\u00e8res offrent plus de r\u00e9activit\u00e9 afin de vous donner un avantage certain.<\/p>\n<p>Clavier gamer filaire 104 touches<\/p>\n<p>Touches m\u00e9caniques \u00e0 switches Rouge<\/p>\n<p>Dur\u00e9e de vie de 60 millions de frappes<\/p>\n<p>Touches enti\u00e8rement programmables<\/p>\n<p>R\u00e9tro\u00e9clairage multicolore arc-en-ciel personnalisable<\/p>\n<p>N-Key rollover<\/p>\n<p>Touches multim\u00e9dia<\/p>\n<p>mode veille intelligent<\/p>\n<p>&nbsp;<\/p>\n<p><img fetchpriority=\"high\" decoding=\"async\" class=\"aligncenter size-full wp-image-8006 ls-is-cached lazyloaded\" src=\"https:\/\/sp-ao.shortpixel.ai\/client\/to_auto,q_glossy,ret_img,w_970,h_600\/https:\/\/sou9k.ma\/wp-content\/uploads\/2021\/12\/1.jpg\" alt=\"\" width=\"970\" height=\"600\" \/><img decoding=\"async\" class=\"aligncenter size-full wp-image-8007 lazyloaded\" src=\"https:\/\/sp-ao.shortpixel.ai\/client\/to_auto,q_glossy,ret_img,w_970,h_300\/https:\/\/sou9k.ma\/wp-content\/uploads\/2021\/12\/2.jpg\" alt=\"\" width=\"970\" height=\"300\" \/><img decoding=\"async\" class=\"aligncenter size-full wp-image-8008 lazyloaded\" src=\"https:\/\/sp-ao.shortpixel.ai\/client\/to_auto,q_glossy,ret_img,w_970,h_600\/https:\/\/sou9k.ma\/wp-content\/uploads\/2021\/12\/3-1.jpg\" alt=\"\" width=\"970\" height=\"600\" \/><img loading=\"lazy\" decoding=\"async\" class=\"aligncenter wp-image-8009 lazyloaded\" src=\"https:\/\/sp-ao.shortpixel.ai\/client\/to_auto,q_glossy,ret_img,w_970,h_544\/https:\/\/sou9k.ma\/wp-content\/uploads\/2021\/12\/switch.jpg\" alt=\"\" width=\"970\" height=\"544\" \/><\/p>\n<\/div>\n<\/div>\n<\/div>\n<\/div>\n<\/div>\n<div class=\"block md-bottom module-product-comments-list\"><\/div>\n","protected":false},"excerpt":{"rendered":"<p>Clavier gamer filaire 104 touches<\/p>\n<p>Touches m\u00e9caniques \u00e0 switches Rouge<\/p>\n<p>Dur\u00e9e de vie de 60 millions de frappes<\/p>\n<p>Touches enti\u00e8rement programmables<\/p>\n<p>R\u00e9tro\u00e9clairage multicolore arc-en-ciel personnalisable<\/p>\n<p>N-Key rollover<\/p>\n<p>Touches multim\u00e9dia<\/p>\n<p>mode veille intelligent<\/p>\n","protected":false},"featured_media":1007177,"template":"","meta":{"_acf_changed":false},"pwb-brand":[],"product_brand":[],"product_cat":[31,34],"product_tag":[],"pcb_component_type":[],"class_list":{"0":"post-7176","1":"product","2":"type-product","3":"status-publish","4":"has-post-thumbnail","6":"product_cat-accessoires","7":"product_cat-claviers","9":"first","10":"outofstock","11":"shipping-taxable","12":"product-type-simple"},"translation":{"provider":"WPGlobus","version":"3.0.2","language":"fr","enabled_languages":["en","es","de","fr","ru"],"languages":{"en":{"title":true,"content":true,"excerpt":true},"es":{"title":false,"content":false,"excerpt":false},"de":{"title":false,"content":false,"excerpt":false},"fr":{"title":false,"content":false,"excerpt":false},"ru":{"title":false,"content":false,"excerpt":false}}},"acf":[],"yoast_head":"<!-- This site is optimized with the Yoast SEO plugin v27.2 - https:\/\/yoast.com\/product\/yoast-seo-wordpress\/ -->\n<title>NETIS MARATUS RED SWITCH - Osaka<\/title>\n<meta name=\"robots\" content=\"index, follow, max-snippet:-1, max-image-preview:large, max-video-preview:-1\" \/>\n<link rel=\"canonical\" href=\"https:\/\/osaka.ma\/de\/product\/netis-maratus-red-switch\/\" \/>\n<meta property=\"og:locale\" content=\"fr_FR\" \/>\n<meta property=\"og:type\" content=\"article\" \/>\n<meta property=\"og:title\" content=\"NETIS MARATUS RED SWITCH - Osaka\" \/>\n<meta property=\"og:url\" content=\"https:\/\/osaka.ma\/de\/product\/netis-maratus-red-switch\/\" \/>\n<meta property=\"og:site_name\" content=\"Osaka\" \/>\n<meta property=\"article:modified_time\" content=\"2024-12-31T17:41:39+00:00\" \/>\n<meta property=\"og:image\" content=\"https:\/\/osaka.ma\/wp-content\/uploads\/2024\/01\/NETIS-MARATUS-RED-SWITCH.jpg\" \/>\n\t<meta property=\"og:image:width\" content=\"455\" \/>\n\t<meta property=\"og:image:height\" content=\"455\" \/>\n\t<meta property=\"og:image:type\" content=\"image\/jpeg\" \/>\n<meta name=\"twitter:card\" content=\"summary_large_image\" \/>\n<script type=\"application\/ld+json\" class=\"yoast-schema-graph\">{\"@context\":\"https:\/\/schema.org\",\"@graph\":[{\"@type\":\"WebPage\",\"@id\":\"https:\/\/osaka.ma\/de\/product\/netis-maratus-red-switch\/\",\"url\":\"https:\/\/osaka.ma\/de\/product\/netis-maratus-red-switch\/\",\"name\":\"NETIS MARATUS RED SWITCH - Osaka\",\"isPartOf\":{\"@id\":\"https:\/\/osaka.ma\/#website\"},\"primaryImageOfPage\":{\"@id\":\"https:\/\/osaka.ma\/de\/product\/netis-maratus-red-switch\/#primaryimage\"},\"image\":{\"@id\":\"https:\/\/osaka.ma\/de\/product\/netis-maratus-red-switch\/#primaryimage\"},\"thumbnailUrl\":\"https:\/\/osaka.ma\/wp-content\/uploads\/2024\/01\/NETIS-MARATUS-RED-SWITCH.jpg\",\"datePublished\":\"2024-01-19T14:30:56+00:00\",\"dateModified\":\"2024-12-31T17:41:39+00:00\",\"breadcrumb\":{\"@id\":\"https:\/\/osaka.ma\/de\/product\/netis-maratus-red-switch\/#breadcrumb\"},\"inLanguage\":\"fr-FR\",\"potentialAction\":[{\"@type\":\"ReadAction\",\"target\":[\"https:\/\/osaka.ma\/de\/product\/netis-maratus-red-switch\/\"]}]},{\"@type\":\"ImageObject\",\"inLanguage\":\"fr-FR\",\"@id\":\"https:\/\/osaka.ma\/de\/product\/netis-maratus-red-switch\/#primaryimage\",\"url\":\"https:\/\/osaka.ma\/wp-content\/uploads\/2024\/01\/NETIS-MARATUS-RED-SWITCH.jpg\",\"contentUrl\":\"https:\/\/osaka.ma\/wp-content\/uploads\/2024\/01\/NETIS-MARATUS-RED-SWITCH.jpg\",\"width\":455,\"height\":455},{\"@type\":\"BreadcrumbList\",\"@id\":\"https:\/\/osaka.ma\/de\/product\/netis-maratus-red-switch\/#breadcrumb\",\"itemListElement\":[{\"@type\":\"ListItem\",\"position\":1,\"name\":\"Home\",\"item\":\"https:\/\/osaka.ma\/\"},{\"@type\":\"ListItem\",\"position\":2,\"name\":\"Shop\",\"item\":\"https:\/\/osaka.ma\/shop-2\/\"},{\"@type\":\"ListItem\",\"position\":3,\"name\":\"NETIS MARATUS RED SWITCH\"}]},{\"@type\":\"WebSite\",\"@id\":\"https:\/\/osaka.ma\/#website\",\"url\":\"https:\/\/osaka.ma\/\",\"name\":\"Osaka\",\"description\":\"\",\"publisher\":{\"@id\":\"https:\/\/osaka.ma\/#organization\"},\"potentialAction\":[{\"@type\":\"SearchAction\",\"target\":{\"@type\":\"EntryPoint\",\"urlTemplate\":\"https:\/\/osaka.ma\/?s={search_term_string}\"},\"query-input\":{\"@type\":\"PropertyValueSpecification\",\"valueRequired\":true,\"valueName\":\"search_term_string\"}}],\"inLanguage\":\"fr-FR\"},{\"@type\":\"Organization\",\"@id\":\"https:\/\/osaka.ma\/#organization\",\"name\":\"Osaka\",\"url\":\"https:\/\/osaka.ma\/\",\"logo\":{\"@type\":\"ImageObject\",\"inLanguage\":\"fr-FR\",\"@id\":\"https:\/\/osaka.ma\/#\/schema\/logo\/image\/\",\"url\":\"https:\/\/osaka.ma\/wp-content\/uploads\/2026\/01\/model-slogan-logo-2Plan-de-travail-1dksl-plus-finnn.png\",\"contentUrl\":\"https:\/\/osaka.ma\/wp-content\/uploads\/2026\/01\/model-slogan-logo-2Plan-de-travail-1dksl-plus-finnn.png\",\"width\":842,\"height\":226,\"caption\":\"Osaka\"},\"image\":{\"@id\":\"https:\/\/osaka.ma\/#\/schema\/logo\/image\/\"}}]}<\/script>\n<!-- \/ Yoast SEO plugin. -->","yoast_head_json":{"title":"NETIS MARATUS RED SWITCH - Osaka","robots":{"index":"index","follow":"follow","max-snippet":"max-snippet:-1","max-image-preview":"max-image-preview:large","max-video-preview":"max-video-preview:-1"},"canonical":"https:\/\/osaka.ma\/de\/product\/netis-maratus-red-switch\/","og_locale":"fr_FR","og_type":"article","og_title":"NETIS MARATUS RED SWITCH - Osaka","og_url":"https:\/\/osaka.ma\/de\/product\/netis-maratus-red-switch\/","og_site_name":"Osaka","article_modified_time":"2024-12-31T17:41:39+00:00","og_image":[{"width":455,"height":455,"url":"https:\/\/osaka.ma\/wp-content\/uploads\/2024\/01\/NETIS-MARATUS-RED-SWITCH.jpg","type":"image\/jpeg"}],"twitter_card":"summary_large_image","schema":{"@context":"https:\/\/schema.org","@graph":[{"@type":"WebPage","@id":"https:\/\/osaka.ma\/de\/product\/netis-maratus-red-switch\/","url":"https:\/\/osaka.ma\/de\/product\/netis-maratus-red-switch\/","name":"NETIS MARATUS RED SWITCH - Osaka","isPartOf":{"@id":"https:\/\/osaka.ma\/#website"},"primaryImageOfPage":{"@id":"https:\/\/osaka.ma\/de\/product\/netis-maratus-red-switch\/#primaryimage"},"image":{"@id":"https:\/\/osaka.ma\/de\/product\/netis-maratus-red-switch\/#primaryimage"},"thumbnailUrl":"https:\/\/osaka.ma\/wp-content\/uploads\/2024\/01\/NETIS-MARATUS-RED-SWITCH.jpg","datePublished":"2024-01-19T14:30:56+00:00","dateModified":"2024-12-31T17:41:39+00:00","breadcrumb":{"@id":"https:\/\/osaka.ma\/de\/product\/netis-maratus-red-switch\/#breadcrumb"},"inLanguage":"fr-FR","potentialAction":[{"@type":"ReadAction","target":["https:\/\/osaka.ma\/de\/product\/netis-maratus-red-switch\/"]}]},{"@type":"ImageObject","inLanguage":"fr-FR","@id":"https:\/\/osaka.ma\/de\/product\/netis-maratus-red-switch\/#primaryimage","url":"https:\/\/osaka.ma\/wp-content\/uploads\/2024\/01\/NETIS-MARATUS-RED-SWITCH.jpg","contentUrl":"https:\/\/osaka.ma\/wp-content\/uploads\/2024\/01\/NETIS-MARATUS-RED-SWITCH.jpg","width":455,"height":455},{"@type":"BreadcrumbList","@id":"https:\/\/osaka.ma\/de\/product\/netis-maratus-red-switch\/#breadcrumb","itemListElement":[{"@type":"ListItem","position":1,"name":"Home","item":"https:\/\/osaka.ma\/"},{"@type":"ListItem","position":2,"name":"Shop","item":"https:\/\/osaka.ma\/shop-2\/"},{"@type":"ListItem","position":3,"name":"NETIS MARATUS RED SWITCH"}]},{"@type":"WebSite","@id":"https:\/\/osaka.ma\/#website","url":"https:\/\/osaka.ma\/","name":"Osaka","description":"","publisher":{"@id":"https:\/\/osaka.ma\/#organization"},"potentialAction":[{"@type":"SearchAction","target":{"@type":"EntryPoint","urlTemplate":"https:\/\/osaka.ma\/?s={search_term_string}"},"query-input":{"@type":"PropertyValueSpecification","valueRequired":true,"valueName":"search_term_string"}}],"inLanguage":"fr-FR"},{"@type":"Organization","@id":"https:\/\/osaka.ma\/#organization","name":"Osaka","url":"https:\/\/osaka.ma\/","logo":{"@type":"ImageObject","inLanguage":"fr-FR","@id":"https:\/\/osaka.ma\/#\/schema\/logo\/image\/","url":"https:\/\/osaka.ma\/wp-content\/uploads\/2026\/01\/model-slogan-logo-2Plan-de-travail-1dksl-plus-finnn.png","contentUrl":"https:\/\/osaka.ma\/wp-content\/uploads\/2026\/01\/model-slogan-logo-2Plan-de-travail-1dksl-plus-finnn.png","width":842,"height":226,"caption":"Osaka"},"image":{"@id":"https:\/\/osaka.ma\/#\/schema\/logo\/image\/"}}]}},"jetpack_sharing_enabled":true,"brands":[],"_links":{"self":[{"href":"https:\/\/osaka.ma\/fr\/wp-json\/wp\/v2\/product\/7176","targetHints":{"allow":["GET"]}}],"collection":[{"href":"https:\/\/osaka.ma\/fr\/wp-json\/wp\/v2\/product"}],"about":[{"href":"https:\/\/osaka.ma\/fr\/wp-json\/wp\/v2\/types\/product"}],"version-history":[{"count":0,"href":"https:\/\/osaka.ma\/fr\/wp-json\/wp\/v2\/product\/7176\/revisions"}],"wp:featuredmedia":[{"embeddable":true,"href":"https:\/\/osaka.ma\/fr\/wp-json\/wp\/v2\/media\/1007177"}],"wp:attachment":[{"href":"https:\/\/osaka.ma\/fr\/wp-json\/wp\/v2\/media?parent=7176"}],"wp:term":[{"taxonomy":"pwb-brand","embeddable":true,"href":"https:\/\/osaka.ma\/fr\/wp-json\/wp\/v2\/pwb-brand?post=7176"},{"taxonomy":"product_brand","embeddable":true,"href":"https:\/\/osaka.ma\/fr\/wp-json\/wp\/v2\/product_brand?post=7176"},{"taxonomy":"product_cat","embeddable":true,"href":"https:\/\/osaka.ma\/fr\/wp-json\/wp\/v2\/product_cat?post=7176"},{"taxonomy":"product_tag","embeddable":true,"href":"https:\/\/osaka.ma\/fr\/wp-json\/wp\/v2\/product_tag?post=7176"},{"taxonomy":"pcb_component_type","embeddable":true,"href":"https:\/\/osaka.ma\/fr\/wp-json\/wp\/v2\/pcb_component_type?post=7176"}],"curies":[{"name":"wp","href":"https:\/\/api.w.org\/{rel}","templated":true}]}}