{"id":7609,"date":"2024-03-12T14:46:33","date_gmt":"2024-03-12T14:46:33","guid":{"rendered":"https:\/\/osaka.ma\/?post_type=product&#038;p=7609"},"modified":"2025-06-26T23:06:44","modified_gmt":"2025-06-26T23:06:44","slug":"intel-core-i7-12700k-3-6-ghz-5-0-ghz","status":"publish","type":"product","link":"https:\/\/osaka.ma\/fr\/product\/intel-core-i7-12700k-3-6-ghz-5-0-ghz\/","title":{"rendered":"Intel Core i7-12700K (3.6 GHz \/ 5.0 GHz)"},"content":{"rendered":"<div class=\"logo\"><img decoding=\"async\" src=\"https:\/\/media.ldlc.com\/v3\/marque\/bo\/00\/05\/72\/22\/V30005722262_2.jpg\" alt=\"Intel\" \/><\/div>\n<div id=\"description\" class=\"description\">\n<div class=\"details-pdt-desc\">\n<h2 class=\"h2-master\">Nouvelle architecture hybride pour des performances optimales<\/h2>\n<section>Avec les\u00a0<strong>processeurs Alder Lake<\/strong>,\u00a0<strong>Intel\u00a0<\/strong>signe une petite r\u00e9volution dans le monde de l&#8217;architecture x86 en adoptant une\u00a0<strong>technologie hybride bas\u00e9e sur 2 types de coeurs diff\u00e9rents assembl\u00e9s au sein d&#8217;une m\u00eame puce<\/strong>\u00a0: Les\u00a0<strong>Performances-Cores\u00a0<\/strong>et les\u00a0<strong>Efficient-Cores<\/strong>. Avec plus de coeurs et plus de puissance, les<strong>\u00a0processeurs Intel de 12\u00e8me g\u00e9n\u00e9ration<\/strong>\u00a0sont pr\u00eats pour les jeux nouvelle g\u00e9n\u00e9ration, les cartes graphiques<strong>\u00a0PCI-Express 5.0\u00a0<\/strong>ou encore la<strong>\u00a0RAM DDR5<\/strong>.<\/section>\n<section>\n<div class=\"desc-image\"><img decoding=\"async\" src=\"https:\/\/media.ldlc.com\/bo\/images\/fiches\/processeur\/intel\/alder-lake\/intel_alder-lake_core-i7_003.jpg\" alt=\"\" \/><\/div>\n<div class=\"desc-text\">\n<h2>INTEL CORE I7-12700K 12-CORE (8P+4E)<\/h2>\n<ul>\n<li>Processeur\u00a0<strong>12 Cores<\/strong>\u00a0\/ 20 Threads<\/li>\n<li><strong>8 Performance-Cores<\/strong>\u00a0(3.6 GHz &#8211; 5.0 GHz) + 4 Efficient-Cores (2.7\u00a0GHz &#8211; 3.8\u00a0GHz)<\/li>\n<li>Cache\u00a0<strong>L3 25 Mo<\/strong>\u00a0+ Cache L2 12 Mo<\/li>\n<li><strong>Unlocked\u00a0<\/strong>(co\u00e9fficient multiplicateur d\u00e9bloqu\u00e9 pour l&#8217;overclocking)<\/li>\n<li>IGP : Intel UHD Graphics 770<\/li>\n<li>Contr\u00f4leur m\u00e9moire : DDR4 \/\u00a0<strong>DDR5<\/strong><\/li>\n<li>Compatible\u00a0<strong>PCI-E 5.0<\/strong><\/li>\n<li>TDP\u00a0: 125W<\/li>\n<li>TDP max. (Turbo Power) : 190W<\/li>\n<\/ul>\n<\/div>\n<\/section>\n<section>\n<div class=\"desc-text\">\n<h2>DES COEURS \u00c0 L&#8217;OUVRAGE<\/h2>\n<p>La\u00a0<strong>nouvelle architecture hybride hautes performances\u00a0<\/strong>d&#8217;Intel int\u00e8gre\u00a0<strong>deux familles de coeurs sur un m\u00eame processeur<\/strong>\u00a0pour une exp\u00e9rience de jeu encore plus fluide.\u00a0<strong>Intel Thread Director<\/strong>\u00a0hi\u00e9rarchise et g\u00e8re les charges de travail en d\u00e9terminant le coeur le plus adapt\u00e9 \u00e0 chaque t\u00e2che. Les\u00a0<strong>coeurs Performances<\/strong>\u00a0sont con\u00e7us pour les charges de travail uniques et \u00e0 faible nombre de threads, am\u00e9liorant ainsi les activit\u00e9s comme le jeu vid\u00e9o ou les t\u00e2ches de productivit\u00e9. Les<strong>\u00a0coeurs Efficiences<\/strong>\u00a0sont quant \u00e0 eux optimis\u00e9s pour le multithread en r\u00e9duisant les interruptions li\u00e9es aux t\u00e2ches secondaires.<\/p>\n<\/div>\n<div class=\"desc-image\"><img decoding=\"async\" src=\"https:\/\/media.ldlc.com\/bo\/images\/fiches\/processeur\/intel\/alder-lake\/intel_alder-lake_core-i5_002.jpg\" alt=\"\" \/><\/div>\n<\/section>\n<section>\n<div class=\"desc-image\"><img decoding=\"async\" src=\"https:\/\/media.ldlc.com\/bo\/images\/fiches\/processeur\/intel\/alder-lake\/intel_alder-lake_core-i5_001.jpg\" alt=\"\" \/><\/div>\n<div class=\"desc-text\">\n<h2>ATTEIGNEZ DES SOMMETS<\/h2>\n<p>Gr\u00e2ce \u00e0 des fr\u00e9quences \u00e9lev\u00e9es, atteignez de hautes performances dans les jeux. Affrontez vos adversaires en toute confiance ou explorez de nouveaux univers gr\u00e2ce \u00e0 une architecture de processeur r\u00e9volutionnaire qui se concentre sur l&#8217;essentiel. Les processeurs Intel de 12\u00e8me g\u00e9n\u00e9ration sont tout simplement con\u00e7us pour la nouvelle g\u00e9n\u00e9ration de jeux vid\u00e9o.<\/p>\n<\/div>\n<\/section>\n<\/div>\n<\/div>\n","protected":false},"excerpt":{"rendered":"<h2>INTEL CORE I7-12700K 12-CORE (8P+4E)<\/h2>\n<ul>\n<li>Processeur\u00a0<strong>12 Cores<\/strong>\u00a0\/ 20 Threads<\/li>\n<li><strong>8 Performance-Cores<\/strong>\u00a0(3.6 GHz &#8211; 5.0 GHz) + 4 Efficient-Cores (2.7\u00a0GHz &#8211; 3.8\u00a0GHz)<\/li>\n<li>Cache\u00a0<strong>L3 25 Mo<\/strong>\u00a0+ Cache L2 12 Mo<\/li>\n<li><strong>Unlocked\u00a0<\/strong>(co\u00e9fficient multiplicateur d\u00e9bloqu\u00e9 pour l&#8217;overclocking)<\/li>\n<li>IGP : Intel UHD Graphics 770<\/li>\n<li>Contr\u00f4leur m\u00e9moire : DDR4 \/\u00a0<strong>DDR5<\/strong><\/li>\n<li>Compatible\u00a0<strong>PCI-E 5.0<\/strong><\/li>\n<li>TDP\u00a0: 125W<\/li>\n<li>TDP max. (Turbo Power) : 190W<\/li>\n<\/ul>\n","protected":false},"featured_media":1007610,"template":"","meta":{"_acf_changed":false},"pwb-brand":[],"product_brand":[],"product_cat":[17,67,66],"product_tag":[],"pcb_component_type":[],"class_list":{"0":"post-7609","1":"product","2":"type-product","3":"status-publish","4":"has-post-thumbnail","6":"product_cat-composants-gaming","7":"product_cat-intel-processeurs","8":"product_cat-processeurs","10":"first","11":"outofstock","12":"shipping-taxable","13":"product-type-simple"},"translation":{"provider":"WPGlobus","version":"3.0.2","language":"fr","enabled_languages":["en","es","de","fr","ru"],"languages":{"en":{"title":true,"content":true,"excerpt":true},"es":{"title":false,"content":false,"excerpt":false},"de":{"title":false,"content":false,"excerpt":false},"fr":{"title":false,"content":false,"excerpt":false},"ru":{"title":false,"content":false,"excerpt":false}}},"acf":[],"yoast_head":"<!-- This site is optimized with the Yoast SEO plugin v27.2 - https:\/\/yoast.com\/product\/yoast-seo-wordpress\/ -->\n<title>Intel Core i7-12700K (3.6 GHz \/ 5.0 GHz) - Osaka<\/title>\n<meta name=\"robots\" content=\"index, follow, max-snippet:-1, max-image-preview:large, max-video-preview:-1\" \/>\n<link rel=\"canonical\" href=\"https:\/\/osaka.ma\/fr\/product\/intel-core-i7-12700k-3-6-ghz-5-0-ghz\/\" \/>\n<meta property=\"og:locale\" content=\"fr_FR\" \/>\n<meta property=\"og:type\" content=\"article\" \/>\n<meta property=\"og:title\" content=\"Intel Core i7-12700K (3.6 GHz \/ 5.0 GHz) - Osaka\" \/>\n<meta property=\"og:url\" content=\"https:\/\/osaka.ma\/fr\/product\/intel-core-i7-12700k-3-6-ghz-5-0-ghz\/\" \/>\n<meta property=\"og:site_name\" content=\"Osaka\" \/>\n<meta property=\"article:modified_time\" content=\"2025-06-26T23:06:44+00:00\" \/>\n<meta property=\"og:image\" content=\"https:\/\/osaka.ma\/wp-content\/uploads\/2024\/03\/I7_12700K.jpg\" \/>\n\t<meta property=\"og:image:width\" content=\"1600\" \/>\n\t<meta property=\"og:image:height\" content=\"1600\" \/>\n\t<meta property=\"og:image:type\" content=\"image\/jpeg\" \/>\n<meta name=\"twitter:card\" content=\"summary_large_image\" \/>\n<meta name=\"twitter:label1\" content=\"Dur\u00e9e de lecture estim\u00e9e\" \/>\n\t<meta name=\"twitter:data1\" content=\"3 minutes\" \/>\n<script type=\"application\/ld+json\" class=\"yoast-schema-graph\">{\"@context\":\"https:\/\/schema.org\",\"@graph\":[{\"@type\":\"WebPage\",\"@id\":\"https:\/\/osaka.ma\/fr\/product\/intel-core-i7-12700k-3-6-ghz-5-0-ghz\/\",\"url\":\"https:\/\/osaka.ma\/fr\/product\/intel-core-i7-12700k-3-6-ghz-5-0-ghz\/\",\"name\":\"Intel Core i7-12700K (3.6 GHz \/ 5.0 GHz) - Osaka\",\"isPartOf\":{\"@id\":\"https:\/\/osaka.ma\/#website\"},\"primaryImageOfPage\":{\"@id\":\"https:\/\/osaka.ma\/fr\/product\/intel-core-i7-12700k-3-6-ghz-5-0-ghz\/#primaryimage\"},\"image\":{\"@id\":\"https:\/\/osaka.ma\/fr\/product\/intel-core-i7-12700k-3-6-ghz-5-0-ghz\/#primaryimage\"},\"thumbnailUrl\":\"https:\/\/osaka.ma\/wp-content\/uploads\/2024\/03\/I7_12700K.jpg\",\"datePublished\":\"2024-03-12T14:46:33+00:00\",\"dateModified\":\"2025-06-26T23:06:44+00:00\",\"breadcrumb\":{\"@id\":\"https:\/\/osaka.ma\/fr\/product\/intel-core-i7-12700k-3-6-ghz-5-0-ghz\/#breadcrumb\"},\"inLanguage\":\"fr-FR\",\"potentialAction\":[{\"@type\":\"ReadAction\",\"target\":[\"https:\/\/osaka.ma\/fr\/product\/intel-core-i7-12700k-3-6-ghz-5-0-ghz\/\"]}]},{\"@type\":\"ImageObject\",\"inLanguage\":\"fr-FR\",\"@id\":\"https:\/\/osaka.ma\/fr\/product\/intel-core-i7-12700k-3-6-ghz-5-0-ghz\/#primaryimage\",\"url\":\"https:\/\/osaka.ma\/wp-content\/uploads\/2024\/03\/I7_12700K.jpg\",\"contentUrl\":\"https:\/\/osaka.ma\/wp-content\/uploads\/2024\/03\/I7_12700K.jpg\",\"width\":1600,\"height\":1600},{\"@type\":\"BreadcrumbList\",\"@id\":\"https:\/\/osaka.ma\/fr\/product\/intel-core-i7-12700k-3-6-ghz-5-0-ghz\/#breadcrumb\",\"itemListElement\":[{\"@type\":\"ListItem\",\"position\":1,\"name\":\"Home\",\"item\":\"https:\/\/osaka.ma\/\"},{\"@type\":\"ListItem\",\"position\":2,\"name\":\"Shop\",\"item\":\"https:\/\/osaka.ma\/shop-2\/\"},{\"@type\":\"ListItem\",\"position\":3,\"name\":\"Intel Core i7-12700K (3.6 GHz \/ 5.0 GHz)\"}]},{\"@type\":\"WebSite\",\"@id\":\"https:\/\/osaka.ma\/#website\",\"url\":\"https:\/\/osaka.ma\/\",\"name\":\"Osaka\",\"description\":\"\",\"publisher\":{\"@id\":\"https:\/\/osaka.ma\/#organization\"},\"potentialAction\":[{\"@type\":\"SearchAction\",\"target\":{\"@type\":\"EntryPoint\",\"urlTemplate\":\"https:\/\/osaka.ma\/?s={search_term_string}\"},\"query-input\":{\"@type\":\"PropertyValueSpecification\",\"valueRequired\":true,\"valueName\":\"search_term_string\"}}],\"inLanguage\":\"fr-FR\"},{\"@type\":\"Organization\",\"@id\":\"https:\/\/osaka.ma\/#organization\",\"name\":\"Osaka\",\"url\":\"https:\/\/osaka.ma\/\",\"logo\":{\"@type\":\"ImageObject\",\"inLanguage\":\"fr-FR\",\"@id\":\"https:\/\/osaka.ma\/#\/schema\/logo\/image\/\",\"url\":\"https:\/\/osaka.ma\/wp-content\/uploads\/2026\/01\/model-slogan-logo-2Plan-de-travail-1dksl-plus-finnn.png\",\"contentUrl\":\"https:\/\/osaka.ma\/wp-content\/uploads\/2026\/01\/model-slogan-logo-2Plan-de-travail-1dksl-plus-finnn.png\",\"width\":842,\"height\":226,\"caption\":\"Osaka\"},\"image\":{\"@id\":\"https:\/\/osaka.ma\/#\/schema\/logo\/image\/\"}}]}<\/script>\n<!-- \/ Yoast SEO plugin. -->","yoast_head_json":{"title":"Intel Core i7-12700K (3.6 GHz \/ 5.0 GHz) - Osaka","robots":{"index":"index","follow":"follow","max-snippet":"max-snippet:-1","max-image-preview":"max-image-preview:large","max-video-preview":"max-video-preview:-1"},"canonical":"https:\/\/osaka.ma\/fr\/product\/intel-core-i7-12700k-3-6-ghz-5-0-ghz\/","og_locale":"fr_FR","og_type":"article","og_title":"Intel Core i7-12700K (3.6 GHz \/ 5.0 GHz) - Osaka","og_url":"https:\/\/osaka.ma\/fr\/product\/intel-core-i7-12700k-3-6-ghz-5-0-ghz\/","og_site_name":"Osaka","article_modified_time":"2025-06-26T23:06:44+00:00","og_image":[{"width":1600,"height":1600,"url":"https:\/\/osaka.ma\/wp-content\/uploads\/2024\/03\/I7_12700K.jpg","type":"image\/jpeg"}],"twitter_card":"summary_large_image","twitter_misc":{"Dur\u00e9e de lecture estim\u00e9e":"3 minutes"},"schema":{"@context":"https:\/\/schema.org","@graph":[{"@type":"WebPage","@id":"https:\/\/osaka.ma\/fr\/product\/intel-core-i7-12700k-3-6-ghz-5-0-ghz\/","url":"https:\/\/osaka.ma\/fr\/product\/intel-core-i7-12700k-3-6-ghz-5-0-ghz\/","name":"Intel Core i7-12700K (3.6 GHz \/ 5.0 GHz) - Osaka","isPartOf":{"@id":"https:\/\/osaka.ma\/#website"},"primaryImageOfPage":{"@id":"https:\/\/osaka.ma\/fr\/product\/intel-core-i7-12700k-3-6-ghz-5-0-ghz\/#primaryimage"},"image":{"@id":"https:\/\/osaka.ma\/fr\/product\/intel-core-i7-12700k-3-6-ghz-5-0-ghz\/#primaryimage"},"thumbnailUrl":"https:\/\/osaka.ma\/wp-content\/uploads\/2024\/03\/I7_12700K.jpg","datePublished":"2024-03-12T14:46:33+00:00","dateModified":"2025-06-26T23:06:44+00:00","breadcrumb":{"@id":"https:\/\/osaka.ma\/fr\/product\/intel-core-i7-12700k-3-6-ghz-5-0-ghz\/#breadcrumb"},"inLanguage":"fr-FR","potentialAction":[{"@type":"ReadAction","target":["https:\/\/osaka.ma\/fr\/product\/intel-core-i7-12700k-3-6-ghz-5-0-ghz\/"]}]},{"@type":"ImageObject","inLanguage":"fr-FR","@id":"https:\/\/osaka.ma\/fr\/product\/intel-core-i7-12700k-3-6-ghz-5-0-ghz\/#primaryimage","url":"https:\/\/osaka.ma\/wp-content\/uploads\/2024\/03\/I7_12700K.jpg","contentUrl":"https:\/\/osaka.ma\/wp-content\/uploads\/2024\/03\/I7_12700K.jpg","width":1600,"height":1600},{"@type":"BreadcrumbList","@id":"https:\/\/osaka.ma\/fr\/product\/intel-core-i7-12700k-3-6-ghz-5-0-ghz\/#breadcrumb","itemListElement":[{"@type":"ListItem","position":1,"name":"Home","item":"https:\/\/osaka.ma\/"},{"@type":"ListItem","position":2,"name":"Shop","item":"https:\/\/osaka.ma\/shop-2\/"},{"@type":"ListItem","position":3,"name":"Intel Core i7-12700K (3.6 GHz \/ 5.0 GHz)"}]},{"@type":"WebSite","@id":"https:\/\/osaka.ma\/#website","url":"https:\/\/osaka.ma\/","name":"Osaka","description":"","publisher":{"@id":"https:\/\/osaka.ma\/#organization"},"potentialAction":[{"@type":"SearchAction","target":{"@type":"EntryPoint","urlTemplate":"https:\/\/osaka.ma\/?s={search_term_string}"},"query-input":{"@type":"PropertyValueSpecification","valueRequired":true,"valueName":"search_term_string"}}],"inLanguage":"fr-FR"},{"@type":"Organization","@id":"https:\/\/osaka.ma\/#organization","name":"Osaka","url":"https:\/\/osaka.ma\/","logo":{"@type":"ImageObject","inLanguage":"fr-FR","@id":"https:\/\/osaka.ma\/#\/schema\/logo\/image\/","url":"https:\/\/osaka.ma\/wp-content\/uploads\/2026\/01\/model-slogan-logo-2Plan-de-travail-1dksl-plus-finnn.png","contentUrl":"https:\/\/osaka.ma\/wp-content\/uploads\/2026\/01\/model-slogan-logo-2Plan-de-travail-1dksl-plus-finnn.png","width":842,"height":226,"caption":"Osaka"},"image":{"@id":"https:\/\/osaka.ma\/#\/schema\/logo\/image\/"}}]}},"jetpack_sharing_enabled":true,"brands":[],"_links":{"self":[{"href":"https:\/\/osaka.ma\/fr\/wp-json\/wp\/v2\/product\/7609","targetHints":{"allow":["GET"]}}],"collection":[{"href":"https:\/\/osaka.ma\/fr\/wp-json\/wp\/v2\/product"}],"about":[{"href":"https:\/\/osaka.ma\/fr\/wp-json\/wp\/v2\/types\/product"}],"version-history":[{"count":0,"href":"https:\/\/osaka.ma\/fr\/wp-json\/wp\/v2\/product\/7609\/revisions"}],"wp:featuredmedia":[{"embeddable":true,"href":"https:\/\/osaka.ma\/fr\/wp-json\/wp\/v2\/media\/1007610"}],"wp:attachment":[{"href":"https:\/\/osaka.ma\/fr\/wp-json\/wp\/v2\/media?parent=7609"}],"wp:term":[{"taxonomy":"pwb-brand","embeddable":true,"href":"https:\/\/osaka.ma\/fr\/wp-json\/wp\/v2\/pwb-brand?post=7609"},{"taxonomy":"product_brand","embeddable":true,"href":"https:\/\/osaka.ma\/fr\/wp-json\/wp\/v2\/product_brand?post=7609"},{"taxonomy":"product_cat","embeddable":true,"href":"https:\/\/osaka.ma\/fr\/wp-json\/wp\/v2\/product_cat?post=7609"},{"taxonomy":"product_tag","embeddable":true,"href":"https:\/\/osaka.ma\/fr\/wp-json\/wp\/v2\/product_tag?post=7609"},{"taxonomy":"pcb_component_type","embeddable":true,"href":"https:\/\/osaka.ma\/fr\/wp-json\/wp\/v2\/pcb_component_type?post=7609"}],"curies":[{"name":"wp","href":"https:\/\/api.w.org\/{rel}","templated":true}]}}