{"id":7642,"date":"2024-03-13T12:28:40","date_gmt":"2024-03-13T12:28:40","guid":{"rendered":"https:\/\/osaka.ma\/?post_type=product&#038;p=7642"},"modified":"2024-12-18T15:35:49","modified_gmt":"2024-12-18T15:35:49","slug":"msi-katana-gf76-12ue","status":"publish","type":"product","link":"https:\/\/osaka.ma\/fr\/product\/msi-katana-gf76-12ue\/","title":{"rendered":"MSI KATANA GF76 I7-12700H\/32GB\/1TB\/RTX3060\/17.3&#8243;144Hz"},"content":{"rendered":"<h2 class=\"h2-master\">Performance de jeu et finesse avec un \u00e9cran 144 Hz<\/h2>\n<section>Le\u00a0<strong>MSI GF76 Katana 12UD-079XFR<\/strong> est un PC portable Gaming \u00e9quip\u00e9 d&#8217;un processeur Intel Core de 12\u00e8me g\u00e9n\u00e9ration, d&#8217;une puce graphique NVIDIA GeForce RTX, de 32gb RAM DDR4, d&#8217;un SSD PCIe ultra-rapide et d&#8217;un \u00e9cran Full HD 144 Hz. Ce PC portable Gamer MSI sera un achat id\u00e9al pour les joueurs \u00e0 la recherche d&#8217;un juste milieu entre performance et mobilit\u00e9, le tout pour un budget ma\u00eetris\u00e9.<\/section>\n<section>\n<div class=\"desc-image\"><img decoding=\"async\" src=\"https:\/\/media.ldlc.com\/bo\/images\/fiches\/pc_portables\/msi\/gf76\/msi_gf76-katana_001.jpg\" alt=\"\" \/><\/div>\n<div class=\"desc-text\">\n<h2>PROCESSEUR INTEL CORE I7 DE 12E G\u00c9N\u00c9RATION<\/h2>\n<p>Gr\u00e2ce aux processeurs Intel Core de 12e g\u00e9n\u00e9ration, l&#8217;ordinateur portable MSI Katana GF76 offre des performances survitamin\u00e9es, qu&#8217;il s&#8217;agisse de projets multit\u00e2ches ou de jeux vid\u00e9o dernier cri. Gr\u00e2ce \u00e0 une nouvelle architecture hybride hautes performances, les processeurs Intel Core de 12e g\u00e9n\u00e9ration offrent une combinaison unique de c\u0153urs performants et efficaces (P-core et E-core). La charge de travail \u00e9tant achemin\u00e9e intelligemment par Intel Thread Director, le processeur divise pour mieux conqu\u00e9rir !<\/p>\n<\/div>\n<\/section>\n<section>\n<div class=\"desc-text\">\n<h2>NVIDIA GEFORCE RTX 3060<\/h2>\n<p>Les GPU GeForce RTX s\u00e9rie 30 offrent des performances ultimes \u00e0 tous les joueurs et cr\u00e9ateurs. Optimis\u00e9s par Ampere, l\u2019architecture NVIDIA RTX de seconde g\u00e9n\u00e9ration, ces produits de haute technologie sont dot\u00e9s de nouveaux c\u0153urs RT et Tensor et embarquent des multiprocesseurs de flux \u00e0 hautes performances pour d\u00e9livrer des fonctionnalit\u00e9s d\u2019IA de pointe ainsi qu\u2019un rendu graphique ultra-immersif gr\u00e2ce au ray tracing.<\/p>\n<\/div>\n<div class=\"desc-image\"><img decoding=\"async\" src=\"https:\/\/media.ldlc.com\/bo\/images\/fiches\/pc_portables\/msi\/gf76\/msi_gf76-katana_002.jpg\" alt=\"\" \/><\/div>\n<\/section>\n<section>\n<div class=\"desc-image\"><img decoding=\"async\" src=\"https:\/\/media.ldlc.com\/bo\/images\/fiches\/pc_portables\/msi\/gf76\/msi_gf76-katana_003.jpg\" alt=\"\" \/><\/div>\n<div class=\"desc-text\">\n<h2>\u00c9CRAN 144 HZ \u00c0 CADRE \u00c0 BORDS FINS<\/h2>\n<p>L&#8217;\u00e9cran \u00e0 bords fins du Katana GF76 offre un taux de rafra\u00eechissement de 144 Hz et vous assure des images r\u00e9alistes et d\u00e9taill\u00e9es pour des jeux plus immersifs. En tirant parti du meilleur de la carte graphique NVIDIA GeForce RTX int\u00e9gr\u00e9e, l&#8217;\u00e9cran du Katana GF76 offre des jeux fluides avec des graphismes \u00e0 couper le souffle.<\/p>\n<\/div>\n<\/section>\n<section>\n<div class=\"desc-text\">\n<h2>CLAVIER GAMING<\/h2>\n<p>Le clavier propose un r\u00e9tro\u00e9clairage LED de couleur rouge et est con\u00e7u \u00e0 partir d&#8217;une structure robuste avec un distance d&#8217;activation de 1,7 mm pour un retour tactile r\u00e9actif. Gr\u00e2ce \u00e0 son ergonomie, ce clavier r\u00e9pond aux besoins de tous les gamers.<\/p>\n<\/div>\n<div class=\"desc-image\"><img decoding=\"async\" src=\"https:\/\/media.ldlc.com\/bo\/images\/fiches\/pc_portables\/msi\/gf76\/msi_gf76-katana_004.jpg\" alt=\"\" \/><\/div>\n<\/section>\n","protected":false},"excerpt":{"rendered":"<p>Le\u00a0<strong>MSI GF76 Katana<\/strong> est un PC portable Gaming \u00e9quip\u00e9 d&#8217;un processeur Intel Core de 12\u00e8me g\u00e9n\u00e9ration, d&#8217;une puce graphique NVIDIA GeForce RTX, de RAM DDR4, d&#8217;un SSD NVME ultra-rapide et d&#8217;un \u00e9cran Full HD 144 Hz. Ce PC portable Gamer MSI sera un achat id\u00e9al pour les joueurs \u00e0 la recherche d&#8217;un juste milieu entre performance et mobilit\u00e9, le tout pour un budget ma\u00eetris\u00e9.<\/p>\n<ul>\n<li><strong>Processeur\u00a0<em>Intel<\/em>\u00ae\u00a0<em>Core<\/em>\u2122\u00a0<em>i7<\/em>\u2013<em>12700H<\/em> (24 Mo de cache, jusqu\u2019\u00e0 4,70 GHz)<\/strong><\/li>\n<li>\u00c9cran de 17.3 pouces avec r\u00e9solution<strong> FHD<\/strong> et fr\u00e9quence de 144 Hz<\/li>\n<li>32 Go de m\u00e9moire vive DDR5 (2x 8 Go \u2013 2 slots avec maximum 64 Go)<\/li>\n<li>Puce graphique\u00a0<strong>NVIDIA GeForce RTX 3060<\/strong> avec 6 Go de m\u00e9moire d\u00e9di\u00e9e GDDR6 (2175 MHz \u2013 140W Dynamic Boost)<\/li>\n<li><strong>SSD M.2 PCIe NVMe de 1TB<\/strong><\/li>\n<li>Communication sans fil fiable et performante avec les technologies\u00a0<strong>Wi-Fi 6<\/strong>\u00a0et<strong>\u00a0Bluetooth 5.2<\/strong><\/li>\n<li>Webcam HD 720p et microphone int\u00e9gr\u00e9s<\/li>\n<li>Clavier avec touches r\u00e9tro\u00e9clair\u00e9es RGB (une seule couleur active \u00e0 la fois)<\/li>\n<li>Adaptateur d\u2019alimentation 240 watts<\/li>\n<li><strong>Windows 11 Professionnel<\/strong><\/li>\n<li>Etat neuf Sans emballage<\/li>\n<\/ul>\n","protected":false},"featured_media":1007643,"template":"","meta":{"_acf_changed":false},"pwb-brand":[],"product_brand":[],"product_cat":[122,121],"product_tag":[],"pcb_component_type":[],"class_list":{"0":"post-7642","1":"product","2":"type-product","3":"status-publish","4":"has-post-thumbnail","6":"product_cat-gaming","7":"product_cat-pc-portable","9":"first","10":"outofstock","11":"shipping-taxable","12":"product-type-simple"},"translation":{"provider":"WPGlobus","version":"3.0.2","language":"fr","enabled_languages":["en","es","de","fr","ru"],"languages":{"en":{"title":true,"content":true,"excerpt":true},"es":{"title":false,"content":false,"excerpt":false},"de":{"title":false,"content":false,"excerpt":false},"fr":{"title":false,"content":false,"excerpt":false},"ru":{"title":false,"content":false,"excerpt":false}}},"acf":[],"yoast_head":"<!-- This site is optimized with the Yoast SEO plugin v27.2 - https:\/\/yoast.com\/product\/yoast-seo-wordpress\/ -->\n<title>MSI KATANA GF76 I7-12700H\/32GB\/1TB\/RTX3060\/17.3&quot;144Hz - Osaka<\/title>\n<meta name=\"robots\" content=\"index, follow, max-snippet:-1, max-image-preview:large, max-video-preview:-1\" \/>\n<link rel=\"canonical\" href=\"https:\/\/osaka.ma\/ru\/product\/msi-katana-gf76-12ue\/\" \/>\n<meta property=\"og:locale\" content=\"fr_FR\" \/>\n<meta property=\"og:type\" content=\"article\" \/>\n<meta property=\"og:title\" content=\"MSI KATANA GF76 I7-12700H\/32GB\/1TB\/RTX3060\/17.3&quot;144Hz - Osaka\" \/>\n<meta property=\"og:url\" content=\"https:\/\/osaka.ma\/ru\/product\/msi-katana-gf76-12ue\/\" \/>\n<meta property=\"og:site_name\" content=\"Osaka\" \/>\n<meta property=\"article:modified_time\" content=\"2024-12-18T15:35:49+00:00\" \/>\n<meta property=\"og:image\" content=\"https:\/\/osaka.ma\/wp-content\/uploads\/2024\/03\/5.png\" \/>\n\t<meta property=\"og:image:width\" content=\"1600\" \/>\n\t<meta property=\"og:image:height\" content=\"1600\" \/>\n\t<meta property=\"og:image:type\" content=\"image\/png\" \/>\n<meta name=\"twitter:card\" content=\"summary_large_image\" \/>\n<meta name=\"twitter:label1\" content=\"Dur\u00e9e de lecture estim\u00e9e\" \/>\n\t<meta name=\"twitter:data1\" content=\"3 minutes\" \/>\n<script type=\"application\/ld+json\" class=\"yoast-schema-graph\">{\"@context\":\"https:\/\/schema.org\",\"@graph\":[{\"@type\":\"WebPage\",\"@id\":\"https:\/\/osaka.ma\/ru\/product\/msi-katana-gf76-12ue\/\",\"url\":\"https:\/\/osaka.ma\/ru\/product\/msi-katana-gf76-12ue\/\",\"name\":\"MSI KATANA GF76 I7-12700H\/32GB\/1TB\/RTX3060\/17.3\\\"144Hz - Osaka\",\"isPartOf\":{\"@id\":\"https:\/\/osaka.ma\/#website\"},\"primaryImageOfPage\":{\"@id\":\"https:\/\/osaka.ma\/ru\/product\/msi-katana-gf76-12ue\/#primaryimage\"},\"image\":{\"@id\":\"https:\/\/osaka.ma\/ru\/product\/msi-katana-gf76-12ue\/#primaryimage\"},\"thumbnailUrl\":\"https:\/\/osaka.ma\/wp-content\/uploads\/2024\/03\/5.png\",\"datePublished\":\"2024-03-13T12:28:40+00:00\",\"dateModified\":\"2024-12-18T15:35:49+00:00\",\"breadcrumb\":{\"@id\":\"https:\/\/osaka.ma\/ru\/product\/msi-katana-gf76-12ue\/#breadcrumb\"},\"inLanguage\":\"fr-FR\",\"potentialAction\":[{\"@type\":\"ReadAction\",\"target\":[\"https:\/\/osaka.ma\/ru\/product\/msi-katana-gf76-12ue\/\"]}]},{\"@type\":\"ImageObject\",\"inLanguage\":\"fr-FR\",\"@id\":\"https:\/\/osaka.ma\/ru\/product\/msi-katana-gf76-12ue\/#primaryimage\",\"url\":\"https:\/\/osaka.ma\/wp-content\/uploads\/2024\/03\/5.png\",\"contentUrl\":\"https:\/\/osaka.ma\/wp-content\/uploads\/2024\/03\/5.png\",\"width\":1600,\"height\":1600},{\"@type\":\"BreadcrumbList\",\"@id\":\"https:\/\/osaka.ma\/ru\/product\/msi-katana-gf76-12ue\/#breadcrumb\",\"itemListElement\":[{\"@type\":\"ListItem\",\"position\":1,\"name\":\"Home\",\"item\":\"https:\/\/osaka.ma\/\"},{\"@type\":\"ListItem\",\"position\":2,\"name\":\"Shop\",\"item\":\"https:\/\/osaka.ma\/shop-2\/\"},{\"@type\":\"ListItem\",\"position\":3,\"name\":\"MSI KATANA GF76 I7-12700H\/32GB\/1TB\/RTX3060\/17.3&#8243;144Hz\"}]},{\"@type\":\"WebSite\",\"@id\":\"https:\/\/osaka.ma\/#website\",\"url\":\"https:\/\/osaka.ma\/\",\"name\":\"Osaka\",\"description\":\"\",\"publisher\":{\"@id\":\"https:\/\/osaka.ma\/#organization\"},\"potentialAction\":[{\"@type\":\"SearchAction\",\"target\":{\"@type\":\"EntryPoint\",\"urlTemplate\":\"https:\/\/osaka.ma\/?s={search_term_string}\"},\"query-input\":{\"@type\":\"PropertyValueSpecification\",\"valueRequired\":true,\"valueName\":\"search_term_string\"}}],\"inLanguage\":\"fr-FR\"},{\"@type\":\"Organization\",\"@id\":\"https:\/\/osaka.ma\/#organization\",\"name\":\"Osaka\",\"url\":\"https:\/\/osaka.ma\/\",\"logo\":{\"@type\":\"ImageObject\",\"inLanguage\":\"fr-FR\",\"@id\":\"https:\/\/osaka.ma\/#\/schema\/logo\/image\/\",\"url\":\"https:\/\/osaka.ma\/wp-content\/uploads\/2026\/01\/model-slogan-logo-2Plan-de-travail-1dksl-plus-finnn.png\",\"contentUrl\":\"https:\/\/osaka.ma\/wp-content\/uploads\/2026\/01\/model-slogan-logo-2Plan-de-travail-1dksl-plus-finnn.png\",\"width\":842,\"height\":226,\"caption\":\"Osaka\"},\"image\":{\"@id\":\"https:\/\/osaka.ma\/#\/schema\/logo\/image\/\"}}]}<\/script>\n<!-- \/ Yoast SEO plugin. -->","yoast_head_json":{"title":"MSI KATANA GF76 I7-12700H\/32GB\/1TB\/RTX3060\/17.3\"144Hz - Osaka","robots":{"index":"index","follow":"follow","max-snippet":"max-snippet:-1","max-image-preview":"max-image-preview:large","max-video-preview":"max-video-preview:-1"},"canonical":"https:\/\/osaka.ma\/ru\/product\/msi-katana-gf76-12ue\/","og_locale":"fr_FR","og_type":"article","og_title":"MSI KATANA GF76 I7-12700H\/32GB\/1TB\/RTX3060\/17.3\"144Hz - Osaka","og_url":"https:\/\/osaka.ma\/ru\/product\/msi-katana-gf76-12ue\/","og_site_name":"Osaka","article_modified_time":"2024-12-18T15:35:49+00:00","og_image":[{"width":1600,"height":1600,"url":"https:\/\/osaka.ma\/wp-content\/uploads\/2024\/03\/5.png","type":"image\/png"}],"twitter_card":"summary_large_image","twitter_misc":{"Dur\u00e9e de lecture estim\u00e9e":"3 minutes"},"schema":{"@context":"https:\/\/schema.org","@graph":[{"@type":"WebPage","@id":"https:\/\/osaka.ma\/ru\/product\/msi-katana-gf76-12ue\/","url":"https:\/\/osaka.ma\/ru\/product\/msi-katana-gf76-12ue\/","name":"MSI KATANA GF76 I7-12700H\/32GB\/1TB\/RTX3060\/17.3\"144Hz - Osaka","isPartOf":{"@id":"https:\/\/osaka.ma\/#website"},"primaryImageOfPage":{"@id":"https:\/\/osaka.ma\/ru\/product\/msi-katana-gf76-12ue\/#primaryimage"},"image":{"@id":"https:\/\/osaka.ma\/ru\/product\/msi-katana-gf76-12ue\/#primaryimage"},"thumbnailUrl":"https:\/\/osaka.ma\/wp-content\/uploads\/2024\/03\/5.png","datePublished":"2024-03-13T12:28:40+00:00","dateModified":"2024-12-18T15:35:49+00:00","breadcrumb":{"@id":"https:\/\/osaka.ma\/ru\/product\/msi-katana-gf76-12ue\/#breadcrumb"},"inLanguage":"fr-FR","potentialAction":[{"@type":"ReadAction","target":["https:\/\/osaka.ma\/ru\/product\/msi-katana-gf76-12ue\/"]}]},{"@type":"ImageObject","inLanguage":"fr-FR","@id":"https:\/\/osaka.ma\/ru\/product\/msi-katana-gf76-12ue\/#primaryimage","url":"https:\/\/osaka.ma\/wp-content\/uploads\/2024\/03\/5.png","contentUrl":"https:\/\/osaka.ma\/wp-content\/uploads\/2024\/03\/5.png","width":1600,"height":1600},{"@type":"BreadcrumbList","@id":"https:\/\/osaka.ma\/ru\/product\/msi-katana-gf76-12ue\/#breadcrumb","itemListElement":[{"@type":"ListItem","position":1,"name":"Home","item":"https:\/\/osaka.ma\/"},{"@type":"ListItem","position":2,"name":"Shop","item":"https:\/\/osaka.ma\/shop-2\/"},{"@type":"ListItem","position":3,"name":"MSI KATANA GF76 I7-12700H\/32GB\/1TB\/RTX3060\/17.3&#8243;144Hz"}]},{"@type":"WebSite","@id":"https:\/\/osaka.ma\/#website","url":"https:\/\/osaka.ma\/","name":"Osaka","description":"","publisher":{"@id":"https:\/\/osaka.ma\/#organization"},"potentialAction":[{"@type":"SearchAction","target":{"@type":"EntryPoint","urlTemplate":"https:\/\/osaka.ma\/?s={search_term_string}"},"query-input":{"@type":"PropertyValueSpecification","valueRequired":true,"valueName":"search_term_string"}}],"inLanguage":"fr-FR"},{"@type":"Organization","@id":"https:\/\/osaka.ma\/#organization","name":"Osaka","url":"https:\/\/osaka.ma\/","logo":{"@type":"ImageObject","inLanguage":"fr-FR","@id":"https:\/\/osaka.ma\/#\/schema\/logo\/image\/","url":"https:\/\/osaka.ma\/wp-content\/uploads\/2026\/01\/model-slogan-logo-2Plan-de-travail-1dksl-plus-finnn.png","contentUrl":"https:\/\/osaka.ma\/wp-content\/uploads\/2026\/01\/model-slogan-logo-2Plan-de-travail-1dksl-plus-finnn.png","width":842,"height":226,"caption":"Osaka"},"image":{"@id":"https:\/\/osaka.ma\/#\/schema\/logo\/image\/"}}]}},"jetpack_sharing_enabled":true,"brands":[],"_links":{"self":[{"href":"https:\/\/osaka.ma\/fr\/wp-json\/wp\/v2\/product\/7642","targetHints":{"allow":["GET"]}}],"collection":[{"href":"https:\/\/osaka.ma\/fr\/wp-json\/wp\/v2\/product"}],"about":[{"href":"https:\/\/osaka.ma\/fr\/wp-json\/wp\/v2\/types\/product"}],"version-history":[{"count":0,"href":"https:\/\/osaka.ma\/fr\/wp-json\/wp\/v2\/product\/7642\/revisions"}],"wp:featuredmedia":[{"embeddable":true,"href":"https:\/\/osaka.ma\/fr\/wp-json\/wp\/v2\/media\/1007643"}],"wp:attachment":[{"href":"https:\/\/osaka.ma\/fr\/wp-json\/wp\/v2\/media?parent=7642"}],"wp:term":[{"taxonomy":"pwb-brand","embeddable":true,"href":"https:\/\/osaka.ma\/fr\/wp-json\/wp\/v2\/pwb-brand?post=7642"},{"taxonomy":"product_brand","embeddable":true,"href":"https:\/\/osaka.ma\/fr\/wp-json\/wp\/v2\/product_brand?post=7642"},{"taxonomy":"product_cat","embeddable":true,"href":"https:\/\/osaka.ma\/fr\/wp-json\/wp\/v2\/product_cat?post=7642"},{"taxonomy":"product_tag","embeddable":true,"href":"https:\/\/osaka.ma\/fr\/wp-json\/wp\/v2\/product_tag?post=7642"},{"taxonomy":"pcb_component_type","embeddable":true,"href":"https:\/\/osaka.ma\/fr\/wp-json\/wp\/v2\/pcb_component_type?post=7642"}],"curies":[{"name":"wp","href":"https:\/\/api.w.org\/{rel}","templated":true}]}}