{"id":7766,"date":"2024-03-18T20:00:20","date_gmt":"2024-03-18T20:00:20","guid":{"rendered":"https:\/\/osaka.ma\/?post_type=product&#038;p=7766"},"modified":"2024-12-18T15:35:50","modified_gmt":"2024-12-18T15:35:50","slug":"msi-bravo-17-c7v-013fr-ryzen-7-7735hs-16gb-512gb-rtx4050-17-3-144hz","status":"publish","type":"product","link":"https:\/\/osaka.ma\/fr\/product\/msi-bravo-17-c7v-013fr-ryzen-7-7735hs-16gb-512gb-rtx4050-17-3-144hz\/","title":{"rendered":"MSI BRAVO 17 C7V-013FR RYZEN 7 7735HS\/16GB\/512GB\/RTX4050\/17.3 144HZ"},"content":{"rendered":"<div class=\"logo\"><img decoding=\"async\" src=\"https:\/\/media.ldlc.com\/v3\/marque\/bo\/00\/05\/99\/39\/V30005993997.gif\" alt=\"MSI\" \/><\/div>\n<div id=\"description\" class=\"description\">\n<div class=\"details-pdt-desc\">\n<h2 class=\"h2-master\">Performances de jeu sur un \u00e9cran 144 Hz<\/h2>\n<section>Profitez d&#8217;excellentes performances mobiles gr\u00e2ce au<strong> PC portable MSI BRAVO 17 C7V-013FR<\/strong>\u00a0! Con\u00e7u pour les gamers, cet ordinateur portable MSI offre un affichage de qualit\u00e9 gr\u00e2ce \u00e0 ses composants performants et son \u00e9cran IPS Full HD avec fr\u00e9quence de 144 Hz et compatibilit\u00e9 AMD FreeSync.Le PC portable MSI Bravo 17 A4DDR-047XFR offre d&#8217;excellentes performances gr\u00e2ce \u00e0 son\u00a0<strong>processeur AMD Ryzen 7 7735HS<\/strong>, ses 16 Go de m\u00e9moire DDR5 et sa <strong>puce graphique NVIDIA GEFORCE RTX 4050 <\/strong>. De plus, son\u00a0<strong>SSD M.2 PCIe de 512 Go<\/strong>\u00a0offre vitesse et bonne capacit\u00e9 de stockage.<\/p>\n<\/section>\n<div class=\"desc-image\"><\/div>\n<section>\n<div class=\"desc-text\">\n<h2>PERFORMANCE POUR LES GAMERS<\/h2>\n<p>Profitez d&#8217;excellentes performances de jeu avec un processeur performant AMD Ryzen 7 7735HS et une puce graphique NVIDIA GEFORCE RTX 4050 DE 6GB VRAM ! Avec en prime un \u00e9cran de type IPS avec fr\u00e9quence d&#8217;affichage \u00e0 144 Hz et une compatibilit\u00e9 AMD FreSync Premium, ce PC portable Gamer offre un confort visuel sup\u00e9rieur.<\/p>\n<\/div>\n<\/section>\n<section>\n<div class=\"desc-text\">\n<h2>CLAVIER GAMER AVEC R\u00c9TRO\u00c9CLAIRAGE BLEU<\/h2>\n<p>Le PC portable MSI Bravo 17 offre un r\u00e9tro\u00e9clairage du clavier avec coloris BLEU. Avec le r\u00e9tro\u00e9clairage Silver Lining Print, les touches proposent d\u00e9sormais un r\u00e9tro\u00e9clairage de leur contour et pas seulement de la base ou de la lettre. L&#8217;id\u00e9al pour gagner en vitesse et en confort de jeu !<\/p>\n<\/div>\n<div class=\"desc-image\"><\/div>\n<\/section>\n<section>\n<div class=\"desc-image\"><img decoding=\"async\" src=\"https:\/\/media.ldlc.com\/bo\/images\/fiches\/pc_portables\/msi\/alpha_15\/803.jpg\" alt=\"\" \/><\/div>\n<div class=\"desc-text\">\n<h2>COOLER BOOST 5 : REFROIDISSEMENT PERFORMANT !<\/h2>\n<p>Avec le PC portable Bravo 17, MSI propose la derni\u00e8re version de sa technologie de refroidissement propri\u00e9taire, Cooler Boost 5, qui fonctionne avec deux ventilateurs et 7 caloducs pens\u00e9s pour expulser l&#8217;air chaud hors du ch\u00e2ssis par l&#8217;interm\u00e9diaire de 4 flux diff\u00e9rents. La technologie Cooler Boost 5 a \u00e9t\u00e9 sp\u00e9cialement pens\u00e9e pour r\u00e9pondre \u00e0 ces nouveaux notebooks qui int\u00e8grent une carte graphique performante, n\u00e9cessitant un refroidissement impeccable.<\/p>\n<\/div>\n<\/section>\n<section class=\"list\">\n<h2>CARACT\u00c9RISTIQUES PRINCIPALES :<\/h2>\n<ul>\n<li><strong>Processeur AMD Ryzen 7 7735HS<\/strong>\u00a0(8-Core 3.2 GHz \/ 4.75 GHz Turbo \u2013 16 Threads )<\/li>\n<li>Ecran de 17.3 pouces avec\u00a0r\u00e9solution Full HD (1920 x 1080 pixels) et\u00a0<strong>fr\u00e9quence de 144 Hz<\/strong><\/li>\n<li>Dalle de type IPS : couleurs lumineuses et angles de vision larges<\/li>\n<li>Support de la technologie\u00a0<strong>AMD FreeSync Premium<\/strong>, pour un affichage fluide et sans d\u00e9chirures<\/li>\n<li>16 Go de m\u00e9moire vive DDR5 4800 MHz (2 slots avec maximum 64 Go au total)<\/li>\n<li>Puce graphique\u00a0<strong>NVIDIA RTX 4050<\/strong> avec 6 Go de m\u00e9moire d\u00e9di\u00e9e GDDR6<\/li>\n<li>Connecteur HDMI 2.0 (compatibles 4K @60 Hz)<\/li>\n<li><strong>SSD M.2 PCIe de 512 Go<\/strong><\/li>\n<li><strong>Clavier Gamer SteelSeries\u00a0<\/strong>avec\u00a0<strong>r\u00e9tro\u00e9clairage BLEU<\/strong>\u00a0et Silver Lining Print<\/li>\n<li>1 port USB 3.0 Type C + 3 ports USB 3.0<\/li>\n<li>Communication sans fil fiable et performante\u00a0<strong>Wi-Fi\u00a0AX<\/strong>\u00a0+<strong>\u00a0Bluetooth 5.1<\/strong><\/li>\n<li>Webcam HD 720p int\u00e9gr\u00e9e<\/li>\n<li>PC portable sans Windows, avec FreeDOS<\/li>\n<li>Neuf sans emballage<\/li>\n<\/ul>\n<\/section>\n<\/div>\n<\/div>\n","protected":false},"excerpt":{"rendered":"<h2>CARACT\u00c9RISTIQUES PRINCIPALES :<\/h2>\n<ul>\n<li><strong>Processeur AMD Ryzen 7 7735HS<\/strong>\u00a0(8-Core 3.2 GHz \/ 4.75 GHz Turbo \u2013 16 Threads )<\/li>\n<li>Ecran de 17.3 pouces avec\u00a0r\u00e9solution Full HD (1920 x 1080 pixels) et\u00a0<strong>fr\u00e9quence de 144 Hz<\/strong><\/li>\n<li>Dalle de type IPS : couleurs lumineuses et angles de vision larges<\/li>\n<li>Support de la technologie\u00a0<strong>AMD FreeSync Premium<\/strong>, pour un affichage fluide et sans d\u00e9chirures<\/li>\n<li>16 Go de m\u00e9moire vive DDR5 4800 MHz (2 slots avec maximum 64 Go au total)<\/li>\n<li>Puce graphique\u00a0<strong>NVIDIA RTX 4050<\/strong> avec 6 Go de m\u00e9moire d\u00e9di\u00e9e GDDR6<\/li>\n<li>Connecteur HDMI 2.0 (compatibles 4K @60 Hz)<\/li>\n<li><strong>SSD M.2 PCIe de 512 Go<\/strong><\/li>\n<li><strong>Clavier Gamer SteelSeries\u00a0<\/strong>avec\u00a0<strong>r\u00e9tro\u00e9clairage BLEU<\/strong>\u00a0et Silver Lining Print<\/li>\n<li>1 port USB 3.0 Type C + 3 ports USB 3.0<\/li>\n<li>Communication sans fil fiable et performante\u00a0<strong>Wi-Fi\u00a0AX<\/strong>\u00a0+<strong>\u00a0Bluetooth 5.1<\/strong><\/li>\n<li>Webcam HD 720p int\u00e9gr\u00e9e<\/li>\n<li>PC portable sans Windows, avec FreeDOS<\/li>\n<li>Neuf sans emballage<\/li>\n<\/ul>\n","protected":false},"featured_media":1007770,"template":"","meta":{"_acf_changed":false},"pwb-brand":[],"product_brand":[],"product_cat":[122,121],"product_tag":[],"pcb_component_type":[],"class_list":{"0":"post-7766","1":"product","2":"type-product","3":"status-publish","4":"has-post-thumbnail","6":"product_cat-gaming","7":"product_cat-pc-portable","9":"first","10":"outofstock","11":"shipping-taxable","12":"product-type-simple"},"translation":{"provider":"WPGlobus","version":"3.0.2","language":"fr","enabled_languages":["en","es","de","fr","ru"],"languages":{"en":{"title":true,"content":true,"excerpt":true},"es":{"title":false,"content":false,"excerpt":false},"de":{"title":false,"content":false,"excerpt":false},"fr":{"title":false,"content":false,"excerpt":false},"ru":{"title":false,"content":false,"excerpt":false}}},"acf":[],"yoast_head":"<!-- This site is optimized with the Yoast SEO plugin v27.2 - https:\/\/yoast.com\/product\/yoast-seo-wordpress\/ -->\n<title>MSI BRAVO 17 C7V-013FR RYZEN 7 7735HS\/16GB\/512GB\/RTX4050\/17.3 144HZ - Osaka<\/title>\n<meta name=\"robots\" content=\"index, follow, max-snippet:-1, max-image-preview:large, max-video-preview:-1\" \/>\n<link rel=\"canonical\" href=\"https:\/\/osaka.ma\/product\/msi-bravo-17-c7v-013fr-ryzen-7-7735hs-16gb-512gb-rtx4050-17-3-144hz\/\" \/>\n<meta property=\"og:locale\" content=\"fr_FR\" \/>\n<meta property=\"og:type\" content=\"article\" \/>\n<meta property=\"og:title\" content=\"MSI BRAVO 17 C7V-013FR RYZEN 7 7735HS\/16GB\/512GB\/RTX4050\/17.3 144HZ - Osaka\" \/>\n<meta property=\"og:url\" content=\"https:\/\/osaka.ma\/product\/msi-bravo-17-c7v-013fr-ryzen-7-7735hs-16gb-512gb-rtx4050-17-3-144hz\/\" \/>\n<meta property=\"og:site_name\" content=\"Osaka\" \/>\n<meta property=\"article:modified_time\" content=\"2024-12-18T15:35:50+00:00\" \/>\n<meta property=\"og:image\" content=\"https:\/\/osaka.ma\/wp-content\/uploads\/2024\/03\/MSI-BRAVO-17-C7V-013FR-RYZEN-7-7735HS-16GB-512GB-RTX4050-17.3-144HZ.png\" \/>\n\t<meta property=\"og:image:width\" content=\"1600\" \/>\n\t<meta property=\"og:image:height\" content=\"1600\" \/>\n\t<meta property=\"og:image:type\" content=\"image\/png\" \/>\n<meta name=\"twitter:card\" content=\"summary_large_image\" \/>\n<meta name=\"twitter:label1\" content=\"Dur\u00e9e de lecture estim\u00e9e\" \/>\n\t<meta name=\"twitter:data1\" content=\"2 minutes\" \/>\n<script type=\"application\/ld+json\" class=\"yoast-schema-graph\">{\"@context\":\"https:\/\/schema.org\",\"@graph\":[{\"@type\":\"WebPage\",\"@id\":\"https:\/\/osaka.ma\/product\/msi-bravo-17-c7v-013fr-ryzen-7-7735hs-16gb-512gb-rtx4050-17-3-144hz\/\",\"url\":\"https:\/\/osaka.ma\/product\/msi-bravo-17-c7v-013fr-ryzen-7-7735hs-16gb-512gb-rtx4050-17-3-144hz\/\",\"name\":\"MSI BRAVO 17 C7V-013FR RYZEN 7 7735HS\/16GB\/512GB\/RTX4050\/17.3 144HZ - Osaka\",\"isPartOf\":{\"@id\":\"https:\/\/osaka.ma\/#website\"},\"primaryImageOfPage\":{\"@id\":\"https:\/\/osaka.ma\/product\/msi-bravo-17-c7v-013fr-ryzen-7-7735hs-16gb-512gb-rtx4050-17-3-144hz\/#primaryimage\"},\"image\":{\"@id\":\"https:\/\/osaka.ma\/product\/msi-bravo-17-c7v-013fr-ryzen-7-7735hs-16gb-512gb-rtx4050-17-3-144hz\/#primaryimage\"},\"thumbnailUrl\":\"https:\/\/osaka.ma\/wp-content\/uploads\/2024\/03\/MSI-BRAVO-17-C7V-013FR-RYZEN-7-7735HS-16GB-512GB-RTX4050-17.3-144HZ.png\",\"datePublished\":\"2024-03-18T20:00:20+00:00\",\"dateModified\":\"2024-12-18T15:35:50+00:00\",\"breadcrumb\":{\"@id\":\"https:\/\/osaka.ma\/product\/msi-bravo-17-c7v-013fr-ryzen-7-7735hs-16gb-512gb-rtx4050-17-3-144hz\/#breadcrumb\"},\"inLanguage\":\"fr-FR\",\"potentialAction\":[{\"@type\":\"ReadAction\",\"target\":[\"https:\/\/osaka.ma\/product\/msi-bravo-17-c7v-013fr-ryzen-7-7735hs-16gb-512gb-rtx4050-17-3-144hz\/\"]}]},{\"@type\":\"ImageObject\",\"inLanguage\":\"fr-FR\",\"@id\":\"https:\/\/osaka.ma\/product\/msi-bravo-17-c7v-013fr-ryzen-7-7735hs-16gb-512gb-rtx4050-17-3-144hz\/#primaryimage\",\"url\":\"https:\/\/osaka.ma\/wp-content\/uploads\/2024\/03\/MSI-BRAVO-17-C7V-013FR-RYZEN-7-7735HS-16GB-512GB-RTX4050-17.3-144HZ.png\",\"contentUrl\":\"https:\/\/osaka.ma\/wp-content\/uploads\/2024\/03\/MSI-BRAVO-17-C7V-013FR-RYZEN-7-7735HS-16GB-512GB-RTX4050-17.3-144HZ.png\",\"width\":1600,\"height\":1600},{\"@type\":\"BreadcrumbList\",\"@id\":\"https:\/\/osaka.ma\/product\/msi-bravo-17-c7v-013fr-ryzen-7-7735hs-16gb-512gb-rtx4050-17-3-144hz\/#breadcrumb\",\"itemListElement\":[{\"@type\":\"ListItem\",\"position\":1,\"name\":\"Home\",\"item\":\"https:\/\/osaka.ma\/\"},{\"@type\":\"ListItem\",\"position\":2,\"name\":\"Shop\",\"item\":\"https:\/\/osaka.ma\/shop-2\/\"},{\"@type\":\"ListItem\",\"position\":3,\"name\":\"MSI BRAVO 17 C7V-013FR RYZEN 7 7735HS\/16GB\/512GB\/RTX4050\/17.3 144HZ\"}]},{\"@type\":\"WebSite\",\"@id\":\"https:\/\/osaka.ma\/#website\",\"url\":\"https:\/\/osaka.ma\/\",\"name\":\"Osaka\",\"description\":\"\",\"publisher\":{\"@id\":\"https:\/\/osaka.ma\/#organization\"},\"potentialAction\":[{\"@type\":\"SearchAction\",\"target\":{\"@type\":\"EntryPoint\",\"urlTemplate\":\"https:\/\/osaka.ma\/?s={search_term_string}\"},\"query-input\":{\"@type\":\"PropertyValueSpecification\",\"valueRequired\":true,\"valueName\":\"search_term_string\"}}],\"inLanguage\":\"fr-FR\"},{\"@type\":\"Organization\",\"@id\":\"https:\/\/osaka.ma\/#organization\",\"name\":\"Osaka\",\"url\":\"https:\/\/osaka.ma\/\",\"logo\":{\"@type\":\"ImageObject\",\"inLanguage\":\"fr-FR\",\"@id\":\"https:\/\/osaka.ma\/#\/schema\/logo\/image\/\",\"url\":\"https:\/\/osaka.ma\/wp-content\/uploads\/2026\/01\/model-slogan-logo-2Plan-de-travail-1dksl-plus-finnn.png\",\"contentUrl\":\"https:\/\/osaka.ma\/wp-content\/uploads\/2026\/01\/model-slogan-logo-2Plan-de-travail-1dksl-plus-finnn.png\",\"width\":842,\"height\":226,\"caption\":\"Osaka\"},\"image\":{\"@id\":\"https:\/\/osaka.ma\/#\/schema\/logo\/image\/\"}}]}<\/script>\n<!-- \/ Yoast SEO plugin. -->","yoast_head_json":{"title":"MSI BRAVO 17 C7V-013FR RYZEN 7 7735HS\/16GB\/512GB\/RTX4050\/17.3 144HZ - Osaka","robots":{"index":"index","follow":"follow","max-snippet":"max-snippet:-1","max-image-preview":"max-image-preview:large","max-video-preview":"max-video-preview:-1"},"canonical":"https:\/\/osaka.ma\/product\/msi-bravo-17-c7v-013fr-ryzen-7-7735hs-16gb-512gb-rtx4050-17-3-144hz\/","og_locale":"fr_FR","og_type":"article","og_title":"MSI BRAVO 17 C7V-013FR RYZEN 7 7735HS\/16GB\/512GB\/RTX4050\/17.3 144HZ - Osaka","og_url":"https:\/\/osaka.ma\/product\/msi-bravo-17-c7v-013fr-ryzen-7-7735hs-16gb-512gb-rtx4050-17-3-144hz\/","og_site_name":"Osaka","article_modified_time":"2024-12-18T15:35:50+00:00","og_image":[{"width":1600,"height":1600,"url":"https:\/\/osaka.ma\/wp-content\/uploads\/2024\/03\/MSI-BRAVO-17-C7V-013FR-RYZEN-7-7735HS-16GB-512GB-RTX4050-17.3-144HZ.png","type":"image\/png"}],"twitter_card":"summary_large_image","twitter_misc":{"Dur\u00e9e de lecture estim\u00e9e":"2 minutes"},"schema":{"@context":"https:\/\/schema.org","@graph":[{"@type":"WebPage","@id":"https:\/\/osaka.ma\/product\/msi-bravo-17-c7v-013fr-ryzen-7-7735hs-16gb-512gb-rtx4050-17-3-144hz\/","url":"https:\/\/osaka.ma\/product\/msi-bravo-17-c7v-013fr-ryzen-7-7735hs-16gb-512gb-rtx4050-17-3-144hz\/","name":"MSI BRAVO 17 C7V-013FR RYZEN 7 7735HS\/16GB\/512GB\/RTX4050\/17.3 144HZ - Osaka","isPartOf":{"@id":"https:\/\/osaka.ma\/#website"},"primaryImageOfPage":{"@id":"https:\/\/osaka.ma\/product\/msi-bravo-17-c7v-013fr-ryzen-7-7735hs-16gb-512gb-rtx4050-17-3-144hz\/#primaryimage"},"image":{"@id":"https:\/\/osaka.ma\/product\/msi-bravo-17-c7v-013fr-ryzen-7-7735hs-16gb-512gb-rtx4050-17-3-144hz\/#primaryimage"},"thumbnailUrl":"https:\/\/osaka.ma\/wp-content\/uploads\/2024\/03\/MSI-BRAVO-17-C7V-013FR-RYZEN-7-7735HS-16GB-512GB-RTX4050-17.3-144HZ.png","datePublished":"2024-03-18T20:00:20+00:00","dateModified":"2024-12-18T15:35:50+00:00","breadcrumb":{"@id":"https:\/\/osaka.ma\/product\/msi-bravo-17-c7v-013fr-ryzen-7-7735hs-16gb-512gb-rtx4050-17-3-144hz\/#breadcrumb"},"inLanguage":"fr-FR","potentialAction":[{"@type":"ReadAction","target":["https:\/\/osaka.ma\/product\/msi-bravo-17-c7v-013fr-ryzen-7-7735hs-16gb-512gb-rtx4050-17-3-144hz\/"]}]},{"@type":"ImageObject","inLanguage":"fr-FR","@id":"https:\/\/osaka.ma\/product\/msi-bravo-17-c7v-013fr-ryzen-7-7735hs-16gb-512gb-rtx4050-17-3-144hz\/#primaryimage","url":"https:\/\/osaka.ma\/wp-content\/uploads\/2024\/03\/MSI-BRAVO-17-C7V-013FR-RYZEN-7-7735HS-16GB-512GB-RTX4050-17.3-144HZ.png","contentUrl":"https:\/\/osaka.ma\/wp-content\/uploads\/2024\/03\/MSI-BRAVO-17-C7V-013FR-RYZEN-7-7735HS-16GB-512GB-RTX4050-17.3-144HZ.png","width":1600,"height":1600},{"@type":"BreadcrumbList","@id":"https:\/\/osaka.ma\/product\/msi-bravo-17-c7v-013fr-ryzen-7-7735hs-16gb-512gb-rtx4050-17-3-144hz\/#breadcrumb","itemListElement":[{"@type":"ListItem","position":1,"name":"Home","item":"https:\/\/osaka.ma\/"},{"@type":"ListItem","position":2,"name":"Shop","item":"https:\/\/osaka.ma\/shop-2\/"},{"@type":"ListItem","position":3,"name":"MSI BRAVO 17 C7V-013FR RYZEN 7 7735HS\/16GB\/512GB\/RTX4050\/17.3 144HZ"}]},{"@type":"WebSite","@id":"https:\/\/osaka.ma\/#website","url":"https:\/\/osaka.ma\/","name":"Osaka","description":"","publisher":{"@id":"https:\/\/osaka.ma\/#organization"},"potentialAction":[{"@type":"SearchAction","target":{"@type":"EntryPoint","urlTemplate":"https:\/\/osaka.ma\/?s={search_term_string}"},"query-input":{"@type":"PropertyValueSpecification","valueRequired":true,"valueName":"search_term_string"}}],"inLanguage":"fr-FR"},{"@type":"Organization","@id":"https:\/\/osaka.ma\/#organization","name":"Osaka","url":"https:\/\/osaka.ma\/","logo":{"@type":"ImageObject","inLanguage":"fr-FR","@id":"https:\/\/osaka.ma\/#\/schema\/logo\/image\/","url":"https:\/\/osaka.ma\/wp-content\/uploads\/2026\/01\/model-slogan-logo-2Plan-de-travail-1dksl-plus-finnn.png","contentUrl":"https:\/\/osaka.ma\/wp-content\/uploads\/2026\/01\/model-slogan-logo-2Plan-de-travail-1dksl-plus-finnn.png","width":842,"height":226,"caption":"Osaka"},"image":{"@id":"https:\/\/osaka.ma\/#\/schema\/logo\/image\/"}}]}},"jetpack_sharing_enabled":true,"brands":[],"_links":{"self":[{"href":"https:\/\/osaka.ma\/fr\/wp-json\/wp\/v2\/product\/7766","targetHints":{"allow":["GET"]}}],"collection":[{"href":"https:\/\/osaka.ma\/fr\/wp-json\/wp\/v2\/product"}],"about":[{"href":"https:\/\/osaka.ma\/fr\/wp-json\/wp\/v2\/types\/product"}],"version-history":[{"count":0,"href":"https:\/\/osaka.ma\/fr\/wp-json\/wp\/v2\/product\/7766\/revisions"}],"wp:featuredmedia":[{"embeddable":true,"href":"https:\/\/osaka.ma\/fr\/wp-json\/wp\/v2\/media\/1007770"}],"wp:attachment":[{"href":"https:\/\/osaka.ma\/fr\/wp-json\/wp\/v2\/media?parent=7766"}],"wp:term":[{"taxonomy":"pwb-brand","embeddable":true,"href":"https:\/\/osaka.ma\/fr\/wp-json\/wp\/v2\/pwb-brand?post=7766"},{"taxonomy":"product_brand","embeddable":true,"href":"https:\/\/osaka.ma\/fr\/wp-json\/wp\/v2\/product_brand?post=7766"},{"taxonomy":"product_cat","embeddable":true,"href":"https:\/\/osaka.ma\/fr\/wp-json\/wp\/v2\/product_cat?post=7766"},{"taxonomy":"product_tag","embeddable":true,"href":"https:\/\/osaka.ma\/fr\/wp-json\/wp\/v2\/product_tag?post=7766"},{"taxonomy":"pcb_component_type","embeddable":true,"href":"https:\/\/osaka.ma\/fr\/wp-json\/wp\/v2\/pcb_component_type?post=7766"}],"curies":[{"name":"wp","href":"https:\/\/api.w.org\/{rel}","templated":true}]}}