{"id":8148,"date":"2024-04-03T10:52:15","date_gmt":"2024-04-03T10:52:15","guid":{"rendered":"https:\/\/osaka.ma\/?post_type=product&#038;p=8148"},"modified":"2024-12-18T15:35:53","modified_gmt":"2024-12-18T15:35:53","slug":"pc-gamer-osaka-gen7-ryzen-5-5500-rx-7600","status":"publish","type":"product","link":"https:\/\/osaka.ma\/fr\/product\/pc-gamer-osaka-gen7-ryzen-5-5500-rx-7600\/","title":{"rendered":"PC Gamer Osaka Gen7 RYZEN 5\/5500 RX 7600"},"content":{"rendered":"<div id=\"description\" class=\"description\">\n<div><img decoding=\"async\" class=\" wp-image-6550 aligncenter\" src=\"https:\/\/osaka.ma\/wp-content\/uploads\/2023\/10\/OSA-1.png\" alt=\"\" width=\"294\" height=\"113\" \/><\/div>\n<\/div>\n<div><\/div>\n<div><\/div>\n<div id=\"description\" class=\"description\">\n<div><i><img decoding=\"async\" class=\"\" src=\"https:\/\/media.ldlc.com\/bo\/images\/fiches\/kit_upgrade\/case_80.png\" alt=\"\" width=\"48\" height=\"48\" \/><\/i><i>PC Gaming abordable, le\u00a0<strong>PC de bureau Osaka Gen5 <\/strong>\u00a0sera un alli\u00e9 de choix pour jouer aux jeux les plus r\u00e9cents sans pour autant vider votre compte en banque. Particuli\u00e8rement efficace, cet ordinateur d\u00e9di\u00e9 aux jeux vid\u00e9o vous permettra d\u2019aller \u00e0 l\u2019essentiel. Il est \u00e9quip\u00e9 d\u2019un\u00a0<strong>processeur Ryzen 5 5500<\/strong>, d\u2019une\u00a0<strong>carte m\u00e8re avec chipset Amd A520<\/strong>, de 16<strong>Go de RAM DDR4<\/strong>\u00a0et d\u2019une\u00a0<strong>carte graphique AMD GIGABYTE OC RX 7600 8GB TRIO<\/strong>. Il dispose \u00e9galement d\u2019un disque\u00a0<strong>SSD M.2 de 256GB<\/strong>\u00a0pour un syst\u00e8me ultra r\u00e9actif.<\/i><\/div>\n<div>\n<p>&nbsp;<\/p>\n<ul>\n<li>Processeur <a href=\"https:\/\/osaka.ma\/produit\/amd-ryzen-5-5500-wraith-stealth-3-6-ghz-4-2-ghz-box\/\"><strong>AMD Ryzen 5 5500 Wraith Stealth (4.0 GHz \/ 5.2 GHz)<\/strong><\/a><\/li>\n<li>Carte m\u00e8re <a href=\"https:\/\/osaka.ma\/produit\/asus-prime-a520m-k\/\">ASUS PRIME A520M-K<\/a><\/li>\n<li>Ram <a href=\"https:\/\/osaka.ma\/produit\/16gb-corsair-lpx-8x2-3200mhz\/\">16GB (8&#215;2) CORSAIR LPX 3200MHZ<\/a><\/li>\n<li>Carte graphique <a href=\"https:\/\/osaka.ma\/produit\/gigabyte-radeon-rx-7600-gaming-oc\/\">GIGABYTE OC RX 7600 8GB TRIO<\/a><\/li>\n<li>Bo\u00eetier Moyen Tour<a href=\"https:\/\/osaka.ma\/produit\/aerocool-streak\/\"><strong> AEROCOOL STREAK RGB<\/strong><\/a><\/li>\n<li>SSD <a href=\"https:\/\/osaka.ma\/produit\/teamgroup-mp33-m-2-pcie-nvme-256gb\/\">256GB SSD M.2<\/a><\/li>\n<li>Ventirad\u00a0 MARS GAMING MCPU120 RGB<\/li>\n<li>Alimentation <a href=\"https:\/\/osaka.ma\/produit\/aerocool-vx-plus-550w\/\">AEROCOOL VX 550W 80PLUS BRONZE<\/a><\/li>\n<li><strong>Win11 \/ Bien assembl\u00e9<\/strong><\/li>\n<\/ul>\n<\/div>\n<\/div>\n<h2 class=\"h2-master\">Arsenal Gamer pour Gaming Non-Stop !<\/h2>\n<section>Que vous soyez joueur d\u00e9butant ou aguerri, Le\u00a0<i><strong>Osaka Gen5<\/strong><\/i> avec sa carte graphique GIGABYTE OC RX 7600 8GB TRIO<strong>\u00a0<\/strong>et son\u00a0<strong>SSD M.2 de 256GB <\/strong>conviendra \u00e0 vos besoins et exigences pour ne faire aucun compromis sur la puissance et la r\u00e9activit\u00e9. Configuration \u00e9quilibr\u00e9e et abordable, elle vous permettra d\u2019aller \u00e0 l\u2019essentiel : JOUER et GAGNER. Faites confiance au PC\u00a0<i><strong>Osaka Gen5<\/strong><\/i>, The Best Seller.<\/section>\n<div id=\"description\" class=\"description\">\n<p><img fetchpriority=\"high\" decoding=\"async\" class=\"\" src=\"https:\/\/static0.gamerantimages.com\/wordpress\/wp-content\/uploads\/2024\/01\/amd-zen-5-ryzen-9000-mass-production-leak.jpg\" alt=\"Rumor: AMD Next-Gen Zen 5 CPUs Could Already Be in the Works\" width=\"831\" height=\"415\" \/><\/p>\n<\/div>\n<h2>6\u00a0C\u0152URS NATIFS\u00a0ET 12 C\u0152URS LOGIQUES<\/h2>\n<p>Le\u00a0<strong>processeur pour PC de bureau\u00a0AMD Ryzen 5 5500\u00a0<\/strong>propose\u00a0<strong>6 c\u0153urs natifs<\/strong>\u00a0et\u00a0<strong>12 c\u0153urs logiques<\/strong>\u00a0pour un traitement multit\u00e2che agr\u00e9ablement fluide. Gr\u00e2ce \u00e0 sa\u00a0<strong>fr\u00e9quence native \u00e9lev\u00e9e<\/strong>\u00a0et \u00e0 son mode\u00a0<strong><em>Turbo Core<\/em><\/strong>\u00a0ajustant la puissance en fonction des besoins, le\u00a0<strong>CPU AMD Ryzen de nouvelle g\u00e9n\u00e9ration<\/strong>\u00a0d\u00e9livre des performances exceptionnelles dans tous les domaines : Jeux vid\u00e9o, multit\u00e2che intensif, \u00e9dition vid\u00e9o, mod\u00e9lisation 3D et bien plus encore. Le\u00a0<strong>cache L3 de 16 Mo<\/strong>\u00a0permet en outre le traitement ultrarapide d&#8217;un grand nombre d&#8217;instructions gr\u00e2ce \u00e0 des latences r\u00e9duites.<\/p>\n<p>&nbsp;<\/p>\n<h2 class=\"h2-master\">Performance ultime en Full HD 1080p<\/h2>\n<section>Bas\u00e9e sur l&#8217;<strong>architecture RDNA 3<\/strong>, la\u00a0<strong>carte graphique Gigabyte Radeon RX 7600 XT GAMING OC 16G\u00a0<\/strong>est con\u00e7ue pour offrir les meilleures performances possibles en\u00a0Full HD 1080p. Puissante et efficace, elle ravira joueurs et cr\u00e9atifs \u00e0 la recherche d&#8217;une solution graphique performante et novatrice. Les technologies de pointe comme AMD Radeon Super Resolution, AMD Smart Access Memory, AMD Radeon Boost, AMD FreeSync ou encore AMD Radeon Anti-Lag vous permettent d&#8217;obtenir des jeux ultra-fluides avec un rendu graphique spectaculaire.<\/section>\n<section>\n<div class=\"desc-image\"><img loading=\"lazy\" decoding=\"async\" class=\"\" src=\"https:\/\/media.ldlc.com\/bo\/images\/fiches\/Carte_graphique\/amd\/amd_radeon_rx_7600_xt_001.jpg\" width=\"746\" height=\"466\" \/><\/div>\n<\/section>\n<div>\n<h3><strong>Aerocool Streak PC Gaming Case, Mid-Tower, ATX, RGB, 18 Lighting modes, Full Window, Ideal for First Time and Experienced gamers , Black<\/strong><\/h3>\n<div><\/div>\n<div id=\"description\" class=\"description\">\n<div class=\"details-pdt-desc\">\n<section>\n<div class=\"desc-image\">\n<div class=\"v6bUne qmmlRd\" data-ved=\"0CBAQ-z9qFwoTCLiQkNnFnIUDFQAAAAAdAAAAABBN\" data-hveid=\"16\" data-lnsmd=\"\">\n<div class=\"p7sI2 PUxBg\" data-ved=\"0CBEQ5OoBahcKEwi4kJDZxZyFAxUAAAAAHQAAAAAQTQ\"><img loading=\"lazy\" decoding=\"async\" class=\"sFlh5c pT0Scc iPVvYb\" src=\"https:\/\/m.media-amazon.com\/images\/I\/51mjpOXoxKL.jpg\" alt=\"Aerocool Streak PC Gaming Case, Mid-Tower, ATX, RGB, 18 Lighting modes, Full Window, Ideal for First Time and Experienced gamers , Black : Amazon.fr: Informatique\" width=\"805\" height=\"453\" aria-hidden=\"false\" \/><\/div>\n<\/div>\n<\/div>\n<\/section>\n<\/div>\n<\/div>\n<\/div>\n","protected":false},"excerpt":{"rendered":"<div><i>PC Gaming abordable, le\u00a0<strong>PC de bureau Osaka Gen5 <\/strong>\u00a0sera un alli\u00e9 de choix pour jouer aux jeux les plus r\u00e9cents sans pour autant vider votre compte en banque. Particuli\u00e8rement efficace, cet ordinateur d\u00e9di\u00e9 aux jeux vid\u00e9o vous permettra d\u2019aller \u00e0 l\u2019essentiel. Il est \u00e9quip\u00e9 d\u2019un\u00a0<strong>processeur Ryzen 5 5500<\/strong>, d\u2019une\u00a0<strong>carte m\u00e8re avec chipset Amd A520<\/strong>, de 16<strong>Go de RAM DDR4<\/strong>\u00a0et d\u2019une\u00a0<strong>carte graphique AMD GIGABYTE OC RX 7600 8GB TRIO<\/strong>. Il dispose \u00e9galement d\u2019un disque\u00a0<strong>SSD M.2 de 256GB<\/strong>\u00a0pour un syst\u00e8me ultra r\u00e9actif.<\/i><\/div>\n<div>\n<p>&nbsp;<\/p>\n<ul>\n<li>Processeur <strong>AMD Ryzen 5 5500 Wraith Stealth (4.0 GHz \/ 5.2 GHz)<\/strong><\/li>\n<li>Carte m\u00e8re ASUS PRIME A520M-K<\/li>\n<li>Ram 16GB (8&#215;2) CORSAIR LPX 3200MHZ<\/li>\n<li>Carte graphique GIGABYTE OC RX 7600 8GB TRIO<\/li>\n<li>Bo\u00eetier Moyen Tour<strong> AEROCOOL STREAK RGB<\/strong><\/li>\n<li>SSD 256GB SSD M.2<\/li>\n<li>Ventirad\u00a0 MARS GAMING MCPU120 RGB<\/li>\n<li>Alimentation AEROCOOL VX 550W 80PLUS BRONZE<\/li>\n<li><strong>Win11 \/ Bien assembl\u00e9<\/strong><\/li>\n<\/ul>\n<\/div>\n","protected":false},"featured_media":1008103,"template":"","meta":{"_acf_changed":false},"pwb-brand":[],"product_brand":[],"product_cat":[54,53],"product_tag":[],"pcb_component_type":[],"class_list":{"0":"post-8148","1":"product","2":"type-product","3":"status-publish","4":"has-post-thumbnail","6":"product_cat-amd-ryzen","7":"product_cat-pc-gamer","9":"first","10":"outofstock","11":"shipping-taxable","12":"product-type-simple"},"translation":{"provider":"WPGlobus","version":"3.0.2","language":"fr","enabled_languages":["en","es","de","fr","ru"],"languages":{"en":{"title":true,"content":true,"excerpt":true},"es":{"title":false,"content":false,"excerpt":false},"de":{"title":false,"content":false,"excerpt":false},"fr":{"title":false,"content":false,"excerpt":false},"ru":{"title":false,"content":false,"excerpt":false}}},"acf":[],"yoast_head":"<!-- This site is optimized with the Yoast SEO plugin v27.2 - https:\/\/yoast.com\/product\/yoast-seo-wordpress\/ -->\n<title>PC Gamer Osaka Gen7 RYZEN 5\/5500 RX 7600 - Osaka<\/title>\n<meta name=\"robots\" content=\"index, follow, max-snippet:-1, max-image-preview:large, max-video-preview:-1\" \/>\n<link rel=\"canonical\" href=\"https:\/\/osaka.ma\/product\/pc-gamer-osaka-gen7-ryzen-5-5500-rx-7600\/\" \/>\n<meta property=\"og:locale\" content=\"fr_FR\" \/>\n<meta property=\"og:type\" content=\"article\" \/>\n<meta property=\"og:title\" content=\"PC Gamer Osaka Gen7 RYZEN 5\/5500 RX 7600 - Osaka\" \/>\n<meta property=\"og:url\" content=\"https:\/\/osaka.ma\/product\/pc-gamer-osaka-gen7-ryzen-5-5500-rx-7600\/\" \/>\n<meta property=\"og:site_name\" content=\"Osaka\" \/>\n<meta property=\"article:modified_time\" content=\"2024-12-18T15:35:53+00:00\" \/>\n<meta property=\"og:image\" content=\"https:\/\/osaka.ma\/wp-content\/uploads\/2024\/03\/Streak-Pc-Gamer-Ryzen-5-4600G-Maroc-Setup-Game.jpg\" \/>\n\t<meta property=\"og:image:width\" content=\"600\" \/>\n\t<meta property=\"og:image:height\" content=\"600\" \/>\n\t<meta property=\"og:image:type\" content=\"image\/jpeg\" \/>\n<meta name=\"twitter:card\" content=\"summary_large_image\" \/>\n<meta name=\"twitter:label1\" content=\"Dur\u00e9e de lecture estim\u00e9e\" \/>\n\t<meta name=\"twitter:data1\" content=\"4 minutes\" \/>\n<script type=\"application\/ld+json\" class=\"yoast-schema-graph\">{\"@context\":\"https:\/\/schema.org\",\"@graph\":[{\"@type\":\"WebPage\",\"@id\":\"https:\/\/osaka.ma\/product\/pc-gamer-osaka-gen7-ryzen-5-5500-rx-7600\/\",\"url\":\"https:\/\/osaka.ma\/product\/pc-gamer-osaka-gen7-ryzen-5-5500-rx-7600\/\",\"name\":\"PC Gamer Osaka Gen7 RYZEN 5\/5500 RX 7600 - Osaka\",\"isPartOf\":{\"@id\":\"https:\/\/osaka.ma\/#website\"},\"primaryImageOfPage\":{\"@id\":\"https:\/\/osaka.ma\/product\/pc-gamer-osaka-gen7-ryzen-5-5500-rx-7600\/#primaryimage\"},\"image\":{\"@id\":\"https:\/\/osaka.ma\/product\/pc-gamer-osaka-gen7-ryzen-5-5500-rx-7600\/#primaryimage\"},\"thumbnailUrl\":\"https:\/\/osaka.ma\/wp-content\/uploads\/2024\/03\/Streak-Pc-Gamer-Ryzen-5-4600G-Maroc-Setup-Game.jpg\",\"datePublished\":\"2024-04-03T10:52:15+00:00\",\"dateModified\":\"2024-12-18T15:35:53+00:00\",\"breadcrumb\":{\"@id\":\"https:\/\/osaka.ma\/product\/pc-gamer-osaka-gen7-ryzen-5-5500-rx-7600\/#breadcrumb\"},\"inLanguage\":\"fr-FR\",\"potentialAction\":[{\"@type\":\"ReadAction\",\"target\":[\"https:\/\/osaka.ma\/product\/pc-gamer-osaka-gen7-ryzen-5-5500-rx-7600\/\"]}]},{\"@type\":\"ImageObject\",\"inLanguage\":\"fr-FR\",\"@id\":\"https:\/\/osaka.ma\/product\/pc-gamer-osaka-gen7-ryzen-5-5500-rx-7600\/#primaryimage\",\"url\":\"https:\/\/osaka.ma\/wp-content\/uploads\/2024\/03\/Streak-Pc-Gamer-Ryzen-5-4600G-Maroc-Setup-Game.jpg\",\"contentUrl\":\"https:\/\/osaka.ma\/wp-content\/uploads\/2024\/03\/Streak-Pc-Gamer-Ryzen-5-4600G-Maroc-Setup-Game.jpg\",\"width\":600,\"height\":600},{\"@type\":\"BreadcrumbList\",\"@id\":\"https:\/\/osaka.ma\/product\/pc-gamer-osaka-gen7-ryzen-5-5500-rx-7600\/#breadcrumb\",\"itemListElement\":[{\"@type\":\"ListItem\",\"position\":1,\"name\":\"Home\",\"item\":\"https:\/\/osaka.ma\/\"},{\"@type\":\"ListItem\",\"position\":2,\"name\":\"Shop\",\"item\":\"https:\/\/osaka.ma\/shop-2\/\"},{\"@type\":\"ListItem\",\"position\":3,\"name\":\"PC Gamer Osaka Gen7 RYZEN 5\/5500 RX 7600\"}]},{\"@type\":\"WebSite\",\"@id\":\"https:\/\/osaka.ma\/#website\",\"url\":\"https:\/\/osaka.ma\/\",\"name\":\"Osaka\",\"description\":\"\",\"publisher\":{\"@id\":\"https:\/\/osaka.ma\/#organization\"},\"potentialAction\":[{\"@type\":\"SearchAction\",\"target\":{\"@type\":\"EntryPoint\",\"urlTemplate\":\"https:\/\/osaka.ma\/?s={search_term_string}\"},\"query-input\":{\"@type\":\"PropertyValueSpecification\",\"valueRequired\":true,\"valueName\":\"search_term_string\"}}],\"inLanguage\":\"fr-FR\"},{\"@type\":\"Organization\",\"@id\":\"https:\/\/osaka.ma\/#organization\",\"name\":\"Osaka\",\"url\":\"https:\/\/osaka.ma\/\",\"logo\":{\"@type\":\"ImageObject\",\"inLanguage\":\"fr-FR\",\"@id\":\"https:\/\/osaka.ma\/#\/schema\/logo\/image\/\",\"url\":\"https:\/\/osaka.ma\/wp-content\/uploads\/2026\/01\/model-slogan-logo-2Plan-de-travail-1dksl-plus-finnn.png\",\"contentUrl\":\"https:\/\/osaka.ma\/wp-content\/uploads\/2026\/01\/model-slogan-logo-2Plan-de-travail-1dksl-plus-finnn.png\",\"width\":842,\"height\":226,\"caption\":\"Osaka\"},\"image\":{\"@id\":\"https:\/\/osaka.ma\/#\/schema\/logo\/image\/\"}}]}<\/script>\n<!-- \/ Yoast SEO plugin. -->","yoast_head_json":{"title":"PC Gamer Osaka Gen7 RYZEN 5\/5500 RX 7600 - Osaka","robots":{"index":"index","follow":"follow","max-snippet":"max-snippet:-1","max-image-preview":"max-image-preview:large","max-video-preview":"max-video-preview:-1"},"canonical":"https:\/\/osaka.ma\/product\/pc-gamer-osaka-gen7-ryzen-5-5500-rx-7600\/","og_locale":"fr_FR","og_type":"article","og_title":"PC Gamer Osaka Gen7 RYZEN 5\/5500 RX 7600 - Osaka","og_url":"https:\/\/osaka.ma\/product\/pc-gamer-osaka-gen7-ryzen-5-5500-rx-7600\/","og_site_name":"Osaka","article_modified_time":"2024-12-18T15:35:53+00:00","og_image":[{"width":600,"height":600,"url":"https:\/\/osaka.ma\/wp-content\/uploads\/2024\/03\/Streak-Pc-Gamer-Ryzen-5-4600G-Maroc-Setup-Game.jpg","type":"image\/jpeg"}],"twitter_card":"summary_large_image","twitter_misc":{"Dur\u00e9e de lecture estim\u00e9e":"4 minutes"},"schema":{"@context":"https:\/\/schema.org","@graph":[{"@type":"WebPage","@id":"https:\/\/osaka.ma\/product\/pc-gamer-osaka-gen7-ryzen-5-5500-rx-7600\/","url":"https:\/\/osaka.ma\/product\/pc-gamer-osaka-gen7-ryzen-5-5500-rx-7600\/","name":"PC Gamer Osaka Gen7 RYZEN 5\/5500 RX 7600 - Osaka","isPartOf":{"@id":"https:\/\/osaka.ma\/#website"},"primaryImageOfPage":{"@id":"https:\/\/osaka.ma\/product\/pc-gamer-osaka-gen7-ryzen-5-5500-rx-7600\/#primaryimage"},"image":{"@id":"https:\/\/osaka.ma\/product\/pc-gamer-osaka-gen7-ryzen-5-5500-rx-7600\/#primaryimage"},"thumbnailUrl":"https:\/\/osaka.ma\/wp-content\/uploads\/2024\/03\/Streak-Pc-Gamer-Ryzen-5-4600G-Maroc-Setup-Game.jpg","datePublished":"2024-04-03T10:52:15+00:00","dateModified":"2024-12-18T15:35:53+00:00","breadcrumb":{"@id":"https:\/\/osaka.ma\/product\/pc-gamer-osaka-gen7-ryzen-5-5500-rx-7600\/#breadcrumb"},"inLanguage":"fr-FR","potentialAction":[{"@type":"ReadAction","target":["https:\/\/osaka.ma\/product\/pc-gamer-osaka-gen7-ryzen-5-5500-rx-7600\/"]}]},{"@type":"ImageObject","inLanguage":"fr-FR","@id":"https:\/\/osaka.ma\/product\/pc-gamer-osaka-gen7-ryzen-5-5500-rx-7600\/#primaryimage","url":"https:\/\/osaka.ma\/wp-content\/uploads\/2024\/03\/Streak-Pc-Gamer-Ryzen-5-4600G-Maroc-Setup-Game.jpg","contentUrl":"https:\/\/osaka.ma\/wp-content\/uploads\/2024\/03\/Streak-Pc-Gamer-Ryzen-5-4600G-Maroc-Setup-Game.jpg","width":600,"height":600},{"@type":"BreadcrumbList","@id":"https:\/\/osaka.ma\/product\/pc-gamer-osaka-gen7-ryzen-5-5500-rx-7600\/#breadcrumb","itemListElement":[{"@type":"ListItem","position":1,"name":"Home","item":"https:\/\/osaka.ma\/"},{"@type":"ListItem","position":2,"name":"Shop","item":"https:\/\/osaka.ma\/shop-2\/"},{"@type":"ListItem","position":3,"name":"PC Gamer Osaka Gen7 RYZEN 5\/5500 RX 7600"}]},{"@type":"WebSite","@id":"https:\/\/osaka.ma\/#website","url":"https:\/\/osaka.ma\/","name":"Osaka","description":"","publisher":{"@id":"https:\/\/osaka.ma\/#organization"},"potentialAction":[{"@type":"SearchAction","target":{"@type":"EntryPoint","urlTemplate":"https:\/\/osaka.ma\/?s={search_term_string}"},"query-input":{"@type":"PropertyValueSpecification","valueRequired":true,"valueName":"search_term_string"}}],"inLanguage":"fr-FR"},{"@type":"Organization","@id":"https:\/\/osaka.ma\/#organization","name":"Osaka","url":"https:\/\/osaka.ma\/","logo":{"@type":"ImageObject","inLanguage":"fr-FR","@id":"https:\/\/osaka.ma\/#\/schema\/logo\/image\/","url":"https:\/\/osaka.ma\/wp-content\/uploads\/2026\/01\/model-slogan-logo-2Plan-de-travail-1dksl-plus-finnn.png","contentUrl":"https:\/\/osaka.ma\/wp-content\/uploads\/2026\/01\/model-slogan-logo-2Plan-de-travail-1dksl-plus-finnn.png","width":842,"height":226,"caption":"Osaka"},"image":{"@id":"https:\/\/osaka.ma\/#\/schema\/logo\/image\/"}}]}},"jetpack_sharing_enabled":true,"brands":[],"_links":{"self":[{"href":"https:\/\/osaka.ma\/fr\/wp-json\/wp\/v2\/product\/8148","targetHints":{"allow":["GET"]}}],"collection":[{"href":"https:\/\/osaka.ma\/fr\/wp-json\/wp\/v2\/product"}],"about":[{"href":"https:\/\/osaka.ma\/fr\/wp-json\/wp\/v2\/types\/product"}],"version-history":[{"count":0,"href":"https:\/\/osaka.ma\/fr\/wp-json\/wp\/v2\/product\/8148\/revisions"}],"wp:featuredmedia":[{"embeddable":true,"href":"https:\/\/osaka.ma\/fr\/wp-json\/wp\/v2\/media\/1008103"}],"wp:attachment":[{"href":"https:\/\/osaka.ma\/fr\/wp-json\/wp\/v2\/media?parent=8148"}],"wp:term":[{"taxonomy":"pwb-brand","embeddable":true,"href":"https:\/\/osaka.ma\/fr\/wp-json\/wp\/v2\/pwb-brand?post=8148"},{"taxonomy":"product_brand","embeddable":true,"href":"https:\/\/osaka.ma\/fr\/wp-json\/wp\/v2\/product_brand?post=8148"},{"taxonomy":"product_cat","embeddable":true,"href":"https:\/\/osaka.ma\/fr\/wp-json\/wp\/v2\/product_cat?post=8148"},{"taxonomy":"product_tag","embeddable":true,"href":"https:\/\/osaka.ma\/fr\/wp-json\/wp\/v2\/product_tag?post=8148"},{"taxonomy":"pcb_component_type","embeddable":true,"href":"https:\/\/osaka.ma\/fr\/wp-json\/wp\/v2\/pcb_component_type?post=8148"}],"curies":[{"name":"wp","href":"https:\/\/api.w.org\/{rel}","templated":true}]}}