{"id":8212,"date":"2024-04-03T15:37:29","date_gmt":"2024-04-03T15:37:29","guid":{"rendered":"https:\/\/osaka.ma\/?post_type=product&#038;p=8212"},"modified":"2025-04-09T20:06:56","modified_gmt":"2025-04-09T20:06:56","slug":"16gb-8x2-crucial-ddr5-4800mhz","status":"publish","type":"product","link":"https:\/\/osaka.ma\/fr\/product\/16gb-8x2-crucial-ddr5-4800mhz\/","title":{"rendered":"16GB (8X2) CRUCIAL DDR5 4800MHZ"},"content":{"rendered":"<p>La m\u00e9moire\u00a0Crucial DDR5\u00a0pour ordinateur de bureau fournit la vitesse et la bande passante n\u00e9cessaires pour r\u00e9pondre aux exigences des processeurs multi-c\u0153urs de nouvelle g\u00e9n\u00e9ration. La DDR5 offre des vitesses 50% plus rapides que la g\u00e9n\u00e9ration pr\u00e9c\u00e9dente<br \/>\n\u00e0 sa sortie, et permet aux entreprises et aux utilisateurs de stations de travail de profiter de performances extr\u00eames imm\u00e9diatement.<\/p>\n<p>&nbsp;<\/p>\n<p><img fetchpriority=\"high\" decoding=\"async\" class=\"\" src=\"https:\/\/www.crucial.fr\/content\/dam\/crucial\/dram-products\/desktop\/ddr5\/images\/web\/crucial-DDR5-desktop-memory-innovation-web-image.psd.transform\/medium-jpg\/img.jpg\" alt=\" \" width=\"887\" height=\"377\" \/><\/p>\n<p>&nbsp;<\/p>\n<h3>Une innovation extr\u00eame pour des performances stables<\/h3>\n<p>La conception de la m\u00e9moire DDR5 Crucial surpasse la g\u00e9n\u00e9ration pr\u00e9c\u00e9dente avec ses deux canaux 32\u00a0bits ind\u00e9pendants par module pour des performances optimis\u00e9es<sup>7<\/sup>. La technologie ECC sur puce (on-die ECC, ODECC)<sup>8<\/sup>\u00a0au niveau du composant permet \u00e0 la m\u00e9moire DDR5 Crucial de rester aussi fiable sur le long terme que la g\u00e9n\u00e9ration pr\u00e9c\u00e9dente, m\u00eame pour des applications informatiques next-gen tr\u00e8s gourmandes.<\/p>\n","protected":false},"excerpt":{"rendered":"<h3 class=\"product-title\"><span style=\"font-size: 16px;\">CARACT\u00c9RISTIQUES PRINCIPALES :<\/span><\/h3>\n<ul>\n<li><span class=\"description\"><strong>16 Go<\/strong> (2x 8 Go) DD<\/span>R5 PC4-25600<\/li>\n<li><span class=\"description\">Fr\u00e9quence : <strong>48<\/strong><strong>00 MHz<\/strong><\/span><\/li>\n<li><span class=\"description\">Latences :\u00a0<strong>CL40<\/strong><\/span><\/li>\n<li><span class=\"description\">Tension : 1.25V<\/span><\/li>\n<li><span class=\"description\">Hautes performances, haute compatibilit\u00e9\u00a0<\/span><\/li>\n<\/ul>\n","protected":false},"featured_media":1008213,"template":"","meta":{"_acf_changed":false},"pwb-brand":[],"product_brand":[80],"product_cat":[17,116,18],"product_tag":[],"pcb_component_type":[],"class_list":{"0":"post-8212","1":"product","2":"type-product","3":"status-publish","4":"has-post-thumbnail","6":"product_brand-crucial","7":"product_cat-composants-gaming","8":"product_cat-ddr5","9":"product_cat-ram","11":"first","12":"outofstock","13":"shipping-taxable","14":"product-type-simple"},"translation":{"provider":"WPGlobus","version":"3.0.2","language":"fr","enabled_languages":["en","es","de","fr","ru"],"languages":{"en":{"title":true,"content":true,"excerpt":true},"es":{"title":false,"content":false,"excerpt":false},"de":{"title":false,"content":false,"excerpt":false},"fr":{"title":false,"content":false,"excerpt":false},"ru":{"title":false,"content":false,"excerpt":false}}},"acf":[],"yoast_head":"<!-- This site is optimized with the Yoast SEO plugin v27.2 - https:\/\/yoast.com\/product\/yoast-seo-wordpress\/ -->\n<title>16GB (8X2) CRUCIAL DDR5 4800MHZ - Osaka<\/title>\n<meta name=\"robots\" content=\"index, follow, max-snippet:-1, max-image-preview:large, max-video-preview:-1\" \/>\n<link rel=\"canonical\" href=\"https:\/\/osaka.ma\/product\/16gb-8x2-crucial-ddr5-4800mhz\/\" \/>\n<meta property=\"og:locale\" content=\"fr_FR\" \/>\n<meta property=\"og:type\" content=\"article\" \/>\n<meta property=\"og:title\" content=\"16GB (8X2) CRUCIAL DDR5 4800MHZ - Osaka\" \/>\n<meta property=\"og:url\" content=\"https:\/\/osaka.ma\/product\/16gb-8x2-crucial-ddr5-4800mhz\/\" \/>\n<meta property=\"og:site_name\" content=\"Osaka\" \/>\n<meta property=\"article:modified_time\" content=\"2025-04-09T20:06:56+00:00\" \/>\n<meta property=\"og:image\" content=\"https:\/\/osaka.ma\/wp-content\/uploads\/2024\/04\/crucial-16go-2-x-8go-ddr5-4800-mhz-cl40.jpg\" \/>\n\t<meta property=\"og:image:width\" content=\"600\" \/>\n\t<meta property=\"og:image:height\" content=\"600\" \/>\n\t<meta property=\"og:image:type\" content=\"image\/jpeg\" \/>\n<meta name=\"twitter:card\" content=\"summary_large_image\" \/>\n<meta name=\"twitter:label1\" content=\"Dur\u00e9e de lecture estim\u00e9e\" \/>\n\t<meta name=\"twitter:data1\" content=\"1 minute\" \/>\n<script type=\"application\/ld+json\" class=\"yoast-schema-graph\">{\"@context\":\"https:\/\/schema.org\",\"@graph\":[{\"@type\":\"WebPage\",\"@id\":\"https:\/\/osaka.ma\/product\/16gb-8x2-crucial-ddr5-4800mhz\/\",\"url\":\"https:\/\/osaka.ma\/product\/16gb-8x2-crucial-ddr5-4800mhz\/\",\"name\":\"16GB (8X2) CRUCIAL DDR5 4800MHZ - Osaka\",\"isPartOf\":{\"@id\":\"https:\/\/osaka.ma\/#website\"},\"primaryImageOfPage\":{\"@id\":\"https:\/\/osaka.ma\/product\/16gb-8x2-crucial-ddr5-4800mhz\/#primaryimage\"},\"image\":{\"@id\":\"https:\/\/osaka.ma\/product\/16gb-8x2-crucial-ddr5-4800mhz\/#primaryimage\"},\"thumbnailUrl\":\"https:\/\/osaka.ma\/wp-content\/uploads\/2024\/04\/crucial-16go-2-x-8go-ddr5-4800-mhz-cl40.jpg\",\"datePublished\":\"2024-04-03T15:37:29+00:00\",\"dateModified\":\"2025-04-09T20:06:56+00:00\",\"breadcrumb\":{\"@id\":\"https:\/\/osaka.ma\/product\/16gb-8x2-crucial-ddr5-4800mhz\/#breadcrumb\"},\"inLanguage\":\"fr-FR\",\"potentialAction\":[{\"@type\":\"ReadAction\",\"target\":[\"https:\/\/osaka.ma\/product\/16gb-8x2-crucial-ddr5-4800mhz\/\"]}]},{\"@type\":\"ImageObject\",\"inLanguage\":\"fr-FR\",\"@id\":\"https:\/\/osaka.ma\/product\/16gb-8x2-crucial-ddr5-4800mhz\/#primaryimage\",\"url\":\"https:\/\/osaka.ma\/wp-content\/uploads\/2024\/04\/crucial-16go-2-x-8go-ddr5-4800-mhz-cl40.jpg\",\"contentUrl\":\"https:\/\/osaka.ma\/wp-content\/uploads\/2024\/04\/crucial-16go-2-x-8go-ddr5-4800-mhz-cl40.jpg\",\"width\":600,\"height\":600},{\"@type\":\"BreadcrumbList\",\"@id\":\"https:\/\/osaka.ma\/product\/16gb-8x2-crucial-ddr5-4800mhz\/#breadcrumb\",\"itemListElement\":[{\"@type\":\"ListItem\",\"position\":1,\"name\":\"Home\",\"item\":\"https:\/\/osaka.ma\/\"},{\"@type\":\"ListItem\",\"position\":2,\"name\":\"Shop\",\"item\":\"https:\/\/osaka.ma\/shop-2\/\"},{\"@type\":\"ListItem\",\"position\":3,\"name\":\"16GB (8X2) CRUCIAL DDR5 4800MHZ\"}]},{\"@type\":\"WebSite\",\"@id\":\"https:\/\/osaka.ma\/#website\",\"url\":\"https:\/\/osaka.ma\/\",\"name\":\"Osaka\",\"description\":\"\",\"publisher\":{\"@id\":\"https:\/\/osaka.ma\/#organization\"},\"potentialAction\":[{\"@type\":\"SearchAction\",\"target\":{\"@type\":\"EntryPoint\",\"urlTemplate\":\"https:\/\/osaka.ma\/?s={search_term_string}\"},\"query-input\":{\"@type\":\"PropertyValueSpecification\",\"valueRequired\":true,\"valueName\":\"search_term_string\"}}],\"inLanguage\":\"fr-FR\"},{\"@type\":\"Organization\",\"@id\":\"https:\/\/osaka.ma\/#organization\",\"name\":\"Osaka\",\"url\":\"https:\/\/osaka.ma\/\",\"logo\":{\"@type\":\"ImageObject\",\"inLanguage\":\"fr-FR\",\"@id\":\"https:\/\/osaka.ma\/#\/schema\/logo\/image\/\",\"url\":\"https:\/\/osaka.ma\/wp-content\/uploads\/2026\/01\/model-slogan-logo-2Plan-de-travail-1dksl-plus-finnn.png\",\"contentUrl\":\"https:\/\/osaka.ma\/wp-content\/uploads\/2026\/01\/model-slogan-logo-2Plan-de-travail-1dksl-plus-finnn.png\",\"width\":842,\"height\":226,\"caption\":\"Osaka\"},\"image\":{\"@id\":\"https:\/\/osaka.ma\/#\/schema\/logo\/image\/\"}}]}<\/script>\n<!-- \/ Yoast SEO plugin. -->","yoast_head_json":{"title":"16GB (8X2) CRUCIAL DDR5 4800MHZ - Osaka","robots":{"index":"index","follow":"follow","max-snippet":"max-snippet:-1","max-image-preview":"max-image-preview:large","max-video-preview":"max-video-preview:-1"},"canonical":"https:\/\/osaka.ma\/product\/16gb-8x2-crucial-ddr5-4800mhz\/","og_locale":"fr_FR","og_type":"article","og_title":"16GB (8X2) CRUCIAL DDR5 4800MHZ - Osaka","og_url":"https:\/\/osaka.ma\/product\/16gb-8x2-crucial-ddr5-4800mhz\/","og_site_name":"Osaka","article_modified_time":"2025-04-09T20:06:56+00:00","og_image":[{"width":600,"height":600,"url":"https:\/\/osaka.ma\/wp-content\/uploads\/2024\/04\/crucial-16go-2-x-8go-ddr5-4800-mhz-cl40.jpg","type":"image\/jpeg"}],"twitter_card":"summary_large_image","twitter_misc":{"Dur\u00e9e de lecture estim\u00e9e":"1 minute"},"schema":{"@context":"https:\/\/schema.org","@graph":[{"@type":"WebPage","@id":"https:\/\/osaka.ma\/product\/16gb-8x2-crucial-ddr5-4800mhz\/","url":"https:\/\/osaka.ma\/product\/16gb-8x2-crucial-ddr5-4800mhz\/","name":"16GB (8X2) CRUCIAL DDR5 4800MHZ - Osaka","isPartOf":{"@id":"https:\/\/osaka.ma\/#website"},"primaryImageOfPage":{"@id":"https:\/\/osaka.ma\/product\/16gb-8x2-crucial-ddr5-4800mhz\/#primaryimage"},"image":{"@id":"https:\/\/osaka.ma\/product\/16gb-8x2-crucial-ddr5-4800mhz\/#primaryimage"},"thumbnailUrl":"https:\/\/osaka.ma\/wp-content\/uploads\/2024\/04\/crucial-16go-2-x-8go-ddr5-4800-mhz-cl40.jpg","datePublished":"2024-04-03T15:37:29+00:00","dateModified":"2025-04-09T20:06:56+00:00","breadcrumb":{"@id":"https:\/\/osaka.ma\/product\/16gb-8x2-crucial-ddr5-4800mhz\/#breadcrumb"},"inLanguage":"fr-FR","potentialAction":[{"@type":"ReadAction","target":["https:\/\/osaka.ma\/product\/16gb-8x2-crucial-ddr5-4800mhz\/"]}]},{"@type":"ImageObject","inLanguage":"fr-FR","@id":"https:\/\/osaka.ma\/product\/16gb-8x2-crucial-ddr5-4800mhz\/#primaryimage","url":"https:\/\/osaka.ma\/wp-content\/uploads\/2024\/04\/crucial-16go-2-x-8go-ddr5-4800-mhz-cl40.jpg","contentUrl":"https:\/\/osaka.ma\/wp-content\/uploads\/2024\/04\/crucial-16go-2-x-8go-ddr5-4800-mhz-cl40.jpg","width":600,"height":600},{"@type":"BreadcrumbList","@id":"https:\/\/osaka.ma\/product\/16gb-8x2-crucial-ddr5-4800mhz\/#breadcrumb","itemListElement":[{"@type":"ListItem","position":1,"name":"Home","item":"https:\/\/osaka.ma\/"},{"@type":"ListItem","position":2,"name":"Shop","item":"https:\/\/osaka.ma\/shop-2\/"},{"@type":"ListItem","position":3,"name":"16GB (8X2) CRUCIAL DDR5 4800MHZ"}]},{"@type":"WebSite","@id":"https:\/\/osaka.ma\/#website","url":"https:\/\/osaka.ma\/","name":"Osaka","description":"","publisher":{"@id":"https:\/\/osaka.ma\/#organization"},"potentialAction":[{"@type":"SearchAction","target":{"@type":"EntryPoint","urlTemplate":"https:\/\/osaka.ma\/?s={search_term_string}"},"query-input":{"@type":"PropertyValueSpecification","valueRequired":true,"valueName":"search_term_string"}}],"inLanguage":"fr-FR"},{"@type":"Organization","@id":"https:\/\/osaka.ma\/#organization","name":"Osaka","url":"https:\/\/osaka.ma\/","logo":{"@type":"ImageObject","inLanguage":"fr-FR","@id":"https:\/\/osaka.ma\/#\/schema\/logo\/image\/","url":"https:\/\/osaka.ma\/wp-content\/uploads\/2026\/01\/model-slogan-logo-2Plan-de-travail-1dksl-plus-finnn.png","contentUrl":"https:\/\/osaka.ma\/wp-content\/uploads\/2026\/01\/model-slogan-logo-2Plan-de-travail-1dksl-plus-finnn.png","width":842,"height":226,"caption":"Osaka"},"image":{"@id":"https:\/\/osaka.ma\/#\/schema\/logo\/image\/"}}]}},"jetpack_sharing_enabled":true,"brands":[],"_links":{"self":[{"href":"https:\/\/osaka.ma\/fr\/wp-json\/wp\/v2\/product\/8212","targetHints":{"allow":["GET"]}}],"collection":[{"href":"https:\/\/osaka.ma\/fr\/wp-json\/wp\/v2\/product"}],"about":[{"href":"https:\/\/osaka.ma\/fr\/wp-json\/wp\/v2\/types\/product"}],"version-history":[{"count":0,"href":"https:\/\/osaka.ma\/fr\/wp-json\/wp\/v2\/product\/8212\/revisions"}],"wp:featuredmedia":[{"embeddable":true,"href":"https:\/\/osaka.ma\/fr\/wp-json\/wp\/v2\/media\/1008213"}],"wp:attachment":[{"href":"https:\/\/osaka.ma\/fr\/wp-json\/wp\/v2\/media?parent=8212"}],"wp:term":[{"taxonomy":"pwb-brand","embeddable":true,"href":"https:\/\/osaka.ma\/fr\/wp-json\/wp\/v2\/pwb-brand?post=8212"},{"taxonomy":"product_brand","embeddable":true,"href":"https:\/\/osaka.ma\/fr\/wp-json\/wp\/v2\/product_brand?post=8212"},{"taxonomy":"product_cat","embeddable":true,"href":"https:\/\/osaka.ma\/fr\/wp-json\/wp\/v2\/product_cat?post=8212"},{"taxonomy":"product_tag","embeddable":true,"href":"https:\/\/osaka.ma\/fr\/wp-json\/wp\/v2\/product_tag?post=8212"},{"taxonomy":"pcb_component_type","embeddable":true,"href":"https:\/\/osaka.ma\/fr\/wp-json\/wp\/v2\/pcb_component_type?post=8212"}],"curies":[{"name":"wp","href":"https:\/\/api.w.org\/{rel}","templated":true}]}}