{"id":8419,"date":"2024-04-18T11:57:30","date_gmt":"2024-04-18T11:57:30","guid":{"rendered":"https:\/\/osaka.ma\/?post_type=product&#038;p=8419"},"modified":"2024-12-18T15:35:55","modified_gmt":"2024-12-18T15:35:55","slug":"pc-gamer-amd-ryzen-7-7700x-32gb-1tb-rtx-3060","status":"publish","type":"product","link":"https:\/\/osaka.ma\/fr\/product\/pc-gamer-amd-ryzen-7-7700x-32gb-1tb-rtx-3060\/","title":{"rendered":"PC GAMER AMD RYZEN\u2122 7 7700X\/32GB\/1TB\/RTX 3060"},"content":{"rendered":"<div id=\"description\" class=\"description\">\n<div><img decoding=\"async\" class=\" wp-image-6550 aligncenter\" src=\"https:\/\/osaka.ma\/wp-content\/uploads\/2023\/10\/OSA-1.png\" alt=\"\" width=\"294\" height=\"113\" \/><\/div>\n<\/div>\n<div><\/div>\n<div><\/div>\n<div id=\"description\" class=\"description\">\n<div><i><img decoding=\"async\" class=\"\" src=\"https:\/\/media.ldlc.com\/bo\/images\/fiches\/kit_upgrade\/case_80.png\" alt=\"\" width=\"48\" height=\"48\" \/><\/i><i>PC Gaming abordable, le\u00a0<strong>PC de bureau Osaka Gen7\u00a0<\/strong>\u00a0sera un alli\u00e9 de choix pour jouer aux jeux les plus r\u00e9cents sans pour autant vider votre compte en banque. Particuli\u00e8rement efficace, cet ordinateur d\u00e9di\u00e9 aux jeux vid\u00e9o vous permettra d\u2019aller \u00e0 l\u2019essentiel. Il est \u00e9quip\u00e9 d\u2019un\u00a0<strong>processeur Ryzen 7 7700X<\/strong>, d\u2019une\u00a0<strong>carte m\u00e8re avec chipset Amd B650<\/strong>, de\u00a0<strong>32<\/strong><strong>Go de RAM DDR4<\/strong>\u00a0et d\u2019une\u00a0<strong>carte graphique NVIDIA GeForce RTX 3060 12 Go<\/strong>. Il dispose \u00e9galement d\u2019un disque\u00a0<strong>SSD de 1To<\/strong>\u00a0pour un syst\u00e8me ultra r\u00e9actif.<\/i><\/div>\n<div>\n<p>&nbsp;<\/p>\n<ul>\n<li>Processeur\u00a0<a href=\"https:\/\/osaka.ma\/produit\/amd-ryzen-7-7700x-4-5-ghz-5-4-ghz-tray\/\"><strong>AMD\u00a0<em>Ryzen 7 7700X<\/em>\u00a0(4.5 GHz \/ 5.4 GHz)<\/strong><\/a><\/li>\n<li>Carte m\u00e8re\u00a0<a href=\"https:\/\/osaka.ma\/produit\/msi-pro-b650m-b\/\"><strong>MSI PRO B650M-B<\/strong><\/a><\/li>\n<li>Ram\u00a0<a href=\"https:\/\/osaka.ma\/produit\/32gb162-xpg-ddr5-5200mhz\/\"><strong>32GB (16*2) XPG DDR5 5200MHZ<\/strong><\/a><\/li>\n<li>Carte graphique\u00a0<a href=\"https:\/\/osaka.ma\/produit\/asus-dual-rtx-3060-12gb\/\"><strong>NVIDIA GeForce RTX 3060 12 Go<\/strong><\/a><\/li>\n<li>Bo\u00eetier Moyen Tour<a href=\"https:\/\/osaka.ma\/produit\/aerocool-prime\/\"><strong>\u00a0Aercool Prime RGB<\/strong><\/a><\/li>\n<li>SSD <a href=\"https:\/\/osaka.ma\/produit\/1tb-msi-m461-ssd\/\"><strong>1TB MSI M461\u00a0<\/strong><\/a><\/li>\n<li>Ventirad\u00a0<a href=\"https:\/\/osaka.ma\/produit\/aerocool-cylon-4f-2\/\"><strong>AEROCOOL CYLON 4F<\/strong><\/a><\/li>\n<li>Alimentation <a href=\"https:\/\/osaka.ma\/produit\/aerocool-lux-550w-rgb\/\"><strong>AEROCOOL LUX 550W RGB 80PLUS BRONZE<\/strong><\/a><\/li>\n<li><strong>Win11 \/ Bien assembl\u00e9<\/strong><\/li>\n<\/ul>\n<\/div>\n<div class=\"details-pdt-desc\">\n<h2 class=\"h2-master\">Arsenal Gamer pour Gaming Non-Stop !<\/h2>\n<section>Que vous soyez joueur d\u00e9butant ou aguerri, Le\u00a0<i><strong>Osaka Gen7<\/strong><\/i>\u00a0avec sa carte graphique\u00a0<strong>NVIDIA GeForce RTX 4060 8 Go\u00a0<\/strong>et son\u00a0<strong>SSD de 1 To\u00a0<\/strong>conviendra \u00e0 vos besoins et exigences pour ne faire aucun compromis sur la puissance et la r\u00e9activit\u00e9. Configuration \u00e9quilibr\u00e9e et abordable, elle vous permettra d\u2019aller \u00e0 l\u2019essentiel : JOUER et GAGNER. Faites confiance au PC\u00a0<i><strong>Osaka Gen7<\/strong><\/i>, The Best Seller.<\/section>\n<\/div>\n<\/div>\n<section><\/section>\n<section><\/section>\n<section>\n<div class=\"desc-image\"><img decoding=\"async\" src=\"https:\/\/media.ldlc.com\/bo\/images\/fiches\/Processeur\/AMD\/raphael\/amd_ryzen_7000_001.jpg\" alt=\"\" \/><\/div>\n<div class=\"desc-text\">\n<h2>AMD RYZEN 7 7700X<\/h2>\n<p>Les fr\u00e9quences \u00e9lev\u00e9es des processeurs\u00a0<strong>AMD Ryzen Zen 4<\/strong>\u00a0sont un v\u00e9ritable avantage dans les jeux. Choisissez les bons composants et concevez un PC Gaming surpuissant, sans latences et pr\u00eat \u00e0 servir quand il faut. Prenez l\u2019avantage sur vos adversaires et atteignez des sommets gr\u00e2ce aux processeurs<strong>\u00a0AMD Ryzen 7000<\/strong>\u00a0et aux cartes m\u00e8res\u00a0<strong>AMD AM5<\/strong>.<\/p>\n<p>Les processeurs\u00a0<strong>AMD Ryzen 7000<\/strong>\u00a0sont performants dans tous les domaines. Ils vont permettront de cr\u00e9er plus vite, d\u2019atteindre vos objectifs plus rapidement et de gagner du temps en permanence. Qu\u2019il s\u2019agisse de rendu 3D ou d\u2019exportation de fichiers vid\u00e9o volumineux, concevez, livrez et faites le job avec la vitesse et le stockage PCIe 5.0, de nombreux threads de traitement et des acc\u00e9l\u00e9rateurs vid\u00e9o d\u00e9di\u00e9s.<\/p>\n<div class=\"desc-text\">\n<h2>NVIDIA RTX 3060 : LA MEILLEURE FA\u00c7ON DE JOUER<\/h2>\n<p>Gr\u00e2ce au\u00a0<strong>DLSS 3<\/strong>, au\u00a0<strong>ray tracing \u00e0 haute vitesse<\/strong>\u00a0et aux\u00a0<strong>performances acc\u00e9l\u00e9r\u00e9es par IA<\/strong>, la\u00a0<strong>carte graphique NVIDIA GeForce RTX 4060\u00a0<\/strong>vous permet d\u2019obtenir une qualit\u00e9 graphique exceptionnelle pour jouer dans les meilleures conditions. Immersion totale garantie gr\u00e2ce \u00e0 des graphismes ultra-r\u00e9alistes. Sans oublier bien s\u00fbr la possibilit\u00e9 de cr\u00e9er des contenus r\u00e9volutionnaires rapidement et en toute simplicit\u00e9.<\/p>\n<\/div>\n<div class=\"desc-image\"><img decoding=\"async\" src=\"https:\/\/media.ldlc.com\/bo\/images\/fiches\/Carte_graphique\/NVIDIA\/nvidia_ada_lovelace_003.jpg\" alt=\"\" \/><\/div>\n<div>\n<div>\n<h2>POWERFUL RGB FRONT PANEL DESIGN<\/h2>\n<p>Featuring a bold RGB LED design in the front panel, this case delivers a powerful and dynamic look and feel to your gaming setup.<\/p>\n<h2>IMPROVED AIR VENTILATION<\/h2>\n<p>Air vents on the front panel of the case allow for increased air flow and circulation.<\/p>\n<\/div>\n<div><\/div>\n<div><\/div>\n<div>\n<div class=\"v6bUne qmmlRd\" data-ved=\"0CBAQ-z9qFwoTCLjQoPrNnIUDFQAAAAAdAAAAABAJ\" data-hveid=\"16\" data-lnsmd=\"\">\n<div class=\"p7sI2 PUxBg\" data-ved=\"0CBEQ5OoBahcKEwi40KD6zZyFAxUAAAAAHQAAAAAQCQ\"><img fetchpriority=\"high\" decoding=\"async\" class=\"sFlh5c pT0Scc iPVvYb\" src=\"https:\/\/i.ytimg.com\/vi\/9e8qtE58EfQ\/maxresdefault.jpg\" alt=\"Prime - AeroCool\" width=\"1095\" height=\"616\" aria-hidden=\"false\" \/><\/div>\n<\/div>\n<\/div>\n<div data-ved=\"0CBEQ5OoBahcKEwi40KD6zZyFAxUAAAAAHQAAAAAQCQ\">\n<div class=\"wpb_text_column\">\n<div class=\"wpb_wrapper\">\n<h2>BRING YOUR CASE TO LIFE<\/h2>\n<p>Bring your case to life with 15 preset lighting modes that can be readily controlled via LED control button.<\/p>\n<\/div>\n<\/div>\n<\/div>\n<\/div>\n<\/div>\n<\/section>\n","protected":false},"excerpt":{"rendered":"<div><i>PC Gaming abordable, le\u00a0<strong>PC de bureau Osaka Gen7\u00a0<\/strong>\u00a0sera un alli\u00e9 de choix pour jouer aux jeux les plus r\u00e9cents sans pour autant vider votre compte en banque. Particuli\u00e8rement efficace, cet ordinateur d\u00e9di\u00e9 aux jeux vid\u00e9o vous permettra d\u2019aller \u00e0 l\u2019essentiel. Il est \u00e9quip\u00e9 d\u2019un\u00a0<strong>processeur Ryzen 7 7700X<\/strong>, d\u2019une\u00a0<strong>carte m\u00e8re avec chipset Amd B650<\/strong>, de\u00a0<strong>32<\/strong><strong>Go de RAM DDR5<\/strong>\u00a0et d\u2019une\u00a0<strong>carte graphique NVIDIA GeForce RTX 4060 8 Go<\/strong>. Il dispose \u00e9galement d\u2019un disque\u00a0<strong>SSD de 1To<\/strong>\u00a0pour un syst\u00e8me ultra r\u00e9actif.<\/i><\/div>\n<div id=\"description\" class=\"description\">\n<div>\n<p>&nbsp;<\/p>\n<ul>\n<li>Processeur\u00a0<strong>AMD\u00a0<em>Ryzen 7 7700X<\/em>\u00a0(4.5 GHz \/ 5.4 GHz)<\/strong><\/li>\n<li>Carte m\u00e8re\u00a0<strong>MSI PRO B650M-B<\/strong><\/li>\n<li>Ram\u00a0<strong>32GB (16*2) XPG DDR5 5200MHZ<\/strong><\/li>\n<li>Carte graphique\u00a0<strong>NVIDIA GeForce RTX 3060 12 Go<\/strong><\/li>\n<li>Bo\u00eetier Moyen Tour<strong>\u00a0Aercool Prime RGB<\/strong><\/li>\n<li>SSD\u00a0<strong>1To MSI M461<\/strong><\/li>\n<li>Ventirad <strong>AEROCOOL CYLON 4F<\/strong><\/li>\n<li>Alimentation\u00a0 <strong>AEROCOOL 550W RGB 80 BRONZE<\/strong><\/li>\n<li><strong>Win11 \/ Bien assembl\u00e9<\/strong><\/li>\n<\/ul>\n<\/div>\n<\/div>\n","protected":false},"featured_media":1008420,"template":"","meta":{"_acf_changed":false},"pwb-brand":[],"product_brand":[],"product_cat":[54,53],"product_tag":[],"pcb_component_type":[],"class_list":{"0":"post-8419","1":"product","2":"type-product","3":"status-publish","4":"has-post-thumbnail","6":"product_cat-amd-ryzen","7":"product_cat-pc-gamer","9":"first","10":"outofstock","11":"shipping-taxable","12":"product-type-simple"},"translation":{"provider":"WPGlobus","version":"3.0.2","language":"fr","enabled_languages":["en","es","de","fr","ru"],"languages":{"en":{"title":true,"content":true,"excerpt":true},"es":{"title":false,"content":false,"excerpt":false},"de":{"title":false,"content":false,"excerpt":false},"fr":{"title":false,"content":false,"excerpt":false},"ru":{"title":false,"content":false,"excerpt":false}}},"acf":[],"yoast_head":"<!-- This site is optimized with the Yoast SEO plugin v27.2 - https:\/\/yoast.com\/product\/yoast-seo-wordpress\/ -->\n<title>PC GAMER AMD RYZEN\u2122 7 7700X\/32GB\/1TB\/RTX 3060 - Osaka<\/title>\n<meta name=\"robots\" content=\"index, follow, max-snippet:-1, max-image-preview:large, max-video-preview:-1\" \/>\n<link rel=\"canonical\" href=\"https:\/\/osaka.ma\/product\/pc-gamer-amd-ryzen-7-7700x-32gb-1tb-rtx-3060\/\" \/>\n<meta property=\"og:locale\" content=\"fr_FR\" \/>\n<meta property=\"og:type\" content=\"article\" \/>\n<meta property=\"og:title\" content=\"PC GAMER AMD RYZEN\u2122 7 7700X\/32GB\/1TB\/RTX 3060 - Osaka\" \/>\n<meta property=\"og:url\" content=\"https:\/\/osaka.ma\/product\/pc-gamer-amd-ryzen-7-7700x-32gb-1tb-rtx-3060\/\" \/>\n<meta property=\"og:site_name\" content=\"Osaka\" \/>\n<meta property=\"article:modified_time\" content=\"2024-12-18T15:35:55+00:00\" \/>\n<meta property=\"og:image\" content=\"https:\/\/osaka.ma\/wp-content\/uploads\/2024\/04\/AEROCOOLPRIME-1.png\" \/>\n\t<meta property=\"og:image:width\" content=\"700\" \/>\n\t<meta property=\"og:image:height\" content=\"700\" \/>\n\t<meta property=\"og:image:type\" content=\"image\/png\" \/>\n<meta name=\"twitter:card\" content=\"summary_large_image\" \/>\n<meta name=\"twitter:label1\" content=\"Dur\u00e9e de lecture estim\u00e9e\" \/>\n\t<meta name=\"twitter:data1\" content=\"4 minutes\" \/>\n<script type=\"application\/ld+json\" class=\"yoast-schema-graph\">{\"@context\":\"https:\/\/schema.org\",\"@graph\":[{\"@type\":\"WebPage\",\"@id\":\"https:\/\/osaka.ma\/product\/pc-gamer-amd-ryzen-7-7700x-32gb-1tb-rtx-3060\/\",\"url\":\"https:\/\/osaka.ma\/product\/pc-gamer-amd-ryzen-7-7700x-32gb-1tb-rtx-3060\/\",\"name\":\"PC GAMER AMD RYZEN\u2122 7 7700X\/32GB\/1TB\/RTX 3060 - Osaka\",\"isPartOf\":{\"@id\":\"https:\/\/osaka.ma\/#website\"},\"primaryImageOfPage\":{\"@id\":\"https:\/\/osaka.ma\/product\/pc-gamer-amd-ryzen-7-7700x-32gb-1tb-rtx-3060\/#primaryimage\"},\"image\":{\"@id\":\"https:\/\/osaka.ma\/product\/pc-gamer-amd-ryzen-7-7700x-32gb-1tb-rtx-3060\/#primaryimage\"},\"thumbnailUrl\":\"https:\/\/osaka.ma\/wp-content\/uploads\/2024\/04\/AEROCOOLPRIME-1.png\",\"datePublished\":\"2024-04-18T11:57:30+00:00\",\"dateModified\":\"2024-12-18T15:35:55+00:00\",\"breadcrumb\":{\"@id\":\"https:\/\/osaka.ma\/product\/pc-gamer-amd-ryzen-7-7700x-32gb-1tb-rtx-3060\/#breadcrumb\"},\"inLanguage\":\"fr-FR\",\"potentialAction\":[{\"@type\":\"ReadAction\",\"target\":[\"https:\/\/osaka.ma\/product\/pc-gamer-amd-ryzen-7-7700x-32gb-1tb-rtx-3060\/\"]}]},{\"@type\":\"ImageObject\",\"inLanguage\":\"fr-FR\",\"@id\":\"https:\/\/osaka.ma\/product\/pc-gamer-amd-ryzen-7-7700x-32gb-1tb-rtx-3060\/#primaryimage\",\"url\":\"https:\/\/osaka.ma\/wp-content\/uploads\/2024\/04\/AEROCOOLPRIME-1.png\",\"contentUrl\":\"https:\/\/osaka.ma\/wp-content\/uploads\/2024\/04\/AEROCOOLPRIME-1.png\",\"width\":700,\"height\":700},{\"@type\":\"BreadcrumbList\",\"@id\":\"https:\/\/osaka.ma\/product\/pc-gamer-amd-ryzen-7-7700x-32gb-1tb-rtx-3060\/#breadcrumb\",\"itemListElement\":[{\"@type\":\"ListItem\",\"position\":1,\"name\":\"Home\",\"item\":\"https:\/\/osaka.ma\/\"},{\"@type\":\"ListItem\",\"position\":2,\"name\":\"Shop\",\"item\":\"https:\/\/osaka.ma\/shop-2\/\"},{\"@type\":\"ListItem\",\"position\":3,\"name\":\"PC GAMER AMD RYZEN\u2122 7 7700X\/32GB\/1TB\/RTX 3060\"}]},{\"@type\":\"WebSite\",\"@id\":\"https:\/\/osaka.ma\/#website\",\"url\":\"https:\/\/osaka.ma\/\",\"name\":\"Osaka\",\"description\":\"\",\"publisher\":{\"@id\":\"https:\/\/osaka.ma\/#organization\"},\"potentialAction\":[{\"@type\":\"SearchAction\",\"target\":{\"@type\":\"EntryPoint\",\"urlTemplate\":\"https:\/\/osaka.ma\/?s={search_term_string}\"},\"query-input\":{\"@type\":\"PropertyValueSpecification\",\"valueRequired\":true,\"valueName\":\"search_term_string\"}}],\"inLanguage\":\"fr-FR\"},{\"@type\":\"Organization\",\"@id\":\"https:\/\/osaka.ma\/#organization\",\"name\":\"Osaka\",\"url\":\"https:\/\/osaka.ma\/\",\"logo\":{\"@type\":\"ImageObject\",\"inLanguage\":\"fr-FR\",\"@id\":\"https:\/\/osaka.ma\/#\/schema\/logo\/image\/\",\"url\":\"https:\/\/osaka.ma\/wp-content\/uploads\/2026\/01\/model-slogan-logo-2Plan-de-travail-1dksl-plus-finnn.png\",\"contentUrl\":\"https:\/\/osaka.ma\/wp-content\/uploads\/2026\/01\/model-slogan-logo-2Plan-de-travail-1dksl-plus-finnn.png\",\"width\":842,\"height\":226,\"caption\":\"Osaka\"},\"image\":{\"@id\":\"https:\/\/osaka.ma\/#\/schema\/logo\/image\/\"}}]}<\/script>\n<!-- \/ Yoast SEO plugin. -->","yoast_head_json":{"title":"PC GAMER AMD RYZEN\u2122 7 7700X\/32GB\/1TB\/RTX 3060 - Osaka","robots":{"index":"index","follow":"follow","max-snippet":"max-snippet:-1","max-image-preview":"max-image-preview:large","max-video-preview":"max-video-preview:-1"},"canonical":"https:\/\/osaka.ma\/product\/pc-gamer-amd-ryzen-7-7700x-32gb-1tb-rtx-3060\/","og_locale":"fr_FR","og_type":"article","og_title":"PC GAMER AMD RYZEN\u2122 7 7700X\/32GB\/1TB\/RTX 3060 - Osaka","og_url":"https:\/\/osaka.ma\/product\/pc-gamer-amd-ryzen-7-7700x-32gb-1tb-rtx-3060\/","og_site_name":"Osaka","article_modified_time":"2024-12-18T15:35:55+00:00","og_image":[{"width":700,"height":700,"url":"https:\/\/osaka.ma\/wp-content\/uploads\/2024\/04\/AEROCOOLPRIME-1.png","type":"image\/png"}],"twitter_card":"summary_large_image","twitter_misc":{"Dur\u00e9e de lecture estim\u00e9e":"4 minutes"},"schema":{"@context":"https:\/\/schema.org","@graph":[{"@type":"WebPage","@id":"https:\/\/osaka.ma\/product\/pc-gamer-amd-ryzen-7-7700x-32gb-1tb-rtx-3060\/","url":"https:\/\/osaka.ma\/product\/pc-gamer-amd-ryzen-7-7700x-32gb-1tb-rtx-3060\/","name":"PC GAMER AMD RYZEN\u2122 7 7700X\/32GB\/1TB\/RTX 3060 - Osaka","isPartOf":{"@id":"https:\/\/osaka.ma\/#website"},"primaryImageOfPage":{"@id":"https:\/\/osaka.ma\/product\/pc-gamer-amd-ryzen-7-7700x-32gb-1tb-rtx-3060\/#primaryimage"},"image":{"@id":"https:\/\/osaka.ma\/product\/pc-gamer-amd-ryzen-7-7700x-32gb-1tb-rtx-3060\/#primaryimage"},"thumbnailUrl":"https:\/\/osaka.ma\/wp-content\/uploads\/2024\/04\/AEROCOOLPRIME-1.png","datePublished":"2024-04-18T11:57:30+00:00","dateModified":"2024-12-18T15:35:55+00:00","breadcrumb":{"@id":"https:\/\/osaka.ma\/product\/pc-gamer-amd-ryzen-7-7700x-32gb-1tb-rtx-3060\/#breadcrumb"},"inLanguage":"fr-FR","potentialAction":[{"@type":"ReadAction","target":["https:\/\/osaka.ma\/product\/pc-gamer-amd-ryzen-7-7700x-32gb-1tb-rtx-3060\/"]}]},{"@type":"ImageObject","inLanguage":"fr-FR","@id":"https:\/\/osaka.ma\/product\/pc-gamer-amd-ryzen-7-7700x-32gb-1tb-rtx-3060\/#primaryimage","url":"https:\/\/osaka.ma\/wp-content\/uploads\/2024\/04\/AEROCOOLPRIME-1.png","contentUrl":"https:\/\/osaka.ma\/wp-content\/uploads\/2024\/04\/AEROCOOLPRIME-1.png","width":700,"height":700},{"@type":"BreadcrumbList","@id":"https:\/\/osaka.ma\/product\/pc-gamer-amd-ryzen-7-7700x-32gb-1tb-rtx-3060\/#breadcrumb","itemListElement":[{"@type":"ListItem","position":1,"name":"Home","item":"https:\/\/osaka.ma\/"},{"@type":"ListItem","position":2,"name":"Shop","item":"https:\/\/osaka.ma\/shop-2\/"},{"@type":"ListItem","position":3,"name":"PC GAMER AMD RYZEN\u2122 7 7700X\/32GB\/1TB\/RTX 3060"}]},{"@type":"WebSite","@id":"https:\/\/osaka.ma\/#website","url":"https:\/\/osaka.ma\/","name":"Osaka","description":"","publisher":{"@id":"https:\/\/osaka.ma\/#organization"},"potentialAction":[{"@type":"SearchAction","target":{"@type":"EntryPoint","urlTemplate":"https:\/\/osaka.ma\/?s={search_term_string}"},"query-input":{"@type":"PropertyValueSpecification","valueRequired":true,"valueName":"search_term_string"}}],"inLanguage":"fr-FR"},{"@type":"Organization","@id":"https:\/\/osaka.ma\/#organization","name":"Osaka","url":"https:\/\/osaka.ma\/","logo":{"@type":"ImageObject","inLanguage":"fr-FR","@id":"https:\/\/osaka.ma\/#\/schema\/logo\/image\/","url":"https:\/\/osaka.ma\/wp-content\/uploads\/2026\/01\/model-slogan-logo-2Plan-de-travail-1dksl-plus-finnn.png","contentUrl":"https:\/\/osaka.ma\/wp-content\/uploads\/2026\/01\/model-slogan-logo-2Plan-de-travail-1dksl-plus-finnn.png","width":842,"height":226,"caption":"Osaka"},"image":{"@id":"https:\/\/osaka.ma\/#\/schema\/logo\/image\/"}}]}},"jetpack_sharing_enabled":true,"brands":[],"_links":{"self":[{"href":"https:\/\/osaka.ma\/fr\/wp-json\/wp\/v2\/product\/8419","targetHints":{"allow":["GET"]}}],"collection":[{"href":"https:\/\/osaka.ma\/fr\/wp-json\/wp\/v2\/product"}],"about":[{"href":"https:\/\/osaka.ma\/fr\/wp-json\/wp\/v2\/types\/product"}],"version-history":[{"count":0,"href":"https:\/\/osaka.ma\/fr\/wp-json\/wp\/v2\/product\/8419\/revisions"}],"wp:featuredmedia":[{"embeddable":true,"href":"https:\/\/osaka.ma\/fr\/wp-json\/wp\/v2\/media\/1008420"}],"wp:attachment":[{"href":"https:\/\/osaka.ma\/fr\/wp-json\/wp\/v2\/media?parent=8419"}],"wp:term":[{"taxonomy":"pwb-brand","embeddable":true,"href":"https:\/\/osaka.ma\/fr\/wp-json\/wp\/v2\/pwb-brand?post=8419"},{"taxonomy":"product_brand","embeddable":true,"href":"https:\/\/osaka.ma\/fr\/wp-json\/wp\/v2\/product_brand?post=8419"},{"taxonomy":"product_cat","embeddable":true,"href":"https:\/\/osaka.ma\/fr\/wp-json\/wp\/v2\/product_cat?post=8419"},{"taxonomy":"product_tag","embeddable":true,"href":"https:\/\/osaka.ma\/fr\/wp-json\/wp\/v2\/product_tag?post=8419"},{"taxonomy":"pcb_component_type","embeddable":true,"href":"https:\/\/osaka.ma\/fr\/wp-json\/wp\/v2\/pcb_component_type?post=8419"}],"curies":[{"name":"wp","href":"https:\/\/api.w.org\/{rel}","templated":true}]}}