{"id":8646,"date":"2024-05-01T10:27:07","date_gmt":"2024-05-01T10:27:07","guid":{"rendered":"https:\/\/osaka.ma\/?post_type=product&#038;p=8646"},"modified":"2024-12-18T15:35:57","modified_gmt":"2024-12-18T15:35:57","slug":"aorus-15-bkf-73fr754sh","status":"publish","type":"product","link":"https:\/\/osaka.ma\/fr\/product\/aorus-15-bkf-73fr754sh\/","title":{"rendered":"GIGABYTE AORUS 15 INTEL CORE I7 13700H\/16GB DDR5\/RTX 4060\/1TB SSD\/15.6&#8243; QHD 165HZ"},"content":{"rendered":"<div class=\"logo\"><a href=\"https:\/\/www.ldlc.com\/aorus\/bint000035990\/\" rel=\"nofollow noopener\" target=\"_blank\"><img decoding=\"async\" src=\"https:\/\/media.ldlc.com\/v3\/marque\/bo\/00\/01\/48\/87\/V30001488794_2.jpg\" alt=\"AORUS\" \/><\/a><\/div>\n<div id=\"description\" class=\"description\">\n<div class=\"details-pdt-desc\">\n<h2 class=\"h2-master\">Hautes performances de jeu et \u00e9cran QHD 165 Hz<\/h2>\n<section>PC Portable gaming par excellence, l&#8217;<strong>AORUS 15 BKF-73FR754SH<\/strong>\u00a0embarque un processeur Intel Core i7 de 13e g\u00e9n\u00e9ration, 16 Go de DDR5, un SSD M.2 PCIe de 1 To, une puce graphique NVIDIA GeForce RTX 4060 et un \u00e9cran de 15 pouces QHD 165 Hz. Ultra-performant et particuli\u00e8rement bien con\u00e7u, l&#8217;AORUS 15 dispose en outre d&#8217;un superbe clavier gamer RGB multizone et d&#8217;un syst\u00e8me de refroidissement redoutablement efficace.<\/section>\n<section>\n<div class=\"desc-image\"><img decoding=\"async\" src=\"https:\/\/media.ldlc.com\/bo\/images\/fiches\/pc_portables\/gigabyte\/aorus_15\/2023\/801.jpg\" alt=\"\" \/><\/div>\n<div class=\"desc-text\">\n<h2>PROCESSEUR INTEL DE 13E G\u00c9N\u00c9RATION<\/h2>\n<p>L&#8217;ordinateur portable AORUS 15 offre de hautes performances gr\u00e2ce \u00e0 son processeur Intel Core de 13e g\u00e9n\u00e9ration. Cette g\u00e9n\u00e9ration de processeur offre des avanc\u00e9es notables qui feront de ce PC portable un v\u00e9ritable monstre multit\u00e2che avec notamment un divertissement de haute qualit\u00e9.<\/p>\n<\/div>\n<\/section>\n<section>\n<div class=\"desc-text\">\n<h2>NVIDIA GEFORCE RTX 4060<\/h2>\n<p>Les GPU NVIDIA GeForce RTX s\u00e9rie 40 \u00e9quipent les PC portables les plus rapides au monde pour les joueurs et les cr\u00e9ateurs. Reposant sur l\u2019architecture ultra-efficiente NVIDIA Ada Lovelace, ces GPU transcendent les performances des PC portables gr\u00e2ce au DLSS 3 optimis\u00e9 par l\u2019IA et donnent vie \u00e0 des mondes virtuels plus vrais que nature avec le ray tracing int\u00e9gral. De plus, la suite de technologies Max-Q optimise les performances, la consommation, l\u2019autonomie et le niveau acoustique du syst\u00e8me pour une efficacit\u00e9 maximale. Innovation r\u00e9volutionnaire dans le domaine du rendu graphique bas\u00e9 sur l\u2019IA, le DLSS acc\u00e9l\u00e8re largement les performances de jeu. Optimis\u00e9 par les c\u0153urs Tensor de quatri\u00e8me g\u00e9n\u00e9ration et l\u2019acc\u00e9l\u00e9rateur de flux optiques des GPU GeForce RTX s\u00e9rie 40, le DLSS 3 exploite l\u2019IA pour g\u00e9n\u00e9rer des images additionnelles de haute qualit\u00e9.<\/p>\n<\/div>\n<div class=\"desc-image\"><img decoding=\"async\" src=\"https:\/\/media.ldlc.com\/bo\/images\/fiches\/pc_portables\/gigabyte\/aorus_15\/2023\/802.jpg\" alt=\"\" \/><\/div>\n<\/section>\n<section>\n<div class=\"desc-image\"><img decoding=\"async\" src=\"https:\/\/media.ldlc.com\/bo\/images\/fiches\/pc_portables\/gigabyte\/aorus_15\/2023\/803.jpg\" alt=\"\" \/><\/div>\n<div class=\"desc-text\">\n<h2>\u00c9CRAN GAMER QHD AVEC FR\u00c9QUENCE DE 165 HZ<\/h2>\n<p>Avec une fr\u00e9quence d&#8217;image de 165 Hz, l&#8217;\u00e9cran du PC portable AORUS 15 offre une haute fluidit\u00e9 d&#8217;affichage. En combinant des composants haute performance avec un \u00e9cran \u00e0 l&#8217;affichage ultra-fluide, cet ordinateur portable Gamer vous permettra de profiter d&#8217;une exp\u00e9rience de jeu \u00e0 la hauteur de vos envies, avec des mouvements rapides et riches en d\u00e9tails et par cons\u00e9quent de meilleures performances de jeu. Avec en prime un cadre mince, l&#8217;immersion est facilit\u00e9e !<\/p>\n<\/div>\n<\/section>\n<section>\n<div class=\"desc-text\">\n<h2>WINDFORCE INFINITY<\/h2>\n<p>Gr\u00e2ce \u00e0 la technologie de refroidissement exclusive WINDFORCE Infinity, une chambre \u00e0 vapeur de grande surface recouvre les composants hautes performances et r\u00e9duit rapidement la temp\u00e9rature. L&#8217;AORUS 15 peut lib\u00e9rer pleinement les puissantes performances du CPU et du GPU dans un ch\u00e2ssis plus mince.<\/p>\n<\/div>\n<div class=\"desc-image\"><img decoding=\"async\" src=\"https:\/\/media.ldlc.com\/bo\/images\/fiches\/pc_portables\/gigabyte\/aorus_15\/2023\/804.jpg\" alt=\"\" \/><\/div>\n<\/section>\n<section class=\"list\">\n<h2>CARACT\u00c9RISTIQUES PRINCIPALES :<\/h2>\n<ul>\n<li><strong>Processeur Intel Core i7-13700H<\/strong>\u00a0(6 Performance-Cores 5 GHz Turbo + 8 Efficient-Cores 3.7 GHz Turbo &#8211; 20 Threads &#8211; Cache 24 Mo)<\/li>\n<li>16 Go de m\u00e9moire SO-DIMM DDR5 4800 MHz (2 slots pour un maximum de 64 Go)<\/li>\n<li>\u00c9cran de 15.6&#8243;\u00a0avec r\u00e9solution QHD et\u00a0<strong>fr\u00e9quence d&#8217;affichage de 165 Hz<\/strong><\/li>\n<li>Puce graphique<strong>\u00a0NVIDIA GeForce RTX 4060\u00a0<\/strong>avec 8 Go de m\u00e9moire GDDR6<\/li>\n<li><strong>SSD M.2 PCIe de 1 To<\/strong>\u00a0+ 1 slot M.2 PCIe libre<\/li>\n<li>Clavier gamer avec r\u00e9tro\u00e9clairage RGB sur 3 zones<\/li>\n<li>Communication sans fil performante\u00a0Wi-Fi 6E + Bluetooth 5.2<\/li>\n<li>Adaptateur d&#8217;alimentation 240 Watts<\/li>\n<li><strong>Windows 11 Famille<\/strong><\/li>\n<li>Neuf<\/li>\n<\/ul>\n<\/section>\n<\/div>\n<\/div>\n","protected":false},"excerpt":{"rendered":"<h2>CARACT\u00c9RISTIQUES PRINCIPALES :<\/h2>\n<ul>\n<li><strong>Processeur Intel Core i7-13700H<\/strong>\u00a0(6 Performance-Cores 5 GHz Turbo + 8 Efficient-Cores 3.7 GHz Turbo &#8211; 20 Threads &#8211; Cache 24 Mo)<\/li>\n<li>16 Go de m\u00e9moire SO-DIMM DDR5 4800 MHz (2 slots pour un maximum de 64 Go)<\/li>\n<li>\u00c9cran de 15.6&#8243;\u00a0avec r\u00e9solution QHD et\u00a0<strong>fr\u00e9quence d&#8217;affichage de 165 Hz<\/strong><\/li>\n<li>Puce graphique<strong>\u00a0NVIDIA GeForce RTX 4060\u00a0<\/strong>avec 8 Go de m\u00e9moire GDDR6<\/li>\n<li><strong>SSD M.2 PCIe de 1 To<\/strong>\u00a0+ 1 slot M.2 PCIe libre<\/li>\n<li>Clavier gamer avec r\u00e9tro\u00e9clairage RGB sur 3 zones<\/li>\n<li>Communication sans fil performante\u00a0Wi-Fi 6E + Bluetooth 5.2<\/li>\n<li>Adaptateur d&#8217;alimentation 240 Watts<\/li>\n<li><strong>Windows 11 Famille<\/strong><\/li>\n<li>Neuf<\/li>\n<\/ul>\n","protected":false},"featured_media":1008647,"template":"","meta":{"_acf_changed":false},"pwb-brand":[],"product_brand":[],"product_cat":[122,121,126],"product_tag":[],"pcb_component_type":[],"class_list":{"0":"post-8646","1":"product","2":"type-product","3":"status-publish","4":"has-post-thumbnail","6":"product_cat-gaming","7":"product_cat-pc-portable","8":"product_cat-professional","10":"first","11":"outofstock","12":"shipping-taxable","13":"product-type-simple"},"translation":{"provider":"WPGlobus","version":"3.0.2","language":"fr","enabled_languages":["en","es","de","fr","ru"],"languages":{"en":{"title":true,"content":true,"excerpt":true},"es":{"title":false,"content":false,"excerpt":false},"de":{"title":false,"content":false,"excerpt":false},"fr":{"title":false,"content":false,"excerpt":false},"ru":{"title":false,"content":false,"excerpt":false}}},"acf":[],"yoast_head":"<!-- This site is optimized with the Yoast SEO plugin v27.2 - https:\/\/yoast.com\/product\/yoast-seo-wordpress\/ -->\n<title>GIGABYTE AORUS 15 INTEL CORE I7 13700H\/16GB DDR5\/RTX 4060\/1TB SSD\/15.6&quot; QHD 165HZ - Osaka<\/title>\n<meta name=\"robots\" content=\"index, follow, max-snippet:-1, max-image-preview:large, max-video-preview:-1\" \/>\n<link rel=\"canonical\" href=\"https:\/\/osaka.ma\/fr\/product\/aorus-15-bkf-73fr754sh\/\" \/>\n<meta property=\"og:locale\" content=\"fr_FR\" \/>\n<meta property=\"og:type\" content=\"article\" \/>\n<meta property=\"og:title\" content=\"GIGABYTE AORUS 15 INTEL CORE I7 13700H\/16GB DDR5\/RTX 4060\/1TB SSD\/15.6&quot; QHD 165HZ - Osaka\" \/>\n<meta property=\"og:url\" content=\"https:\/\/osaka.ma\/fr\/product\/aorus-15-bkf-73fr754sh\/\" \/>\n<meta property=\"og:site_name\" content=\"Osaka\" \/>\n<meta property=\"article:modified_time\" content=\"2024-12-18T15:35:57+00:00\" \/>\n<meta property=\"og:image\" content=\"https:\/\/osaka.ma\/wp-content\/uploads\/2024\/05\/AORUS15-1.jpg\" \/>\n\t<meta property=\"og:image:width\" content=\"1600\" \/>\n\t<meta property=\"og:image:height\" content=\"1600\" \/>\n\t<meta property=\"og:image:type\" content=\"image\/jpeg\" \/>\n<meta name=\"twitter:card\" content=\"summary_large_image\" \/>\n<meta name=\"twitter:label1\" content=\"Dur\u00e9e de lecture estim\u00e9e\" \/>\n\t<meta name=\"twitter:data1\" content=\"4 minutes\" \/>\n<script type=\"application\/ld+json\" class=\"yoast-schema-graph\">{\"@context\":\"https:\/\/schema.org\",\"@graph\":[{\"@type\":\"WebPage\",\"@id\":\"https:\/\/osaka.ma\/fr\/product\/aorus-15-bkf-73fr754sh\/\",\"url\":\"https:\/\/osaka.ma\/fr\/product\/aorus-15-bkf-73fr754sh\/\",\"name\":\"GIGABYTE AORUS 15 INTEL CORE I7 13700H\/16GB DDR5\/RTX 4060\/1TB SSD\/15.6\\\" QHD 165HZ - Osaka\",\"isPartOf\":{\"@id\":\"https:\/\/osaka.ma\/#website\"},\"primaryImageOfPage\":{\"@id\":\"https:\/\/osaka.ma\/fr\/product\/aorus-15-bkf-73fr754sh\/#primaryimage\"},\"image\":{\"@id\":\"https:\/\/osaka.ma\/fr\/product\/aorus-15-bkf-73fr754sh\/#primaryimage\"},\"thumbnailUrl\":\"https:\/\/osaka.ma\/wp-content\/uploads\/2024\/05\/AORUS15-1.jpg\",\"datePublished\":\"2024-05-01T10:27:07+00:00\",\"dateModified\":\"2024-12-18T15:35:57+00:00\",\"breadcrumb\":{\"@id\":\"https:\/\/osaka.ma\/fr\/product\/aorus-15-bkf-73fr754sh\/#breadcrumb\"},\"inLanguage\":\"fr-FR\",\"potentialAction\":[{\"@type\":\"ReadAction\",\"target\":[\"https:\/\/osaka.ma\/fr\/product\/aorus-15-bkf-73fr754sh\/\"]}]},{\"@type\":\"ImageObject\",\"inLanguage\":\"fr-FR\",\"@id\":\"https:\/\/osaka.ma\/fr\/product\/aorus-15-bkf-73fr754sh\/#primaryimage\",\"url\":\"https:\/\/osaka.ma\/wp-content\/uploads\/2024\/05\/AORUS15-1.jpg\",\"contentUrl\":\"https:\/\/osaka.ma\/wp-content\/uploads\/2024\/05\/AORUS15-1.jpg\",\"width\":1600,\"height\":1600},{\"@type\":\"BreadcrumbList\",\"@id\":\"https:\/\/osaka.ma\/fr\/product\/aorus-15-bkf-73fr754sh\/#breadcrumb\",\"itemListElement\":[{\"@type\":\"ListItem\",\"position\":1,\"name\":\"Home\",\"item\":\"https:\/\/osaka.ma\/\"},{\"@type\":\"ListItem\",\"position\":2,\"name\":\"Shop\",\"item\":\"https:\/\/osaka.ma\/shop-2\/\"},{\"@type\":\"ListItem\",\"position\":3,\"name\":\"GIGABYTE AORUS 15 INTEL CORE I7 13700H\/16GB DDR5\/RTX 4060\/1TB SSD\/15.6&#8243; QHD 165HZ\"}]},{\"@type\":\"WebSite\",\"@id\":\"https:\/\/osaka.ma\/#website\",\"url\":\"https:\/\/osaka.ma\/\",\"name\":\"Osaka\",\"description\":\"\",\"publisher\":{\"@id\":\"https:\/\/osaka.ma\/#organization\"},\"potentialAction\":[{\"@type\":\"SearchAction\",\"target\":{\"@type\":\"EntryPoint\",\"urlTemplate\":\"https:\/\/osaka.ma\/?s={search_term_string}\"},\"query-input\":{\"@type\":\"PropertyValueSpecification\",\"valueRequired\":true,\"valueName\":\"search_term_string\"}}],\"inLanguage\":\"fr-FR\"},{\"@type\":\"Organization\",\"@id\":\"https:\/\/osaka.ma\/#organization\",\"name\":\"Osaka\",\"url\":\"https:\/\/osaka.ma\/\",\"logo\":{\"@type\":\"ImageObject\",\"inLanguage\":\"fr-FR\",\"@id\":\"https:\/\/osaka.ma\/#\/schema\/logo\/image\/\",\"url\":\"https:\/\/osaka.ma\/wp-content\/uploads\/2026\/01\/model-slogan-logo-2Plan-de-travail-1dksl-plus-finnn.png\",\"contentUrl\":\"https:\/\/osaka.ma\/wp-content\/uploads\/2026\/01\/model-slogan-logo-2Plan-de-travail-1dksl-plus-finnn.png\",\"width\":842,\"height\":226,\"caption\":\"Osaka\"},\"image\":{\"@id\":\"https:\/\/osaka.ma\/#\/schema\/logo\/image\/\"}}]}<\/script>\n<!-- \/ Yoast SEO plugin. -->","yoast_head_json":{"title":"GIGABYTE AORUS 15 INTEL CORE I7 13700H\/16GB DDR5\/RTX 4060\/1TB SSD\/15.6\" QHD 165HZ - Osaka","robots":{"index":"index","follow":"follow","max-snippet":"max-snippet:-1","max-image-preview":"max-image-preview:large","max-video-preview":"max-video-preview:-1"},"canonical":"https:\/\/osaka.ma\/fr\/product\/aorus-15-bkf-73fr754sh\/","og_locale":"fr_FR","og_type":"article","og_title":"GIGABYTE AORUS 15 INTEL CORE I7 13700H\/16GB DDR5\/RTX 4060\/1TB SSD\/15.6\" QHD 165HZ - Osaka","og_url":"https:\/\/osaka.ma\/fr\/product\/aorus-15-bkf-73fr754sh\/","og_site_name":"Osaka","article_modified_time":"2024-12-18T15:35:57+00:00","og_image":[{"width":1600,"height":1600,"url":"https:\/\/osaka.ma\/wp-content\/uploads\/2024\/05\/AORUS15-1.jpg","type":"image\/jpeg"}],"twitter_card":"summary_large_image","twitter_misc":{"Dur\u00e9e de lecture estim\u00e9e":"4 minutes"},"schema":{"@context":"https:\/\/schema.org","@graph":[{"@type":"WebPage","@id":"https:\/\/osaka.ma\/fr\/product\/aorus-15-bkf-73fr754sh\/","url":"https:\/\/osaka.ma\/fr\/product\/aorus-15-bkf-73fr754sh\/","name":"GIGABYTE AORUS 15 INTEL CORE I7 13700H\/16GB DDR5\/RTX 4060\/1TB SSD\/15.6\" QHD 165HZ - Osaka","isPartOf":{"@id":"https:\/\/osaka.ma\/#website"},"primaryImageOfPage":{"@id":"https:\/\/osaka.ma\/fr\/product\/aorus-15-bkf-73fr754sh\/#primaryimage"},"image":{"@id":"https:\/\/osaka.ma\/fr\/product\/aorus-15-bkf-73fr754sh\/#primaryimage"},"thumbnailUrl":"https:\/\/osaka.ma\/wp-content\/uploads\/2024\/05\/AORUS15-1.jpg","datePublished":"2024-05-01T10:27:07+00:00","dateModified":"2024-12-18T15:35:57+00:00","breadcrumb":{"@id":"https:\/\/osaka.ma\/fr\/product\/aorus-15-bkf-73fr754sh\/#breadcrumb"},"inLanguage":"fr-FR","potentialAction":[{"@type":"ReadAction","target":["https:\/\/osaka.ma\/fr\/product\/aorus-15-bkf-73fr754sh\/"]}]},{"@type":"ImageObject","inLanguage":"fr-FR","@id":"https:\/\/osaka.ma\/fr\/product\/aorus-15-bkf-73fr754sh\/#primaryimage","url":"https:\/\/osaka.ma\/wp-content\/uploads\/2024\/05\/AORUS15-1.jpg","contentUrl":"https:\/\/osaka.ma\/wp-content\/uploads\/2024\/05\/AORUS15-1.jpg","width":1600,"height":1600},{"@type":"BreadcrumbList","@id":"https:\/\/osaka.ma\/fr\/product\/aorus-15-bkf-73fr754sh\/#breadcrumb","itemListElement":[{"@type":"ListItem","position":1,"name":"Home","item":"https:\/\/osaka.ma\/"},{"@type":"ListItem","position":2,"name":"Shop","item":"https:\/\/osaka.ma\/shop-2\/"},{"@type":"ListItem","position":3,"name":"GIGABYTE AORUS 15 INTEL CORE I7 13700H\/16GB DDR5\/RTX 4060\/1TB SSD\/15.6&#8243; QHD 165HZ"}]},{"@type":"WebSite","@id":"https:\/\/osaka.ma\/#website","url":"https:\/\/osaka.ma\/","name":"Osaka","description":"","publisher":{"@id":"https:\/\/osaka.ma\/#organization"},"potentialAction":[{"@type":"SearchAction","target":{"@type":"EntryPoint","urlTemplate":"https:\/\/osaka.ma\/?s={search_term_string}"},"query-input":{"@type":"PropertyValueSpecification","valueRequired":true,"valueName":"search_term_string"}}],"inLanguage":"fr-FR"},{"@type":"Organization","@id":"https:\/\/osaka.ma\/#organization","name":"Osaka","url":"https:\/\/osaka.ma\/","logo":{"@type":"ImageObject","inLanguage":"fr-FR","@id":"https:\/\/osaka.ma\/#\/schema\/logo\/image\/","url":"https:\/\/osaka.ma\/wp-content\/uploads\/2026\/01\/model-slogan-logo-2Plan-de-travail-1dksl-plus-finnn.png","contentUrl":"https:\/\/osaka.ma\/wp-content\/uploads\/2026\/01\/model-slogan-logo-2Plan-de-travail-1dksl-plus-finnn.png","width":842,"height":226,"caption":"Osaka"},"image":{"@id":"https:\/\/osaka.ma\/#\/schema\/logo\/image\/"}}]}},"jetpack_sharing_enabled":true,"brands":[],"_links":{"self":[{"href":"https:\/\/osaka.ma\/fr\/wp-json\/wp\/v2\/product\/8646","targetHints":{"allow":["GET"]}}],"collection":[{"href":"https:\/\/osaka.ma\/fr\/wp-json\/wp\/v2\/product"}],"about":[{"href":"https:\/\/osaka.ma\/fr\/wp-json\/wp\/v2\/types\/product"}],"version-history":[{"count":0,"href":"https:\/\/osaka.ma\/fr\/wp-json\/wp\/v2\/product\/8646\/revisions"}],"wp:featuredmedia":[{"embeddable":true,"href":"https:\/\/osaka.ma\/fr\/wp-json\/wp\/v2\/media\/1008647"}],"wp:attachment":[{"href":"https:\/\/osaka.ma\/fr\/wp-json\/wp\/v2\/media?parent=8646"}],"wp:term":[{"taxonomy":"pwb-brand","embeddable":true,"href":"https:\/\/osaka.ma\/fr\/wp-json\/wp\/v2\/pwb-brand?post=8646"},{"taxonomy":"product_brand","embeddable":true,"href":"https:\/\/osaka.ma\/fr\/wp-json\/wp\/v2\/product_brand?post=8646"},{"taxonomy":"product_cat","embeddable":true,"href":"https:\/\/osaka.ma\/fr\/wp-json\/wp\/v2\/product_cat?post=8646"},{"taxonomy":"product_tag","embeddable":true,"href":"https:\/\/osaka.ma\/fr\/wp-json\/wp\/v2\/product_tag?post=8646"},{"taxonomy":"pcb_component_type","embeddable":true,"href":"https:\/\/osaka.ma\/fr\/wp-json\/wp\/v2\/pcb_component_type?post=8646"}],"curies":[{"name":"wp","href":"https:\/\/api.w.org\/{rel}","templated":true}]}}