{"id":8694,"date":"2024-05-06T15:08:18","date_gmt":"2024-05-06T15:08:18","guid":{"rendered":"https:\/\/osaka.ma\/?post_type=product&#038;p=8694"},"modified":"2025-04-24T18:06:29","modified_gmt":"2025-04-24T18:06:29","slug":"sg-t400-5-dual-5pipes-lga-1700","status":"publish","type":"product","link":"https:\/\/osaka.ma\/fr\/product\/sg-t400-5-dual-5pipes-lga-1700\/","title":{"rendered":"SG T400-5 DUAL 5PIPES LGA 1700"},"content":{"rendered":"<h2>Description<\/h2>\n<h1><img decoding=\"async\" class=\"wp-image-87645 aligncenter entered litespeed-loaded\" title=\"SG T400-5 NOIR 1 SG T400-5 NOIR\" src=\"https:\/\/setupgame.ma\/wp-content\/uploads\/2023\/06\/logo-SG-Maroc.jpg\" alt=\"\" width=\"124\" height=\"124\" data-lazyloaded=\"1\" data-src=\"https:\/\/setupgame.ma\/wp-content\/uploads\/2023\/06\/logo-SG-Maroc.jpg\" data-ll-status=\"loaded\" \/><\/h1>\n<h1 class=\"h2-master\">AIRCOOLER SG T400-5 NOIR Maroc<\/h1>\n<p>le SG T400-5 offre le refroidissement le plus extr\u00eame. Avec une capacit\u00e9 de refroidissement impressionnante de 180 W TDP, il surpasse de nombreux kits de watercooling, assurant un refroidissement extr\u00eame.<\/p>\n<figure id=\"attachment_112904\" class=\"wp-caption aligncenter\" aria-describedby=\"caption-attachment-112904\"><img fetchpriority=\"high\" decoding=\"async\" class=\"wp-image-112904 size-full entered litespeed-loaded\" title=\"SG T400-5 NOIR 2 SG T400-5 NOIR\" src=\"https:\/\/setupgame.ma\/wp-content\/uploads\/2024\/05\/SG-T400-5-NOIR-Setup-Game3.jpg\" sizes=\"(max-width: 600px) 100vw, 600px\" srcset=\"https:\/\/setupgame.ma\/wp-content\/uploads\/2024\/05\/SG-T400-5-NOIR-Setup-Game3.jpg 600w, https:\/\/setupgame.ma\/wp-content\/uploads\/2024\/05\/SG-T400-5-NOIR-Setup-Game3-150x150.jpg 150w, https:\/\/setupgame.ma\/wp-content\/uploads\/2024\/05\/SG-T400-5-NOIR-Setup-Game3-300x300.jpg 300w, https:\/\/setupgame.ma\/wp-content\/uploads\/2024\/05\/SG-T400-5-NOIR-Setup-Game3-100x100.jpg 100w\" alt=\"AIRCOOLER SG T400-5 NOIR Maroc\" width=\"600\" height=\"600\" data-lazyloaded=\"1\" data-src=\"https:\/\/setupgame.ma\/wp-content\/uploads\/2024\/05\/SG-T400-5-NOIR-Setup-Game3.jpg\" data-srcset=\"https:\/\/setupgame.ma\/wp-content\/uploads\/2024\/05\/SG-T400-5-NOIR-Setup-Game3.jpg 600w, https:\/\/setupgame.ma\/wp-content\/uploads\/2024\/05\/SG-T400-5-NOIR-Setup-Game3-150x150.jpg 150w, https:\/\/setupgame.ma\/wp-content\/uploads\/2024\/05\/SG-T400-5-NOIR-Setup-Game3-300x300.jpg 300w, https:\/\/setupgame.ma\/wp-content\/uploads\/2024\/05\/SG-T400-5-NOIR-Setup-Game3-100x100.jpg 100w\" data-sizes=\"(max-width: 600px) 100vw, 600px\" data-ll-status=\"loaded\" \/><figcaption id=\"caption-attachment-112904\" class=\"wp-caption-text\">AIRCOOLER SG T400-5 NOIR Maroc<\/figcaption><\/figure>\n<p>Capable de supporter des CPU jusqu\u2019\u00e0 180W TDP, gr\u00e2ce \u00e0 ses 6 caloducs ultra performants avec technologie HCT, son grand radiateur \u00e0 pales haute densit\u00e9 et ses DEUX ventilateurs de 120mm, permet de configurer les ordinateurs les plus puissants sans utiliser de refroidisseurs watercooling. De plus, la technologie innovante PWM \u00e0 4 broches garantira toujours le bruit le plus faible possible.<\/p>\n<p>MULTIPRISE UNIVERSELLE<br \/>\nGr\u00e2ce \u00e0 son multisocket universel, le dissipateur thermique MCPU66 dispose d\u2019une large compatibilit\u00e9 qui vous permet de l\u2019utiliser avec un grand nombre de cartes m\u00e8res, offrant la prise en charge des s\u00e9ries<\/p>\n<p>Intel LGA 2066, 2011, 1700, 1200, 1156, 1155, 1151, 1150, 1136. et AMD AM5, AM4, AM3+, AM3, AM2+, AM2, FM2, FM1.<\/p>\n<p>Mat\u00e9riau de base\/couleur : alliage d\u2019aluminium\/noir.<br \/>\nMat\u00e9riau des ailerons : alliage d\u2019aluminium\/noir.<br \/>\nSp\u00e9cifications du caloduc\u00a0:\u00a0DC 12\u00a0V<br \/>\nTension de d\u00e9marrage\u00a0:\u00a0&lt;\u00a06\u00a0V<br \/>\nSp\u00e9cifications du caloduc\u00a0: OD=6\u00a0mm<br \/>\nCaloduc\u00a0:\u00a0quantit\u00e9 de 5\u00a0pi\u00e8ces<br \/>\nD\u00e9bit d\u2019air\u00a0:\u00a051 CFM<br \/>\nPression atmosph\u00e9rique : 2 mmH2O [Max.]<br \/>\nVitesse\u00a0:\u00a0800-1\u00a0800 tr\/min<br \/>\nNiveau de bruit : 18 dB [Max.]<br \/>\nConnecteur\u00a0: connecteur \u00e0 4 broches<br \/>\nDimension du ventilateur [L\u00d7H\u00d7P]\uff1a120\u00d7120\u00d725 mm<br \/>\nDur\u00e9e de vie (MTBF)\u00a0:\u00a030 000\u00a0H<br \/>\nTDP : &lt; 180 W<br \/>\navec 2 ventilateurs<\/p>\n","protected":false},"excerpt":{"rendered":"<p><strong>Dot\u00e9 de 6 caloducs et de deux ventilateurs remarquables, le SG T400-5 offre le refroidissement le plus extr\u00eame. Avec une capacit\u00e9 de refroidissement impressionnante de 180 W TDP, il surpasse de nombreux kits de watercooling, assurant un refroidissement extr\u00eame.<\/strong><\/p>\n","protected":false},"featured_media":1008695,"template":"","meta":{"_acf_changed":false},"pwb-brand":[],"product_brand":[142],"product_cat":[112,17,82],"product_tag":[],"pcb_component_type":[],"class_list":{"0":"post-8694","1":"product","2":"type-product","3":"status-publish","4":"has-post-thumbnail","6":"product_brand-sg","7":"product_cat-aircooler","8":"product_cat-composants-gaming","9":"product_cat-refroidissement","11":"first","12":"outofstock","13":"shipping-taxable","14":"product-type-simple"},"translation":{"provider":"WPGlobus","version":"3.0.2","language":"fr","enabled_languages":["en","es","de","fr","ru"],"languages":{"en":{"title":true,"content":true,"excerpt":true},"es":{"title":false,"content":false,"excerpt":false},"de":{"title":false,"content":false,"excerpt":false},"fr":{"title":false,"content":false,"excerpt":false},"ru":{"title":false,"content":false,"excerpt":false}}},"acf":[],"yoast_head":"<!-- This site is optimized with the Yoast SEO plugin v27.2 - https:\/\/yoast.com\/product\/yoast-seo-wordpress\/ -->\n<title>SG T400-5 DUAL 5PIPES LGA 1700 - Osaka<\/title>\n<meta name=\"robots\" content=\"index, follow, max-snippet:-1, max-image-preview:large, max-video-preview:-1\" \/>\n<link rel=\"canonical\" href=\"https:\/\/osaka.ma\/product\/sg-t400-5-dual-5pipes-lga-1700\/\" \/>\n<meta property=\"og:locale\" content=\"fr_FR\" \/>\n<meta property=\"og:type\" content=\"article\" \/>\n<meta property=\"og:title\" content=\"SG T400-5 DUAL 5PIPES LGA 1700 - Osaka\" \/>\n<meta property=\"og:url\" content=\"https:\/\/osaka.ma\/product\/sg-t400-5-dual-5pipes-lga-1700\/\" \/>\n<meta property=\"og:site_name\" content=\"Osaka\" \/>\n<meta property=\"article:modified_time\" content=\"2025-04-24T18:06:29+00:00\" \/>\n<meta property=\"og:image\" content=\"https:\/\/osaka.ma\/wp-content\/uploads\/2024\/05\/sgcooler-1-1024x1024.png\" \/>\n\t<meta property=\"og:image:width\" content=\"1024\" \/>\n\t<meta property=\"og:image:height\" content=\"1024\" \/>\n\t<meta property=\"og:image:type\" content=\"image\/png\" \/>\n<meta name=\"twitter:card\" content=\"summary_large_image\" \/>\n<meta name=\"twitter:label1\" content=\"Dur\u00e9e de lecture estim\u00e9e\" \/>\n\t<meta name=\"twitter:data1\" content=\"2 minutes\" \/>\n<script type=\"application\/ld+json\" class=\"yoast-schema-graph\">{\"@context\":\"https:\/\/schema.org\",\"@graph\":[{\"@type\":\"WebPage\",\"@id\":\"https:\/\/osaka.ma\/product\/sg-t400-5-dual-5pipes-lga-1700\/\",\"url\":\"https:\/\/osaka.ma\/product\/sg-t400-5-dual-5pipes-lga-1700\/\",\"name\":\"SG T400-5 DUAL 5PIPES LGA 1700 - Osaka\",\"isPartOf\":{\"@id\":\"https:\/\/osaka.ma\/#website\"},\"primaryImageOfPage\":{\"@id\":\"https:\/\/osaka.ma\/product\/sg-t400-5-dual-5pipes-lga-1700\/#primaryimage\"},\"image\":{\"@id\":\"https:\/\/osaka.ma\/product\/sg-t400-5-dual-5pipes-lga-1700\/#primaryimage\"},\"thumbnailUrl\":\"https:\/\/osaka.ma\/wp-content\/uploads\/2024\/05\/sgcooler-1.png\",\"datePublished\":\"2024-05-06T15:08:18+00:00\",\"dateModified\":\"2025-04-24T18:06:29+00:00\",\"breadcrumb\":{\"@id\":\"https:\/\/osaka.ma\/product\/sg-t400-5-dual-5pipes-lga-1700\/#breadcrumb\"},\"inLanguage\":\"fr-FR\",\"potentialAction\":[{\"@type\":\"ReadAction\",\"target\":[\"https:\/\/osaka.ma\/product\/sg-t400-5-dual-5pipes-lga-1700\/\"]}]},{\"@type\":\"ImageObject\",\"inLanguage\":\"fr-FR\",\"@id\":\"https:\/\/osaka.ma\/product\/sg-t400-5-dual-5pipes-lga-1700\/#primaryimage\",\"url\":\"https:\/\/osaka.ma\/wp-content\/uploads\/2024\/05\/sgcooler-1.png\",\"contentUrl\":\"https:\/\/osaka.ma\/wp-content\/uploads\/2024\/05\/sgcooler-1.png\",\"width\":2000,\"height\":2000},{\"@type\":\"BreadcrumbList\",\"@id\":\"https:\/\/osaka.ma\/product\/sg-t400-5-dual-5pipes-lga-1700\/#breadcrumb\",\"itemListElement\":[{\"@type\":\"ListItem\",\"position\":1,\"name\":\"Home\",\"item\":\"https:\/\/osaka.ma\/\"},{\"@type\":\"ListItem\",\"position\":2,\"name\":\"Shop\",\"item\":\"https:\/\/osaka.ma\/shop-2\/\"},{\"@type\":\"ListItem\",\"position\":3,\"name\":\"SG T400-5 DUAL 5PIPES LGA 1700\"}]},{\"@type\":\"WebSite\",\"@id\":\"https:\/\/osaka.ma\/#website\",\"url\":\"https:\/\/osaka.ma\/\",\"name\":\"Osaka\",\"description\":\"\",\"publisher\":{\"@id\":\"https:\/\/osaka.ma\/#organization\"},\"potentialAction\":[{\"@type\":\"SearchAction\",\"target\":{\"@type\":\"EntryPoint\",\"urlTemplate\":\"https:\/\/osaka.ma\/?s={search_term_string}\"},\"query-input\":{\"@type\":\"PropertyValueSpecification\",\"valueRequired\":true,\"valueName\":\"search_term_string\"}}],\"inLanguage\":\"fr-FR\"},{\"@type\":\"Organization\",\"@id\":\"https:\/\/osaka.ma\/#organization\",\"name\":\"Osaka\",\"url\":\"https:\/\/osaka.ma\/\",\"logo\":{\"@type\":\"ImageObject\",\"inLanguage\":\"fr-FR\",\"@id\":\"https:\/\/osaka.ma\/#\/schema\/logo\/image\/\",\"url\":\"https:\/\/osaka.ma\/wp-content\/uploads\/2026\/01\/model-slogan-logo-2Plan-de-travail-1dksl-plus-finnn.png\",\"contentUrl\":\"https:\/\/osaka.ma\/wp-content\/uploads\/2026\/01\/model-slogan-logo-2Plan-de-travail-1dksl-plus-finnn.png\",\"width\":842,\"height\":226,\"caption\":\"Osaka\"},\"image\":{\"@id\":\"https:\/\/osaka.ma\/#\/schema\/logo\/image\/\"}}]}<\/script>\n<!-- \/ Yoast SEO plugin. -->","yoast_head_json":{"title":"SG T400-5 DUAL 5PIPES LGA 1700 - Osaka","robots":{"index":"index","follow":"follow","max-snippet":"max-snippet:-1","max-image-preview":"max-image-preview:large","max-video-preview":"max-video-preview:-1"},"canonical":"https:\/\/osaka.ma\/product\/sg-t400-5-dual-5pipes-lga-1700\/","og_locale":"fr_FR","og_type":"article","og_title":"SG T400-5 DUAL 5PIPES LGA 1700 - Osaka","og_url":"https:\/\/osaka.ma\/product\/sg-t400-5-dual-5pipes-lga-1700\/","og_site_name":"Osaka","article_modified_time":"2025-04-24T18:06:29+00:00","og_image":[{"width":1024,"height":1024,"url":"https:\/\/osaka.ma\/wp-content\/uploads\/2024\/05\/sgcooler-1-1024x1024.png","type":"image\/png"}],"twitter_card":"summary_large_image","twitter_misc":{"Dur\u00e9e de lecture estim\u00e9e":"2 minutes"},"schema":{"@context":"https:\/\/schema.org","@graph":[{"@type":"WebPage","@id":"https:\/\/osaka.ma\/product\/sg-t400-5-dual-5pipes-lga-1700\/","url":"https:\/\/osaka.ma\/product\/sg-t400-5-dual-5pipes-lga-1700\/","name":"SG T400-5 DUAL 5PIPES LGA 1700 - Osaka","isPartOf":{"@id":"https:\/\/osaka.ma\/#website"},"primaryImageOfPage":{"@id":"https:\/\/osaka.ma\/product\/sg-t400-5-dual-5pipes-lga-1700\/#primaryimage"},"image":{"@id":"https:\/\/osaka.ma\/product\/sg-t400-5-dual-5pipes-lga-1700\/#primaryimage"},"thumbnailUrl":"https:\/\/osaka.ma\/wp-content\/uploads\/2024\/05\/sgcooler-1.png","datePublished":"2024-05-06T15:08:18+00:00","dateModified":"2025-04-24T18:06:29+00:00","breadcrumb":{"@id":"https:\/\/osaka.ma\/product\/sg-t400-5-dual-5pipes-lga-1700\/#breadcrumb"},"inLanguage":"fr-FR","potentialAction":[{"@type":"ReadAction","target":["https:\/\/osaka.ma\/product\/sg-t400-5-dual-5pipes-lga-1700\/"]}]},{"@type":"ImageObject","inLanguage":"fr-FR","@id":"https:\/\/osaka.ma\/product\/sg-t400-5-dual-5pipes-lga-1700\/#primaryimage","url":"https:\/\/osaka.ma\/wp-content\/uploads\/2024\/05\/sgcooler-1.png","contentUrl":"https:\/\/osaka.ma\/wp-content\/uploads\/2024\/05\/sgcooler-1.png","width":2000,"height":2000},{"@type":"BreadcrumbList","@id":"https:\/\/osaka.ma\/product\/sg-t400-5-dual-5pipes-lga-1700\/#breadcrumb","itemListElement":[{"@type":"ListItem","position":1,"name":"Home","item":"https:\/\/osaka.ma\/"},{"@type":"ListItem","position":2,"name":"Shop","item":"https:\/\/osaka.ma\/shop-2\/"},{"@type":"ListItem","position":3,"name":"SG T400-5 DUAL 5PIPES LGA 1700"}]},{"@type":"WebSite","@id":"https:\/\/osaka.ma\/#website","url":"https:\/\/osaka.ma\/","name":"Osaka","description":"","publisher":{"@id":"https:\/\/osaka.ma\/#organization"},"potentialAction":[{"@type":"SearchAction","target":{"@type":"EntryPoint","urlTemplate":"https:\/\/osaka.ma\/?s={search_term_string}"},"query-input":{"@type":"PropertyValueSpecification","valueRequired":true,"valueName":"search_term_string"}}],"inLanguage":"fr-FR"},{"@type":"Organization","@id":"https:\/\/osaka.ma\/#organization","name":"Osaka","url":"https:\/\/osaka.ma\/","logo":{"@type":"ImageObject","inLanguage":"fr-FR","@id":"https:\/\/osaka.ma\/#\/schema\/logo\/image\/","url":"https:\/\/osaka.ma\/wp-content\/uploads\/2026\/01\/model-slogan-logo-2Plan-de-travail-1dksl-plus-finnn.png","contentUrl":"https:\/\/osaka.ma\/wp-content\/uploads\/2026\/01\/model-slogan-logo-2Plan-de-travail-1dksl-plus-finnn.png","width":842,"height":226,"caption":"Osaka"},"image":{"@id":"https:\/\/osaka.ma\/#\/schema\/logo\/image\/"}}]}},"jetpack_sharing_enabled":true,"brands":[],"_links":{"self":[{"href":"https:\/\/osaka.ma\/fr\/wp-json\/wp\/v2\/product\/8694","targetHints":{"allow":["GET"]}}],"collection":[{"href":"https:\/\/osaka.ma\/fr\/wp-json\/wp\/v2\/product"}],"about":[{"href":"https:\/\/osaka.ma\/fr\/wp-json\/wp\/v2\/types\/product"}],"version-history":[{"count":0,"href":"https:\/\/osaka.ma\/fr\/wp-json\/wp\/v2\/product\/8694\/revisions"}],"wp:featuredmedia":[{"embeddable":true,"href":"https:\/\/osaka.ma\/fr\/wp-json\/wp\/v2\/media\/1008695"}],"wp:attachment":[{"href":"https:\/\/osaka.ma\/fr\/wp-json\/wp\/v2\/media?parent=8694"}],"wp:term":[{"taxonomy":"pwb-brand","embeddable":true,"href":"https:\/\/osaka.ma\/fr\/wp-json\/wp\/v2\/pwb-brand?post=8694"},{"taxonomy":"product_brand","embeddable":true,"href":"https:\/\/osaka.ma\/fr\/wp-json\/wp\/v2\/product_brand?post=8694"},{"taxonomy":"product_cat","embeddable":true,"href":"https:\/\/osaka.ma\/fr\/wp-json\/wp\/v2\/product_cat?post=8694"},{"taxonomy":"product_tag","embeddable":true,"href":"https:\/\/osaka.ma\/fr\/wp-json\/wp\/v2\/product_tag?post=8694"},{"taxonomy":"pcb_component_type","embeddable":true,"href":"https:\/\/osaka.ma\/fr\/wp-json\/wp\/v2\/pcb_component_type?post=8694"}],"curies":[{"name":"wp","href":"https:\/\/api.w.org\/{rel}","templated":true}]}}