{"id":8699,"date":"2024-05-06T15:15:15","date_gmt":"2024-05-06T15:15:15","guid":{"rendered":"https:\/\/osaka.ma\/?post_type=product&#038;p=8699"},"modified":"2024-12-18T15:36:03","modified_gmt":"2024-12-18T15:36:03","slug":"sg-t60-argb-noir","status":"publish","type":"product","link":"https:\/\/osaka.ma\/fr\/product\/sg-t60-argb-noir\/","title":{"rendered":"SG T60 ARGB NOIR"},"content":{"rendered":"<h2><\/h2>\n<h1><img decoding=\"async\" class=\"wp-image-87645 aligncenter entered litespeed-loaded\" title=\"SG T60 ARGB NOIR 1 SG T60 ARGB NOIR\" src=\"https:\/\/setupgame.ma\/wp-content\/uploads\/2023\/06\/logo-SG-Maroc.jpg\" alt=\"\" width=\"124\" height=\"124\" data-lazyloaded=\"1\" data-src=\"https:\/\/setupgame.ma\/wp-content\/uploads\/2023\/06\/logo-SG-Maroc.jpg\" data-ll-status=\"loaded\" \/><\/h1>\n<h1 class=\"h2-master\">SOURIS GAMER SG T60 ARGB NOIR MAROC<\/h1>\n<p>Avec seulement 55 grammes, la T60 est l\u2019une des souris les plus l\u00e9g\u00e8res au monde. Sans sacrifier les meilleures performances avec une optique avanc\u00e9e de 7200 DPI, un \u00e9clairage RVB spectaculaire, un c\u00e2ble Paracord ultra-l\u00e9ger, des commutateurs m\u00e9caniques Huano et un logiciel de contr\u00f4le puissant.<\/p>\n<figure id=\"attachment_112918\" class=\"wp-caption aligncenter\" aria-describedby=\"caption-attachment-112918\"><img fetchpriority=\"high\" decoding=\"async\" class=\"wp-image-112918 size-full entered litespeed-loaded\" title=\"SG T60 ARGB NOIR 2 SG T60 ARGB NOIR\" src=\"https:\/\/setupgame.ma\/wp-content\/uploads\/2024\/05\/SG-T60-ARGB-NOIR-Setup-Game5.jpg\" sizes=\"(max-width: 600px) 100vw, 600px\" srcset=\"https:\/\/setupgame.ma\/wp-content\/uploads\/2024\/05\/SG-T60-ARGB-NOIR-Setup-Game5.jpg 600w, https:\/\/setupgame.ma\/wp-content\/uploads\/2024\/05\/SG-T60-ARGB-NOIR-Setup-Game5-150x150.jpg 150w, https:\/\/setupgame.ma\/wp-content\/uploads\/2024\/05\/SG-T60-ARGB-NOIR-Setup-Game5-300x300.jpg 300w, https:\/\/setupgame.ma\/wp-content\/uploads\/2024\/05\/SG-T60-ARGB-NOIR-Setup-Game5-100x100.jpg 100w\" alt=\"SOURIS GAMER SG T60 ARGB NOIR MAROC\" width=\"600\" height=\"600\" data-lazyloaded=\"1\" data-src=\"https:\/\/setupgame.ma\/wp-content\/uploads\/2024\/05\/SG-T60-ARGB-NOIR-Setup-Game5.jpg\" data-srcset=\"https:\/\/setupgame.ma\/wp-content\/uploads\/2024\/05\/SG-T60-ARGB-NOIR-Setup-Game5.jpg 600w, https:\/\/setupgame.ma\/wp-content\/uploads\/2024\/05\/SG-T60-ARGB-NOIR-Setup-Game5-150x150.jpg 150w, https:\/\/setupgame.ma\/wp-content\/uploads\/2024\/05\/SG-T60-ARGB-NOIR-Setup-Game5-300x300.jpg 300w, https:\/\/setupgame.ma\/wp-content\/uploads\/2024\/05\/SG-T60-ARGB-NOIR-Setup-Game5-100x100.jpg 100w\" data-sizes=\"(max-width: 600px) 100vw, 600px\" data-ll-status=\"loaded\" \/><figcaption id=\"caption-attachment-112918\" class=\"wp-caption-text\">SOURIS GAMER SG T60 ARGB NOIR MAROC<\/figcaption><\/figure>\n<p><strong>HIVE DESIGN EXTR\u00caME L\u00c9G\u00c8RET\u00c9 55 GRAMMES<\/strong><\/p>\n<p>La structure du T60 supprime les rev\u00eatements inutiles gr\u00e2ce \u00e0 son design spectaculaire Hive : un bo\u00eetier a\u00e9rodynamique qui minimise la tra\u00een\u00e9e et le poids du p\u00e9riph\u00e9rique pour fournir une souris de 55 g si rapide et l\u00e9g\u00e8re que vous aurez l\u2019impression de ne rien tenir dans votre main.<\/p>\n<h2>CONCEPTION DE C\u00c2BLE DE PARACORD EN PLUME<\/h2>\n<p>Le c\u00e2ble MM55 pr\u00e9sente une conception sp\u00e9ciale Feather Paracord, con\u00e7ue pour limiter au maximum le poids de la souris. Gr\u00e2ce \u00e0 une construction qui offre flexibilit\u00e9, durabilit\u00e9 et l\u00e9g\u00e8ret\u00e9, elle r\u00e9duit la r\u00e9sistance au minimum pour une sensation semblable \u00e0 celle d\u2019une souris sans fil.<\/p>\n<p>Boutons :\u00a07 Programmable<br \/>\n\u00c9clairage :\u00a0Chroma RVB<br \/>\nProgrammable et r\u00e9tro\u00e9clair\u00e9 RVB<br \/>\nCouverture en maille et option 6 poids<br \/>\nNum\u00e9ro de cl\u00e9: 7 cl\u00e9s<br \/>\nTransmission\u00a0: USB filaire<br \/>\nR\u00e9solution\u00a0: 1200\/1600\/2400\/3200\/4800\/7200 DPI<br \/>\nSyst\u00e8me d\u2019exploitation pris en charge\u00a0: Windows XP\/Vista\/Win7\/8\/10\/11 Mac OS X<br \/>\nCouleur du produit: Noir<br \/>\nPuce: A725<\/p>\n","protected":false},"excerpt":{"rendered":"<p><strong>la T60 est l\u2019une des souris les plus l\u00e9g\u00e8res au monde. Sans sacrifier les meilleures performances avec une optique avanc\u00e9e de 7200 DPI, un \u00e9clairage RVB spectaculaire, un c\u00e2ble Paracord ultra-l\u00e9ger, des commutateurs m\u00e9caniques Huano et un logiciel de contr\u00f4le puissant.<\/strong><\/p>\n","protected":false},"featured_media":1008723,"template":"","meta":{"_acf_changed":false},"pwb-brand":[],"product_brand":[],"product_cat":[31,32],"product_tag":[],"pcb_component_type":[],"class_list":{"0":"post-8699","1":"product","2":"type-product","3":"status-publish","4":"has-post-thumbnail","6":"product_cat-accessoires","7":"product_cat-souris","9":"first","10":"outofstock","11":"shipping-taxable","12":"product-type-simple"},"translation":{"provider":"WPGlobus","version":"3.0.2","language":"fr","enabled_languages":["en","es","de","fr","ru"],"languages":{"en":{"title":true,"content":true,"excerpt":true},"es":{"title":false,"content":false,"excerpt":false},"de":{"title":false,"content":false,"excerpt":false},"fr":{"title":false,"content":false,"excerpt":false},"ru":{"title":false,"content":false,"excerpt":false}}},"acf":[],"yoast_head":"<!-- This site is optimized with the Yoast SEO plugin v27.2 - https:\/\/yoast.com\/product\/yoast-seo-wordpress\/ -->\n<title>SG T60 ARGB NOIR - Osaka<\/title>\n<meta name=\"robots\" content=\"index, follow, max-snippet:-1, max-image-preview:large, max-video-preview:-1\" \/>\n<link rel=\"canonical\" href=\"https:\/\/osaka.ma\/product\/sg-t60-argb-noir\/\" \/>\n<meta property=\"og:locale\" content=\"fr_FR\" \/>\n<meta property=\"og:type\" content=\"article\" \/>\n<meta property=\"og:title\" content=\"SG T60 ARGB NOIR - Osaka\" \/>\n<meta property=\"og:url\" content=\"https:\/\/osaka.ma\/product\/sg-t60-argb-noir\/\" \/>\n<meta property=\"og:site_name\" content=\"Osaka\" \/>\n<meta property=\"article:modified_time\" content=\"2024-12-18T15:36:03+00:00\" \/>\n<meta property=\"og:image\" content=\"https:\/\/osaka.ma\/wp-content\/uploads\/2024\/05\/sgmouse-2-2.png\" \/>\n\t<meta property=\"og:image:width\" content=\"500\" \/>\n\t<meta property=\"og:image:height\" content=\"500\" \/>\n\t<meta property=\"og:image:type\" content=\"image\/png\" \/>\n<meta name=\"twitter:card\" content=\"summary_large_image\" \/>\n<meta name=\"twitter:label1\" content=\"Dur\u00e9e de lecture estim\u00e9e\" \/>\n\t<meta name=\"twitter:data1\" content=\"2 minutes\" \/>\n<script type=\"application\/ld+json\" class=\"yoast-schema-graph\">{\"@context\":\"https:\/\/schema.org\",\"@graph\":[{\"@type\":\"WebPage\",\"@id\":\"https:\/\/osaka.ma\/product\/sg-t60-argb-noir\/\",\"url\":\"https:\/\/osaka.ma\/product\/sg-t60-argb-noir\/\",\"name\":\"SG T60 ARGB NOIR - Osaka\",\"isPartOf\":{\"@id\":\"https:\/\/osaka.ma\/#website\"},\"primaryImageOfPage\":{\"@id\":\"https:\/\/osaka.ma\/product\/sg-t60-argb-noir\/#primaryimage\"},\"image\":{\"@id\":\"https:\/\/osaka.ma\/product\/sg-t60-argb-noir\/#primaryimage\"},\"thumbnailUrl\":\"https:\/\/osaka.ma\/wp-content\/uploads\/2024\/05\/sgmouse-2-2.png\",\"datePublished\":\"2024-05-06T15:15:15+00:00\",\"dateModified\":\"2024-12-18T15:36:03+00:00\",\"breadcrumb\":{\"@id\":\"https:\/\/osaka.ma\/product\/sg-t60-argb-noir\/#breadcrumb\"},\"inLanguage\":\"fr-FR\",\"potentialAction\":[{\"@type\":\"ReadAction\",\"target\":[\"https:\/\/osaka.ma\/product\/sg-t60-argb-noir\/\"]}]},{\"@type\":\"ImageObject\",\"inLanguage\":\"fr-FR\",\"@id\":\"https:\/\/osaka.ma\/product\/sg-t60-argb-noir\/#primaryimage\",\"url\":\"https:\/\/osaka.ma\/wp-content\/uploads\/2024\/05\/sgmouse-2-2.png\",\"contentUrl\":\"https:\/\/osaka.ma\/wp-content\/uploads\/2024\/05\/sgmouse-2-2.png\",\"width\":500,\"height\":500},{\"@type\":\"BreadcrumbList\",\"@id\":\"https:\/\/osaka.ma\/product\/sg-t60-argb-noir\/#breadcrumb\",\"itemListElement\":[{\"@type\":\"ListItem\",\"position\":1,\"name\":\"Home\",\"item\":\"https:\/\/osaka.ma\/\"},{\"@type\":\"ListItem\",\"position\":2,\"name\":\"Shop\",\"item\":\"https:\/\/osaka.ma\/shop-2\/\"},{\"@type\":\"ListItem\",\"position\":3,\"name\":\"SG T60 ARGB NOIR\"}]},{\"@type\":\"WebSite\",\"@id\":\"https:\/\/osaka.ma\/#website\",\"url\":\"https:\/\/osaka.ma\/\",\"name\":\"Osaka\",\"description\":\"\",\"publisher\":{\"@id\":\"https:\/\/osaka.ma\/#organization\"},\"potentialAction\":[{\"@type\":\"SearchAction\",\"target\":{\"@type\":\"EntryPoint\",\"urlTemplate\":\"https:\/\/osaka.ma\/?s={search_term_string}\"},\"query-input\":{\"@type\":\"PropertyValueSpecification\",\"valueRequired\":true,\"valueName\":\"search_term_string\"}}],\"inLanguage\":\"fr-FR\"},{\"@type\":\"Organization\",\"@id\":\"https:\/\/osaka.ma\/#organization\",\"name\":\"Osaka\",\"url\":\"https:\/\/osaka.ma\/\",\"logo\":{\"@type\":\"ImageObject\",\"inLanguage\":\"fr-FR\",\"@id\":\"https:\/\/osaka.ma\/#\/schema\/logo\/image\/\",\"url\":\"https:\/\/osaka.ma\/wp-content\/uploads\/2026\/01\/model-slogan-logo-2Plan-de-travail-1dksl-plus-finnn.png\",\"contentUrl\":\"https:\/\/osaka.ma\/wp-content\/uploads\/2026\/01\/model-slogan-logo-2Plan-de-travail-1dksl-plus-finnn.png\",\"width\":842,\"height\":226,\"caption\":\"Osaka\"},\"image\":{\"@id\":\"https:\/\/osaka.ma\/#\/schema\/logo\/image\/\"}}]}<\/script>\n<!-- \/ Yoast SEO plugin. -->","yoast_head_json":{"title":"SG T60 ARGB NOIR - Osaka","robots":{"index":"index","follow":"follow","max-snippet":"max-snippet:-1","max-image-preview":"max-image-preview:large","max-video-preview":"max-video-preview:-1"},"canonical":"https:\/\/osaka.ma\/product\/sg-t60-argb-noir\/","og_locale":"fr_FR","og_type":"article","og_title":"SG T60 ARGB NOIR - Osaka","og_url":"https:\/\/osaka.ma\/product\/sg-t60-argb-noir\/","og_site_name":"Osaka","article_modified_time":"2024-12-18T15:36:03+00:00","og_image":[{"width":500,"height":500,"url":"https:\/\/osaka.ma\/wp-content\/uploads\/2024\/05\/sgmouse-2-2.png","type":"image\/png"}],"twitter_card":"summary_large_image","twitter_misc":{"Dur\u00e9e de lecture estim\u00e9e":"2 minutes"},"schema":{"@context":"https:\/\/schema.org","@graph":[{"@type":"WebPage","@id":"https:\/\/osaka.ma\/product\/sg-t60-argb-noir\/","url":"https:\/\/osaka.ma\/product\/sg-t60-argb-noir\/","name":"SG T60 ARGB NOIR - Osaka","isPartOf":{"@id":"https:\/\/osaka.ma\/#website"},"primaryImageOfPage":{"@id":"https:\/\/osaka.ma\/product\/sg-t60-argb-noir\/#primaryimage"},"image":{"@id":"https:\/\/osaka.ma\/product\/sg-t60-argb-noir\/#primaryimage"},"thumbnailUrl":"https:\/\/osaka.ma\/wp-content\/uploads\/2024\/05\/sgmouse-2-2.png","datePublished":"2024-05-06T15:15:15+00:00","dateModified":"2024-12-18T15:36:03+00:00","breadcrumb":{"@id":"https:\/\/osaka.ma\/product\/sg-t60-argb-noir\/#breadcrumb"},"inLanguage":"fr-FR","potentialAction":[{"@type":"ReadAction","target":["https:\/\/osaka.ma\/product\/sg-t60-argb-noir\/"]}]},{"@type":"ImageObject","inLanguage":"fr-FR","@id":"https:\/\/osaka.ma\/product\/sg-t60-argb-noir\/#primaryimage","url":"https:\/\/osaka.ma\/wp-content\/uploads\/2024\/05\/sgmouse-2-2.png","contentUrl":"https:\/\/osaka.ma\/wp-content\/uploads\/2024\/05\/sgmouse-2-2.png","width":500,"height":500},{"@type":"BreadcrumbList","@id":"https:\/\/osaka.ma\/product\/sg-t60-argb-noir\/#breadcrumb","itemListElement":[{"@type":"ListItem","position":1,"name":"Home","item":"https:\/\/osaka.ma\/"},{"@type":"ListItem","position":2,"name":"Shop","item":"https:\/\/osaka.ma\/shop-2\/"},{"@type":"ListItem","position":3,"name":"SG T60 ARGB NOIR"}]},{"@type":"WebSite","@id":"https:\/\/osaka.ma\/#website","url":"https:\/\/osaka.ma\/","name":"Osaka","description":"","publisher":{"@id":"https:\/\/osaka.ma\/#organization"},"potentialAction":[{"@type":"SearchAction","target":{"@type":"EntryPoint","urlTemplate":"https:\/\/osaka.ma\/?s={search_term_string}"},"query-input":{"@type":"PropertyValueSpecification","valueRequired":true,"valueName":"search_term_string"}}],"inLanguage":"fr-FR"},{"@type":"Organization","@id":"https:\/\/osaka.ma\/#organization","name":"Osaka","url":"https:\/\/osaka.ma\/","logo":{"@type":"ImageObject","inLanguage":"fr-FR","@id":"https:\/\/osaka.ma\/#\/schema\/logo\/image\/","url":"https:\/\/osaka.ma\/wp-content\/uploads\/2026\/01\/model-slogan-logo-2Plan-de-travail-1dksl-plus-finnn.png","contentUrl":"https:\/\/osaka.ma\/wp-content\/uploads\/2026\/01\/model-slogan-logo-2Plan-de-travail-1dksl-plus-finnn.png","width":842,"height":226,"caption":"Osaka"},"image":{"@id":"https:\/\/osaka.ma\/#\/schema\/logo\/image\/"}}]}},"jetpack_sharing_enabled":true,"brands":[],"_links":{"self":[{"href":"https:\/\/osaka.ma\/fr\/wp-json\/wp\/v2\/product\/8699","targetHints":{"allow":["GET"]}}],"collection":[{"href":"https:\/\/osaka.ma\/fr\/wp-json\/wp\/v2\/product"}],"about":[{"href":"https:\/\/osaka.ma\/fr\/wp-json\/wp\/v2\/types\/product"}],"version-history":[{"count":0,"href":"https:\/\/osaka.ma\/fr\/wp-json\/wp\/v2\/product\/8699\/revisions"}],"wp:featuredmedia":[{"embeddable":true,"href":"https:\/\/osaka.ma\/fr\/wp-json\/wp\/v2\/media\/1008723"}],"wp:attachment":[{"href":"https:\/\/osaka.ma\/fr\/wp-json\/wp\/v2\/media?parent=8699"}],"wp:term":[{"taxonomy":"pwb-brand","embeddable":true,"href":"https:\/\/osaka.ma\/fr\/wp-json\/wp\/v2\/pwb-brand?post=8699"},{"taxonomy":"product_brand","embeddable":true,"href":"https:\/\/osaka.ma\/fr\/wp-json\/wp\/v2\/product_brand?post=8699"},{"taxonomy":"product_cat","embeddable":true,"href":"https:\/\/osaka.ma\/fr\/wp-json\/wp\/v2\/product_cat?post=8699"},{"taxonomy":"product_tag","embeddable":true,"href":"https:\/\/osaka.ma\/fr\/wp-json\/wp\/v2\/product_tag?post=8699"},{"taxonomy":"pcb_component_type","embeddable":true,"href":"https:\/\/osaka.ma\/fr\/wp-json\/wp\/v2\/pcb_component_type?post=8699"}],"curies":[{"name":"wp","href":"https:\/\/api.w.org\/{rel}","templated":true}]}}