{"id":8790,"date":"2024-05-09T18:10:13","date_gmt":"2024-05-09T18:10:13","guid":{"rendered":"https:\/\/osaka.ma\/?post_type=product&#038;p=8790"},"modified":"2025-04-25T15:20:07","modified_gmt":"2025-04-25T15:20:07","slug":"corsair-sp140-rgb-pro-x2-and-ligthing-node-core","status":"publish","type":"product","link":"https:\/\/osaka.ma\/fr\/product\/corsair-sp140-rgb-pro-x2-and-ligthing-node-core\/","title":{"rendered":"Corsair SP140 RGB PRO (x2) and Ligthing Node CORE"},"content":{"rendered":"<div class=\"logo\"><img decoding=\"async\" src=\"https:\/\/media.ldlc.com\/v3\/marque\/bo\/00\/05\/72\/97\/V30005729722_2.jpg\" alt=\"Corsair\" \/><\/div>\n<div id=\"description\" class=\"description\">\n<div class=\"details-pdt-desc\">\n<h2 class=\"h2-master\">Corsair SP140 RGB PRO: Cool with style<\/h2>\n<section>Get highly efficient cooling for your case with the\u00a0<b>Corsair SP140 RGB PRO<\/b>\u00a0fans. These\u00a0<strong>140mm Corsair fans<\/strong>\u00a0will provide you with ultra-efficient high-pressure airflow. The translucent blades of the 140mm fans generate high airflow and static pressure while allowing your RGB lighting to show through with the Lighting Node CORE.<\/section>\n<section>\n<div class=\"desc-image\"><img decoding=\"async\" src=\"https:\/\/media.ldlc.com\/bo\/images\/fiches\/ventilateur_boitier\/corsair\/corsair_sp140_rgb.jpg\" alt=\"\" \/><\/div>\n<div class=\"desc-text\">\n<h2>COOL YOUR SYSTEM BY LIGHTING IT<\/h2>\n<p>SP RGB PRO fans combine style and performance, with impressive speeds of up to 1150 rpm and airflow of up to 62 CFM. Create stunning lighting effects and effects via CORSAIR iCUE software to bring your system to life with dynamic, synchronized RGB lighting across your iCUE-enabled products.<\/p>\n<\/div>\n<\/section>\n<section>\n<h2>MAIN FEATURES:<\/h2>\n<ul>\n<li>2 x 140mm fan with addressable RGB LEDs<\/li>\n<li>Airflow: 62 CFM<\/li>\n<li>Sound level: 26 dBA<\/li>\n<li>Speed: 1150 RPM<\/li>\n<li>2 years manufacturer&#8217;s warranty<\/li>\n<\/ul>\n<\/section>\n<\/div>\n<\/div>\n","protected":false},"excerpt":{"rendered":"<p>B\u00e9n\u00e9ficiez d&#8217;un refroidissement tr\u00e8s efficace pour votre bo\u00eetier avec les ventilateurs Corsair SP140 RGB PRO. Ces ventilateurs Corsair de 140 mm vous offriront un flux d&#8217;air haute pression ultra efficace.<\/p>\n","protected":false},"featured_media":1008793,"template":"","meta":{"_acf_changed":false},"pwb-brand":[],"product_brand":[78],"product_cat":[17,48],"product_tag":[],"pcb_component_type":[],"class_list":{"0":"post-8790","1":"product","2":"type-product","3":"status-publish","4":"has-post-thumbnail","6":"product_brand-corsair","7":"product_cat-composants-gaming","8":"product_cat-ventilateurs-boitier","10":"first","11":"outofstock","12":"shipping-taxable","13":"product-type-simple"},"translation":{"provider":"WPGlobus","version":"3.0.2","language":"fr","enabled_languages":["en","es","de","fr","ru"],"languages":{"en":{"title":true,"content":true,"excerpt":true},"es":{"title":false,"content":false,"excerpt":false},"de":{"title":false,"content":false,"excerpt":false},"fr":{"title":false,"content":false,"excerpt":false},"ru":{"title":false,"content":false,"excerpt":false}}},"acf":[],"yoast_head":"<!-- This site is optimized with the Yoast SEO plugin v27.2 - https:\/\/yoast.com\/product\/yoast-seo-wordpress\/ -->\n<title>Corsair SP140 RGB PRO (x2) and Ligthing Node CORE - Osaka<\/title>\n<meta name=\"robots\" content=\"index, follow, max-snippet:-1, max-image-preview:large, max-video-preview:-1\" \/>\n<link rel=\"canonical\" href=\"https:\/\/osaka.ma\/product\/corsair-sp140-rgb-pro-x2-and-ligthing-node-core\/\" \/>\n<meta property=\"og:locale\" content=\"fr_FR\" \/>\n<meta property=\"og:type\" content=\"article\" \/>\n<meta property=\"og:title\" content=\"Corsair SP140 RGB PRO (x2) and Ligthing Node CORE - Osaka\" \/>\n<meta property=\"og:url\" content=\"https:\/\/osaka.ma\/product\/corsair-sp140-rgb-pro-x2-and-ligthing-node-core\/\" \/>\n<meta property=\"og:site_name\" content=\"Osaka\" \/>\n<meta property=\"article:modified_time\" content=\"2025-04-25T15:20:07+00:00\" \/>\n<meta property=\"og:image\" content=\"https:\/\/osaka.ma\/wp-content\/uploads\/2024\/05\/SP140-1.jpg\" \/>\n\t<meta property=\"og:image:width\" content=\"1600\" \/>\n\t<meta property=\"og:image:height\" content=\"1600\" \/>\n\t<meta property=\"og:image:type\" content=\"image\/jpeg\" \/>\n<meta name=\"twitter:card\" content=\"summary_large_image\" \/>\n<meta name=\"twitter:label1\" content=\"Dur\u00e9e de lecture estim\u00e9e\" \/>\n\t<meta name=\"twitter:data1\" content=\"2 minutes\" \/>\n<script type=\"application\/ld+json\" class=\"yoast-schema-graph\">{\"@context\":\"https:\/\/schema.org\",\"@graph\":[{\"@type\":\"WebPage\",\"@id\":\"https:\/\/osaka.ma\/product\/corsair-sp140-rgb-pro-x2-and-ligthing-node-core\/\",\"url\":\"https:\/\/osaka.ma\/product\/corsair-sp140-rgb-pro-x2-and-ligthing-node-core\/\",\"name\":\"Corsair SP140 RGB PRO (x2) and Ligthing Node CORE - Osaka\",\"isPartOf\":{\"@id\":\"https:\/\/osaka.ma\/#website\"},\"primaryImageOfPage\":{\"@id\":\"https:\/\/osaka.ma\/product\/corsair-sp140-rgb-pro-x2-and-ligthing-node-core\/#primaryimage\"},\"image\":{\"@id\":\"https:\/\/osaka.ma\/product\/corsair-sp140-rgb-pro-x2-and-ligthing-node-core\/#primaryimage\"},\"thumbnailUrl\":\"https:\/\/osaka.ma\/wp-content\/uploads\/2024\/05\/SP140-1.jpg\",\"datePublished\":\"2024-05-09T18:10:13+00:00\",\"dateModified\":\"2025-04-25T15:20:07+00:00\",\"breadcrumb\":{\"@id\":\"https:\/\/osaka.ma\/product\/corsair-sp140-rgb-pro-x2-and-ligthing-node-core\/#breadcrumb\"},\"inLanguage\":\"fr-FR\",\"potentialAction\":[{\"@type\":\"ReadAction\",\"target\":[\"https:\/\/osaka.ma\/product\/corsair-sp140-rgb-pro-x2-and-ligthing-node-core\/\"]}]},{\"@type\":\"ImageObject\",\"inLanguage\":\"fr-FR\",\"@id\":\"https:\/\/osaka.ma\/product\/corsair-sp140-rgb-pro-x2-and-ligthing-node-core\/#primaryimage\",\"url\":\"https:\/\/osaka.ma\/wp-content\/uploads\/2024\/05\/SP140-1.jpg\",\"contentUrl\":\"https:\/\/osaka.ma\/wp-content\/uploads\/2024\/05\/SP140-1.jpg\",\"width\":1600,\"height\":1600},{\"@type\":\"BreadcrumbList\",\"@id\":\"https:\/\/osaka.ma\/product\/corsair-sp140-rgb-pro-x2-and-ligthing-node-core\/#breadcrumb\",\"itemListElement\":[{\"@type\":\"ListItem\",\"position\":1,\"name\":\"Home\",\"item\":\"https:\/\/osaka.ma\/\"},{\"@type\":\"ListItem\",\"position\":2,\"name\":\"Shop\",\"item\":\"https:\/\/osaka.ma\/shop-2\/\"},{\"@type\":\"ListItem\",\"position\":3,\"name\":\"Corsair SP140 RGB PRO (x2) and Ligthing Node CORE\"}]},{\"@type\":\"WebSite\",\"@id\":\"https:\/\/osaka.ma\/#website\",\"url\":\"https:\/\/osaka.ma\/\",\"name\":\"Osaka\",\"description\":\"\",\"publisher\":{\"@id\":\"https:\/\/osaka.ma\/#organization\"},\"potentialAction\":[{\"@type\":\"SearchAction\",\"target\":{\"@type\":\"EntryPoint\",\"urlTemplate\":\"https:\/\/osaka.ma\/?s={search_term_string}\"},\"query-input\":{\"@type\":\"PropertyValueSpecification\",\"valueRequired\":true,\"valueName\":\"search_term_string\"}}],\"inLanguage\":\"fr-FR\"},{\"@type\":\"Organization\",\"@id\":\"https:\/\/osaka.ma\/#organization\",\"name\":\"Osaka\",\"url\":\"https:\/\/osaka.ma\/\",\"logo\":{\"@type\":\"ImageObject\",\"inLanguage\":\"fr-FR\",\"@id\":\"https:\/\/osaka.ma\/#\/schema\/logo\/image\/\",\"url\":\"https:\/\/osaka.ma\/wp-content\/uploads\/2026\/01\/model-slogan-logo-2Plan-de-travail-1dksl-plus-finnn.png\",\"contentUrl\":\"https:\/\/osaka.ma\/wp-content\/uploads\/2026\/01\/model-slogan-logo-2Plan-de-travail-1dksl-plus-finnn.png\",\"width\":842,\"height\":226,\"caption\":\"Osaka\"},\"image\":{\"@id\":\"https:\/\/osaka.ma\/#\/schema\/logo\/image\/\"}}]}<\/script>\n<!-- \/ Yoast SEO plugin. -->","yoast_head_json":{"title":"Corsair SP140 RGB PRO (x2) and Ligthing Node CORE - Osaka","robots":{"index":"index","follow":"follow","max-snippet":"max-snippet:-1","max-image-preview":"max-image-preview:large","max-video-preview":"max-video-preview:-1"},"canonical":"https:\/\/osaka.ma\/product\/corsair-sp140-rgb-pro-x2-and-ligthing-node-core\/","og_locale":"fr_FR","og_type":"article","og_title":"Corsair SP140 RGB PRO (x2) and Ligthing Node CORE - Osaka","og_url":"https:\/\/osaka.ma\/product\/corsair-sp140-rgb-pro-x2-and-ligthing-node-core\/","og_site_name":"Osaka","article_modified_time":"2025-04-25T15:20:07+00:00","og_image":[{"width":1600,"height":1600,"url":"https:\/\/osaka.ma\/wp-content\/uploads\/2024\/05\/SP140-1.jpg","type":"image\/jpeg"}],"twitter_card":"summary_large_image","twitter_misc":{"Dur\u00e9e de lecture estim\u00e9e":"2 minutes"},"schema":{"@context":"https:\/\/schema.org","@graph":[{"@type":"WebPage","@id":"https:\/\/osaka.ma\/product\/corsair-sp140-rgb-pro-x2-and-ligthing-node-core\/","url":"https:\/\/osaka.ma\/product\/corsair-sp140-rgb-pro-x2-and-ligthing-node-core\/","name":"Corsair SP140 RGB PRO (x2) and Ligthing Node CORE - Osaka","isPartOf":{"@id":"https:\/\/osaka.ma\/#website"},"primaryImageOfPage":{"@id":"https:\/\/osaka.ma\/product\/corsair-sp140-rgb-pro-x2-and-ligthing-node-core\/#primaryimage"},"image":{"@id":"https:\/\/osaka.ma\/product\/corsair-sp140-rgb-pro-x2-and-ligthing-node-core\/#primaryimage"},"thumbnailUrl":"https:\/\/osaka.ma\/wp-content\/uploads\/2024\/05\/SP140-1.jpg","datePublished":"2024-05-09T18:10:13+00:00","dateModified":"2025-04-25T15:20:07+00:00","breadcrumb":{"@id":"https:\/\/osaka.ma\/product\/corsair-sp140-rgb-pro-x2-and-ligthing-node-core\/#breadcrumb"},"inLanguage":"fr-FR","potentialAction":[{"@type":"ReadAction","target":["https:\/\/osaka.ma\/product\/corsair-sp140-rgb-pro-x2-and-ligthing-node-core\/"]}]},{"@type":"ImageObject","inLanguage":"fr-FR","@id":"https:\/\/osaka.ma\/product\/corsair-sp140-rgb-pro-x2-and-ligthing-node-core\/#primaryimage","url":"https:\/\/osaka.ma\/wp-content\/uploads\/2024\/05\/SP140-1.jpg","contentUrl":"https:\/\/osaka.ma\/wp-content\/uploads\/2024\/05\/SP140-1.jpg","width":1600,"height":1600},{"@type":"BreadcrumbList","@id":"https:\/\/osaka.ma\/product\/corsair-sp140-rgb-pro-x2-and-ligthing-node-core\/#breadcrumb","itemListElement":[{"@type":"ListItem","position":1,"name":"Home","item":"https:\/\/osaka.ma\/"},{"@type":"ListItem","position":2,"name":"Shop","item":"https:\/\/osaka.ma\/shop-2\/"},{"@type":"ListItem","position":3,"name":"Corsair SP140 RGB PRO (x2) and Ligthing Node CORE"}]},{"@type":"WebSite","@id":"https:\/\/osaka.ma\/#website","url":"https:\/\/osaka.ma\/","name":"Osaka","description":"","publisher":{"@id":"https:\/\/osaka.ma\/#organization"},"potentialAction":[{"@type":"SearchAction","target":{"@type":"EntryPoint","urlTemplate":"https:\/\/osaka.ma\/?s={search_term_string}"},"query-input":{"@type":"PropertyValueSpecification","valueRequired":true,"valueName":"search_term_string"}}],"inLanguage":"fr-FR"},{"@type":"Organization","@id":"https:\/\/osaka.ma\/#organization","name":"Osaka","url":"https:\/\/osaka.ma\/","logo":{"@type":"ImageObject","inLanguage":"fr-FR","@id":"https:\/\/osaka.ma\/#\/schema\/logo\/image\/","url":"https:\/\/osaka.ma\/wp-content\/uploads\/2026\/01\/model-slogan-logo-2Plan-de-travail-1dksl-plus-finnn.png","contentUrl":"https:\/\/osaka.ma\/wp-content\/uploads\/2026\/01\/model-slogan-logo-2Plan-de-travail-1dksl-plus-finnn.png","width":842,"height":226,"caption":"Osaka"},"image":{"@id":"https:\/\/osaka.ma\/#\/schema\/logo\/image\/"}}]}},"jetpack_sharing_enabled":true,"brands":[],"_links":{"self":[{"href":"https:\/\/osaka.ma\/fr\/wp-json\/wp\/v2\/product\/8790","targetHints":{"allow":["GET"]}}],"collection":[{"href":"https:\/\/osaka.ma\/fr\/wp-json\/wp\/v2\/product"}],"about":[{"href":"https:\/\/osaka.ma\/fr\/wp-json\/wp\/v2\/types\/product"}],"version-history":[{"count":0,"href":"https:\/\/osaka.ma\/fr\/wp-json\/wp\/v2\/product\/8790\/revisions"}],"wp:featuredmedia":[{"embeddable":true,"href":"https:\/\/osaka.ma\/fr\/wp-json\/wp\/v2\/media\/1008793"}],"wp:attachment":[{"href":"https:\/\/osaka.ma\/fr\/wp-json\/wp\/v2\/media?parent=8790"}],"wp:term":[{"taxonomy":"pwb-brand","embeddable":true,"href":"https:\/\/osaka.ma\/fr\/wp-json\/wp\/v2\/pwb-brand?post=8790"},{"taxonomy":"product_brand","embeddable":true,"href":"https:\/\/osaka.ma\/fr\/wp-json\/wp\/v2\/product_brand?post=8790"},{"taxonomy":"product_cat","embeddable":true,"href":"https:\/\/osaka.ma\/fr\/wp-json\/wp\/v2\/product_cat?post=8790"},{"taxonomy":"product_tag","embeddable":true,"href":"https:\/\/osaka.ma\/fr\/wp-json\/wp\/v2\/product_tag?post=8790"},{"taxonomy":"pcb_component_type","embeddable":true,"href":"https:\/\/osaka.ma\/fr\/wp-json\/wp\/v2\/pcb_component_type?post=8790"}],"curies":[{"name":"wp","href":"https:\/\/api.w.org\/{rel}","templated":true}]}}