{"id":9034,"date":"2024-05-29T17:55:42","date_gmt":"2024-05-29T17:55:42","guid":{"rendered":"https:\/\/osaka.ma\/?post_type=product&#038;p=9034"},"modified":"2025-08-11T18:57:41","modified_gmt":"2025-08-11T17:57:41","slug":"pc-gamer-ryzen-5-7600x-16gb-512gb-rtx-3050-6gb","status":"publish","type":"product","link":"https:\/\/osaka.ma\/fr\/product\/pc-gamer-ryzen-5-7600x-16gb-512gb-rtx-3050-6gb\/","title":{"rendered":"PC GAMER RYZEN 5-7600X\/16GB\/512GB\/RTX 3050 6GB"},"content":{"rendered":"<p><i><img decoding=\"async\" class=\"\" src=\"https:\/\/media.ldlc.com\/bo\/images\/fiches\/kit_upgrade\/case_80.png\" alt=\"\" width=\"48\" height=\"48\" \/><\/i>PC Gamer Osaka vous offre une configuration AMD RYZEN\u2122 5\u00a0 avec des composants \u00e9quilibr\u00e9e avec un bon prix, ce PC Gamer compos\u00e9 d\u2019un processeur AMD RYZEN\u2122 5 7600X ainsi que d\u2019une carte graphique NVIDIA GEFORCE RTX 3050 6GB\u00a0 MSI VENTUS 2X Il int\u00e8gre \u00e9galement un SSD 512GB pour un syst\u00e8me toujours plus rapide et 16 Go de RAM DDR5. Voila les atouts de ce PC puissant taill\u00e9 pour travailler dans les meilleures conditions.<\/p>\n<p>&nbsp;<\/p>\n<ul>\n<li>Processeur\u00a0<a href=\"https:\/\/osaka.ma\/produit\/amd-ryzen-5-7600x-tray-4-7-ghz-5-3-ghz\/\"><strong>RYZEN 5 7600X\u00a0 (3.4 GHz \/ 4.6 GHz)<\/strong><\/a><\/li>\n<li>Carte m\u00e8re<a href=\"https:\/\/osaka.ma\/produit\/msi-pro-b650m-b\/\"><strong> MSI PRO B650M-B<\/strong><\/a><\/li>\n<li>Ram\u00a0<strong>16GB XPG DDR5\u00a0 5200MHZ<\/strong><\/li>\n<li>Carte graphique<strong>\u00a0<a href=\"https:\/\/osaka.ma\/produit\/msi-geforce-rtx-3050-ventus-2x-6g-oc\/\">MSI VENTUS 2X RTX 3050 6GB<\/a><\/strong><\/li>\n<li>Bo\u00eetier\u00a0<strong>XTRMLAB OPTIX RGB<\/strong><\/li>\n<li>SSD\u00a0<a href=\"https:\/\/osaka.ma\/produit\/512gb-lexar-nm620\/\"><strong>512GB LEXAR NVME\u00a0 NM620<\/strong><\/a><\/li>\n<li>Ventirad\u00a0<strong>\u00a0MARS GAMING MCPU120<\/strong><\/li>\n<li>Alimentation\u00a0<strong>MSI MAG 650W 80+ BRONZE<\/strong><\/li>\n<li><strong>Win11 \/ Bien assembl\u00e9<\/strong><\/li>\n<\/ul>\n<p>&nbsp;<\/p>\n<h2 class=\"h2-master\">Un processeur d\u2019\u00e9lite pour le Jeu Vid\u00e9o<\/h2>\n<section>Le\u00a0<strong>processeur AMD Ryzen 5 7600X <\/strong>est optimis\u00e9 pour le jeu vid\u00e9o : 6<strong>\u00a0Cores<\/strong>, 12<strong>\u00a0Threads<\/strong>\u00a0. Sans parler des fr\u00e9quences natives et boost qui atteignent des sommets pour vous permettre de profiter de vos jeux pr\u00e9f\u00e9r\u00e9s dans les meilleures conditions. Associez lui une carte graphique hautes performances et vous pourrez jouer \u00e0 tous les jeux de mani\u00e8re fluide.<\/section>\n<section><\/section>\n<section><\/section>\n<section><\/section>\n<section><\/section>\n<section>\n<div class=\"desc-image\"><img decoding=\"async\" src=\"https:\/\/media.ldlc.com\/bo\/images\/fiches\/processeur\/amd\/vermeer\/amd_ryzen_0001.jpg\" alt=\"\" \/><\/div>\n<div class=\"desc-text\">\n<h2>6 C\u0152URS NATIFS ET 12 COEURS LOGIQUES<\/h2>\n<p>Le\u00a0<strong>processeur pour PC de bureau AMD Ryzen 5 7600X <\/strong>propose 6<strong>\u00a0coeurs natifs<\/strong>\u00a0et 12<strong>\u00a0coeurs logiques<\/strong>\u00a0pour un traitement multit\u00e2che agr\u00e9ablement fluide. Gr\u00e2ce \u00e0 sa\u00a0<strong>fr\u00e9quence native \u00e9lev\u00e9e<\/strong>\u00a0et \u00e0 son mode\u00a0<strong><em>Turbo Core<\/em><\/strong>\u00a0ajustant la puissance en fonction des besoins, le\u00a0<strong>CPU AMD Ryzen de nouvelle g\u00e9n\u00e9ration<\/strong> d\u00e9livre des performances exceptionnelles dans tous les domaines : Jeux vid\u00e9o, multit\u00e2che intensif, \u00e9dition vid\u00e9o, mod\u00e9lisation 3D et bien plus encore. \u00a0permet en outre le traitement ultrarapide d\u2019un grand nombre d\u2019instructions gr\u00e2ce \u00e0 des latences r\u00e9duites.<\/p>\n<\/div>\n<\/section>\n<div class=\"desc-text\">\n<h2>NVIDIA RTX 3050 : LA MEILLEURE FA\u00c7ON DE JOUER<\/h2>\n<p>Gr\u00e2ce au\u00a0<strong>DLSS 3<\/strong>, au\u00a0<strong>ray tracing \u00e0 haute vitesse<\/strong>\u00a0et aux\u00a0<strong>performances acc\u00e9l\u00e9r\u00e9es par IA<\/strong>, la\u00a0<strong>carte graphique NVIDIA GeForce RTX 3050\u00a0<\/strong>vous permet d\u2019obtenir une qualit\u00e9 graphique exceptionnelle pour jouer dans les meilleures conditions. Immersion totale garantie gr\u00e2ce \u00e0 des graphismes ultra-r\u00e9alistes. Sans oublier bien s\u00fbr la possibilit\u00e9 de cr\u00e9er des contenus r\u00e9volutionnaires rapidement et en toute simplicit\u00e9.<\/p>\n<\/div>\n<div><\/div>\n<div><\/div>\n<div class=\"desc-image\"><img decoding=\"async\" src=\"https:\/\/media.ldlc.com\/bo\/images\/fiches\/Carte_graphique\/NVIDIA\/nvidia_ada_lovelace_003.jpg\" alt=\"\" \/><\/div>\n","protected":false},"excerpt":{"rendered":"<p>PC Gamer Osaka vous offre une configuration AMD RYZEN\u2122 5\u00a0 avec des composants \u00e9quilibr\u00e9e avec un bon prix, ce PC Gamer compos\u00e9 d\u2019un processeur AMD RYZEN\u2122 5 7600X ainsi que d\u2019une carte graphique NVIDIA GEFORCE RTX 3050 6GB\u00a0 MSI VENTUS 2X Il int\u00e8gre \u00e9galement un SSD 512GB pour un syst\u00e8me toujours plus rapide et 16Go de RAM DDR5. Voila les atouts de ce PC puissant taill\u00e9 pour travailler dans les meilleures conditions.<\/p>\n<p>&nbsp;<\/p>\n<ul>\n<li>Processeur\u00a0<strong>RYZEN 5 7600X\u00a0 (3.4 GHz \/ 4.6 GHz)<\/strong><\/li>\n<li>Carte m\u00e8re<strong> MSI PRO B650M-B<\/strong><\/li>\n<li>Ram\u00a0<strong>16GB XPG DDR5<\/strong><strong>\u00a0 5200MHZ<\/strong><\/li>\n<li>Carte graphique<strong>\u00a0MSI VENTUS 2X RTX 3050 6GB<\/strong><\/li>\n<li>Bo\u00eetier\u00a0<strong>XTRMLAB OPTIX RGB<\/strong><\/li>\n<li>SSD\u00a0<strong>512GB LEXAR NVME\u00a0 NM620<\/strong><\/li>\n<li>Ventirad\u00a0<strong>\u00a0MARS GAMING MCPU120<\/strong><\/li>\n<li>Alimentation\u00a0<strong>MSI MAG 650W 80+ BRONZE<\/strong><\/li>\n<li><strong>Win11 \/ Bien assembl\u00e9<\/strong><\/li>\n<\/ul>\n","protected":false},"featured_media":1006204,"template":"","meta":{"_acf_changed":false},"pwb-brand":[],"product_brand":[],"product_cat":[54,53],"product_tag":[],"pcb_component_type":[],"class_list":{"0":"post-9034","1":"product","2":"type-product","3":"status-publish","4":"has-post-thumbnail","6":"product_cat-amd-ryzen","7":"product_cat-pc-gamer","9":"first","10":"outofstock","11":"shipping-taxable","12":"purchasable","13":"product-type-simple"},"translation":{"provider":"WPGlobus","version":"3.0.2","language":"fr","enabled_languages":["en","es","de","fr","ru"],"languages":{"en":{"title":true,"content":true,"excerpt":true},"es":{"title":false,"content":false,"excerpt":false},"de":{"title":false,"content":false,"excerpt":false},"fr":{"title":false,"content":false,"excerpt":false},"ru":{"title":false,"content":false,"excerpt":false}}},"acf":[],"yoast_head":"<!-- This site is optimized with the Yoast SEO plugin v27.2 - https:\/\/yoast.com\/product\/yoast-seo-wordpress\/ -->\n<title>PC GAMER RYZEN 5-7600X\/16GB\/512GB\/RTX 3050 6GB - Osaka<\/title>\n<meta name=\"robots\" content=\"index, follow, max-snippet:-1, max-image-preview:large, max-video-preview:-1\" \/>\n<link rel=\"canonical\" href=\"https:\/\/osaka.ma\/product\/pc-gamer-ryzen-5-7600x-16gb-512gb-rtx-3050-6gb\/\" \/>\n<meta property=\"og:locale\" content=\"fr_FR\" \/>\n<meta property=\"og:type\" content=\"article\" \/>\n<meta property=\"og:title\" content=\"PC GAMER RYZEN 5-7600X\/16GB\/512GB\/RTX 3050 6GB - Osaka\" \/>\n<meta property=\"og:url\" content=\"https:\/\/osaka.ma\/product\/pc-gamer-ryzen-5-7600x-16gb-512gb-rtx-3050-6gb\/\" \/>\n<meta property=\"og:site_name\" content=\"Osaka\" \/>\n<meta property=\"article:modified_time\" content=\"2025-08-11T17:57:41+00:00\" \/>\n<meta property=\"og:image\" content=\"https:\/\/osaka.ma\/wp-content\/uploads\/2023\/10\/xtrmlab-optix-boitiers-pc.png\" \/>\n\t<meta property=\"og:image:width\" content=\"600\" \/>\n\t<meta property=\"og:image:height\" content=\"600\" \/>\n\t<meta property=\"og:image:type\" content=\"image\/png\" \/>\n<meta name=\"twitter:card\" content=\"summary_large_image\" \/>\n<meta name=\"twitter:label1\" content=\"Dur\u00e9e de lecture estim\u00e9e\" \/>\n\t<meta name=\"twitter:data1\" content=\"3 minutes\" \/>\n<script type=\"application\/ld+json\" class=\"yoast-schema-graph\">{\"@context\":\"https:\/\/schema.org\",\"@graph\":[{\"@type\":\"WebPage\",\"@id\":\"https:\/\/osaka.ma\/product\/pc-gamer-ryzen-5-7600x-16gb-512gb-rtx-3050-6gb\/\",\"url\":\"https:\/\/osaka.ma\/product\/pc-gamer-ryzen-5-7600x-16gb-512gb-rtx-3050-6gb\/\",\"name\":\"PC GAMER RYZEN 5-7600X\/16GB\/512GB\/RTX 3050 6GB - Osaka\",\"isPartOf\":{\"@id\":\"https:\/\/osaka.ma\/#website\"},\"primaryImageOfPage\":{\"@id\":\"https:\/\/osaka.ma\/product\/pc-gamer-ryzen-5-7600x-16gb-512gb-rtx-3050-6gb\/#primaryimage\"},\"image\":{\"@id\":\"https:\/\/osaka.ma\/product\/pc-gamer-ryzen-5-7600x-16gb-512gb-rtx-3050-6gb\/#primaryimage\"},\"thumbnailUrl\":\"https:\/\/osaka.ma\/wp-content\/uploads\/2023\/10\/xtrmlab-optix-boitiers-pc.png\",\"datePublished\":\"2024-05-29T17:55:42+00:00\",\"dateModified\":\"2025-08-11T17:57:41+00:00\",\"breadcrumb\":{\"@id\":\"https:\/\/osaka.ma\/product\/pc-gamer-ryzen-5-7600x-16gb-512gb-rtx-3050-6gb\/#breadcrumb\"},\"inLanguage\":\"fr-FR\",\"potentialAction\":[{\"@type\":\"ReadAction\",\"target\":[\"https:\/\/osaka.ma\/product\/pc-gamer-ryzen-5-7600x-16gb-512gb-rtx-3050-6gb\/\"]}]},{\"@type\":\"ImageObject\",\"inLanguage\":\"fr-FR\",\"@id\":\"https:\/\/osaka.ma\/product\/pc-gamer-ryzen-5-7600x-16gb-512gb-rtx-3050-6gb\/#primaryimage\",\"url\":\"https:\/\/osaka.ma\/wp-content\/uploads\/2023\/10\/xtrmlab-optix-boitiers-pc.png\",\"contentUrl\":\"https:\/\/osaka.ma\/wp-content\/uploads\/2023\/10\/xtrmlab-optix-boitiers-pc.png\",\"width\":600,\"height\":600},{\"@type\":\"BreadcrumbList\",\"@id\":\"https:\/\/osaka.ma\/product\/pc-gamer-ryzen-5-7600x-16gb-512gb-rtx-3050-6gb\/#breadcrumb\",\"itemListElement\":[{\"@type\":\"ListItem\",\"position\":1,\"name\":\"Home\",\"item\":\"https:\/\/osaka.ma\/\"},{\"@type\":\"ListItem\",\"position\":2,\"name\":\"Shop\",\"item\":\"https:\/\/osaka.ma\/shop-2\/\"},{\"@type\":\"ListItem\",\"position\":3,\"name\":\"PC GAMER RYZEN 5-7600X\/16GB\/512GB\/RTX 3050 6GB\"}]},{\"@type\":\"WebSite\",\"@id\":\"https:\/\/osaka.ma\/#website\",\"url\":\"https:\/\/osaka.ma\/\",\"name\":\"Osaka\",\"description\":\"\",\"publisher\":{\"@id\":\"https:\/\/osaka.ma\/#organization\"},\"potentialAction\":[{\"@type\":\"SearchAction\",\"target\":{\"@type\":\"EntryPoint\",\"urlTemplate\":\"https:\/\/osaka.ma\/?s={search_term_string}\"},\"query-input\":{\"@type\":\"PropertyValueSpecification\",\"valueRequired\":true,\"valueName\":\"search_term_string\"}}],\"inLanguage\":\"fr-FR\"},{\"@type\":\"Organization\",\"@id\":\"https:\/\/osaka.ma\/#organization\",\"name\":\"Osaka\",\"url\":\"https:\/\/osaka.ma\/\",\"logo\":{\"@type\":\"ImageObject\",\"inLanguage\":\"fr-FR\",\"@id\":\"https:\/\/osaka.ma\/#\/schema\/logo\/image\/\",\"url\":\"https:\/\/osaka.ma\/wp-content\/uploads\/2026\/01\/model-slogan-logo-2Plan-de-travail-1dksl-plus-finnn.png\",\"contentUrl\":\"https:\/\/osaka.ma\/wp-content\/uploads\/2026\/01\/model-slogan-logo-2Plan-de-travail-1dksl-plus-finnn.png\",\"width\":842,\"height\":226,\"caption\":\"Osaka\"},\"image\":{\"@id\":\"https:\/\/osaka.ma\/#\/schema\/logo\/image\/\"}}]}<\/script>\n<!-- \/ Yoast SEO plugin. -->","yoast_head_json":{"title":"PC GAMER RYZEN 5-7600X\/16GB\/512GB\/RTX 3050 6GB - Osaka","robots":{"index":"index","follow":"follow","max-snippet":"max-snippet:-1","max-image-preview":"max-image-preview:large","max-video-preview":"max-video-preview:-1"},"canonical":"https:\/\/osaka.ma\/product\/pc-gamer-ryzen-5-7600x-16gb-512gb-rtx-3050-6gb\/","og_locale":"fr_FR","og_type":"article","og_title":"PC GAMER RYZEN 5-7600X\/16GB\/512GB\/RTX 3050 6GB - Osaka","og_url":"https:\/\/osaka.ma\/product\/pc-gamer-ryzen-5-7600x-16gb-512gb-rtx-3050-6gb\/","og_site_name":"Osaka","article_modified_time":"2025-08-11T17:57:41+00:00","og_image":[{"width":600,"height":600,"url":"https:\/\/osaka.ma\/wp-content\/uploads\/2023\/10\/xtrmlab-optix-boitiers-pc.png","type":"image\/png"}],"twitter_card":"summary_large_image","twitter_misc":{"Dur\u00e9e de lecture estim\u00e9e":"3 minutes"},"schema":{"@context":"https:\/\/schema.org","@graph":[{"@type":"WebPage","@id":"https:\/\/osaka.ma\/product\/pc-gamer-ryzen-5-7600x-16gb-512gb-rtx-3050-6gb\/","url":"https:\/\/osaka.ma\/product\/pc-gamer-ryzen-5-7600x-16gb-512gb-rtx-3050-6gb\/","name":"PC GAMER RYZEN 5-7600X\/16GB\/512GB\/RTX 3050 6GB - Osaka","isPartOf":{"@id":"https:\/\/osaka.ma\/#website"},"primaryImageOfPage":{"@id":"https:\/\/osaka.ma\/product\/pc-gamer-ryzen-5-7600x-16gb-512gb-rtx-3050-6gb\/#primaryimage"},"image":{"@id":"https:\/\/osaka.ma\/product\/pc-gamer-ryzen-5-7600x-16gb-512gb-rtx-3050-6gb\/#primaryimage"},"thumbnailUrl":"https:\/\/osaka.ma\/wp-content\/uploads\/2023\/10\/xtrmlab-optix-boitiers-pc.png","datePublished":"2024-05-29T17:55:42+00:00","dateModified":"2025-08-11T17:57:41+00:00","breadcrumb":{"@id":"https:\/\/osaka.ma\/product\/pc-gamer-ryzen-5-7600x-16gb-512gb-rtx-3050-6gb\/#breadcrumb"},"inLanguage":"fr-FR","potentialAction":[{"@type":"ReadAction","target":["https:\/\/osaka.ma\/product\/pc-gamer-ryzen-5-7600x-16gb-512gb-rtx-3050-6gb\/"]}]},{"@type":"ImageObject","inLanguage":"fr-FR","@id":"https:\/\/osaka.ma\/product\/pc-gamer-ryzen-5-7600x-16gb-512gb-rtx-3050-6gb\/#primaryimage","url":"https:\/\/osaka.ma\/wp-content\/uploads\/2023\/10\/xtrmlab-optix-boitiers-pc.png","contentUrl":"https:\/\/osaka.ma\/wp-content\/uploads\/2023\/10\/xtrmlab-optix-boitiers-pc.png","width":600,"height":600},{"@type":"BreadcrumbList","@id":"https:\/\/osaka.ma\/product\/pc-gamer-ryzen-5-7600x-16gb-512gb-rtx-3050-6gb\/#breadcrumb","itemListElement":[{"@type":"ListItem","position":1,"name":"Home","item":"https:\/\/osaka.ma\/"},{"@type":"ListItem","position":2,"name":"Shop","item":"https:\/\/osaka.ma\/shop-2\/"},{"@type":"ListItem","position":3,"name":"PC GAMER RYZEN 5-7600X\/16GB\/512GB\/RTX 3050 6GB"}]},{"@type":"WebSite","@id":"https:\/\/osaka.ma\/#website","url":"https:\/\/osaka.ma\/","name":"Osaka","description":"","publisher":{"@id":"https:\/\/osaka.ma\/#organization"},"potentialAction":[{"@type":"SearchAction","target":{"@type":"EntryPoint","urlTemplate":"https:\/\/osaka.ma\/?s={search_term_string}"},"query-input":{"@type":"PropertyValueSpecification","valueRequired":true,"valueName":"search_term_string"}}],"inLanguage":"fr-FR"},{"@type":"Organization","@id":"https:\/\/osaka.ma\/#organization","name":"Osaka","url":"https:\/\/osaka.ma\/","logo":{"@type":"ImageObject","inLanguage":"fr-FR","@id":"https:\/\/osaka.ma\/#\/schema\/logo\/image\/","url":"https:\/\/osaka.ma\/wp-content\/uploads\/2026\/01\/model-slogan-logo-2Plan-de-travail-1dksl-plus-finnn.png","contentUrl":"https:\/\/osaka.ma\/wp-content\/uploads\/2026\/01\/model-slogan-logo-2Plan-de-travail-1dksl-plus-finnn.png","width":842,"height":226,"caption":"Osaka"},"image":{"@id":"https:\/\/osaka.ma\/#\/schema\/logo\/image\/"}}]}},"jetpack_sharing_enabled":true,"brands":[],"_links":{"self":[{"href":"https:\/\/osaka.ma\/fr\/wp-json\/wp\/v2\/product\/9034","targetHints":{"allow":["GET"]}}],"collection":[{"href":"https:\/\/osaka.ma\/fr\/wp-json\/wp\/v2\/product"}],"about":[{"href":"https:\/\/osaka.ma\/fr\/wp-json\/wp\/v2\/types\/product"}],"version-history":[{"count":0,"href":"https:\/\/osaka.ma\/fr\/wp-json\/wp\/v2\/product\/9034\/revisions"}],"wp:featuredmedia":[{"embeddable":true,"href":"https:\/\/osaka.ma\/fr\/wp-json\/wp\/v2\/media\/1006204"}],"wp:attachment":[{"href":"https:\/\/osaka.ma\/fr\/wp-json\/wp\/v2\/media?parent=9034"}],"wp:term":[{"taxonomy":"pwb-brand","embeddable":true,"href":"https:\/\/osaka.ma\/fr\/wp-json\/wp\/v2\/pwb-brand?post=9034"},{"taxonomy":"product_brand","embeddable":true,"href":"https:\/\/osaka.ma\/fr\/wp-json\/wp\/v2\/product_brand?post=9034"},{"taxonomy":"product_cat","embeddable":true,"href":"https:\/\/osaka.ma\/fr\/wp-json\/wp\/v2\/product_cat?post=9034"},{"taxonomy":"product_tag","embeddable":true,"href":"https:\/\/osaka.ma\/fr\/wp-json\/wp\/v2\/product_tag?post=9034"},{"taxonomy":"pcb_component_type","embeddable":true,"href":"https:\/\/osaka.ma\/fr\/wp-json\/wp\/v2\/pcb_component_type?post=9034"}],"curies":[{"name":"wp","href":"https:\/\/api.w.org\/{rel}","templated":true}]}}