{"id":9068,"date":"2024-06-01T14:00:42","date_gmt":"2024-06-01T14:00:42","guid":{"rendered":"https:\/\/osaka.ma\/?post_type=product&#038;p=9068"},"modified":"2024-12-18T15:36:08","modified_gmt":"2024-12-18T15:36:08","slug":"msi-alpha-17-c7vf-ryzen-9-7945hx-16gb-1tb-rtx-4070-8gb-17-3-qhd-ips-240hz","status":"publish","type":"product","link":"https:\/\/osaka.ma\/fr\/product\/msi-alpha-17-c7vf-ryzen-9-7945hx-16gb-1tb-rtx-4070-8gb-17-3-qhd-ips-240hz\/","title":{"rendered":"MSI Alpha 17 C7VF RYZEN 9 7945HX \/ 32GB \/ 1TB \/ RTX 4070 8GB \/ 17.3&#8243; QHD+ IPS 240HZ"},"content":{"rendered":"<div class=\"logo\"><img decoding=\"async\" class=\"aligncenter\" src=\"https:\/\/media.ldlc.com\/v3\/marque\/bo\/00\/05\/99\/39\/V30005993997.gif\" alt=\"MSI\" \/><\/div>\n<div id=\"description\" class=\"description\">\n<div class=\"details-pdt-desc\">\n<h2 class=\"h2-master\">Performances de jeu sur un \u00e9cran 240 Hz\u00a0 QHD !<\/h2>\n<section>Profitez d&#8217;excellentes performances mobiles gr\u00e2ce au<strong> PC portable MSI Alpha 17<\/strong> ! Con\u00e7u pour les gamers, cet ordinateur portable MSI offre un affichage de qualit\u00e9 gr\u00e2ce \u00e0 ses composants performants et son \u00e9cran IPS QHD avec fr\u00e9quence de 240 Hz .Le PC portable MSI Alpha 17\u00a0 offre d&#8217;excellentes performances gr\u00e2ce \u00e0 son <strong>processeur AMD Ryzen 9 7945HX<\/strong>, ses 32 Go de m\u00e9moire DDR5 et sa <strong>puce graphique NVIDIA GEFORCE RTX 4070 8GB<\/strong>. De plus, son\u00a0<strong>SSD M.2 PCIe de 1TB<\/strong>\u00a0offre vitesse et bonne capacit\u00e9 de stockage.<\/section>\n<section>\n<div class=\"desc-image\"><img fetchpriority=\"high\" decoding=\"async\" class=\"\" src=\"https:\/\/staticg.sportskeeda.com\/editor\/2023\/03\/252b5-16796301114555-1920.jpg\" alt=\"With AMD Ryzen 9 7845HX laptop CPU beating Ryzen 9 7900X, what does the future of laptop vs desktop gaming hold?\" width=\"594\" height=\"334\" \/><\/div>\n<div class=\"desc-text\">\n<h2>PERFORMANCE POUR LES GAMERS<\/h2>\n<p>Profitez d&#8217;excellentes performances de jeu avec un processeur performant AMD Ryzen 9 7945HX et une puce graphique NVIDIA GEFORCE RTX 4070 8GB Avec en prime un \u00e9cran de type IPS avec fr\u00e9quence d&#8217;affichage \u00e0 240Hz , ce PC portable Gamer offre un confort visuel sup\u00e9rieur &#8220;QHD&#8221;.<\/p>\n<\/div>\n<\/section>\n<section>\n<div class=\"desc-text\">\n<h2>CLAVIER GAMER AVEC R\u00c9TRO\u00c9CLAIRAGE RGB<\/h2>\n<p>Le PC portable MSI Alpha 17 offre un r\u00e9tro\u00e9clairage du clavier touche par touche et vous laisse ainsi le personnaliser comme vous le souhaitez. Avec l&#8217;application SteelSeries Engine 3, vous pourrez attribuer une couleur diff\u00e9rente \u00e0 chaque touche et param\u00e9trer le r\u00e9tro\u00e9clairage pour qu&#8217;il vous donne les statistiques du jeu en temps r\u00e9el. De plus, avec le r\u00e9tro\u00e9clairage Silver Lining Print, les touches proposent d\u00e9sormais un r\u00e9tro\u00e9clairage de leur contour et pas seulement de la base ou de la lettre. L&#8217;id\u00e9al pour gagner en vitesse et en confort de jeu !<\/p>\n<\/div>\n<div class=\"desc-image\"><img decoding=\"async\" src=\"https:\/\/media.ldlc.com\/bo\/images\/fiches\/pc_portables\/msi\/alpha_15\/802.jpg\" alt=\"\" \/><\/div>\n<\/section>\n<section>\n<div class=\"desc-image\"><img decoding=\"async\" src=\"https:\/\/media.ldlc.com\/bo\/images\/fiches\/pc_portables\/msi\/alpha_15\/803.jpg\" alt=\"\" \/><\/div>\n<div class=\"desc-text\">\n<h2>COOLER BOOST 5 : REFROIDISSEMENT PERFORMANT !<\/h2>\n<p>Avec le PC portable Alpha 17 , MSI propose la derni\u00e8re version de sa technologie de refroidissement propri\u00e9taire, Cooler Boost 5, qui fonctionne avec deux ventilateurs \u00e0 7 caloducs pens\u00e9s pour expulser l&#8217;air chaud hors du ch\u00e2ssis par l&#8217;interm\u00e9diaire de 4 flux diff\u00e9rents. La technologie Cooler Boost 5 a \u00e9t\u00e9 sp\u00e9cialement pens\u00e9e pour r\u00e9pondre \u00e0 ces nouveaux notebooks qui int\u00e8grent une carte graphique performante, n\u00e9cessitant un refroidissement impeccable.<\/p>\n<\/div>\n<\/section>\n<section>\n<div class=\"desc-text\">\n<h2>SON PUISSANT AVEC DES HAUT-PARLEURS XL !<\/h2>\n<p>Pour assurer une qualit\u00e9 de son incomparable, MSI a int\u00e9gr\u00e9 \u00e0 ce PC portable des haut-parleurs dont les dimensions ont \u00e9t\u00e9 revues \u00e0 la hausse. En effet, les deux haut-parleurs et les deux caissons int\u00e9gr\u00e9s sont cinq fois plus grands que sur les notebooks de g\u00e9n\u00e9rations pr\u00e9c\u00e9dentes. Pour exploiter tout le potentiel de ces haut-parleurs taille XL, le syst\u00e8me audio Dynaudio assure un son pr\u00e9cis et r\u00e9aliste pour une sensation d&#8217;immersion totale.<\/p>\n<\/div>\n<div class=\"desc-image\"><img decoding=\"async\" src=\"https:\/\/media.ldlc.com\/bo\/images\/fiches\/pc_portables\/msi\/ge75\/800_06.jpg\" alt=\"\" \/><\/div>\n<\/section>\n<section class=\"list\">\n<h2>CARACT\u00c9RISTIQUES PRINCIPALES :<\/h2>\n<ul>\n<li><strong>Processeur AMD Ryzen 9 7945HX<\/strong> (16-Core 2.5 GHz \/ 5.4 GHz Turbo &#8211; 32 Threads &#8211; Cache 64 Mo)<\/li>\n<li>Ecran de 17.3 pouces avec r\u00e9solution QHD (2560 x 1440 pixels) et <strong>fr\u00e9quence de 240 Hz<\/strong><\/li>\n<li>Dalle de type IPS : couleurs lumineuses et angles de vision larges<\/li>\n<li>16 Go de m\u00e9moire vive DDR5 5200 MHz (2 slots avec maximum 64 Go au total)<\/li>\n<li>Puce graphique NVIDIA GEFORCE<strong> RTX 4070<\/strong> avec 8 Go de m\u00e9moire d\u00e9di\u00e9e GDDR6<\/li>\n<li>Connecteur mini DisplayPort 1.2 + connecteur HDMI 2.0 (compatibles 4K @60 Hz)<\/li>\n<li><strong>SSD M.2 PCIe de 1TB<\/strong>\u00a0+ slot libre pour SSD M.2 PCIe<\/li>\n<li><strong>Clavier Gamer SteelSeries\u00a0<\/strong>avec\u00a0<strong>r\u00e9tro\u00e9clairage individuel des touches<\/strong>\u00a0et Silver Lining Print<\/li>\n<li>1 port USB 3.0 Type C + 3 ports USB 3.0<\/li>\n<li>Communication sans fil fiable et performante\u00a0<strong>Wi-Fi\u00a0AX<\/strong>\u00a0+<strong>\u00a0Bluetooth 5.1<\/strong><\/li>\n<li>Webcam HD 720p int\u00e9gr\u00e9e<\/li>\n<li>Adapteur alimentation 230 W<\/li>\n<li><strong>Windows 10 Famille 64 bits<\/strong><\/li>\n<li>Condition : COMME Neuf<\/li>\n<\/ul>\n<\/section>\n<\/div>\n<\/div>\n","protected":false},"excerpt":{"rendered":"<h4>CARACT\u00c9RISTIQUES PRINCIPALES :<\/h4>\n<ul>\n<li><strong>Processeur AMD Ryzen 9 7945HX<\/strong> (16-Core 2.5 GHz \/ 5.4 GHz Turbo &#8211; 32 Threads &#8211; Cache 64 Mo)<\/li>\n<li>Ecran de 17.3 pouces avec r\u00e9solution QHD (2560 x 1440 pixels) et <strong>fr\u00e9quence de 240 Hz<\/strong><\/li>\n<li>Dalle de type IPS : couleurs lumineuses et angles de vision larges<\/li>\n<li>32 Go de m\u00e9moire vive DDR5 5200 MHz (2 slots avec maximum 64 Go au total)<\/li>\n<li>Puce graphique\u00a0<strong>AMD Radeon RTX 4070<\/strong> avec 8 Go de m\u00e9moire d\u00e9di\u00e9e GDDR6<\/li>\n<li>Connecteur mini DisplayPort 1.2 + connecteur HDMI 2.0 (compatibles 4K @60 Hz)<\/li>\n<li><strong>SSD M.2 PCIe de 1TB<\/strong>\u00a0+ slot libre pour SSD M.2 PCIe<\/li>\n<li><strong>Clavier Gamer SteelSeries\u00a0<\/strong>avec\u00a0<strong>r\u00e9tro\u00e9clairage individuel des touches<\/strong>\u00a0et Silver Lining Print<\/li>\n<li>1 port USB 3.0 Type C + 3 ports USB 3.0<\/li>\n<li>Communication sans fil fiable et performante\u00a0<strong>Wi-Fi\u00a0AX<\/strong>\u00a0+<strong>\u00a0Bluetooth 5.1<\/strong><\/li>\n<li>Webcam HD 720p int\u00e9gr\u00e9e<\/li>\n<li>Adapteur alimentation 230 W<\/li>\n<li><strong>Windows 10 Famille 64 bits<\/strong><\/li>\n<li><strong>Condition : COMME Neuf<\/strong><\/li>\n<\/ul>\n","protected":false},"featured_media":1009293,"template":"","meta":{"_acf_changed":false},"pwb-brand":[],"product_brand":[],"product_cat":[122,121],"product_tag":[],"pcb_component_type":[],"class_list":{"0":"post-9068","1":"product","2":"type-product","3":"status-publish","4":"has-post-thumbnail","6":"product_cat-gaming","7":"product_cat-pc-portable","9":"first","10":"outofstock","11":"shipping-taxable","12":"product-type-simple"},"translation":{"provider":"WPGlobus","version":"3.0.2","language":"fr","enabled_languages":["en","es","de","fr","ru"],"languages":{"en":{"title":true,"content":true,"excerpt":true},"es":{"title":false,"content":false,"excerpt":false},"de":{"title":false,"content":false,"excerpt":false},"fr":{"title":false,"content":false,"excerpt":false},"ru":{"title":false,"content":false,"excerpt":false}}},"acf":[],"yoast_head":"<!-- This site is optimized with the Yoast SEO plugin v27.2 - https:\/\/yoast.com\/product\/yoast-seo-wordpress\/ -->\n<title>MSI Alpha 17 C7VF RYZEN 9 7945HX \/ 32GB \/ 1TB \/ RTX 4070 8GB \/ 17.3&quot; QHD+ IPS 240HZ - Osaka<\/title>\n<meta name=\"robots\" content=\"index, follow, max-snippet:-1, max-image-preview:large, max-video-preview:-1\" \/>\n<link rel=\"canonical\" href=\"https:\/\/osaka.ma\/product\/msi-alpha-17-c7vf-ryzen-9-7945hx-16gb-1tb-rtx-4070-8gb-17-3-qhd-ips-240hz\/\" \/>\n<meta property=\"og:locale\" content=\"fr_FR\" \/>\n<meta property=\"og:type\" content=\"article\" \/>\n<meta property=\"og:title\" content=\"MSI Alpha 17 C7VF RYZEN 9 7945HX \/ 32GB \/ 1TB \/ RTX 4070 8GB \/ 17.3&quot; QHD+ IPS 240HZ - Osaka\" \/>\n<meta property=\"og:url\" content=\"https:\/\/osaka.ma\/product\/msi-alpha-17-c7vf-ryzen-9-7945hx-16gb-1tb-rtx-4070-8gb-17-3-qhd-ips-240hz\/\" \/>\n<meta property=\"og:site_name\" content=\"Osaka\" \/>\n<meta property=\"article:modified_time\" content=\"2024-12-18T15:36:08+00:00\" \/>\n<meta property=\"og:image\" content=\"https:\/\/osaka.ma\/wp-content\/uploads\/2024\/06\/LD0005786793_1.jpg\" \/>\n\t<meta property=\"og:image:width\" content=\"1600\" \/>\n\t<meta property=\"og:image:height\" content=\"1600\" \/>\n\t<meta property=\"og:image:type\" content=\"image\/jpeg\" \/>\n<meta name=\"twitter:card\" content=\"summary_large_image\" \/>\n<meta name=\"twitter:label1\" content=\"Dur\u00e9e de lecture estim\u00e9e\" \/>\n\t<meta name=\"twitter:data1\" content=\"4 minutes\" \/>\n<script type=\"application\/ld+json\" class=\"yoast-schema-graph\">{\"@context\":\"https:\/\/schema.org\",\"@graph\":[{\"@type\":\"WebPage\",\"@id\":\"https:\/\/osaka.ma\/product\/msi-alpha-17-c7vf-ryzen-9-7945hx-16gb-1tb-rtx-4070-8gb-17-3-qhd-ips-240hz\/\",\"url\":\"https:\/\/osaka.ma\/product\/msi-alpha-17-c7vf-ryzen-9-7945hx-16gb-1tb-rtx-4070-8gb-17-3-qhd-ips-240hz\/\",\"name\":\"MSI Alpha 17 C7VF RYZEN 9 7945HX \/ 32GB \/ 1TB \/ RTX 4070 8GB \/ 17.3\\\" QHD+ IPS 240HZ - Osaka\",\"isPartOf\":{\"@id\":\"https:\/\/osaka.ma\/#website\"},\"primaryImageOfPage\":{\"@id\":\"https:\/\/osaka.ma\/product\/msi-alpha-17-c7vf-ryzen-9-7945hx-16gb-1tb-rtx-4070-8gb-17-3-qhd-ips-240hz\/#primaryimage\"},\"image\":{\"@id\":\"https:\/\/osaka.ma\/product\/msi-alpha-17-c7vf-ryzen-9-7945hx-16gb-1tb-rtx-4070-8gb-17-3-qhd-ips-240hz\/#primaryimage\"},\"thumbnailUrl\":\"https:\/\/osaka.ma\/wp-content\/uploads\/2024\/06\/LD0005786793_1.jpg\",\"datePublished\":\"2024-06-01T14:00:42+00:00\",\"dateModified\":\"2024-12-18T15:36:08+00:00\",\"breadcrumb\":{\"@id\":\"https:\/\/osaka.ma\/product\/msi-alpha-17-c7vf-ryzen-9-7945hx-16gb-1tb-rtx-4070-8gb-17-3-qhd-ips-240hz\/#breadcrumb\"},\"inLanguage\":\"fr-FR\",\"potentialAction\":[{\"@type\":\"ReadAction\",\"target\":[\"https:\/\/osaka.ma\/product\/msi-alpha-17-c7vf-ryzen-9-7945hx-16gb-1tb-rtx-4070-8gb-17-3-qhd-ips-240hz\/\"]}]},{\"@type\":\"ImageObject\",\"inLanguage\":\"fr-FR\",\"@id\":\"https:\/\/osaka.ma\/product\/msi-alpha-17-c7vf-ryzen-9-7945hx-16gb-1tb-rtx-4070-8gb-17-3-qhd-ips-240hz\/#primaryimage\",\"url\":\"https:\/\/osaka.ma\/wp-content\/uploads\/2024\/06\/LD0005786793_1.jpg\",\"contentUrl\":\"https:\/\/osaka.ma\/wp-content\/uploads\/2024\/06\/LD0005786793_1.jpg\",\"width\":1600,\"height\":1600},{\"@type\":\"BreadcrumbList\",\"@id\":\"https:\/\/osaka.ma\/product\/msi-alpha-17-c7vf-ryzen-9-7945hx-16gb-1tb-rtx-4070-8gb-17-3-qhd-ips-240hz\/#breadcrumb\",\"itemListElement\":[{\"@type\":\"ListItem\",\"position\":1,\"name\":\"Home\",\"item\":\"https:\/\/osaka.ma\/\"},{\"@type\":\"ListItem\",\"position\":2,\"name\":\"Shop\",\"item\":\"https:\/\/osaka.ma\/shop-2\/\"},{\"@type\":\"ListItem\",\"position\":3,\"name\":\"MSI Alpha 17 C7VF RYZEN 9 7945HX \/ 32GB \/ 1TB \/ RTX 4070 8GB \/ 17.3&#8243; QHD+ IPS 240HZ\"}]},{\"@type\":\"WebSite\",\"@id\":\"https:\/\/osaka.ma\/#website\",\"url\":\"https:\/\/osaka.ma\/\",\"name\":\"Osaka\",\"description\":\"\",\"publisher\":{\"@id\":\"https:\/\/osaka.ma\/#organization\"},\"potentialAction\":[{\"@type\":\"SearchAction\",\"target\":{\"@type\":\"EntryPoint\",\"urlTemplate\":\"https:\/\/osaka.ma\/?s={search_term_string}\"},\"query-input\":{\"@type\":\"PropertyValueSpecification\",\"valueRequired\":true,\"valueName\":\"search_term_string\"}}],\"inLanguage\":\"fr-FR\"},{\"@type\":\"Organization\",\"@id\":\"https:\/\/osaka.ma\/#organization\",\"name\":\"Osaka\",\"url\":\"https:\/\/osaka.ma\/\",\"logo\":{\"@type\":\"ImageObject\",\"inLanguage\":\"fr-FR\",\"@id\":\"https:\/\/osaka.ma\/#\/schema\/logo\/image\/\",\"url\":\"https:\/\/osaka.ma\/wp-content\/uploads\/2026\/01\/model-slogan-logo-2Plan-de-travail-1dksl-plus-finnn.png\",\"contentUrl\":\"https:\/\/osaka.ma\/wp-content\/uploads\/2026\/01\/model-slogan-logo-2Plan-de-travail-1dksl-plus-finnn.png\",\"width\":842,\"height\":226,\"caption\":\"Osaka\"},\"image\":{\"@id\":\"https:\/\/osaka.ma\/#\/schema\/logo\/image\/\"}}]}<\/script>\n<!-- \/ Yoast SEO plugin. -->","yoast_head_json":{"title":"MSI Alpha 17 C7VF RYZEN 9 7945HX \/ 32GB \/ 1TB \/ RTX 4070 8GB \/ 17.3\" QHD+ IPS 240HZ - Osaka","robots":{"index":"index","follow":"follow","max-snippet":"max-snippet:-1","max-image-preview":"max-image-preview:large","max-video-preview":"max-video-preview:-1"},"canonical":"https:\/\/osaka.ma\/product\/msi-alpha-17-c7vf-ryzen-9-7945hx-16gb-1tb-rtx-4070-8gb-17-3-qhd-ips-240hz\/","og_locale":"fr_FR","og_type":"article","og_title":"MSI Alpha 17 C7VF RYZEN 9 7945HX \/ 32GB \/ 1TB \/ RTX 4070 8GB \/ 17.3\" QHD+ IPS 240HZ - Osaka","og_url":"https:\/\/osaka.ma\/product\/msi-alpha-17-c7vf-ryzen-9-7945hx-16gb-1tb-rtx-4070-8gb-17-3-qhd-ips-240hz\/","og_site_name":"Osaka","article_modified_time":"2024-12-18T15:36:08+00:00","og_image":[{"width":1600,"height":1600,"url":"https:\/\/osaka.ma\/wp-content\/uploads\/2024\/06\/LD0005786793_1.jpg","type":"image\/jpeg"}],"twitter_card":"summary_large_image","twitter_misc":{"Dur\u00e9e de lecture estim\u00e9e":"4 minutes"},"schema":{"@context":"https:\/\/schema.org","@graph":[{"@type":"WebPage","@id":"https:\/\/osaka.ma\/product\/msi-alpha-17-c7vf-ryzen-9-7945hx-16gb-1tb-rtx-4070-8gb-17-3-qhd-ips-240hz\/","url":"https:\/\/osaka.ma\/product\/msi-alpha-17-c7vf-ryzen-9-7945hx-16gb-1tb-rtx-4070-8gb-17-3-qhd-ips-240hz\/","name":"MSI Alpha 17 C7VF RYZEN 9 7945HX \/ 32GB \/ 1TB \/ RTX 4070 8GB \/ 17.3\" QHD+ IPS 240HZ - Osaka","isPartOf":{"@id":"https:\/\/osaka.ma\/#website"},"primaryImageOfPage":{"@id":"https:\/\/osaka.ma\/product\/msi-alpha-17-c7vf-ryzen-9-7945hx-16gb-1tb-rtx-4070-8gb-17-3-qhd-ips-240hz\/#primaryimage"},"image":{"@id":"https:\/\/osaka.ma\/product\/msi-alpha-17-c7vf-ryzen-9-7945hx-16gb-1tb-rtx-4070-8gb-17-3-qhd-ips-240hz\/#primaryimage"},"thumbnailUrl":"https:\/\/osaka.ma\/wp-content\/uploads\/2024\/06\/LD0005786793_1.jpg","datePublished":"2024-06-01T14:00:42+00:00","dateModified":"2024-12-18T15:36:08+00:00","breadcrumb":{"@id":"https:\/\/osaka.ma\/product\/msi-alpha-17-c7vf-ryzen-9-7945hx-16gb-1tb-rtx-4070-8gb-17-3-qhd-ips-240hz\/#breadcrumb"},"inLanguage":"fr-FR","potentialAction":[{"@type":"ReadAction","target":["https:\/\/osaka.ma\/product\/msi-alpha-17-c7vf-ryzen-9-7945hx-16gb-1tb-rtx-4070-8gb-17-3-qhd-ips-240hz\/"]}]},{"@type":"ImageObject","inLanguage":"fr-FR","@id":"https:\/\/osaka.ma\/product\/msi-alpha-17-c7vf-ryzen-9-7945hx-16gb-1tb-rtx-4070-8gb-17-3-qhd-ips-240hz\/#primaryimage","url":"https:\/\/osaka.ma\/wp-content\/uploads\/2024\/06\/LD0005786793_1.jpg","contentUrl":"https:\/\/osaka.ma\/wp-content\/uploads\/2024\/06\/LD0005786793_1.jpg","width":1600,"height":1600},{"@type":"BreadcrumbList","@id":"https:\/\/osaka.ma\/product\/msi-alpha-17-c7vf-ryzen-9-7945hx-16gb-1tb-rtx-4070-8gb-17-3-qhd-ips-240hz\/#breadcrumb","itemListElement":[{"@type":"ListItem","position":1,"name":"Home","item":"https:\/\/osaka.ma\/"},{"@type":"ListItem","position":2,"name":"Shop","item":"https:\/\/osaka.ma\/shop-2\/"},{"@type":"ListItem","position":3,"name":"MSI Alpha 17 C7VF RYZEN 9 7945HX \/ 32GB \/ 1TB \/ RTX 4070 8GB \/ 17.3&#8243; QHD+ IPS 240HZ"}]},{"@type":"WebSite","@id":"https:\/\/osaka.ma\/#website","url":"https:\/\/osaka.ma\/","name":"Osaka","description":"","publisher":{"@id":"https:\/\/osaka.ma\/#organization"},"potentialAction":[{"@type":"SearchAction","target":{"@type":"EntryPoint","urlTemplate":"https:\/\/osaka.ma\/?s={search_term_string}"},"query-input":{"@type":"PropertyValueSpecification","valueRequired":true,"valueName":"search_term_string"}}],"inLanguage":"fr-FR"},{"@type":"Organization","@id":"https:\/\/osaka.ma\/#organization","name":"Osaka","url":"https:\/\/osaka.ma\/","logo":{"@type":"ImageObject","inLanguage":"fr-FR","@id":"https:\/\/osaka.ma\/#\/schema\/logo\/image\/","url":"https:\/\/osaka.ma\/wp-content\/uploads\/2026\/01\/model-slogan-logo-2Plan-de-travail-1dksl-plus-finnn.png","contentUrl":"https:\/\/osaka.ma\/wp-content\/uploads\/2026\/01\/model-slogan-logo-2Plan-de-travail-1dksl-plus-finnn.png","width":842,"height":226,"caption":"Osaka"},"image":{"@id":"https:\/\/osaka.ma\/#\/schema\/logo\/image\/"}}]}},"jetpack_sharing_enabled":true,"brands":[],"_links":{"self":[{"href":"https:\/\/osaka.ma\/fr\/wp-json\/wp\/v2\/product\/9068","targetHints":{"allow":["GET"]}}],"collection":[{"href":"https:\/\/osaka.ma\/fr\/wp-json\/wp\/v2\/product"}],"about":[{"href":"https:\/\/osaka.ma\/fr\/wp-json\/wp\/v2\/types\/product"}],"version-history":[{"count":0,"href":"https:\/\/osaka.ma\/fr\/wp-json\/wp\/v2\/product\/9068\/revisions"}],"wp:featuredmedia":[{"embeddable":true,"href":"https:\/\/osaka.ma\/fr\/wp-json\/wp\/v2\/media\/1009293"}],"wp:attachment":[{"href":"https:\/\/osaka.ma\/fr\/wp-json\/wp\/v2\/media?parent=9068"}],"wp:term":[{"taxonomy":"pwb-brand","embeddable":true,"href":"https:\/\/osaka.ma\/fr\/wp-json\/wp\/v2\/pwb-brand?post=9068"},{"taxonomy":"product_brand","embeddable":true,"href":"https:\/\/osaka.ma\/fr\/wp-json\/wp\/v2\/product_brand?post=9068"},{"taxonomy":"product_cat","embeddable":true,"href":"https:\/\/osaka.ma\/fr\/wp-json\/wp\/v2\/product_cat?post=9068"},{"taxonomy":"product_tag","embeddable":true,"href":"https:\/\/osaka.ma\/fr\/wp-json\/wp\/v2\/product_tag?post=9068"},{"taxonomy":"pcb_component_type","embeddable":true,"href":"https:\/\/osaka.ma\/fr\/wp-json\/wp\/v2\/pcb_component_type?post=9068"}],"curies":[{"name":"wp","href":"https:\/\/api.w.org\/{rel}","templated":true}]}}