{"id":9100,"date":"2024-06-03T10:13:25","date_gmt":"2024-06-03T10:13:25","guid":{"rendered":"https:\/\/osaka.ma\/?post_type=product&#038;p=9100"},"modified":"2024-12-18T15:36:08","modified_gmt":"2024-12-18T15:36:08","slug":"pc-gamer-osaka-gen11-i5-11400-16gb-512gb-gtx-1050ti-4gb","status":"publish","type":"product","link":"https:\/\/osaka.ma\/fr\/product\/pc-gamer-osaka-gen11-i5-11400-16gb-512gb-gtx-1050ti-4gb\/","title":{"rendered":"PC Gamer Osaka I5 11400\/16GB\/512GB\/GTX 1050TI 4GB"},"content":{"rendered":"<div id=\"description\" class=\"description\">\n<div><img decoding=\"async\" class=\" wp-image-6550 aligncenter\" src=\"https:\/\/osaka.ma\/wp-content\/uploads\/2023\/10\/OSA-1.png\" alt=\"\" width=\"294\" height=\"113\" \/><\/div>\n<\/div>\n<div><\/div>\n<div><\/div>\n<div id=\"description\" class=\"description\">\n<div><i><img decoding=\"async\" class=\"\" src=\"https:\/\/media.ldlc.com\/bo\/images\/fiches\/kit_upgrade\/case_80.png\" alt=\"\" width=\"48\" height=\"48\" \/><\/i><i>PC Gaming abordable, le\u00a0<strong>PC de bureau Osaka\u00a0<\/strong><strong>Katana Gen 11<\/strong>\u00a0sera un alli\u00e9 de choix pour jouer aux jeux les plus r\u00e9cents sans pour autant vider votre compte en banque. Particuli\u00e8rement efficace, cet ordinateur d\u00e9di\u00e9 aux jeux vid\u00e9o vous permettra d\u2019aller \u00e0 l\u2019essentiel. Il est \u00e9quip\u00e9 d\u2019un\u00a0<strong>processeur Intel 6-Core de 11\u00e8me g\u00e9n\u00e9ration<\/strong>\u00a0d\u2019une\u00a0<strong>carte m\u00e8re avec chipset Intel B560<\/strong>, de\u00a0<strong>16 Go de RAM DDR4<\/strong>\u00a0et d\u2019une\u00a0<strong>carte graphique NVIDIA GeForce ZOTAC GTX\u00a0 1050TI 4 Go LP<\/strong>. Il dispose \u00e9galement d\u2019un disque\u00a0<strong>SSD de 512 Go<\/strong>\u00a0pour un syst\u00e8me ultra r\u00e9actif.<\/i><\/div>\n<div>\n<p>&nbsp;<\/p>\n<ul>\n<li>Processeur\u00a0<a href=\"https:\/\/osaka.ma\/produit\/intel-core-i5-11400-2-6-ghz-4-4-ghz-box\/\"><strong>Intel Core i5-11400 (2.6 GHz \/ 4.4 GHz)<\/strong><\/a><\/li>\n<li>Carte m\u00e8re\u00a0<strong><a href=\"https:\/\/osaka.ma\/produit\/msi-b560m-pro-e\/\">MSI B560M-PRO-E DDR4<\/a><\/strong><\/li>\n<li>Ram\u00a0<strong><a href=\"https:\/\/osaka.ma\/produit\/16gb-corsair-lpx-8x2-3200mhz\/\">16 Go CORSAIR LPX\u00a0 DDR4 3200 MHz<\/a><\/strong><\/li>\n<li>Carte graphique\u00a0<strong>NVIDIA GeForce\u00a0 ZOTAC GTX 1050TI 4GB LP<\/strong><\/li>\n<li>Bo\u00eetier Moyen Tour<b> BOITER RGB 4 FANS + CONTROLLER<\/b><\/li>\n<li>SSD <a href=\"https:\/\/osaka.ma\/produit\/512gb-lexar-nm620\/\"><strong>512Go LEXAR NM620<\/strong><\/a><\/li>\n<li>Alimentation \u00a0<strong>A-TACENS RADIX ECO 400W PSU<\/strong><\/li>\n<li><strong>Win11 \/ Bien assembl\u00e9<\/strong><\/li>\n<\/ul>\n<\/div>\n<div class=\"details-pdt-desc\">\n<h2 class=\"h2-master\">Arsenal Gamer pour Gaming Non-Stop !<\/h2>\n<section>Que vous soyez joueur d\u00e9butant ou aguerri, Le\u00a0<i><strong>Osaka\u00a0<\/strong><strong>Katana Gen 11<\/strong><\/i>\u00a0avec sa carte graphique\u00a0<strong>NVIDIA GeForce ZOTAC GTX 1050TI 4GB\u00a0 <\/strong>et son\u00a0<strong>SSD de 512Go <\/strong>conviendra \u00e0 vos besoins et exigences pour ne faire aucun compromis sur la puissance et la r\u00e9activit\u00e9. Configuration \u00e9quilibr\u00e9e et abordable, elle vous permettra d\u2019aller \u00e0 l\u2019essentiel : JOUER et GAGNER. Faites confiance au PC\u00a0<i><strong>Osaka\u00a0<\/strong><strong>Katana<\/strong><\/i>, The Best Seller.<\/section>\n<section>\n<div class=\"desc-image\"><img decoding=\"async\" src=\"https:\/\/media.ldlc.com\/bo\/images\/fiches\/processeur\/intel\/alder-lake\/intel_alder-lake_core-i5_003.jpg\" alt=\"\" \/><\/div>\n<div class=\"desc-text\">\n<h2>INTEL CORE I5-11400 6-CORE \/ 12-THREADS<\/h2>\n<ul>\n<li>Processeur\u00a0<strong>6 Cores<\/strong>\u00a0\/ 12 Threads<\/li>\n<li><strong>6 Performance-Cores<\/strong>\u00a0(2.6 GHz \u2013 4.3 GHz)<\/li>\n<li>Cache\u00a0<strong>L3 18 Mo<\/strong>\u00a0+ Cache L2 7.5 Mo<\/li>\n<li>IGP : Aucun<\/li>\n<li>Contr\u00f4leur m\u00e9moire : DDR4<\/li>\n<li>Compatible\u00a0<strong>PCI-E 5.0<\/strong><\/li>\n<li>TDP\u00a0: 65W<\/li>\n<li>TDP max. (Turbo Power) : 117W<\/li>\n<\/ul>\n<\/div>\n<\/section>\n<section>\n<div class=\"desc-text\">\n<div class=\"logo\"><img decoding=\"async\" src=\"https:\/\/media.ldlc.com\/v3\/marque\/190\/C000034387.gif\" alt=\"ZOTAC\" \/><\/div>\n<div id=\"description\" class=\"description\">\n<h2>DES JEUX FLUIDES ET RAPIDES EN HAUTE D\u00c9FINITION<\/h2>\n<p>La\u00a0<strong>carte graphique ZOTAC GeForce GTX 1050 Ti Low Profile 4G\u00a0<\/strong>est con\u00e7ue pour permettre aux joueurs occasionnels ou assidus de profiter d&#8217;un affichage fluide et rapide en Haute D\u00e9finition. Profitez des derniers jeux PC avec un rendu graphique superbe sans vous ruiner. Concevez un PC Gaming peu on\u00e9reux et b\u00e9n\u00e9ficiant d&#8217;un rapport performances \/ prix imbattable.\u00a0Bas\u00e9e sur<strong>\u00a0l&#8217;architecture NVIDIA Pascal<\/strong>, la carte graphique\u00a0<strong>NVIDIA GeForce GTX 1050 Ti<\/strong>\u00a0est puissante et rapide. Elle offre aux joueurs une exp\u00e9rience Gaming saisissante gr\u00e2ce aux technologies innovantes comme\u00a0<strong><em>NVIDIA Game Ready<\/em><\/strong>\u00a0ou\u00a0<strong><em>NVIDIA G-SYNC<\/em><\/strong>.<\/p>\n<div><\/div>\n<table border=\"0\" width=\"100%\" cellspacing=\"1\" cellpadding=\"1\">\n<tbody>\n<tr>\n<td>\n<h2>JOUEZ EN HAUTE D\u00c9FINITION<\/h2>\n<p>Tout devient possible gr\u00e2ce \u00e0 la\u00a0nouvelle architecture\u00a0NVIDIA Pascal\u00a0qui booste \u00e0 son maximum la\u00a0carte graphique NVIDIA GeForce GTX 1050 Ti\u00a0! Cette carte graphique avanc\u00e9e acc\u00e9l\u00e8re votre exp\u00e9rience Gaming gr\u00e2ce \u00e0 des graphismes HD fluides. Enti\u00e8rement compatibles\u00a0<strong>DirectX 12<\/strong>\u00a0et int\u00e9grant les derni\u00e8res innovations technologiques de la marque au cam\u00e9l\u00e9on, la\u00a0<strong>GTX 1050 Ti\u00a0<\/strong>d\u00e9livre d&#8217;excellentes performances tout en b\u00e9n\u00e9ficiant d&#8217;un rendement \u00e9nerg\u00e9tique optimis\u00e9 gr\u00e2ce \u00e0 une consommation maitris\u00e9e.<\/td>\n<td width=\"450\">\u00a0<img decoding=\"async\" src=\"https:\/\/media.ldlc.com\/bo\/images\/fiches\/carte_graphique\/nvidia\/gtx_1050-1050ti\/nvidia_geforce_gtx_1050ti_001.jpg\" alt=\"\" \/><\/td>\n<\/tr>\n<\/tbody>\n<\/table>\n<div><\/div>\n<table border=\"0\" width=\"100%\" cellspacing=\"1\" cellpadding=\"1\">\n<tbody>\n<tr>\n<td width=\"450\">\u00a0<img decoding=\"async\" src=\"https:\/\/media.ldlc.com\/bo\/images\/fiches\/carte_graphique\/nvidia\/gtx_1050-1050ti\/nvidia_geforce_gtx_1050ti_002.jpg\" alt=\"\" \/><\/td>\n<td>\n<h2>DES TECHNOLOGIES DE POINTE<\/h2>\n<p>D\u00e9couvrez toutes les performances de l&#8217;architecture\u00a0<em>NVIDIA Pascal<\/em>\u00a0avec la carte graphique gaming r\u00e9f\u00e9rence de NVIDIA. Les technologies GeForce sont exclusives et r\u00e9volutionnaires. Elles sont con\u00e7ues dans le seul but de sublimer et acc\u00e9l\u00e9rer tous les jeux.<\/p>\n<p>Enregistrez et partagez des captures d&#8217;\u00e9cran de qualit\u00e9 professionnelle avec la technologie\u00a0<em>NVIDIA Ansel<\/em>. Regardez vos jeux favoris prendre vie et s&#8217;animer avec\u00a0<em><strong>NVIDIA GameWorks<\/strong><\/em>\u00a0et\u00a0<em><strong>NVIDIA G-SYNC<\/strong><\/em>, les innovations technologiques uniques dignent du Cin\u00e9ma.<\/td>\n<\/tr>\n<\/tbody>\n<\/table>\n<div><\/div>\n<table border=\"0\" width=\"100%\" cellspacing=\"1\" cellpadding=\"1\">\n<tbody>\n<tr>\n<td>\n<h2>CONCEPTION HAUT DE GAMME ET EFFICACIT\u00c9 REMARQUABLE<\/h2>\n<p>Les\u00a0cartes graphiques GeForce GTX acc\u00e9l\u00e9r\u00e9es par NVIDIA Pascal\u00a0vous offrent une exp\u00e9rience de jeu \u00e0 hautes performances et basse consommation.<\/p>\n<p>Vivez une exp\u00e9rience de jeu ultime avec les\u00a0<strong>cartes graphiques GeForce GTX s\u00e9rie 10<\/strong>, les pilotes\u00a0<strong>NVIDIA Game Ready<\/strong>\u00a0et les\u00a0<strong>param\u00e8tres de jeux optimaux de GeForce Experience<\/strong>. Ensemble, ils assurent une stabilit\u00e9 sans faille et maximisent la qualit\u00e9 graphique pour d\u00e9livrer les meilleurs framerates pour des jeux fluides et rapides.<\/td>\n<td width=\"450\">\u00a0<img decoding=\"async\" src=\"https:\/\/media.ldlc.com\/bo\/images\/fiches\/carte_graphique\/geforce_experience\/geforce-experience3.jpg\" alt=\"\" \/><\/td>\n<\/tr>\n<\/tbody>\n<\/table>\n<\/div>\n<\/div>\n<div class=\"desc-image\"><\/div>\n<\/section>\n<\/div>\n<\/div>\n","protected":false},"excerpt":{"rendered":"<div><i>PC Gaming abordable, le\u00a0<strong>PC de bureau Osaka\u00a0<\/strong><strong>Katana Gen 11<\/strong>\u00a0sera un alli\u00e9 de choix pour jouer aux jeux les plus r\u00e9cents sans pour autant vider votre compte en banque. Particuli\u00e8rement efficace, cet ordinateur d\u00e9di\u00e9 aux jeux vid\u00e9o vous permettra d\u2019aller \u00e0 l\u2019essentiel. Il est \u00e9quip\u00e9 d\u2019un\u00a0<strong>processeur Intel 6-Core de 11\u00e8me g\u00e9n\u00e9ration<\/strong>\u00a0d\u2019une\u00a0<strong>carte m\u00e8re avec chipset Intel B560<\/strong>, de\u00a0<strong>16 Go de RAM DDR4<\/strong>\u00a0et d\u2019une\u00a0<strong>carte graphique NVIDIA GeForce ZOTAC GTX\u00a0 1050TI 4 Go LP<\/strong>. Il dispose \u00e9galement d\u2019un disque\u00a0<strong>SSD de 512 Go<\/strong>\u00a0pour un syst\u00e8me ultra r\u00e9actif.<\/i><\/div>\n<div>\n<p>&nbsp;<\/p>\n<ul>\n<li>Processeur\u00a0<strong>Intel Core i5-11400 (2.6 GHz \/ 4.3 GHz)<\/strong><\/li>\n<li>Carte m\u00e8re\u00a0<strong>MSI B560M-PRO-E DDR4<\/strong><\/li>\n<li>Ram\u00a0<strong>16 Go CORSAIR LPX\u00a0 DDR4 3200 MHz<\/strong><\/li>\n<li>Carte graphique\u00a0<strong>NVIDIA GeForce\u00a0 ZOTAC GTX 1050TI 4GB LP<\/strong><\/li>\n<li>Bo\u00eetier Moyen Tour<b> BOITER RGB 4 FANS + CONTROLLER<\/b><\/li>\n<li>SSD <strong>512Go LEXAR NM620<\/strong><\/li>\n<li>Alimentation \u00a0<strong>A-TACENS RADIX ECO 400W PSU<\/strong><\/li>\n<li><strong>Win11 \/ Bien assembl\u00e9<\/strong><\/li>\n<\/ul>\n<\/div>\n","protected":false},"featured_media":1008117,"template":"","meta":{"_acf_changed":false},"pwb-brand":[],"product_brand":[],"product_cat":[57,53],"product_tag":[],"pcb_component_type":[],"class_list":{"0":"post-9100","1":"product","2":"type-product","3":"status-publish","4":"has-post-thumbnail","6":"product_cat-intel","7":"product_cat-pc-gamer","9":"first","10":"outofstock","11":"shipping-taxable","12":"product-type-simple"},"translation":{"provider":"WPGlobus","version":"3.0.2","language":"fr","enabled_languages":["en","es","de","fr","ru"],"languages":{"en":{"title":true,"content":true,"excerpt":true},"es":{"title":false,"content":false,"excerpt":false},"de":{"title":false,"content":false,"excerpt":false},"fr":{"title":false,"content":false,"excerpt":false},"ru":{"title":false,"content":false,"excerpt":false}}},"acf":[],"yoast_head":"<!-- This site is optimized with the Yoast SEO plugin v27.2 - https:\/\/yoast.com\/product\/yoast-seo-wordpress\/ -->\n<title>PC Gamer Osaka I5 11400\/16GB\/512GB\/GTX 1050TI 4GB - Osaka<\/title>\n<meta name=\"robots\" content=\"index, follow, max-snippet:-1, max-image-preview:large, max-video-preview:-1\" \/>\n<link rel=\"canonical\" href=\"https:\/\/osaka.ma\/product\/pc-gamer-osaka-gen11-i5-11400-16gb-512gb-gtx-1050ti-4gb\/\" \/>\n<meta property=\"og:locale\" content=\"fr_FR\" \/>\n<meta property=\"og:type\" content=\"article\" \/>\n<meta property=\"og:title\" content=\"PC Gamer Osaka I5 11400\/16GB\/512GB\/GTX 1050TI 4GB - Osaka\" \/>\n<meta property=\"og:url\" content=\"https:\/\/osaka.ma\/product\/pc-gamer-osaka-gen11-i5-11400-16gb-512gb-gtx-1050ti-4gb\/\" \/>\n<meta property=\"og:site_name\" content=\"Osaka\" \/>\n<meta property=\"article:modified_time\" content=\"2024-12-18T15:36:08+00:00\" \/>\n<meta property=\"og:image\" content=\"https:\/\/osaka.ma\/wp-content\/uploads\/2024\/02\/BOITIER-GAMER-RGB-4FAN-AVEC-CONTROLLER-PC-MAROC-SETUP-GAMING-1024x1024.png\" \/>\n\t<meta property=\"og:image:width\" content=\"1024\" \/>\n\t<meta property=\"og:image:height\" content=\"1024\" \/>\n\t<meta property=\"og:image:type\" content=\"image\/png\" \/>\n<meta name=\"twitter:card\" content=\"summary_large_image\" \/>\n<meta name=\"twitter:label1\" content=\"Dur\u00e9e de lecture estim\u00e9e\" \/>\n\t<meta name=\"twitter:data1\" content=\"5 minutes\" \/>\n<script type=\"application\/ld+json\" class=\"yoast-schema-graph\">{\"@context\":\"https:\/\/schema.org\",\"@graph\":[{\"@type\":\"WebPage\",\"@id\":\"https:\/\/osaka.ma\/product\/pc-gamer-osaka-gen11-i5-11400-16gb-512gb-gtx-1050ti-4gb\/\",\"url\":\"https:\/\/osaka.ma\/product\/pc-gamer-osaka-gen11-i5-11400-16gb-512gb-gtx-1050ti-4gb\/\",\"name\":\"PC Gamer Osaka I5 11400\/16GB\/512GB\/GTX 1050TI 4GB - Osaka\",\"isPartOf\":{\"@id\":\"https:\/\/osaka.ma\/#website\"},\"primaryImageOfPage\":{\"@id\":\"https:\/\/osaka.ma\/product\/pc-gamer-osaka-gen11-i5-11400-16gb-512gb-gtx-1050ti-4gb\/#primaryimage\"},\"image\":{\"@id\":\"https:\/\/osaka.ma\/product\/pc-gamer-osaka-gen11-i5-11400-16gb-512gb-gtx-1050ti-4gb\/#primaryimage\"},\"thumbnailUrl\":\"https:\/\/osaka.ma\/wp-content\/uploads\/2024\/02\/BOITIER-GAMER-RGB-4FAN-AVEC-CONTROLLER-PC-MAROC-SETUP-GAMING.png\",\"datePublished\":\"2024-06-03T10:13:25+00:00\",\"dateModified\":\"2024-12-18T15:36:08+00:00\",\"breadcrumb\":{\"@id\":\"https:\/\/osaka.ma\/product\/pc-gamer-osaka-gen11-i5-11400-16gb-512gb-gtx-1050ti-4gb\/#breadcrumb\"},\"inLanguage\":\"fr-FR\",\"potentialAction\":[{\"@type\":\"ReadAction\",\"target\":[\"https:\/\/osaka.ma\/product\/pc-gamer-osaka-gen11-i5-11400-16gb-512gb-gtx-1050ti-4gb\/\"]}]},{\"@type\":\"ImageObject\",\"inLanguage\":\"fr-FR\",\"@id\":\"https:\/\/osaka.ma\/product\/pc-gamer-osaka-gen11-i5-11400-16gb-512gb-gtx-1050ti-4gb\/#primaryimage\",\"url\":\"https:\/\/osaka.ma\/wp-content\/uploads\/2024\/02\/BOITIER-GAMER-RGB-4FAN-AVEC-CONTROLLER-PC-MAROC-SETUP-GAMING.png\",\"contentUrl\":\"https:\/\/osaka.ma\/wp-content\/uploads\/2024\/02\/BOITIER-GAMER-RGB-4FAN-AVEC-CONTROLLER-PC-MAROC-SETUP-GAMING.png\",\"width\":2160,\"height\":2160},{\"@type\":\"BreadcrumbList\",\"@id\":\"https:\/\/osaka.ma\/product\/pc-gamer-osaka-gen11-i5-11400-16gb-512gb-gtx-1050ti-4gb\/#breadcrumb\",\"itemListElement\":[{\"@type\":\"ListItem\",\"position\":1,\"name\":\"Home\",\"item\":\"https:\/\/osaka.ma\/\"},{\"@type\":\"ListItem\",\"position\":2,\"name\":\"Shop\",\"item\":\"https:\/\/osaka.ma\/shop-2\/\"},{\"@type\":\"ListItem\",\"position\":3,\"name\":\"PC Gamer Osaka I5 11400\/16GB\/512GB\/GTX 1050TI 4GB\"}]},{\"@type\":\"WebSite\",\"@id\":\"https:\/\/osaka.ma\/#website\",\"url\":\"https:\/\/osaka.ma\/\",\"name\":\"Osaka\",\"description\":\"\",\"publisher\":{\"@id\":\"https:\/\/osaka.ma\/#organization\"},\"potentialAction\":[{\"@type\":\"SearchAction\",\"target\":{\"@type\":\"EntryPoint\",\"urlTemplate\":\"https:\/\/osaka.ma\/?s={search_term_string}\"},\"query-input\":{\"@type\":\"PropertyValueSpecification\",\"valueRequired\":true,\"valueName\":\"search_term_string\"}}],\"inLanguage\":\"fr-FR\"},{\"@type\":\"Organization\",\"@id\":\"https:\/\/osaka.ma\/#organization\",\"name\":\"Osaka\",\"url\":\"https:\/\/osaka.ma\/\",\"logo\":{\"@type\":\"ImageObject\",\"inLanguage\":\"fr-FR\",\"@id\":\"https:\/\/osaka.ma\/#\/schema\/logo\/image\/\",\"url\":\"https:\/\/osaka.ma\/wp-content\/uploads\/2026\/01\/model-slogan-logo-2Plan-de-travail-1dksl-plus-finnn.png\",\"contentUrl\":\"https:\/\/osaka.ma\/wp-content\/uploads\/2026\/01\/model-slogan-logo-2Plan-de-travail-1dksl-plus-finnn.png\",\"width\":842,\"height\":226,\"caption\":\"Osaka\"},\"image\":{\"@id\":\"https:\/\/osaka.ma\/#\/schema\/logo\/image\/\"}}]}<\/script>\n<!-- \/ Yoast SEO plugin. -->","yoast_head_json":{"title":"PC Gamer Osaka I5 11400\/16GB\/512GB\/GTX 1050TI 4GB - Osaka","robots":{"index":"index","follow":"follow","max-snippet":"max-snippet:-1","max-image-preview":"max-image-preview:large","max-video-preview":"max-video-preview:-1"},"canonical":"https:\/\/osaka.ma\/product\/pc-gamer-osaka-gen11-i5-11400-16gb-512gb-gtx-1050ti-4gb\/","og_locale":"fr_FR","og_type":"article","og_title":"PC Gamer Osaka I5 11400\/16GB\/512GB\/GTX 1050TI 4GB - Osaka","og_url":"https:\/\/osaka.ma\/product\/pc-gamer-osaka-gen11-i5-11400-16gb-512gb-gtx-1050ti-4gb\/","og_site_name":"Osaka","article_modified_time":"2024-12-18T15:36:08+00:00","og_image":[{"width":1024,"height":1024,"url":"https:\/\/osaka.ma\/wp-content\/uploads\/2024\/02\/BOITIER-GAMER-RGB-4FAN-AVEC-CONTROLLER-PC-MAROC-SETUP-GAMING-1024x1024.png","type":"image\/png"}],"twitter_card":"summary_large_image","twitter_misc":{"Dur\u00e9e de lecture estim\u00e9e":"5 minutes"},"schema":{"@context":"https:\/\/schema.org","@graph":[{"@type":"WebPage","@id":"https:\/\/osaka.ma\/product\/pc-gamer-osaka-gen11-i5-11400-16gb-512gb-gtx-1050ti-4gb\/","url":"https:\/\/osaka.ma\/product\/pc-gamer-osaka-gen11-i5-11400-16gb-512gb-gtx-1050ti-4gb\/","name":"PC Gamer Osaka I5 11400\/16GB\/512GB\/GTX 1050TI 4GB - Osaka","isPartOf":{"@id":"https:\/\/osaka.ma\/#website"},"primaryImageOfPage":{"@id":"https:\/\/osaka.ma\/product\/pc-gamer-osaka-gen11-i5-11400-16gb-512gb-gtx-1050ti-4gb\/#primaryimage"},"image":{"@id":"https:\/\/osaka.ma\/product\/pc-gamer-osaka-gen11-i5-11400-16gb-512gb-gtx-1050ti-4gb\/#primaryimage"},"thumbnailUrl":"https:\/\/osaka.ma\/wp-content\/uploads\/2024\/02\/BOITIER-GAMER-RGB-4FAN-AVEC-CONTROLLER-PC-MAROC-SETUP-GAMING.png","datePublished":"2024-06-03T10:13:25+00:00","dateModified":"2024-12-18T15:36:08+00:00","breadcrumb":{"@id":"https:\/\/osaka.ma\/product\/pc-gamer-osaka-gen11-i5-11400-16gb-512gb-gtx-1050ti-4gb\/#breadcrumb"},"inLanguage":"fr-FR","potentialAction":[{"@type":"ReadAction","target":["https:\/\/osaka.ma\/product\/pc-gamer-osaka-gen11-i5-11400-16gb-512gb-gtx-1050ti-4gb\/"]}]},{"@type":"ImageObject","inLanguage":"fr-FR","@id":"https:\/\/osaka.ma\/product\/pc-gamer-osaka-gen11-i5-11400-16gb-512gb-gtx-1050ti-4gb\/#primaryimage","url":"https:\/\/osaka.ma\/wp-content\/uploads\/2024\/02\/BOITIER-GAMER-RGB-4FAN-AVEC-CONTROLLER-PC-MAROC-SETUP-GAMING.png","contentUrl":"https:\/\/osaka.ma\/wp-content\/uploads\/2024\/02\/BOITIER-GAMER-RGB-4FAN-AVEC-CONTROLLER-PC-MAROC-SETUP-GAMING.png","width":2160,"height":2160},{"@type":"BreadcrumbList","@id":"https:\/\/osaka.ma\/product\/pc-gamer-osaka-gen11-i5-11400-16gb-512gb-gtx-1050ti-4gb\/#breadcrumb","itemListElement":[{"@type":"ListItem","position":1,"name":"Home","item":"https:\/\/osaka.ma\/"},{"@type":"ListItem","position":2,"name":"Shop","item":"https:\/\/osaka.ma\/shop-2\/"},{"@type":"ListItem","position":3,"name":"PC Gamer Osaka I5 11400\/16GB\/512GB\/GTX 1050TI 4GB"}]},{"@type":"WebSite","@id":"https:\/\/osaka.ma\/#website","url":"https:\/\/osaka.ma\/","name":"Osaka","description":"","publisher":{"@id":"https:\/\/osaka.ma\/#organization"},"potentialAction":[{"@type":"SearchAction","target":{"@type":"EntryPoint","urlTemplate":"https:\/\/osaka.ma\/?s={search_term_string}"},"query-input":{"@type":"PropertyValueSpecification","valueRequired":true,"valueName":"search_term_string"}}],"inLanguage":"fr-FR"},{"@type":"Organization","@id":"https:\/\/osaka.ma\/#organization","name":"Osaka","url":"https:\/\/osaka.ma\/","logo":{"@type":"ImageObject","inLanguage":"fr-FR","@id":"https:\/\/osaka.ma\/#\/schema\/logo\/image\/","url":"https:\/\/osaka.ma\/wp-content\/uploads\/2026\/01\/model-slogan-logo-2Plan-de-travail-1dksl-plus-finnn.png","contentUrl":"https:\/\/osaka.ma\/wp-content\/uploads\/2026\/01\/model-slogan-logo-2Plan-de-travail-1dksl-plus-finnn.png","width":842,"height":226,"caption":"Osaka"},"image":{"@id":"https:\/\/osaka.ma\/#\/schema\/logo\/image\/"}}]}},"jetpack_sharing_enabled":true,"brands":[],"_links":{"self":[{"href":"https:\/\/osaka.ma\/fr\/wp-json\/wp\/v2\/product\/9100","targetHints":{"allow":["GET"]}}],"collection":[{"href":"https:\/\/osaka.ma\/fr\/wp-json\/wp\/v2\/product"}],"about":[{"href":"https:\/\/osaka.ma\/fr\/wp-json\/wp\/v2\/types\/product"}],"version-history":[{"count":0,"href":"https:\/\/osaka.ma\/fr\/wp-json\/wp\/v2\/product\/9100\/revisions"}],"wp:featuredmedia":[{"embeddable":true,"href":"https:\/\/osaka.ma\/fr\/wp-json\/wp\/v2\/media\/1008117"}],"wp:attachment":[{"href":"https:\/\/osaka.ma\/fr\/wp-json\/wp\/v2\/media?parent=9100"}],"wp:term":[{"taxonomy":"pwb-brand","embeddable":true,"href":"https:\/\/osaka.ma\/fr\/wp-json\/wp\/v2\/pwb-brand?post=9100"},{"taxonomy":"product_brand","embeddable":true,"href":"https:\/\/osaka.ma\/fr\/wp-json\/wp\/v2\/product_brand?post=9100"},{"taxonomy":"product_cat","embeddable":true,"href":"https:\/\/osaka.ma\/fr\/wp-json\/wp\/v2\/product_cat?post=9100"},{"taxonomy":"product_tag","embeddable":true,"href":"https:\/\/osaka.ma\/fr\/wp-json\/wp\/v2\/product_tag?post=9100"},{"taxonomy":"pcb_component_type","embeddable":true,"href":"https:\/\/osaka.ma\/fr\/wp-json\/wp\/v2\/pcb_component_type?post=9100"}],"curies":[{"name":"wp","href":"https:\/\/api.w.org\/{rel}","templated":true}]}}