{"id":9214,"date":"2024-06-06T12:34:44","date_gmt":"2024-06-06T12:34:44","guid":{"rendered":"https:\/\/osaka.ma\/?post_type=product&#038;p=9214"},"modified":"2025-03-07T09:24:27","modified_gmt":"2025-03-07T09:24:27","slug":"pc-gamer-ryzen7-5700x3d-32gb-1tb-rtx-4060-8gb","status":"publish","type":"product","link":"https:\/\/osaka.ma\/fr\/product\/pc-gamer-ryzen7-5700x3d-32gb-1tb-rtx-4060-8gb\/","title":{"rendered":"PC Gamer RYZEN\u21227 5700X3D\/32GB\/1TB\/RTX 4060 8GB"},"content":{"rendered":"<h2 class=\"product_title entry-title\"><span style=\"font-size: 16px;\">PC Gaming abordable, le <\/span><strong style=\"font-size: 16px;\">PC de bureau Osaka Gen7\u00a0<\/strong><span style=\"font-size: 16px;\">\u00a0sera un alli\u00e9 de choix pour jouer aux jeux les plus r\u00e9cents sans pour autant vider votre compte en banque. Particuli\u00e8rement efficace, cet ordinateur d\u00e9di\u00e9 aux jeux vid\u00e9o vous permettra d\u2019aller \u00e0 l\u2019essentiel. Il est \u00e9quip\u00e9 d\u2019un\u00a0<\/span><strong style=\"font-size: 16px;\">processeur Ryzen 7 5700X3D<\/strong><span style=\"font-size: 16px;\">, d\u2019une\u00a0<\/span><strong style=\"font-size: 16px;\">carte m\u00e8re avec chipset Amd B550M-K<\/strong><span style=\"font-size: 16px;\">, de\u00a0<\/span><strong style=\"font-size: 16px;\">32<\/strong><strong style=\"font-size: 16px;\">GB de RAM DDR4<\/strong><span style=\"font-size: 16px;\">\u00a0et d\u2019une\u00a0<\/span><strong style=\"font-size: 16px;\">carte graphique\u00a0 NVIDIA GEFORCE MSI VENTUS XS RTX 4060 8Go\u00a0<\/strong><span style=\"font-size: 16px;\">. Il dispose \u00e9galement d\u2019un disque\u00a0<\/span><strong style=\"font-size: 16px;\">SSD de 1TB<\/strong><span style=\"font-size: 16px;\">\u00a0pour un syst\u00e8me ultra r\u00e9actif.<\/span><\/h2>\n<div class=\"woocommerce-product-details__short-description\">\n<ul>\n<li>Processeur\u00a0<a href=\"https:\/\/osaka.ma\/produit\/amd-ryzen-7-5700x3d-3-0-ghz-4-1-ghz-tray\/\"><strong>AMD\u00a0<em>Ryzen 7 5700X3D<\/em> (3.0 GHz \/ 5.1 GHz)<\/strong><\/a><\/li>\n<li>Carte m\u00e8re\u00a0<a href=\"https:\/\/osaka.ma\/produit\/asus-prime-b550m-k-argb\/\"><strong>ASUS PRIME B550M-K ARGB\u00a0<\/strong><\/a><\/li>\n<li>Ram\u00a0<a href=\"https:\/\/osaka.ma\/produit\/32gb-corsair-lpx-16x2-3200mhz\/\"><strong>32GB (16*2) CORSAIR DDR4 3200MHZ<\/strong><\/a><\/li>\n<li>Carte graphique\u00a0<strong>\u00a0<a href=\"https:\/\/osaka.ma\/produit\/msi-ventus-xs-rtx-4060-8gb\/\">MSI VENTUS XS RTX 4060 8GB<\/a><\/strong><\/li>\n<li>Bo\u00eetier <a href=\"https:\/\/osaka.ma\/produit\/aerocool-prime\/\"><strong>AEROCOOL\u00a0PRIME RGB<\/strong><\/a><\/li>\n<li>SSD\u00a0<a href=\"https:\/\/osaka.ma\/produit\/crucial-p3-plus-1tb-gen4\/\"><strong>1TB CRUCIAL P3 PLUS GEN4 5000MB\/S<\/strong><\/a><\/li>\n<li>Ventirad\u00a0<a href=\"https:\/\/osaka.ma\/produit\/aerocool-cylon-4f-2\/\"><strong>AEROCOOL CYLON 4F<\/strong><\/a><\/li>\n<li>Alimentation\u00a0<a href=\"https:\/\/osaka.ma\/produit\/msi-mag-a650bnl-80-bronze\/\"><strong>MSI MAG A650BNL 650W 80+ BRONZE\u00a0<\/strong><\/a><\/li>\n<li><strong>Win11 \/ Bien assembl\u00e9<\/strong><\/li>\n<\/ul>\n<div id=\"description\" class=\"description\">\n<div class=\"details-pdt-desc\">\n<h2 class=\"h2-master\">Arsenal Gamer pour Gaming Non-Stop !<\/h2>\n<section>Que vous soyez joueur d\u00e9butant ou aguerri, Le\u00a0<i><strong>Osaka Gen7<\/strong><\/i>\u00a0avec sa carte graphique NVIDIA GEFORCE ASUS DUAL RTX 4060<strong>\u00a08Go\u00a0<\/strong>et son\u00a0<strong>SSD de 1To\u00a0<\/strong>conviendra \u00e0 vos besoins et exigences pour ne faire aucun compromis sur la puissance et la r\u00e9activit\u00e9. Configuration \u00e9quilibr\u00e9e et abordable, elle vous permettra d\u2019aller \u00e0 l\u2019essentiel : JOUER et GAGNER. Faites confiance au PC\u00a0<i><strong>Osaka Gen7<\/strong><\/i>, The Best Seller.<\/section>\n<section>\n<div class=\"logo\"><img decoding=\"async\" src=\"https:\/\/media.ldlc.com\/v3\/marque\/bo\/00\/01\/69\/31\/V30001693127_2.gif\" alt=\"AMD\" \/><\/div>\n<div id=\"description\" class=\"description\">\n<div class=\"details-pdt-desc\">\n<h2 class=\"h2-master\">Le meilleur processeur pour le Jeu Vid\u00e9o, avec 100 Mo de cache !<\/h2>\n<section>Le\u00a0<strong>processeur gaming AMD Ryzen 7 5700X3D<\/strong>\u00a0int\u00e8gre la\u00a0<strong>technologie exclusive AMD 3D V-Cache<\/strong>\u00a0pour des performances exceptionnelles en Jeu. En multipliant par 3 la quantit\u00e9 de m\u00e9moire cache disponible, cette technologie permet au\u00a0<strong>processeur AMD Ryzen 7 5700X3D d&#8217;atteindre 100 Mo de cache L2 + L3<\/strong>. Cette capacit\u00e9 \u00e0 traiter un tr\u00e8s grand nombre d&#8217;instructions rend ce processeur AMD ultra-performant dans les jeux. Associ\u00e9 \u00e0 une carte graphique haut de gamme, le\u00a0<strong>Ryzen 7 5700X3D<\/strong>\u00a0est tout simplement ce qui se fait de mieux pour jouer sur PC.<\/section>\n<section>\n<div class=\"desc-image\"><img decoding=\"async\" src=\"https:\/\/media.ldlc.com\/bo\/images\/fiches\/processeur\/amd\/amd_ryzen_5000_002.jpg\" alt=\"\" \/><\/div>\n<div class=\"desc-text\">\n<h2>AMD 3D V-CACHE 100 MO<\/h2>\n<p><strong>100 Mo de cache pour les jeux<\/strong>, 100 Mo de cache pour traiter un plus grand nombre d&#8217;instructions. C&#8217;est ce que propose le\u00a0<strong>processeur AMD Ryzen 7 5700X3D<\/strong>, une premi\u00e8re pour un processeur pour PC de bureau grand public.\u00a0Lorsque vous b\u00e9n\u00e9ficiez de l&#8217;architecture de processeur la plus avanc\u00e9e pour les\u00a0gamers et les cr\u00e9ateurs de contenu, les possibilit\u00e9s sont infinies. Le\u00a0<strong>cache L2 + L3 de 100 Mo<\/strong>\u00a0permet\u00a0le traitement ultrarapide d&#8217;un grand nombre d&#8217;instructions et d&#8217;obtenir des performances encore plus spectaculaires dans les jeux.<\/p>\n<\/div>\n<\/section>\n<section>\n<div class=\"desc-text\">\n<h2>8\u00a0C\u0152URS NATIFS\u00a0ET 16\u00a0COEURS LOGIQUES<\/h2>\n<p>Le\u00a0<strong>processeur pour PC de bureau\u00a0AMD Ryzen 7 5700X3D\u00a0<\/strong>propose\u00a0<strong>8 coeurs natifs<\/strong>\u00a0et\u00a0<strong>16 coeurs logiques<\/strong>\u00a0pour un traitement multit\u00e2che agr\u00e9ablement fluide. Gr\u00e2ce \u00e0 sa\u00a0<strong>fr\u00e9quence native \u00e9lev\u00e9e<\/strong>\u00a0et \u00e0 son mode\u00a0<strong><em>Turbo Core<\/em><\/strong>\u00a0ajustant la puissance en fonction des besoins, le\u00a0<strong>CPU AMD Ryzen de nouvelle g\u00e9n\u00e9ration<\/strong>\u00a0d\u00e9livre des performances exceptionnelles dans tous les domaines : Jeux vid\u00e9o, multit\u00e2che intensif, \u00e9dition vid\u00e9o, mod\u00e9lisation 3D et bien plus encore.<\/p>\n<\/div>\n<div class=\"desc-image\"><img decoding=\"async\" src=\"https:\/\/media.ldlc.com\/bo\/images\/fiches\/processeur\/amd\/amd_ryzen_5000_001.jpg\" alt=\"\" \/><\/div>\n<div>\n<h2><img decoding=\"async\" src=\"https:\/\/media.ldlc.com\/v3\/marque\/bo\/00\/05\/99\/39\/V30005993997.gif\" alt=\"MSI\" \/><\/h2>\n<h2 class=\"h2-master\">NVIDIA DLSS 3 et ray tracing au coeur du jeu<\/h2>\n<section>Bas\u00e9e sur l\u2019architecture NVIDIA Ada Lovelace, la carte graphique\u00a0<strong>MSI GeForce RTX 4060 VENTUS Xs BLACK 8G OC\u00a0<\/strong>s\u2019appuie sur la technologie\u00a0<strong>DLSS 3\u00a0<\/strong>et le<strong>\u00a0ray tracing mat\u00e9riel<\/strong>\u00a0pour sublimer les jeux les plus r\u00e9cents et vous permettre de vivre une exp\u00e9rience vid\u00e9oludique immersive et r\u00e9aliste. Au-del\u00e0 du jeu, les cartes graphiques NVIDIA GeForce RTX 4060 offrent de hautes performances pour cr\u00e9er et streamer.<\/section>\n<section>\n<div class=\"desc-image\"><img decoding=\"async\" src=\"https:\/\/media.ldlc.com\/bo\/images\/fiches\/Carte_graphique\/MSI\/msi_rtx_ventus_2x_black_001.jpg\" alt=\"\" \/><\/div>\n<div class=\"desc-text\">\n<h2>MSI GEFORCE RTX 4060 VENTUS Xs BLACK 8G OC<\/h2>\n<ul>\n<li>Syst\u00e8me de refroidissement Dual Fan<\/li>\n<li>Ventilateurs TORX FAN 4.0<\/li>\n<li>Backplate renrforc\u00e9e<\/li>\n<li>Technologie Zero Frozr : arr\u00eat des ventilateurs lorsque le syst\u00e8me est peu sollicit\u00e9<\/li>\n<li>Logiciels MSI Center et Afterburner<\/li>\n<\/ul>\n<div class=\"logo\"><img decoding=\"async\" src=\"https:\/\/media.ldlc.com\/v3\/marque\/bo\/00\/05\/95\/32\/V30005953241.jpg\" alt=\"Crucial\" \/><\/div>\n<div id=\"description\" class=\"description\">\n<div class=\"details-pdt-desc\">\n<h2 class=\"h2-master\">Crucial P3 Plus : G\u00e9rez les charges de travail les plus lourdes<\/h2>\n<section>Le<strong>\u00a0SSD NVMe Crucial P3 Plus<\/strong>\u00a04 offre des performances sup\u00e9rieures avec des vitesses de lecture\/d\u2019\u00e9criture s\u00e9quentielle pouvant atteindre 5\u00a0000 Mo\/s \/ 4200\u00a0Mo\/s (<em>en fonction des mod\u00e8les<\/em>) gr\u00e2ce \u00e0 son intefrace PCI-Express 4.0. Acc\u00e9l\u00e9ration d\u2019\u00e9criture dynamique et protection thermique adaptative pour assurer la protection de vos donn\u00e9es tout en am\u00e9liorant la fiabilit\u00e9 du syst\u00e8me\u2026 le P3 Plus est la solution de stockage NVMe pour les professionnels, les cr\u00e9ateurs, les gamers et tous les autres utilisateurs en qu\u00eate de performances \u00e9lev\u00e9es.<\/section>\n<section>\n<div class=\"desc-image\"><img decoding=\"async\" src=\"https:\/\/media.ldlc.com\/bo\/images\/fiches\/Disque_dur_SSD\/crucial\/crucial_p3_plus.jpg\" alt=\"\" \/><\/div>\n<div class=\"desc-text\">\n<h2>POINTS FORTS<\/h2>\n<ul>\n<li>Le SSD NVMe Crucial P3 Plus offre des temps de chargement et des transferts de donn\u00e9es 8,9\u00a0fois plus rapides que ceux des disques SATA6 et 43\u00a0% plus rapides que ceux des SSD PCIe 3.0 les plus performants.<\/li>\n<li>Avec un espace g\u00e9n\u00e9reux, le Crucial P3 Plus peut facilement stocker tous les programmes, applications, fichiers, documents, photos et vid\u00e9os dont ont besoin vos \u00e9quipes.<\/li>\n<li>Avec son logiciel de gestion SSD pour l\u2019optimisation des performances et les mises \u00e0 jour du firmware, le SSD Crucial P3 Plus offre \u00e0 votre entreprise s\u00e9curit\u00e9 et tranquillit\u00e9 d\u2019esprit.<\/li>\n<\/ul>\n<div class=\"electro-description clearfix\">\n<div class=\"sbloc details-pdt\">\n<div class=\"detail tabs-component-collapse fix\">\n<div class=\"tab-content tab-collapse\">\n<div id=\"descriptif\" class=\"tab-pane active\" role=\"tabpanel\">\n<div class=\"tab-pane-content\">\n<div class=\"logo\"><img decoding=\"async\" src=\"https:\/\/media.ldlc.com\/v3\/marque\/190\/C000017217.gif\" alt=\"Aerocool\" \/><\/div>\n<div id=\"description\" class=\"description\">\n<div class=\"details-pdt-desc\">\n<h2 class=\"h2-master\">Le bo\u00eetier\u00a0remarquable\u00a0de votre nouveau PC gaming<\/h2>\n<section>Dans la droite lign\u00e9e des\u00a0bo\u00eetiers\u00a0<strong>Aerocool<\/strong>,\u00a0<strong>Prime<\/strong>\u00a0est un bo\u00eetier d\u00e9di\u00e9 aux gamers. Con\u00e7u pour \u00eatre remarqu\u00e9, il\u00a0vous\u00a0permettra\u00a0d\u2019obtenir\u00a0de bonnes performances avec une\u00a0configuration gaming d\u2019entr\u00e9e de gamme bas\u00e9e sur une carte m\u00e8re de type\u00a0ATX, Micro-ATX ou Mini-ITX. Il peut recevoir une carte graphique haut de gamme d\u2019une longueur maximale de 302 mm (sans ventilateur ou radiateur avant) et un processeur avec ventirad de 159 mm de haut afin de concevoir une machine efficace. Gr\u00e2ce \u00e0 son audacieuse\u00a0fa\u00e7ade bard\u00e9e de LEDs RGB et couverte de nombreuses ouvertures d\u2019a\u00e9ration, ce bo\u00eetier ne connait pas les \u00e9ventuels probl\u00e8mes de\u00a0surchauffe. Il est aussi \u00e9quip\u00e9\u00a0de 4 emplacements pour ventilateurs de 120 ou 140\u00a0mm (2 \u00e0 l\u2019avant, 1 sur le dessus et 1 \u00e0 l\u2019arri\u00e8re), pour que son potentiel de refroidissement soit des plus efficace. Il saura donc \u00e9vacuer\u00a0efficacement la chaleur \u00e0 l\u2019ext\u00e9rieur. Vous aurez \u00e9galement de quoi stocker toutes vos donn\u00e9es avec 2 baies 2.5\u2033 , sa baie de 3.5\u2033 et sa\u00a0baie\u00a02.5\/3.5\u2033.\u00a0<\/section>\n<section>\n<div class=\"desc-image\"><img decoding=\"async\" src=\"https:\/\/media.ldlc.com\/bo\/images\/fiches\/bo%C3%AEtier_pc\/aerocool\/prime%20argb\/primeargb_800_1.jpg\" alt=\"\" \/><\/div>\n<div class=\"desc-text\">\n<h2>UN BO\u00ceTIER QUI ASSURE !<\/h2>\n<p>Prendre part \u00e0 de nombreuses aventures vid\u00e9oludiques n\u2019est pas un soucis avec ce bo\u00eetier con\u00e7u pour accueillir votre nouvelle configuration gaming. Avec\u00a0<strong>4 emplacements pour ventilateurs de 120 ou 140 mm<\/strong>\u00a0(2 x en fa\u00e7ade, 1 sur le dessus et 1 \u00e0 l\u2019arri\u00e8re), vous profiterez d\u2019une excellente \u00e9vacuation de la chaleur, optimis\u00e9e gr\u00e2ce \u00e0 la fa\u00e7ade pr\u00e9sentant de nombreuses ouvertures d\u2019a\u00e9ration. L\u2019espace int\u00e9rieur est suffisamment vaste pour recevoir\u00a0<strong>une carte graphique de 302 mm<\/strong>\u00a0et\u00a0<strong>un ventirad pour processeur jusqu\u2019\u00e0 159 mm de hauteur<\/strong>. Le panneau lat\u00e9ral en verre tremp\u00e9 favorise la contemplation de vos composants.<\/p>\n<p>Le Prime vous permet d\u2019avoir le contr\u00f4le de vos ventilateurs RGB directement gr\u00e2ce \u00e0 son bouton de commande LED RGB int\u00e9gr\u00e9. Le Prime est \u00e9galement parfaitement compatible avec\u00a0les cartes m\u00e8res RGB adressables (Asus Aura Sync, MSI Mystic Light Sync et Gigabyte RGB Fusion).<\/p>\n<\/div>\n<\/section>\n<section class=\"list\">\n<h2>CARACT\u00c9RISTIQUES PRINCIPALES :<\/h2>\n<ul>\n<li>Bo\u00eetier moyen tour avec<strong>\u00a0fen\u00eatre\u00a0en verre tremp\u00e9<\/strong><\/li>\n<li>Fa\u00e7ade avec LEDs RGB et ouvertures d\u2019a\u00e9ration pour un flux d\u2019air optimis\u00e9<\/li>\n<li>1 ventilateur\u00a0de 120 mm<\/li>\n<li>Cartes m\u00e8res : format<strong>\u00a0ATX, micro-ATX &amp; mini-ITX<\/strong><\/li>\n<li>Prend en charge jusqu\u2019\u00e0 4 disques\u00a0(1 x 3,5\u2033 + 2 x 2.5\u2033 + 1 x 3,5 \u201c\/ 2,5\u201d)<\/li>\n<li>Longueur maximum de la carte graphique : 302\u00a0mm maximum<\/li>\n<li>Hauteur maximum du ventirad : 159 mm<\/li>\n<\/ul>\n<div class=\"logo\"><img decoding=\"async\" src=\"https:\/\/media.ldlc.com\/v3\/marque\/190\/C000017217.gif\" alt=\"Aerocool\" \/><\/div>\n<div><img fetchpriority=\"high\" decoding=\"async\" class=\"\" src=\"https:\/\/osaka.ma\/wp-content\/uploads\/2024\/03\/Aerocool-Cylon-4F.jpg\" width=\"433\" height=\"433\" \/><\/div>\n<div id=\"description\" class=\"description\">\n<h2>PERFORMANCES DE REFROIDISSEMENT ET \u00c9CLAIRAGE ARGB<\/h2>\n<p>Optimisez le refroidissement de votre processeur avec le ventilateur\u00a0<strong>Aerocool Cylon 4<\/strong>. Ce mod\u00e8le tour vous assure une meilleure efficacit\u00e9 bien aid\u00e9e par les quatre caloducs en Direct Touch. Profitez d\u2019un TDP maximal de 145 Watts et d\u2019un ventilateur PWM pour une dissipation efficace. De plus, il dispose d\u2019un \u00e9clairage RGB adressable compatible avec votre carte-m\u00e8re pour un rendu esth\u00e9tique du plus bel effet !<\/p>\n<p><strong>Caract\u00e9ristiques principales :<\/strong><\/p>\n<ul>\n<li><strong>Ventilateur ARGB pour processeur<\/strong><\/li>\n<li><strong>Compatibilit\u00e9<\/strong>\u00a0:\u00a0Socket Intel 1700\/1200\/115x et AMD AM2 \/ AM2+ \/ AM3 \/ AM3+ \/ AM4 \/ FM1 \/ FM2 \/ FM2+<\/li>\n<li><strong>TDP : 145W max<\/strong><\/li>\n<li>4 caloducs en Direct Touch<\/li>\n<li><strong>Eclairage RGB adressable\u00a0<\/strong>compatible ASUS Aura Sync, MSI Mystic Light Sync, Gigabyte RGB Fusion<\/li>\n<li>Hauteur totale : 160 mm<\/li>\n<\/ul>\n<\/div>\n<\/section>\n<\/div>\n<\/div>\n<\/div>\n<\/div>\n<\/div>\n<\/div>\n<\/div>\n<\/div>\n<\/div>\n<\/section>\n<\/div>\n<\/div>\n<\/div>\n<\/section>\n<\/div>\n<\/section>\n<section>\n<div class=\"desc-image\"><\/div>\n<\/section>\n<\/div>\n<\/div>\n<\/section>\n<\/div>\n<\/div>\n<section><\/section>\n<section><\/section>\n<section>\n<div class=\"desc-image\"><\/div>\n<\/section>\n<\/div>\n","protected":false},"excerpt":{"rendered":"<p>PC Gaming abordable, le PC de bureau Osaka Gen7\u00a0\u00a0sera un alli\u00e9 de choix pour jouer aux jeux les plus r\u00e9cents sans pour autant vider votre compte en banque. Particuli\u00e8rement efficace, cet ordinateur d\u00e9di\u00e9 aux jeux vid\u00e9o vous permettra d\u2019aller \u00e0 l\u2019essentiel. Il est \u00e9quip\u00e9 d\u2019un processeur Ryzen 7 5700X3D, d\u2019une carte m\u00e8re avec chipset Amd B550M-K, de 32GB de RAM DDR4 et d\u2019une carte graphique\u00a0 NVIDIA GEFORCE MSI VENTUS XS RTX 4060 8Go . Il dispose \u00e9galement d\u2019un disque SSD de 1To pour un syst\u00e8me ultra r\u00e9actif.<\/p>\n<div class=\"woocommerce-product-details__short-description\">\n<ul>\n<li>Processeur <strong><strong>AMD\u00a0<em>Ryzen 7 5700X3D <\/em>Processeur 8-Core 16-Threads socket AM4 AMD 3D V-Cache 100 Mo <\/strong><\/strong><\/li>\n<li>Carte m\u00e8re\u00a0<strong>ASUS PRIME B550M-K ARGB<\/strong><\/li>\n<li>Ram\u00a0<strong>32GB (16*2) CORSAIR DDR4 3200MHZ<\/strong><\/li>\n<li>Carte graphique\u00a0<strong>\u00a0MSI VENTUS XS RTX 4060 8GB<\/strong><\/li>\n<li>Bo\u00eetier <strong>AEROCOOL\u00a0PRIME RGB<\/strong><\/li>\n<li>SSD\u00a0<strong>1TB CRUCIAL P3 PLUS GEN4 5000MB\/S<\/strong><\/li>\n<li>Ventirad\u00a0<strong>AEROCOOL CYLON 4F<\/strong><\/li>\n<li>Alimentation\u00a0<strong>MSI MAG A650BNL 650W 80+ BRONZE\u00a0<\/strong><\/li>\n<li><strong>Win11 \/ Bien assembl\u00e9<\/strong><\/li>\n<\/ul>\n<\/div>\n","protected":false},"featured_media":1008420,"template":"","meta":{"_acf_changed":false},"pwb-brand":[],"product_brand":[],"product_cat":[54,53],"product_tag":[],"pcb_component_type":[],"class_list":{"0":"post-9214","1":"product","2":"type-product","3":"status-publish","4":"has-post-thumbnail","6":"product_cat-amd-ryzen","7":"product_cat-pc-gamer","9":"first","10":"outofstock","11":"shipping-taxable","12":"product-type-simple"},"translation":{"provider":"WPGlobus","version":"3.0.2","language":"fr","enabled_languages":["en","es","de","fr","ru"],"languages":{"en":{"title":true,"content":true,"excerpt":true},"es":{"title":false,"content":false,"excerpt":false},"de":{"title":false,"content":false,"excerpt":false},"fr":{"title":false,"content":false,"excerpt":false},"ru":{"title":false,"content":false,"excerpt":false}}},"acf":[],"yoast_head":"<!-- This site is optimized with the Yoast SEO plugin v27.2 - https:\/\/yoast.com\/product\/yoast-seo-wordpress\/ -->\n<title>PC Gamer RYZEN\u21227 5700X3D\/32GB\/1TB\/RTX 4060 8GB - Osaka<\/title>\n<meta name=\"robots\" content=\"index, follow, max-snippet:-1, max-image-preview:large, max-video-preview:-1\" \/>\n<link rel=\"canonical\" href=\"https:\/\/osaka.ma\/product\/pc-gamer-ryzen7-5700x3d-32gb-1tb-rtx-4060-8gb\/\" \/>\n<meta property=\"og:locale\" content=\"fr_FR\" \/>\n<meta property=\"og:type\" content=\"article\" \/>\n<meta property=\"og:title\" content=\"PC Gamer RYZEN\u21227 5700X3D\/32GB\/1TB\/RTX 4060 8GB - Osaka\" \/>\n<meta property=\"og:url\" content=\"https:\/\/osaka.ma\/product\/pc-gamer-ryzen7-5700x3d-32gb-1tb-rtx-4060-8gb\/\" \/>\n<meta property=\"og:site_name\" content=\"Osaka\" \/>\n<meta property=\"article:modified_time\" content=\"2025-03-07T09:24:27+00:00\" \/>\n<meta property=\"og:image\" content=\"https:\/\/osaka.ma\/wp-content\/uploads\/2024\/04\/AEROCOOLPRIME-1.png\" \/>\n\t<meta property=\"og:image:width\" content=\"700\" \/>\n\t<meta property=\"og:image:height\" content=\"700\" \/>\n\t<meta property=\"og:image:type\" content=\"image\/png\" \/>\n<meta name=\"twitter:card\" content=\"summary_large_image\" \/>\n<meta name=\"twitter:label1\" content=\"Dur\u00e9e de lecture estim\u00e9e\" \/>\n\t<meta name=\"twitter:data1\" content=\"9 minutes\" \/>\n<script type=\"application\/ld+json\" class=\"yoast-schema-graph\">{\"@context\":\"https:\/\/schema.org\",\"@graph\":[{\"@type\":\"WebPage\",\"@id\":\"https:\/\/osaka.ma\/product\/pc-gamer-ryzen7-5700x3d-32gb-1tb-rtx-4060-8gb\/\",\"url\":\"https:\/\/osaka.ma\/product\/pc-gamer-ryzen7-5700x3d-32gb-1tb-rtx-4060-8gb\/\",\"name\":\"PC Gamer RYZEN\u21227 5700X3D\/32GB\/1TB\/RTX 4060 8GB - Osaka\",\"isPartOf\":{\"@id\":\"https:\/\/osaka.ma\/#website\"},\"primaryImageOfPage\":{\"@id\":\"https:\/\/osaka.ma\/product\/pc-gamer-ryzen7-5700x3d-32gb-1tb-rtx-4060-8gb\/#primaryimage\"},\"image\":{\"@id\":\"https:\/\/osaka.ma\/product\/pc-gamer-ryzen7-5700x3d-32gb-1tb-rtx-4060-8gb\/#primaryimage\"},\"thumbnailUrl\":\"https:\/\/osaka.ma\/wp-content\/uploads\/2024\/04\/AEROCOOLPRIME-1.png\",\"datePublished\":\"2024-06-06T12:34:44+00:00\",\"dateModified\":\"2025-03-07T09:24:27+00:00\",\"breadcrumb\":{\"@id\":\"https:\/\/osaka.ma\/product\/pc-gamer-ryzen7-5700x3d-32gb-1tb-rtx-4060-8gb\/#breadcrumb\"},\"inLanguage\":\"fr-FR\",\"potentialAction\":[{\"@type\":\"ReadAction\",\"target\":[\"https:\/\/osaka.ma\/product\/pc-gamer-ryzen7-5700x3d-32gb-1tb-rtx-4060-8gb\/\"]}]},{\"@type\":\"ImageObject\",\"inLanguage\":\"fr-FR\",\"@id\":\"https:\/\/osaka.ma\/product\/pc-gamer-ryzen7-5700x3d-32gb-1tb-rtx-4060-8gb\/#primaryimage\",\"url\":\"https:\/\/osaka.ma\/wp-content\/uploads\/2024\/04\/AEROCOOLPRIME-1.png\",\"contentUrl\":\"https:\/\/osaka.ma\/wp-content\/uploads\/2024\/04\/AEROCOOLPRIME-1.png\",\"width\":700,\"height\":700},{\"@type\":\"BreadcrumbList\",\"@id\":\"https:\/\/osaka.ma\/product\/pc-gamer-ryzen7-5700x3d-32gb-1tb-rtx-4060-8gb\/#breadcrumb\",\"itemListElement\":[{\"@type\":\"ListItem\",\"position\":1,\"name\":\"Home\",\"item\":\"https:\/\/osaka.ma\/\"},{\"@type\":\"ListItem\",\"position\":2,\"name\":\"Shop\",\"item\":\"https:\/\/osaka.ma\/shop-2\/\"},{\"@type\":\"ListItem\",\"position\":3,\"name\":\"PC Gamer RYZEN\u21227 5700X3D\/32GB\/1TB\/RTX 4060 8GB\"}]},{\"@type\":\"WebSite\",\"@id\":\"https:\/\/osaka.ma\/#website\",\"url\":\"https:\/\/osaka.ma\/\",\"name\":\"Osaka\",\"description\":\"\",\"publisher\":{\"@id\":\"https:\/\/osaka.ma\/#organization\"},\"potentialAction\":[{\"@type\":\"SearchAction\",\"target\":{\"@type\":\"EntryPoint\",\"urlTemplate\":\"https:\/\/osaka.ma\/?s={search_term_string}\"},\"query-input\":{\"@type\":\"PropertyValueSpecification\",\"valueRequired\":true,\"valueName\":\"search_term_string\"}}],\"inLanguage\":\"fr-FR\"},{\"@type\":\"Organization\",\"@id\":\"https:\/\/osaka.ma\/#organization\",\"name\":\"Osaka\",\"url\":\"https:\/\/osaka.ma\/\",\"logo\":{\"@type\":\"ImageObject\",\"inLanguage\":\"fr-FR\",\"@id\":\"https:\/\/osaka.ma\/#\/schema\/logo\/image\/\",\"url\":\"https:\/\/osaka.ma\/wp-content\/uploads\/2026\/01\/model-slogan-logo-2Plan-de-travail-1dksl-plus-finnn.png\",\"contentUrl\":\"https:\/\/osaka.ma\/wp-content\/uploads\/2026\/01\/model-slogan-logo-2Plan-de-travail-1dksl-plus-finnn.png\",\"width\":842,\"height\":226,\"caption\":\"Osaka\"},\"image\":{\"@id\":\"https:\/\/osaka.ma\/#\/schema\/logo\/image\/\"}}]}<\/script>\n<!-- \/ Yoast SEO plugin. -->","yoast_head_json":{"title":"PC Gamer RYZEN\u21227 5700X3D\/32GB\/1TB\/RTX 4060 8GB - Osaka","robots":{"index":"index","follow":"follow","max-snippet":"max-snippet:-1","max-image-preview":"max-image-preview:large","max-video-preview":"max-video-preview:-1"},"canonical":"https:\/\/osaka.ma\/product\/pc-gamer-ryzen7-5700x3d-32gb-1tb-rtx-4060-8gb\/","og_locale":"fr_FR","og_type":"article","og_title":"PC Gamer RYZEN\u21227 5700X3D\/32GB\/1TB\/RTX 4060 8GB - Osaka","og_url":"https:\/\/osaka.ma\/product\/pc-gamer-ryzen7-5700x3d-32gb-1tb-rtx-4060-8gb\/","og_site_name":"Osaka","article_modified_time":"2025-03-07T09:24:27+00:00","og_image":[{"width":700,"height":700,"url":"https:\/\/osaka.ma\/wp-content\/uploads\/2024\/04\/AEROCOOLPRIME-1.png","type":"image\/png"}],"twitter_card":"summary_large_image","twitter_misc":{"Dur\u00e9e de lecture estim\u00e9e":"9 minutes"},"schema":{"@context":"https:\/\/schema.org","@graph":[{"@type":"WebPage","@id":"https:\/\/osaka.ma\/product\/pc-gamer-ryzen7-5700x3d-32gb-1tb-rtx-4060-8gb\/","url":"https:\/\/osaka.ma\/product\/pc-gamer-ryzen7-5700x3d-32gb-1tb-rtx-4060-8gb\/","name":"PC Gamer RYZEN\u21227 5700X3D\/32GB\/1TB\/RTX 4060 8GB - Osaka","isPartOf":{"@id":"https:\/\/osaka.ma\/#website"},"primaryImageOfPage":{"@id":"https:\/\/osaka.ma\/product\/pc-gamer-ryzen7-5700x3d-32gb-1tb-rtx-4060-8gb\/#primaryimage"},"image":{"@id":"https:\/\/osaka.ma\/product\/pc-gamer-ryzen7-5700x3d-32gb-1tb-rtx-4060-8gb\/#primaryimage"},"thumbnailUrl":"https:\/\/osaka.ma\/wp-content\/uploads\/2024\/04\/AEROCOOLPRIME-1.png","datePublished":"2024-06-06T12:34:44+00:00","dateModified":"2025-03-07T09:24:27+00:00","breadcrumb":{"@id":"https:\/\/osaka.ma\/product\/pc-gamer-ryzen7-5700x3d-32gb-1tb-rtx-4060-8gb\/#breadcrumb"},"inLanguage":"fr-FR","potentialAction":[{"@type":"ReadAction","target":["https:\/\/osaka.ma\/product\/pc-gamer-ryzen7-5700x3d-32gb-1tb-rtx-4060-8gb\/"]}]},{"@type":"ImageObject","inLanguage":"fr-FR","@id":"https:\/\/osaka.ma\/product\/pc-gamer-ryzen7-5700x3d-32gb-1tb-rtx-4060-8gb\/#primaryimage","url":"https:\/\/osaka.ma\/wp-content\/uploads\/2024\/04\/AEROCOOLPRIME-1.png","contentUrl":"https:\/\/osaka.ma\/wp-content\/uploads\/2024\/04\/AEROCOOLPRIME-1.png","width":700,"height":700},{"@type":"BreadcrumbList","@id":"https:\/\/osaka.ma\/product\/pc-gamer-ryzen7-5700x3d-32gb-1tb-rtx-4060-8gb\/#breadcrumb","itemListElement":[{"@type":"ListItem","position":1,"name":"Home","item":"https:\/\/osaka.ma\/"},{"@type":"ListItem","position":2,"name":"Shop","item":"https:\/\/osaka.ma\/shop-2\/"},{"@type":"ListItem","position":3,"name":"PC Gamer RYZEN\u21227 5700X3D\/32GB\/1TB\/RTX 4060 8GB"}]},{"@type":"WebSite","@id":"https:\/\/osaka.ma\/#website","url":"https:\/\/osaka.ma\/","name":"Osaka","description":"","publisher":{"@id":"https:\/\/osaka.ma\/#organization"},"potentialAction":[{"@type":"SearchAction","target":{"@type":"EntryPoint","urlTemplate":"https:\/\/osaka.ma\/?s={search_term_string}"},"query-input":{"@type":"PropertyValueSpecification","valueRequired":true,"valueName":"search_term_string"}}],"inLanguage":"fr-FR"},{"@type":"Organization","@id":"https:\/\/osaka.ma\/#organization","name":"Osaka","url":"https:\/\/osaka.ma\/","logo":{"@type":"ImageObject","inLanguage":"fr-FR","@id":"https:\/\/osaka.ma\/#\/schema\/logo\/image\/","url":"https:\/\/osaka.ma\/wp-content\/uploads\/2026\/01\/model-slogan-logo-2Plan-de-travail-1dksl-plus-finnn.png","contentUrl":"https:\/\/osaka.ma\/wp-content\/uploads\/2026\/01\/model-slogan-logo-2Plan-de-travail-1dksl-plus-finnn.png","width":842,"height":226,"caption":"Osaka"},"image":{"@id":"https:\/\/osaka.ma\/#\/schema\/logo\/image\/"}}]}},"jetpack_sharing_enabled":true,"brands":[],"_links":{"self":[{"href":"https:\/\/osaka.ma\/fr\/wp-json\/wp\/v2\/product\/9214","targetHints":{"allow":["GET"]}}],"collection":[{"href":"https:\/\/osaka.ma\/fr\/wp-json\/wp\/v2\/product"}],"about":[{"href":"https:\/\/osaka.ma\/fr\/wp-json\/wp\/v2\/types\/product"}],"version-history":[{"count":0,"href":"https:\/\/osaka.ma\/fr\/wp-json\/wp\/v2\/product\/9214\/revisions"}],"wp:featuredmedia":[{"embeddable":true,"href":"https:\/\/osaka.ma\/fr\/wp-json\/wp\/v2\/media\/1008420"}],"wp:attachment":[{"href":"https:\/\/osaka.ma\/fr\/wp-json\/wp\/v2\/media?parent=9214"}],"wp:term":[{"taxonomy":"pwb-brand","embeddable":true,"href":"https:\/\/osaka.ma\/fr\/wp-json\/wp\/v2\/pwb-brand?post=9214"},{"taxonomy":"product_brand","embeddable":true,"href":"https:\/\/osaka.ma\/fr\/wp-json\/wp\/v2\/product_brand?post=9214"},{"taxonomy":"product_cat","embeddable":true,"href":"https:\/\/osaka.ma\/fr\/wp-json\/wp\/v2\/product_cat?post=9214"},{"taxonomy":"product_tag","embeddable":true,"href":"https:\/\/osaka.ma\/fr\/wp-json\/wp\/v2\/product_tag?post=9214"},{"taxonomy":"pcb_component_type","embeddable":true,"href":"https:\/\/osaka.ma\/fr\/wp-json\/wp\/v2\/pcb_component_type?post=9214"}],"curies":[{"name":"wp","href":"https:\/\/api.w.org\/{rel}","templated":true}]}}