{"id":9300,"date":"2024-06-13T17:40:15","date_gmt":"2024-06-13T17:40:15","guid":{"rendered":"https:\/\/osaka.ma\/?post_type=product&#038;p=9300"},"modified":"2025-04-12T12:09:07","modified_gmt":"2025-04-12T12:09:07","slug":"asus-phoenix-gtx-1660-super-oc","status":"publish","type":"product","link":"https:\/\/osaka.ma\/fr\/product\/asus-phoenix-gtx-1660-super-oc\/","title":{"rendered":"ASUS PHOENIX GTX 1660 SUPER OC"},"content":{"rendered":"<div class=\"logo\"><img decoding=\"async\" src=\"https:\/\/media.ldlc.com\/v3\/marque\/bo\/00\/05\/62\/42\/V30005624251_2.jpg\" alt=\"ASUS\" \/><\/div>\n<div id=\"description\" class=\"description\">\n<h2>NVIDIA GEFORCE GTX 1660 OU LE GAMING ACCESSIBLE \u00c0 TOUS<\/h2>\n<div>Compromis id\u00e9al entre GTX s\u00e9rie 10 et RTX s\u00e9rie 20, la carte graphique NVIDIA GeForce GTX 1660 met LA Performance Gaming \u00e0 la port\u00e9e de tous. Bas\u00e9e sur l&#8217;architecture\u00a0<em><strong>NVIDIA Turing<\/strong><\/em>, la\u00a0<strong>carte graphique ASUS GeForce GTX 1660 PH-GTX1660-O6G\u00a0<\/strong>offre un rapport performances\/prix quasi-imbattable. Cette\u00a0<strong>carte graphique gaming\u00a0<\/strong>embarque le processeur graphique\u00a0<strong>NVIDIA TU116\u00a0accompagn\u00e9 de\u00a0<\/strong><strong>6 Go de VRAM GDDR5<\/strong>, une interface m\u00e9moire\u00a0<strong>192 bits<\/strong>\u00a0et\u00a0<strong>1408 processeurs de flux<\/strong>\u00a0(Cores CUDA).<\/div>\n<div><\/div>\n<table border=\"0\" width=\"100%\" cellspacing=\"1\" cellpadding=\"1\">\n<tbody>\n<tr>\n<td>\n<h2>UN CONCENTR\u00c9 DE PERFORMANCES<\/h2>\n<p>Cette carte graphique aux performances spectaculaires repose sur un syst\u00e8me de refroidissement ing\u00e9nieux \u00e0 un seul ventilateur avec un double roulement \u00e0 bille. Ce design permet de r\u00e9duire les frictions et de proposer une ventilation efficace. La\u00a0PH-GTX1660-O6G\u00a0d&#8217;ASUS se caract\u00e9rise aussi par sa longueur r\u00e9duite de seulement 174 mm sans sacrifier les performances que les joueurs attendent d&#8217;une GTX 1660.<\/td>\n<td width=\"450\"><\/td>\n<\/tr>\n<\/tbody>\n<\/table>\n<div><\/div>\n<table border=\"0\" width=\"100%\" cellspacing=\"1\" cellpadding=\"1\">\n<tbody>\n<tr>\n<td width=\"450\"><\/td>\n<td>\n<h2>GTX S\u00c9RIE 16 : DES GRAPHISMES SURVITAMIN\u00c9S<\/h2>\n<div>Les cartes graphiques de la s\u00e9rie GTX 16 b\u00e9n\u00e9ficie l&#8217;architecture Turing\u00a0via le GPU TU116\u00a0grav\u00e9 en 12 nm. Con\u00e7ues pour les joueurs \u00e0 la recherche de performances graphiques de premier plan, sans se ruiner pour autant, les Geforce GTX connues et reconnues mondialement sont de retour ! Cette nouvelle it\u00e9ration sobrement baptis\u00e9e &#8220;s\u00e9rie 16&#8221; d\u00e9barque pour le plus grand bonheur des gamers.<\/div>\n<\/td>\n<\/tr>\n<\/tbody>\n<\/table>\n<div><\/div>\n<table border=\"0\" width=\"100%\" cellspacing=\"1\" cellpadding=\"1\">\n<tbody>\n<tr>\n<td>\n<h2>GDDR5 &#8211; DIRECTX 12 &#8211; NVIDIA ANSEL<\/h2>\n<p>Les<strong>\u00a0GeForce GTX 1660<\/strong>\u00a0de\u00a0<strong>NVIDIA<\/strong>\u00a0s&#8217;appuient sur de la\u00a0<strong>VRAM GDDR5<\/strong>\u00a0ultra-rapide.\u00a0<strong>DirectX 12<\/strong>\u00a0pousse plus avant le r\u00e9alisme dans les jeux gr\u00e2ce \u00e0 des effets innovants.\u00a0<strong>NVIDIA ANSEL<\/strong>\u00a0est une m\u00e9thode r\u00e9volutionnaire qui permet d&#8217;enregistrer et de visualiser des captures d&#8217;\u00e9cran \u00e0 360\u00b0 en y ajoutant effets et post-traitement.<\/td>\n<td width=\"450\">\u00a0<img decoding=\"async\" src=\"https:\/\/media.ldlc.com\/bo\/images\/fiches\/carte_graphique\/nvidia_geforce_rtx\/nvidia-geforce-rtx_003.jpg\" alt=\"\" \/><\/td>\n<\/tr>\n<\/tbody>\n<\/table>\n<div><\/div>\n<table border=\"0\" width=\"100%\" cellspacing=\"1\" cellpadding=\"1\">\n<tbody>\n<tr>\n<td width=\"450\">\u00a0<img decoding=\"async\" src=\"https:\/\/media.ldlc.com\/bo\/images\/fiches\/carte_graphique\/nvidia_geforce_rtx\/nvidia-geforce-rtx_002.jpg\" alt=\"\" \/><\/td>\n<td>\n<h2>VR READY ET\u00a0HDR<\/h2>\n<p>Gr\u00e2ce \u00e0 la\u00a0<strong>R\u00e9alit\u00e9 Virtuelle\u00a0<\/strong>vous prenez part \u00e0 l&#8217;action, vous participez litt\u00e9ralement \u00e0 jeux favoris et vous b\u00e9n\u00e9ficiez d&#8217;une qualit\u00e9 d&#8217;immersion in\u00e9gal\u00e9e. Vous pouvez aussi jouer avec un\u00a0<strong>rendu HDR<\/strong>\u00a0(plus grande plage dynamique au niveau du contraste et de la luminosit\u00e9) pour b\u00e9n\u00e9ficier d&#8217;images sublimes et r\u00e9alistes.<\/td>\n<\/tr>\n<\/tbody>\n<\/table>\n<div><\/div>\n<table border=\"0\" width=\"100%\" cellspacing=\"1\" cellpadding=\"1\">\n<tbody>\n<tr>\n<td>\n<h2>GEFORCE EXPERIENCE, GAME READY &amp; SHADOWPLAY<\/h2>\n<p>Gr\u00e2ce \u00e0 GeForce Experience, Game Ready et Shadowplay, vous pourvez mettre \u00e0 jour automatiquement les pilotes de votre mat\u00e9riel et optimiser vos param\u00e8tres de jeu. Vous pouvez aussi enregistrer et partager des vid\u00e9os, des captures d&#8217;\u00e9cran et faire du livestream de vos sessions de jeu. Sans oublier le gain de badges et r\u00e9compenses !<\/td>\n<td width=\"450\">\u00a0<img decoding=\"async\" src=\"https:\/\/media.ldlc.com\/bo\/images\/fiches\/carte_graphique\/nvidia_geforce_rtx\/nvidia-geforce-rtx_004.jpg\" alt=\"\" \/><\/td>\n<\/tr>\n<\/tbody>\n<\/table>\n<\/div>\n","protected":false},"excerpt":{"rendered":"<p>Compromis id\u00e9al entre GTX s\u00e9rie 10 et RTX s\u00e9rie 20, la carte graphique NVIDIA GeForce GTX 1660 met LA Performance Gaming \u00e0 la port\u00e9e de tous. Bas\u00e9e sur l&#8217;architecture\u00a0<em><strong>NVIDIA Turing<\/strong><\/em>, la\u00a0<strong>carte graphique ASUS GeForce GTX 1660 PH-GTX1660-O6G\u00a0<\/strong>offre un rapport performances\/prix quasi-imbattable. Cette\u00a0<strong>carte graphique gaming\u00a0<\/strong>embarque le processeur graphique\u00a0<strong>NVIDIA TU116\u00a0accompagn\u00e9 de\u00a0<\/strong><strong>6 Go de VRAM GDDR5<\/strong>, une interface m\u00e9moire\u00a0<strong>192 bits<\/strong>\u00a0et\u00a0<strong>1408 processeurs de flux<\/strong>\u00a0(Cores CUDA).<\/p>\n<p><strong>Condition<\/strong> <strong>: <\/strong>Like new<\/p>\n","protected":false},"featured_media":1009307,"template":"","meta":{"_acf_changed":false},"pwb-brand":[],"product_brand":[],"product_cat":[24,17,26],"product_tag":[],"pcb_component_type":[],"class_list":{"0":"post-9300","1":"product","2":"type-product","3":"status-publish","4":"has-post-thumbnail","6":"product_cat-cartes-graphiques","7":"product_cat-composants-gaming","8":"product_cat-nvidia","10":"first","11":"outofstock","12":"shipping-taxable","13":"product-type-simple"},"translation":{"provider":"WPGlobus","version":"3.0.2","language":"fr","enabled_languages":["en","es","de","fr","ru"],"languages":{"en":{"title":true,"content":true,"excerpt":true},"es":{"title":false,"content":false,"excerpt":false},"de":{"title":false,"content":false,"excerpt":false},"fr":{"title":false,"content":false,"excerpt":false},"ru":{"title":false,"content":false,"excerpt":false}}},"acf":[],"yoast_head":"<!-- This site is optimized with the Yoast SEO plugin v27.2 - https:\/\/yoast.com\/product\/yoast-seo-wordpress\/ -->\n<title>ASUS PHOENIX GTX 1660 SUPER OC - Osaka<\/title>\n<meta name=\"robots\" content=\"index, follow, max-snippet:-1, max-image-preview:large, max-video-preview:-1\" \/>\n<link rel=\"canonical\" href=\"https:\/\/osaka.ma\/es\/product\/asus-phoenix-gtx-1660-super-oc\/\" \/>\n<meta property=\"og:locale\" content=\"fr_FR\" \/>\n<meta property=\"og:type\" content=\"article\" \/>\n<meta property=\"og:title\" content=\"ASUS PHOENIX GTX 1660 SUPER OC - Osaka\" \/>\n<meta property=\"og:url\" content=\"https:\/\/osaka.ma\/es\/product\/asus-phoenix-gtx-1660-super-oc\/\" \/>\n<meta property=\"og:site_name\" content=\"Osaka\" \/>\n<meta property=\"article:modified_time\" content=\"2025-04-12T12:09:07+00:00\" \/>\n<meta property=\"og:image\" content=\"https:\/\/osaka.ma\/wp-content\/uploads\/2024\/06\/asus-geforce-gtx-1660-phoenix-oc-6gb-gddr5-cartes-graphiques.jpg\" \/>\n\t<meta property=\"og:image:width\" content=\"600\" \/>\n\t<meta property=\"og:image:height\" content=\"600\" \/>\n\t<meta property=\"og:image:type\" content=\"image\/jpeg\" \/>\n<meta name=\"twitter:card\" content=\"summary_large_image\" \/>\n<meta name=\"twitter:label1\" content=\"Dur\u00e9e de lecture estim\u00e9e\" \/>\n\t<meta name=\"twitter:data1\" content=\"3 minutes\" \/>\n<script type=\"application\/ld+json\" class=\"yoast-schema-graph\">{\"@context\":\"https:\/\/schema.org\",\"@graph\":[{\"@type\":\"WebPage\",\"@id\":\"https:\/\/osaka.ma\/es\/product\/asus-phoenix-gtx-1660-super-oc\/\",\"url\":\"https:\/\/osaka.ma\/es\/product\/asus-phoenix-gtx-1660-super-oc\/\",\"name\":\"ASUS PHOENIX GTX 1660 SUPER OC - Osaka\",\"isPartOf\":{\"@id\":\"https:\/\/osaka.ma\/#website\"},\"primaryImageOfPage\":{\"@id\":\"https:\/\/osaka.ma\/es\/product\/asus-phoenix-gtx-1660-super-oc\/#primaryimage\"},\"image\":{\"@id\":\"https:\/\/osaka.ma\/es\/product\/asus-phoenix-gtx-1660-super-oc\/#primaryimage\"},\"thumbnailUrl\":\"https:\/\/osaka.ma\/wp-content\/uploads\/2024\/06\/asus-geforce-gtx-1660-phoenix-oc-6gb-gddr5-cartes-graphiques.jpg\",\"datePublished\":\"2024-06-13T17:40:15+00:00\",\"dateModified\":\"2025-04-12T12:09:07+00:00\",\"breadcrumb\":{\"@id\":\"https:\/\/osaka.ma\/es\/product\/asus-phoenix-gtx-1660-super-oc\/#breadcrumb\"},\"inLanguage\":\"fr-FR\",\"potentialAction\":[{\"@type\":\"ReadAction\",\"target\":[\"https:\/\/osaka.ma\/es\/product\/asus-phoenix-gtx-1660-super-oc\/\"]}]},{\"@type\":\"ImageObject\",\"inLanguage\":\"fr-FR\",\"@id\":\"https:\/\/osaka.ma\/es\/product\/asus-phoenix-gtx-1660-super-oc\/#primaryimage\",\"url\":\"https:\/\/osaka.ma\/wp-content\/uploads\/2024\/06\/asus-geforce-gtx-1660-phoenix-oc-6gb-gddr5-cartes-graphiques.jpg\",\"contentUrl\":\"https:\/\/osaka.ma\/wp-content\/uploads\/2024\/06\/asus-geforce-gtx-1660-phoenix-oc-6gb-gddr5-cartes-graphiques.jpg\",\"width\":600,\"height\":600},{\"@type\":\"BreadcrumbList\",\"@id\":\"https:\/\/osaka.ma\/es\/product\/asus-phoenix-gtx-1660-super-oc\/#breadcrumb\",\"itemListElement\":[{\"@type\":\"ListItem\",\"position\":1,\"name\":\"Home\",\"item\":\"https:\/\/osaka.ma\/\"},{\"@type\":\"ListItem\",\"position\":2,\"name\":\"Shop\",\"item\":\"https:\/\/osaka.ma\/shop-2\/\"},{\"@type\":\"ListItem\",\"position\":3,\"name\":\"ASUS PHOENIX GTX 1660 SUPER OC\"}]},{\"@type\":\"WebSite\",\"@id\":\"https:\/\/osaka.ma\/#website\",\"url\":\"https:\/\/osaka.ma\/\",\"name\":\"Osaka\",\"description\":\"\",\"publisher\":{\"@id\":\"https:\/\/osaka.ma\/#organization\"},\"potentialAction\":[{\"@type\":\"SearchAction\",\"target\":{\"@type\":\"EntryPoint\",\"urlTemplate\":\"https:\/\/osaka.ma\/?s={search_term_string}\"},\"query-input\":{\"@type\":\"PropertyValueSpecification\",\"valueRequired\":true,\"valueName\":\"search_term_string\"}}],\"inLanguage\":\"fr-FR\"},{\"@type\":\"Organization\",\"@id\":\"https:\/\/osaka.ma\/#organization\",\"name\":\"Osaka\",\"url\":\"https:\/\/osaka.ma\/\",\"logo\":{\"@type\":\"ImageObject\",\"inLanguage\":\"fr-FR\",\"@id\":\"https:\/\/osaka.ma\/#\/schema\/logo\/image\/\",\"url\":\"https:\/\/osaka.ma\/wp-content\/uploads\/2026\/01\/model-slogan-logo-2Plan-de-travail-1dksl-plus-finnn.png\",\"contentUrl\":\"https:\/\/osaka.ma\/wp-content\/uploads\/2026\/01\/model-slogan-logo-2Plan-de-travail-1dksl-plus-finnn.png\",\"width\":842,\"height\":226,\"caption\":\"Osaka\"},\"image\":{\"@id\":\"https:\/\/osaka.ma\/#\/schema\/logo\/image\/\"}}]}<\/script>\n<!-- \/ Yoast SEO plugin. -->","yoast_head_json":{"title":"ASUS PHOENIX GTX 1660 SUPER OC - Osaka","robots":{"index":"index","follow":"follow","max-snippet":"max-snippet:-1","max-image-preview":"max-image-preview:large","max-video-preview":"max-video-preview:-1"},"canonical":"https:\/\/osaka.ma\/es\/product\/asus-phoenix-gtx-1660-super-oc\/","og_locale":"fr_FR","og_type":"article","og_title":"ASUS PHOENIX GTX 1660 SUPER OC - Osaka","og_url":"https:\/\/osaka.ma\/es\/product\/asus-phoenix-gtx-1660-super-oc\/","og_site_name":"Osaka","article_modified_time":"2025-04-12T12:09:07+00:00","og_image":[{"width":600,"height":600,"url":"https:\/\/osaka.ma\/wp-content\/uploads\/2024\/06\/asus-geforce-gtx-1660-phoenix-oc-6gb-gddr5-cartes-graphiques.jpg","type":"image\/jpeg"}],"twitter_card":"summary_large_image","twitter_misc":{"Dur\u00e9e de lecture estim\u00e9e":"3 minutes"},"schema":{"@context":"https:\/\/schema.org","@graph":[{"@type":"WebPage","@id":"https:\/\/osaka.ma\/es\/product\/asus-phoenix-gtx-1660-super-oc\/","url":"https:\/\/osaka.ma\/es\/product\/asus-phoenix-gtx-1660-super-oc\/","name":"ASUS PHOENIX GTX 1660 SUPER OC - Osaka","isPartOf":{"@id":"https:\/\/osaka.ma\/#website"},"primaryImageOfPage":{"@id":"https:\/\/osaka.ma\/es\/product\/asus-phoenix-gtx-1660-super-oc\/#primaryimage"},"image":{"@id":"https:\/\/osaka.ma\/es\/product\/asus-phoenix-gtx-1660-super-oc\/#primaryimage"},"thumbnailUrl":"https:\/\/osaka.ma\/wp-content\/uploads\/2024\/06\/asus-geforce-gtx-1660-phoenix-oc-6gb-gddr5-cartes-graphiques.jpg","datePublished":"2024-06-13T17:40:15+00:00","dateModified":"2025-04-12T12:09:07+00:00","breadcrumb":{"@id":"https:\/\/osaka.ma\/es\/product\/asus-phoenix-gtx-1660-super-oc\/#breadcrumb"},"inLanguage":"fr-FR","potentialAction":[{"@type":"ReadAction","target":["https:\/\/osaka.ma\/es\/product\/asus-phoenix-gtx-1660-super-oc\/"]}]},{"@type":"ImageObject","inLanguage":"fr-FR","@id":"https:\/\/osaka.ma\/es\/product\/asus-phoenix-gtx-1660-super-oc\/#primaryimage","url":"https:\/\/osaka.ma\/wp-content\/uploads\/2024\/06\/asus-geforce-gtx-1660-phoenix-oc-6gb-gddr5-cartes-graphiques.jpg","contentUrl":"https:\/\/osaka.ma\/wp-content\/uploads\/2024\/06\/asus-geforce-gtx-1660-phoenix-oc-6gb-gddr5-cartes-graphiques.jpg","width":600,"height":600},{"@type":"BreadcrumbList","@id":"https:\/\/osaka.ma\/es\/product\/asus-phoenix-gtx-1660-super-oc\/#breadcrumb","itemListElement":[{"@type":"ListItem","position":1,"name":"Home","item":"https:\/\/osaka.ma\/"},{"@type":"ListItem","position":2,"name":"Shop","item":"https:\/\/osaka.ma\/shop-2\/"},{"@type":"ListItem","position":3,"name":"ASUS PHOENIX GTX 1660 SUPER OC"}]},{"@type":"WebSite","@id":"https:\/\/osaka.ma\/#website","url":"https:\/\/osaka.ma\/","name":"Osaka","description":"","publisher":{"@id":"https:\/\/osaka.ma\/#organization"},"potentialAction":[{"@type":"SearchAction","target":{"@type":"EntryPoint","urlTemplate":"https:\/\/osaka.ma\/?s={search_term_string}"},"query-input":{"@type":"PropertyValueSpecification","valueRequired":true,"valueName":"search_term_string"}}],"inLanguage":"fr-FR"},{"@type":"Organization","@id":"https:\/\/osaka.ma\/#organization","name":"Osaka","url":"https:\/\/osaka.ma\/","logo":{"@type":"ImageObject","inLanguage":"fr-FR","@id":"https:\/\/osaka.ma\/#\/schema\/logo\/image\/","url":"https:\/\/osaka.ma\/wp-content\/uploads\/2026\/01\/model-slogan-logo-2Plan-de-travail-1dksl-plus-finnn.png","contentUrl":"https:\/\/osaka.ma\/wp-content\/uploads\/2026\/01\/model-slogan-logo-2Plan-de-travail-1dksl-plus-finnn.png","width":842,"height":226,"caption":"Osaka"},"image":{"@id":"https:\/\/osaka.ma\/#\/schema\/logo\/image\/"}}]}},"jetpack_sharing_enabled":true,"brands":[],"_links":{"self":[{"href":"https:\/\/osaka.ma\/fr\/wp-json\/wp\/v2\/product\/9300","targetHints":{"allow":["GET"]}}],"collection":[{"href":"https:\/\/osaka.ma\/fr\/wp-json\/wp\/v2\/product"}],"about":[{"href":"https:\/\/osaka.ma\/fr\/wp-json\/wp\/v2\/types\/product"}],"version-history":[{"count":0,"href":"https:\/\/osaka.ma\/fr\/wp-json\/wp\/v2\/product\/9300\/revisions"}],"wp:featuredmedia":[{"embeddable":true,"href":"https:\/\/osaka.ma\/fr\/wp-json\/wp\/v2\/media\/1009307"}],"wp:attachment":[{"href":"https:\/\/osaka.ma\/fr\/wp-json\/wp\/v2\/media?parent=9300"}],"wp:term":[{"taxonomy":"pwb-brand","embeddable":true,"href":"https:\/\/osaka.ma\/fr\/wp-json\/wp\/v2\/pwb-brand?post=9300"},{"taxonomy":"product_brand","embeddable":true,"href":"https:\/\/osaka.ma\/fr\/wp-json\/wp\/v2\/product_brand?post=9300"},{"taxonomy":"product_cat","embeddable":true,"href":"https:\/\/osaka.ma\/fr\/wp-json\/wp\/v2\/product_cat?post=9300"},{"taxonomy":"product_tag","embeddable":true,"href":"https:\/\/osaka.ma\/fr\/wp-json\/wp\/v2\/product_tag?post=9300"},{"taxonomy":"pcb_component_type","embeddable":true,"href":"https:\/\/osaka.ma\/fr\/wp-json\/wp\/v2\/pcb_component_type?post=9300"}],"curies":[{"name":"wp","href":"https:\/\/api.w.org\/{rel}","templated":true}]}}