{"id":9380,"date":"2024-06-20T14:58:16","date_gmt":"2024-06-20T14:58:16","guid":{"rendered":"https:\/\/osaka.ma\/?post_type=product&#038;p=9380"},"modified":"2024-12-18T15:36:11","modified_gmt":"2024-12-18T15:36:11","slug":"pc-gamer-i7-12700kf-16gb-512gb-rtx-3050-6gb","status":"publish","type":"product","link":"https:\/\/osaka.ma\/fr\/product\/pc-gamer-i7-12700kf-16gb-512gb-rtx-3050-6gb\/","title":{"rendered":"PC Gamer I7-12700KF\/16GB\/512GB\/RTX 3050 6GB"},"content":{"rendered":"<p><img decoding=\"async\" class=\" wp-image-6550 aligncenter\" src=\"https:\/\/osaka.ma\/wp-content\/uploads\/2023\/10\/OSA-1.png\" alt=\"\" width=\"294\" height=\"113\" \/><\/p>\n<p><i><img decoding=\"async\" class=\"\" src=\"https:\/\/media.ldlc.com\/bo\/images\/fiches\/kit_upgrade\/case_80.png\" alt=\"\" width=\"48\" height=\"48\" \/>PC<\/i> Gamer Osaka vous offre une configuration INTEL avec des composants \u00e9quilibr\u00e9e avec un bon prix, ce PC Gamer compos\u00e9 d\u2019un processeur <strong>Intel\u00ae Core\u2122 i7-12700KF<\/strong>\u00a0 ainsi que d\u2019une carte graphique <strong>MSI VENTUS 2X RTX 3050 6GB<\/strong> Il int\u00e8gre \u00e9galement un <strong>SSD 512GB<\/strong> pour un syst\u00e8me toujours plus rapide et <strong>16 Go de RAM<\/strong>. Voila les atouts de ce PC puissant taill\u00e9 pour travailler dans les meilleures conditions.<\/p>\n<ul>\n<li>Processeur\u00a0<a href=\"https:\/\/osaka.ma\/produit\/intel-core-i7-12700kf-3-6-ghz-5-0-ghz-tray\/\"><strong>Intel\u00ae Core\u2122 i7-12700KF Processeur 12-Core (8 Performance-Cores + 4 Efficient-Cores) 20-Threads Socket 1700 Cache L3 25 Mo<\/strong><\/a><\/li>\n<li>Carte m\u00e8re\u00a0<a href=\"https:\/\/osaka.ma\/produit\/msi-pro-h610m-e-ddr4\/\"><strong>MSI H610M-E DDR4<\/strong><\/a><\/li>\n<li>Ram\u00a0<a href=\"https:\/\/osaka.ma\/produit\/16gb8x2-gigastone-ddr4-3200mhz\/\"><strong>16GB(8\u00d72) GIGASTONE DDR4 3200MHZ<\/strong><\/a><\/li>\n<li>Carte graphique\u00a0<a href=\"https:\/\/osaka.ma\/produit\/msi-geforce-rtx-3050-ventus-2x-6g-oc\/\"><strong>MSI VENTUS 2X RTX 3050 6GB<\/strong><\/a><\/li>\n<li>Bo\u00eetier\u00a0<a href=\"https:\/\/osaka.ma\/produit\/boiter-gamdias-argus-m2\/\"><strong>GAMDIAS ARGUS M2<\/strong><\/a><\/li>\n<li>SSD\u00a0<a href=\"https:\/\/osaka.ma\/produit\/512gb-lexar-nm620\/\"><b>512GB LEXAR NM620 3500MB\/S<\/b><\/a><\/li>\n<li>Ventirad\u00a0<a href=\"https:\/\/osaka.ma\/produit\/aerocool-cylon-4f-2\/\"><strong>AEROCOOL CYLON 4F<\/strong><\/a><\/li>\n<li>Alimentation\u00a0<a href=\"https:\/\/osaka.ma\/produit\/sg-atx-550w-80plus-bronze\/\"><strong>SG 550W 80+ BRONZE<\/strong><\/a><\/li>\n<li><strong>Win11 \/ Bien assembl\u00e9<\/strong><\/li>\n<\/ul>\n<p>&nbsp;<\/p>\n<div class=\"logo\"><img decoding=\"async\" class=\"aligncenter\" src=\"https:\/\/media.ldlc.com\/v3\/marque\/bo\/00\/05\/72\/22\/V30005722262_2.jpg\" alt=\"Intel\" \/><\/div>\n<div id=\"description\" class=\"description\">\n<div class=\"details-pdt-desc\">\n<h2 class=\"h2-master\">Nouvelle architecture hybride pour des performances optimales<\/h2>\n<section>Avec les\u00a0<strong>processeurs Alder Lake<\/strong>,\u00a0<strong>Intel\u00a0<\/strong>signe une petite r\u00e9volution dans le monde de l&#8217;architecture x86 en adoptant une\u00a0<strong>technologie hybride bas\u00e9e sur 2 types de coeurs diff\u00e9rents assembl\u00e9s au sein d&#8217;une m\u00eame puce<\/strong>\u00a0: Les\u00a0<strong>Performances-Cores\u00a0<\/strong>et les\u00a0<strong>Efficient-Cores<\/strong>. Avec plus de coeurs et plus de puissance, les<strong>\u00a0processeurs Intel de 12\u00e8me g\u00e9n\u00e9ration<\/strong>\u00a0sont pr\u00eats pour les jeux nouvelle g\u00e9n\u00e9ration, les cartes graphiques<strong>\u00a0PCI-Express 5.0\u00a0<\/strong>ou encore la<strong>\u00a0RAM DDR5<\/strong>.<\/section>\n<section>\n<div class=\"desc-image\"><img decoding=\"async\" src=\"https:\/\/media.ldlc.com\/bo\/images\/fiches\/processeur\/intel\/alder-lake\/intel_alder-lake_core-i7_003.jpg\" alt=\"\" \/><\/div>\n<div class=\"desc-text\">\n<h2>INTEL CORE I7-12700KF 12-CORE (8P+4E)<\/h2>\n<ul>\n<li>Processeur\u00a0<strong>12 Cores<\/strong>\u00a0\/ 20 Threads<\/li>\n<li><strong>8 Performance-Cores<\/strong>\u00a0(3.6 GHz &#8211; 5.0 GHz) + 4 Efficient-Cores (2.7\u00a0GHz &#8211; 3.8\u00a0GHz)<\/li>\n<li>Cache\u00a0<strong>L3 25 Mo<\/strong>\u00a0+ Cache L2 12 Mo<\/li>\n<li><strong>Unlocked\u00a0<\/strong>(co\u00e9fficient multiplicateur d\u00e9bloqu\u00e9 pour l&#8217;overclocking)<\/li>\n<li>IGP : Aucun<\/li>\n<li>Contr\u00f4leur m\u00e9moire : DDR4 \/\u00a0<strong>DDR5<\/strong><\/li>\n<li>Compatible\u00a0<strong>PCI-E 5.0<\/strong><\/li>\n<li>TDP\u00a0: 125W<\/li>\n<li>TDP max. (Turbo Power) : 190W<\/li>\n<\/ul>\n<\/div>\n<\/section>\n<section>\n<div class=\"desc-text\">\n<h2>DES COEURS \u00c0 L&#8217;OUVRAGE<\/h2>\n<p>La\u00a0<strong>nouvelle architecture hybride hautes performances\u00a0<\/strong>d&#8217;Intel int\u00e8gre\u00a0<strong>deux familles de coeurs sur un m\u00eame processeur<\/strong>\u00a0pour une exp\u00e9rience de jeu encore plus fluide.\u00a0<strong>Intel Thread Director<\/strong>\u00a0hi\u00e9rarchise et g\u00e8re les charges de travail en d\u00e9terminant le coeur le plus adapt\u00e9 \u00e0 chaque t\u00e2che. Les\u00a0<strong>coeurs Performances<\/strong>\u00a0sont con\u00e7us pour les charges de travail uniques et \u00e0 faible nombre de threads, am\u00e9liorant ainsi les activit\u00e9s comme le jeu vid\u00e9o ou les t\u00e2ches de productivit\u00e9. Les<strong>\u00a0coeurs Efficiences<\/strong>\u00a0sont quant \u00e0 eux optimis\u00e9s pour le multithread en r\u00e9duisant les interruptions li\u00e9es aux t\u00e2ches secondaires.<\/p>\n<\/div>\n<div class=\"desc-image\"><img decoding=\"async\" src=\"https:\/\/media.ldlc.com\/bo\/images\/fiches\/processeur\/intel\/alder-lake\/intel_alder-lake_core-i5_002.jpg\" alt=\"\" \/><\/div>\n<\/section>\n<section>\n<div class=\"desc-image\"><img decoding=\"async\" src=\"https:\/\/media.ldlc.com\/bo\/images\/fiches\/processeur\/intel\/alder-lake\/intel_alder-lake_core-i5_001.jpg\" alt=\"\" \/><\/div>\n<div class=\"desc-text\">\n<h2>ATTEIGNEZ DES SOMMETS<\/h2>\n<p>Gr\u00e2ce \u00e0 des fr\u00e9quences \u00e9lev\u00e9es, atteignez de hautes performances dans les jeux. Affrontez vos adversaires en toute confiance ou explorez de nouveaux univers gr\u00e2ce \u00e0 une architecture de processeur r\u00e9volutionnaire qui se concentre sur l&#8217;essentiel. Les processeurs Intel de 12\u00e8me g\u00e9n\u00e9ration sont tout simplement con\u00e7us pour la nouvelle g\u00e9n\u00e9ration de jeux vid\u00e9o.<\/p>\n<\/div>\n<\/section>\n<div class=\"logo\"><img decoding=\"async\" class=\"aligncenter\" src=\"https:\/\/media.ldlc.com\/v3\/marque\/bo\/00\/05\/99\/39\/V30005993997.gif\" alt=\"MSI\" \/><\/div>\n<div id=\"description\" class=\"description\">\n<div class=\"details-pdt-desc\">\n<h2 class=\"h2-master\">La meilleure fa\u00e7on de jouer, au meilleur prix<\/h2>\n<section>Des graphismes sublim\u00e9s, une fluidit\u00e9 remarquable et un r\u00e9alisme incroyable vous permettront de profiter au mieux des jeux PC en Full HD. Il ne vous reste plus qu&#8217;\u00e0 plonger au coeur de l&#8217;action et \u00e0 vous immerger totalement dans la partie. La\u00a0<strong>carte graphique MSI GeForce RTX 3050 VENTUS 2X 6G OC<\/strong>\u00a0embarque\u00a0<strong>6 Go de m\u00e9moire vid\u00e9o<\/strong>\u00a0de nouvelle g\u00e9n\u00e9ration\u00a0<strong>GDDR6<\/strong>. Faites tourner en toute fluidit\u00e9 les jeux les plus r\u00e9cents gr\u00e2ce \u00e0 ses c\u0153urs\u00a0RT de deuxi\u00e8me g\u00e9n\u00e9ration, ses c\u0153urs Tensor de troisi\u00e8me g\u00e9n\u00e9ration, de nouveaux multiprocesseurs de flux et une m\u00e9moire GDDR6 ultra-rapide.<\/section>\n<section>\n<div class=\"desc-image\"><img decoding=\"async\" src=\"https:\/\/media.ldlc.com\/bo\/images\/fiches\/carte_graphique\/rtx\/nvidia_geforce_rtx_on_002.jpg\" alt=\"\" \/><\/div>\n<div class=\"desc-text\">\n<h2>ARCHITECTURE AMP\u00c8RE<\/h2>\n<p>Gr\u00e2ce aux am\u00e9liorations apport\u00e9es par la nouvelle architecture Amp\u00e8re, les cartes graphiques NVIDIA RTX de 2nd g\u00e9n\u00e9ration sont encore plus performantes que les cartes graphiques des g\u00e9n\u00e9rations pr\u00e9c\u00e9dentes. Les jeux vid\u00e9o PC sont plus beaux, plus immersifs et plus fluides que jamais. Les coeurs RT de 2nd g\u00e9n\u00e9ration offrent un rendement 2 fois sup\u00e9rieur \u00e0 celui des cartes de la g\u00e9n\u00e9ration pr\u00e9c\u00e9dente. Les coeurs Tensor de 3\u00e8me g\u00e9n\u00e9ration d\u00e9livrent jusqu&#8217;\u00e0 2 fois plus de rendement et les nouveaux multiprocesseurs de flux un rendement FP32 multipli\u00e9 par 2 !<\/p>\n<\/div>\n<\/section>\n<section>\n<div class=\"desc-text\">\n<h2>FR\u00c9QUENCE D&#8217;IMAGES MAXIMALE<\/h2>\n<p>Bas\u00e9 sur les capacit\u00e9s ph\u00e9nom\u00e9nales de l\u2019IA, le super-\u00e9chantillonnage par Deep Learning (DLSS) de NVIDIA est une technologie de rendu r\u00e9volutionnaire qui vous offre un tout nouveau niveau de fid\u00e9lit\u00e9 visuelle gr\u00e2ce aux processeurs Tensor Core d\u00e9di\u00e9s \u00e0 l\u2019IA des GPU GeForce RTX. Le DLSS met \u00e0 profit toute la puissance d\u2019un r\u00e9seau optimis\u00e9 de neurones profonds pour acc\u00e9l\u00e9rer les fr\u00e9quences d\u2019images tout en g\u00e9n\u00e9rant des visuels \u00e9poustouflants d\u2019une nettet\u00e9 incomparable. Ce gain de performance significatif permet aux joueurs du monde entier de maximiser les param\u00e8tres du ray tracing et d\u2019augmenter les r\u00e9solutions de sortie.<\/p>\n<\/div>\n<div class=\"desc-image\"><img decoding=\"async\" src=\"https:\/\/media.ldlc.com\/bo\/images\/fiches\/carte_graphique\/rtx\/nvidia_geforce_rtx_dlss_001.jpg\" alt=\"\" \/><\/div>\n<\/section>\n<section>\n<div class=\"desc-image\"><img decoding=\"async\" src=\"https:\/\/media.ldlc.com\/bo\/images\/fiches\/carte_graphique\/rtx\/nvidia_geforce_rtx_stream_001.jpg\" alt=\"\" \/><\/div>\n<div class=\"desc-text\">\n<h2>STREAMEZ\u00a0COMME UN PRO<\/h2>\n<p>Volez la vedette aux meilleurs streameurs en diffusant vos parties avec des graphismes sublimes et un rendu fluide. L\u2019encodage et le d\u00e9codage mat\u00e9riel de nouvelle g\u00e9n\u00e9ration vous permettent d\u2019immortaliser vos meilleurs moments avec un niveau de d\u00e9tails incomparable. La toute nouvelle application NVIDIA Broadcast fait passer vos livestreams au niveau sup\u00e9rieur avec de puissantes capacit\u00e9s d\u2019IA qui am\u00e9liorent la qualit\u00e9 de l\u2019audio et de la vid\u00e9o avec des effets avanc\u00e9s comme un arri\u00e8re-plan virtuel, un recadrage automatique de la webcam et la suppression des bruits parasites li\u00e9s au micro. Les GPU GeForce RTX s\u00e9rie 30 vous fournissent les performances graphiques et la qualit\u00e9 d\u2019image requises pour vous pr\u00e9senter \u00e0 votre public sous votre meilleur jour, syst\u00e9matiquement.<\/p>\n<\/div>\n<div class=\"celwidget aplus-module module-8 aplus-standard\" data-csa-c-id=\"lre3yb-je9rwb-uyeqq1-trdh1f\" data-cel-widget=\"aplus-module-8\">\n<div class=\"aplus-module-wrapper apm-fixed-width\">\n<div class=\"apm-spacing\">\n<div class=\"apm-lefttwothirdswrap apm-floatleft\">\n<div class=\"apm-leftimage\"><img decoding=\"async\" class=\"a-spacing-mini\" src=\"https:\/\/m.media-amazon.com\/images\/S\/aplus-media-library-service-media\/62d4779a-c08a-4e70-b251-adaa3217b924.__CR0,0,300,300_PT0_SX300_V1___.jpg\" alt=\"NM620\" data-src=\"https:\/\/m.media-amazon.com\/images\/S\/aplus-media-library-service-media\/62d4779a-c08a-4e70-b251-adaa3217b924.__CR0,0,300,300_PT0_SX300_V1___.jpg\" \/><\/div>\n<div class=\"apm-centerthirdcol\">\n<h3 class=\"a-spacing-mini\">SSD Lexar NM620 M.2 2280 PCIe Gen3x4 NVMe<\/h3>\n<h5 class=\"a-spacing-mini a-color-secondary\">Des performances fluides pour des flux de travail exigeants<\/h5>\n<p class=\"a-spacing-base\">Con\u00e7u pour les charges de travail intensives, le SSD Lexar NM620 M.2 2280 PCIe Gen3x4 NVMe offre des performances de haut niveau qui vous placent sur la voie de l\u2019informatique rapide avec des vitesses allant jusqu\u2019\u00e0 3500 Mo\/s en lecture et 2400 Mo\/s en \u00e9criture (1). Il est pris en charge par le standard technologique PCIe Gen3x4 NVMe 1.4 et construit avec la derni\u00e8re flash NAND 3D.<\/p>\n<\/div>\n<\/div>\n<\/div>\n<\/div>\n<\/div>\n<\/section>\n<\/div>\n<\/div>\n<\/div>\n<\/div>\n","protected":false},"excerpt":{"rendered":"<p>PC Gamer Osaka vous offre une configuration INTEL avec des composants \u00e9quilibr\u00e9e avec un bon prix, ce PC Gamer compos\u00e9 d\u2019un processeur Intel\u00ae Core\u2122 i7-12700KF\u00a0 ainsi que d\u2019une carte graphique MSI VENTUS XS RTX 3050 6GB Il int\u00e8gre \u00e9galement un SSD 512GB pour un syst\u00e8me toujours plus rapide et 16 Go de RAM. Voila les atouts de ce PC puissant taill\u00e9 pour travailler dans les meilleures conditions.<\/p>\n<ul>\n<li>Processeur\u00a0<strong>Intel\u00ae Core\u2122 i7-12700KF (3.6 GHz \/ 5.0 GHz)<\/strong><\/li>\n<li>Carte m\u00e8re\u00a0<strong>MSI H610M-E DDR4<\/strong><\/li>\n<li>Ram\u00a0<strong>16GB(8\u00d72) GIGASTONE DDR4 3200MHZ<\/strong><\/li>\n<li>Carte graphique\u00a0<strong>MSI VENTUS 2X RTX 3050 6GB<\/strong><\/li>\n<li>Bo\u00eetier\u00a0<strong>GAMDIAS ARGUS M2<\/strong><\/li>\n<li>SSD\u00a0<b>512GB LEXAR NM620<\/b><\/li>\n<li>Ventirad\u00a0<strong>AEROCOOL CYLON 4F<\/strong><\/li>\n<li>Alimentation\u00a0<strong>SG 550W 80+ BRONZE<\/strong><\/li>\n<li><strong>Win11 \/ Bien assembl\u00e9<\/strong><\/li>\n<\/ul>\n","protected":false},"featured_media":1009381,"template":"","meta":{"_acf_changed":false},"pwb-brand":[],"product_brand":[],"product_cat":[57,53],"product_tag":[],"pcb_component_type":[],"class_list":{"0":"post-9380","1":"product","2":"type-product","3":"status-publish","4":"has-post-thumbnail","6":"product_cat-intel","7":"product_cat-pc-gamer","9":"first","10":"outofstock","11":"shipping-taxable","12":"product-type-simple"},"translation":{"provider":"WPGlobus","version":"3.0.2","language":"fr","enabled_languages":["en","es","de","fr","ru"],"languages":{"en":{"title":true,"content":true,"excerpt":true},"es":{"title":false,"content":false,"excerpt":false},"de":{"title":false,"content":false,"excerpt":false},"fr":{"title":false,"content":false,"excerpt":false},"ru":{"title":false,"content":false,"excerpt":false}}},"acf":[],"yoast_head":"<!-- This site is optimized with the Yoast SEO plugin v27.2 - https:\/\/yoast.com\/product\/yoast-seo-wordpress\/ -->\n<title>PC Gamer I7-12700KF\/16GB\/512GB\/RTX 3050 6GB - Osaka<\/title>\n<meta name=\"robots\" content=\"index, follow, max-snippet:-1, max-image-preview:large, max-video-preview:-1\" \/>\n<link rel=\"canonical\" href=\"https:\/\/osaka.ma\/product\/pc-gamer-i7-12700kf-16gb-512gb-rtx-3050-6gb\/\" \/>\n<meta property=\"og:locale\" content=\"fr_FR\" \/>\n<meta property=\"og:type\" content=\"article\" \/>\n<meta property=\"og:title\" content=\"PC Gamer I7-12700KF\/16GB\/512GB\/RTX 3050 6GB - Osaka\" \/>\n<meta property=\"og:url\" content=\"https:\/\/osaka.ma\/product\/pc-gamer-i7-12700kf-16gb-512gb-rtx-3050-6gb\/\" \/>\n<meta property=\"og:site_name\" content=\"Osaka\" \/>\n<meta property=\"article:modified_time\" content=\"2024-12-18T15:36:11+00:00\" \/>\n<meta property=\"og:image\" content=\"https:\/\/osaka.ma\/wp-content\/uploads\/2024\/06\/pdt2_6_8_3_1_700x700_gam4712960134683_rw_boitier-moyen-tour-atx-gamdias-argus-m2-rgb-avec-p.jpg\" \/>\n\t<meta property=\"og:image:width\" content=\"700\" \/>\n\t<meta property=\"og:image:height\" content=\"700\" \/>\n\t<meta property=\"og:image:type\" content=\"image\/jpeg\" \/>\n<meta name=\"twitter:card\" content=\"summary_large_image\" \/>\n<meta name=\"twitter:label1\" content=\"Dur\u00e9e de lecture estim\u00e9e\" \/>\n\t<meta name=\"twitter:data1\" content=\"7 minutes\" \/>\n<script type=\"application\/ld+json\" class=\"yoast-schema-graph\">{\"@context\":\"https:\/\/schema.org\",\"@graph\":[{\"@type\":\"WebPage\",\"@id\":\"https:\/\/osaka.ma\/product\/pc-gamer-i7-12700kf-16gb-512gb-rtx-3050-6gb\/\",\"url\":\"https:\/\/osaka.ma\/product\/pc-gamer-i7-12700kf-16gb-512gb-rtx-3050-6gb\/\",\"name\":\"PC Gamer I7-12700KF\/16GB\/512GB\/RTX 3050 6GB - Osaka\",\"isPartOf\":{\"@id\":\"https:\/\/osaka.ma\/#website\"},\"primaryImageOfPage\":{\"@id\":\"https:\/\/osaka.ma\/product\/pc-gamer-i7-12700kf-16gb-512gb-rtx-3050-6gb\/#primaryimage\"},\"image\":{\"@id\":\"https:\/\/osaka.ma\/product\/pc-gamer-i7-12700kf-16gb-512gb-rtx-3050-6gb\/#primaryimage\"},\"thumbnailUrl\":\"https:\/\/osaka.ma\/wp-content\/uploads\/2024\/06\/pdt2_6_8_3_1_700x700_gam4712960134683_rw_boitier-moyen-tour-atx-gamdias-argus-m2-rgb-avec-p.jpg\",\"datePublished\":\"2024-06-20T14:58:16+00:00\",\"dateModified\":\"2024-12-18T15:36:11+00:00\",\"breadcrumb\":{\"@id\":\"https:\/\/osaka.ma\/product\/pc-gamer-i7-12700kf-16gb-512gb-rtx-3050-6gb\/#breadcrumb\"},\"inLanguage\":\"fr-FR\",\"potentialAction\":[{\"@type\":\"ReadAction\",\"target\":[\"https:\/\/osaka.ma\/product\/pc-gamer-i7-12700kf-16gb-512gb-rtx-3050-6gb\/\"]}]},{\"@type\":\"ImageObject\",\"inLanguage\":\"fr-FR\",\"@id\":\"https:\/\/osaka.ma\/product\/pc-gamer-i7-12700kf-16gb-512gb-rtx-3050-6gb\/#primaryimage\",\"url\":\"https:\/\/osaka.ma\/wp-content\/uploads\/2024\/06\/pdt2_6_8_3_1_700x700_gam4712960134683_rw_boitier-moyen-tour-atx-gamdias-argus-m2-rgb-avec-p.jpg\",\"contentUrl\":\"https:\/\/osaka.ma\/wp-content\/uploads\/2024\/06\/pdt2_6_8_3_1_700x700_gam4712960134683_rw_boitier-moyen-tour-atx-gamdias-argus-m2-rgb-avec-p.jpg\",\"width\":700,\"height\":700},{\"@type\":\"BreadcrumbList\",\"@id\":\"https:\/\/osaka.ma\/product\/pc-gamer-i7-12700kf-16gb-512gb-rtx-3050-6gb\/#breadcrumb\",\"itemListElement\":[{\"@type\":\"ListItem\",\"position\":1,\"name\":\"Home\",\"item\":\"https:\/\/osaka.ma\/\"},{\"@type\":\"ListItem\",\"position\":2,\"name\":\"Shop\",\"item\":\"https:\/\/osaka.ma\/shop-2\/\"},{\"@type\":\"ListItem\",\"position\":3,\"name\":\"PC Gamer I7-12700KF\/16GB\/512GB\/RTX 3050 6GB\"}]},{\"@type\":\"WebSite\",\"@id\":\"https:\/\/osaka.ma\/#website\",\"url\":\"https:\/\/osaka.ma\/\",\"name\":\"Osaka\",\"description\":\"\",\"publisher\":{\"@id\":\"https:\/\/osaka.ma\/#organization\"},\"potentialAction\":[{\"@type\":\"SearchAction\",\"target\":{\"@type\":\"EntryPoint\",\"urlTemplate\":\"https:\/\/osaka.ma\/?s={search_term_string}\"},\"query-input\":{\"@type\":\"PropertyValueSpecification\",\"valueRequired\":true,\"valueName\":\"search_term_string\"}}],\"inLanguage\":\"fr-FR\"},{\"@type\":\"Organization\",\"@id\":\"https:\/\/osaka.ma\/#organization\",\"name\":\"Osaka\",\"url\":\"https:\/\/osaka.ma\/\",\"logo\":{\"@type\":\"ImageObject\",\"inLanguage\":\"fr-FR\",\"@id\":\"https:\/\/osaka.ma\/#\/schema\/logo\/image\/\",\"url\":\"https:\/\/osaka.ma\/wp-content\/uploads\/2026\/01\/model-slogan-logo-2Plan-de-travail-1dksl-plus-finnn.png\",\"contentUrl\":\"https:\/\/osaka.ma\/wp-content\/uploads\/2026\/01\/model-slogan-logo-2Plan-de-travail-1dksl-plus-finnn.png\",\"width\":842,\"height\":226,\"caption\":\"Osaka\"},\"image\":{\"@id\":\"https:\/\/osaka.ma\/#\/schema\/logo\/image\/\"}}]}<\/script>\n<!-- \/ Yoast SEO plugin. -->","yoast_head_json":{"title":"PC Gamer I7-12700KF\/16GB\/512GB\/RTX 3050 6GB - Osaka","robots":{"index":"index","follow":"follow","max-snippet":"max-snippet:-1","max-image-preview":"max-image-preview:large","max-video-preview":"max-video-preview:-1"},"canonical":"https:\/\/osaka.ma\/product\/pc-gamer-i7-12700kf-16gb-512gb-rtx-3050-6gb\/","og_locale":"fr_FR","og_type":"article","og_title":"PC Gamer I7-12700KF\/16GB\/512GB\/RTX 3050 6GB - Osaka","og_url":"https:\/\/osaka.ma\/product\/pc-gamer-i7-12700kf-16gb-512gb-rtx-3050-6gb\/","og_site_name":"Osaka","article_modified_time":"2024-12-18T15:36:11+00:00","og_image":[{"width":700,"height":700,"url":"https:\/\/osaka.ma\/wp-content\/uploads\/2024\/06\/pdt2_6_8_3_1_700x700_gam4712960134683_rw_boitier-moyen-tour-atx-gamdias-argus-m2-rgb-avec-p.jpg","type":"image\/jpeg"}],"twitter_card":"summary_large_image","twitter_misc":{"Dur\u00e9e de lecture estim\u00e9e":"7 minutes"},"schema":{"@context":"https:\/\/schema.org","@graph":[{"@type":"WebPage","@id":"https:\/\/osaka.ma\/product\/pc-gamer-i7-12700kf-16gb-512gb-rtx-3050-6gb\/","url":"https:\/\/osaka.ma\/product\/pc-gamer-i7-12700kf-16gb-512gb-rtx-3050-6gb\/","name":"PC Gamer I7-12700KF\/16GB\/512GB\/RTX 3050 6GB - Osaka","isPartOf":{"@id":"https:\/\/osaka.ma\/#website"},"primaryImageOfPage":{"@id":"https:\/\/osaka.ma\/product\/pc-gamer-i7-12700kf-16gb-512gb-rtx-3050-6gb\/#primaryimage"},"image":{"@id":"https:\/\/osaka.ma\/product\/pc-gamer-i7-12700kf-16gb-512gb-rtx-3050-6gb\/#primaryimage"},"thumbnailUrl":"https:\/\/osaka.ma\/wp-content\/uploads\/2024\/06\/pdt2_6_8_3_1_700x700_gam4712960134683_rw_boitier-moyen-tour-atx-gamdias-argus-m2-rgb-avec-p.jpg","datePublished":"2024-06-20T14:58:16+00:00","dateModified":"2024-12-18T15:36:11+00:00","breadcrumb":{"@id":"https:\/\/osaka.ma\/product\/pc-gamer-i7-12700kf-16gb-512gb-rtx-3050-6gb\/#breadcrumb"},"inLanguage":"fr-FR","potentialAction":[{"@type":"ReadAction","target":["https:\/\/osaka.ma\/product\/pc-gamer-i7-12700kf-16gb-512gb-rtx-3050-6gb\/"]}]},{"@type":"ImageObject","inLanguage":"fr-FR","@id":"https:\/\/osaka.ma\/product\/pc-gamer-i7-12700kf-16gb-512gb-rtx-3050-6gb\/#primaryimage","url":"https:\/\/osaka.ma\/wp-content\/uploads\/2024\/06\/pdt2_6_8_3_1_700x700_gam4712960134683_rw_boitier-moyen-tour-atx-gamdias-argus-m2-rgb-avec-p.jpg","contentUrl":"https:\/\/osaka.ma\/wp-content\/uploads\/2024\/06\/pdt2_6_8_3_1_700x700_gam4712960134683_rw_boitier-moyen-tour-atx-gamdias-argus-m2-rgb-avec-p.jpg","width":700,"height":700},{"@type":"BreadcrumbList","@id":"https:\/\/osaka.ma\/product\/pc-gamer-i7-12700kf-16gb-512gb-rtx-3050-6gb\/#breadcrumb","itemListElement":[{"@type":"ListItem","position":1,"name":"Home","item":"https:\/\/osaka.ma\/"},{"@type":"ListItem","position":2,"name":"Shop","item":"https:\/\/osaka.ma\/shop-2\/"},{"@type":"ListItem","position":3,"name":"PC Gamer I7-12700KF\/16GB\/512GB\/RTX 3050 6GB"}]},{"@type":"WebSite","@id":"https:\/\/osaka.ma\/#website","url":"https:\/\/osaka.ma\/","name":"Osaka","description":"","publisher":{"@id":"https:\/\/osaka.ma\/#organization"},"potentialAction":[{"@type":"SearchAction","target":{"@type":"EntryPoint","urlTemplate":"https:\/\/osaka.ma\/?s={search_term_string}"},"query-input":{"@type":"PropertyValueSpecification","valueRequired":true,"valueName":"search_term_string"}}],"inLanguage":"fr-FR"},{"@type":"Organization","@id":"https:\/\/osaka.ma\/#organization","name":"Osaka","url":"https:\/\/osaka.ma\/","logo":{"@type":"ImageObject","inLanguage":"fr-FR","@id":"https:\/\/osaka.ma\/#\/schema\/logo\/image\/","url":"https:\/\/osaka.ma\/wp-content\/uploads\/2026\/01\/model-slogan-logo-2Plan-de-travail-1dksl-plus-finnn.png","contentUrl":"https:\/\/osaka.ma\/wp-content\/uploads\/2026\/01\/model-slogan-logo-2Plan-de-travail-1dksl-plus-finnn.png","width":842,"height":226,"caption":"Osaka"},"image":{"@id":"https:\/\/osaka.ma\/#\/schema\/logo\/image\/"}}]}},"jetpack_sharing_enabled":true,"brands":[],"_links":{"self":[{"href":"https:\/\/osaka.ma\/fr\/wp-json\/wp\/v2\/product\/9380","targetHints":{"allow":["GET"]}}],"collection":[{"href":"https:\/\/osaka.ma\/fr\/wp-json\/wp\/v2\/product"}],"about":[{"href":"https:\/\/osaka.ma\/fr\/wp-json\/wp\/v2\/types\/product"}],"version-history":[{"count":0,"href":"https:\/\/osaka.ma\/fr\/wp-json\/wp\/v2\/product\/9380\/revisions"}],"wp:featuredmedia":[{"embeddable":true,"href":"https:\/\/osaka.ma\/fr\/wp-json\/wp\/v2\/media\/1009381"}],"wp:attachment":[{"href":"https:\/\/osaka.ma\/fr\/wp-json\/wp\/v2\/media?parent=9380"}],"wp:term":[{"taxonomy":"pwb-brand","embeddable":true,"href":"https:\/\/osaka.ma\/fr\/wp-json\/wp\/v2\/pwb-brand?post=9380"},{"taxonomy":"product_brand","embeddable":true,"href":"https:\/\/osaka.ma\/fr\/wp-json\/wp\/v2\/product_brand?post=9380"},{"taxonomy":"product_cat","embeddable":true,"href":"https:\/\/osaka.ma\/fr\/wp-json\/wp\/v2\/product_cat?post=9380"},{"taxonomy":"product_tag","embeddable":true,"href":"https:\/\/osaka.ma\/fr\/wp-json\/wp\/v2\/product_tag?post=9380"},{"taxonomy":"pcb_component_type","embeddable":true,"href":"https:\/\/osaka.ma\/fr\/wp-json\/wp\/v2\/pcb_component_type?post=9380"}],"curies":[{"name":"wp","href":"https:\/\/api.w.org\/{rel}","templated":true}]}}