{"id":9568,"date":"2024-07-02T09:34:58","date_gmt":"2024-07-02T09:34:58","guid":{"rendered":"https:\/\/osaka.ma\/?post_type=product&#038;p=9568"},"modified":"2024-12-18T15:36:12","modified_gmt":"2024-12-18T15:36:12","slug":"asus-tuf-ryzen-7-6800h-16gb-512gb-rtx-3070ti-8gb-15-6-fhd-144hz","status":"publish","type":"product","link":"https:\/\/osaka.ma\/fr\/product\/asus-tuf-ryzen-7-6800h-16gb-512gb-rtx-3070ti-8gb-15-6-fhd-144hz\/","title":{"rendered":"ASUS TUF RYZEN 7-6800H \/ 16GB \/ 512GB \/ RTX 3070TI 8GB \/ 15.6&#8243; FHD 144hz"},"content":{"rendered":"<div class=\"logo\"><img decoding=\"async\" class=\"aligncenter\" src=\"https:\/\/media.ldlc.com\/v3\/marque\/bo\/00\/05\/62\/42\/V30005624251_2.jpg\" alt=\"ASUS\" \/><\/div>\n<div id=\"description\" class=\"description\">\n<div class=\"details-pdt-desc\">\n<h2 class=\"h2-master\">Performance et confort de jeu !<\/h2>\n<section>Le\u00a0<strong>PC portable Gamer ASUS TUF Gaming A15\u00a0<\/strong>dispose de composants ultra-performants et b\u00e9n\u00e9ficie de nombreuses innovations, afin de vous faire profiter de hautes performances et d&#8217;un haut niveau de confort avec les jeux r\u00e9cents. Son ch\u00e2ssis combine avantageusement \u00e9cran \u00e0 cadre mince et clavier de grande taille. Equip\u00e9 d&#8217;un puissant\u00a0<strong>processeur AMD Ryzen 7 6800H<\/strong>, de 16 Go de m\u00e9moire DDR4, d&#8217;un\u00a0<strong>SSD M.2 PCIe de 512 Go<\/strong>\u00a0et d&#8217;une\u00a0<strong>puce graphique NVIDIA GeForce RTX 3070 Ti<\/strong>, le PC portable ASUS A15 TUF offre d&#8217;excellentes performances et un fonctionnement rapide.<\/section>\n<section>\n<div class=\"desc-image\"><img decoding=\"async\" src=\"https:\/\/media.ldlc.com\/bo\/images\/fiches\/pc_portables\/asus\/tuf507\/801.jpg\" alt=\"\" \/><\/div>\n<div class=\"desc-text\">\n<h2>TUF : THE ULTIMATE FORCE<\/h2>\n<p>Arm\u00e9 de caract\u00e9ristiques l&#8217;aidant \u00e0 affronter toutes les situations, le TUF Gaming A15 d\u00e9livre des performances de haut vol pour le gaming, le streaming, etc. Son processeur AMD Ryzen 7 s\u00e9rie 6000 vous offrira la puissance n\u00e9cessaire pour toutes vos activit\u00e9s. Combin\u00e9 \u00e0 une puce graphique d\u00e9di\u00e9e GeForce RTX 3070 Ti, il est capable de produire d&#8217;excellentes performances sur les jeux embl\u00e9matiques du moment. En outre, le TUF Gaming A15 est muni d&#8217;un SSD M.2 PCIe NVMe afin d&#8217;acc\u00e9l\u00e9rer les temps de chargement de nombreux jeux et applications.<\/p>\n<\/div>\n<\/section>\n<section>\n<div class=\"desc-text\">\n<h2>CLAVIER GAMER R\u00c9TRO\u00c9CLAIR\u00c9<\/h2>\n<p>\u00c9quipez-vous d&#8217;un clavier similaire \u00e0 ceux des PC de bureau gaming, afin d&#8217;\u00eatre plus \u00e0 l&#8217;aise lorsque vous jouez. Le r\u00e9tro\u00e9clairage multi-couleurs, avec une seule couleur active, vous permet de personnaliser son style. De plus les touches ZQSD mises en valeur vous permettent de visualiser plus rapidement vos commandes de mouvement. Par ailleurs, la technologie Overstroke acc\u00e9l\u00e8re la r\u00e9activit\u00e9 des touches \u00e0 chaque frappe tandis que le N-Key Rollover enregistre pr\u00e9cis\u00e9ment chaque frappe, m\u00eame lors des combats les plus acharn\u00e9s. Pour un meilleur confort, ce mod\u00e8le b\u00e9n\u00e9ficie d&#8217;un TouchPad 26% plus large par rapport \u00e0 la g\u00e9n\u00e9ration pr\u00e9c\u00e9dente. Le clavier dispose aussi de 4 touches multim\u00e9dias.<\/p>\n<\/div>\n<div class=\"desc-image\"><img decoding=\"async\" src=\"https:\/\/media.ldlc.com\/bo\/images\/fiches\/pc_portables\/asus\/tuf507\/802.jpg\" alt=\"\" \/><\/div>\n<\/section>\n<section>\n<div class=\"desc-image\"><img decoding=\"async\" src=\"https:\/\/media.ldlc.com\/bo\/images\/fiches\/pc_portables\/asus\/tuf707\/803.jpg\" alt=\"\" \/><\/div>\n<div class=\"desc-text\">\n<h2>REFROIDISSEMENT EFFICACE<\/h2>\n<p>Le TUF Gaming A15 est dot\u00e9 d&#8217;un syst\u00e8me de refroidissement complet capable de maintenir le niveau de performances du PC tout en restant efficient sur le long terme. Les caloducs et les radiateurs \u00e9loignent la chaleur des composants principaux et la dissipent rapidement m\u00eame lorsque vous faites un v\u00e9ritable marathon gaming ! Le tout b\u00e9n\u00e9ficie d&#8217;un fonctionnement silencieux, pour minimiser la nuisance sonore.<\/p>\n<\/div>\n<\/section>\n<section class=\"list\">\n<h2>CARACT\u00c9RISTIQUES PRINCIPALES :<\/h2>\n<ul>\n<li><strong>Processeur AMD Ryzen 7 6800H<\/strong>\u00a0(Octo-Core 3.2 GHz \/ 4.7 GHz Turbo &#8211; 16 Threads &#8211; Cache 16 Mo)<\/li>\n<li>16 Go de m\u00e9moire DDR5 4800 MHz (2x 8 Go &#8211; 2 slots &#8211; maximum 32 Go)<\/li>\n<li>Ecran de 15.6 pouces avec r\u00e9solution\u00a0<strong>Full HD<\/strong>\u00a0(1920 x 1080) et<strong>\u00a0fr\u00e9quence de 144 Hz<\/strong><\/li>\n<li>Dalle de niveau IPS : couleurs lumineuses et angles de vision larges<\/li>\n<li>Puce graphique\u00a0<strong>NVIDIA GeForce RTX 3070 Ti <\/strong>avec 8 Go de m\u00e9moire GDDR6 (Maximum 1695 MHz + 50MHz OC &#8211; 80W \/ 95W)<\/li>\n<li><strong>Switch MUX<\/strong>\u00a0int\u00e9gr\u00e9, pour passer \u00e0 un mode GPU Direct vers l&#8217;affichage et r\u00e9duire la latence<\/li>\n<li><strong>SSD M.2 PCIe de 512 Go<\/strong>\u00a0+ 1 slot M.2 PCIe libre<\/li>\n<li>Communication sans fil\u00a0<strong>Wi-Fi 6<\/strong>\u00a0+\u00a0<strong>Bluetooth 5.2<\/strong><\/li>\n<li>Clavier \u00e0 touches r\u00e9tro\u00e9clair\u00e9es RGB (une seule couleur active)<\/li>\n<li>2 haut-parleurs avec technologie Dolby Atmos<\/li>\n<li>Syst\u00e8me de refroidissement performant<\/li>\n<li>Webcam HD 720p<\/li>\n<li><strong>Windows 11 Famille<\/strong><\/li>\n<li>Condition : Comme neuf<\/li>\n<\/ul>\n<\/section>\n<\/div>\n<\/div>\n","protected":false},"excerpt":{"rendered":"<p><strong>CARACT\u00c9RISTIQUES PRINCIPALES :<\/strong><\/p>\n<ul>\n<li><strong>Processeur AMD Ryzen 7 6800H<\/strong>\u00a0(Octo-Core 3.2 GHz \/ 4.7 GHz Turbo &#8211; 16 Threads &#8211; Cache 16 Mo)<\/li>\n<li>16 Go de m\u00e9moire DDR5 4800 MHz (2x 8 Go &#8211; 2 slots &#8211; maximum 32 Go)<\/li>\n<li>Ecran de 15.6 pouces avec r\u00e9solution\u00a0<strong>Full HD<\/strong>\u00a0(1920 x 1080) et<strong>\u00a0fr\u00e9quence de 144 Hz<\/strong><\/li>\n<li>Dalle de niveau IPS : couleurs lumineuses et angles de vision larges<\/li>\n<li>Puce graphique\u00a0<strong>NVIDIA GeForce RTX 3070 Ti <\/strong>avec 8 Go de m\u00e9moire GDDR6 (Maximum 1695 MHz + 50MHz OC &#8211; 80W \/ 95W)<\/li>\n<li><strong>Switch MUX<\/strong>\u00a0int\u00e9gr\u00e9, pour passer \u00e0 un mode GPU Direct vers l&#8217;affichage et r\u00e9duire la latence<\/li>\n<li><strong>SSD M.2 PCIe de 512 Go<\/strong>\u00a0+ 1 slot M.2 PCIe libre<\/li>\n<li>Communication sans fil\u00a0<strong>Wi-Fi 6<\/strong>\u00a0+\u00a0<strong>Bluetooth 5.2<\/strong><\/li>\n<li>Clavier \u00e0 touches r\u00e9tro\u00e9clair\u00e9es RGB (une seule couleur active)<\/li>\n<li>2 haut-parleurs avec technologie Dolby Atmos<\/li>\n<li>Syst\u00e8me de refroidissement performant<\/li>\n<li>Webcam HD 720p<\/li>\n<li><strong>Windows 11 Famille<\/strong><\/li>\n<li>Condition : Comme neuf<\/li>\n<\/ul>\n","protected":false},"featured_media":1009569,"template":"","meta":{"_acf_changed":false},"pwb-brand":[],"product_brand":[],"product_cat":[122,121],"product_tag":[],"pcb_component_type":[],"class_list":{"0":"post-9568","1":"product","2":"type-product","3":"status-publish","4":"has-post-thumbnail","6":"product_cat-gaming","7":"product_cat-pc-portable","9":"first","10":"outofstock","11":"shipping-taxable","12":"product-type-simple"},"translation":{"provider":"WPGlobus","version":"3.0.2","language":"fr","enabled_languages":["en","es","de","fr","ru"],"languages":{"en":{"title":true,"content":true,"excerpt":true},"es":{"title":false,"content":false,"excerpt":false},"de":{"title":false,"content":false,"excerpt":false},"fr":{"title":false,"content":false,"excerpt":false},"ru":{"title":false,"content":false,"excerpt":false}}},"acf":[],"yoast_head":"<!-- This site is optimized with the Yoast SEO plugin v27.2 - https:\/\/yoast.com\/product\/yoast-seo-wordpress\/ -->\n<title>ASUS TUF RYZEN 7-6800H \/ 16GB \/ 512GB \/ RTX 3070TI 8GB \/ 15.6&quot; FHD 144hz - Osaka<\/title>\n<meta name=\"robots\" content=\"index, follow, max-snippet:-1, max-image-preview:large, max-video-preview:-1\" \/>\n<link rel=\"canonical\" href=\"https:\/\/osaka.ma\/product\/asus-tuf-ryzen-7-6800h-16gb-512gb-rtx-3070ti-8gb-15-6-fhd-144hz\/\" \/>\n<meta property=\"og:locale\" content=\"fr_FR\" \/>\n<meta property=\"og:type\" content=\"article\" \/>\n<meta property=\"og:title\" content=\"ASUS TUF RYZEN 7-6800H \/ 16GB \/ 512GB \/ RTX 3070TI 8GB \/ 15.6&quot; FHD 144hz - Osaka\" \/>\n<meta property=\"og:url\" content=\"https:\/\/osaka.ma\/product\/asus-tuf-ryzen-7-6800h-16gb-512gb-rtx-3070ti-8gb-15-6-fhd-144hz\/\" \/>\n<meta property=\"og:site_name\" content=\"Osaka\" \/>\n<meta property=\"article:modified_time\" content=\"2024-12-18T15:36:12+00:00\" \/>\n<meta property=\"og:image\" content=\"https:\/\/osaka.ma\/wp-content\/uploads\/2024\/07\/tuf-gaming-5.jpg\" \/>\n\t<meta property=\"og:image:width\" content=\"1600\" \/>\n\t<meta property=\"og:image:height\" content=\"1600\" \/>\n\t<meta property=\"og:image:type\" content=\"image\/jpeg\" \/>\n<meta name=\"twitter:card\" content=\"summary_large_image\" \/>\n<meta name=\"twitter:label1\" content=\"Dur\u00e9e de lecture estim\u00e9e\" \/>\n\t<meta name=\"twitter:data1\" content=\"4 minutes\" \/>\n<script type=\"application\/ld+json\" class=\"yoast-schema-graph\">{\"@context\":\"https:\/\/schema.org\",\"@graph\":[{\"@type\":\"WebPage\",\"@id\":\"https:\/\/osaka.ma\/product\/asus-tuf-ryzen-7-6800h-16gb-512gb-rtx-3070ti-8gb-15-6-fhd-144hz\/\",\"url\":\"https:\/\/osaka.ma\/product\/asus-tuf-ryzen-7-6800h-16gb-512gb-rtx-3070ti-8gb-15-6-fhd-144hz\/\",\"name\":\"ASUS TUF RYZEN 7-6800H \/ 16GB \/ 512GB \/ RTX 3070TI 8GB \/ 15.6\\\" FHD 144hz - Osaka\",\"isPartOf\":{\"@id\":\"https:\/\/osaka.ma\/#website\"},\"primaryImageOfPage\":{\"@id\":\"https:\/\/osaka.ma\/product\/asus-tuf-ryzen-7-6800h-16gb-512gb-rtx-3070ti-8gb-15-6-fhd-144hz\/#primaryimage\"},\"image\":{\"@id\":\"https:\/\/osaka.ma\/product\/asus-tuf-ryzen-7-6800h-16gb-512gb-rtx-3070ti-8gb-15-6-fhd-144hz\/#primaryimage\"},\"thumbnailUrl\":\"https:\/\/osaka.ma\/wp-content\/uploads\/2024\/07\/tuf-gaming-5.jpg\",\"datePublished\":\"2024-07-02T09:34:58+00:00\",\"dateModified\":\"2024-12-18T15:36:12+00:00\",\"breadcrumb\":{\"@id\":\"https:\/\/osaka.ma\/product\/asus-tuf-ryzen-7-6800h-16gb-512gb-rtx-3070ti-8gb-15-6-fhd-144hz\/#breadcrumb\"},\"inLanguage\":\"fr-FR\",\"potentialAction\":[{\"@type\":\"ReadAction\",\"target\":[\"https:\/\/osaka.ma\/product\/asus-tuf-ryzen-7-6800h-16gb-512gb-rtx-3070ti-8gb-15-6-fhd-144hz\/\"]}]},{\"@type\":\"ImageObject\",\"inLanguage\":\"fr-FR\",\"@id\":\"https:\/\/osaka.ma\/product\/asus-tuf-ryzen-7-6800h-16gb-512gb-rtx-3070ti-8gb-15-6-fhd-144hz\/#primaryimage\",\"url\":\"https:\/\/osaka.ma\/wp-content\/uploads\/2024\/07\/tuf-gaming-5.jpg\",\"contentUrl\":\"https:\/\/osaka.ma\/wp-content\/uploads\/2024\/07\/tuf-gaming-5.jpg\",\"width\":1600,\"height\":1600},{\"@type\":\"BreadcrumbList\",\"@id\":\"https:\/\/osaka.ma\/product\/asus-tuf-ryzen-7-6800h-16gb-512gb-rtx-3070ti-8gb-15-6-fhd-144hz\/#breadcrumb\",\"itemListElement\":[{\"@type\":\"ListItem\",\"position\":1,\"name\":\"Home\",\"item\":\"https:\/\/osaka.ma\/\"},{\"@type\":\"ListItem\",\"position\":2,\"name\":\"Shop\",\"item\":\"https:\/\/osaka.ma\/shop-2\/\"},{\"@type\":\"ListItem\",\"position\":3,\"name\":\"ASUS TUF RYZEN 7-6800H \/ 16GB \/ 512GB \/ RTX 3070TI 8GB \/ 15.6&#8243; FHD 144hz\"}]},{\"@type\":\"WebSite\",\"@id\":\"https:\/\/osaka.ma\/#website\",\"url\":\"https:\/\/osaka.ma\/\",\"name\":\"Osaka\",\"description\":\"\",\"publisher\":{\"@id\":\"https:\/\/osaka.ma\/#organization\"},\"potentialAction\":[{\"@type\":\"SearchAction\",\"target\":{\"@type\":\"EntryPoint\",\"urlTemplate\":\"https:\/\/osaka.ma\/?s={search_term_string}\"},\"query-input\":{\"@type\":\"PropertyValueSpecification\",\"valueRequired\":true,\"valueName\":\"search_term_string\"}}],\"inLanguage\":\"fr-FR\"},{\"@type\":\"Organization\",\"@id\":\"https:\/\/osaka.ma\/#organization\",\"name\":\"Osaka\",\"url\":\"https:\/\/osaka.ma\/\",\"logo\":{\"@type\":\"ImageObject\",\"inLanguage\":\"fr-FR\",\"@id\":\"https:\/\/osaka.ma\/#\/schema\/logo\/image\/\",\"url\":\"https:\/\/osaka.ma\/wp-content\/uploads\/2026\/01\/model-slogan-logo-2Plan-de-travail-1dksl-plus-finnn.png\",\"contentUrl\":\"https:\/\/osaka.ma\/wp-content\/uploads\/2026\/01\/model-slogan-logo-2Plan-de-travail-1dksl-plus-finnn.png\",\"width\":842,\"height\":226,\"caption\":\"Osaka\"},\"image\":{\"@id\":\"https:\/\/osaka.ma\/#\/schema\/logo\/image\/\"}}]}<\/script>\n<!-- \/ Yoast SEO plugin. -->","yoast_head_json":{"title":"ASUS TUF RYZEN 7-6800H \/ 16GB \/ 512GB \/ RTX 3070TI 8GB \/ 15.6\" FHD 144hz - Osaka","robots":{"index":"index","follow":"follow","max-snippet":"max-snippet:-1","max-image-preview":"max-image-preview:large","max-video-preview":"max-video-preview:-1"},"canonical":"https:\/\/osaka.ma\/product\/asus-tuf-ryzen-7-6800h-16gb-512gb-rtx-3070ti-8gb-15-6-fhd-144hz\/","og_locale":"fr_FR","og_type":"article","og_title":"ASUS TUF RYZEN 7-6800H \/ 16GB \/ 512GB \/ RTX 3070TI 8GB \/ 15.6\" FHD 144hz - Osaka","og_url":"https:\/\/osaka.ma\/product\/asus-tuf-ryzen-7-6800h-16gb-512gb-rtx-3070ti-8gb-15-6-fhd-144hz\/","og_site_name":"Osaka","article_modified_time":"2024-12-18T15:36:12+00:00","og_image":[{"width":1600,"height":1600,"url":"https:\/\/osaka.ma\/wp-content\/uploads\/2024\/07\/tuf-gaming-5.jpg","type":"image\/jpeg"}],"twitter_card":"summary_large_image","twitter_misc":{"Dur\u00e9e de lecture estim\u00e9e":"4 minutes"},"schema":{"@context":"https:\/\/schema.org","@graph":[{"@type":"WebPage","@id":"https:\/\/osaka.ma\/product\/asus-tuf-ryzen-7-6800h-16gb-512gb-rtx-3070ti-8gb-15-6-fhd-144hz\/","url":"https:\/\/osaka.ma\/product\/asus-tuf-ryzen-7-6800h-16gb-512gb-rtx-3070ti-8gb-15-6-fhd-144hz\/","name":"ASUS TUF RYZEN 7-6800H \/ 16GB \/ 512GB \/ RTX 3070TI 8GB \/ 15.6\" FHD 144hz - Osaka","isPartOf":{"@id":"https:\/\/osaka.ma\/#website"},"primaryImageOfPage":{"@id":"https:\/\/osaka.ma\/product\/asus-tuf-ryzen-7-6800h-16gb-512gb-rtx-3070ti-8gb-15-6-fhd-144hz\/#primaryimage"},"image":{"@id":"https:\/\/osaka.ma\/product\/asus-tuf-ryzen-7-6800h-16gb-512gb-rtx-3070ti-8gb-15-6-fhd-144hz\/#primaryimage"},"thumbnailUrl":"https:\/\/osaka.ma\/wp-content\/uploads\/2024\/07\/tuf-gaming-5.jpg","datePublished":"2024-07-02T09:34:58+00:00","dateModified":"2024-12-18T15:36:12+00:00","breadcrumb":{"@id":"https:\/\/osaka.ma\/product\/asus-tuf-ryzen-7-6800h-16gb-512gb-rtx-3070ti-8gb-15-6-fhd-144hz\/#breadcrumb"},"inLanguage":"fr-FR","potentialAction":[{"@type":"ReadAction","target":["https:\/\/osaka.ma\/product\/asus-tuf-ryzen-7-6800h-16gb-512gb-rtx-3070ti-8gb-15-6-fhd-144hz\/"]}]},{"@type":"ImageObject","inLanguage":"fr-FR","@id":"https:\/\/osaka.ma\/product\/asus-tuf-ryzen-7-6800h-16gb-512gb-rtx-3070ti-8gb-15-6-fhd-144hz\/#primaryimage","url":"https:\/\/osaka.ma\/wp-content\/uploads\/2024\/07\/tuf-gaming-5.jpg","contentUrl":"https:\/\/osaka.ma\/wp-content\/uploads\/2024\/07\/tuf-gaming-5.jpg","width":1600,"height":1600},{"@type":"BreadcrumbList","@id":"https:\/\/osaka.ma\/product\/asus-tuf-ryzen-7-6800h-16gb-512gb-rtx-3070ti-8gb-15-6-fhd-144hz\/#breadcrumb","itemListElement":[{"@type":"ListItem","position":1,"name":"Home","item":"https:\/\/osaka.ma\/"},{"@type":"ListItem","position":2,"name":"Shop","item":"https:\/\/osaka.ma\/shop-2\/"},{"@type":"ListItem","position":3,"name":"ASUS TUF RYZEN 7-6800H \/ 16GB \/ 512GB \/ RTX 3070TI 8GB \/ 15.6&#8243; FHD 144hz"}]},{"@type":"WebSite","@id":"https:\/\/osaka.ma\/#website","url":"https:\/\/osaka.ma\/","name":"Osaka","description":"","publisher":{"@id":"https:\/\/osaka.ma\/#organization"},"potentialAction":[{"@type":"SearchAction","target":{"@type":"EntryPoint","urlTemplate":"https:\/\/osaka.ma\/?s={search_term_string}"},"query-input":{"@type":"PropertyValueSpecification","valueRequired":true,"valueName":"search_term_string"}}],"inLanguage":"fr-FR"},{"@type":"Organization","@id":"https:\/\/osaka.ma\/#organization","name":"Osaka","url":"https:\/\/osaka.ma\/","logo":{"@type":"ImageObject","inLanguage":"fr-FR","@id":"https:\/\/osaka.ma\/#\/schema\/logo\/image\/","url":"https:\/\/osaka.ma\/wp-content\/uploads\/2026\/01\/model-slogan-logo-2Plan-de-travail-1dksl-plus-finnn.png","contentUrl":"https:\/\/osaka.ma\/wp-content\/uploads\/2026\/01\/model-slogan-logo-2Plan-de-travail-1dksl-plus-finnn.png","width":842,"height":226,"caption":"Osaka"},"image":{"@id":"https:\/\/osaka.ma\/#\/schema\/logo\/image\/"}}]}},"jetpack_sharing_enabled":true,"brands":[],"_links":{"self":[{"href":"https:\/\/osaka.ma\/fr\/wp-json\/wp\/v2\/product\/9568","targetHints":{"allow":["GET"]}}],"collection":[{"href":"https:\/\/osaka.ma\/fr\/wp-json\/wp\/v2\/product"}],"about":[{"href":"https:\/\/osaka.ma\/fr\/wp-json\/wp\/v2\/types\/product"}],"version-history":[{"count":0,"href":"https:\/\/osaka.ma\/fr\/wp-json\/wp\/v2\/product\/9568\/revisions"}],"wp:featuredmedia":[{"embeddable":true,"href":"https:\/\/osaka.ma\/fr\/wp-json\/wp\/v2\/media\/1009569"}],"wp:attachment":[{"href":"https:\/\/osaka.ma\/fr\/wp-json\/wp\/v2\/media?parent=9568"}],"wp:term":[{"taxonomy":"pwb-brand","embeddable":true,"href":"https:\/\/osaka.ma\/fr\/wp-json\/wp\/v2\/pwb-brand?post=9568"},{"taxonomy":"product_brand","embeddable":true,"href":"https:\/\/osaka.ma\/fr\/wp-json\/wp\/v2\/product_brand?post=9568"},{"taxonomy":"product_cat","embeddable":true,"href":"https:\/\/osaka.ma\/fr\/wp-json\/wp\/v2\/product_cat?post=9568"},{"taxonomy":"product_tag","embeddable":true,"href":"https:\/\/osaka.ma\/fr\/wp-json\/wp\/v2\/product_tag?post=9568"},{"taxonomy":"pcb_component_type","embeddable":true,"href":"https:\/\/osaka.ma\/fr\/wp-json\/wp\/v2\/pcb_component_type?post=9568"}],"curies":[{"name":"wp","href":"https:\/\/api.w.org\/{rel}","templated":true}]}}