{"id":9619,"date":"2024-07-08T12:53:17","date_gmt":"2024-07-08T12:53:17","guid":{"rendered":"https:\/\/osaka.ma\/?post_type=product&#038;p=9619"},"modified":"2025-04-24T17:14:25","modified_gmt":"2025-04-24T17:14:25","slug":"acer-a750b-full-modular-750w-80-bronze","status":"publish","type":"product","link":"https:\/\/osaka.ma\/fr\/product\/acer-a750b-full-modular-750w-80-bronze\/","title":{"rendered":"ACER A750B FULL MODULAR 750W 80+ BRONZE"},"content":{"rendered":"<h3>Sp\u00e9cifications du produit<\/h3>\n<ul>\n<li>Code produit : AC750FR<\/li>\n<li>Fabricant : Acer<\/li>\n<li>Sp\u00e9cifications du c\u00e2ble : Compl\u00e8tement modulaire<\/li>\n<li>Certification 80 Plus : 80 plus Bronze<\/li>\n<li>Capacit\u00e9 nominale : 750 W<\/li>\n<li>Puissance d\u2019entr\u00e9e : Gamme compl\u00e8te 90 V-260 V, 10-8 A, 50-60 Hz<\/li>\n<li>Caract\u00e9ristiques Protection : OCP\/ OPP\/ SCP<\/li>\n<li>Active PFC : Oui \/ Convertisseur DC TO DC<\/li>\n<li>Certification standard de fabrication : CE, RoHS<\/li>\n<li>Alimentation de la carte :<br \/>\n\u2013 Carte m\u00e8re : 1x 24 broches : 55 cm<br \/>\n\u2013 CPU : 2x 4+4 broches ATX12V : 60 cm + 30 cm<\/li>\n<li>Alimentation du syst\u00e8me :<br \/>\n2x 6+2 broches PCIe : 55 cm *<br \/>\n1x 12VHPWR\/PCIe5.0\u00a0: 55 cm<br \/>\n5x SATA\u00a0: 50 cm + 15 cm + 15 cm*<br \/>\n3x ATA\u00a0: 50 cm + 15 cm + 15 cm<\/li>\n<\/ul>\n<p>&nbsp;<\/p>\n<p><img fetchpriority=\"high\" decoding=\"async\" class=\"wp-image-9616 aligncenter\" src=\"https:\/\/osaka.ma\/wp-content\/uploads\/2024\/07\/Capture-decran-2024-07-08-120626-166x300.png\" sizes=\"(max-width: 317px) 100vw, 317px\" srcset=\"https:\/\/osaka.ma\/wp-content\/uploads\/2024\/07\/Capture-decran-2024-07-08-120626-166x300.png 166w, https:\/\/osaka.ma\/wp-content\/uploads\/2024\/07\/Capture-decran-2024-07-08-120626.png 525w\" alt=\"\" width=\"317\" height=\"573\" \/><\/p>\n<p><img decoding=\"async\" class=\"wp-image-9617 aligncenter\" src=\"https:\/\/osaka.ma\/wp-content\/uploads\/2024\/07\/Capture-decran-2024-07-08-120654-179x300.png\" sizes=\"(max-width: 324px) 100vw, 324px\" srcset=\"https:\/\/osaka.ma\/wp-content\/uploads\/2024\/07\/Capture-decran-2024-07-08-120654-179x300.png 179w, https:\/\/osaka.ma\/wp-content\/uploads\/2024\/07\/Capture-decran-2024-07-08-120654.png 526w\" alt=\"\" width=\"324\" height=\"543\" \/><\/p>\n","protected":false},"excerpt":{"rendered":"<p>&nbsp;<\/p>\n<p>Pr\u00e9sentant l&#8217;Alimentation Modulaire Compl\u00e8te <strong>Acer AC-750 750W<\/strong>. Certifi\u00e9e <strong>80 Plus Bronze<\/strong>, elle fournit une alimentation efficace pour votre syst\u00e8me. Son design modulaire permet une gestion facile des c\u00e2bles, optimisant le flux d&#8217;air. Fiable et robuste, id\u00e9ale pour les t\u00e2ches informatiques exigeantes.<\/p>\n","protected":false},"featured_media":1009620,"template":"","meta":{"_acf_changed":false},"pwb-brand":[],"product_brand":[],"product_cat":[29,17],"product_tag":[],"pcb_component_type":[],"class_list":{"0":"post-9619","1":"product","2":"type-product","3":"status-publish","4":"has-post-thumbnail","6":"product_cat-blocs-dalimentation","7":"product_cat-composants-gaming","9":"first","10":"outofstock","11":"shipping-taxable","12":"product-type-simple"},"translation":{"provider":"WPGlobus","version":"3.0.2","language":"fr","enabled_languages":["en","es","de","fr","ru"],"languages":{"en":{"title":true,"content":true,"excerpt":true},"es":{"title":false,"content":false,"excerpt":false},"de":{"title":false,"content":false,"excerpt":false},"fr":{"title":false,"content":false,"excerpt":false},"ru":{"title":false,"content":false,"excerpt":false}}},"acf":[],"yoast_head":"<!-- This site is optimized with the Yoast SEO plugin v27.2 - https:\/\/yoast.com\/product\/yoast-seo-wordpress\/ -->\n<title>ACER A750B FULL MODULAR 750W 80+ BRONZE - Osaka<\/title>\n<meta name=\"robots\" content=\"index, follow, max-snippet:-1, max-image-preview:large, max-video-preview:-1\" \/>\n<link rel=\"canonical\" href=\"https:\/\/osaka.ma\/product\/acer-a750b-full-modular-750w-80-bronze\/\" \/>\n<meta property=\"og:locale\" content=\"fr_FR\" \/>\n<meta property=\"og:type\" content=\"article\" \/>\n<meta property=\"og:title\" content=\"ACER A750B FULL MODULAR 750W 80+ BRONZE - Osaka\" \/>\n<meta property=\"og:url\" content=\"https:\/\/osaka.ma\/product\/acer-a750b-full-modular-750w-80-bronze\/\" \/>\n<meta property=\"og:site_name\" content=\"Osaka\" \/>\n<meta property=\"article:modified_time\" content=\"2025-04-24T17:14:25+00:00\" \/>\n<meta property=\"og:image\" content=\"https:\/\/osaka.ma\/wp-content\/uploads\/2024\/07\/acer-a750b.jpeg\" \/>\n\t<meta property=\"og:image:width\" content=\"1024\" \/>\n\t<meta property=\"og:image:height\" content=\"1024\" \/>\n\t<meta property=\"og:image:type\" content=\"image\/jpeg\" \/>\n<meta name=\"twitter:card\" content=\"summary_large_image\" \/>\n<meta name=\"twitter:label1\" content=\"Dur\u00e9e de lecture estim\u00e9e\" \/>\n\t<meta name=\"twitter:data1\" content=\"2 minutes\" \/>\n<script type=\"application\/ld+json\" class=\"yoast-schema-graph\">{\"@context\":\"https:\/\/schema.org\",\"@graph\":[{\"@type\":\"WebPage\",\"@id\":\"https:\/\/osaka.ma\/product\/acer-a750b-full-modular-750w-80-bronze\/\",\"url\":\"https:\/\/osaka.ma\/product\/acer-a750b-full-modular-750w-80-bronze\/\",\"name\":\"ACER A750B FULL MODULAR 750W 80+ BRONZE - Osaka\",\"isPartOf\":{\"@id\":\"https:\/\/osaka.ma\/#website\"},\"primaryImageOfPage\":{\"@id\":\"https:\/\/osaka.ma\/product\/acer-a750b-full-modular-750w-80-bronze\/#primaryimage\"},\"image\":{\"@id\":\"https:\/\/osaka.ma\/product\/acer-a750b-full-modular-750w-80-bronze\/#primaryimage\"},\"thumbnailUrl\":\"https:\/\/osaka.ma\/wp-content\/uploads\/2024\/07\/acer-a750b.jpeg\",\"datePublished\":\"2024-07-08T12:53:17+00:00\",\"dateModified\":\"2025-04-24T17:14:25+00:00\",\"breadcrumb\":{\"@id\":\"https:\/\/osaka.ma\/product\/acer-a750b-full-modular-750w-80-bronze\/#breadcrumb\"},\"inLanguage\":\"fr-FR\",\"potentialAction\":[{\"@type\":\"ReadAction\",\"target\":[\"https:\/\/osaka.ma\/product\/acer-a750b-full-modular-750w-80-bronze\/\"]}]},{\"@type\":\"ImageObject\",\"inLanguage\":\"fr-FR\",\"@id\":\"https:\/\/osaka.ma\/product\/acer-a750b-full-modular-750w-80-bronze\/#primaryimage\",\"url\":\"https:\/\/osaka.ma\/wp-content\/uploads\/2024\/07\/acer-a750b.jpeg\",\"contentUrl\":\"https:\/\/osaka.ma\/wp-content\/uploads\/2024\/07\/acer-a750b.jpeg\",\"width\":1024,\"height\":1024},{\"@type\":\"BreadcrumbList\",\"@id\":\"https:\/\/osaka.ma\/product\/acer-a750b-full-modular-750w-80-bronze\/#breadcrumb\",\"itemListElement\":[{\"@type\":\"ListItem\",\"position\":1,\"name\":\"Home\",\"item\":\"https:\/\/osaka.ma\/\"},{\"@type\":\"ListItem\",\"position\":2,\"name\":\"Shop\",\"item\":\"https:\/\/osaka.ma\/shop-2\/\"},{\"@type\":\"ListItem\",\"position\":3,\"name\":\"ACER A750B FULL MODULAR 750W 80+ BRONZE\"}]},{\"@type\":\"WebSite\",\"@id\":\"https:\/\/osaka.ma\/#website\",\"url\":\"https:\/\/osaka.ma\/\",\"name\":\"Osaka\",\"description\":\"\",\"publisher\":{\"@id\":\"https:\/\/osaka.ma\/#organization\"},\"potentialAction\":[{\"@type\":\"SearchAction\",\"target\":{\"@type\":\"EntryPoint\",\"urlTemplate\":\"https:\/\/osaka.ma\/?s={search_term_string}\"},\"query-input\":{\"@type\":\"PropertyValueSpecification\",\"valueRequired\":true,\"valueName\":\"search_term_string\"}}],\"inLanguage\":\"fr-FR\"},{\"@type\":\"Organization\",\"@id\":\"https:\/\/osaka.ma\/#organization\",\"name\":\"Osaka\",\"url\":\"https:\/\/osaka.ma\/\",\"logo\":{\"@type\":\"ImageObject\",\"inLanguage\":\"fr-FR\",\"@id\":\"https:\/\/osaka.ma\/#\/schema\/logo\/image\/\",\"url\":\"https:\/\/osaka.ma\/wp-content\/uploads\/2026\/01\/model-slogan-logo-2Plan-de-travail-1dksl-plus-finnn.png\",\"contentUrl\":\"https:\/\/osaka.ma\/wp-content\/uploads\/2026\/01\/model-slogan-logo-2Plan-de-travail-1dksl-plus-finnn.png\",\"width\":842,\"height\":226,\"caption\":\"Osaka\"},\"image\":{\"@id\":\"https:\/\/osaka.ma\/#\/schema\/logo\/image\/\"}}]}<\/script>\n<!-- \/ Yoast SEO plugin. -->","yoast_head_json":{"title":"ACER A750B FULL MODULAR 750W 80+ BRONZE - Osaka","robots":{"index":"index","follow":"follow","max-snippet":"max-snippet:-1","max-image-preview":"max-image-preview:large","max-video-preview":"max-video-preview:-1"},"canonical":"https:\/\/osaka.ma\/product\/acer-a750b-full-modular-750w-80-bronze\/","og_locale":"fr_FR","og_type":"article","og_title":"ACER A750B FULL MODULAR 750W 80+ BRONZE - Osaka","og_url":"https:\/\/osaka.ma\/product\/acer-a750b-full-modular-750w-80-bronze\/","og_site_name":"Osaka","article_modified_time":"2025-04-24T17:14:25+00:00","og_image":[{"width":1024,"height":1024,"url":"https:\/\/osaka.ma\/wp-content\/uploads\/2024\/07\/acer-a750b.jpeg","type":"image\/jpeg"}],"twitter_card":"summary_large_image","twitter_misc":{"Dur\u00e9e de lecture estim\u00e9e":"2 minutes"},"schema":{"@context":"https:\/\/schema.org","@graph":[{"@type":"WebPage","@id":"https:\/\/osaka.ma\/product\/acer-a750b-full-modular-750w-80-bronze\/","url":"https:\/\/osaka.ma\/product\/acer-a750b-full-modular-750w-80-bronze\/","name":"ACER A750B FULL MODULAR 750W 80+ BRONZE - Osaka","isPartOf":{"@id":"https:\/\/osaka.ma\/#website"},"primaryImageOfPage":{"@id":"https:\/\/osaka.ma\/product\/acer-a750b-full-modular-750w-80-bronze\/#primaryimage"},"image":{"@id":"https:\/\/osaka.ma\/product\/acer-a750b-full-modular-750w-80-bronze\/#primaryimage"},"thumbnailUrl":"https:\/\/osaka.ma\/wp-content\/uploads\/2024\/07\/acer-a750b.jpeg","datePublished":"2024-07-08T12:53:17+00:00","dateModified":"2025-04-24T17:14:25+00:00","breadcrumb":{"@id":"https:\/\/osaka.ma\/product\/acer-a750b-full-modular-750w-80-bronze\/#breadcrumb"},"inLanguage":"fr-FR","potentialAction":[{"@type":"ReadAction","target":["https:\/\/osaka.ma\/product\/acer-a750b-full-modular-750w-80-bronze\/"]}]},{"@type":"ImageObject","inLanguage":"fr-FR","@id":"https:\/\/osaka.ma\/product\/acer-a750b-full-modular-750w-80-bronze\/#primaryimage","url":"https:\/\/osaka.ma\/wp-content\/uploads\/2024\/07\/acer-a750b.jpeg","contentUrl":"https:\/\/osaka.ma\/wp-content\/uploads\/2024\/07\/acer-a750b.jpeg","width":1024,"height":1024},{"@type":"BreadcrumbList","@id":"https:\/\/osaka.ma\/product\/acer-a750b-full-modular-750w-80-bronze\/#breadcrumb","itemListElement":[{"@type":"ListItem","position":1,"name":"Home","item":"https:\/\/osaka.ma\/"},{"@type":"ListItem","position":2,"name":"Shop","item":"https:\/\/osaka.ma\/shop-2\/"},{"@type":"ListItem","position":3,"name":"ACER A750B FULL MODULAR 750W 80+ BRONZE"}]},{"@type":"WebSite","@id":"https:\/\/osaka.ma\/#website","url":"https:\/\/osaka.ma\/","name":"Osaka","description":"","publisher":{"@id":"https:\/\/osaka.ma\/#organization"},"potentialAction":[{"@type":"SearchAction","target":{"@type":"EntryPoint","urlTemplate":"https:\/\/osaka.ma\/?s={search_term_string}"},"query-input":{"@type":"PropertyValueSpecification","valueRequired":true,"valueName":"search_term_string"}}],"inLanguage":"fr-FR"},{"@type":"Organization","@id":"https:\/\/osaka.ma\/#organization","name":"Osaka","url":"https:\/\/osaka.ma\/","logo":{"@type":"ImageObject","inLanguage":"fr-FR","@id":"https:\/\/osaka.ma\/#\/schema\/logo\/image\/","url":"https:\/\/osaka.ma\/wp-content\/uploads\/2026\/01\/model-slogan-logo-2Plan-de-travail-1dksl-plus-finnn.png","contentUrl":"https:\/\/osaka.ma\/wp-content\/uploads\/2026\/01\/model-slogan-logo-2Plan-de-travail-1dksl-plus-finnn.png","width":842,"height":226,"caption":"Osaka"},"image":{"@id":"https:\/\/osaka.ma\/#\/schema\/logo\/image\/"}}]}},"jetpack_sharing_enabled":true,"brands":[],"_links":{"self":[{"href":"https:\/\/osaka.ma\/fr\/wp-json\/wp\/v2\/product\/9619","targetHints":{"allow":["GET"]}}],"collection":[{"href":"https:\/\/osaka.ma\/fr\/wp-json\/wp\/v2\/product"}],"about":[{"href":"https:\/\/osaka.ma\/fr\/wp-json\/wp\/v2\/types\/product"}],"version-history":[{"count":0,"href":"https:\/\/osaka.ma\/fr\/wp-json\/wp\/v2\/product\/9619\/revisions"}],"wp:featuredmedia":[{"embeddable":true,"href":"https:\/\/osaka.ma\/fr\/wp-json\/wp\/v2\/media\/1009620"}],"wp:attachment":[{"href":"https:\/\/osaka.ma\/fr\/wp-json\/wp\/v2\/media?parent=9619"}],"wp:term":[{"taxonomy":"pwb-brand","embeddable":true,"href":"https:\/\/osaka.ma\/fr\/wp-json\/wp\/v2\/pwb-brand?post=9619"},{"taxonomy":"product_brand","embeddable":true,"href":"https:\/\/osaka.ma\/fr\/wp-json\/wp\/v2\/product_brand?post=9619"},{"taxonomy":"product_cat","embeddable":true,"href":"https:\/\/osaka.ma\/fr\/wp-json\/wp\/v2\/product_cat?post=9619"},{"taxonomy":"product_tag","embeddable":true,"href":"https:\/\/osaka.ma\/fr\/wp-json\/wp\/v2\/product_tag?post=9619"},{"taxonomy":"pcb_component_type","embeddable":true,"href":"https:\/\/osaka.ma\/fr\/wp-json\/wp\/v2\/pcb_component_type?post=9619"}],"curies":[{"name":"wp","href":"https:\/\/api.w.org\/{rel}","templated":true}]}}