{"id":9627,"date":"2024-07-09T10:34:00","date_gmt":"2024-07-09T10:34:00","guid":{"rendered":"https:\/\/osaka.ma\/?post_type=product&#038;p=9627"},"modified":"2025-04-24T13:35:43","modified_gmt":"2025-04-24T13:35:43","slug":"boitier-pc-e-acer-v300bk-noir","status":"publish","type":"product","link":"https:\/\/osaka.ma\/fr\/product\/boitier-pc-e-acer-v300bk-noir\/","title":{"rendered":"BOITIER PC E-ACER V300BK (NOIR)"},"content":{"rendered":"","protected":false},"excerpt":{"rendered":"<h4><\/h4>\n<h5>E-ACER V300BK (5 FANS RGB INCLUS)<\/h5>\n<p><strong>Sp\u00e9cifications du Produit :<\/strong><\/p>\n<ul>\n<li>Facteur de forme de la carte m\u00e8re (M\/B) : <strong>MICRO ATX \/ ITX<\/strong><\/li>\n<li>Ports I\/O : <strong>1x USB 3.0 ; 1x USB 2.0 ; 1x Port Audio.<\/strong><\/li>\n<li>Panneau lat\u00e9ral : <strong>Panneau lat\u00e9ral en verre tremp\u00e9<\/strong><\/li>\n<li>Capacit\u00e9 mat\u00e9rielle : <strong>2*HDD + 3*SSD<\/strong><\/li>\n<li>Prend en charge les cartes VGA jusqu&#8217;\u00e0 : <strong>340 mm<\/strong><\/li>\n<li>Hauteur maximale du CPU : <strong>160 mm<\/strong><\/li>\n<li>Emplacements <strong>PCI : 7<\/strong><\/li>\n<\/ul>\n<p><strong>Positions des ventilateurs :<\/strong><\/p>\n<ul>\n<li><strong>Avant : 2 ventilateurs<\/strong> de refroidissement de 12 cm ou un refroidisseur \u00e0 eau de 240 mm.<\/li>\n<li><strong>Haut : 2 ventilateurs<\/strong> de refroidissement de 12 cm ou 2 ventilateurs de refroidissement de 14 cm.<\/li>\n<li><strong>Arri\u00e8re : 1 ventilateur<\/strong> de refroidissement de 12 cm ou un refroidisseur \u00e0 eau de 120 mm.<\/li>\n<li>Dimensions du ch\u00e2ssis : L350 x l275 x H304<\/li>\n<li>Dimensions de production : L350 x l275 x H304<\/li>\n<li>Dimensions du carton : L340 x l325 x H405<\/li>\n<li><strong>Mat\u00e9riau du ch\u00e2ssis : Aluminium<\/strong> + SPCC, \u00e9paisseur de 0,8 mm<\/li>\n<li><strong>Mat\u00e9riau du panneau avant : Aluminium<\/strong><\/li>\n<li>Poids net \/ Poids brut : 4,7 kg \/ 3,8 kg<\/li>\n<\/ul>\n","protected":false},"featured_media":1009628,"template":"","meta":{"_acf_changed":false},"pwb-brand":[],"product_brand":[],"product_cat":[27,17],"product_tag":[],"pcb_component_type":[],"class_list":{"0":"post-9627","1":"product","2":"type-product","3":"status-publish","4":"has-post-thumbnail","6":"product_cat-boitiers-pc","7":"product_cat-composants-gaming","9":"first","10":"instock","11":"sale","12":"shipping-taxable","13":"purchasable","14":"product-type-simple"},"translation":{"provider":"WPGlobus","version":"3.0.2","language":"fr","enabled_languages":["en","es","de","fr","ru"],"languages":{"en":{"title":true,"content":false,"excerpt":true},"es":{"title":false,"content":false,"excerpt":false},"de":{"title":false,"content":false,"excerpt":false},"fr":{"title":false,"content":false,"excerpt":false},"ru":{"title":false,"content":false,"excerpt":false}}},"acf":[],"yoast_head":"<!-- This site is optimized with the Yoast SEO plugin v27.2 - https:\/\/yoast.com\/product\/yoast-seo-wordpress\/ -->\n<title>BOITIER PC E-ACER V300BK (NOIR) - Osaka<\/title>\n<meta name=\"robots\" content=\"index, follow, max-snippet:-1, max-image-preview:large, max-video-preview:-1\" \/>\n<link rel=\"canonical\" href=\"https:\/\/osaka.ma\/product\/boitier-pc-e-acer-v300bk-noir\/\" \/>\n<meta property=\"og:locale\" content=\"fr_FR\" \/>\n<meta property=\"og:type\" content=\"article\" \/>\n<meta property=\"og:title\" content=\"BOITIER PC E-ACER V300BK (NOIR) - Osaka\" \/>\n<meta property=\"og:url\" content=\"https:\/\/osaka.ma\/product\/boitier-pc-e-acer-v300bk-noir\/\" \/>\n<meta property=\"og:site_name\" content=\"Osaka\" \/>\n<meta property=\"article:modified_time\" content=\"2025-04-24T13:35:43+00:00\" \/>\n<meta property=\"og:image\" content=\"https:\/\/osaka.ma\/wp-content\/uploads\/2024\/07\/v300b-removebg-preview.png\" \/>\n\t<meta property=\"og:image:width\" content=\"547\" \/>\n\t<meta property=\"og:image:height\" content=\"437\" \/>\n\t<meta property=\"og:image:type\" content=\"image\/png\" \/>\n<meta name=\"twitter:card\" content=\"summary_large_image\" \/>\n<meta name=\"twitter:label1\" content=\"Dur\u00e9e de lecture estim\u00e9e\" \/>\n\t<meta name=\"twitter:data1\" content=\"1 minute\" \/>\n<script type=\"application\/ld+json\" class=\"yoast-schema-graph\">{\"@context\":\"https:\/\/schema.org\",\"@graph\":[{\"@type\":\"WebPage\",\"@id\":\"https:\/\/osaka.ma\/product\/boitier-pc-e-acer-v300bk-noir\/\",\"url\":\"https:\/\/osaka.ma\/product\/boitier-pc-e-acer-v300bk-noir\/\",\"name\":\"BOITIER PC E-ACER V300BK (NOIR) - Osaka\",\"isPartOf\":{\"@id\":\"https:\/\/osaka.ma\/#website\"},\"primaryImageOfPage\":{\"@id\":\"https:\/\/osaka.ma\/product\/boitier-pc-e-acer-v300bk-noir\/#primaryimage\"},\"image\":{\"@id\":\"https:\/\/osaka.ma\/product\/boitier-pc-e-acer-v300bk-noir\/#primaryimage\"},\"thumbnailUrl\":\"https:\/\/osaka.ma\/wp-content\/uploads\/2024\/07\/v300b-removebg-preview.png\",\"datePublished\":\"2024-07-09T10:34:00+00:00\",\"dateModified\":\"2025-04-24T13:35:43+00:00\",\"breadcrumb\":{\"@id\":\"https:\/\/osaka.ma\/product\/boitier-pc-e-acer-v300bk-noir\/#breadcrumb\"},\"inLanguage\":\"fr-FR\",\"potentialAction\":[{\"@type\":\"ReadAction\",\"target\":[\"https:\/\/osaka.ma\/product\/boitier-pc-e-acer-v300bk-noir\/\"]}]},{\"@type\":\"ImageObject\",\"inLanguage\":\"fr-FR\",\"@id\":\"https:\/\/osaka.ma\/product\/boitier-pc-e-acer-v300bk-noir\/#primaryimage\",\"url\":\"https:\/\/osaka.ma\/wp-content\/uploads\/2024\/07\/v300b-removebg-preview.png\",\"contentUrl\":\"https:\/\/osaka.ma\/wp-content\/uploads\/2024\/07\/v300b-removebg-preview.png\",\"width\":547,\"height\":437},{\"@type\":\"BreadcrumbList\",\"@id\":\"https:\/\/osaka.ma\/product\/boitier-pc-e-acer-v300bk-noir\/#breadcrumb\",\"itemListElement\":[{\"@type\":\"ListItem\",\"position\":1,\"name\":\"Home\",\"item\":\"https:\/\/osaka.ma\/\"},{\"@type\":\"ListItem\",\"position\":2,\"name\":\"Shop\",\"item\":\"https:\/\/osaka.ma\/shop-2\/\"},{\"@type\":\"ListItem\",\"position\":3,\"name\":\"BOITIER PC E-ACER V300BK (NOIR)\"}]},{\"@type\":\"WebSite\",\"@id\":\"https:\/\/osaka.ma\/#website\",\"url\":\"https:\/\/osaka.ma\/\",\"name\":\"Osaka\",\"description\":\"\",\"publisher\":{\"@id\":\"https:\/\/osaka.ma\/#organization\"},\"potentialAction\":[{\"@type\":\"SearchAction\",\"target\":{\"@type\":\"EntryPoint\",\"urlTemplate\":\"https:\/\/osaka.ma\/?s={search_term_string}\"},\"query-input\":{\"@type\":\"PropertyValueSpecification\",\"valueRequired\":true,\"valueName\":\"search_term_string\"}}],\"inLanguage\":\"fr-FR\"},{\"@type\":\"Organization\",\"@id\":\"https:\/\/osaka.ma\/#organization\",\"name\":\"Osaka\",\"url\":\"https:\/\/osaka.ma\/\",\"logo\":{\"@type\":\"ImageObject\",\"inLanguage\":\"fr-FR\",\"@id\":\"https:\/\/osaka.ma\/#\/schema\/logo\/image\/\",\"url\":\"https:\/\/osaka.ma\/wp-content\/uploads\/2026\/01\/model-slogan-logo-2Plan-de-travail-1dksl-plus-finnn.png\",\"contentUrl\":\"https:\/\/osaka.ma\/wp-content\/uploads\/2026\/01\/model-slogan-logo-2Plan-de-travail-1dksl-plus-finnn.png\",\"width\":842,\"height\":226,\"caption\":\"Osaka\"},\"image\":{\"@id\":\"https:\/\/osaka.ma\/#\/schema\/logo\/image\/\"}}]}<\/script>\n<!-- \/ Yoast SEO plugin. -->","yoast_head_json":{"title":"BOITIER PC E-ACER V300BK (NOIR) - Osaka","robots":{"index":"index","follow":"follow","max-snippet":"max-snippet:-1","max-image-preview":"max-image-preview:large","max-video-preview":"max-video-preview:-1"},"canonical":"https:\/\/osaka.ma\/product\/boitier-pc-e-acer-v300bk-noir\/","og_locale":"fr_FR","og_type":"article","og_title":"BOITIER PC E-ACER V300BK (NOIR) - Osaka","og_url":"https:\/\/osaka.ma\/product\/boitier-pc-e-acer-v300bk-noir\/","og_site_name":"Osaka","article_modified_time":"2025-04-24T13:35:43+00:00","og_image":[{"width":547,"height":437,"url":"https:\/\/osaka.ma\/wp-content\/uploads\/2024\/07\/v300b-removebg-preview.png","type":"image\/png"}],"twitter_card":"summary_large_image","twitter_misc":{"Dur\u00e9e de lecture estim\u00e9e":"1 minute"},"schema":{"@context":"https:\/\/schema.org","@graph":[{"@type":"WebPage","@id":"https:\/\/osaka.ma\/product\/boitier-pc-e-acer-v300bk-noir\/","url":"https:\/\/osaka.ma\/product\/boitier-pc-e-acer-v300bk-noir\/","name":"BOITIER PC E-ACER V300BK (NOIR) - Osaka","isPartOf":{"@id":"https:\/\/osaka.ma\/#website"},"primaryImageOfPage":{"@id":"https:\/\/osaka.ma\/product\/boitier-pc-e-acer-v300bk-noir\/#primaryimage"},"image":{"@id":"https:\/\/osaka.ma\/product\/boitier-pc-e-acer-v300bk-noir\/#primaryimage"},"thumbnailUrl":"https:\/\/osaka.ma\/wp-content\/uploads\/2024\/07\/v300b-removebg-preview.png","datePublished":"2024-07-09T10:34:00+00:00","dateModified":"2025-04-24T13:35:43+00:00","breadcrumb":{"@id":"https:\/\/osaka.ma\/product\/boitier-pc-e-acer-v300bk-noir\/#breadcrumb"},"inLanguage":"fr-FR","potentialAction":[{"@type":"ReadAction","target":["https:\/\/osaka.ma\/product\/boitier-pc-e-acer-v300bk-noir\/"]}]},{"@type":"ImageObject","inLanguage":"fr-FR","@id":"https:\/\/osaka.ma\/product\/boitier-pc-e-acer-v300bk-noir\/#primaryimage","url":"https:\/\/osaka.ma\/wp-content\/uploads\/2024\/07\/v300b-removebg-preview.png","contentUrl":"https:\/\/osaka.ma\/wp-content\/uploads\/2024\/07\/v300b-removebg-preview.png","width":547,"height":437},{"@type":"BreadcrumbList","@id":"https:\/\/osaka.ma\/product\/boitier-pc-e-acer-v300bk-noir\/#breadcrumb","itemListElement":[{"@type":"ListItem","position":1,"name":"Home","item":"https:\/\/osaka.ma\/"},{"@type":"ListItem","position":2,"name":"Shop","item":"https:\/\/osaka.ma\/shop-2\/"},{"@type":"ListItem","position":3,"name":"BOITIER PC E-ACER V300BK (NOIR)"}]},{"@type":"WebSite","@id":"https:\/\/osaka.ma\/#website","url":"https:\/\/osaka.ma\/","name":"Osaka","description":"","publisher":{"@id":"https:\/\/osaka.ma\/#organization"},"potentialAction":[{"@type":"SearchAction","target":{"@type":"EntryPoint","urlTemplate":"https:\/\/osaka.ma\/?s={search_term_string}"},"query-input":{"@type":"PropertyValueSpecification","valueRequired":true,"valueName":"search_term_string"}}],"inLanguage":"fr-FR"},{"@type":"Organization","@id":"https:\/\/osaka.ma\/#organization","name":"Osaka","url":"https:\/\/osaka.ma\/","logo":{"@type":"ImageObject","inLanguage":"fr-FR","@id":"https:\/\/osaka.ma\/#\/schema\/logo\/image\/","url":"https:\/\/osaka.ma\/wp-content\/uploads\/2026\/01\/model-slogan-logo-2Plan-de-travail-1dksl-plus-finnn.png","contentUrl":"https:\/\/osaka.ma\/wp-content\/uploads\/2026\/01\/model-slogan-logo-2Plan-de-travail-1dksl-plus-finnn.png","width":842,"height":226,"caption":"Osaka"},"image":{"@id":"https:\/\/osaka.ma\/#\/schema\/logo\/image\/"}}]}},"jetpack_sharing_enabled":true,"brands":[],"_links":{"self":[{"href":"https:\/\/osaka.ma\/fr\/wp-json\/wp\/v2\/product\/9627","targetHints":{"allow":["GET"]}}],"collection":[{"href":"https:\/\/osaka.ma\/fr\/wp-json\/wp\/v2\/product"}],"about":[{"href":"https:\/\/osaka.ma\/fr\/wp-json\/wp\/v2\/types\/product"}],"version-history":[{"count":0,"href":"https:\/\/osaka.ma\/fr\/wp-json\/wp\/v2\/product\/9627\/revisions"}],"wp:featuredmedia":[{"embeddable":true,"href":"https:\/\/osaka.ma\/fr\/wp-json\/wp\/v2\/media\/1009628"}],"wp:attachment":[{"href":"https:\/\/osaka.ma\/fr\/wp-json\/wp\/v2\/media?parent=9627"}],"wp:term":[{"taxonomy":"pwb-brand","embeddable":true,"href":"https:\/\/osaka.ma\/fr\/wp-json\/wp\/v2\/pwb-brand?post=9627"},{"taxonomy":"product_brand","embeddable":true,"href":"https:\/\/osaka.ma\/fr\/wp-json\/wp\/v2\/product_brand?post=9627"},{"taxonomy":"product_cat","embeddable":true,"href":"https:\/\/osaka.ma\/fr\/wp-json\/wp\/v2\/product_cat?post=9627"},{"taxonomy":"product_tag","embeddable":true,"href":"https:\/\/osaka.ma\/fr\/wp-json\/wp\/v2\/product_tag?post=9627"},{"taxonomy":"pcb_component_type","embeddable":true,"href":"https:\/\/osaka.ma\/fr\/wp-json\/wp\/v2\/pcb_component_type?post=9627"}],"curies":[{"name":"wp","href":"https:\/\/api.w.org\/{rel}","templated":true}]}}