{"id":9629,"date":"2024-07-09T11:01:03","date_gmt":"2024-07-09T11:01:03","guid":{"rendered":"https:\/\/osaka.ma\/?post_type=product&#038;p=9629"},"modified":"2025-04-24T14:02:11","modified_gmt":"2025-04-24T14:02:11","slug":"boitier-pc-e-acer-v930bk-noir","status":"publish","type":"product","link":"https:\/\/osaka.ma\/fr\/product\/boitier-pc-e-acer-v930bk-noir\/","title":{"rendered":"BOITIER PC E-ACER V930BK (NOIR)"},"content":{"rendered":"","protected":false},"excerpt":{"rendered":"<h5><strong>E-ACER V930BK (6 FANS RGB INCLUS)<\/strong><\/h5>\n<p><strong>Sp\u00e9cifications du Produit :<\/strong><\/p>\n<ul>\n<li>Facteur de forme de la <strong>Carte M\u00e8re (M\/B) : ATX \/ MICRO ATX \/ ITX<\/strong><\/li>\n<li>Ports d&#8217;I\/O : <strong>1x USB 3.0 ; 2x USB 1.1 ; 1x Port Audio.<\/strong><\/li>\n<li>Panneau lat\u00e9ral : Panneau avant et Panneau lat\u00e9ral en verre tremp\u00e9<\/li>\n<li>Capacit\u00e9 mat\u00e9rielle : 2xHDD + 3xSSD ou 1xHDD + 3xSSD<\/li>\n<li>Prend en charge les cartes VGA jusqu&#8217;\u00e0 : 400mm<\/li>\n<li>Hauteur maximale du CPU : 165mm<\/li>\n<li>Emplacements PCI : 7<\/li>\n<\/ul>\n<p><strong>Positions des ventilateurs :<\/strong><\/p>\n<ul>\n<li><strong>Haut<\/strong> : 3 ventilateurs de 120mm ou 2 ventilateurs de 140mm ou refroidisseur liquide de 360\/280mm.<\/li>\n<li><strong>Carte M\u00e8re<\/strong> <strong>: 2 ventilateurs<\/strong> de 120mm.<\/li>\n<li><strong>Couverture de l&#8217;alimentation (PSU)<\/strong> : <strong>3 ventilateurs<\/strong> de 120 mm.<\/li>\n<li><strong>Arri\u00e8re : 1 ventilateur<\/strong> de 120 mm ou refroidisseur liquide de 120mm.<\/li>\n<li>Dimensions du ch\u00e2ssis : L425 x l210 x H478mm<\/li>\n<li>Dimensions de production : L350 x l275 x H304<\/li>\n<li>Dimensions du carton : L525 x l270 x H490 mm<\/li>\n<li><strong>Mat\u00e9riau du ch\u00e2ssis : Aluminium<\/strong> + SPCC, \u00e9paisseur de 0,8 mm<\/li>\n<li>Poids net \/ Poids brut : 4,7 kg \/ 3,8 kg<\/li>\n<\/ul>\n","protected":false},"featured_media":1009630,"template":"","meta":{"_acf_changed":false},"pwb-brand":[],"product_brand":[],"product_cat":[27,17],"product_tag":[],"pcb_component_type":[],"class_list":{"0":"post-9629","1":"product","2":"type-product","3":"status-publish","4":"has-post-thumbnail","6":"product_cat-boitiers-pc","7":"product_cat-composants-gaming","9":"first","10":"outofstock","11":"shipping-taxable","12":"product-type-simple"},"translation":{"provider":"WPGlobus","version":"3.0.2","language":"fr","enabled_languages":["en","es","de","fr","ru"],"languages":{"en":{"title":true,"content":false,"excerpt":true},"es":{"title":false,"content":false,"excerpt":false},"de":{"title":false,"content":false,"excerpt":false},"fr":{"title":false,"content":false,"excerpt":false},"ru":{"title":false,"content":false,"excerpt":false}}},"acf":[],"yoast_head":"<!-- This site is optimized with the Yoast SEO plugin v27.2 - https:\/\/yoast.com\/product\/yoast-seo-wordpress\/ -->\n<title>BOITIER PC E-ACER V930BK (NOIR) - Osaka<\/title>\n<meta name=\"robots\" content=\"index, follow, max-snippet:-1, max-image-preview:large, max-video-preview:-1\" \/>\n<link rel=\"canonical\" href=\"https:\/\/osaka.ma\/product\/boitier-pc-e-acer-v930bk-noir\/\" \/>\n<meta property=\"og:locale\" content=\"fr_FR\" \/>\n<meta property=\"og:type\" content=\"article\" \/>\n<meta property=\"og:title\" content=\"BOITIER PC E-ACER V930BK (NOIR) - Osaka\" \/>\n<meta property=\"og:url\" content=\"https:\/\/osaka.ma\/product\/boitier-pc-e-acer-v930bk-noir\/\" \/>\n<meta property=\"og:site_name\" content=\"Osaka\" \/>\n<meta property=\"article:modified_time\" content=\"2025-04-24T14:02:11+00:00\" \/>\n<meta property=\"og:image\" content=\"https:\/\/osaka.ma\/wp-content\/uploads\/2024\/07\/V930B-removebg-preview.png\" \/>\n\t<meta property=\"og:image:width\" content=\"598\" \/>\n\t<meta property=\"og:image:height\" content=\"417\" \/>\n\t<meta property=\"og:image:type\" content=\"image\/png\" \/>\n<meta name=\"twitter:card\" content=\"summary_large_image\" \/>\n<meta name=\"twitter:label1\" content=\"Dur\u00e9e de lecture estim\u00e9e\" \/>\n\t<meta name=\"twitter:data1\" content=\"1 minute\" \/>\n<script type=\"application\/ld+json\" class=\"yoast-schema-graph\">{\"@context\":\"https:\/\/schema.org\",\"@graph\":[{\"@type\":\"WebPage\",\"@id\":\"https:\/\/osaka.ma\/product\/boitier-pc-e-acer-v930bk-noir\/\",\"url\":\"https:\/\/osaka.ma\/product\/boitier-pc-e-acer-v930bk-noir\/\",\"name\":\"BOITIER PC E-ACER V930BK (NOIR) - Osaka\",\"isPartOf\":{\"@id\":\"https:\/\/osaka.ma\/#website\"},\"primaryImageOfPage\":{\"@id\":\"https:\/\/osaka.ma\/product\/boitier-pc-e-acer-v930bk-noir\/#primaryimage\"},\"image\":{\"@id\":\"https:\/\/osaka.ma\/product\/boitier-pc-e-acer-v930bk-noir\/#primaryimage\"},\"thumbnailUrl\":\"https:\/\/osaka.ma\/wp-content\/uploads\/2024\/07\/V930B-removebg-preview.png\",\"datePublished\":\"2024-07-09T11:01:03+00:00\",\"dateModified\":\"2025-04-24T14:02:11+00:00\",\"breadcrumb\":{\"@id\":\"https:\/\/osaka.ma\/product\/boitier-pc-e-acer-v930bk-noir\/#breadcrumb\"},\"inLanguage\":\"fr-FR\",\"potentialAction\":[{\"@type\":\"ReadAction\",\"target\":[\"https:\/\/osaka.ma\/product\/boitier-pc-e-acer-v930bk-noir\/\"]}]},{\"@type\":\"ImageObject\",\"inLanguage\":\"fr-FR\",\"@id\":\"https:\/\/osaka.ma\/product\/boitier-pc-e-acer-v930bk-noir\/#primaryimage\",\"url\":\"https:\/\/osaka.ma\/wp-content\/uploads\/2024\/07\/V930B-removebg-preview.png\",\"contentUrl\":\"https:\/\/osaka.ma\/wp-content\/uploads\/2024\/07\/V930B-removebg-preview.png\",\"width\":598,\"height\":417},{\"@type\":\"BreadcrumbList\",\"@id\":\"https:\/\/osaka.ma\/product\/boitier-pc-e-acer-v930bk-noir\/#breadcrumb\",\"itemListElement\":[{\"@type\":\"ListItem\",\"position\":1,\"name\":\"Home\",\"item\":\"https:\/\/osaka.ma\/\"},{\"@type\":\"ListItem\",\"position\":2,\"name\":\"Shop\",\"item\":\"https:\/\/osaka.ma\/shop-2\/\"},{\"@type\":\"ListItem\",\"position\":3,\"name\":\"BOITIER PC E-ACER V930BK (NOIR)\"}]},{\"@type\":\"WebSite\",\"@id\":\"https:\/\/osaka.ma\/#website\",\"url\":\"https:\/\/osaka.ma\/\",\"name\":\"Osaka\",\"description\":\"\",\"publisher\":{\"@id\":\"https:\/\/osaka.ma\/#organization\"},\"potentialAction\":[{\"@type\":\"SearchAction\",\"target\":{\"@type\":\"EntryPoint\",\"urlTemplate\":\"https:\/\/osaka.ma\/?s={search_term_string}\"},\"query-input\":{\"@type\":\"PropertyValueSpecification\",\"valueRequired\":true,\"valueName\":\"search_term_string\"}}],\"inLanguage\":\"fr-FR\"},{\"@type\":\"Organization\",\"@id\":\"https:\/\/osaka.ma\/#organization\",\"name\":\"Osaka\",\"url\":\"https:\/\/osaka.ma\/\",\"logo\":{\"@type\":\"ImageObject\",\"inLanguage\":\"fr-FR\",\"@id\":\"https:\/\/osaka.ma\/#\/schema\/logo\/image\/\",\"url\":\"https:\/\/osaka.ma\/wp-content\/uploads\/2026\/01\/model-slogan-logo-2Plan-de-travail-1dksl-plus-finnn.png\",\"contentUrl\":\"https:\/\/osaka.ma\/wp-content\/uploads\/2026\/01\/model-slogan-logo-2Plan-de-travail-1dksl-plus-finnn.png\",\"width\":842,\"height\":226,\"caption\":\"Osaka\"},\"image\":{\"@id\":\"https:\/\/osaka.ma\/#\/schema\/logo\/image\/\"}}]}<\/script>\n<!-- \/ Yoast SEO plugin. -->","yoast_head_json":{"title":"BOITIER PC E-ACER V930BK (NOIR) - Osaka","robots":{"index":"index","follow":"follow","max-snippet":"max-snippet:-1","max-image-preview":"max-image-preview:large","max-video-preview":"max-video-preview:-1"},"canonical":"https:\/\/osaka.ma\/product\/boitier-pc-e-acer-v930bk-noir\/","og_locale":"fr_FR","og_type":"article","og_title":"BOITIER PC E-ACER V930BK (NOIR) - Osaka","og_url":"https:\/\/osaka.ma\/product\/boitier-pc-e-acer-v930bk-noir\/","og_site_name":"Osaka","article_modified_time":"2025-04-24T14:02:11+00:00","og_image":[{"width":598,"height":417,"url":"https:\/\/osaka.ma\/wp-content\/uploads\/2024\/07\/V930B-removebg-preview.png","type":"image\/png"}],"twitter_card":"summary_large_image","twitter_misc":{"Dur\u00e9e de lecture estim\u00e9e":"1 minute"},"schema":{"@context":"https:\/\/schema.org","@graph":[{"@type":"WebPage","@id":"https:\/\/osaka.ma\/product\/boitier-pc-e-acer-v930bk-noir\/","url":"https:\/\/osaka.ma\/product\/boitier-pc-e-acer-v930bk-noir\/","name":"BOITIER PC E-ACER V930BK (NOIR) - Osaka","isPartOf":{"@id":"https:\/\/osaka.ma\/#website"},"primaryImageOfPage":{"@id":"https:\/\/osaka.ma\/product\/boitier-pc-e-acer-v930bk-noir\/#primaryimage"},"image":{"@id":"https:\/\/osaka.ma\/product\/boitier-pc-e-acer-v930bk-noir\/#primaryimage"},"thumbnailUrl":"https:\/\/osaka.ma\/wp-content\/uploads\/2024\/07\/V930B-removebg-preview.png","datePublished":"2024-07-09T11:01:03+00:00","dateModified":"2025-04-24T14:02:11+00:00","breadcrumb":{"@id":"https:\/\/osaka.ma\/product\/boitier-pc-e-acer-v930bk-noir\/#breadcrumb"},"inLanguage":"fr-FR","potentialAction":[{"@type":"ReadAction","target":["https:\/\/osaka.ma\/product\/boitier-pc-e-acer-v930bk-noir\/"]}]},{"@type":"ImageObject","inLanguage":"fr-FR","@id":"https:\/\/osaka.ma\/product\/boitier-pc-e-acer-v930bk-noir\/#primaryimage","url":"https:\/\/osaka.ma\/wp-content\/uploads\/2024\/07\/V930B-removebg-preview.png","contentUrl":"https:\/\/osaka.ma\/wp-content\/uploads\/2024\/07\/V930B-removebg-preview.png","width":598,"height":417},{"@type":"BreadcrumbList","@id":"https:\/\/osaka.ma\/product\/boitier-pc-e-acer-v930bk-noir\/#breadcrumb","itemListElement":[{"@type":"ListItem","position":1,"name":"Home","item":"https:\/\/osaka.ma\/"},{"@type":"ListItem","position":2,"name":"Shop","item":"https:\/\/osaka.ma\/shop-2\/"},{"@type":"ListItem","position":3,"name":"BOITIER PC E-ACER V930BK (NOIR)"}]},{"@type":"WebSite","@id":"https:\/\/osaka.ma\/#website","url":"https:\/\/osaka.ma\/","name":"Osaka","description":"","publisher":{"@id":"https:\/\/osaka.ma\/#organization"},"potentialAction":[{"@type":"SearchAction","target":{"@type":"EntryPoint","urlTemplate":"https:\/\/osaka.ma\/?s={search_term_string}"},"query-input":{"@type":"PropertyValueSpecification","valueRequired":true,"valueName":"search_term_string"}}],"inLanguage":"fr-FR"},{"@type":"Organization","@id":"https:\/\/osaka.ma\/#organization","name":"Osaka","url":"https:\/\/osaka.ma\/","logo":{"@type":"ImageObject","inLanguage":"fr-FR","@id":"https:\/\/osaka.ma\/#\/schema\/logo\/image\/","url":"https:\/\/osaka.ma\/wp-content\/uploads\/2026\/01\/model-slogan-logo-2Plan-de-travail-1dksl-plus-finnn.png","contentUrl":"https:\/\/osaka.ma\/wp-content\/uploads\/2026\/01\/model-slogan-logo-2Plan-de-travail-1dksl-plus-finnn.png","width":842,"height":226,"caption":"Osaka"},"image":{"@id":"https:\/\/osaka.ma\/#\/schema\/logo\/image\/"}}]}},"jetpack_sharing_enabled":true,"brands":[],"_links":{"self":[{"href":"https:\/\/osaka.ma\/fr\/wp-json\/wp\/v2\/product\/9629","targetHints":{"allow":["GET"]}}],"collection":[{"href":"https:\/\/osaka.ma\/fr\/wp-json\/wp\/v2\/product"}],"about":[{"href":"https:\/\/osaka.ma\/fr\/wp-json\/wp\/v2\/types\/product"}],"version-history":[{"count":0,"href":"https:\/\/osaka.ma\/fr\/wp-json\/wp\/v2\/product\/9629\/revisions"}],"wp:featuredmedia":[{"embeddable":true,"href":"https:\/\/osaka.ma\/fr\/wp-json\/wp\/v2\/media\/1009630"}],"wp:attachment":[{"href":"https:\/\/osaka.ma\/fr\/wp-json\/wp\/v2\/media?parent=9629"}],"wp:term":[{"taxonomy":"pwb-brand","embeddable":true,"href":"https:\/\/osaka.ma\/fr\/wp-json\/wp\/v2\/pwb-brand?post=9629"},{"taxonomy":"product_brand","embeddable":true,"href":"https:\/\/osaka.ma\/fr\/wp-json\/wp\/v2\/product_brand?post=9629"},{"taxonomy":"product_cat","embeddable":true,"href":"https:\/\/osaka.ma\/fr\/wp-json\/wp\/v2\/product_cat?post=9629"},{"taxonomy":"product_tag","embeddable":true,"href":"https:\/\/osaka.ma\/fr\/wp-json\/wp\/v2\/product_tag?post=9629"},{"taxonomy":"pcb_component_type","embeddable":true,"href":"https:\/\/osaka.ma\/fr\/wp-json\/wp\/v2\/pcb_component_type?post=9629"}],"curies":[{"name":"wp","href":"https:\/\/api.w.org\/{rel}","templated":true}]}}