{"id":9958,"date":"2024-07-31T13:32:18","date_gmt":"2024-07-31T13:32:18","guid":{"rendered":"https:\/\/osaka.ma\/?post_type=product&#038;p=9958"},"modified":"2025-10-30T01:04:45","modified_gmt":"2025-10-30T00:04:45","slug":"32gb-16x2-teamgroup-delta-rgb-ddr5-6400mhz-cl32-white","status":"publish","type":"product","link":"https:\/\/osaka.ma\/fr\/product\/32gb-16x2-teamgroup-delta-rgb-ddr5-6400mhz-cl32-white\/","title":{"rendered":"32GB ( 16&#215;2 ) TeamGroup Delta RGB DDR5 6400MHz CL32 &#8211; White"},"content":{"rendered":"<h2>Team Group Delta RGB White 32Go (2 x 16Go) DDR5 6400MHz<\/h2>\n<p>La <strong>Team Group Delta DDR5 6400\u202fMHz<\/strong> est une m\u00e9moire haute performance, id\u00e9ale pour gamers, cr\u00e9ateurs et professionnels. Elle assure fluidit\u00e9 et rapidit\u00e9 pour les applications et jeux exigeants.<\/p>\n<h3>Technologie DDR5 de nouvelle g\u00e9n\u00e9ration<\/h3>\n<div class=\"text-base my-auto mx-auto pb-10 [--thread-content-margin:--spacing(4)] @[37rem]:[--thread-content-margin:--spacing(6)] @[72rem]:[--thread-content-margin:--spacing(16)] px-(--thread-content-margin)\">\n<div class=\"[--thread-content-max-width:32rem] @[34rem]:[--thread-content-max-width:40rem] @[64rem]:[--thread-content-max-width:48rem] mx-auto max-w-(--thread-content-max-width) flex-1 group\/turn-messages focus-visible:outline-hidden relative flex w-full min-w-0 flex-col agent-turn\" tabindex=\"-1\">\n<div class=\"flex max-w-full flex-col grow\">\n<div class=\"min-h-8 text-message relative flex w-full flex-col items-end gap-2 text-start break-words whitespace-normal [.text-message+&amp;]:mt-5\" dir=\"auto\" data-message-author-role=\"assistant\" data-message-id=\"8085f6bd-fe6f-4db7-ab43-da286c45c4d0\" data-message-model-slug=\"gpt-5-mini\">\n<div class=\"flex w-full flex-col gap-1 empty:hidden first:pt-[3px]\">\n<div class=\"markdown prose dark:prose-invert w-full break-words dark markdown-new-styling\">\n<p data-start=\"0\" data-end=\"185\" data-is-last-node=\"\" data-is-only-node=\"\">La Team Group Delta <strong>RGB DDR5 6400\u202fMHz<\/strong> offre une bande passante \u00e9lev\u00e9e et des transferts ultra-rapides, garantissant r\u00e9activit\u00e9 et temps de chargement r\u00e9duits pour une exp\u00e9rience fluide.<\/p>\n<\/div>\n<\/div>\n<\/div>\n<\/div>\n<\/div>\n<\/div>\n<h3>Design blanc avec \u00e9clairage RGB personnalisable<\/h3>\n<div class=\"text-base my-auto mx-auto pb-10 [--thread-content-margin:--spacing(4)] @[37rem]:[--thread-content-margin:--spacing(6)] @[72rem]:[--thread-content-margin:--spacing(16)] px-(--thread-content-margin)\">\n<div class=\"[--thread-content-max-width:32rem] @[34rem]:[--thread-content-max-width:40rem] @[64rem]:[--thread-content-max-width:48rem] mx-auto max-w-(--thread-content-max-width) flex-1 group\/turn-messages focus-visible:outline-hidden relative flex w-full min-w-0 flex-col agent-turn\" tabindex=\"-1\">\n<div class=\"flex max-w-full flex-col grow\">\n<div class=\"min-h-8 text-message relative flex w-full flex-col items-end gap-2 text-start break-words whitespace-normal [.text-message+&amp;]:mt-5\" dir=\"auto\" data-message-author-role=\"assistant\" data-message-id=\"8b00f80e-5b6e-4093-9ff5-3fb96f8acbe6\" data-message-model-slug=\"gpt-5-mini\">\n<div class=\"flex w-full flex-col gap-1 empty:hidden first:pt-[3px]\">\n<div class=\"markdown prose dark:prose-invert w-full break-words dark markdown-new-styling\">\n<p data-start=\"0\" data-end=\"174\" data-is-last-node=\"\" data-is-only-node=\"\">La Team Group Delta RGB White s\u00e9duit par son design blanc \u00e9l\u00e9gant et son \u00e9clairage RGB personnalisable, synchronisable avec d\u2019autres composants via le logiciel T-FORCE BLITZ.<\/p>\n<\/div>\n<\/div>\n<\/div>\n<\/div>\n<\/div>\n<\/div>\n<h3>Fiabilit\u00e9 et durabilit\u00e9 in\u00e9gal\u00e9es<\/h3>\n<p>La <strong>Team Group Delta RGB DDR5<\/strong> garantit fiabilit\u00e9 et performances stables, avec des modules test\u00e9s pour des cycles rapides m\u00eame sous forte charge.<\/p>\n<h3>Installation facile et compatibilit\u00e9 \u00e9tendue<\/h3>\n<div class=\"text-base my-auto mx-auto pb-10 [--thread-content-margin:--spacing(4)] @[37rem]:[--thread-content-margin:--spacing(6)] @[72rem]:[--thread-content-margin:--spacing(16)] px-(--thread-content-margin)\">\n<div class=\"[--thread-content-max-width:32rem] @[34rem]:[--thread-content-max-width:40rem] @[64rem]:[--thread-content-max-width:48rem] mx-auto max-w-(--thread-content-max-width) flex-1 group\/turn-messages focus-visible:outline-hidden relative flex w-full min-w-0 flex-col agent-turn\" tabindex=\"-1\">\n<div class=\"flex max-w-full flex-col grow\">\n<div class=\"min-h-8 text-message relative flex w-full flex-col items-end gap-2 text-start break-words whitespace-normal [.text-message+&amp;]:mt-5\" dir=\"auto\" data-message-author-role=\"assistant\" data-message-id=\"8cb5c59e-746e-4c7e-96da-fa9ffb495d0a\" data-message-model-slug=\"gpt-5-mini\">\n<div class=\"flex w-full flex-col gap-1 empty:hidden first:pt-[3px]\">\n<div class=\"markdown prose dark:prose-invert w-full break-words dark markdown-new-styling\">\n<p data-start=\"0\" data-end=\"198\" data-is-last-node=\"\" data-is-only-node=\"\">La Team Group Delta <strong>RGB DDR5<\/strong> s\u2019installe facilement et est compatible avec de nombreuses cartes m\u00e8res. Avec le support <strong>Intel XMP 3.0<\/strong>, l\u2019overclocking est simple et s\u00fbr pour des performances optimales.<\/p>\n<h3>Caract\u00e9ristiques Principales :<\/h3>\n<div class=\"[--thread-content-max-width:32rem] @[34rem]:[--thread-content-max-width:40rem] @[64rem]:[--thread-content-max-width:48rem] mx-auto max-w-(--thread-content-max-width) flex-1 group\/turn-messages focus-visible:outline-hidden relative flex w-full min-w-0 flex-col agent-turn\" tabindex=\"-1\">\n<div class=\"flex max-w-full flex-col grow\">\n<div class=\"min-h-8 text-message relative flex w-full flex-col items-end gap-2 text-start break-words whitespace-normal [.text-message+&amp;]:mt-5\" dir=\"auto\" data-message-author-role=\"assistant\" data-message-id=\"7008acd6-5ceb-46e8-aa33-014186730b2c\" data-message-model-slug=\"gpt-5-mini\">\n<div class=\"flex w-full flex-col gap-1 empty:hidden first:pt-[3px]\">\n<div class=\"markdown prose dark:prose-invert w-full break-words dark markdown-new-styling\">\n<ul data-start=\"0\" data-end=\"134\" data-is-last-node=\"\" data-is-only-node=\"\">\n<li data-start=\"0\" data-end=\"30\">\n<p data-start=\"2\" data-end=\"30\"><strong data-start=\"2\" data-end=\"21\" data-is-only-node=\"\">Type de m\u00e9moire<\/strong> : DDR5<\/p>\n<\/li>\n<li data-start=\"31\" data-end=\"72\">\n<p data-start=\"33\" data-end=\"72\"><strong data-start=\"33\" data-end=\"52\" data-is-only-node=\"\">Capacit\u00e9 totale<\/strong> : 32\u202fGo (2\u00d716\u202fGo)<\/p>\n<\/li>\n<li data-start=\"73\" data-end=\"109\">\n<p data-start=\"75\" data-end=\"109\"><strong data-start=\"75\" data-end=\"96\" data-is-only-node=\"\">Fr\u00e9quence m\u00e9moire<\/strong> : 6400\u202fMHz<\/p>\n<\/li>\n<li data-start=\"110\" data-end=\"134\" data-is-last-node=\"\">\n<p data-start=\"112\" data-end=\"134\" data-is-last-node=\"\"><strong data-start=\"112\" data-end=\"127\" data-is-only-node=\"\">CAS Latency<\/strong> : CL32<\/p>\n<\/li>\n<\/ul>\n<\/div>\n<\/div>\n<\/div>\n<\/div>\n<\/div>\n<\/div>\n<p data-start=\"0\" data-end=\"198\" data-is-last-node=\"\" data-is-only-node=\"\">\n<\/div>\n<\/div>\n<\/div>\n<\/div>\n<\/div>\n","protected":false},"excerpt":{"rendered":"<p>La m\u00e9moire <strong>DDR5 Team Group Delta RGB<\/strong> b\u00e9n\u00e9ficie d&#8217;une dissipation thermique largement am\u00e9lior\u00e9e pour optimiser la fiabilit\u00e9 et d&#8217;un style gaming assum\u00e9 gr\u00e2ce \u00e0 son dissipateur. Elle est \u00e9galement compatible avec les processeurs <strong>Intel<\/strong> et <strong>AMD<\/strong> les plus r\u00e9cents avec le style caract\u00e9ristique <strong>T-Force<\/strong>.<\/p>\n","protected":false},"featured_media":1017360,"template":"","meta":{"_acf_changed":false},"pwb-brand":[],"product_brand":[102],"product_cat":[17,116,18],"product_tag":[],"pcb_component_type":[],"class_list":{"0":"post-9958","1":"product","2":"type-product","3":"status-publish","4":"has-post-thumbnail","6":"product_brand-team-group","7":"product_cat-composants-gaming","8":"product_cat-ddr5","9":"product_cat-ram","11":"first","12":"outofstock","13":"shipping-taxable","14":"product-type-simple"},"translation":{"provider":"WPGlobus","version":"3.0.2","language":"fr","enabled_languages":["en","es","de","fr","ru"],"languages":{"en":{"title":true,"content":true,"excerpt":true},"es":{"title":false,"content":false,"excerpt":false},"de":{"title":false,"content":false,"excerpt":false},"fr":{"title":false,"content":false,"excerpt":false},"ru":{"title":false,"content":false,"excerpt":false}}},"acf":[],"yoast_head":"<!-- This site is optimized with the Yoast SEO plugin v27.2 - https:\/\/yoast.com\/product\/yoast-seo-wordpress\/ -->\n<title>32GB DDR5 Team Group Delta RGB CL32 White - Osaka<\/title>\n<meta name=\"robots\" content=\"index, follow, max-snippet:-1, max-image-preview:large, max-video-preview:-1\" \/>\n<link rel=\"canonical\" href=\"https:\/\/osaka.ma\/product\/32gb-16x2-teamgroup-delta-rgb-ddr5-6400mhz-cl32-white\/\" \/>\n<meta property=\"og:locale\" content=\"fr_FR\" \/>\n<meta property=\"og:type\" content=\"article\" \/>\n<meta property=\"og:title\" content=\"32GB ( 16x2 ) TeamGroup Delta RGB DDR5 6400MHz CL32 - White - Osaka\" \/>\n<meta property=\"og:url\" content=\"https:\/\/osaka.ma\/product\/32gb-16x2-teamgroup-delta-rgb-ddr5-6400mhz-cl32-white\/\" \/>\n<meta property=\"og:site_name\" content=\"Osaka\" \/>\n<meta property=\"article:modified_time\" content=\"2025-10-30T00:04:45+00:00\" \/>\n<meta property=\"og:image\" content=\"https:\/\/osaka.ma\/wp-content\/uploads\/2024\/07\/Team-Group-Delta-RGB-White.jpg\" \/>\n\t<meta property=\"og:image:width\" content=\"600\" \/>\n\t<meta property=\"og:image:height\" content=\"600\" \/>\n\t<meta property=\"og:image:type\" content=\"image\/jpeg\" \/>\n<meta name=\"twitter:card\" content=\"summary_large_image\" \/>\n<meta name=\"twitter:label1\" content=\"Dur\u00e9e de lecture estim\u00e9e\" \/>\n\t<meta name=\"twitter:data1\" content=\"2 minutes\" \/>\n<script type=\"application\/ld+json\" class=\"yoast-schema-graph\">{\"@context\":\"https:\/\/schema.org\",\"@graph\":[{\"@type\":\"WebPage\",\"@id\":\"https:\/\/osaka.ma\/product\/32gb-16x2-teamgroup-delta-rgb-ddr5-6400mhz-cl32-white\/\",\"url\":\"https:\/\/osaka.ma\/product\/32gb-16x2-teamgroup-delta-rgb-ddr5-6400mhz-cl32-white\/\",\"name\":\"32GB DDR5 Team Group Delta RGB CL32 White - Osaka\",\"isPartOf\":{\"@id\":\"https:\/\/osaka.ma\/#website\"},\"primaryImageOfPage\":{\"@id\":\"https:\/\/osaka.ma\/product\/32gb-16x2-teamgroup-delta-rgb-ddr5-6400mhz-cl32-white\/#primaryimage\"},\"image\":{\"@id\":\"https:\/\/osaka.ma\/product\/32gb-16x2-teamgroup-delta-rgb-ddr5-6400mhz-cl32-white\/#primaryimage\"},\"thumbnailUrl\":\"https:\/\/osaka.ma\/wp-content\/uploads\/2024\/07\/Team-Group-Delta-RGB-White.jpg\",\"datePublished\":\"2024-07-31T13:32:18+00:00\",\"dateModified\":\"2025-10-30T00:04:45+00:00\",\"description\":\"Am\u00e9liorez votre performance avec la Team Group Delta RGB 32GB DDR5! Id\u00e9al pour les gamers, cette m\u00e9moire garantit fluidit\u00e9 et rapidit\u00e9.\",\"breadcrumb\":{\"@id\":\"https:\/\/osaka.ma\/product\/32gb-16x2-teamgroup-delta-rgb-ddr5-6400mhz-cl32-white\/#breadcrumb\"},\"inLanguage\":\"fr-FR\",\"potentialAction\":[{\"@type\":\"ReadAction\",\"target\":[\"https:\/\/osaka.ma\/product\/32gb-16x2-teamgroup-delta-rgb-ddr5-6400mhz-cl32-white\/\"]}]},{\"@type\":\"ImageObject\",\"inLanguage\":\"fr-FR\",\"@id\":\"https:\/\/osaka.ma\/product\/32gb-16x2-teamgroup-delta-rgb-ddr5-6400mhz-cl32-white\/#primaryimage\",\"url\":\"https:\/\/osaka.ma\/wp-content\/uploads\/2024\/07\/Team-Group-Delta-RGB-White.jpg\",\"contentUrl\":\"https:\/\/osaka.ma\/wp-content\/uploads\/2024\/07\/Team-Group-Delta-RGB-White.jpg\",\"width\":600,\"height\":600,\"caption\":\"Team Group Delta RGB White\"},{\"@type\":\"BreadcrumbList\",\"@id\":\"https:\/\/osaka.ma\/product\/32gb-16x2-teamgroup-delta-rgb-ddr5-6400mhz-cl32-white\/#breadcrumb\",\"itemListElement\":[{\"@type\":\"ListItem\",\"position\":1,\"name\":\"Home\",\"item\":\"https:\/\/osaka.ma\/\"},{\"@type\":\"ListItem\",\"position\":2,\"name\":\"Shop\",\"item\":\"https:\/\/osaka.ma\/shop-2\/\"},{\"@type\":\"ListItem\",\"position\":3,\"name\":\"32GB ( 16&#215;2 ) TeamGroup Delta RGB DDR5 6400MHz CL32 &#8211; White\"}]},{\"@type\":\"WebSite\",\"@id\":\"https:\/\/osaka.ma\/#website\",\"url\":\"https:\/\/osaka.ma\/\",\"name\":\"Osaka\",\"description\":\"\",\"publisher\":{\"@id\":\"https:\/\/osaka.ma\/#organization\"},\"potentialAction\":[{\"@type\":\"SearchAction\",\"target\":{\"@type\":\"EntryPoint\",\"urlTemplate\":\"https:\/\/osaka.ma\/?s={search_term_string}\"},\"query-input\":{\"@type\":\"PropertyValueSpecification\",\"valueRequired\":true,\"valueName\":\"search_term_string\"}}],\"inLanguage\":\"fr-FR\"},{\"@type\":\"Organization\",\"@id\":\"https:\/\/osaka.ma\/#organization\",\"name\":\"Osaka\",\"url\":\"https:\/\/osaka.ma\/\",\"logo\":{\"@type\":\"ImageObject\",\"inLanguage\":\"fr-FR\",\"@id\":\"https:\/\/osaka.ma\/#\/schema\/logo\/image\/\",\"url\":\"https:\/\/osaka.ma\/wp-content\/uploads\/2026\/01\/model-slogan-logo-2Plan-de-travail-1dksl-plus-finnn.png\",\"contentUrl\":\"https:\/\/osaka.ma\/wp-content\/uploads\/2026\/01\/model-slogan-logo-2Plan-de-travail-1dksl-plus-finnn.png\",\"width\":842,\"height\":226,\"caption\":\"Osaka\"},\"image\":{\"@id\":\"https:\/\/osaka.ma\/#\/schema\/logo\/image\/\"}}]}<\/script>\n<!-- \/ Yoast SEO plugin. -->","yoast_head_json":{"title":"32GB DDR5 Team Group Delta RGB CL32 White - Osaka","robots":{"index":"index","follow":"follow","max-snippet":"max-snippet:-1","max-image-preview":"max-image-preview:large","max-video-preview":"max-video-preview:-1"},"canonical":"https:\/\/osaka.ma\/product\/32gb-16x2-teamgroup-delta-rgb-ddr5-6400mhz-cl32-white\/","og_locale":"fr_FR","og_type":"article","og_title":"32GB ( 16x2 ) TeamGroup Delta RGB DDR5 6400MHz CL32 - White - Osaka","og_url":"https:\/\/osaka.ma\/product\/32gb-16x2-teamgroup-delta-rgb-ddr5-6400mhz-cl32-white\/","og_site_name":"Osaka","article_modified_time":"2025-10-30T00:04:45+00:00","og_image":[{"width":600,"height":600,"url":"https:\/\/osaka.ma\/wp-content\/uploads\/2024\/07\/Team-Group-Delta-RGB-White.jpg","type":"image\/jpeg"}],"twitter_card":"summary_large_image","twitter_misc":{"Dur\u00e9e de lecture estim\u00e9e":"2 minutes"},"schema":{"@context":"https:\/\/schema.org","@graph":[{"@type":"WebPage","@id":"https:\/\/osaka.ma\/product\/32gb-16x2-teamgroup-delta-rgb-ddr5-6400mhz-cl32-white\/","url":"https:\/\/osaka.ma\/product\/32gb-16x2-teamgroup-delta-rgb-ddr5-6400mhz-cl32-white\/","name":"32GB DDR5 Team Group Delta RGB CL32 White - Osaka","isPartOf":{"@id":"https:\/\/osaka.ma\/#website"},"primaryImageOfPage":{"@id":"https:\/\/osaka.ma\/product\/32gb-16x2-teamgroup-delta-rgb-ddr5-6400mhz-cl32-white\/#primaryimage"},"image":{"@id":"https:\/\/osaka.ma\/product\/32gb-16x2-teamgroup-delta-rgb-ddr5-6400mhz-cl32-white\/#primaryimage"},"thumbnailUrl":"https:\/\/osaka.ma\/wp-content\/uploads\/2024\/07\/Team-Group-Delta-RGB-White.jpg","datePublished":"2024-07-31T13:32:18+00:00","dateModified":"2025-10-30T00:04:45+00:00","description":"Am\u00e9liorez votre performance avec la Team Group Delta RGB 32GB DDR5! Id\u00e9al pour les gamers, cette m\u00e9moire garantit fluidit\u00e9 et rapidit\u00e9.","breadcrumb":{"@id":"https:\/\/osaka.ma\/product\/32gb-16x2-teamgroup-delta-rgb-ddr5-6400mhz-cl32-white\/#breadcrumb"},"inLanguage":"fr-FR","potentialAction":[{"@type":"ReadAction","target":["https:\/\/osaka.ma\/product\/32gb-16x2-teamgroup-delta-rgb-ddr5-6400mhz-cl32-white\/"]}]},{"@type":"ImageObject","inLanguage":"fr-FR","@id":"https:\/\/osaka.ma\/product\/32gb-16x2-teamgroup-delta-rgb-ddr5-6400mhz-cl32-white\/#primaryimage","url":"https:\/\/osaka.ma\/wp-content\/uploads\/2024\/07\/Team-Group-Delta-RGB-White.jpg","contentUrl":"https:\/\/osaka.ma\/wp-content\/uploads\/2024\/07\/Team-Group-Delta-RGB-White.jpg","width":600,"height":600,"caption":"Team Group Delta RGB White"},{"@type":"BreadcrumbList","@id":"https:\/\/osaka.ma\/product\/32gb-16x2-teamgroup-delta-rgb-ddr5-6400mhz-cl32-white\/#breadcrumb","itemListElement":[{"@type":"ListItem","position":1,"name":"Home","item":"https:\/\/osaka.ma\/"},{"@type":"ListItem","position":2,"name":"Shop","item":"https:\/\/osaka.ma\/shop-2\/"},{"@type":"ListItem","position":3,"name":"32GB ( 16&#215;2 ) TeamGroup Delta RGB DDR5 6400MHz CL32 &#8211; White"}]},{"@type":"WebSite","@id":"https:\/\/osaka.ma\/#website","url":"https:\/\/osaka.ma\/","name":"Osaka","description":"","publisher":{"@id":"https:\/\/osaka.ma\/#organization"},"potentialAction":[{"@type":"SearchAction","target":{"@type":"EntryPoint","urlTemplate":"https:\/\/osaka.ma\/?s={search_term_string}"},"query-input":{"@type":"PropertyValueSpecification","valueRequired":true,"valueName":"search_term_string"}}],"inLanguage":"fr-FR"},{"@type":"Organization","@id":"https:\/\/osaka.ma\/#organization","name":"Osaka","url":"https:\/\/osaka.ma\/","logo":{"@type":"ImageObject","inLanguage":"fr-FR","@id":"https:\/\/osaka.ma\/#\/schema\/logo\/image\/","url":"https:\/\/osaka.ma\/wp-content\/uploads\/2026\/01\/model-slogan-logo-2Plan-de-travail-1dksl-plus-finnn.png","contentUrl":"https:\/\/osaka.ma\/wp-content\/uploads\/2026\/01\/model-slogan-logo-2Plan-de-travail-1dksl-plus-finnn.png","width":842,"height":226,"caption":"Osaka"},"image":{"@id":"https:\/\/osaka.ma\/#\/schema\/logo\/image\/"}}]}},"jetpack_sharing_enabled":true,"brands":[],"_links":{"self":[{"href":"https:\/\/osaka.ma\/fr\/wp-json\/wp\/v2\/product\/9958","targetHints":{"allow":["GET"]}}],"collection":[{"href":"https:\/\/osaka.ma\/fr\/wp-json\/wp\/v2\/product"}],"about":[{"href":"https:\/\/osaka.ma\/fr\/wp-json\/wp\/v2\/types\/product"}],"version-history":[{"count":0,"href":"https:\/\/osaka.ma\/fr\/wp-json\/wp\/v2\/product\/9958\/revisions"}],"wp:featuredmedia":[{"embeddable":true,"href":"https:\/\/osaka.ma\/fr\/wp-json\/wp\/v2\/media\/1017360"}],"wp:attachment":[{"href":"https:\/\/osaka.ma\/fr\/wp-json\/wp\/v2\/media?parent=9958"}],"wp:term":[{"taxonomy":"pwb-brand","embeddable":true,"href":"https:\/\/osaka.ma\/fr\/wp-json\/wp\/v2\/pwb-brand?post=9958"},{"taxonomy":"product_brand","embeddable":true,"href":"https:\/\/osaka.ma\/fr\/wp-json\/wp\/v2\/product_brand?post=9958"},{"taxonomy":"product_cat","embeddable":true,"href":"https:\/\/osaka.ma\/fr\/wp-json\/wp\/v2\/product_cat?post=9958"},{"taxonomy":"product_tag","embeddable":true,"href":"https:\/\/osaka.ma\/fr\/wp-json\/wp\/v2\/product_tag?post=9958"},{"taxonomy":"pcb_component_type","embeddable":true,"href":"https:\/\/osaka.ma\/fr\/wp-json\/wp\/v2\/pcb_component_type?post=9958"}],"curies":[{"name":"wp","href":"https:\/\/api.w.org\/{rel}","templated":true}]}}