{"id":10006,"date":"2024-08-05T12:04:47","date_gmt":"2024-08-05T12:04:47","guid":{"rendered":"https:\/\/osaka.ma\/?post_type=product&#038;p=10006"},"modified":"2025-04-12T12:00:23","modified_gmt":"2025-04-12T12:00:23","slug":"zotac-geforce-rtx-3060-12gb-twin-edge","status":"publish","type":"product","link":"https:\/\/osaka.ma\/ru\/product\/zotac-geforce-rtx-3060-12gb-twin-edge\/","title":{"rendered":"ZOTAC GeForce RTX 3060 12GB Twin Edge"},"content":{"rendered":"<div class=\"logo\"><img decoding=\"async\" class=\"aligncenter\" src=\"https:\/\/media.ldlc.com\/v3\/marque\/190\/C000034387.gif\" alt=\"ZOTAC\" \/><\/div>\n<div id=\"description\" class=\"description\">\n<div class=\"details-pdt-desc\">\n<h2><\/h2>\n<h2 class=\"h2-master\">NVIDIA GeForce RTX 3060 : La meilleure fa\u00e7on de jouer<\/h2>\n<section>Avec le\u00a0<strong>mod\u00e8le GeForce RTX 3060<\/strong>,\u00a0<strong>NVIDIA\u00a0<\/strong>rend encore plus accessibles les performances de haute vol\u00e9e propos\u00e9es par les cartes graphiques Amp\u00e8re. Des graphismes sublim\u00e9s, une fluidit\u00e9 remarquable et un r\u00e9alisme incroyable vous permettront de profiter au mieux des jeux PC les plus r\u00e9cents. Il ne vous reste plus qu&#8217;\u00e0 plonger au coeur de l&#8217;action et \u00e0 vous immerger totalement dans la partie. La\u00a0<strong>carte graphique ZOTAC GeForce RTX 3060 Twin Edge<\/strong>\u00a0embarque\u00a0<strong>12 GB de m\u00e9moire vid\u00e9o<\/strong>\u00a0de nouvelle g\u00e9n\u00e9ration\u00a0<strong>GDDR6<\/strong>. Ce mod\u00e8le b\u00e9n\u00e9ficie de<strong>\u00a0fr\u00e9quences de fonctionnement \u00e9lev\u00e9es<\/strong>\u00a0et d&#8217;un<strong>\u00a0syst\u00e8me de refroidissement am\u00e9lior\u00e9<\/strong>\u00a0gage de fiabilit\u00e9 et de performances \u00e0 long terme.<\/section>\n<section>\n<div class=\"desc-image\"><img decoding=\"async\" src=\"https:\/\/media.ldlc.com\/bo\/images\/fiches\/carte_graphique\/zotac\/zotac_rtx_twin-edge_001.jpg\" alt=\"\" \/><\/div>\n<div class=\"desc-text\">\n<h2><\/h2>\n<h2>ZOTAC GeForce RTX 3060 Twin Edge<\/h2>\n<p>La\u00a0<strong>RTX 3060 Twin Edge\u00a0de Zotac<\/strong>\u00a0est pourvue des technologies exclusives IceStorm 2.0 et Fire Storm qui permettent une meilleur refroidissement, un fonctionnement plus silencieux et des performances am\u00e9lior\u00e9es. Elle dispose par ailleurs d&#8217;une backplate en m\u00e9tal pour assurer une meilleure rigidit\u00e9 et une meilleure dissipation thermique.<\/p>\n<\/div>\n<\/section>\n<section>\n<div class=\"desc-text\">\n<h2>Architecture Amp\u00e8re<\/h2>\n<p>Gr\u00e2ce aux am\u00e9liorations apport\u00e9es par la nouvelle architecture Amp\u00e8re, les cartes graphiques NVIDIA RTX de 2nd g\u00e9n\u00e9ration sont encore plus performantes que les cartes graphiques des g\u00e9n\u00e9rations pr\u00e9c\u00e9dentes. Les jeux vid\u00e9o PC sont plus beaux, plus immersifs et plus fluides que jamais. Les coeurs RT de 2nd g\u00e9n\u00e9ration offrent un rendement 2 fois sup\u00e9rieur \u00e0 celui des cartes de la g\u00e9n\u00e9ration pr\u00e9c\u00e9dente. Les coeurs Tensor de 3\u00e8me g\u00e9n\u00e9ration d\u00e9livrent jusqu&#8217;\u00e0 2 fois plus de rendement et les nouveaux multiprocesseur de flux un rendement FP32 multipli\u00e9 par 2 !<\/p>\n<\/div>\n<div class=\"desc-image\"><img decoding=\"async\" src=\"https:\/\/media.ldlc.com\/bo\/images\/fiches\/carte_graphique\/rtx\/nvidia_geforce_rtx_on_002.jpg\" alt=\"\" \/><\/div>\n<\/section>\n<section>\n<div class=\"desc-image\"><img decoding=\"async\" src=\"https:\/\/media.ldlc.com\/bo\/images\/fiches\/carte_graphique\/rtx\/nvidia_geforce_rtx_dlss_001.jpg\" alt=\"\" \/><\/div>\n<div class=\"desc-text\">\n<h2><\/h2>\n<h2>Fr\u00e9quence d&#8217;images maximale<\/h2>\n<p>Bas\u00e9 sur les capacit\u00e9s ph\u00e9nom\u00e9nales de l\u2019IA, le super-\u00e9chantillonnage par Deep Learning (DLSS) de NVIDIA est une technologie de rendu r\u00e9volutionnaire qui vous offre un tout nouveau niveau de fid\u00e9lit\u00e9 visuelle gr\u00e2ce aux processeurs Tensor Core d\u00e9di\u00e9s \u00e0 l\u2019IA des GPU GeForce RTX. Le DLSS met \u00e0 profit toute la puissance d\u2019un r\u00e9seau optimis\u00e9 de neurones profonds pour acc\u00e9l\u00e9rer les fr\u00e9quences d\u2019images tout en g\u00e9n\u00e9rant des visuels \u00e9poustouflants d\u2019une nettet\u00e9 incomparable. Ce gain de performance significatif permet aux joueurs du monde entier de maximiser les param\u00e8tres du ray tracing et d\u2019augmenter les r\u00e9solutions de sortie.<\/p>\n<\/div>\n<\/section>\n<section>\n<div class=\"desc-text\">\n<h2>Streamez\u00a0comme un pro<\/h2>\n<p>Volez la vedette aux meilleurs streameurs en diffusant vos parties avec des graphismes sublimes et un rendu fluide. L\u2019encodage et le d\u00e9codage mat\u00e9riel de nouvelle g\u00e9n\u00e9ration vous permettent d\u2019immortaliser vos meilleurs moments avec un niveau de d\u00e9tails incomparable. La toute nouvelle application NVIDIA Broadcast fait passer vos livestreams au niveau sup\u00e9rieur avec de puissantes capacit\u00e9s d\u2019IA qui am\u00e9liorent la qualit\u00e9 de l\u2019audio et de la vid\u00e9o avec des effets avanc\u00e9s comme un arri\u00e8re-plan virtuel, un recadrage automatique de la webcam et la suppression des bruits parasites li\u00e9s au micro. Les GPU GeForce RTX s\u00e9rie 30 vous fournissent les performances graphiques et la qualit\u00e9 d\u2019image requises pour vous pr\u00e9senter \u00e0 votre public sous votre meilleur jour, syst\u00e9matiquement.<\/p>\n<\/div>\n<div class=\"desc-image\"><img decoding=\"async\" src=\"https:\/\/media.ldlc.com\/bo\/images\/fiches\/carte_graphique\/rtx\/nvidia_geforce_rtx_stream_001.jpg\" alt=\"\" \/><\/div>\n<\/section>\n<\/div>\n<\/div>\n","protected":false},"excerpt":{"rendered":"<p><strong>12 GB GDDR6 &#8211; HDMI\/Tri DisplayPort &#8211; PCI Express (NVIDIA GeForce RTX 3060)<\/strong><\/p>\n<section>Avec le\u00a0<strong>mod\u00e8le GeForce RTX 3060<\/strong>,\u00a0<strong>NVIDIA\u00a0<\/strong>rend encore plus accessibles les performances de haute vol\u00e9e propos\u00e9es par les cartes graphiques Amp\u00e8re. Des graphismes sublim\u00e9s, une fluidit\u00e9 remarquable et un r\u00e9alisme incroyable vous permettront de profiter au mieux des jeux PC les plus r\u00e9cents. Il ne vous reste plus qu&#8217;\u00e0 plonger au coeur de l&#8217;action et \u00e0 vous immerger totalement dans la partie.<\/section>\n<section>\n<div class=\"desc-image\"><\/div>\n<\/section>\n","protected":false},"featured_media":0,"template":"","meta":{"_acf_changed":false},"pwb-brand":[],"product_brand":[145],"product_cat":[24,17,26],"product_tag":[],"pcb_component_type":[],"class_list":{"0":"post-10006","1":"product","2":"type-product","3":"status-publish","5":"product_brand-zotac","6":"product_cat-cartes-graphiques","7":"product_cat-composants-gaming","8":"product_cat-nvidia","10":"first","11":"outofstock","12":"shipping-taxable","13":"product-type-simple"},"translation":{"provider":"WPGlobus","version":"3.0.2","language":"ru","enabled_languages":["en","es","de","fr","ru"],"languages":{"en":{"title":true,"content":true,"excerpt":true},"es":{"title":false,"content":false,"excerpt":false},"de":{"title":false,"content":false,"excerpt":false},"fr":{"title":false,"content":false,"excerpt":false},"ru":{"title":false,"content":false,"excerpt":false}}},"acf":[],"yoast_head":"<!-- This site is optimized with the Yoast SEO plugin v27.2 - https:\/\/yoast.com\/product\/yoast-seo-wordpress\/ -->\n<title>ZOTAC GeForce RTX 3060 12GB Twin Edge - Osaka<\/title>\n<meta name=\"robots\" content=\"index, follow, max-snippet:-1, max-image-preview:large, max-video-preview:-1\" \/>\n<link rel=\"canonical\" href=\"https:\/\/osaka.ma\/fr\/product\/zotac-geforce-rtx-3060-12gb-twin-edge\/\" \/>\n<meta property=\"og:locale\" content=\"ru_RU\" \/>\n<meta property=\"og:type\" content=\"article\" \/>\n<meta property=\"og:title\" content=\"ZOTAC GeForce RTX 3060 12GB Twin Edge - Osaka\" \/>\n<meta property=\"og:url\" content=\"https:\/\/osaka.ma\/fr\/product\/zotac-geforce-rtx-3060-12gb-twin-edge\/\" \/>\n<meta property=\"og:site_name\" content=\"Osaka\" \/>\n<meta property=\"article:modified_time\" content=\"2025-04-12T12:00:23+00:00\" \/>\n<meta property=\"og:image\" content=\"https:\/\/media.ldlc.com\/v3\/marque\/190\/C000034387.gif\" \/>\n<meta name=\"twitter:card\" content=\"summary_large_image\" \/>\n<meta name=\"twitter:label1\" content=\"Est. reading time\" \/>\n\t<meta name=\"twitter:data1\" content=\"4 minutes\" \/>\n<script type=\"application\/ld+json\" class=\"yoast-schema-graph\">{\"@context\":\"https:\/\/schema.org\",\"@graph\":[{\"@type\":\"WebPage\",\"@id\":\"https:\/\/osaka.ma\/fr\/product\/zotac-geforce-rtx-3060-12gb-twin-edge\/\",\"url\":\"https:\/\/osaka.ma\/fr\/product\/zotac-geforce-rtx-3060-12gb-twin-edge\/\",\"name\":\"ZOTAC GeForce RTX 3060 12GB Twin Edge - Osaka\",\"isPartOf\":{\"@id\":\"https:\/\/osaka.ma\/#website\"},\"primaryImageOfPage\":{\"@id\":\"https:\/\/osaka.ma\/fr\/product\/zotac-geforce-rtx-3060-12gb-twin-edge\/#primaryimage\"},\"image\":{\"@id\":\"https:\/\/osaka.ma\/fr\/product\/zotac-geforce-rtx-3060-12gb-twin-edge\/#primaryimage\"},\"thumbnailUrl\":\"https:\/\/media.ldlc.com\/v3\/marque\/190\/C000034387.gif\",\"datePublished\":\"2024-08-05T12:04:47+00:00\",\"dateModified\":\"2025-04-12T12:00:23+00:00\",\"breadcrumb\":{\"@id\":\"https:\/\/osaka.ma\/fr\/product\/zotac-geforce-rtx-3060-12gb-twin-edge\/#breadcrumb\"},\"inLanguage\":\"ru-RU\",\"potentialAction\":[{\"@type\":\"ReadAction\",\"target\":[\"https:\/\/osaka.ma\/fr\/product\/zotac-geforce-rtx-3060-12gb-twin-edge\/\"]}]},{\"@type\":\"ImageObject\",\"inLanguage\":\"ru-RU\",\"@id\":\"https:\/\/osaka.ma\/fr\/product\/zotac-geforce-rtx-3060-12gb-twin-edge\/#primaryimage\",\"url\":\"https:\/\/media.ldlc.com\/v3\/marque\/190\/C000034387.gif\",\"contentUrl\":\"https:\/\/media.ldlc.com\/v3\/marque\/190\/C000034387.gif\"},{\"@type\":\"BreadcrumbList\",\"@id\":\"https:\/\/osaka.ma\/fr\/product\/zotac-geforce-rtx-3060-12gb-twin-edge\/#breadcrumb\",\"itemListElement\":[{\"@type\":\"ListItem\",\"position\":1,\"name\":\"Home\",\"item\":\"https:\/\/osaka.ma\/\"},{\"@type\":\"ListItem\",\"position\":2,\"name\":\"Shop\",\"item\":\"https:\/\/osaka.ma\/shop-2\/\"},{\"@type\":\"ListItem\",\"position\":3,\"name\":\"ZOTAC GeForce RTX 3060 12GB Twin Edge\"}]},{\"@type\":\"WebSite\",\"@id\":\"https:\/\/osaka.ma\/#website\",\"url\":\"https:\/\/osaka.ma\/\",\"name\":\"Osaka\",\"description\":\"\",\"publisher\":{\"@id\":\"https:\/\/osaka.ma\/#organization\"},\"potentialAction\":[{\"@type\":\"SearchAction\",\"target\":{\"@type\":\"EntryPoint\",\"urlTemplate\":\"https:\/\/osaka.ma\/?s={search_term_string}\"},\"query-input\":{\"@type\":\"PropertyValueSpecification\",\"valueRequired\":true,\"valueName\":\"search_term_string\"}}],\"inLanguage\":\"ru-RU\"},{\"@type\":\"Organization\",\"@id\":\"https:\/\/osaka.ma\/#organization\",\"name\":\"Osaka\",\"url\":\"https:\/\/osaka.ma\/\",\"logo\":{\"@type\":\"ImageObject\",\"inLanguage\":\"ru-RU\",\"@id\":\"https:\/\/osaka.ma\/#\/schema\/logo\/image\/\",\"url\":\"https:\/\/osaka.ma\/wp-content\/uploads\/2026\/01\/model-slogan-logo-2Plan-de-travail-1dksl-plus-finnn.png\",\"contentUrl\":\"https:\/\/osaka.ma\/wp-content\/uploads\/2026\/01\/model-slogan-logo-2Plan-de-travail-1dksl-plus-finnn.png\",\"width\":842,\"height\":226,\"caption\":\"Osaka\"},\"image\":{\"@id\":\"https:\/\/osaka.ma\/#\/schema\/logo\/image\/\"}}]}<\/script>\n<!-- \/ Yoast SEO plugin. -->","yoast_head_json":{"title":"ZOTAC GeForce RTX 3060 12GB Twin Edge - Osaka","robots":{"index":"index","follow":"follow","max-snippet":"max-snippet:-1","max-image-preview":"max-image-preview:large","max-video-preview":"max-video-preview:-1"},"canonical":"https:\/\/osaka.ma\/fr\/product\/zotac-geforce-rtx-3060-12gb-twin-edge\/","og_locale":"ru_RU","og_type":"article","og_title":"ZOTAC GeForce RTX 3060 12GB Twin Edge - Osaka","og_url":"https:\/\/osaka.ma\/fr\/product\/zotac-geforce-rtx-3060-12gb-twin-edge\/","og_site_name":"Osaka","article_modified_time":"2025-04-12T12:00:23+00:00","og_image":[{"url":"https:\/\/media.ldlc.com\/v3\/marque\/190\/C000034387.gif","type":"","width":"","height":""}],"twitter_card":"summary_large_image","twitter_misc":{"Est. reading time":"4 minutes"},"schema":{"@context":"https:\/\/schema.org","@graph":[{"@type":"WebPage","@id":"https:\/\/osaka.ma\/fr\/product\/zotac-geforce-rtx-3060-12gb-twin-edge\/","url":"https:\/\/osaka.ma\/fr\/product\/zotac-geforce-rtx-3060-12gb-twin-edge\/","name":"ZOTAC GeForce RTX 3060 12GB Twin Edge - Osaka","isPartOf":{"@id":"https:\/\/osaka.ma\/#website"},"primaryImageOfPage":{"@id":"https:\/\/osaka.ma\/fr\/product\/zotac-geforce-rtx-3060-12gb-twin-edge\/#primaryimage"},"image":{"@id":"https:\/\/osaka.ma\/fr\/product\/zotac-geforce-rtx-3060-12gb-twin-edge\/#primaryimage"},"thumbnailUrl":"https:\/\/media.ldlc.com\/v3\/marque\/190\/C000034387.gif","datePublished":"2024-08-05T12:04:47+00:00","dateModified":"2025-04-12T12:00:23+00:00","breadcrumb":{"@id":"https:\/\/osaka.ma\/fr\/product\/zotac-geforce-rtx-3060-12gb-twin-edge\/#breadcrumb"},"inLanguage":"ru-RU","potentialAction":[{"@type":"ReadAction","target":["https:\/\/osaka.ma\/fr\/product\/zotac-geforce-rtx-3060-12gb-twin-edge\/"]}]},{"@type":"ImageObject","inLanguage":"ru-RU","@id":"https:\/\/osaka.ma\/fr\/product\/zotac-geforce-rtx-3060-12gb-twin-edge\/#primaryimage","url":"https:\/\/media.ldlc.com\/v3\/marque\/190\/C000034387.gif","contentUrl":"https:\/\/media.ldlc.com\/v3\/marque\/190\/C000034387.gif"},{"@type":"BreadcrumbList","@id":"https:\/\/osaka.ma\/fr\/product\/zotac-geforce-rtx-3060-12gb-twin-edge\/#breadcrumb","itemListElement":[{"@type":"ListItem","position":1,"name":"Home","item":"https:\/\/osaka.ma\/"},{"@type":"ListItem","position":2,"name":"Shop","item":"https:\/\/osaka.ma\/shop-2\/"},{"@type":"ListItem","position":3,"name":"ZOTAC GeForce RTX 3060 12GB Twin Edge"}]},{"@type":"WebSite","@id":"https:\/\/osaka.ma\/#website","url":"https:\/\/osaka.ma\/","name":"Osaka","description":"","publisher":{"@id":"https:\/\/osaka.ma\/#organization"},"potentialAction":[{"@type":"SearchAction","target":{"@type":"EntryPoint","urlTemplate":"https:\/\/osaka.ma\/?s={search_term_string}"},"query-input":{"@type":"PropertyValueSpecification","valueRequired":true,"valueName":"search_term_string"}}],"inLanguage":"ru-RU"},{"@type":"Organization","@id":"https:\/\/osaka.ma\/#organization","name":"Osaka","url":"https:\/\/osaka.ma\/","logo":{"@type":"ImageObject","inLanguage":"ru-RU","@id":"https:\/\/osaka.ma\/#\/schema\/logo\/image\/","url":"https:\/\/osaka.ma\/wp-content\/uploads\/2026\/01\/model-slogan-logo-2Plan-de-travail-1dksl-plus-finnn.png","contentUrl":"https:\/\/osaka.ma\/wp-content\/uploads\/2026\/01\/model-slogan-logo-2Plan-de-travail-1dksl-plus-finnn.png","width":842,"height":226,"caption":"Osaka"},"image":{"@id":"https:\/\/osaka.ma\/#\/schema\/logo\/image\/"}}]}},"jetpack_sharing_enabled":true,"brands":[],"_links":{"self":[{"href":"https:\/\/osaka.ma\/ru\/wp-json\/wp\/v2\/product\/10006","targetHints":{"allow":["GET"]}}],"collection":[{"href":"https:\/\/osaka.ma\/ru\/wp-json\/wp\/v2\/product"}],"about":[{"href":"https:\/\/osaka.ma\/ru\/wp-json\/wp\/v2\/types\/product"}],"version-history":[{"count":0,"href":"https:\/\/osaka.ma\/ru\/wp-json\/wp\/v2\/product\/10006\/revisions"}],"wp:attachment":[{"href":"https:\/\/osaka.ma\/ru\/wp-json\/wp\/v2\/media?parent=10006"}],"wp:term":[{"taxonomy":"pwb-brand","embeddable":true,"href":"https:\/\/osaka.ma\/ru\/wp-json\/wp\/v2\/pwb-brand?post=10006"},{"taxonomy":"product_brand","embeddable":true,"href":"https:\/\/osaka.ma\/ru\/wp-json\/wp\/v2\/product_brand?post=10006"},{"taxonomy":"product_cat","embeddable":true,"href":"https:\/\/osaka.ma\/ru\/wp-json\/wp\/v2\/product_cat?post=10006"},{"taxonomy":"product_tag","embeddable":true,"href":"https:\/\/osaka.ma\/ru\/wp-json\/wp\/v2\/product_tag?post=10006"},{"taxonomy":"pcb_component_type","embeddable":true,"href":"https:\/\/osaka.ma\/ru\/wp-json\/wp\/v2\/pcb_component_type?post=10006"}],"curies":[{"name":"wp","href":"https:\/\/api.w.org\/{rel}","templated":true}]}}