{"id":10050,"date":"2024-08-05T16:43:00","date_gmt":"2024-08-05T16:43:00","guid":{"rendered":"https:\/\/osaka.ma\/?post_type=product&#038;p=10050"},"modified":"2024-12-18T15:36:17","modified_gmt":"2024-12-18T15:36:17","slug":"razer-blade-16-i9-14900hs-16gb-1tb-ssd-rtx-4070-8gb-16-qhd-240hz","status":"publish","type":"product","link":"https:\/\/osaka.ma\/ru\/product\/razer-blade-16-i9-14900hs-16gb-1tb-ssd-rtx-4070-8gb-16-qhd-240hz\/","title":{"rendered":"RAZER BLADE 16 i9-14900HX\/ 16GB\/ 1TB SSD\/ RTX 4070 8GB\/ 16&#8243; QHD+ OLED 240Hz"},"content":{"rendered":"<div class=\"logo\"><img decoding=\"async\" class=\"aligncenter\" src=\"https:\/\/media.ldlc.com\/v3\/marque\/bo\/00\/05\/97\/25\/V30005972551.png\" alt=\"Razer\" \/><\/div>\n<div id=\"description\" class=\"description\">\n<div class=\"details-pdt-desc\">\n<h2><\/h2>\n<h2 class=\"h2-master\">Puissance et vitesse<\/h2>\n<section>Gagnez en puissance, en confort et en mobilit\u00e9 avec le\u00a0<strong>Razer Blade 16<\/strong> avec processeur Intel de 13e g\u00e9n\u00e9ration ! Ce PC portable Gamer offre de hautes performances de jeu et offre un excellent confort d&#8217;utilisation avec son \u00e9cran <strong>QHD+ 240 Hz<\/strong> et son clavier r\u00e9tro\u00e9clair\u00e9 Razer Chroma ! Le Razer Blade 16 offre performance et rapidit\u00e9 gr\u00e2ce \u00e0 son <strong>processeur Intel Core i9-13950HX<\/strong>, ses 16Go de m\u00e9moire DDR5, son <strong>SSD M.2 PCIe de 1 TB <\/strong>et sa puce graphique\u00a0<strong>NVIDIA GeForce RTX 4070 Laptop <\/strong>avec 8 GB de m\u00e9moire GDDR6.<\/section>\n<section>\n<div class=\"desc-image\"><img decoding=\"async\" src=\"https:\/\/media.ldlc.com\/bo\/images\/fiches\/pc_portables\/razer\/blade_16\/801.jpg\" alt=\"\" \/><\/div>\n<div class=\"desc-text\">\n<h2><\/h2>\n<h2>\u00e9cran QHD+ avec fr\u00e9quence de 240 Hz<\/h2>\n<p>Le Razer Blade 16 offre de hautes performances d&#8217;affichage et un grand confort visuel. Son \u00e9cran \u00e0 cadre mince optimise le confort et l&#8217;immersion. Avec une r\u00e9solution QHD+ et une fr\u00e9quence d&#8217;affichage \u00e0 240 Hz, il offre une image riche en d\u00e9tails et surtout ultra-fluide ! Par ailleurs, l&#8217;\u00e9cran b\u00e9n\u00e9ficie d&#8217;un calibrage d&#8217;usine avec prise en charge de 100% des couleurs DCI-P3. Profitez ainsi de couleurs particuli\u00e8rement fid\u00e8les ! L&#8217;\u00e9cran prend \u00e9galement en charge la technologie\u00a0<strong>NVIDIA G-SYNC<\/strong>, pour affichage fluide et sans d\u00e9chirures.<\/p>\n<\/div>\n<\/section>\n<section>\n<div class=\"desc-text\">\n<h2>Performance et finesse<\/h2>\n<p>Malgr\u00e9 ses dimensions compactes et son poids l\u00e9ger, le PC portable Razer Blade 16 offre de hautes performances de jeu gr\u00e2ce \u00e0 ses composants ultra-performants. Equip\u00e9 notamment d&#8217;un\u00a0<strong>processeur &#8220;Desktop&#8221; Intel Core i9 HX de 14e g\u00e9n\u00e9ration<\/strong>\u00a0et d&#8217;une puce graphique NVIDIA GeForce RTX S\u00e9rie 4000, ce PC portable Razer offre de hautes performances de jeu. Construits avec l\u2019architecture NVIDIA Ada Lovelace extr\u00eamement efficace, ces processeurs graphiques r\u00e9volutionnent les performances avec le DLSS 3 aliment\u00e9 par IA et permettent de cr\u00e9er des mondes virtuels r\u00e9alistes gr\u00e2ce au full ray-tracing. En plus, la suite de technologies Max-Q optimise les performances du syst\u00e8me, la consommation, l\u2019autonomie de la batterie et le niveau acoustique, pour une efficacit\u00e9 maximale.<\/p>\n<p>&nbsp;<\/p>\n<\/div>\n<div class=\"desc-image\"><img decoding=\"async\" src=\"https:\/\/media.ldlc.com\/bo\/images\/fiches\/pc_portables\/razer\/blade_16\/802.jpg\" alt=\"\" \/><\/div>\n<\/section>\n<section>\n<div class=\"desc-image\"><img decoding=\"async\" src=\"https:\/\/media.ldlc.com\/bo\/images\/fiches\/pc_portables\/razer\/blade_16\/803.jpg\" alt=\"\" \/><\/div>\n<div class=\"desc-text\">\n<h2><\/h2>\n<h2>Syst\u00e8me de refroidissement performant<\/h2>\n<p>Con\u00e7u avec des mat\u00e9riaux thermiques de pointe, le syst\u00e8me de refroidissement par chambre \u00e0 vapeur, dissipe silencieusement et efficacement la chaleur gr\u00e2ce \u00e0 l\u2019\u00e9vaporation et \u00e0 la condensation d&#8217;un fluide interne. Une caract\u00e9ristique qui donne au Razer Blade 16 une forme compacte et davantage de puissance. Le syst\u00e8me exploite au maximum ses bloqueurs thermiques de nanoparticules et ses composants de qualit\u00e9 serveur pour tirer le meilleur parti de chaque FPS.<\/p>\n<\/div>\n<\/section>\n<section class=\"list\">\n<h2>Caract\u00e9ristiques principales :<\/h2>\n<ul>\n<li>Conception haut de gamme monobloc en aluminium anodis\u00e9<\/li>\n<li><strong>Processeur Intel Core i9-14900HX<\/strong> (8 Performance-Cores 5.8 GHz Turbo + 16 Efficient-Cores 4.1 GHz Turbo &#8211; 32 Threads &#8211; Cache 36 MB Intel Smart Cache )<\/li>\n<li>\u00c9cran de 16 pouces avec\u00a0<strong>r\u00e9solution QHD+<\/strong>, temps de r\u00e9ponse de 3 ms et\u00a0<strong>fr\u00e9quence de 240 Hz<\/strong><\/li>\n<li><strong>16 GB<\/strong> de m\u00e9moire vive <strong>DDR5 5600 MHz<\/strong> (2 slots avec maximum 64 Go au total)<\/li>\n<li>Puce graphique\u00a0<strong>NVIDIA GeForce RTX 4070 Laptop<\/strong> avec 8 GB de m\u00e9moire d\u00e9di\u00e9e<\/li>\n<li>1 connecteur HDMI 2.1 et un connecteur Thunderbolt 4 \/ USB-C avec Power Delivery 3 de 100W<\/li>\n<li><strong>SSD M.2 PCIe de 1 TB<\/strong>\u00a0+ slot libre pour un second SSD M.2 PCIe<\/li>\n<li><strong>Clavier Gamer anti-ghosting<\/strong>\u00a0avec\u00a0<strong>r\u00e9tro\u00e9clairage RGB touche par touche<\/strong>\u00a0et technologie\u00a0<strong>Razer Chroma<\/strong><\/li>\n<li>Communication sans fil Wi-Fi 6E + Bluetooth 5.3<\/li>\n<li>Webcam HD IR 1080p compatible Windows Hello<\/li>\n<li>4 haut-parleurs (2 tweeters et 2 sub) avec support de la technologie THX Spatial Audio<\/li>\n<li>Adaptateur secteur compact 330 Watts<\/li>\n<li>Windows 11<\/li>\n<li>Neuf<\/li>\n<\/ul>\n<\/section>\n<\/div>\n<\/div>\n","protected":false},"excerpt":{"rendered":"<h4>Caract\u00e9ristiques principales :<\/h4>\n<ul>\n<li>Conception haut de gamme monobloc en aluminium anodis\u00e9<\/li>\n<li><strong>Processeur Intel Core i9-14900HX<\/strong>\u00a0 jusqu&#8217;\u00e0 5.8 GHz Turbo<\/li>\n<li>\u00c9cran de 16 pouces avec\u00a0<strong>r\u00e9solution QHD+<\/strong>, temps de r\u00e9ponse de 3 ms et\u00a0<strong>fr\u00e9quence de 240 Hz<\/strong><\/li>\n<li><strong>16 GB<\/strong> de m\u00e9moire vive <strong>DDR5 5600 MHz<\/strong><\/li>\n<li>Puce graphique\u00a0<strong>NVIDIA GeForce RTX 4070 Laptop<\/strong> avec 8 GB de m\u00e9moire d\u00e9di\u00e9e<\/li>\n<li>1 connecteur HDMI 2.1 et un connecteur Thunderbolt 4 \/ USB-C avec Power Delivery 3 de 100W<\/li>\n<li><strong><strong>\u00a01 TB <\/strong>SSD M.2 PCIe 4<\/strong><\/li>\n<li><strong>Clavier Gamer anti-ghosting<\/strong>\u00a0avec\u00a0<strong>r\u00e9tro\u00e9clairage RGB touche par touche<\/strong>\u00a0et technologie\u00a0<strong>Razer Chroma<\/strong><\/li>\n<li>Communication sans fil Wi-Fi 6E + Bluetooth 5.3<\/li>\n<li>Webcam HD IR 1080p compatible Windows Hello<\/li>\n<li>4 haut-parleurs (2 tweeters et 2 sub) avec support de la technologie THX Spatial Audio<\/li>\n<li>Windows 11<\/li>\n<li>Neuf<\/li>\n<\/ul>\n","protected":false},"featured_media":0,"template":"","meta":{"_acf_changed":false},"pwb-brand":[],"product_brand":[],"product_cat":[122,121],"product_tag":[],"pcb_component_type":[],"class_list":{"0":"post-10050","1":"product","2":"type-product","3":"status-publish","5":"product_cat-gaming","6":"product_cat-pc-portable","8":"first","9":"outofstock","10":"shipping-taxable","11":"product-type-simple"},"translation":{"provider":"WPGlobus","version":"3.0.2","language":"ru","enabled_languages":["en","es","de","fr","ru"],"languages":{"en":{"title":true,"content":true,"excerpt":true},"es":{"title":false,"content":false,"excerpt":false},"de":{"title":false,"content":false,"excerpt":false},"fr":{"title":false,"content":false,"excerpt":false},"ru":{"title":false,"content":false,"excerpt":false}}},"acf":[],"yoast_head":"<!-- This site is optimized with the Yoast SEO plugin v27.2 - https:\/\/yoast.com\/product\/yoast-seo-wordpress\/ -->\n<title>RAZER BLADE 16 i9-14900HX\/ 16GB\/ 1TB SSD\/ RTX 4070 8GB\/ 16&quot; QHD+ OLED 240Hz - Osaka<\/title>\n<meta name=\"robots\" content=\"index, follow, max-snippet:-1, max-image-preview:large, max-video-preview:-1\" \/>\n<link rel=\"canonical\" href=\"https:\/\/osaka.ma\/es\/product\/razer-blade-16-i9-14900hs-16gb-1tb-ssd-rtx-4070-8gb-16-qhd-240hz\/\" \/>\n<meta property=\"og:locale\" content=\"ru_RU\" \/>\n<meta property=\"og:type\" content=\"article\" \/>\n<meta property=\"og:title\" content=\"RAZER BLADE 16 i9-14900HX\/ 16GB\/ 1TB SSD\/ RTX 4070 8GB\/ 16&quot; QHD+ OLED 240Hz - Osaka\" \/>\n<meta property=\"og:url\" content=\"https:\/\/osaka.ma\/es\/product\/razer-blade-16-i9-14900hs-16gb-1tb-ssd-rtx-4070-8gb-16-qhd-240hz\/\" \/>\n<meta property=\"og:site_name\" content=\"Osaka\" \/>\n<meta property=\"article:modified_time\" content=\"2024-12-18T15:36:17+00:00\" \/>\n<meta property=\"og:image\" content=\"https:\/\/media.ldlc.com\/v3\/marque\/bo\/00\/05\/97\/25\/V30005972551.png\" \/>\n<meta name=\"twitter:card\" content=\"summary_large_image\" \/>\n<meta name=\"twitter:label1\" content=\"Est. reading time\" \/>\n\t<meta name=\"twitter:data1\" content=\"4 minutes\" \/>\n<script type=\"application\/ld+json\" class=\"yoast-schema-graph\">{\"@context\":\"https:\/\/schema.org\",\"@graph\":[{\"@type\":\"WebPage\",\"@id\":\"https:\/\/osaka.ma\/es\/product\/razer-blade-16-i9-14900hs-16gb-1tb-ssd-rtx-4070-8gb-16-qhd-240hz\/\",\"url\":\"https:\/\/osaka.ma\/es\/product\/razer-blade-16-i9-14900hs-16gb-1tb-ssd-rtx-4070-8gb-16-qhd-240hz\/\",\"name\":\"RAZER BLADE 16 i9-14900HX\/ 16GB\/ 1TB SSD\/ RTX 4070 8GB\/ 16\\\" QHD+ OLED 240Hz - Osaka\",\"isPartOf\":{\"@id\":\"https:\/\/osaka.ma\/#website\"},\"primaryImageOfPage\":{\"@id\":\"https:\/\/osaka.ma\/es\/product\/razer-blade-16-i9-14900hs-16gb-1tb-ssd-rtx-4070-8gb-16-qhd-240hz\/#primaryimage\"},\"image\":{\"@id\":\"https:\/\/osaka.ma\/es\/product\/razer-blade-16-i9-14900hs-16gb-1tb-ssd-rtx-4070-8gb-16-qhd-240hz\/#primaryimage\"},\"thumbnailUrl\":\"https:\/\/media.ldlc.com\/v3\/marque\/bo\/00\/05\/97\/25\/V30005972551.png\",\"datePublished\":\"2024-08-05T16:43:00+00:00\",\"dateModified\":\"2024-12-18T15:36:17+00:00\",\"breadcrumb\":{\"@id\":\"https:\/\/osaka.ma\/es\/product\/razer-blade-16-i9-14900hs-16gb-1tb-ssd-rtx-4070-8gb-16-qhd-240hz\/#breadcrumb\"},\"inLanguage\":\"ru-RU\",\"potentialAction\":[{\"@type\":\"ReadAction\",\"target\":[\"https:\/\/osaka.ma\/es\/product\/razer-blade-16-i9-14900hs-16gb-1tb-ssd-rtx-4070-8gb-16-qhd-240hz\/\"]}]},{\"@type\":\"ImageObject\",\"inLanguage\":\"ru-RU\",\"@id\":\"https:\/\/osaka.ma\/es\/product\/razer-blade-16-i9-14900hs-16gb-1tb-ssd-rtx-4070-8gb-16-qhd-240hz\/#primaryimage\",\"url\":\"https:\/\/media.ldlc.com\/v3\/marque\/bo\/00\/05\/97\/25\/V30005972551.png\",\"contentUrl\":\"https:\/\/media.ldlc.com\/v3\/marque\/bo\/00\/05\/97\/25\/V30005972551.png\"},{\"@type\":\"BreadcrumbList\",\"@id\":\"https:\/\/osaka.ma\/es\/product\/razer-blade-16-i9-14900hs-16gb-1tb-ssd-rtx-4070-8gb-16-qhd-240hz\/#breadcrumb\",\"itemListElement\":[{\"@type\":\"ListItem\",\"position\":1,\"name\":\"Home\",\"item\":\"https:\/\/osaka.ma\/\"},{\"@type\":\"ListItem\",\"position\":2,\"name\":\"Shop\",\"item\":\"https:\/\/osaka.ma\/shop-2\/\"},{\"@type\":\"ListItem\",\"position\":3,\"name\":\"RAZER BLADE 16 i9-14900HX\/ 16GB\/ 1TB SSD\/ RTX 4070 8GB\/ 16&#8243; QHD+ OLED 240Hz\"}]},{\"@type\":\"WebSite\",\"@id\":\"https:\/\/osaka.ma\/#website\",\"url\":\"https:\/\/osaka.ma\/\",\"name\":\"Osaka\",\"description\":\"\",\"publisher\":{\"@id\":\"https:\/\/osaka.ma\/#organization\"},\"potentialAction\":[{\"@type\":\"SearchAction\",\"target\":{\"@type\":\"EntryPoint\",\"urlTemplate\":\"https:\/\/osaka.ma\/?s={search_term_string}\"},\"query-input\":{\"@type\":\"PropertyValueSpecification\",\"valueRequired\":true,\"valueName\":\"search_term_string\"}}],\"inLanguage\":\"ru-RU\"},{\"@type\":\"Organization\",\"@id\":\"https:\/\/osaka.ma\/#organization\",\"name\":\"Osaka\",\"url\":\"https:\/\/osaka.ma\/\",\"logo\":{\"@type\":\"ImageObject\",\"inLanguage\":\"ru-RU\",\"@id\":\"https:\/\/osaka.ma\/#\/schema\/logo\/image\/\",\"url\":\"https:\/\/osaka.ma\/wp-content\/uploads\/2026\/01\/model-slogan-logo-2Plan-de-travail-1dksl-plus-finnn.png\",\"contentUrl\":\"https:\/\/osaka.ma\/wp-content\/uploads\/2026\/01\/model-slogan-logo-2Plan-de-travail-1dksl-plus-finnn.png\",\"width\":842,\"height\":226,\"caption\":\"Osaka\"},\"image\":{\"@id\":\"https:\/\/osaka.ma\/#\/schema\/logo\/image\/\"}}]}<\/script>\n<!-- \/ Yoast SEO plugin. -->","yoast_head_json":{"title":"RAZER BLADE 16 i9-14900HX\/ 16GB\/ 1TB SSD\/ RTX 4070 8GB\/ 16\" QHD+ OLED 240Hz - Osaka","robots":{"index":"index","follow":"follow","max-snippet":"max-snippet:-1","max-image-preview":"max-image-preview:large","max-video-preview":"max-video-preview:-1"},"canonical":"https:\/\/osaka.ma\/es\/product\/razer-blade-16-i9-14900hs-16gb-1tb-ssd-rtx-4070-8gb-16-qhd-240hz\/","og_locale":"ru_RU","og_type":"article","og_title":"RAZER BLADE 16 i9-14900HX\/ 16GB\/ 1TB SSD\/ RTX 4070 8GB\/ 16\" QHD+ OLED 240Hz - Osaka","og_url":"https:\/\/osaka.ma\/es\/product\/razer-blade-16-i9-14900hs-16gb-1tb-ssd-rtx-4070-8gb-16-qhd-240hz\/","og_site_name":"Osaka","article_modified_time":"2024-12-18T15:36:17+00:00","og_image":[{"url":"https:\/\/media.ldlc.com\/v3\/marque\/bo\/00\/05\/97\/25\/V30005972551.png","type":"","width":"","height":""}],"twitter_card":"summary_large_image","twitter_misc":{"Est. reading time":"4 minutes"},"schema":{"@context":"https:\/\/schema.org","@graph":[{"@type":"WebPage","@id":"https:\/\/osaka.ma\/es\/product\/razer-blade-16-i9-14900hs-16gb-1tb-ssd-rtx-4070-8gb-16-qhd-240hz\/","url":"https:\/\/osaka.ma\/es\/product\/razer-blade-16-i9-14900hs-16gb-1tb-ssd-rtx-4070-8gb-16-qhd-240hz\/","name":"RAZER BLADE 16 i9-14900HX\/ 16GB\/ 1TB SSD\/ RTX 4070 8GB\/ 16\" QHD+ OLED 240Hz - Osaka","isPartOf":{"@id":"https:\/\/osaka.ma\/#website"},"primaryImageOfPage":{"@id":"https:\/\/osaka.ma\/es\/product\/razer-blade-16-i9-14900hs-16gb-1tb-ssd-rtx-4070-8gb-16-qhd-240hz\/#primaryimage"},"image":{"@id":"https:\/\/osaka.ma\/es\/product\/razer-blade-16-i9-14900hs-16gb-1tb-ssd-rtx-4070-8gb-16-qhd-240hz\/#primaryimage"},"thumbnailUrl":"https:\/\/media.ldlc.com\/v3\/marque\/bo\/00\/05\/97\/25\/V30005972551.png","datePublished":"2024-08-05T16:43:00+00:00","dateModified":"2024-12-18T15:36:17+00:00","breadcrumb":{"@id":"https:\/\/osaka.ma\/es\/product\/razer-blade-16-i9-14900hs-16gb-1tb-ssd-rtx-4070-8gb-16-qhd-240hz\/#breadcrumb"},"inLanguage":"ru-RU","potentialAction":[{"@type":"ReadAction","target":["https:\/\/osaka.ma\/es\/product\/razer-blade-16-i9-14900hs-16gb-1tb-ssd-rtx-4070-8gb-16-qhd-240hz\/"]}]},{"@type":"ImageObject","inLanguage":"ru-RU","@id":"https:\/\/osaka.ma\/es\/product\/razer-blade-16-i9-14900hs-16gb-1tb-ssd-rtx-4070-8gb-16-qhd-240hz\/#primaryimage","url":"https:\/\/media.ldlc.com\/v3\/marque\/bo\/00\/05\/97\/25\/V30005972551.png","contentUrl":"https:\/\/media.ldlc.com\/v3\/marque\/bo\/00\/05\/97\/25\/V30005972551.png"},{"@type":"BreadcrumbList","@id":"https:\/\/osaka.ma\/es\/product\/razer-blade-16-i9-14900hs-16gb-1tb-ssd-rtx-4070-8gb-16-qhd-240hz\/#breadcrumb","itemListElement":[{"@type":"ListItem","position":1,"name":"Home","item":"https:\/\/osaka.ma\/"},{"@type":"ListItem","position":2,"name":"Shop","item":"https:\/\/osaka.ma\/shop-2\/"},{"@type":"ListItem","position":3,"name":"RAZER BLADE 16 i9-14900HX\/ 16GB\/ 1TB SSD\/ RTX 4070 8GB\/ 16&#8243; QHD+ OLED 240Hz"}]},{"@type":"WebSite","@id":"https:\/\/osaka.ma\/#website","url":"https:\/\/osaka.ma\/","name":"Osaka","description":"","publisher":{"@id":"https:\/\/osaka.ma\/#organization"},"potentialAction":[{"@type":"SearchAction","target":{"@type":"EntryPoint","urlTemplate":"https:\/\/osaka.ma\/?s={search_term_string}"},"query-input":{"@type":"PropertyValueSpecification","valueRequired":true,"valueName":"search_term_string"}}],"inLanguage":"ru-RU"},{"@type":"Organization","@id":"https:\/\/osaka.ma\/#organization","name":"Osaka","url":"https:\/\/osaka.ma\/","logo":{"@type":"ImageObject","inLanguage":"ru-RU","@id":"https:\/\/osaka.ma\/#\/schema\/logo\/image\/","url":"https:\/\/osaka.ma\/wp-content\/uploads\/2026\/01\/model-slogan-logo-2Plan-de-travail-1dksl-plus-finnn.png","contentUrl":"https:\/\/osaka.ma\/wp-content\/uploads\/2026\/01\/model-slogan-logo-2Plan-de-travail-1dksl-plus-finnn.png","width":842,"height":226,"caption":"Osaka"},"image":{"@id":"https:\/\/osaka.ma\/#\/schema\/logo\/image\/"}}]}},"jetpack_sharing_enabled":true,"brands":[],"_links":{"self":[{"href":"https:\/\/osaka.ma\/ru\/wp-json\/wp\/v2\/product\/10050","targetHints":{"allow":["GET"]}}],"collection":[{"href":"https:\/\/osaka.ma\/ru\/wp-json\/wp\/v2\/product"}],"about":[{"href":"https:\/\/osaka.ma\/ru\/wp-json\/wp\/v2\/types\/product"}],"version-history":[{"count":0,"href":"https:\/\/osaka.ma\/ru\/wp-json\/wp\/v2\/product\/10050\/revisions"}],"wp:attachment":[{"href":"https:\/\/osaka.ma\/ru\/wp-json\/wp\/v2\/media?parent=10050"}],"wp:term":[{"taxonomy":"pwb-brand","embeddable":true,"href":"https:\/\/osaka.ma\/ru\/wp-json\/wp\/v2\/pwb-brand?post=10050"},{"taxonomy":"product_brand","embeddable":true,"href":"https:\/\/osaka.ma\/ru\/wp-json\/wp\/v2\/product_brand?post=10050"},{"taxonomy":"product_cat","embeddable":true,"href":"https:\/\/osaka.ma\/ru\/wp-json\/wp\/v2\/product_cat?post=10050"},{"taxonomy":"product_tag","embeddable":true,"href":"https:\/\/osaka.ma\/ru\/wp-json\/wp\/v2\/product_tag?post=10050"},{"taxonomy":"pcb_component_type","embeddable":true,"href":"https:\/\/osaka.ma\/ru\/wp-json\/wp\/v2\/pcb_component_type?post=10050"}],"curies":[{"name":"wp","href":"https:\/\/api.w.org\/{rel}","templated":true}]}}