{"id":10371,"date":"2024-09-10T17:02:26","date_gmt":"2024-09-10T17:02:26","guid":{"rendered":"https:\/\/osaka.ma\/?post_type=product&#038;p=10371"},"modified":"2024-12-18T15:36:19","modified_gmt":"2024-12-18T15:36:19","slug":"microsoft-xbox-elite-series-2","status":"publish","type":"product","link":"https:\/\/osaka.ma\/ru\/product\/microsoft-xbox-elite-series-2\/","title":{"rendered":"Microsoft Xbox Elite Series 2"},"content":{"rendered":"<p>Jouez comme un pro gr\u00e2ce \u00e0 la manette Microsoft Xbox Elite Series 2. Proposant de nouveaux sticks \u00e0 tension r\u00e9glable, des g\u00e2chettes ultra-sensibles, des composants interchangeables et une batterie rechargeable offrant jusqu&#8217;\u00e0 40 heures d&#8217;autonomie, elle vous permet d&#8217;exploiter tout votre potentiel.<\/p>\n<div class=\"logo\"><a href=\"https:\/\/www.ldlc.com\/microsoft\/bint000000220\/\" rel=\"nofollow noopener\" target=\"_blank\"><img decoding=\"async\" src=\"https:\/\/media.ldlc.com\/v3\/marque\/bo\/00\/02\/41\/31\/V30002413153_2.jpg\" alt=\"Microsoft\" \/><\/a><\/div>\n<div id=\"description\" class=\"description\">\n<div class=\"details-pdt-desc\">\n<h2 class=\"h2-master\">Con\u00e7ue pour gagner<\/h2>\n<section>Jouez comme un pro gr\u00e2ce \u00e0 la manette\u00a0<strong>Microsoft Xbox Elite Series 2<\/strong>. Proposant de nouveaux sticks \u00e0 tension r\u00e9glable, des g\u00e2chettes ultra-sensibles, des composants interchangeables et une batterie rechargeable offrant jusqu&#8217;\u00e0 40 heures d&#8217;autonomie, elle vous permet d&#8217;exploiter tout votre potentiel et s&#8217;adapte \u00e0 votre fa\u00e7on de jouer.<\/p>\n<\/section>\n<section>\n<div class=\"desc-image\"><img decoding=\"async\" src=\"https:\/\/media.ldlc.com\/bo\/images\/fiches\/joypad\/microsoft\/xbox_elite_series_2\/1.jpg\" alt=\"\" \/><\/div>\n<div class=\"desc-text\">\n<h2>Optimis\u00e9e rien que pour vous<\/h2>\n<p><strong>Am\u00e9liorez votre pr\u00e9cision, rapidit\u00e9 et maniabilit\u00e9<\/strong>\u00a0gr\u00e2ce \u00e0 la manette Microsoft Xbox Elite Series 2. En effet, elle vous offre\u00a0<strong>une personnalisation pouss\u00e9e<\/strong>\u00a0afin de convenir au mieux \u00e0 votre style de jeu gr\u00e2ce \u00e0\u00a0<strong>de nouveaux sticks<\/strong>\u00a0et\u00a0<strong>palettes interchangeables<\/strong>. Elle vous permet \u00e9galement d&#8217;enregistrer jusqu&#8217;\u00e0\u00a0<strong>4 profils<\/strong>\u00a0afin de basculer facilement et rapidement de l&#8217;un \u00e0 l&#8217;autre pour pallier \u00e0 toutes les situations. Gr\u00e2ce \u00e0 l&#8217;<strong>application disponible sur Xbox One et Windows 10<\/strong>, vous pouvez assigner une large gamme de commandes.<\/p>\n<p>La Microsoft Xbox Elite Series 2 est dot\u00e9e d&#8217;une batterie rechargeable afin de vous permettre de jouer\u00a0<strong>jusqu&#8217;\u00e0 40 heures<\/strong>\u00a0pour des parties endiabl\u00e9es sans compromis.<\/p>\n<\/div>\n<\/section>\n<section class=\"list\">\n<h2>Principales caract\u00e9ristiques :<\/h2>\n<ul>\n<li><strong>Manette pour Xbox One et PC<\/strong><\/li>\n<li>Personnalisation de niveau professionnel pour un usage comp\u00e9titif<\/li>\n<li><strong>G\u00e2chettes ultra-sensibles plus courtes pour tirer encore plus vite<\/strong><\/li>\n<li><strong>Sticks \u00e0 tension r\u00e9glable pour une vis\u00e9e am\u00e9lior\u00e9e<\/strong><\/li>\n<li>Poign\u00e9e en caoutchouc antid\u00e9rapant<\/li>\n<li>Comprend une prise jack de 3,5\u00a0mm pour casque st\u00e9r\u00e9o<\/li>\n<li><strong>Autonomie :<\/strong>\u00a0jusqu&#8217;\u00e0 40 heures<\/li>\n<li>Configuration requise pour l&#8217;Application Accessoires Xbox : Xbox\u00a0One et PC sous Windows\u00a010<\/li>\n<li><strong>Contenu\u00a0<\/strong>: manette sans fil Xbox Elite, \u00e9tui de rangement, 4 palettes, 6 sticks analogiques (standards, grands, larges), 2 BMD (facettes et standard), 1 c\u00e2ble USB-C, une station de chargement<\/li>\n<li>Etat : Comme Neuf<\/li>\n<\/ul>\n<\/section>\n<\/div>\n<\/div>\n","protected":false},"excerpt":{"rendered":"<h2>Principales caract\u00e9ristiques :<\/h2>\n<ul>\n<li><strong>Manette pour Xbox One et PC<\/strong><\/li>\n<li>Personnalisation de niveau professionnel pour un usage comp\u00e9titif<\/li>\n<li><strong>G\u00e2chettes ultra-sensibles plus courtes pour tirer encore plus vite<\/strong><\/li>\n<li><strong>Sticks \u00e0 tension r\u00e9glable pour une vis\u00e9e am\u00e9lior\u00e9e<\/strong><\/li>\n<li>Poign\u00e9e en caoutchouc antid\u00e9rapant<\/li>\n<li>Comprend une prise jack de 3,5\u00a0mm pour casque st\u00e9r\u00e9o<\/li>\n<li><strong>Autonomie :<\/strong>\u00a0jusqu&#8217;\u00e0 40 heures<\/li>\n<li>Configuration requise pour l&#8217;Application Accessoires Xbox : Xbox\u00a0One et PC sous Windows\u00a010<\/li>\n<li><strong>Contenu\u00a0<\/strong>: manette sans fil Xbox Elite, \u00e9tui de rangement, 4 palettes, 6 sticks analogiques (standards, grands, larges), 2 BMD (facettes et standard), 1 c\u00e2ble USB-C, une station de chargement<\/li>\n<li>Etat : Comme Neuf<\/li>\n<\/ul>\n","protected":false},"featured_media":1010372,"template":"","meta":{"_acf_changed":false},"pwb-brand":[],"product_brand":[],"product_cat":[31,51],"product_tag":[],"pcb_component_type":[],"class_list":{"0":"post-10371","1":"product","2":"type-product","3":"status-publish","4":"has-post-thumbnail","6":"product_cat-accessoires","7":"product_cat-manettes","9":"first","10":"outofstock","11":"shipping-taxable","12":"product-type-simple"},"translation":{"provider":"WPGlobus","version":"3.0.2","language":"ru","enabled_languages":["en","es","de","fr","ru"],"languages":{"en":{"title":true,"content":true,"excerpt":true},"es":{"title":false,"content":false,"excerpt":false},"de":{"title":false,"content":false,"excerpt":false},"fr":{"title":false,"content":false,"excerpt":false},"ru":{"title":false,"content":false,"excerpt":false}}},"acf":[],"yoast_head":"<!-- This site is optimized with the Yoast SEO plugin v27.2 - https:\/\/yoast.com\/product\/yoast-seo-wordpress\/ -->\n<title>Microsoft Xbox Elite Series 2 - Osaka<\/title>\n<meta name=\"robots\" content=\"index, follow, max-snippet:-1, max-image-preview:large, max-video-preview:-1\" \/>\n<link rel=\"canonical\" href=\"https:\/\/osaka.ma\/product\/microsoft-xbox-elite-series-2\/\" \/>\n<meta property=\"og:locale\" content=\"ru_RU\" \/>\n<meta property=\"og:type\" content=\"article\" \/>\n<meta property=\"og:title\" content=\"Microsoft Xbox Elite Series 2 - Osaka\" \/>\n<meta property=\"og:url\" content=\"https:\/\/osaka.ma\/product\/microsoft-xbox-elite-series-2\/\" \/>\n<meta property=\"og:site_name\" content=\"Osaka\" \/>\n<meta property=\"article:modified_time\" content=\"2024-12-18T15:36:19+00:00\" \/>\n<meta property=\"og:image\" content=\"https:\/\/osaka.ma\/wp-content\/uploads\/2024\/09\/Xbox-Elite-Series-2.jpg\" \/>\n\t<meta property=\"og:image:width\" content=\"1600\" \/>\n\t<meta property=\"og:image:height\" content=\"1600\" \/>\n\t<meta property=\"og:image:type\" content=\"image\/jpeg\" \/>\n<meta name=\"twitter:card\" content=\"summary_large_image\" \/>\n<meta name=\"twitter:label1\" content=\"Est. reading time\" \/>\n\t<meta name=\"twitter:data1\" content=\"2 minutes\" \/>\n<script type=\"application\/ld+json\" class=\"yoast-schema-graph\">{\"@context\":\"https:\/\/schema.org\",\"@graph\":[{\"@type\":\"WebPage\",\"@id\":\"https:\/\/osaka.ma\/product\/microsoft-xbox-elite-series-2\/\",\"url\":\"https:\/\/osaka.ma\/product\/microsoft-xbox-elite-series-2\/\",\"name\":\"Microsoft Xbox Elite Series 2 - Osaka\",\"isPartOf\":{\"@id\":\"https:\/\/osaka.ma\/#website\"},\"primaryImageOfPage\":{\"@id\":\"https:\/\/osaka.ma\/product\/microsoft-xbox-elite-series-2\/#primaryimage\"},\"image\":{\"@id\":\"https:\/\/osaka.ma\/product\/microsoft-xbox-elite-series-2\/#primaryimage\"},\"thumbnailUrl\":\"https:\/\/osaka.ma\/wp-content\/uploads\/2024\/09\/Xbox-Elite-Series-2.jpg\",\"datePublished\":\"2024-09-10T17:02:26+00:00\",\"dateModified\":\"2024-12-18T15:36:19+00:00\",\"breadcrumb\":{\"@id\":\"https:\/\/osaka.ma\/product\/microsoft-xbox-elite-series-2\/#breadcrumb\"},\"inLanguage\":\"ru-RU\",\"potentialAction\":[{\"@type\":\"ReadAction\",\"target\":[\"https:\/\/osaka.ma\/product\/microsoft-xbox-elite-series-2\/\"]}]},{\"@type\":\"ImageObject\",\"inLanguage\":\"ru-RU\",\"@id\":\"https:\/\/osaka.ma\/product\/microsoft-xbox-elite-series-2\/#primaryimage\",\"url\":\"https:\/\/osaka.ma\/wp-content\/uploads\/2024\/09\/Xbox-Elite-Series-2.jpg\",\"contentUrl\":\"https:\/\/osaka.ma\/wp-content\/uploads\/2024\/09\/Xbox-Elite-Series-2.jpg\",\"width\":1600,\"height\":1600},{\"@type\":\"BreadcrumbList\",\"@id\":\"https:\/\/osaka.ma\/product\/microsoft-xbox-elite-series-2\/#breadcrumb\",\"itemListElement\":[{\"@type\":\"ListItem\",\"position\":1,\"name\":\"Home\",\"item\":\"https:\/\/osaka.ma\/\"},{\"@type\":\"ListItem\",\"position\":2,\"name\":\"Shop\",\"item\":\"https:\/\/osaka.ma\/shop-2\/\"},{\"@type\":\"ListItem\",\"position\":3,\"name\":\"Microsoft Xbox Elite Series 2\"}]},{\"@type\":\"WebSite\",\"@id\":\"https:\/\/osaka.ma\/#website\",\"url\":\"https:\/\/osaka.ma\/\",\"name\":\"Osaka\",\"description\":\"\",\"publisher\":{\"@id\":\"https:\/\/osaka.ma\/#organization\"},\"potentialAction\":[{\"@type\":\"SearchAction\",\"target\":{\"@type\":\"EntryPoint\",\"urlTemplate\":\"https:\/\/osaka.ma\/?s={search_term_string}\"},\"query-input\":{\"@type\":\"PropertyValueSpecification\",\"valueRequired\":true,\"valueName\":\"search_term_string\"}}],\"inLanguage\":\"ru-RU\"},{\"@type\":\"Organization\",\"@id\":\"https:\/\/osaka.ma\/#organization\",\"name\":\"Osaka\",\"url\":\"https:\/\/osaka.ma\/\",\"logo\":{\"@type\":\"ImageObject\",\"inLanguage\":\"ru-RU\",\"@id\":\"https:\/\/osaka.ma\/#\/schema\/logo\/image\/\",\"url\":\"https:\/\/osaka.ma\/wp-content\/uploads\/2026\/01\/model-slogan-logo-2Plan-de-travail-1dksl-plus-finnn.png\",\"contentUrl\":\"https:\/\/osaka.ma\/wp-content\/uploads\/2026\/01\/model-slogan-logo-2Plan-de-travail-1dksl-plus-finnn.png\",\"width\":842,\"height\":226,\"caption\":\"Osaka\"},\"image\":{\"@id\":\"https:\/\/osaka.ma\/#\/schema\/logo\/image\/\"}}]}<\/script>\n<!-- \/ Yoast SEO plugin. -->","yoast_head_json":{"title":"Microsoft Xbox Elite Series 2 - Osaka","robots":{"index":"index","follow":"follow","max-snippet":"max-snippet:-1","max-image-preview":"max-image-preview:large","max-video-preview":"max-video-preview:-1"},"canonical":"https:\/\/osaka.ma\/product\/microsoft-xbox-elite-series-2\/","og_locale":"ru_RU","og_type":"article","og_title":"Microsoft Xbox Elite Series 2 - Osaka","og_url":"https:\/\/osaka.ma\/product\/microsoft-xbox-elite-series-2\/","og_site_name":"Osaka","article_modified_time":"2024-12-18T15:36:19+00:00","og_image":[{"width":1600,"height":1600,"url":"https:\/\/osaka.ma\/wp-content\/uploads\/2024\/09\/Xbox-Elite-Series-2.jpg","type":"image\/jpeg"}],"twitter_card":"summary_large_image","twitter_misc":{"Est. reading time":"2 minutes"},"schema":{"@context":"https:\/\/schema.org","@graph":[{"@type":"WebPage","@id":"https:\/\/osaka.ma\/product\/microsoft-xbox-elite-series-2\/","url":"https:\/\/osaka.ma\/product\/microsoft-xbox-elite-series-2\/","name":"Microsoft Xbox Elite Series 2 - Osaka","isPartOf":{"@id":"https:\/\/osaka.ma\/#website"},"primaryImageOfPage":{"@id":"https:\/\/osaka.ma\/product\/microsoft-xbox-elite-series-2\/#primaryimage"},"image":{"@id":"https:\/\/osaka.ma\/product\/microsoft-xbox-elite-series-2\/#primaryimage"},"thumbnailUrl":"https:\/\/osaka.ma\/wp-content\/uploads\/2024\/09\/Xbox-Elite-Series-2.jpg","datePublished":"2024-09-10T17:02:26+00:00","dateModified":"2024-12-18T15:36:19+00:00","breadcrumb":{"@id":"https:\/\/osaka.ma\/product\/microsoft-xbox-elite-series-2\/#breadcrumb"},"inLanguage":"ru-RU","potentialAction":[{"@type":"ReadAction","target":["https:\/\/osaka.ma\/product\/microsoft-xbox-elite-series-2\/"]}]},{"@type":"ImageObject","inLanguage":"ru-RU","@id":"https:\/\/osaka.ma\/product\/microsoft-xbox-elite-series-2\/#primaryimage","url":"https:\/\/osaka.ma\/wp-content\/uploads\/2024\/09\/Xbox-Elite-Series-2.jpg","contentUrl":"https:\/\/osaka.ma\/wp-content\/uploads\/2024\/09\/Xbox-Elite-Series-2.jpg","width":1600,"height":1600},{"@type":"BreadcrumbList","@id":"https:\/\/osaka.ma\/product\/microsoft-xbox-elite-series-2\/#breadcrumb","itemListElement":[{"@type":"ListItem","position":1,"name":"Home","item":"https:\/\/osaka.ma\/"},{"@type":"ListItem","position":2,"name":"Shop","item":"https:\/\/osaka.ma\/shop-2\/"},{"@type":"ListItem","position":3,"name":"Microsoft Xbox Elite Series 2"}]},{"@type":"WebSite","@id":"https:\/\/osaka.ma\/#website","url":"https:\/\/osaka.ma\/","name":"Osaka","description":"","publisher":{"@id":"https:\/\/osaka.ma\/#organization"},"potentialAction":[{"@type":"SearchAction","target":{"@type":"EntryPoint","urlTemplate":"https:\/\/osaka.ma\/?s={search_term_string}"},"query-input":{"@type":"PropertyValueSpecification","valueRequired":true,"valueName":"search_term_string"}}],"inLanguage":"ru-RU"},{"@type":"Organization","@id":"https:\/\/osaka.ma\/#organization","name":"Osaka","url":"https:\/\/osaka.ma\/","logo":{"@type":"ImageObject","inLanguage":"ru-RU","@id":"https:\/\/osaka.ma\/#\/schema\/logo\/image\/","url":"https:\/\/osaka.ma\/wp-content\/uploads\/2026\/01\/model-slogan-logo-2Plan-de-travail-1dksl-plus-finnn.png","contentUrl":"https:\/\/osaka.ma\/wp-content\/uploads\/2026\/01\/model-slogan-logo-2Plan-de-travail-1dksl-plus-finnn.png","width":842,"height":226,"caption":"Osaka"},"image":{"@id":"https:\/\/osaka.ma\/#\/schema\/logo\/image\/"}}]}},"jetpack_sharing_enabled":true,"brands":[],"_links":{"self":[{"href":"https:\/\/osaka.ma\/ru\/wp-json\/wp\/v2\/product\/10371","targetHints":{"allow":["GET"]}}],"collection":[{"href":"https:\/\/osaka.ma\/ru\/wp-json\/wp\/v2\/product"}],"about":[{"href":"https:\/\/osaka.ma\/ru\/wp-json\/wp\/v2\/types\/product"}],"version-history":[{"count":0,"href":"https:\/\/osaka.ma\/ru\/wp-json\/wp\/v2\/product\/10371\/revisions"}],"wp:featuredmedia":[{"embeddable":true,"href":"https:\/\/osaka.ma\/ru\/wp-json\/wp\/v2\/media\/1010372"}],"wp:attachment":[{"href":"https:\/\/osaka.ma\/ru\/wp-json\/wp\/v2\/media?parent=10371"}],"wp:term":[{"taxonomy":"pwb-brand","embeddable":true,"href":"https:\/\/osaka.ma\/ru\/wp-json\/wp\/v2\/pwb-brand?post=10371"},{"taxonomy":"product_brand","embeddable":true,"href":"https:\/\/osaka.ma\/ru\/wp-json\/wp\/v2\/product_brand?post=10371"},{"taxonomy":"product_cat","embeddable":true,"href":"https:\/\/osaka.ma\/ru\/wp-json\/wp\/v2\/product_cat?post=10371"},{"taxonomy":"product_tag","embeddable":true,"href":"https:\/\/osaka.ma\/ru\/wp-json\/wp\/v2\/product_tag?post=10371"},{"taxonomy":"pcb_component_type","embeddable":true,"href":"https:\/\/osaka.ma\/ru\/wp-json\/wp\/v2\/pcb_component_type?post=10371"}],"curies":[{"name":"wp","href":"https:\/\/api.w.org\/{rel}","templated":true}]}}